{"id":261446,"date":"2023-05-23T16:05:19","date_gmt":"2023-05-23T14:05:19","guid":{"rendered":"https:\/\/www.ferrovial.com\/?page_id=261446"},"modified":"2023-10-13T11:51:18","modified_gmt":"2023-10-13T09:51:18","slug":"conversion-de-temperatura","status":"publish","type":"page","link":"https:\/\/www.ferrovial.com\/es\/stem\/conversion-de-temperatura\/","title":{"rendered":"Conversi\u00f3n de temperatura"},"content":{"rendered":"    <m-final-content-header >\n            <c-breadcrumb label-text=\"Breadcrumb\" slot=\"breadcrumbs\" type='2' align='left' wrap='wrapped wrapped' aria-label='Vienes de STEM'>\n                        <ol>\n\n                                                            <li><a href=\"https:\/\/www.ferrovial.com\/es\/\" title=\"Ferrovial\">Ferrovial<\/a><\/li>\n                                                                        <li><a href=\"https:\/\/www.ferrovial.com\/es\/stem\/\" title=\"STEM\">STEM<\/a><\/li>\n                                    \n                <\/ol>\n\n                <\/c-breadcrumb>\n    \n        <div slot=\"header\">\n            <h1>\n                Conversi\u00f3n de temperatura            <\/h1>\n                    <\/div>\n    <\/m-final-content-header>\n\n    \n\n\n<m-wysiwig class=\"wp-block-components-wysiwyg\"><div slot=\"maincontent\">\n<h2 class=\"wp-block-heading\"><strong>\u00bfQu\u00e9 es la conversi\u00f3n de temperatura?<\/strong><\/h2>\n\n\n\n<script type=\"application\/ld+json\">\n{\n  \"@context\": \"https:\/\/schema.org\",\n  \"@type\": \"FAQPage\",\n  \"mainEntity\": [{\n    \"@type\": \"Question\",\n    \"name\": \"\u00bfQu\u00e9 es la conversi\u00f3n de temperatura?\",\n    \"acceptedAnswer\": {\n      \"@type\": \"Answer\",\n      \"text\": \"La conversi\u00f3n de temperatura se utiliza para llevar de una escala de temperatura a otra un dato de temperatura determinado.\"\n    }\n  },{\n    \"@type\": \"Question\",\n    \"name\": \"\u00bfPor qu\u00e9 hay distintas escalas de temperatura?\",\n    \"acceptedAnswer\": {\n      \"@type\": \"Answer\",\n      \"text\": \"Existen diferentes escalas porque hay diferentes maneras de medir y comparar el nivel de energ\u00eda t\u00e9rmica de un objeto o de una sustancia, lo que puede resultar \u00fatil en contextos diversos. La raz\u00f3n por la que existen distintas escalas de temperatura radica en el punto de partida y en el punto de observaci\u00f3n que se tiene del fen\u00f3meno. Los primeros intentos por medir la temperatura ocurrieron en sitios y momentos distintos de la historia, y sus avances se desarrollaron por v\u00edas separadas, por lo que es l\u00f3gico que no existiera unanimidad hasta que se hicieron esfuerzos de estandarizaci\u00f3n m\u00e1s globales.\"\n    }\n  },{\n    \"@type\": \"Question\",\n    \"name\": \"\u00bfQu\u00e9 escalas de temperatura existen?\",\n    \"acceptedAnswer\": {\n      \"@type\": \"Answer\",\n      \"text\": \"Las tres escalas de temperatura m\u00e1s usadas en la actualidad son Celsius (\u00baC), Fahrenheit (\u00baF) y Kelvin (K).\n<ul>\n<li>La escala Celsius est\u00e1 basada en los cambios de estado del agua. El punto de congelaci\u00f3n del agua se marca con 0 \u00baC y el punto de ebullici\u00f3n se mide como 100 \u00baC. Es la escala m\u00e1s utilizada en el mundo en entornos cotidianos. Se recoge en el Sistema Internacional de Unidades, por lo que se emplea en contextos cient\u00edficos, aunque en la mayor\u00eda de los casos se exige el uso de los grados Kelvin. Los grados Celsius son tambi\u00e9n llamados grados cent\u00edgrados en la cultura popular porque, desde sus or\u00edgenes, se entend\u00eda la escala como una divisi\u00f3n de cien partes de los dos momentos en los que el agua iba de la fusi\u00f3n a la ebullici\u00f3n, aunque el t\u00e9rmino cent\u00edgrados se desaconseja a partir de la publicaci\u00f3n de la Escala Internacional Pr\u00e1ctica de Temperatura.<\/li>\n<li>La escala Fahrenheit se public\u00f3 antes que la Celsius y, aunque tuvo gran \u00e9xito al principio por los term\u00f3metros de mercurio que su propio creador desarroll\u00f3, no logr\u00f3 extenderse de forma universal. Hoy en d\u00eda su uso se reduce a unos pocos pa\u00edses angloparlantes, entre los que destaca principalmente Estados Unidos. La ca\u00edda de su popularidad se debe, sobre todo, a que la escala Fahrenheit no se bas\u00f3 en puntos de referencia fijos de fen\u00f3menos de la naturaleza, sino en otros un tanto m\u00e1s arbitrarios: el punto m\u00e1s fr\u00edo que consigui\u00f3 recrear su inventor con una disoluci\u00f3n de hielo, agua y cloruro de amonio, que defini\u00f3 como el grado cero de su escala, y la temperatura corporal de su mujer, que entend\u00eda como la temperatura de una persona normal. Los intervalos entre el punto de congelaci\u00f3n (32 \u00baF) y ebullici\u00f3n del agua (212 \u00baF) en la escala se dividen en 180 grados.<\/li>\n<li>La escala Kelvin es la escala utilizada com\u00fanmente en f\u00edsica y qu\u00edmica. Es una escala absoluta; es decir, que su punto cero es el cero absoluto, o la temperatura te\u00f3rica m\u00e1s fr\u00eda posible en el universo, en la que todas las mol\u00e9culas de cualquier sustancia dejar\u00edan de vibrar. Las temperaturas en la escala Kelvin no se expresan en grados, sino en kelvin como unidad de medida. Esta escala tambi\u00e9n es cent\u00edgrada; es decir, que se divide en intervalos de 100 partes iguales. Las temperaturas en kelvin de los puntos de ebullici\u00f3n y fusi\u00f3n del agua son 373,16 K y 273,15 K, respectivamente.<\/li>\n<\/ul>\nExisten muchas otras escalas, como la escala Newton, cuyo grado 0 era la temperatura a la que se derrite la nieve y los 33 grados eran la temperatura a la que hierve el agua; la escala Rankine (R); la R\u00e9aumur (\u00b0R\u00e9); la R\u00f8mer (\u00b0R\u00f8); y muchas otras que se usan para contextos espec\u00edficos o se refieren por razones hist\u00f3ricas.\"\n    }\n  }]\n}\n<\/script><p>La conversi\u00f3n de temperatura se utiliza para <strong>llevar de una escala de temperatura a otra <\/strong>un dato de temperatura determinado.&nbsp;<\/p>\n\n\n\n<h2 class=\"wp-block-heading\"><strong>\u00bfPor qu\u00e9 hay distintas escalas de temperatura?<\/strong><\/h2>\n\n\n\n<p>Existen diferentes escalas porque hay <strong>diferentes maneras de medir y comparar el nivel de energ\u00eda t\u00e9rmica<\/strong> de un objeto o de una sustancia, lo que puede resultar \u00fatil en contextos diversos. La raz\u00f3n por la que existen distintas escalas de temperatura radica en el punto de partida y en el punto de observaci\u00f3n que se tiene del fen\u00f3meno. Los <strong>primeros intentos por medir la temperatura ocurrieron en sitios y momentos distintos <\/strong>de la historia, y sus avances se desarrollaron por v\u00edas separadas, por lo que es l\u00f3gico que no existiera unanimidad hasta que se hicieron esfuerzos de estandarizaci\u00f3n m\u00e1s globales.<\/p>\n\n\n\n<h2 class=\"wp-block-heading\"><strong>\u00bfQu\u00e9 escalas de temperatura existen?<\/strong><\/h2>\n\n\n\n<p>Las tres escalas de temperatura m\u00e1s usadas en la actualidad son Celsius (\u00baC), Fahrenheit (\u00baF) y Kelvin (K).<\/p>\n\n\n\n<ul class=\"wp-block-list\">\n<li><strong>La escala Celsius<\/strong> est\u00e1 basada en los cambios de estado del agua. El punto de congelaci\u00f3n del agua se marca con 0 \u00baC y el punto de ebullici\u00f3n se mide como 100 \u00baC. Es la escala m\u00e1s utilizada en el mundo en entornos cotidianos. Se recoge en el <strong>Sistema Internacional de Unidades<\/strong>, por lo que se emplea en contextos cient\u00edficos, aunque en la mayor\u00eda de los casos se exige el uso de los grados Kelvin. Los grados Celsius <strong>son tambi\u00e9n llamados grados cent\u00edgrados en la cultura popular <\/strong>porque, desde sus or\u00edgenes, se entend\u00eda la escala como una divisi\u00f3n de cien partes de los dos momentos en los que el agua iba de la fusi\u00f3n a la ebullici\u00f3n, aunque el t\u00e9rmino cent\u00edgrados se desaconseja a partir de la publicaci\u00f3n de la <strong>Escala Internacional Pr\u00e1ctica de Temperatura<\/strong>.<\/li>\n\n\n\n<li><strong>La escala Fahrenheit<\/strong> se public\u00f3 antes que la Celsius y, aunque tuvo gran \u00e9xito al principio por los term\u00f3metros de mercurio que su propio creador desarroll\u00f3, no logr\u00f3 extenderse de forma universal. <strong>Hoy en d\u00eda su uso se reduce a unos pocos pa\u00edses angloparlantes, entre los que destaca principalmente Estados Unidos<\/strong>. La ca\u00edda de su popularidad se debe, sobre todo, a que la escala Fahrenheit no se bas\u00f3 en puntos de referencia fijos de fen\u00f3menos de la naturaleza, sino en otros un tanto m\u00e1s arbitrarios: el punto m\u00e1s fr\u00edo que consigui\u00f3 recrear su inventor con una disoluci\u00f3n de hielo, agua y cloruro de amonio, que defini\u00f3 como el grado cero de su escala, y la temperatura corporal de su mujer, que entend\u00eda como la temperatura de una persona normal. Los intervalos entre el punto de congelaci\u00f3n (32 \u00baF) y ebullici\u00f3n del agua (212 \u00baF) en la escala se dividen en 180 grados.<\/li>\n\n\n\n<li><strong>La escala Kelvin<\/strong> es la escala utilizada com\u00fanmente en f\u00edsica y qu\u00edmica. Es una escala absoluta; es decir, que su punto cero es el cero absoluto, o<strong> la temperatura te\u00f3rica m\u00e1s fr\u00eda posible en el universo<\/strong>, en la que todas las mol\u00e9culas de cualquier sustancia dejar\u00edan de vibrar. Las temperaturas en la escala Kelvin <strong>no se expresan en grados, sino en kelvin como unidad de medida<\/strong>. Esta escala tambi\u00e9n es cent\u00edgrada; es decir, que se divide en intervalos de 100 partes iguales. Las temperaturas en kelvin de los puntos de ebullici\u00f3n y fusi\u00f3n del agua son 373,16 K y 273,15 K, respectivamente.<\/li>\n<\/ul>\n\n\n\n<p>Existen muchas otras escalas, como la escala <strong>Newton<\/strong>, cuyo grado 0 era la temperatura a la que se derrite la nieve y los 33 grados eran la temperatura a la que hierve el agua; la escala <strong>Rankine (R)<\/strong>; la <strong>R\u00e9aumur (\u00b0R\u00e9)<\/strong>; la <strong>R\u00f8mer (\u00b0R\u00f8)<\/strong>; y muchas otras que se usan para contextos espec\u00edficos o se refieren por razones hist\u00f3ricas.&nbsp;<\/p>\n\n\n\n<h2 class=\"wp-block-heading\"><strong>\u00bfC\u00f3mo se puede convertir de una escala de temperatura a otra?<\/strong><\/h2>\n\n\n\n<p>Esta es una tabla de conversi\u00f3n que explica las f\u00f3rmulas a aplicar para las tres escalas de temperatura m\u00e1s comunes:<\/p>\n\n\n\n<figure class=\"wp-block-table\"><table><tbody><tr><td>Para ir de<\/td><td>a Celsius<\/td><td>a Kelvin<\/td><td>a Fahrenheit<\/td><\/tr><tr><td>\u00baF<\/td><td>(\u00baF &#8211; 32)\/1.8<\/td><td>(\u00baF-32)*5\/9+273.15<\/td><td>\u2014<\/td><\/tr><tr><td>\u00baC<\/td><td>\u2014<\/td><td>\u00baC + 273.15<\/td><td>(\u00baC * 1.8) + 32<\/td><\/tr><tr><td>K<\/td><td>K &#8211; 273.15<\/td><td>\u2014<\/td><td>(K-273.15)*9\/5+32<\/td><\/tr><\/tbody><\/table><\/figure>\n\n\n\n<p>Existen muchas <strong>herramientas digitales integradas <\/strong>en dispositivos m\u00f3viles y p\u00e1ginas web que realizan las <strong>conversiones de temperatura autom\u00e1ticamente<\/strong>, calculando las distintas f\u00f3rmulas que hay para pasar de una determinada escala a otra.<\/p>\n<\/div><\/m-wysiwig>\n\n\n    <m-projects-distributor2 :translations='{\n        &quot;prev&quot;:&quot;Anterior&quot;,\n        &quot;next&quot;:&quot;Siguiente&quot;,\n        &quot;paginationseparator&quot;:&quot;de&quot;\n    }'>\n                        <h2 slot=\"title\">\n                Nuestros proyectos destacados                <\/h2>\n                        <a slot='button' title='Conoce nuestros proyectos ' href='https:\/\/www.ferrovial.com\/es\/cintra\/proyectos\/'>\n            Conoce nuestros proyectos         <\/a>\n\n            <\/m-projects-distributor2>\n\n    ","protected":false},"excerpt":{"rendered":"","protected":false},"featured_media":0,"parent":227878,"menu_order":0,"comment_status":"closed","ping_status":"closed","template":"","meta":{"_acf_changed":false,"footnotes":""},"class_list":["post-261446","page","type-page","status-publish","hentry"],"acf":[],"yoast_head":"<!-- This site is optimized with the Yoast SEO plugin v27.2 - https:\/\/yoast.com\/product\/yoast-seo-wordpress\/ -->\n<title>Conversi\u00f3n de temperatura - Ferrovial<\/title>\n<meta name=\"description\" content=\"Existen diferentes escalas porque hay diferentes maneras de medir y comparar el nivel de energ\u00eda t\u00e9rmica de un objeto o de una sustancia.\" \/>\n<meta name=\"robots\" content=\"index, follow, max-snippet:-1, max-image-preview:large, max-video-preview:-1\" \/>\n<link rel=\"canonical\" href=\"https:\/\/www.ferrovial.com\/es\/stem\/conversion-de-temperatura\/\" \/>\n<meta property=\"og:locale\" content=\"es_ES\" \/>\n<meta property=\"og:type\" content=\"article\" \/>\n<meta property=\"og:title\" content=\"Conversi\u00f3n de temperatura - Ferrovial\" \/>\n<meta property=\"og:description\" content=\"Existen diferentes escalas porque hay diferentes maneras de medir y comparar el nivel de energ\u00eda t\u00e9rmica de un objeto o de una sustancia.\" \/>\n<meta property=\"og:url\" content=\"https:\/\/www.ferrovial.com\/es\/stem\/conversion-de-temperatura\/\" \/>\n<meta property=\"og:site_name\" content=\"Ferrovial\" \/>\n<meta property=\"article:publisher\" content=\"https:\/\/www.facebook.com\/ferrovial\" \/>\n<meta property=\"article:modified_time\" content=\"2023-10-13T09:51:18+00:00\" \/>\n<meta name=\"twitter:card\" content=\"summary_large_image\" \/>\n<meta name=\"twitter:site\" content=\"@ferrovial\" \/>\n<meta name=\"twitter:label1\" content=\"Est. reading time\" \/>\n\t<meta name=\"twitter:data1\" content=\"4 minutos\" \/>\n<!-- \/ Yoast SEO plugin. -->","yoast_head_json":{"title":"Conversi\u00f3n de temperatura - Ferrovial","description":"Existen diferentes escalas porque hay diferentes maneras de medir y comparar el nivel de energ\u00eda t\u00e9rmica de un objeto o de una sustancia.","robots":{"index":"index","follow":"follow","max-snippet":"max-snippet:-1","max-image-preview":"max-image-preview:large","max-video-preview":"max-video-preview:-1"},"canonical":"https:\/\/www.ferrovial.com\/es\/stem\/conversion-de-temperatura\/","og_locale":"es_ES","og_type":"article","og_title":"Conversi\u00f3n de temperatura - Ferrovial","og_description":"Existen diferentes escalas porque hay diferentes maneras de medir y comparar el nivel de energ\u00eda t\u00e9rmica de un objeto o de una sustancia.","og_url":"https:\/\/www.ferrovial.com\/es\/stem\/conversion-de-temperatura\/","og_site_name":"Ferrovial","article_publisher":"https:\/\/www.facebook.com\/ferrovial","article_modified_time":"2023-10-13T09:51:18+00:00","twitter_card":"summary_large_image","twitter_site":"@ferrovial","twitter_misc":{"Est. reading time":"4 minutos"},"schema":{"@context":"https:\/\/schema.org","@graph":[{"@type":"WebPage","@id":"https:\/\/www.ferrovial.com\/es\/stem\/conversion-de-temperatura\/","url":"https:\/\/www.ferrovial.com\/es\/stem\/conversion-de-temperatura\/","name":"Conversi\u00f3n de temperatura - Ferrovial","isPartOf":{"@id":"https:\/\/www.ferrovial.com\/es\/#website"},"datePublished":"2023-05-23T14:05:19+00:00","dateModified":"2023-10-13T09:51:18+00:00","description":"Existen diferentes escalas porque hay diferentes maneras de medir y comparar el nivel de energ\u00eda t\u00e9rmica de un objeto o de una sustancia.","breadcrumb":{"@id":"https:\/\/www.ferrovial.com\/es\/stem\/conversion-de-temperatura\/#breadcrumb"},"inLanguage":"es","potentialAction":[{"@type":"ReadAction","target":["https:\/\/www.ferrovial.com\/es\/stem\/conversion-de-temperatura\/"]}]},{"@type":"BreadcrumbList","@id":"https:\/\/www.ferrovial.com\/es\/stem\/conversion-de-temperatura\/#breadcrumb","itemListElement":[{"@type":"ListItem","position":1,"name":"Portada","item":"https:\/\/www.ferrovial.com\/es\/"},{"@type":"ListItem","position":2,"name":"STEM","item":"https:\/\/www.ferrovial.com\/es\/stem\/"},{"@type":"ListItem","position":3,"name":"Conversi\u00f3n de temperatura"}]},{"@type":"WebSite","@id":"https:\/\/www.ferrovial.com\/es\/#website","url":"https:\/\/www.ferrovial.com\/es\/","name":"Ferrovial","description":"Welcome to the Ferrovial&#039;s website, global operator of sustainable infrastructure. Here you can find all the information about the company and subsidiaries.","publisher":{"@id":"https:\/\/www.ferrovial.com\/es\/#organization"},"potentialAction":[{"@type":"SearchAction","target":{"@type":"EntryPoint","urlTemplate":"https:\/\/www.ferrovial.com\/es\/?s={search_term_string}"},"query-input":{"@type":"PropertyValueSpecification","valueRequired":true,"valueName":"search_term_string"}}],"inLanguage":"es"},{"@type":"Organization","@id":"https:\/\/www.ferrovial.com\/es\/#organization","name":"Ferrovial S.A.","url":"https:\/\/www.ferrovial.com\/es\/","logo":{"@type":"ImageObject","inLanguage":"es","@id":"https:\/\/www.ferrovial.com\/es\/#\/schema\/logo\/image\/","url":"https:\/\/static.ferrovial.com\/wp-content\/uploads\/2020\/01\/13124948\/logo-ferrovial-cf7.png","contentUrl":"https:\/\/static.ferrovial.com\/wp-content\/uploads\/2020\/01\/13124948\/logo-ferrovial-cf7.png","width":144,"height":32,"caption":"Ferrovial S.A."},"image":{"@id":"https:\/\/www.ferrovial.com\/es\/#\/schema\/logo\/image\/"},"sameAs":["https:\/\/www.facebook.com\/ferrovial","https:\/\/x.com\/ferrovial","https:\/\/www.instagram.com\/ferrovial\/","https:\/\/www.linkedin.com\/company\/ferrovial","https:\/\/www.pinterest.es\/ferrovial\/","https:\/\/www.youtube.com\/ferrovial","https:\/\/en.wikipedia.org\/wiki\/Ferrovial"]}]}},"_links":{"self":[{"href":"https:\/\/www.ferrovial.com\/es\/wp-json\/wp\/v2\/pages\/261446","targetHints":{"allow":["GET"]}}],"collection":[{"href":"https:\/\/www.ferrovial.com\/es\/wp-json\/wp\/v2\/pages"}],"about":[{"href":"https:\/\/www.ferrovial.com\/es\/wp-json\/wp\/v2\/types\/page"}],"replies":[{"embeddable":true,"href":"https:\/\/www.ferrovial.com\/es\/wp-json\/wp\/v2\/comments?post=261446"}],"version-history":[{"count":2,"href":"https:\/\/www.ferrovial.com\/es\/wp-json\/wp\/v2\/pages\/261446\/revisions"}],"predecessor-version":[{"id":269591,"href":"https:\/\/www.ferrovial.com\/es\/wp-json\/wp\/v2\/pages\/261446\/revisions\/269591"}],"up":[{"embeddable":true,"href":"https:\/\/www.ferrovial.com\/es\/wp-json\/wp\/v2\/pages\/227878"}],"wp:attachment":[{"href":"https:\/\/www.ferrovial.com\/es\/wp-json\/wp\/v2\/media?parent=261446"}],"curies":[{"name":"wp","href":"https:\/\/api.w.org\/{rel}","templated":true}]}}