{"id":261482,"date":"2023-05-24T09:47:35","date_gmt":"2023-05-24T07:47:35","guid":{"rendered":"https:\/\/www.ferrovial.com\/?page_id=261482"},"modified":"2023-10-19T13:25:55","modified_gmt":"2023-10-19T11:25:55","slug":"sistema-de-riego","status":"publish","type":"page","link":"https:\/\/www.ferrovial.com\/es\/recursos\/sistema-de-riego\/","title":{"rendered":"Sistema de riego"},"content":{"rendered":"    <m-final-content-header >\n            <c-breadcrumb label-text=\"Breadcrumb\" slot=\"breadcrumbs\" type='2' align='left' wrap='wrapped wrapped' aria-label='Vienes de Recursos'>\n                        <ol>\n\n                                                            <li><a href=\"https:\/\/www.ferrovial.com\/es\/\" title=\"Ferrovial\">Ferrovial<\/a><\/li>\n                                                                        <li><a href=\"https:\/\/www.ferrovial.com\/es\/recursos\/\" title=\"Recursos\">Recursos<\/a><\/li>\n                                    \n                <\/ol>\n\n                <\/c-breadcrumb>\n    \n        <div slot=\"header\">\n            <h1>\n                Sistema de riego            <\/h1>\n                    <\/div>\n    <\/m-final-content-header>\n\n    \n\n\n<m-wysiwig class=\"wp-block-components-wysiwyg\"><div slot=\"maincontent\">\n<h2 class=\"wp-block-heading\"><strong>\u00bfQu\u00e9 es un sistema de riego?<\/strong><\/h2>\n\n\n\n<script type=\"application\/ld+json\">\n{\n  \"@context\": \"https:\/\/schema.org\",\n  \"@type\": \"FAQPage\",\n  \"mainEntity\": [{\n    \"@type\": \"Question\",\n    \"name\": \"\u00bfQu\u00e9 es un sistema de riego?\",\n    \"acceptedAnswer\": {\n      \"@type\": \"Answer\",\n      \"text\": \"Se le llama sistema de riego al conjunto de estructuras que permiten aplicar agua al suelo, generalmente para proporcionar suficiente hidrataci\u00f3n a un cultivo. Normalmente est\u00e1 compuesto de tubos, bombas hidr\u00e1ulicas y aspersores.\"\n    }\n  },{\n    \"@type\": \"Question\",\n    \"name\": \"\u00bfPara qu\u00e9 se utilizan los sistemas de riego?\",\n    \"acceptedAnswer\": {\n      \"@type\": \"Answer\",\n      \"text\": \"Los sistemas de riego se utilizan para garantizar que grandes extensiones de vegetaci\u00f3n reciban suficiente agua, minimizando el esfuerzo humano, as\u00ed como las p\u00e9rdidas de recursos h\u00eddricos.\nAlgunas de las aplicaciones m\u00e1s importantes de los sistemas de riego son:\n\n<ul>\n<li>Agricultura<\/li>\n<li>Mantenimiento de \u00e1reas verdes a lo largo de las carreteras.\n<\/li>\n<li>Riego de parques y jardines p\u00fablicos y privados.\n<\/li>\n<\/ul>\"\n    }\n  },{\n    \"@type\": \"Question\",\n    \"name\": \"\u00bfQu\u00e9 tipos de sistema de riego existen?\",\n    \"acceptedAnswer\": {\n      \"@type\": \"Answer\",\n      \"text\": \"Los sistemas de riego deben adaptarse a:\n<ul>\n<li>La vegetaci\u00f3n.\n<\/li>\n<li>Las caracter\u00edsticas del terreno en el que se encuentra la vegetaci\u00f3n.\n<\/li>\n<li>Las condiciones clim\u00e1ticas.\n<\/li>\n<\/ul>\nSeg\u00fan el lugar en el que se aplica el agua, el riego puede ser:\n<ul>\n<li>Superficial.\n<\/li>\n<li>Subterr\u00e1neo.\n<\/li>\n<li>Localizado.\n<\/li>\n<\/ul>\nSeg\u00fan los sistemas utilizados, el riego puede ser:\n<ul>\n<li>Por surcos<\/li>\n<li>Por aspersi\u00f3n<\/li>\n<li>Por goteo<\/li>\n<li>Por exudaci\u00f3n<\/li>\n<\/ul>\"\n    }\n  },{\n    \"@type\": \"Question\",\n    \"name\": \"\u00bfQu\u00e9 son los sistemas de riego inteligentes?\",\n    \"acceptedAnswer\": {\n      \"@type\": \"Answer\",\n      \"text\": \"La nueva frontera de los sistemas de riego es la incorporaci\u00f3n de las TIC (tecnolog\u00edas de la informaci\u00f3n y la comunicaci\u00f3n). Gracias a las aplicaciones tecnol\u00f3gicas es posible maximizar la eficiencia de los riegos (uso de menos recursos h\u00eddricos con mejores resultados) y conseguir cultivos m\u00e1s saludables.\"\n    }\n  }]\n}\n<\/script><p>Se le llama sistema de riego al conjunto de <strong>estructuras que permiten aplicar agua al suelo<\/strong>, generalmente para proporcionar suficiente hidrataci\u00f3n a un <strong>cultivo<\/strong>. Normalmente est\u00e1 compuesto de <strong>tubos<\/strong>, <strong>bombas hidr\u00e1ulicas <\/strong>y <strong>aspersores<\/strong>.<\/p>\n\n\n\n<h2 class=\"wp-block-heading\"><strong>\u00bfPara qu\u00e9 se utilizan los sistemas de riego?<\/strong><\/h2>\n\n\n\n<p>Los sistemas de riego se utilizan para <strong>garantizar que grandes extensiones de vegetaci\u00f3n reciban suficiente agua<\/strong>, minimizando el esfuerzo humano, as\u00ed como las p\u00e9rdidas de recursos h\u00eddricos.<\/p>\n\n\n\n<p>Algunas de las aplicaciones m\u00e1s importantes de los sistemas de riego son:<\/p>\n\n\n\n<ul class=\"wp-block-list\">\n<li><strong>Agricultura<\/strong>.<\/li>\n\n\n\n<li>Mantenimiento de <strong>\u00e1reas verdes a lo largo de las carreteras<\/strong>.<\/li>\n\n\n\n<li>Riego de <strong>parques y jardines<\/strong> p\u00fablicos y privados.<\/li>\n<\/ul>\n\n\n\n<h2 class=\"wp-block-heading\"><strong>\u00bfQu\u00e9 tipos de sistema de riego existen?<\/strong><\/h2>\n\n\n\n<p>Los sistemas de riego deben adaptarse a:<\/p>\n\n\n\n<ul class=\"wp-block-list\">\n<li>La <strong>vegetaci\u00f3n<\/strong>.<\/li>\n\n\n\n<li>Las caracter\u00edsticas del <strong>terreno <\/strong>en el que se encuentra la vegetaci\u00f3n.<\/li>\n\n\n\n<li>Las <strong>condiciones clim\u00e1ticas<\/strong>.<\/li>\n<\/ul>\n\n\n\n<p>Seg\u00fan el <strong>lugar en el que se aplica el agua<\/strong>, el riego puede ser:<\/p>\n\n\n\n<ul class=\"wp-block-list\">\n<li>Superficial.<\/li>\n\n\n\n<li>Subterr\u00e1neo.<\/li>\n\n\n\n<li>Localizado.<\/li>\n<\/ul>\n\n\n\n<p>Seg\u00fan los <strong>sistemas utilizados<\/strong>, el riego puede ser:<\/p>\n\n\n\n<ul class=\"wp-block-list\">\n<li><strong>Por surcos<\/strong><\/li>\n<\/ul>\n\n\n\n<p>Es uno de los sistemas de riego <strong>m\u00e1s tradicionales y antiguos<\/strong>. Consiste en la <strong>excavaci\u00f3n de surcos a lo largo del cultivo <\/strong>por los cuales <strong>baja el agua gracias al efecto de la gravedad<\/strong>.<\/p>\n\n\n\n<p>Por razones obvias, este tipo de riego se puede implementar \u00fanicamente en terrenos con determinadas caracter\u00edsticas topogr\u00e1ficas. Sin embargo, gracias a sus caracter\u00edsticas, permite el <strong>aprovechamiento de recursos naturales <\/strong>(r\u00edos, pendientes, etc.) y <strong>minimiza la inversi\u00f3n energ\u00e9tica<\/strong>.<\/p>\n\n\n\n<p>Es un sistema de <strong>f\u00e1cil implementaci\u00f3n<\/strong>, pero es <strong>poco eficiente<\/strong> (necesita grandes cantidades de agua), y las malas pr\u00e1cticas pueden reducir su eficiencia a\u00fan m\u00e1s. El riego por surcos es de <strong>dif\u00edcil aplicaci\u00f3n en temporadas de sequ\u00eda <\/strong>extrema; <strong>tampoco permite la automatizaci\u00f3n<\/strong>, <strong>ni el control de flujos<\/strong>. Otros riesgos del riego por surcos es el drenaje incorrecto, que puede ocasionar <strong>empozamientos<\/strong>.<\/p>\n\n\n\n<p><\/p>\n\n\n\n<ul class=\"wp-block-list\">\n<li><strong>Por aspersi\u00f3n<\/strong><\/li>\n<\/ul>\n\n\n\n<p>Los aspersores, conectados a mangueras, son dispositivos capaces de <strong>arrojar agua en una direcci\u00f3n y con una distancia variable <\/strong>seg\u00fan la presi\u00f3n. El agua de los aspersores se difunde de manera similar a la lluvia, y su alcance oscila <strong>entre los 10 y los 60 metros <\/strong>de distancia.<\/p>\n\n\n\n<p>La <strong>ubicaci\u00f3n <\/strong>de los aspersores es fundamental para evitar sobrerriego y empozamiento de aguas, y tambi\u00e9n zonas muertas que no reciban agua.&nbsp; Por otro lado, la <strong>presi\u00f3n <\/strong>debe regularse seg\u00fan la superficie a regar y el tipo de plantas, para evitar que las hojas sufran da\u00f1os.<\/p>\n\n\n\n<p>El riego por aspersi\u00f3n puede hacerse utilizando <strong>aspersores fijos <\/strong>(clavados en la tierra) o <strong>m\u00f3viles<\/strong>. Los <strong>aspersores fijos <\/strong>se utilizan para <strong>superficies poco extensas <\/strong>y con mayores <strong>requerimientos est\u00e9ticos <\/strong>(como los parques y jardines). Por su parte, los aspersores m\u00f3viles suelen utilizarse en <strong>grandes cultivos<\/strong>, tanto en zonas planas como inclinadas, y tienen <strong>diferentes patrones<\/strong>, que les permiten distribuir el agua de manera m\u00e1s eficiente.<\/p>\n\n\n\n<p>Adem\u00e1s de proporcionar humedad en la tierra para la nutrici\u00f3n vegetal, los aspersores cumplen otras funciones que la lluvia realiza en la naturaleza, como la <strong>limpieza de las hojas <\/strong>de polvo y otras part\u00edculas. Sin embargo, esto tambi\u00e9n puede tener consecuencias negativas en cierto tipo de vegetaci\u00f3n que requiere riego directo a las ra\u00edces y que es propensa a desarrollar hongos y otras enfermedades si acumula <strong>demasiada humedad en las hojas<\/strong>.<\/p>\n\n\n\n<p>El riego por aspersi\u00f3n utiliza menos agua que el sistema de riego por surcos, pero m\u00e1s que el riego por goteo.<\/p>\n\n\n\n<p><\/p>\n\n\n\n<ul class=\"wp-block-list\">\n<li><strong>Por goteo<\/strong><\/li>\n<\/ul>\n\n\n\n<p>Tambi\u00e9n llamado riego gota a gota, consiste en un gotero instalado a lo largo de una manguera o tuber\u00eda, que deja caer gotas de agua directamente en la zona de las ra\u00edces de las plantas.<\/p>\n\n\n\n<p>Este tipo de riego, muy localizado, reduce la proliferaci\u00f3n de vegetaci\u00f3n indeseada. Se utiliza en zonas en las que los recursos h\u00eddricos son muy limitados, porque minimiza la dispersi\u00f3n.<\/p>\n\n\n\n<p>Las principales desventajas de este sistema de riego son la inversi\u00f3n inicial, la dificultad en el mantenimiento (por posible obstrucci\u00f3n en los sistemas de goteo) y que no puede ser utilizada en cultivos que implican arado, porque la tierra no puede ser removida despu\u00e9s de su instalaci\u00f3n.<\/p>\n\n\n\n<p><\/p>\n\n\n\n<ul class=\"wp-block-list\">\n<li><strong>Por exudaci\u00f3n<\/strong><\/li>\n<\/ul>\n\n\n\n<p>Consiste en una <strong>manguera porosa que se entierra <\/strong>a una profundidad aproximada de 10 cm. A diferencia del riego por goteo, este sistema <strong>no es localizado<\/strong>, sino que humedece el suelo entero. Gracias a que se aplica de forma subterr\u00e1nea, <strong>el agua de riego no se evapora<\/strong>.<\/p>\n\n\n\n<p>El riego por exudaci\u00f3n requiere una instalaci\u00f3n menos compleja respecto a otros tipos de riego, y permite el <strong>cambio de los cultivos<\/strong>. Otra ventaja es que <strong>funciona con presiones bajas y variables<\/strong>. Sin embargo, las <strong>mangueras son propensas a obstruirse <\/strong>debido a los sedimentos del agua y por la proliferaci\u00f3n de algas y moho.<\/p>\n\n\n\n<p>Algunos sistemas de riego aprovechan el <strong>agua de lluvia <\/strong>como fuente de alimentaci\u00f3n gracias a la instalaci\u00f3n de <strong>tanques recolectores<\/strong>. Esto aumenta la <strong>sostenibilidad <\/strong>de los sistemas, especialmente para <strong>plantas en espacios cerrados <\/strong>(invernaderos, jardines de interior, etc.), que no reciben otro tipo de irrigaci\u00f3n que no sea la artificial.<\/p>\n\n\n\n<p>Estos son algunos de los sistemas m\u00e1s conocidos y utilizados. Sin embargo, existen otros sistemas menos comunes, como el <strong>riego por inundaci\u00f3n<\/strong>, c\u00e9lebre por su utilizaci\u00f3n en los cultivos de arroz.<\/p>\n\n\n\n<h2 class=\"wp-block-heading\"><strong>\u00bfQu\u00e9 son los sistemas de riego inteligentes?<\/strong><\/h2>\n\n\n\n<p>La nueva frontera de los sistemas de riego es la <strong>incorporaci\u00f3n de las TIC <\/strong>(tecnolog\u00edas de la informaci\u00f3n y la comunicaci\u00f3n). Gracias a las aplicaciones tecnol\u00f3gicas es posible <strong>maximizar la eficiencia de los riegos <\/strong>(uso de menos recursos h\u00eddricos con mejores resultados) y conseguir <strong>cultivos m\u00e1s saludables<\/strong>.<\/p>\n\n\n\n<p>Los principales elementos del riego inteligente son: <strong>estaciones clim\u00e1ticas <\/strong>que ayuden a predecir las exigencias h\u00eddricas de las plantas, <strong>sensores de humedad <\/strong>del suelo, <strong>sondas de succi\u00f3n <\/strong>para medir el nivel de nutrientes en los suelos e <strong>instalaciones de energ\u00eda solar <\/strong>para la alimentaci\u00f3n de los sistemas.<\/p>\n<\/div><\/m-wysiwig>\n\n\n    <m-projects-distributor2 :translations='{\n        &quot;prev&quot;:&quot;Anterior&quot;,\n        &quot;next&quot;:&quot;Siguiente&quot;,\n        &quot;paginationseparator&quot;:&quot;de&quot;\n    }'>\n                        <h2 slot=\"title\">\n                Nuestros proyectos destacados                <\/h2>\n                        <a slot='button' title='Conoce nuestros proyectos ' href='https:\/\/www.ferrovial.com\/es\/cintra\/proyectos\/'>\n            Conoce nuestros proyectos         <\/a>\n\n            <\/m-projects-distributor2>\n\n    ","protected":false},"excerpt":{"rendered":"","protected":false},"featured_media":0,"parent":25267,"menu_order":0,"comment_status":"closed","ping_status":"closed","template":"","meta":{"_acf_changed":false,"footnotes":""},"class_list":["post-261482","page","type-page","status-publish","hentry"],"acf":[],"yoast_head":"<!-- This site is optimized with the Yoast SEO plugin v27.2 - https:\/\/yoast.com\/product\/yoast-seo-wordpress\/ -->\n<title>Sistema de riego - Ferrovial<\/title>\n<meta name=\"description\" content=\"Los sistemas de riego garantizan que grandes extensiones de vegetaci\u00f3n reciban suficiente agua, minimizando el esfuerzo humano y las p\u00e9rdidas de recursos h\u00eddricos.\" \/>\n<meta name=\"robots\" content=\"index, follow, max-snippet:-1, max-image-preview:large, max-video-preview:-1\" \/>\n<link rel=\"canonical\" href=\"https:\/\/www.ferrovial.com\/es\/recursos\/sistema-de-riego\/\" \/>\n<meta property=\"og:locale\" content=\"es_ES\" \/>\n<meta property=\"og:type\" content=\"article\" \/>\n<meta property=\"og:title\" content=\"Sistema de riego - Ferrovial\" \/>\n<meta property=\"og:description\" content=\"Los sistemas de riego garantizan que grandes extensiones de vegetaci\u00f3n reciban suficiente agua, minimizando el esfuerzo humano y las p\u00e9rdidas de recursos h\u00eddricos.\" \/>\n<meta property=\"og:url\" content=\"https:\/\/www.ferrovial.com\/es\/recursos\/sistema-de-riego\/\" \/>\n<meta property=\"og:site_name\" content=\"Ferrovial\" \/>\n<meta property=\"article:publisher\" content=\"https:\/\/www.facebook.com\/ferrovial\" \/>\n<meta property=\"article:modified_time\" content=\"2023-10-19T11:25:55+00:00\" \/>\n<meta name=\"twitter:card\" content=\"summary_large_image\" \/>\n<meta name=\"twitter:site\" content=\"@ferrovial\" \/>\n<meta name=\"twitter:label1\" content=\"Est. reading time\" \/>\n\t<meta name=\"twitter:data1\" content=\"5 minutos\" \/>\n<!-- \/ Yoast SEO plugin. -->","yoast_head_json":{"title":"Sistema de riego - Ferrovial","description":"Los sistemas de riego garantizan que grandes extensiones de vegetaci\u00f3n reciban suficiente agua, minimizando el esfuerzo humano y las p\u00e9rdidas de recursos h\u00eddricos.","robots":{"index":"index","follow":"follow","max-snippet":"max-snippet:-1","max-image-preview":"max-image-preview:large","max-video-preview":"max-video-preview:-1"},"canonical":"https:\/\/www.ferrovial.com\/es\/recursos\/sistema-de-riego\/","og_locale":"es_ES","og_type":"article","og_title":"Sistema de riego - Ferrovial","og_description":"Los sistemas de riego garantizan que grandes extensiones de vegetaci\u00f3n reciban suficiente agua, minimizando el esfuerzo humano y las p\u00e9rdidas de recursos h\u00eddricos.","og_url":"https:\/\/www.ferrovial.com\/es\/recursos\/sistema-de-riego\/","og_site_name":"Ferrovial","article_publisher":"https:\/\/www.facebook.com\/ferrovial","article_modified_time":"2023-10-19T11:25:55+00:00","twitter_card":"summary_large_image","twitter_site":"@ferrovial","twitter_misc":{"Est. reading time":"5 minutos"},"schema":{"@context":"https:\/\/schema.org","@graph":[{"@type":"WebPage","@id":"https:\/\/www.ferrovial.com\/es\/recursos\/sistema-de-riego\/","url":"https:\/\/www.ferrovial.com\/es\/recursos\/sistema-de-riego\/","name":"Sistema de riego - Ferrovial","isPartOf":{"@id":"https:\/\/www.ferrovial.com\/es\/#website"},"datePublished":"2023-05-24T07:47:35+00:00","dateModified":"2023-10-19T11:25:55+00:00","description":"Los sistemas de riego garantizan que grandes extensiones de vegetaci\u00f3n reciban suficiente agua, minimizando el esfuerzo humano y las p\u00e9rdidas de recursos h\u00eddricos.","breadcrumb":{"@id":"https:\/\/www.ferrovial.com\/es\/recursos\/sistema-de-riego\/#breadcrumb"},"inLanguage":"es","potentialAction":[{"@type":"ReadAction","target":["https:\/\/www.ferrovial.com\/es\/recursos\/sistema-de-riego\/"]}]},{"@type":"BreadcrumbList","@id":"https:\/\/www.ferrovial.com\/es\/recursos\/sistema-de-riego\/#breadcrumb","itemListElement":[{"@type":"ListItem","position":1,"name":"Portada","item":"https:\/\/www.ferrovial.com\/es\/"},{"@type":"ListItem","position":2,"name":"Recursos","item":"https:\/\/www.ferrovial.com\/es\/recursos\/"},{"@type":"ListItem","position":3,"name":"Sistema de riego"}]},{"@type":"WebSite","@id":"https:\/\/www.ferrovial.com\/es\/#website","url":"https:\/\/www.ferrovial.com\/es\/","name":"Ferrovial","description":"Welcome to the Ferrovial&#039;s website, global operator of sustainable infrastructure. Here you can find all the information about the company and subsidiaries.","publisher":{"@id":"https:\/\/www.ferrovial.com\/es\/#organization"},"potentialAction":[{"@type":"SearchAction","target":{"@type":"EntryPoint","urlTemplate":"https:\/\/www.ferrovial.com\/es\/?s={search_term_string}"},"query-input":{"@type":"PropertyValueSpecification","valueRequired":true,"valueName":"search_term_string"}}],"inLanguage":"es"},{"@type":"Organization","@id":"https:\/\/www.ferrovial.com\/es\/#organization","name":"Ferrovial S.A.","url":"https:\/\/www.ferrovial.com\/es\/","logo":{"@type":"ImageObject","inLanguage":"es","@id":"https:\/\/www.ferrovial.com\/es\/#\/schema\/logo\/image\/","url":"https:\/\/static.ferrovial.com\/wp-content\/uploads\/2020\/01\/13124948\/logo-ferrovial-cf7.png","contentUrl":"https:\/\/static.ferrovial.com\/wp-content\/uploads\/2020\/01\/13124948\/logo-ferrovial-cf7.png","width":144,"height":32,"caption":"Ferrovial S.A."},"image":{"@id":"https:\/\/www.ferrovial.com\/es\/#\/schema\/logo\/image\/"},"sameAs":["https:\/\/www.facebook.com\/ferrovial","https:\/\/x.com\/ferrovial","https:\/\/www.instagram.com\/ferrovial\/","https:\/\/www.linkedin.com\/company\/ferrovial","https:\/\/www.pinterest.es\/ferrovial\/","https:\/\/www.youtube.com\/ferrovial","https:\/\/en.wikipedia.org\/wiki\/Ferrovial"]}]}},"_links":{"self":[{"href":"https:\/\/www.ferrovial.com\/es\/wp-json\/wp\/v2\/pages\/261482","targetHints":{"allow":["GET"]}}],"collection":[{"href":"https:\/\/www.ferrovial.com\/es\/wp-json\/wp\/v2\/pages"}],"about":[{"href":"https:\/\/www.ferrovial.com\/es\/wp-json\/wp\/v2\/types\/page"}],"replies":[{"embeddable":true,"href":"https:\/\/www.ferrovial.com\/es\/wp-json\/wp\/v2\/comments?post=261482"}],"version-history":[{"count":2,"href":"https:\/\/www.ferrovial.com\/es\/wp-json\/wp\/v2\/pages\/261482\/revisions"}],"predecessor-version":[{"id":269799,"href":"https:\/\/www.ferrovial.com\/es\/wp-json\/wp\/v2\/pages\/261482\/revisions\/269799"}],"up":[{"embeddable":true,"href":"https:\/\/www.ferrovial.com\/es\/wp-json\/wp\/v2\/pages\/25267"}],"wp:attachment":[{"href":"https:\/\/www.ferrovial.com\/es\/wp-json\/wp\/v2\/media?parent=261482"}],"curies":[{"name":"wp","href":"https:\/\/api.w.org\/{rel}","templated":true}]}}