{"id":262978,"date":"2023-06-16T08:27:28","date_gmt":"2023-06-16T06:27:28","guid":{"rendered":"https:\/\/www.ferrovial.com\/?page_id=262978"},"modified":"2026-03-26T13:02:52","modified_gmt":"2026-03-26T12:02:52","slug":"informacion-privilegiada-y-otra-informacion-relevante","status":"publish","type":"page","link":"https:\/\/www.ferrovial.com\/es\/accionistas-e-inversores\/informacion-financiera\/informacion-privilegiada-y-otra-informacion-relevante\/","title":{"rendered":"Comunicaciones con reguladores"},"content":{"rendered":"    <m-final-content-header bgimage='https:\/\/static.ferrovial.com\/wp-content\/uploads\/2023\/06\/15181020\/inside-information-and-other-relevant-information-1-1280x720.jpg'>\n            <c-breadcrumb label-text=\"Breadcrumb\" slot=\"breadcrumbs\" type='2' align='left' wrap='wrapped wrapped' aria-label='Vienes de Informaci\u00f3n financiera'>\n                        <ol>\n\n                                                            <li><a href=\"https:\/\/www.ferrovial.com\/es\/\" title=\"Ferrovial\">Ferrovial<\/a><\/li>\n                                                                        <li><a href=\"https:\/\/www.ferrovial.com\/es\/accionistas-e-inversores\/\" title=\"Accionistas e inversores\">Accionistas e inversores<\/a><\/li>\n                                                                        <li><a href=\"https:\/\/www.ferrovial.com\/es\/accionistas-e-inversores\/informacion-financiera\/\" title=\"Informaci\u00f3n financiera\">Informaci\u00f3n financiera<\/a><\/li>\n                                    \n                <\/ol>\n\n                <\/c-breadcrumb>\n    \n        <div slot=\"header\">\n            <h1>\n                Comunicaciones con reguladores             <\/h1>\n                    <\/div>\n    <\/m-final-content-header>\n\n    \n\n    <m-multiple-distributor columns='3'>\n                            <div class=\"card\">\n                                                <img decoding=\"async\" src=\"https:\/\/static.ferrovial.com\/wp-content\/uploads\/2023\/06\/15135651\/inside-information-600x800.jpg\" alt=\"inside-information\" position=\"center center\" \/>\n                                                        <p class=\"name\">Informaci\u00f3n privilegiada de Ferrovial SE<\/p>\n                                                                    <p class=\"description\">Descripci\u00f3n por defecto<\/p>\n                                                                        <a title='M\u00e1s informaci\u00f3n' aria-label='M\u00e1s informaci\u00f3n sobre Informaci\u00f3n privilegiada de Ferrovial SE'>M\u00e1s informaci\u00f3n<\/a>\n                                                            <\/div>\n                                        <div class=\"card\">\n                                                <img decoding=\"async\" src=\"https:\/\/static.ferrovial.com\/wp-content\/uploads\/2023\/06\/15135827\/other-relevant-600x800.jpg\" alt=\"other-relevant\" position=\"center center\" \/>\n                                                        <p class=\"name\">Otra informaci\u00f3n relevante de Ferrovial SE<\/p>\n                                                                    <p class=\"description\">Descripci\u00f3n por defecto<\/p>\n                                                                        <a title='M\u00e1s informaci\u00f3n' aria-label='M\u00e1s informaci\u00f3n sobre Otra informaci\u00f3n relevante de Ferrovial SE'>M\u00e1s informaci\u00f3n<\/a>\n                                                            <\/div>\n                                        <div class=\"card\">\n                                                <img decoding=\"async\" src=\"https:\/\/static.ferrovial.com\/wp-content\/uploads\/2024\/05\/09122050\/nto-jfk-new-york-202401-001-20240509-081520-600x800.jpg\" alt=\"\" position=\"center center\" \/>\n                                                        <p class=\"name\">SEC Filings<\/p>\n                                                                    <p class=\"description\">Descripci\u00f3n por defecto<\/p>\n                                                                        <a title='M\u00e1s informaci\u00f3n' aria-label='M\u00e1s informaci\u00f3n sobre SEC Filings'>M\u00e1s informaci\u00f3n<\/a>\n                                                            <\/div>\n                                        <div class=\"card\">\n                                                <img decoding=\"async\" src=\"https:\/\/static.ferrovial.com\/wp-content\/uploads\/2022\/09\/22171931\/nueva-sede-coordinador-electrico-nacional-chile-exterior-600x800.jpg\" alt=\"Exterior Sede Coordinador El\u00e9ctrico de Chile\" position=\"center center\" \/>\n                                                        <p class=\"name\"> Programas de recompra de Ferrovial SE<\/p>\n                                                                    <p class=\"description\">Descripci\u00f3n por defecto<\/p>\n                                                                        <a title='M\u00e1s informaci\u00f3n' aria-label='M\u00e1s informaci\u00f3n sobre  Programas de recompra de Ferrovial SE'>M\u00e1s informaci\u00f3n<\/a>\n                                                            <\/div>\n                                        <div class=\"card\">\n                                                <img decoding=\"async\" src=\"https:\/\/static.ferrovial.com\/wp-content\/uploads\/2023\/06\/15135938\/historic-information-of-ferrovial-sa-600x800.jpg\" alt=\"historic-information-of-ferrovial-sa\" position=\"center center\" \/>\n                                                        <p class=\"name\">Hist\u00f3rico de informaci\u00f3n de Ferrovial, S.A.<\/p>\n                                                                    <p class=\"description\">Descripci\u00f3n por defecto<\/p>\n                                                                        <a title='M\u00e1s informaci\u00f3n' aria-label='M\u00e1s informaci\u00f3n sobre Hist\u00f3rico de informaci\u00f3n de Ferrovial, S.A.'>M\u00e1s informaci\u00f3n<\/a>\n                                                            <\/div>\n                                        <div class=\"card\">\n                                                <img decoding=\"async\" src=\"https:\/\/static.ferrovial.com\/wp-content\/uploads\/2020\/01\/01152313\/silvertown-tunnel-riverlinx-fotos-202504-003-1-600x800.jpg\" alt=\"\" position=\"center center\" \/>\n                                                        <p class=\"name\">Operaciones con valores de Ferrovial por personas que ejercen responsabilidades de direcci\u00f3n (PRDs)<\/p>\n                                                                    <p class=\"description\">Descripci\u00f3n por defecto<\/p>\n                                                                        <a title='M\u00e1s informaci\u00f3n' aria-label='M\u00e1s informaci\u00f3n sobre Operaciones con valores de Ferrovial por personas que ejercen responsabilidades de direcci\u00f3n (PRDs)'>M\u00e1s informaci\u00f3n<\/a>\n                                                            <\/div>\n                        <\/m-multiple-distributor>\n\n    ","protected":false},"excerpt":{"rendered":"","protected":false},"featured_media":0,"parent":22386,"menu_order":0,"comment_status":"closed","ping_status":"closed","template":"","meta":{"_acf_changed":false,"footnotes":""},"class_list":["post-262978","page","type-page","status-publish","hentry"],"acf":[],"yoast_head":"<!-- This site is optimized with the Yoast SEO plugin v27.2 - https:\/\/yoast.com\/product\/yoast-seo-wordpress\/ -->\n<title>Comunicaciones con reguladores - Ferrovial<\/title>\n<meta name=\"description\" content=\"Welcome to the Ferrovial&#039;s website, global operator of sustainable infrastructure. Here you can find all the information about the company and subsidiaries.\" \/>\n<meta name=\"robots\" content=\"index, follow, max-snippet:-1, max-image-preview:large, max-video-preview:-1\" \/>\n<link rel=\"canonical\" href=\"https:\/\/www.ferrovial.com\/es\/accionistas-e-inversores\/informacion-financiera\/informacion-privilegiada-y-otra-informacion-relevante\/\" \/>\n<meta property=\"og:locale\" content=\"es_ES\" \/>\n<meta property=\"og:type\" content=\"article\" \/>\n<meta property=\"og:title\" content=\"Comunicaciones con reguladores - Ferrovial\" \/>\n<meta property=\"og:description\" content=\"Welcome to the Ferrovial&#039;s website, global operator of sustainable infrastructure. Here you can find all the information about the company and subsidiaries.\" \/>\n<meta property=\"og:url\" content=\"https:\/\/www.ferrovial.com\/es\/accionistas-e-inversores\/informacion-financiera\/informacion-privilegiada-y-otra-informacion-relevante\/\" \/>\n<meta property=\"og:site_name\" content=\"Ferrovial\" \/>\n<meta property=\"article:publisher\" content=\"https:\/\/www.facebook.com\/ferrovial\" \/>\n<meta property=\"article:modified_time\" content=\"2026-03-26T12:02:52+00:00\" \/>\n<meta name=\"twitter:card\" content=\"summary_large_image\" \/>\n<meta name=\"twitter:site\" content=\"@ferrovial\" \/>\n<!-- \/ Yoast SEO plugin. -->","yoast_head_json":{"title":"Comunicaciones con reguladores - Ferrovial","description":"Welcome to the Ferrovial's website, global operator of sustainable infrastructure. Here you can find all the information about the company and subsidiaries.","robots":{"index":"index","follow":"follow","max-snippet":"max-snippet:-1","max-image-preview":"max-image-preview:large","max-video-preview":"max-video-preview:-1"},"canonical":"https:\/\/www.ferrovial.com\/es\/accionistas-e-inversores\/informacion-financiera\/informacion-privilegiada-y-otra-informacion-relevante\/","og_locale":"es_ES","og_type":"article","og_title":"Comunicaciones con reguladores - Ferrovial","og_description":"Welcome to the Ferrovial's website, global operator of sustainable infrastructure. Here you can find all the information about the company and subsidiaries.","og_url":"https:\/\/www.ferrovial.com\/es\/accionistas-e-inversores\/informacion-financiera\/informacion-privilegiada-y-otra-informacion-relevante\/","og_site_name":"Ferrovial","article_publisher":"https:\/\/www.facebook.com\/ferrovial","article_modified_time":"2026-03-26T12:02:52+00:00","twitter_card":"summary_large_image","twitter_site":"@ferrovial","schema":{"@context":"https:\/\/schema.org","@graph":[{"@type":"WebPage","@id":"https:\/\/www.ferrovial.com\/es\/accionistas-e-inversores\/informacion-financiera\/informacion-privilegiada-y-otra-informacion-relevante\/","url":"https:\/\/www.ferrovial.com\/es\/accionistas-e-inversores\/informacion-financiera\/informacion-privilegiada-y-otra-informacion-relevante\/","name":"Comunicaciones con reguladores - Ferrovial","isPartOf":{"@id":"https:\/\/www.ferrovial.com\/es\/#website"},"datePublished":"2023-06-16T06:27:28+00:00","dateModified":"2026-03-26T12:02:52+00:00","description":"Welcome to the Ferrovial's website, global operator of sustainable infrastructure. Here you can find all the information about the company and subsidiaries.","breadcrumb":{"@id":"https:\/\/www.ferrovial.com\/es\/accionistas-e-inversores\/informacion-financiera\/informacion-privilegiada-y-otra-informacion-relevante\/#breadcrumb"},"inLanguage":"es","potentialAction":[{"@type":"ReadAction","target":["https:\/\/www.ferrovial.com\/es\/accionistas-e-inversores\/informacion-financiera\/informacion-privilegiada-y-otra-informacion-relevante\/"]}]},{"@type":"BreadcrumbList","@id":"https:\/\/www.ferrovial.com\/es\/accionistas-e-inversores\/informacion-financiera\/informacion-privilegiada-y-otra-informacion-relevante\/#breadcrumb","itemListElement":[{"@type":"ListItem","position":1,"name":"Portada","item":"https:\/\/www.ferrovial.com\/es\/"},{"@type":"ListItem","position":2,"name":"Accionistas e inversores","item":"https:\/\/www.ferrovial.com\/es\/accionistas-e-inversores\/"},{"@type":"ListItem","position":3,"name":"Informaci\u00f3n financiera","item":"https:\/\/www.ferrovial.com\/es\/accionistas-e-inversores\/informacion-financiera\/"},{"@type":"ListItem","position":4,"name":"Comunicaciones con reguladores"}]},{"@type":"WebSite","@id":"https:\/\/www.ferrovial.com\/es\/#website","url":"https:\/\/www.ferrovial.com\/es\/","name":"Ferrovial","description":"Welcome to the Ferrovial&#039;s website, global operator of sustainable infrastructure. Here you can find all the information about the company and subsidiaries.","publisher":{"@id":"https:\/\/www.ferrovial.com\/es\/#organization"},"potentialAction":[{"@type":"SearchAction","target":{"@type":"EntryPoint","urlTemplate":"https:\/\/www.ferrovial.com\/es\/?s={search_term_string}"},"query-input":{"@type":"PropertyValueSpecification","valueRequired":true,"valueName":"search_term_string"}}],"inLanguage":"es"},{"@type":"Organization","@id":"https:\/\/www.ferrovial.com\/es\/#organization","name":"Ferrovial S.A.","url":"https:\/\/www.ferrovial.com\/es\/","logo":{"@type":"ImageObject","inLanguage":"es","@id":"https:\/\/www.ferrovial.com\/es\/#\/schema\/logo\/image\/","url":"https:\/\/static.ferrovial.com\/wp-content\/uploads\/2020\/01\/13124948\/logo-ferrovial-cf7.png","contentUrl":"https:\/\/static.ferrovial.com\/wp-content\/uploads\/2020\/01\/13124948\/logo-ferrovial-cf7.png","width":144,"height":32,"caption":"Ferrovial S.A."},"image":{"@id":"https:\/\/www.ferrovial.com\/es\/#\/schema\/logo\/image\/"},"sameAs":["https:\/\/www.facebook.com\/ferrovial","https:\/\/x.com\/ferrovial","https:\/\/www.instagram.com\/ferrovial\/","https:\/\/www.linkedin.com\/company\/ferrovial","https:\/\/www.pinterest.es\/ferrovial\/","https:\/\/www.youtube.com\/ferrovial","https:\/\/en.wikipedia.org\/wiki\/Ferrovial"]}]}},"_links":{"self":[{"href":"https:\/\/www.ferrovial.com\/es\/wp-json\/wp\/v2\/pages\/262978","targetHints":{"allow":["GET"]}}],"collection":[{"href":"https:\/\/www.ferrovial.com\/es\/wp-json\/wp\/v2\/pages"}],"about":[{"href":"https:\/\/www.ferrovial.com\/es\/wp-json\/wp\/v2\/types\/page"}],"replies":[{"embeddable":true,"href":"https:\/\/www.ferrovial.com\/es\/wp-json\/wp\/v2\/comments?post=262978"}],"version-history":[{"count":3,"href":"https:\/\/www.ferrovial.com\/es\/wp-json\/wp\/v2\/pages\/262978\/revisions"}],"predecessor-version":[{"id":328841,"href":"https:\/\/www.ferrovial.com\/es\/wp-json\/wp\/v2\/pages\/262978\/revisions\/328841"}],"up":[{"embeddable":true,"href":"https:\/\/www.ferrovial.com\/es\/wp-json\/wp\/v2\/pages\/22386"}],"wp:attachment":[{"href":"https:\/\/www.ferrovial.com\/es\/wp-json\/wp\/v2\/media?parent=262978"}],"curies":[{"name":"wp","href":"https:\/\/api.w.org\/{rel}","templated":true}]}}