{"id":264189,"date":"2023-06-26T14:39:33","date_gmt":"2023-06-26T12:39:33","guid":{"rendered":"https:\/\/www.ferrovial.com\/?page_id=264189"},"modified":"2025-07-10T13:13:11","modified_gmt":"2025-07-10T11:13:11","slug":"temperatura-corporal","status":"publish","type":"page","link":"https:\/\/www.ferrovial.com\/es\/stem\/temperatura-corporal\/","title":{"rendered":"Temperatura corporal"},"content":{"rendered":"    <m-final-content-header >\n            <c-breadcrumb label-text=\"Breadcrumb\" slot=\"breadcrumbs\" type='2' align='left' wrap='wrapped wrapped' aria-label='Vienes de STEM'>\n                        <ol>\n\n                                                            <li><a href=\"https:\/\/www.ferrovial.com\/es\/\" title=\"Ferrovial\">Ferrovial<\/a><\/li>\n                                                                        <li><a href=\"https:\/\/www.ferrovial.com\/es\/stem\/\" title=\"STEM\">STEM<\/a><\/li>\n                                    \n                <\/ol>\n\n                <\/c-breadcrumb>\n    \n        <div slot=\"header\">\n            <h1>\n                Temperatura corporal            <\/h1>\n                    <\/div>\n    <\/m-final-content-header>\n\n    \n\n\n<m-wysiwig class=\"wp-block-components-wysiwyg\"><div slot=\"maincontent\">\n<h2 class=\"wp-block-heading\"><strong>\u00bfQu\u00e9 es la temperatura corporal?<\/strong><\/h2>\n\n\n\n<p><script type=\"application\/ld+json\">\n{\n  \"@context\": \"https:\/\/schema.org\",\n  \"@type\": \"FAQPage\",\n  \"mainEntity\": [{\n    \"@type\": \"Question\",\n    \"name\": \"\u00bfQu\u00e9 es la temperatura corporal?\",\n    \"acceptedAnswer\": {\n      \"@type\": \"Answer\",\n      \"text\": \"La temperatura corporal es el calor que posee el cuerpo de un ser vivo.\nExiste un rango de temperaturas que los seres vivos son capaces de soportar. Este rango var\u00eda seg\u00fan las caracter\u00edsticas adaptativas de cada especie.\"\n    }\n  },{\n    \"@type\": \"Question\",\n    \"name\": \"\u00bfCu\u00e1l es la temperatura corporal normal del ser humano?\",\n    \"acceptedAnswer\": {\n      \"@type\": \"Answer\",\n      \"text\": \"La temperatura humana normal en estado de reposo puede variar ligeramente entre individuos debido a sus caracter\u00edsticas, como edad, sexo, metabolismo, etc. Sin embargo,  se considera que la eutermia o normotermia del cuerpo humano se encuentra entre los 36.5 y los 37.5 grados Celsius (\u00baC), que equivalen a los los 97.7 y los 99.5 grados Fahrenheit (\u00baF).\"\n    }\n  },{\n    \"@type\": \"Question\",\n    \"name\": \"\u00bfQu\u00e9 pasa si la temperatura corporal sube m\u00e1s de lo normal?\",\n    \"acceptedAnswer\": {\n      \"@type\": \"Answer\",\n      \"text\": \"Muchas veces, la fiebre se dispara como un sistema de seguridad del cuerpo para combatir alguna enfermedad, procurando elevar la temperatura hasta un punto que elimine la amenaza dentro del organismo. No obstante, las c\u00e9lulas del propio cuerpo pueden verse afectadas en el proceso. A partir de los 40.0 \u00baC (104.0 \u00baF) de temperatura corporal, el organismo humano se acerca al l\u00edmite de calor corporal que puede soportar, acarreando deshidrataci\u00f3n, calambres, mareos, desmayos, n\u00e1useas, v\u00f3mitos, delirios, arritmias, da\u00f1o cerebral, coma y hasta la muerte.\"\n    }\n  },{\n    \"@type\": \"Question\",\n    \"name\": \"\u00bfQu\u00e9 pasa si la temperatura corporal baja m\u00e1s de lo normal?\",\n    \"acceptedAnswer\": {\n      \"@type\": \"Answer\",\n      \"text\": \"Las temperaturas corporales por debajo de los 35.0 \u00b0C (95.0 \u00b0F) pueden causar hipotermia. La raz\u00f3n m\u00e1s com\u00fan de hipotermia suele ser la exposici\u00f3n a temperaturas exteriores muy por debajo del rango ideal de la temperatura corporal.\n En estados leves de hipotermia, hasta los 33 \u00b0C (91.4 \u00baF), se presentan escalofr\u00edos, confusi\u00f3n y torpeza. Por debajo de esta temperatura se manifiesta somnolencia, p\u00e9rdida de memoria, respiraci\u00f3n lenta y superficial, dificultad para comunicarse y modular, pulso d\u00e9bil, dificultad para usar las extremidades, arritmias, p\u00e9rdida del conocimiento, fallo en \u00f3rganos principales, ausencia de signos vitales y muerte.\"\n    }\n  },{\n    \"@type\": \"Question\",\n    \"name\": \"\u00bfC\u00f3mo se mide la temperatura corporal?\",\n    \"acceptedAnswer\": {\n      \"@type\": \"Answer\",\n      \"text\": \"El instrumento empleado para medir la temperatura corporal se llama term\u00f3metro cl\u00ednico. Existe una gran variedad de term\u00f3metros graduados en distintas escalas de temperatura. La mayor\u00eda de los term\u00f3metros funcionan por transmisi\u00f3n de calor al entrar en contacto con la boca, el recto, la axila o el o\u00eddo; aunque tambi\u00e9n existen term\u00f3metros infrarrojos que pueden medir a cierta distancia la temperatura de un cuerpo con un r\u00e1pido escaneo.\"\n    }\n  }]\n}\n<\/script><p>La temperatura corporal es <strong>el calor que posee el cuerpo de un ser vivo<\/strong>.<\/p><\/p>\n\n\n\n<p>Existe un rango de temperaturas que los seres vivos son capaces de soportar. Este rango var\u00eda seg\u00fan las <strong>caracter\u00edsticas adaptativas de cada especie<\/strong>.<\/p>\n\n\n\n<p>La mayor\u00eda de <strong>los seres vivos generan calor debido a los procesos metab\u00f3licos <\/strong>propios de sus organismos. Cuando un individuo acelera su metabolismo, realizando alg\u00fan esfuerzo f\u00edsico como correr o hacer la digesti\u00f3n, se puede evidenciar un aumento de su temperatura corporal. Al mismo tiempo, la temperatura de su entorno afecta su temperatura corporal. <strong>Si la temperatura corporal que alcanza un determinado ser vivo se encuentra fuera del rango de normalidad, es posible que su vida corra peligro<\/strong>.<\/p>\n\n\n\n<h2 class=\"wp-block-heading\"><strong>\u00bfCu\u00e1l es la temperatura corporal normal del ser humano?<\/strong><\/h2>\n\n\n\n<p>La temperatura humana normal en estado de reposo puede variar ligeramente entre individuos debido a sus caracter\u00edsticas, como edad, sexo, metabolismo, etc. Sin embargo,\u00a0 se considera que la <strong>eutermia o normotermia<\/strong> del cuerpo humano se encuentra <strong>entre los 36.5 y los 37.5 grados Celsius (\u00baC)<\/strong>, que equivalen a los 97.7 y los 99.5 grados Fahrenheit (\u00baF).<\/p>\n\n\n\n<h2 class=\"wp-block-heading\"><strong>\u00bfQu\u00e9 pasa si la temperatura corporal sube m\u00e1s de lo normal?<\/strong><\/h2>\n\n\n\n<p>A partir de los 37.5 \u00baC (99.5 \u00b0F), se juzga que un cuerpo humano experimenta <strong>hipertermia o fiebre<\/strong>, que es una temperatura anormalmente alta. La hipertermia se ocasiona generalmente por alg\u00fan proceso infeccioso, enfermedad, intoxicaci\u00f3n o por exposici\u00f3n al calor.<\/p>\n\n\n\n<p>Muchas veces, <strong>la fiebre se dispara como un sistema de seguridad <\/strong>del cuerpo para combatir alguna enfermedad, procurando elevar la temperatura hasta un punto que elimine la amenaza dentro del organismo. No obstante, <strong>las c\u00e9lulas del propio cuerpo pueden verse afectadas <\/strong>en el proceso. A partir de los 40.0 \u00baC (104.0 \u00baF) de temperatura corporal, el organismo humano se acerca al l\u00edmite de calor corporal que puede soportar, acarreando deshidrataci\u00f3n, calambres, mareos, desmayos, n\u00e1useas, v\u00f3mitos, delirios, arritmias, da\u00f1o cerebral, coma y hasta la muerte.<\/p>\n\n\n\n<h2 class=\"wp-block-heading\"><strong>\u00bfQu\u00e9 pasa si la temperatura corporal baja m\u00e1s de lo normal?<\/strong><\/h2>\n\n\n\n<p>Las temperaturas corporales por debajo de los 35.0 \u00b0C (95.0 \u00b0F) pueden causar <strong>hipotermia<\/strong>. La raz\u00f3n m\u00e1s com\u00fan de hipotermia suele ser la <strong>exposici\u00f3n a temperaturas exteriores <\/strong>muy por debajo del rango ideal de la temperatura corporal.<\/p>\n\n\n\n<p>Cuando la temperatura exterior es muy baja, se puede ver afectada la capacidad de autorregulaci\u00f3n de la temperatura interna del cuerpo. En estados leves de hipotermia, hasta los 33 \u00b0C (91.4 \u00baF), se presentan escalofr\u00edos, confusi\u00f3n y torpeza. Por debajo de esta temperatura se manifiesta somnolencia, p\u00e9rdida de memoria, respiraci\u00f3n lenta y superficial, dificultad para comunicarse y modular, pulso d\u00e9bil, dificultad para usar las extremidades, arritmias, p\u00e9rdida del conocimiento, fallo en \u00f3rganos principales, ausencia de signos vitales y muerte.<\/p>\n\n\n\n<p>Aunque menos frecuentes, existen <strong>otras causas <\/strong>de hipotermia no relacionadas directamente con la temperatura exterior, como pueden ser la enfermedad de <strong>hipertiroidismo y la intoxicaci\u00f3n<\/strong>.<\/p>\n\n\n\n<h2 class=\"wp-block-heading\"><strong>\u00bfC\u00f3mo se mide la temperatura corporal?<\/strong><\/h2>\n\n\n\n<p>El instrumento empleado para medir la temperatura corporal se llama <strong>term\u00f3metro cl\u00ednico<\/strong>. Existe una gran variedad de term\u00f3metros graduados en distintas escalas de temperatura. La mayor\u00eda de los term\u00f3metros funcionan <strong>por transmisi\u00f3n <\/strong>de calor al entrar en contacto con la boca, el recto, la axila o el o\u00eddo; aunque tambi\u00e9n existen term\u00f3metros <strong>infrarrojos <\/strong>que pueden medir a cierta distancia la temperatura de un cuerpo con un r\u00e1pido escaneo.<\/p>\n<\/div><\/m-wysiwig>\n\n\n    <m-projects-distributor2 :translations='{\n        &quot;prev&quot;:&quot;Anterior&quot;,\n        &quot;next&quot;:&quot;Siguiente&quot;,\n        &quot;paginationseparator&quot;:&quot;de&quot;\n    }'>\n                        <h2 slot=\"title\">\n                Nuestros proyectos destacados                <\/h2>\n                        <a slot='button' title='Conoce nuestros proyectos ' href='https:\/\/www.ferrovial.com\/es\/cintra\/proyectos\/'>\n            Conoce nuestros proyectos         <\/a>\n\n            <\/m-projects-distributor2>\n\n    ","protected":false},"excerpt":{"rendered":"","protected":false},"featured_media":0,"parent":227878,"menu_order":0,"comment_status":"closed","ping_status":"closed","template":"","meta":{"_acf_changed":false,"footnotes":""},"class_list":["post-264189","page","type-page","status-publish","hentry"],"acf":[],"yoast_head":"<!-- This site is optimized with the Yoast SEO plugin v27.2 - https:\/\/yoast.com\/product\/yoast-seo-wordpress\/ -->\n<title>Temperatura corporal - Ferrovial<\/title>\n<meta name=\"description\" content=\"Existe un rango de temperaturas que los seres vivos son capaces de soportar. Este rango var\u00eda seg\u00fan las caracter\u00edsticas adaptativas de cada especie.\" \/>\n<meta name=\"robots\" content=\"index, follow, max-snippet:-1, max-image-preview:large, max-video-preview:-1\" \/>\n<link rel=\"canonical\" href=\"https:\/\/www.ferrovial.com\/es\/stem\/temperatura-corporal\/\" \/>\n<meta property=\"og:locale\" content=\"es_ES\" \/>\n<meta property=\"og:type\" content=\"article\" \/>\n<meta property=\"og:title\" content=\"Temperatura corporal - Ferrovial\" \/>\n<meta property=\"og:description\" content=\"Existe un rango de temperaturas que los seres vivos son capaces de soportar. Este rango var\u00eda seg\u00fan las caracter\u00edsticas adaptativas de cada especie.\" \/>\n<meta property=\"og:url\" content=\"https:\/\/www.ferrovial.com\/es\/stem\/temperatura-corporal\/\" \/>\n<meta property=\"og:site_name\" content=\"Ferrovial\" \/>\n<meta property=\"article:publisher\" content=\"https:\/\/www.facebook.com\/ferrovial\" \/>\n<meta property=\"article:modified_time\" content=\"2025-07-10T11:13:11+00:00\" \/>\n<meta name=\"twitter:card\" content=\"summary_large_image\" \/>\n<meta name=\"twitter:site\" content=\"@ferrovial\" \/>\n<meta name=\"twitter:label1\" content=\"Est. reading time\" \/>\n\t<meta name=\"twitter:data1\" content=\"3 minutos\" \/>\n<!-- \/ Yoast SEO plugin. -->","yoast_head_json":{"title":"Temperatura corporal - Ferrovial","description":"Existe un rango de temperaturas que los seres vivos son capaces de soportar. Este rango var\u00eda seg\u00fan las caracter\u00edsticas adaptativas de cada especie.","robots":{"index":"index","follow":"follow","max-snippet":"max-snippet:-1","max-image-preview":"max-image-preview:large","max-video-preview":"max-video-preview:-1"},"canonical":"https:\/\/www.ferrovial.com\/es\/stem\/temperatura-corporal\/","og_locale":"es_ES","og_type":"article","og_title":"Temperatura corporal - Ferrovial","og_description":"Existe un rango de temperaturas que los seres vivos son capaces de soportar. Este rango var\u00eda seg\u00fan las caracter\u00edsticas adaptativas de cada especie.","og_url":"https:\/\/www.ferrovial.com\/es\/stem\/temperatura-corporal\/","og_site_name":"Ferrovial","article_publisher":"https:\/\/www.facebook.com\/ferrovial","article_modified_time":"2025-07-10T11:13:11+00:00","twitter_card":"summary_large_image","twitter_site":"@ferrovial","twitter_misc":{"Est. reading time":"3 minutos"},"schema":{"@context":"https:\/\/schema.org","@graph":[{"@type":"WebPage","@id":"https:\/\/www.ferrovial.com\/es\/stem\/temperatura-corporal\/","url":"https:\/\/www.ferrovial.com\/es\/stem\/temperatura-corporal\/","name":"Temperatura corporal - Ferrovial","isPartOf":{"@id":"https:\/\/www.ferrovial.com\/es\/#website"},"datePublished":"2023-06-26T12:39:33+00:00","dateModified":"2025-07-10T11:13:11+00:00","description":"Existe un rango de temperaturas que los seres vivos son capaces de soportar. Este rango var\u00eda seg\u00fan las caracter\u00edsticas adaptativas de cada especie.","breadcrumb":{"@id":"https:\/\/www.ferrovial.com\/es\/stem\/temperatura-corporal\/#breadcrumb"},"inLanguage":"es","potentialAction":[{"@type":"ReadAction","target":["https:\/\/www.ferrovial.com\/es\/stem\/temperatura-corporal\/"]}]},{"@type":"BreadcrumbList","@id":"https:\/\/www.ferrovial.com\/es\/stem\/temperatura-corporal\/#breadcrumb","itemListElement":[{"@type":"ListItem","position":1,"name":"Portada","item":"https:\/\/www.ferrovial.com\/es\/"},{"@type":"ListItem","position":2,"name":"STEM","item":"https:\/\/www.ferrovial.com\/es\/stem\/"},{"@type":"ListItem","position":3,"name":"Temperatura corporal"}]},{"@type":"WebSite","@id":"https:\/\/www.ferrovial.com\/es\/#website","url":"https:\/\/www.ferrovial.com\/es\/","name":"Ferrovial","description":"Welcome to the Ferrovial&#039;s website, global operator of sustainable infrastructure. Here you can find all the information about the company and subsidiaries.","publisher":{"@id":"https:\/\/www.ferrovial.com\/es\/#organization"},"potentialAction":[{"@type":"SearchAction","target":{"@type":"EntryPoint","urlTemplate":"https:\/\/www.ferrovial.com\/es\/?s={search_term_string}"},"query-input":{"@type":"PropertyValueSpecification","valueRequired":true,"valueName":"search_term_string"}}],"inLanguage":"es"},{"@type":"Organization","@id":"https:\/\/www.ferrovial.com\/es\/#organization","name":"Ferrovial S.A.","url":"https:\/\/www.ferrovial.com\/es\/","logo":{"@type":"ImageObject","inLanguage":"es","@id":"https:\/\/www.ferrovial.com\/es\/#\/schema\/logo\/image\/","url":"https:\/\/static.ferrovial.com\/wp-content\/uploads\/2020\/01\/13124948\/logo-ferrovial-cf7.png","contentUrl":"https:\/\/static.ferrovial.com\/wp-content\/uploads\/2020\/01\/13124948\/logo-ferrovial-cf7.png","width":144,"height":32,"caption":"Ferrovial S.A."},"image":{"@id":"https:\/\/www.ferrovial.com\/es\/#\/schema\/logo\/image\/"},"sameAs":["https:\/\/www.facebook.com\/ferrovial","https:\/\/x.com\/ferrovial","https:\/\/www.instagram.com\/ferrovial\/","https:\/\/www.linkedin.com\/company\/ferrovial","https:\/\/www.pinterest.es\/ferrovial\/","https:\/\/www.youtube.com\/ferrovial","https:\/\/en.wikipedia.org\/wiki\/Ferrovial"]}]}},"_links":{"self":[{"href":"https:\/\/www.ferrovial.com\/es\/wp-json\/wp\/v2\/pages\/264189","targetHints":{"allow":["GET"]}}],"collection":[{"href":"https:\/\/www.ferrovial.com\/es\/wp-json\/wp\/v2\/pages"}],"about":[{"href":"https:\/\/www.ferrovial.com\/es\/wp-json\/wp\/v2\/types\/page"}],"replies":[{"embeddable":true,"href":"https:\/\/www.ferrovial.com\/es\/wp-json\/wp\/v2\/comments?post=264189"}],"version-history":[{"count":3,"href":"https:\/\/www.ferrovial.com\/es\/wp-json\/wp\/v2\/pages\/264189\/revisions"}],"predecessor-version":[{"id":309452,"href":"https:\/\/www.ferrovial.com\/es\/wp-json\/wp\/v2\/pages\/264189\/revisions\/309452"}],"up":[{"embeddable":true,"href":"https:\/\/www.ferrovial.com\/es\/wp-json\/wp\/v2\/pages\/227878"}],"wp:attachment":[{"href":"https:\/\/www.ferrovial.com\/es\/wp-json\/wp\/v2\/media?parent=264189"}],"curies":[{"name":"wp","href":"https:\/\/api.w.org\/{rel}","templated":true}]}}