{"id":264535,"date":"2023-06-30T09:57:28","date_gmt":"2023-06-30T07:57:28","guid":{"rendered":"https:\/\/www.ferrovial.com\/?page_id=264535"},"modified":"2023-10-26T11:15:56","modified_gmt":"2023-10-26T09:15:56","slug":"fuente-de-alimentacion","status":"publish","type":"page","link":"https:\/\/www.ferrovial.com\/es\/stem\/fuente-de-alimentacion\/","title":{"rendered":"Fuente de alimentaci\u00f3n"},"content":{"rendered":"    <m-final-content-header >\n            <c-breadcrumb label-text=\"Breadcrumb\" slot=\"breadcrumbs\" type='2' align='left' wrap='wrapped wrapped' aria-label='Vienes de STEM'>\n                        <ol>\n\n                                                            <li><a href=\"https:\/\/www.ferrovial.com\/es\/\" title=\"Ferrovial\">Ferrovial<\/a><\/li>\n                                                                        <li><a href=\"https:\/\/www.ferrovial.com\/es\/stem\/\" title=\"STEM\">STEM<\/a><\/li>\n                                    \n                <\/ol>\n\n                <\/c-breadcrumb>\n    \n        <div slot=\"header\">\n            <h1>\n                 Fuente de alimentaci\u00f3n            <\/h1>\n                    <\/div>\n    <\/m-final-content-header>\n\n    \n\n\n<m-wysiwig class=\"wp-block-components-wysiwyg\"><div slot=\"maincontent\">\n<h2 class=\"wp-block-heading\"><strong>\u00bfQu\u00e9 se entiende por fuente de alimentaci\u00f3n?<\/strong><\/h2>\n\n\n\n<script type=\"application\/ld+json\">\n{\n  \"@context\": \"https:\/\/schema.org\",\n  \"@type\": \"FAQPage\",\n  \"mainEntity\": [{\n    \"@type\": \"Question\",\n    \"name\": \"\u00bfQu\u00e9 se entiende por fuente de alimentaci\u00f3n?\",\n    \"acceptedAnswer\": {\n      \"@type\": \"Answer\",\n      \"text\": \"Se conoce como fuente de alimentaci\u00f3n, o power supply en ingl\u00e9s, al dispositivo que se utiliza para convertir la corriente de la red el\u00e9ctrica en una forma de energ\u00eda adecuada para los componentes de un dispositivo o sistema electr\u00f3nico. Generalmente, la fuente de alimentaci\u00f3n transforma la corriente alterna de la red el\u00e9ctrica en corriente continua.\"\n    }\n  },{\n    \"@type\": \"Question\",\n    \"name\": \"\u00bfQu\u00e9 caracter\u00edsticas tienen las fuentes de alimentaci\u00f3n?\",\n    \"acceptedAnswer\": {\n      \"@type\": \"Answer\",\n      \"text\": \"Una fuente de alimentaci\u00f3n puede ser interna o externa, dependiendo de si est\u00e1 integrada en el dispositivo al que alimenta o no. \nLas fuentes de alimentaci\u00f3n, adem\u00e1s, pueden incluir otros elementos que sirven para proteger la vida \u00fatil de los dispositivos, como:\n\n<ul>\n<li>Reguladores de tensi\u00f3n.<\/li>\n<li>Protectores contra cortocircuitos.<\/li>\n<li>Protectores de sobretemperatura.<\/li>\n<\/ul>\"\n    }\n  },{\n    \"@type\": \"Question\",\n    \"name\": \"\u00bfPara qu\u00e9 se utiliza una fuente de alimentaci\u00f3n?\",\n    \"acceptedAnswer\": {\n      \"@type\": \"Answer\",\n      \"text\": \"Las aplicaciones de las fuentes de alimentaci\u00f3n son tan amplias como la gama de dispositivos electr\u00f3nicos. Algunos de los principales usos son los siguientes:\n\n<ul>\n<li>Computaci\u00f3n: hardwares y servidores.<\/li>\n<li>Telecomunicaciones: routers, sistemas de transmisi\u00f3n, equipos en red, etc.<\/li>\n<li>Electrodom\u00e9sticos.<\/li>\n<li>Ciencia: equipos de laboratorio.<\/li>\n<li>Medicina: equipos m\u00e9dicos de diagn\u00f3stico y monitoreo, sistemas de soporte vital, etc.<\/li>\n<\/ul>\"\n    }\n  },{\n    \"@type\": \"Question\",\n    \"name\": \"\u00bfC\u00f3mo se calcula la capacidad de una fuente de alimentaci\u00f3n para un dispositivo?\",\n    \"acceptedAnswer\": {\n      \"@type\": \"Answer\",\n      \"text\": \"Para calcular la capacidad de la fuente de alimentaci\u00f3n para un dispositivo espec\u00edfico es necesario identificar sus componentes, en particular los que tienen m\u00e1s requisitos energ\u00e9ticos.\nEn ordenadores, suelen ser la placa madre, la tarjeta gr\u00e1fica, el disco duro, etc.\nCada uno de estos componentes tendr\u00e1 un requerimiento energ\u00e9tico expresado en vatios. La suma de estos valores ser\u00e1 la capacidad requerida. Sin embargo, para garantizar el correcto funcionamiento de la fuente de alimentaci\u00f3n, es necesario calcular un margen de seguridad de entre el 10% y el 20%.\"\n    }\n  }]\n}\n<\/script><p>Se conoce como fuente de alimentaci\u00f3n, o <em>power supply<\/em> en ingl\u00e9s, al dispositivo que se utiliza para <strong>convertir la corriente de la red el\u00e9ctrica en una forma de energ\u00eda adecuada para los componentes de un dispositivo o sistema electr\u00f3nico<\/strong>. Generalmente, la fuente de alimentaci\u00f3n transforma la corriente alterna de la red el\u00e9ctrica en corriente continua.<\/p>\n\n\n\n<h2 class=\"wp-block-heading\"><strong>\u00bfQu\u00e9 caracter\u00edsticas tienen las fuentes de alimentaci\u00f3n?<\/strong><\/h2>\n\n\n\n<p>Una fuente de alimentaci\u00f3n puede ser <strong>interna o externa<\/strong>, dependiendo de si est\u00e1 integrada en el dispositivo al que alimenta o no. Su capacidad var\u00eda seg\u00fan los requerimientos del dispositivo al que alimenta, y se mide en vatios.<\/p>\n\n\n\n<p>Las fuentes de alimentaci\u00f3n, adem\u00e1s, pueden incluir otros elementos que sirven para proteger la vida \u00fatil de los dispositivos, como:<\/p>\n\n\n\n<ul class=\"wp-block-list\">\n<li>Reguladores de <strong>tensi\u00f3n<\/strong>.<\/li>\n\n\n\n<li>Protectores contra <strong>cortocircuitos<\/strong>.<\/li>\n\n\n\n<li>Protectores de <strong>sobretemperatura<\/strong>.<\/li>\n<\/ul>\n\n\n\n<h2 class=\"wp-block-heading\"><strong>\u00bfPara qu\u00e9 se utiliza una fuente de alimentaci\u00f3n?<\/strong><\/h2>\n\n\n\n<p>Las aplicaciones de las fuentes de alimentaci\u00f3n son tan amplias como la gama de dispositivos electr\u00f3nicos. Algunos de los principales usos son los siguientes:<\/p>\n\n\n\n<ul class=\"wp-block-list\">\n<li><strong>Computaci\u00f3n:<\/strong> <em>hardwares<\/em> y servidores.<\/li>\n\n\n\n<li><strong>Telecomunicaciones: <\/strong>routers, sistemas de transmisi\u00f3n, equipos en red, etc.<\/li>\n\n\n\n<li><strong>Electrodom\u00e9sticos<\/strong>.<\/li>\n\n\n\n<li><strong>Ciencia: <\/strong>equipos de laboratorio.<\/li>\n\n\n\n<li><strong>Medicina:<\/strong> equipos m\u00e9dicos de diagn\u00f3stico y monitoreo, sistemas de soporte vital, etc.<\/li>\n<\/ul>\n\n\n\n<h2 class=\"wp-block-heading\"><strong>\u00bfC\u00f3mo se calcula la capacidad de una fuente de alimentaci\u00f3n para un dispositivo?<\/strong><\/h2>\n\n\n\n<p>Para calcular la capacidad de la fuente de alimentaci\u00f3n para un dispositivo espec\u00edfico es necesario <strong>identificar sus componentes<\/strong>, en particular los que tienen m\u00e1s requisitos energ\u00e9ticos. En ordenadores, suelen ser la placa madre, la tarjeta gr\u00e1fica, el disco duro, etc.<\/p>\n\n\n\n<p>Cada uno de estos componentes tendr\u00e1 un <strong>requerimiento energ\u00e9tico <\/strong>expresado en vatios. La suma de estos valores ser\u00e1 la capacidad requerida. Sin embargo, para garantizar el correcto funcionamiento de la fuente de alimentaci\u00f3n, es necesario calcular un <strong>margen de seguridad de entre el 10% y el 20%<\/strong>.<\/p>\n\n\n\n<p>Para aplicaciones dom\u00e9sticas es posible consultar las especificaciones de los fabricantes. Tambi\u00e9n existen herramientas online para calcular la capacidad necesaria en cada caso, en particular para ordenadores hechos a medida por los usuarios.<\/p>\n<\/div><\/m-wysiwig>\n\n\n    <m-projects-distributor2 :translations='{\n        &quot;prev&quot;:&quot;Anterior&quot;,\n        &quot;next&quot;:&quot;Siguiente&quot;,\n        &quot;paginationseparator&quot;:&quot;de&quot;\n    }'>\n                        <h2 slot=\"title\">\n                Nuestros proyectos destacados                <\/h2>\n                        <a slot='button' title='Conoce nuestros proyectos ' href='https:\/\/www.ferrovial.com\/es\/cintra\/proyectos\/'>\n            Conoce nuestros proyectos         <\/a>\n\n            <\/m-projects-distributor2>\n\n    ","protected":false},"excerpt":{"rendered":"","protected":false},"featured_media":0,"parent":227878,"menu_order":0,"comment_status":"closed","ping_status":"closed","template":"","meta":{"_acf_changed":false,"footnotes":""},"class_list":["post-264535","page","type-page","status-publish","hentry"],"acf":[],"yoast_head":"<!-- This site is optimized with the Yoast SEO plugin v27.2 - https:\/\/yoast.com\/product\/yoast-seo-wordpress\/ -->\n<title>Fuente de alimentaci\u00f3n - Ferrovial<\/title>\n<meta name=\"description\" content=\"Generalmente, la fuente de alimentaci\u00f3n transforma la corriente alterna de la red el\u00e9ctrica en corriente continua.\" \/>\n<meta name=\"robots\" content=\"index, follow, max-snippet:-1, max-image-preview:large, max-video-preview:-1\" \/>\n<link rel=\"canonical\" href=\"https:\/\/www.ferrovial.com\/es\/stem\/fuente-de-alimentacion\/\" \/>\n<meta property=\"og:locale\" content=\"es_ES\" \/>\n<meta property=\"og:type\" content=\"article\" \/>\n<meta property=\"og:title\" content=\"Fuente de alimentaci\u00f3n - Ferrovial\" \/>\n<meta property=\"og:description\" content=\"Generalmente, la fuente de alimentaci\u00f3n transforma la corriente alterna de la red el\u00e9ctrica en corriente continua.\" \/>\n<meta property=\"og:url\" content=\"https:\/\/www.ferrovial.com\/es\/stem\/fuente-de-alimentacion\/\" \/>\n<meta property=\"og:site_name\" content=\"Ferrovial\" \/>\n<meta property=\"article:publisher\" content=\"https:\/\/www.facebook.com\/ferrovial\" \/>\n<meta property=\"article:modified_time\" content=\"2023-10-26T09:15:56+00:00\" \/>\n<meta name=\"twitter:card\" content=\"summary_large_image\" \/>\n<meta name=\"twitter:site\" content=\"@ferrovial\" \/>\n<meta name=\"twitter:label1\" content=\"Est. reading time\" \/>\n\t<meta name=\"twitter:data1\" content=\"2 minutos\" \/>\n<!-- \/ Yoast SEO plugin. -->","yoast_head_json":{"title":"Fuente de alimentaci\u00f3n - Ferrovial","description":"Generalmente, la fuente de alimentaci\u00f3n transforma la corriente alterna de la red el\u00e9ctrica en corriente continua.","robots":{"index":"index","follow":"follow","max-snippet":"max-snippet:-1","max-image-preview":"max-image-preview:large","max-video-preview":"max-video-preview:-1"},"canonical":"https:\/\/www.ferrovial.com\/es\/stem\/fuente-de-alimentacion\/","og_locale":"es_ES","og_type":"article","og_title":"Fuente de alimentaci\u00f3n - Ferrovial","og_description":"Generalmente, la fuente de alimentaci\u00f3n transforma la corriente alterna de la red el\u00e9ctrica en corriente continua.","og_url":"https:\/\/www.ferrovial.com\/es\/stem\/fuente-de-alimentacion\/","og_site_name":"Ferrovial","article_publisher":"https:\/\/www.facebook.com\/ferrovial","article_modified_time":"2023-10-26T09:15:56+00:00","twitter_card":"summary_large_image","twitter_site":"@ferrovial","twitter_misc":{"Est. reading time":"2 minutos"},"schema":{"@context":"https:\/\/schema.org","@graph":[{"@type":"WebPage","@id":"https:\/\/www.ferrovial.com\/es\/stem\/fuente-de-alimentacion\/","url":"https:\/\/www.ferrovial.com\/es\/stem\/fuente-de-alimentacion\/","name":"Fuente de alimentaci\u00f3n - Ferrovial","isPartOf":{"@id":"https:\/\/www.ferrovial.com\/es\/#website"},"datePublished":"2023-06-30T07:57:28+00:00","dateModified":"2023-10-26T09:15:56+00:00","description":"Generalmente, la fuente de alimentaci\u00f3n transforma la corriente alterna de la red el\u00e9ctrica en corriente continua.","breadcrumb":{"@id":"https:\/\/www.ferrovial.com\/es\/stem\/fuente-de-alimentacion\/#breadcrumb"},"inLanguage":"es","potentialAction":[{"@type":"ReadAction","target":["https:\/\/www.ferrovial.com\/es\/stem\/fuente-de-alimentacion\/"]}]},{"@type":"BreadcrumbList","@id":"https:\/\/www.ferrovial.com\/es\/stem\/fuente-de-alimentacion\/#breadcrumb","itemListElement":[{"@type":"ListItem","position":1,"name":"Portada","item":"https:\/\/www.ferrovial.com\/es\/"},{"@type":"ListItem","position":2,"name":"STEM","item":"https:\/\/www.ferrovial.com\/es\/stem\/"},{"@type":"ListItem","position":3,"name":"Fuente de alimentaci\u00f3n"}]},{"@type":"WebSite","@id":"https:\/\/www.ferrovial.com\/es\/#website","url":"https:\/\/www.ferrovial.com\/es\/","name":"Ferrovial","description":"Welcome to the Ferrovial&#039;s website, global operator of sustainable infrastructure. Here you can find all the information about the company and subsidiaries.","publisher":{"@id":"https:\/\/www.ferrovial.com\/es\/#organization"},"potentialAction":[{"@type":"SearchAction","target":{"@type":"EntryPoint","urlTemplate":"https:\/\/www.ferrovial.com\/es\/?s={search_term_string}"},"query-input":{"@type":"PropertyValueSpecification","valueRequired":true,"valueName":"search_term_string"}}],"inLanguage":"es"},{"@type":"Organization","@id":"https:\/\/www.ferrovial.com\/es\/#organization","name":"Ferrovial S.A.","url":"https:\/\/www.ferrovial.com\/es\/","logo":{"@type":"ImageObject","inLanguage":"es","@id":"https:\/\/www.ferrovial.com\/es\/#\/schema\/logo\/image\/","url":"https:\/\/static.ferrovial.com\/wp-content\/uploads\/2020\/01\/13124948\/logo-ferrovial-cf7.png","contentUrl":"https:\/\/static.ferrovial.com\/wp-content\/uploads\/2020\/01\/13124948\/logo-ferrovial-cf7.png","width":144,"height":32,"caption":"Ferrovial S.A."},"image":{"@id":"https:\/\/www.ferrovial.com\/es\/#\/schema\/logo\/image\/"},"sameAs":["https:\/\/www.facebook.com\/ferrovial","https:\/\/x.com\/ferrovial","https:\/\/www.instagram.com\/ferrovial\/","https:\/\/www.linkedin.com\/company\/ferrovial","https:\/\/www.pinterest.es\/ferrovial\/","https:\/\/www.youtube.com\/ferrovial","https:\/\/en.wikipedia.org\/wiki\/Ferrovial"]}]}},"_links":{"self":[{"href":"https:\/\/www.ferrovial.com\/es\/wp-json\/wp\/v2\/pages\/264535","targetHints":{"allow":["GET"]}}],"collection":[{"href":"https:\/\/www.ferrovial.com\/es\/wp-json\/wp\/v2\/pages"}],"about":[{"href":"https:\/\/www.ferrovial.com\/es\/wp-json\/wp\/v2\/types\/page"}],"replies":[{"embeddable":true,"href":"https:\/\/www.ferrovial.com\/es\/wp-json\/wp\/v2\/comments?post=264535"}],"version-history":[{"count":2,"href":"https:\/\/www.ferrovial.com\/es\/wp-json\/wp\/v2\/pages\/264535\/revisions"}],"predecessor-version":[{"id":270135,"href":"https:\/\/www.ferrovial.com\/es\/wp-json\/wp\/v2\/pages\/264535\/revisions\/270135"}],"up":[{"embeddable":true,"href":"https:\/\/www.ferrovial.com\/es\/wp-json\/wp\/v2\/pages\/227878"}],"wp:attachment":[{"href":"https:\/\/www.ferrovial.com\/es\/wp-json\/wp\/v2\/media?parent=264535"}],"curies":[{"name":"wp","href":"https:\/\/api.w.org\/{rel}","templated":true}]}}