{"id":264537,"date":"2023-06-30T10:08:15","date_gmt":"2023-06-30T08:08:15","guid":{"rendered":"https:\/\/www.ferrovial.com\/?page_id=264537"},"modified":"2023-10-26T11:56:56","modified_gmt":"2023-10-26T09:56:56","slug":"acera","status":"publish","type":"page","link":"https:\/\/www.ferrovial.com\/es\/recursos\/acera\/","title":{"rendered":"Acera"},"content":{"rendered":"    <m-final-content-header >\n            <c-breadcrumb label-text=\"Breadcrumb\" slot=\"breadcrumbs\" type='2' align='left' wrap='wrapped wrapped' aria-label='Vienes de Recursos'>\n                        <ol>\n\n                                                            <li><a href=\"https:\/\/www.ferrovial.com\/es\/\" title=\"Ferrovial\">Ferrovial<\/a><\/li>\n                                                                        <li><a href=\"https:\/\/www.ferrovial.com\/es\/recursos\/\" title=\"Recursos\">Recursos<\/a><\/li>\n                                    \n                <\/ol>\n\n                <\/c-breadcrumb>\n    \n        <div slot=\"header\">\n            <h1>\n                Acera            <\/h1>\n                    <\/div>\n    <\/m-final-content-header>\n\n    \n\n\n<m-wysiwig class=\"wp-block-components-wysiwyg\"><div slot=\"maincontent\">\n<h2 class=\"wp-block-heading\"><strong>\u00bfQu\u00e9 es una acera?<\/strong><\/h2>\n\n\n\n<script type=\"application\/ld+json\">\n{\n  \"@context\": \"https:\/\/schema.org\",\n  \"@type\": \"FAQPage\",\n  \"mainEntity\": [{\n    \"@type\": \"Question\",\n    \"name\": \"\u00bfQu\u00e9 es una acera?\",\n    \"acceptedAnswer\": {\n      \"@type\": \"Answer\",\n      \"text\": \"Una acera es una superficie destinada al tr\u00e1nsito peatonal en la v\u00eda p\u00fablica que, por lo general, se sit\u00faa entre la fachada de las edificaciones y la orilla de la calzada.\"\n    }\n  },{\n    \"@type\": \"Question\",\n    \"name\": \"\u00bfPara qu\u00e9 sirven las aceras?\",\n    \"acceptedAnswer\": {\n      \"@type\": \"Answer\",\n      \"text\": \"La principal funci\u00f3n de las aceras es brindar v\u00edas para el tr\u00e1nsito peatonal separadas de aquellas destinadas al paso vehicular, pero pueden cumplir muchas otras funciones dependiendo de sus dimensiones y necesidades. Algunas de ellas son la instalaci\u00f3n de postes de alumbrado p\u00fablico, se\u00f1alizaci\u00f3n, buzones de correo, paradas de autob\u00fas, quioscos, mercados ambulantes, terrazas de hosteler\u00eda, alcorques con \u00e1rboles u otra forma de vegetaci\u00f3n, etc.\"\n    }\n  },{\n    \"@type\": \"Question\",\n    \"name\": \"\u00bfCu\u00e1l es la medida ideal de una acera?\",\n    \"acceptedAnswer\": {\n      \"@type\": \"Answer\",\n      \"text\": \"El ancho m\u00ednimo ideal del \u00e1rea destinada exclusivamente al tr\u00e1fico de peatones en una acera suele ser superior a los 1,80 metros. A esto, deber\u00edan sum\u00e1rsele otros 1,5 metros de \u00e1rea de borde, cuyas funciones principales son ofrecer espacio para las prestaciones accesorias de la acera antes mencionadas, as\u00ed como para garantizar un \u00e1rea extra de seguridad que separe a los peatones de alg\u00fan eventual veh\u00edculo descarriado. Las zonas comerciales requieren aceras m\u00e1s amplias, que pueden ir desde 3,60 metros hasta m\u00e1s de 12 metros.\nEstas dimensiones no siempre logran satisfacerse debido, por lo general, a complicaciones relacionadas con el trazado original de una zona urbana que se ha desarrollado por encima de lo previsto, por ejemplo: calles que se usan desde \u00e9pocas muy antiguas, cuando no exist\u00eda siquiera una separaci\u00f3n para el tr\u00e1nsito de peatones, animales de carga y carruajes.\"\n    }\n  },{\n    \"@type\": \"Question\",\n    \"name\": \"\u00bfDe qu\u00e9 materiales se hacen las aceras?\",\n    \"acceptedAnswer\": {\n      \"@type\": \"Answer\",\n      \"text\": \"Se usan materiales capaces de resistir el tr\u00e1fico y soportar el desgaste de los elementos. Uno de los m\u00e1s comunes suele ser el concreto, que se fragua en secciones (en torno a los 1,5 metros). Estos cortes sirven para aliviar la tensi\u00f3n que pueden ejercer los movimientos tect\u00f3nicos y las fluctuaciones de temperatura. Tambi\u00e9n son comunes las aceras de pavimento, adoquines, empedrados y bloques de distintas naturalezas con los que se suelen crear patrones decorativos en el suelo.\"\n    }\n  },{\n    \"@type\": \"Question\",\n    \"name\": \"\u00bfCu\u00e1les son las ventajas de contar con una red de aceras adecuada?\",\n    \"acceptedAnswer\": {\n      \"@type\": \"Answer\",\n      \"text\": \"Un trazado de aceras adecuado puede influir positivamente en la calidad de vida de los habitantes en aspectos tan fundamentales como:\n<ul>\n<li>Salud: caminar es una actividad f\u00edsica de bajo impacto que reporta much\u00edsimos beneficios para la salud. Si los habitantes de una zona cuentan con aceras bien dise\u00f1adas, que facilitan el tr\u00e1nsito peatonal, se ver\u00e1n naturalmente invitados a caminar m\u00e1s; por otro lado, mientras menos veh\u00edculos motorizados haya circulando, menores ser\u00e1n las emisiones y mayor ser\u00e1 la calidad del aire en la zona.<\/li>\n<li>Econom\u00eda: el comercio local se beneficia de un mayor tr\u00e1fico de peatones, lo que al mismo tiempo repercute positivamente en la prosperidad econ\u00f3mica del \u00e1rea. Se ha observado que las aceras amplias facilitan que los viandantes se detengan a observar lo que se ofrece en los escaparates, aumentando las posibilidades de que se sientan atra\u00eddos y entren a los establecimientos.<\/li>\n<li>Seguridad: la violencia y la inseguridad en zonas urbanas est\u00e1n ampliamente asociadas al aislamiento social. La acera como espacio de encuentro entre los habitantes de una zona promueve la cercan\u00eda y el reconocimiento de una comunidad.\n<\/li>\n<li>Accesibilidad: las aceras con una pendiente adecuada y con rampas de entrada y salida facilitan la vida de personas con movilidad reducida. Las superficies podot\u00e1ctiles en determinadas \u00e1reas, como los bordes de la acera, o las l\u00edneas de gu\u00eda en el centro de una caminer\u00eda ayudan a las personas con discapacidad visual a orientarse y evitar peligros.\n<\/li>\n<\/ul>\"\n    }\n  }]\n}\n<\/script><p>Una acera es <strong>una superficie destinada al tr\u00e1nsito peatonal en la v\u00eda p\u00fablica <\/strong>que, por lo general, se sit\u00faa entre la fachada de las edificaciones y la orilla de la calzada. Las aceras suelen construirse a los dos lados de la calle y normalmente est\u00e1n separadas de estas por bordillos que las elevan unos cent\u00edmetros por encima de la v\u00eda destinada a los veh\u00edculos.<\/p>\n\n\n\n<h2 class=\"wp-block-heading\"><strong>\u00bfPara qu\u00e9 sirven las aceras?<\/strong><\/h2>\n\n\n\n<p>La principal funci\u00f3n de las aceras es brindar v\u00edas para el tr\u00e1nsito peatonal separadas de aquellas destinadas al paso vehicular, pero pueden cumplir muchas otras funciones dependiendo de sus dimensiones y necesidades. Algunas de ellas son la instalaci\u00f3n de postes de <a href=\"https:\/\/www.ferrovial.com\/es\/recursos\/alumbrado-publico\/\" target=\"_blank\" rel=\"noreferrer noopener\">alumbrado p\u00fablico<\/a>, se\u00f1alizaci\u00f3n, buzones de correo, paradas de autob\u00fas, quioscos, mercados ambulantes, terrazas de hosteler\u00eda, alcorques con \u00e1rboles u otra forma de vegetaci\u00f3n, etc.<\/p>\n\n\n\n<h2 class=\"wp-block-heading\"><strong>\u00bfCu\u00e1l es la medida ideal de una acera?<\/strong><\/h2>\n\n\n\n<p>Las medidas de las aceras pueden variar seg\u00fan la legislaci\u00f3n local, las capacidades de la v\u00eda, las condiciones del terreno y el tr\u00e1fico motorizado y peatonal de la calle espec\u00edfica. El <strong>ancho m\u00ednimo ideal del \u00e1rea destinada exclusivamente al tr\u00e1fico de peatones en una acera suele ser superior a los 1,80 metros<\/strong>. A esto, deber\u00edan sum\u00e1rsele otros <strong>1,5 metros de \u00e1rea de borde<\/strong>, cuyas funciones principales son ofrecer espacio para las prestaciones accesorias de la acera antes mencionadas, as\u00ed como para garantizar un <strong>\u00e1rea extra de seguridad <\/strong>que separe a los peatones de alg\u00fan eventual veh\u00edculo descarriado. Las <strong>zonas comerciales<\/strong> requieren aceras m\u00e1s amplias, que pueden ir desde <strong>3,60 metros hasta m\u00e1s de 12 metros<\/strong>.<\/p>\n\n\n\n<p>Estas dimensiones <strong>no siempre logran satisfacerse <\/strong>debido, por lo general, a <strong>complicaciones relacionadas con el trazado original de una zona urbana que se ha desarrollado por encima de lo previsto<\/strong>, por ejemplo: calles que se usan desde \u00e9pocas muy antiguas, cuando no exist\u00eda siquiera una separaci\u00f3n para el tr\u00e1nsito de peatones, animales de carga y carruajes.<\/p>\n\n\n\n<h2 class=\"wp-block-heading\"><strong>\u00bfDe qu\u00e9 materiales se hacen las aceras?<\/strong><\/h2>\n\n\n\n<p>La selecci\u00f3n del material de las aceras depender\u00e1 de razones est\u00e9ticas y econ\u00f3micas. Se usan <strong>materiales capaces de resistir el tr\u00e1fico y soportar el desgaste de los elementos<\/strong>. Uno de los m\u00e1s comunes suele ser el <a href=\"https:\/\/www.ferrovial.com\/es\/recursos\/cemento\/\" target=\"_blank\" rel=\"noreferrer noopener\">concreto<\/a>, que se fragua en secciones (en torno a los 1,5 metros). Estos cortes sirven para aliviar la tensi\u00f3n que pueden ejercer los movimientos tect\u00f3nicos y las fluctuaciones de temperatura. Tambi\u00e9n son comunes las aceras de <strong>pavimento, adoquines, empedrados y bloques <\/strong>de distintas naturalezas con los que se suelen crear <strong>patrones decorativos <\/strong>en el suelo.&nbsp;<\/p>\n\n\n\n<h2 class=\"wp-block-heading\"><strong>\u00bfCu\u00e1les son las ventajas de contar con una red de aceras adecuada?<\/strong><\/h2>\n\n\n\n<p>Un trazado de aceras adecuado <strong>puede influir positivamente en la calidad de vida de los habitantes <\/strong>en aspectos tan fundamentales como:<\/p>\n\n\n\n<ul class=\"wp-block-list\">\n<li><strong>Salud: <\/strong>caminar es una actividad f\u00edsica de bajo impacto que reporta much\u00edsimos beneficios para la salud. Si los habitantes de una zona cuentan con aceras bien dise\u00f1adas, que facilitan el tr\u00e1nsito peatonal, se ver\u00e1n naturalmente invitados a caminar m\u00e1s; por otro lado, mientras menos veh\u00edculos motorizados haya circulando, menores ser\u00e1n las emisiones y mayor ser\u00e1 la <a href=\"https:\/\/www.ferrovial.com\/es-es\/sostenibilidad\/medio-ambiente\/huella-carbono\/calidad-aire\/\" target=\"_blank\" rel=\"noreferrer noopener\">calidad del aire<\/a> en la zona.<\/li>\n\n\n\n<li><strong>Econom\u00eda: <\/strong>el comercio local se beneficia de un mayor tr\u00e1fico de peatones, lo que al mismo tiempo repercute positivamente en la prosperidad econ\u00f3mica del \u00e1rea. Se ha observado que las aceras amplias facilitan que los viandantes se detengan a observar lo que se ofrece en los escaparates, aumentando las posibilidades de que se sientan atra\u00eddos y entren a los establecimientos.<\/li>\n\n\n\n<li><strong>Seguridad: <\/strong>la violencia y la inseguridad en zonas urbanas est\u00e1n ampliamente asociadas al aislamiento social. La acera como espacio de encuentro entre los habitantes de una zona promueve la cercan\u00eda y el reconocimiento de una comunidad.<\/li>\n\n\n\n<li><a href=\"https:\/\/www.ferrovial.com\/es\/stem\/accesibilidad\/\" target=\"_blank\" rel=\"noreferrer noopener\"><strong>Accesibilidad<\/strong><\/a><strong>:<\/strong> las aceras con una pendiente adecuada y con rampas de entrada y salida facilitan la vida de personas con movilidad reducida. Las superficies podot\u00e1ctiles en determinadas \u00e1reas, como los bordes de la acera, o las l\u00edneas de gu\u00eda en el centro de una caminer\u00eda ayudan a las personas con discapacidad visual a orientarse y evitar peligros.<\/li>\n<\/ul>\n<\/div><\/m-wysiwig>\n\n\n    <m-projects-distributor2 :translations='{\n        &quot;prev&quot;:&quot;Anterior&quot;,\n        &quot;next&quot;:&quot;Siguiente&quot;,\n        &quot;paginationseparator&quot;:&quot;de&quot;\n    }'>\n                        <h2 slot=\"title\">\n                Nuestros proyectos destacados                <\/h2>\n                        <a slot='button' title='Conoce nuestros proyectos ' href='https:\/\/www.ferrovial.com\/es\/cintra\/proyectos\/'>\n            Conoce nuestros proyectos         <\/a>\n\n            <\/m-projects-distributor2>\n\n    ","protected":false},"excerpt":{"rendered":"","protected":false},"featured_media":0,"parent":25267,"menu_order":0,"comment_status":"closed","ping_status":"closed","template":"","meta":{"_acf_changed":false,"footnotes":""},"class_list":["post-264537","page","type-page","status-publish","hentry"],"acf":[],"yoast_head":"<!-- This site is optimized with the Yoast SEO plugin v27.2 - https:\/\/yoast.com\/product\/yoast-seo-wordpress\/ -->\n<title>Acera - Ferrovial<\/title>\n<meta name=\"description\" content=\"La principal funci\u00f3n de las aceras es brindar v\u00edas para el tr\u00e1nsito peatonal separadas de aquellas destinadas al paso vehicular, pero pueden cumplir muchas otras funciones dependiendo de sus dimensiones y necesidades.\" \/>\n<meta name=\"robots\" content=\"index, follow, max-snippet:-1, max-image-preview:large, max-video-preview:-1\" \/>\n<link rel=\"canonical\" href=\"https:\/\/www.ferrovial.com\/es\/recursos\/acera\/\" \/>\n<meta property=\"og:locale\" content=\"es_ES\" \/>\n<meta property=\"og:type\" content=\"article\" \/>\n<meta property=\"og:title\" content=\"Acera - Ferrovial\" \/>\n<meta property=\"og:description\" content=\"La principal funci\u00f3n de las aceras es brindar v\u00edas para el tr\u00e1nsito peatonal separadas de aquellas destinadas al paso vehicular, pero pueden cumplir muchas otras funciones dependiendo de sus dimensiones y necesidades.\" \/>\n<meta property=\"og:url\" content=\"https:\/\/www.ferrovial.com\/es\/recursos\/acera\/\" \/>\n<meta property=\"og:site_name\" content=\"Ferrovial\" \/>\n<meta property=\"article:publisher\" content=\"https:\/\/www.facebook.com\/ferrovial\" \/>\n<meta property=\"article:modified_time\" content=\"2023-10-26T09:56:56+00:00\" \/>\n<meta name=\"twitter:card\" content=\"summary_large_image\" \/>\n<meta name=\"twitter:site\" content=\"@ferrovial\" \/>\n<meta name=\"twitter:label1\" content=\"Est. reading time\" \/>\n\t<meta name=\"twitter:data1\" content=\"4 minutos\" \/>\n<!-- \/ Yoast SEO plugin. -->","yoast_head_json":{"title":"Acera - Ferrovial","description":"La principal funci\u00f3n de las aceras es brindar v\u00edas para el tr\u00e1nsito peatonal separadas de aquellas destinadas al paso vehicular, pero pueden cumplir muchas otras funciones dependiendo de sus dimensiones y necesidades.","robots":{"index":"index","follow":"follow","max-snippet":"max-snippet:-1","max-image-preview":"max-image-preview:large","max-video-preview":"max-video-preview:-1"},"canonical":"https:\/\/www.ferrovial.com\/es\/recursos\/acera\/","og_locale":"es_ES","og_type":"article","og_title":"Acera - Ferrovial","og_description":"La principal funci\u00f3n de las aceras es brindar v\u00edas para el tr\u00e1nsito peatonal separadas de aquellas destinadas al paso vehicular, pero pueden cumplir muchas otras funciones dependiendo de sus dimensiones y necesidades.","og_url":"https:\/\/www.ferrovial.com\/es\/recursos\/acera\/","og_site_name":"Ferrovial","article_publisher":"https:\/\/www.facebook.com\/ferrovial","article_modified_time":"2023-10-26T09:56:56+00:00","twitter_card":"summary_large_image","twitter_site":"@ferrovial","twitter_misc":{"Est. reading time":"4 minutos"},"schema":{"@context":"https:\/\/schema.org","@graph":[{"@type":"WebPage","@id":"https:\/\/www.ferrovial.com\/es\/recursos\/acera\/","url":"https:\/\/www.ferrovial.com\/es\/recursos\/acera\/","name":"Acera - Ferrovial","isPartOf":{"@id":"https:\/\/www.ferrovial.com\/es\/#website"},"datePublished":"2023-06-30T08:08:15+00:00","dateModified":"2023-10-26T09:56:56+00:00","description":"La principal funci\u00f3n de las aceras es brindar v\u00edas para el tr\u00e1nsito peatonal separadas de aquellas destinadas al paso vehicular, pero pueden cumplir muchas otras funciones dependiendo de sus dimensiones y necesidades.","breadcrumb":{"@id":"https:\/\/www.ferrovial.com\/es\/recursos\/acera\/#breadcrumb"},"inLanguage":"es","potentialAction":[{"@type":"ReadAction","target":["https:\/\/www.ferrovial.com\/es\/recursos\/acera\/"]}]},{"@type":"BreadcrumbList","@id":"https:\/\/www.ferrovial.com\/es\/recursos\/acera\/#breadcrumb","itemListElement":[{"@type":"ListItem","position":1,"name":"Portada","item":"https:\/\/www.ferrovial.com\/es\/"},{"@type":"ListItem","position":2,"name":"Recursos","item":"https:\/\/www.ferrovial.com\/es\/recursos\/"},{"@type":"ListItem","position":3,"name":"Acera"}]},{"@type":"WebSite","@id":"https:\/\/www.ferrovial.com\/es\/#website","url":"https:\/\/www.ferrovial.com\/es\/","name":"Ferrovial","description":"Welcome to the Ferrovial&#039;s website, global operator of sustainable infrastructure. Here you can find all the information about the company and subsidiaries.","publisher":{"@id":"https:\/\/www.ferrovial.com\/es\/#organization"},"potentialAction":[{"@type":"SearchAction","target":{"@type":"EntryPoint","urlTemplate":"https:\/\/www.ferrovial.com\/es\/?s={search_term_string}"},"query-input":{"@type":"PropertyValueSpecification","valueRequired":true,"valueName":"search_term_string"}}],"inLanguage":"es"},{"@type":"Organization","@id":"https:\/\/www.ferrovial.com\/es\/#organization","name":"Ferrovial S.A.","url":"https:\/\/www.ferrovial.com\/es\/","logo":{"@type":"ImageObject","inLanguage":"es","@id":"https:\/\/www.ferrovial.com\/es\/#\/schema\/logo\/image\/","url":"https:\/\/static.ferrovial.com\/wp-content\/uploads\/2020\/01\/13124948\/logo-ferrovial-cf7.png","contentUrl":"https:\/\/static.ferrovial.com\/wp-content\/uploads\/2020\/01\/13124948\/logo-ferrovial-cf7.png","width":144,"height":32,"caption":"Ferrovial S.A."},"image":{"@id":"https:\/\/www.ferrovial.com\/es\/#\/schema\/logo\/image\/"},"sameAs":["https:\/\/www.facebook.com\/ferrovial","https:\/\/x.com\/ferrovial","https:\/\/www.instagram.com\/ferrovial\/","https:\/\/www.linkedin.com\/company\/ferrovial","https:\/\/www.pinterest.es\/ferrovial\/","https:\/\/www.youtube.com\/ferrovial","https:\/\/en.wikipedia.org\/wiki\/Ferrovial"]}]}},"_links":{"self":[{"href":"https:\/\/www.ferrovial.com\/es\/wp-json\/wp\/v2\/pages\/264537","targetHints":{"allow":["GET"]}}],"collection":[{"href":"https:\/\/www.ferrovial.com\/es\/wp-json\/wp\/v2\/pages"}],"about":[{"href":"https:\/\/www.ferrovial.com\/es\/wp-json\/wp\/v2\/types\/page"}],"replies":[{"embeddable":true,"href":"https:\/\/www.ferrovial.com\/es\/wp-json\/wp\/v2\/comments?post=264537"}],"version-history":[{"count":3,"href":"https:\/\/www.ferrovial.com\/es\/wp-json\/wp\/v2\/pages\/264537\/revisions"}],"predecessor-version":[{"id":270138,"href":"https:\/\/www.ferrovial.com\/es\/wp-json\/wp\/v2\/pages\/264537\/revisions\/270138"}],"up":[{"embeddable":true,"href":"https:\/\/www.ferrovial.com\/es\/wp-json\/wp\/v2\/pages\/25267"}],"wp:attachment":[{"href":"https:\/\/www.ferrovial.com\/es\/wp-json\/wp\/v2\/media?parent=264537"}],"curies":[{"name":"wp","href":"https:\/\/api.w.org\/{rel}","templated":true}]}}