{"id":264539,"date":"2023-06-30T10:13:45","date_gmt":"2023-06-30T08:13:45","guid":{"rendered":"https:\/\/www.ferrovial.com\/?page_id=264539"},"modified":"2025-04-07T16:37:34","modified_gmt":"2025-04-07T14:37:34","slug":"definicion-de-sostenibilidad","status":"publish","type":"page","link":"https:\/\/www.ferrovial.com\/es\/recursos\/definicion-de-sostenibilidad\/","title":{"rendered":"Definici\u00f3n de Sostenibilidad"},"content":{"rendered":"    <m-final-content-header >\n            <c-breadcrumb label-text=\"Breadcrumb\" slot=\"breadcrumbs\" type='2' align='left' wrap='wrapped wrapped' aria-label='Vienes de Recursos'>\n                        <ol>\n\n                                                            <li><a href=\"https:\/\/www.ferrovial.com\/es\/\" title=\"Ferrovial\">Ferrovial<\/a><\/li>\n                                                                        <li><a href=\"https:\/\/www.ferrovial.com\/es\/recursos\/\" title=\"Recursos\">Recursos<\/a><\/li>\n                                    \n                <\/ol>\n\n                <\/c-breadcrumb>\n    \n        <div slot=\"header\">\n            <h1>\n                Definici\u00f3n de Sostenibilidad            <\/h1>\n                    <\/div>\n    <\/m-final-content-header>\n\n    \n\n\n<m-wysiwig class=\"wp-block-components-wysiwyg\"><div slot=\"maincontent\">\n<h2 class=\"wp-block-heading\"><strong>\u00bfQu\u00e9 es la sostenibilidad?<\/strong><\/h2>\n\n\n\n<p><script type=\"application\/ld+json\">\n{\n  \"@context\": \"https:\/\/schema.org\",\n  \"@type\": \"FAQPage\",\n  \"mainEntity\": [{\n    \"@type\": \"Question\",\n    \"name\": \"\u00bfQu\u00e9 es la sostenibilidad?\",\n    \"acceptedAnswer\": {\n      \"@type\": \"Answer\",\n      \"text\": \"Se entiende por sostenibilidad al principio que busca cubrir las necesidades de las generaciones actuales sin que se vean comprometidas las del futuro garantizando un equilibrio entre tres pilares fundamentales: la protecci\u00f3n del medioambiente, el desarrollo y bienestar social y el crecimiento econ\u00f3mico de las naciones. \n\nLa sostenibilidad implica la conciencia de que los recursos del medio ambiente no son una fuente inagotable, por lo que preservarlos y usarlos de manera racional es indispensable para garantizar el bienestar de las pr\u00f3ximas generaciones.\"\n    }\n  },{\n    \"@type\": \"Question\",\n    \"name\": \"\u00bfC\u00f3mo se ha desarrollado el concepto de sostenibilidad en el tiempo?\",\n    \"acceptedAnswer\": {\n      \"@type\": \"Answer\",\n      \"text\": \"Despu\u00e9s de la introducci\u00f3n del t\u00e9rmino de sostenibilidad en el Informe Brundtland, en la Cumbre del Milenio celebrada en 2010 se establecen los Objetivos de Desarrollo del Milenio (ODM), que plantea una ruta para conseguir la reducci\u00f3n de la pobreza y el hambre, mejorar los sistemas de salud y educaci\u00f3n, conseguir la igualdad de g\u00e9nero y alcanzar la sostenibilidad ambiental. El compromiso asumido con esta ruta era la consecuci\u00f3n de los objetivos para el a\u00f1o 2015.\u00a0\n\nPosteriormente, este compromiso evolucion\u00f3 a la Agenda 2030, un plan de acci\u00f3n desarrollado por las Naciones Unidas para conseguir el desarrollo sostenible a nivel global, en beneficio del planeta, las personas y el progreso. Con este programa, m\u00e1s de 190 pa\u00edses desarrollaron 17 Objetivos de Desarrollo Sostenible (ODS), en el marco de lo econ\u00f3mico, social y ambiental. Estos objetivos ameritan la implicaci\u00f3n de personas, empresas y administraciones de todo el mundo para su consecuci\u00f3n.\u00a0\n\nEn Ferrovial desarrollamos nuestros propios objetivos asociados a los ODS y esta es nuestra estrategia de sostenibilidad de 2030.\"\n    }\n  },{\n    \"@type\": \"Question\",\n    \"name\": \"\u00bfCu\u00e1les son los pilares de la sostenibilidad?\",\n    \"acceptedAnswer\": {\n      \"@type\": \"Answer\",\n      \"text\": \"Las metas comunes aprobadas por las Naciones Unidas en la Agenda 2030 est\u00e1n orientadas a proteger el planeta al mismo tiempo que se garantiza el bienestar y resguardo de las personas.\u00a0\nLa sostenibilidad hace \u00e9nfasis en tres pilares:\n<ol>\n<li>Sostenibilidad ambiental<\/li>\n<li>Sostenibilidad econ\u00f3mica<\/li>\n<li>Sostenibilidad social<\/li>\n<\/ol>\nEn Ferrovial nos interesa contribuir al desarrollo sostenible, atendiendo los desaf\u00edos que enfrenta el planeta para que las pr\u00f3ximas generaciones tengan garant\u00eda de un futuro mejor. Conoce los \u00edndices de sostenibilidad m\u00e1s importantes con reconocimiento internacional y en los que estamos presentes.\"\n    }\n  },{\n    \"@type\": \"Question\",\n    \"name\": \"\u00bfCu\u00e1les son las ciudades m\u00e1s sostenibles del mundo?\",\n    \"acceptedAnswer\": {\n      \"@type\": \"Answer\",\n      \"text\": \"En 2022 se desarroll\u00f3 el \u00cdndice de ciudades sostenibles en conjunto con el Programa de Naciones Unidas para los Asentamientos Humanos, clasificando las 100 ciudades m\u00e1s sostenibles del mundo. Este informe se basa en los tres pilares de la sostenibilidad: componente social (calidad de vida, sanidad, trabajo), componente econ\u00f3mico (salud econ\u00f3mica del pa\u00eds) y componente ambiental (niveles de contaminaci\u00f3n, iniciativas de reciclaje). En funci\u00f3n a esto, las principales ciudades son:\n<ul>\n<li>Oslo<\/li>\n<li>Estocolmo<\/li>\n<li>Tokio<\/li>\n<li>Copenhague<\/li>\n<li>Berl\u00edn<\/li>\n<li>Londres<\/li>\n<li>Seattle<\/li>\n<li>Par\u00eds<\/li>\n<li>San Francisco<\/li>\n<li>Amsterdam<\/li>\n<\/ul>\"\n    }\n  }]\n}\n<\/script><\/p>\n\n\n\n<p>El concepto se introduce, por primera vez, en el <a href=\"https:\/\/es.wikipedia.org\/wiki\/Informe_Brundtland\" target=\"_blank\" rel=\"noreferrer noopener\"><strong>Informe Brundtland<\/strong><\/a><strong>, publicado en 1978 <\/strong>para las Naciones Unidas, en el que <strong>se analizan las diferentes pol\u00edticas de desarrollo econ\u00f3mico y globalizaci\u00f3n y su impacto en el medioambiente,<\/strong> buscando dar con <strong>posibles soluciones <\/strong>a los problemas asociados a la industrializaci\u00f3n y al crecimiento demogr\u00e1fico.&nbsp;<\/p>\n\n\n\n<p>La sostenibilidad implica la conciencia de que <strong>los recursos del medio ambiente no son una fuente inagotable,<\/strong> por lo que <strong>preservarlos y usarlos de manera racional <\/strong>es indispensable para garantizar el bienestar de las pr\u00f3ximas generaciones.&nbsp;<\/p>\n\n\n\n<p>El contexto actual de emergencia clim\u00e1tica exige un <strong>cambio en los h\u00e1bitos de consumo <\/strong>a nivel individual, y la transformaci\u00f3n de <strong>la misi\u00f3n y visi\u00f3n <\/strong>a nivel empresarial e institucional, para apuntar a una <a href=\"https:\/\/www.ferrovial.com\/es\/recursos\/economia-circular\/\" target=\"_blank\" rel=\"noreferrer noopener\"><strong>econom\u00eda circular<\/strong><\/a> e inclusiva, que tome en cuenta factores sociales y ambientales.&nbsp;<\/p>\n\n\n\n<h2 class=\"wp-block-heading\"><strong>\u00bfCu\u00e1les son los pilares de la sostenibilidad?<\/strong><\/h2>\n\n\n\n<p>La sostenibilidad hace \u00e9nfasis en tres pilares:<\/p>\n\n\n\n<ol class=\"wp-block-list\">\n<li><strong>Sostenibilidad ambiental: <\/strong>se enfoca en la conservaci\u00f3n de la biodiversidad, sin afectar el progreso social y econ\u00f3mico. Preservar el <a href=\"https:\/\/www.ferrovial.com\/es\/recursos\/agua\/\" target=\"_blank\" rel=\"noreferrer noopener\">agua<\/a>, reducir los <a href=\"https:\/\/www.ferrovial.com\/es\/recursos\/residuos\/\" target=\"_blank\" rel=\"noreferrer noopener\">residuos<\/a>, reutilizar los recursos, limitar y eliminar el uso de pl\u00e1sticos, ahorrar energ\u00eda, promover la <a href=\"https:\/\/www.ferrovial.com\/es\/recursos\/movilidad-sostenible\/\" target=\"_blank\" rel=\"noreferrer noopener\">movilidad sostenible<\/a>, apoyar la agricultura regenerativa con cero emisiones de carbono y el uso de las <a href=\"https:\/\/www.ferrovial.com\/es\/recursos\/energias-renovables\/\" target=\"_blank\" rel=\"noreferrer noopener\">energ\u00edas renovables<\/a>, son algunos de sus principios.<\/li>\n\n\n\n<li><strong>Sostenibilidad econ\u00f3mica: <\/strong>se trata la capacidad de administrar los recursos y generar rentabilidad de manera responsable. La sostenibilidad econ\u00f3mica busca impulsar el avance econ\u00f3mico y la generaci\u00f3n y distribuci\u00f3n de la riqueza sin afectar los recursos naturales.&nbsp;<\/li>\n\n\n\n<li><strong>Sostenibilidad social:<\/strong> tiene como fin fortalecer la estabilidad y uni\u00f3n de grupos sociales. Con este pilar se busca garantizar la calidad de vida, el acceso a viviendas dignas, a educaci\u00f3n gratuita y recursos; dotar a comunidades de herramientas, cr\u00e9ditos y formaci\u00f3n para la autogesti\u00f3n comunitaria; etc.&nbsp;<\/li>\n<\/ol>\n\n\n\n<p><strong>Conoce los <\/strong><a href=\"https:\/\/www.ferrovial.com\/es-es\/sostenibilidad\/rsc\/indices\/\" target=\"_blank\" rel=\"noreferrer noopener\"><strong>\u00edndices de sostenibilidad<\/strong><\/a><strong> m\u00e1s importantes con reconocimiento internacional <\/strong>y en los que estamos presentes.&nbsp;<\/p>\n\n\n\n<h2 class=\"wp-block-heading\"><strong>\u00bfCu\u00e1les son las ciudades m\u00e1s sostenibles del mundo?<\/strong><\/h2>\n\n\n\n<p>En 2022 se desarroll\u00f3 el <a href=\"https:\/\/www.arcadis.com\/es-es\/knowledge-hub\/perspectives\/global\/indice-de-ciudades-sostenibles\" target=\"_blank\" rel=\"noreferrer noopener\">\u00cdndice de ciudades sostenibles<\/a> en conjunto con el Programa de Naciones Unidas para los Asentamientos Humanos, clasificando las 100 ciudades m\u00e1s sostenibles del mundo. Este informe se basa en los tres pilares de la sostenibilidad: <strong>componente social<\/strong> (calidad de vida, sanidad, trabajo), <strong>componente econ\u00f3mico<\/strong> (salud econ\u00f3mica del pa\u00eds) y <strong>componente ambiental<\/strong> (niveles de contaminaci\u00f3n, iniciativas de reciclaje). En funci\u00f3n a esto, las principales ciudades son:<\/p>\n\n\n\n<ul class=\"wp-block-list\">\n<li>Oslo<\/li>\n\n\n\n<li>Estocolmo<\/li>\n\n\n\n<li>Tokio<\/li>\n\n\n\n<li>Copenhague<\/li>\n\n\n\n<li>Berl\u00edn<\/li>\n\n\n\n<li>Londres<\/li>\n\n\n\n<li>Seattle<\/li>\n\n\n\n<li>Par\u00eds<\/li>\n\n\n\n<li>San Francisco<\/li>\n\n\n\n<li>Amsterdam<\/li>\n<\/ul>\n<\/div><\/m-wysiwig>\n\n\n    <m-projects-distributor2 :translations='{\n        &quot;prev&quot;:&quot;Anterior&quot;,\n        &quot;next&quot;:&quot;Siguiente&quot;,\n        &quot;paginationseparator&quot;:&quot;de&quot;\n    }'>\n                        <h2 slot=\"title\">\n                Nuestros proyectos destacados                <\/h2>\n                        <a slot='button' title='Conoce nuestros proyectos ' href='https:\/\/www.ferrovial.com\/es\/cintra\/proyectos\/'>\n            Conoce nuestros proyectos         <\/a>\n\n            <\/m-projects-distributor2>\n\n    ","protected":false},"excerpt":{"rendered":"","protected":false},"featured_media":0,"parent":25267,"menu_order":0,"comment_status":"closed","ping_status":"closed","template":"","meta":{"_acf_changed":false,"footnotes":""},"class_list":["post-264539","page","type-page","status-publish","hentry"],"acf":[],"yoast_head":"<!-- This site is optimized with the Yoast SEO plugin v27.2 - https:\/\/yoast.com\/product\/yoast-seo-wordpress\/ -->\n<title>Definici\u00f3n de Sostenibilidad - Ferrovial<\/title>\n<meta name=\"description\" content=\"El concepto se introduce,\u00a1 por primera vez en el Informe Brundtland en el que se analizan las diferentes pol\u00edticas de desarrollo econ\u00f3mico y globalizaci\u00f3n y su impacto en el medioambiente.\" \/>\n<meta name=\"robots\" content=\"index, follow, max-snippet:-1, max-image-preview:large, max-video-preview:-1\" \/>\n<link rel=\"canonical\" href=\"https:\/\/www.ferrovial.com\/es\/recursos\/definicion-de-sostenibilidad\/\" \/>\n<meta property=\"og:locale\" content=\"es_ES\" \/>\n<meta property=\"og:type\" content=\"article\" \/>\n<meta property=\"og:title\" content=\"Definici\u00f3n de Sostenibilidad - Ferrovial\" \/>\n<meta property=\"og:description\" content=\"El concepto se introduce,\u00a1 por primera vez en el Informe Brundtland en el que se analizan las diferentes pol\u00edticas de desarrollo econ\u00f3mico y globalizaci\u00f3n y su impacto en el medioambiente.\" \/>\n<meta property=\"og:url\" content=\"https:\/\/www.ferrovial.com\/es\/recursos\/definicion-de-sostenibilidad\/\" \/>\n<meta property=\"og:site_name\" content=\"Ferrovial\" \/>\n<meta property=\"article:publisher\" content=\"https:\/\/www.facebook.com\/ferrovial\" \/>\n<meta property=\"article:modified_time\" content=\"2025-04-07T14:37:34+00:00\" \/>\n<meta name=\"twitter:card\" content=\"summary_large_image\" \/>\n<meta name=\"twitter:site\" content=\"@ferrovial\" \/>\n<meta name=\"twitter:label1\" content=\"Est. reading time\" \/>\n\t<meta name=\"twitter:data1\" content=\"2 minutos\" \/>\n<!-- \/ Yoast SEO plugin. -->","yoast_head_json":{"title":"Definici\u00f3n de Sostenibilidad - Ferrovial","description":"El concepto se introduce,\u00a1 por primera vez en el Informe Brundtland en el que se analizan las diferentes pol\u00edticas de desarrollo econ\u00f3mico y globalizaci\u00f3n y su impacto en el medioambiente.","robots":{"index":"index","follow":"follow","max-snippet":"max-snippet:-1","max-image-preview":"max-image-preview:large","max-video-preview":"max-video-preview:-1"},"canonical":"https:\/\/www.ferrovial.com\/es\/recursos\/definicion-de-sostenibilidad\/","og_locale":"es_ES","og_type":"article","og_title":"Definici\u00f3n de Sostenibilidad - Ferrovial","og_description":"El concepto se introduce,\u00a1 por primera vez en el Informe Brundtland en el que se analizan las diferentes pol\u00edticas de desarrollo econ\u00f3mico y globalizaci\u00f3n y su impacto en el medioambiente.","og_url":"https:\/\/www.ferrovial.com\/es\/recursos\/definicion-de-sostenibilidad\/","og_site_name":"Ferrovial","article_publisher":"https:\/\/www.facebook.com\/ferrovial","article_modified_time":"2025-04-07T14:37:34+00:00","twitter_card":"summary_large_image","twitter_site":"@ferrovial","twitter_misc":{"Est. reading time":"2 minutos"},"schema":{"@context":"https:\/\/schema.org","@graph":[{"@type":"WebPage","@id":"https:\/\/www.ferrovial.com\/es\/recursos\/definicion-de-sostenibilidad\/","url":"https:\/\/www.ferrovial.com\/es\/recursos\/definicion-de-sostenibilidad\/","name":"Definici\u00f3n de Sostenibilidad - Ferrovial","isPartOf":{"@id":"https:\/\/www.ferrovial.com\/es\/#website"},"datePublished":"2023-06-30T08:13:45+00:00","dateModified":"2025-04-07T14:37:34+00:00","description":"El concepto se introduce,\u00a1 por primera vez en el Informe Brundtland en el que se analizan las diferentes pol\u00edticas de desarrollo econ\u00f3mico y globalizaci\u00f3n y su impacto en el medioambiente.","breadcrumb":{"@id":"https:\/\/www.ferrovial.com\/es\/recursos\/definicion-de-sostenibilidad\/#breadcrumb"},"inLanguage":"es","potentialAction":[{"@type":"ReadAction","target":["https:\/\/www.ferrovial.com\/es\/recursos\/definicion-de-sostenibilidad\/"]}]},{"@type":"BreadcrumbList","@id":"https:\/\/www.ferrovial.com\/es\/recursos\/definicion-de-sostenibilidad\/#breadcrumb","itemListElement":[{"@type":"ListItem","position":1,"name":"Portada","item":"https:\/\/www.ferrovial.com\/es\/"},{"@type":"ListItem","position":2,"name":"Recursos","item":"https:\/\/www.ferrovial.com\/es\/recursos\/"},{"@type":"ListItem","position":3,"name":"Definici\u00f3n de Sostenibilidad"}]},{"@type":"WebSite","@id":"https:\/\/www.ferrovial.com\/es\/#website","url":"https:\/\/www.ferrovial.com\/es\/","name":"Ferrovial","description":"Welcome to the Ferrovial&#039;s website, global operator of sustainable infrastructure. Here you can find all the information about the company and subsidiaries.","publisher":{"@id":"https:\/\/www.ferrovial.com\/es\/#organization"},"potentialAction":[{"@type":"SearchAction","target":{"@type":"EntryPoint","urlTemplate":"https:\/\/www.ferrovial.com\/es\/?s={search_term_string}"},"query-input":{"@type":"PropertyValueSpecification","valueRequired":true,"valueName":"search_term_string"}}],"inLanguage":"es"},{"@type":"Organization","@id":"https:\/\/www.ferrovial.com\/es\/#organization","name":"Ferrovial S.A.","url":"https:\/\/www.ferrovial.com\/es\/","logo":{"@type":"ImageObject","inLanguage":"es","@id":"https:\/\/www.ferrovial.com\/es\/#\/schema\/logo\/image\/","url":"https:\/\/static.ferrovial.com\/wp-content\/uploads\/2020\/01\/13124948\/logo-ferrovial-cf7.png","contentUrl":"https:\/\/static.ferrovial.com\/wp-content\/uploads\/2020\/01\/13124948\/logo-ferrovial-cf7.png","width":144,"height":32,"caption":"Ferrovial S.A."},"image":{"@id":"https:\/\/www.ferrovial.com\/es\/#\/schema\/logo\/image\/"},"sameAs":["https:\/\/www.facebook.com\/ferrovial","https:\/\/x.com\/ferrovial","https:\/\/www.instagram.com\/ferrovial\/","https:\/\/www.linkedin.com\/company\/ferrovial","https:\/\/www.pinterest.es\/ferrovial\/","https:\/\/www.youtube.com\/ferrovial","https:\/\/en.wikipedia.org\/wiki\/Ferrovial"]}]}},"_links":{"self":[{"href":"https:\/\/www.ferrovial.com\/es\/wp-json\/wp\/v2\/pages\/264539","targetHints":{"allow":["GET"]}}],"collection":[{"href":"https:\/\/www.ferrovial.com\/es\/wp-json\/wp\/v2\/pages"}],"about":[{"href":"https:\/\/www.ferrovial.com\/es\/wp-json\/wp\/v2\/types\/page"}],"replies":[{"embeddable":true,"href":"https:\/\/www.ferrovial.com\/es\/wp-json\/wp\/v2\/comments?post=264539"}],"version-history":[{"count":3,"href":"https:\/\/www.ferrovial.com\/es\/wp-json\/wp\/v2\/pages\/264539\/revisions"}],"predecessor-version":[{"id":303092,"href":"https:\/\/www.ferrovial.com\/es\/wp-json\/wp\/v2\/pages\/264539\/revisions\/303092"}],"up":[{"embeddable":true,"href":"https:\/\/www.ferrovial.com\/es\/wp-json\/wp\/v2\/pages\/25267"}],"wp:attachment":[{"href":"https:\/\/www.ferrovial.com\/es\/wp-json\/wp\/v2\/media?parent=264539"}],"curies":[{"name":"wp","href":"https:\/\/api.w.org\/{rel}","templated":true}]}}