{"id":264543,"date":"2023-06-30T10:19:16","date_gmt":"2023-06-30T08:19:16","guid":{"rendered":"https:\/\/www.ferrovial.com\/?page_id=264543"},"modified":"2023-10-26T12:40:26","modified_gmt":"2023-10-26T10:40:26","slug":"cuanto-duran-las-baterias-de-los-coches","status":"publish","type":"page","link":"https:\/\/www.ferrovial.com\/es\/stem\/cuanto-duran-las-baterias-de-los-coches\/","title":{"rendered":"\u00bfCu\u00e1nto duran las bater\u00edas de los coches?"},"content":{"rendered":"    <m-final-content-header >\n            <c-breadcrumb label-text=\"Breadcrumb\" slot=\"breadcrumbs\" type='2' align='left' wrap='wrapped wrapped' aria-label='Vienes de STEM'>\n                        <ol>\n\n                                                            <li><a href=\"https:\/\/www.ferrovial.com\/es\/\" title=\"Ferrovial\">Ferrovial<\/a><\/li>\n                                                                        <li><a href=\"https:\/\/www.ferrovial.com\/es\/stem\/\" title=\"STEM\">STEM<\/a><\/li>\n                                    \n                <\/ol>\n\n                <\/c-breadcrumb>\n    \n        <div slot=\"header\">\n            <h1>\n                \u00bfCu\u00e1nto duran las bater\u00edas de los coches?            <\/h1>\n                    <\/div>\n    <\/m-final-content-header>\n\n    \n\n\n<m-wysiwig class=\"wp-block-components-wysiwyg\"><div slot=\"maincontent\">\n<h2 class=\"wp-block-heading\"><strong>\u00bfQu\u00e9 es la bater\u00eda de un coche y para qu\u00e9 sirve?<\/strong><\/h2>\n\n\n\n<script type=\"application\/ld+json\">\n{\n  \"@context\": \"https:\/\/schema.org\",\n  \"@type\": \"FAQPage\",\n  \"mainEntity\": [{\n    \"@type\": \"Question\",\n    \"name\": \"\u00bfQu\u00e9 es la bater\u00eda de un coche y para qu\u00e9 sirve?\",\n    \"acceptedAnswer\": {\n      \"@type\": \"Answer\",\n      \"text\": \"Una bater\u00eda es un dispositivo capaz de almacenar energ\u00eda. En el caso de los coches, las bater\u00edas pueden cumplir distintas funciones seg\u00fan el tipo de alimentaci\u00f3n de este.\nEn los coches de combustible, las bater\u00edas son las responsables del funcionamiento del sistema el\u00e9ctrico del veh\u00edculo (luces, radio, etc.)., pero tambi\u00e9n son indispensables para el sistema de encendido. En cambio, en los veh\u00edculos el\u00e9ctricos las bater\u00edas son las responsables del funcionamiento de todo el veh\u00edculo, incluyendo el motor.\"\n    }\n  },{\n    \"@type\": \"Question\",\n    \"name\": \"\u00bfQu\u00e9 tipo de bater\u00eda se utiliza para cada tipo de coche?\",\n    \"acceptedAnswer\": {\n      \"@type\": \"Answer\",\n      \"text\": \"Seg\u00fan el tipo de veh\u00edculo, se utilizan distintos tipos de bater\u00eda:\n<ul>\n<li><strong>Coches de combustible: <\/strong>utilizan, en su mayor\u00eda, bater\u00edas de plomo-\u00e1cido que, mediante procesos electroqu\u00edmicos almacenan energ\u00eda. Estas bater\u00edas, conocidas como bater\u00edas de arranque, tienen una tensi\u00f3n que va de los 6v a los 24v.<\/li>\n<li><strong>Coches el\u00e9ctricos:<\/strong> tienen requerimientos energ\u00e9ticos mayores, por lo que necesitan bater\u00edas de mayor capacidad. Estos coches utilizan dispositivos conocidos como bater\u00edas de tracci\u00f3n o de alto voltaje. Generalmente se trata de bater\u00edas de ion-litio, aunque algunos veh\u00edculos utilizan otro tipo de bater\u00edas recargables.<\/li>\n<li><strong>Coches h\u00edbridos:<\/strong> estos coches tienen la particularidad de combinar un motor de combusti\u00f3n y un motor el\u00e9ctrico. Los h\u00edbridos tambi\u00e9n tienen dos bater\u00edas: una de arranque y una bater\u00eda de alto voltaje para el motor el\u00e9ctrico. <\/li>\n<\/ul>\"\n    }\n  },{\n    \"@type\": \"Question\",\n    \"name\": \"\u00bfC\u00f3mo se recargan las bater\u00edas de un coche?\",\n    \"acceptedAnswer\": {\n      \"@type\": \"Answer\",\n      \"text\": \"Las bater\u00edas convencionales se recargan constantemente gracias al alternador. El alternador es una m\u00e1quina que transforma la energ\u00eda mec\u00e1nica en el\u00e9ctrica gracias a la inducci\u00f3n electromagn\u00e9tica. Mientras el motor del veh\u00edculo est\u00e1 encendido, su sistema el\u00e9ctrico se alimenta gracias al alternador; la bater\u00eda act\u00faa \u00fanicamente cuando el motor se encuentra apagado o no produce suficiente energ\u00eda mec\u00e1nica para alimentar al alternador (por ejemplo, durante los atascos).\n\nLos coches el\u00e9ctricos se recargan en tomas de 16 amperios con potencia de entre 3,6 kW y 7,4 kW. La bater\u00eda del motor el\u00e9ctrico tambi\u00e9n se recarga gracias a la desaceleraci\u00f3n, las cuestas descendentes y lo que se conoce como frenadas regenerativas. Las bater\u00edas de alto voltaje recuperan energ\u00eda cin\u00e9tica de estas acciones. \n\nPor su parte, los coches h\u00edbridos pueden ser o no enchufables; seg\u00fan el caso, aprovechan ambas modalidades de recarga de los coches el\u00e9ctricos o \u00fanicamente la regenerativa.\"\n    }\n  },{\n    \"@type\": \"Question\",\n    \"name\": \"\u00bfCu\u00e1nto dura la bater\u00eda de un coche?\",\n    \"acceptedAnswer\": {\n      \"@type\": \"Answer\",\n      \"text\": \"La bater\u00eda de plomo-\u00e1cido de un veh\u00edculo de combustible tiene una vida \u00fatil de entre tres y cuatro a\u00f1os, aunque algunas aplicaciones pueden llegar a durar incluso seis a\u00f1os.\n\nLos fabricantes de coches el\u00e9ctricos e h\u00edbridos aseguran que sus bater\u00edas de arrastre pueden durar toda la vida \u00fatil de un coche, que se calcula en torno a los 8 a\u00f1os.\"\n    }\n  },{\n    \"@type\": \"Question\",\n    \"name\": \"\u00bfC\u00f3mo saber si la bater\u00eda de un coche est\u00e1 a punto de agotarse?\",\n    \"acceptedAnswer\": {\n      \"@type\": \"Answer\",\n      \"text\": \"La se\u00f1al m\u00e1s clara de que una bater\u00eda se acerca a su caducidad es la dificultad a la hora de encender el veh\u00edculo. Estas pueden acrecentarse durante los cambios de estaci\u00f3n, especialmente cuando el clima se hace m\u00e1s fr\u00edo.\"\n    }\n  },{\n    \"@type\": \"Question\",\n    \"name\": \"\u00bfQu\u00e9 cosas pueden acortar el tiempo de vida \u00fatil de una bater\u00eda de coche?\",\n    \"acceptedAnswer\": {\n      \"@type\": \"Answer\",\n      \"text\": \"Algunos de los factores que pueden acortar la vida \u00fatil de la bater\u00eda de un veh\u00edculo, bien se trate de una bater\u00eda convencional o de alto voltaje, son:\n<ul>\n<li>No utilizar el veh\u00edculo durante demasiado tiempo.<\/li>\n<li>Las temperaturas extremas, tanto altas como bajas.<\/li>\n<\/ul>\nEn cuanto a las bater\u00edas de arrastre o alta tensi\u00f3n, para alargar su vida \u00fatil se recomienda:\n<ul>\n<li>Conducir de manera eficiente.<\/li>\n<li>Utilizar puntos de carga lenta.<\/li>\n<li>No cargar ni descargar la bater\u00eda totalmente en cada ciclo.<\/li>\n<li>Evitar los cambios bruscos de marcha (tanto frenazos como acelerones).<\/li>\n<\/ul>\"\n    }\n  }]\n}\n<\/script><p>Una <a href=\"https:\/\/www.ferrovial.com\/es\/stem\/bateria\/\" target=\"_blank\" rel=\"noreferrer noopener\">bater\u00eda<\/a> es un <strong>dispositivo capaz de almacenar energ\u00eda<\/strong>. En el caso de los coches, las bater\u00edas pueden cumplir <strong>distintas funciones seg\u00fan el tipo de alimentaci\u00f3n <\/strong>de este.<\/p>\n\n\n\n<p>En los <strong>coches de combustible<\/strong>, las bater\u00edas son las responsables del funcionamiento del <strong>sistema el\u00e9ctrico <\/strong>del veh\u00edculo (luces, radio, etc.)., pero tambi\u00e9n son indispensables para el <strong>sistema de encendido<\/strong>. En cambio, en los <strong>veh\u00edculos el\u00e9ctricos <\/strong>las bater\u00edas son las responsables del funcionamiento de <strong>todo el veh\u00edculo, incluyendo el motor<\/strong>.<\/p>\n\n\n\n<h2 class=\"wp-block-heading\"><strong>\u00bfQu\u00e9 tipo de bater\u00eda se utiliza para cada tipo de coche?<\/strong><\/h2>\n\n\n\n<p>Seg\u00fan el <strong>tipo de veh\u00edculo<\/strong>, se utilizan distintos tipos de bater\u00eda:<\/p>\n\n\n\n<ul class=\"wp-block-list\">\n<li><strong>Coches de combustible: <\/strong>utilizan, en su mayor\u00eda, <strong>bater\u00edas de plomo-\u00e1cido <\/strong>que, mediante <strong>procesos electroqu\u00edmicos <\/strong>almacenan energ\u00eda. Estas bater\u00edas, conocidas como <strong>bater\u00edas de arranque<\/strong>, tienen una tensi\u00f3n que va de los 6v a los 24v. Los veh\u00edculos dom\u00e9sticos utilizan bater\u00edas de 12v, mientras que los camiones, y otros veh\u00edculos m\u00e1s grandes, utilizan bater\u00edas de 24v. Las bater\u00edas de plomo-\u00e1cido se han utilizado desde hace mucho tiempo para los veh\u00edculos.<\/li>\n\n\n\n<li><strong>Coches el\u00e9ctricos: <\/strong>tienen requerimientos energ\u00e9ticos mayores, por lo que necesitan <strong>bater\u00edas de mayor capacidad<\/strong>. Estos coches utilizan dispositivos conocidos como <strong>bater\u00edas de tracci\u00f3n o de alto voltaje<\/strong>. Generalmente se trata de bater\u00edas de ion-litio, aunque algunos veh\u00edculos utilizan otro tipo de bater\u00edas recargables.<\/li>\n\n\n\n<li><strong>Coches h\u00edbridos: <\/strong>estos coches tienen la particularidad de combinar <strong>un motor de combusti\u00f3n y un motor el\u00e9ctrico<\/strong>. Los h\u00edbridos tambi\u00e9n tienen <strong>dos bater\u00edas<\/strong>: una de arranque y una bater\u00eda de alto voltaje para el motor el\u00e9ctrico.&nbsp;<\/li>\n<\/ul>\n\n\n\n<p>Las <strong>bater\u00edas de plomo-\u00e1cido <\/strong>son m\u00e1s voluminosas y pesadas que las de ion-litio, pero tambi\u00e9n son m\u00e1s <strong>econ\u00f3micas y f\u00e1ciles de reciclar<\/strong>. Dado que sus capacidades son suficientes para los requerimientos energ\u00e9ticos de ciertos veh\u00edculos, se las prefiere.<\/p>\n\n\n\n<h2 class=\"wp-block-heading\"><strong>\u00bfC\u00f3mo se recargan las bater\u00edas de un coche?<\/strong><\/h2>\n\n\n\n<p>Las <strong>bater\u00edas convencionales <\/strong>se recargan constantemente gracias al <strong>alternador<\/strong>. El alternador es una m\u00e1quina que <strong>transforma la energ\u00eda mec\u00e1nica en el\u00e9ctrica <\/strong>gracias a la inducci\u00f3n electromagn\u00e9tica. Mientras el motor del veh\u00edculo est\u00e1 encendido, su sistema el\u00e9ctrico se alimenta gracias al alternador; la bater\u00eda act\u00faa \u00fanicamente cuando el motor se encuentra apagado o no produce suficiente energ\u00eda mec\u00e1nica para alimentar al alternador (por ejemplo, durante los atascos).<\/p>\n\n\n\n<p>Los <strong>coches el\u00e9ctricos<\/strong> se recargan en <strong>tomas <\/strong>de 16 amperios con potencia de entre 3,6 kW y 7,4 kW. La bater\u00eda del motor el\u00e9ctrico tambi\u00e9n se recarga gracias a la <strong>desaceleraci\u00f3n<\/strong>, las <strong>cuestas descendentes <\/strong>y lo que se conoce como <strong><em>frenadas regenerativas<\/em><\/strong>. Las bater\u00edas de alto voltaje recuperan <strong>energ\u00eda cin\u00e9tica <\/strong>de estas acciones.&nbsp;<\/p>\n\n\n\n<p>Por su parte, los coches <strong>h\u00edbridos pueden ser o no enchufables<\/strong>; seg\u00fan el caso, aprovechan ambas modalidades de recarga de los coches el\u00e9ctricos o \u00fanicamente la regenerativa.<\/p>\n\n\n\n<h2 class=\"wp-block-heading\"><strong>\u00bfCu\u00e1nto dura la bater\u00eda de un coche?<\/strong><\/h2>\n\n\n\n<p>La bater\u00eda de plomo-\u00e1cido de un <strong>veh\u00edculo de combustible <\/strong>tiene una vida \u00fatil de entre <strong>tres y cuatro a\u00f1os<\/strong>, aunque algunas aplicaciones pueden llegar a durar incluso seis a\u00f1os.<\/p>\n\n\n\n<p>Los fabricantes de <strong>coches el\u00e9ctricos e h\u00edbridos <\/strong>aseguran que sus bater\u00edas de arrastre pueden durar toda <strong>la vida \u00fatil de un coche<\/strong>, que se calcula en torno a los <strong>8 a\u00f1os<\/strong>.<\/p>\n\n\n\n<h2 class=\"wp-block-heading\"><strong>\u00bfC\u00f3mo saber si la bater\u00eda de un coche est\u00e1 a punto de agotarse?<\/strong><\/h2>\n\n\n\n<p>La se\u00f1al m\u00e1s clara de que una bater\u00eda se acerca a su caducidad es la <strong>dificultad a la hora de encender el veh\u00edculo<\/strong>. Estas pueden acrecentarse durante los cambios de estaci\u00f3n, especialmente cuando el clima se hace m\u00e1s fr\u00edo.<\/p>\n\n\n\n<h2 class=\"wp-block-heading\"><strong>\u00bfQu\u00e9 cosas pueden acortar el tiempo de vida \u00fatil de una bater\u00eda de coche?<\/strong><\/h2>\n\n\n\n<p>Algunos de los factores que pueden acortar la vida \u00fatil de la bater\u00eda de un veh\u00edculo, bien se trate de una bater\u00eda convencional o de alto voltaje, son:<\/p>\n\n\n\n<ul class=\"wp-block-list\">\n<li>No utilizar el veh\u00edculo durante demasiado tiempo.<\/li>\n\n\n\n<li>Las temperaturas extremas, tanto altas como bajas.<\/li>\n<\/ul>\n\n\n\n<p>En cuanto a las <strong>bater\u00edas de arrastre o alta tensi\u00f3n<\/strong>, para alargar su vida \u00fatil se recomienda:<\/p>\n\n\n\n<ul class=\"wp-block-list\">\n<li>Conducir de manera eficiente.<\/li>\n\n\n\n<li>Utilizar puntos de carga lenta.<\/li>\n\n\n\n<li>No cargar ni descargar la bater\u00eda totalmente en cada ciclo.<\/li>\n\n\n\n<li>Evitar los cambios bruscos de marcha (tanto frenazos como acelerones).<\/li>\n<\/ul>\n<\/div><\/m-wysiwig>\n\n\n    <m-projects-distributor2 :translations='{\n        &quot;prev&quot;:&quot;Anterior&quot;,\n        &quot;next&quot;:&quot;Siguiente&quot;,\n        &quot;paginationseparator&quot;:&quot;de&quot;\n    }'>\n                        <h2 slot=\"title\">\n                Nuestros proyectos destacados                <\/h2>\n                        <a slot='button' title='Conoce nuestros proyectos ' href='https:\/\/www.ferrovial.com\/es\/cintra\/proyectos\/'>\n            Conoce nuestros proyectos         <\/a>\n\n            <\/m-projects-distributor2>\n\n    ","protected":false},"excerpt":{"rendered":"","protected":false},"featured_media":0,"parent":227878,"menu_order":0,"comment_status":"closed","ping_status":"closed","template":"","meta":{"_acf_changed":false,"footnotes":""},"class_list":["post-264543","page","type-page","status-publish","hentry"],"acf":[],"yoast_head":"<!-- This site is optimized with the Yoast SEO plugin v27.2 - https:\/\/yoast.com\/product\/yoast-seo-wordpress\/ -->\n<title>\u00bfCu\u00e1nto duran las bater\u00edas de los coches? - Ferrovial<\/title>\n<meta name=\"description\" content=\"En los veh\u00edculos el\u00e9ctricos las bater\u00edas son las responsables del funcionamiento de todo el veh\u00edculo, incluyendo el motor.\" \/>\n<meta name=\"robots\" content=\"index, follow, max-snippet:-1, max-image-preview:large, max-video-preview:-1\" \/>\n<link rel=\"canonical\" href=\"https:\/\/www.ferrovial.com\/es\/stem\/cuanto-duran-las-baterias-de-los-coches\/\" \/>\n<meta property=\"og:locale\" content=\"es_ES\" \/>\n<meta property=\"og:type\" content=\"article\" \/>\n<meta property=\"og:title\" content=\"\u00bfCu\u00e1nto duran las bater\u00edas de los coches? - Ferrovial\" \/>\n<meta property=\"og:description\" content=\"En los veh\u00edculos el\u00e9ctricos las bater\u00edas son las responsables del funcionamiento de todo el veh\u00edculo, incluyendo el motor.\" \/>\n<meta property=\"og:url\" content=\"https:\/\/www.ferrovial.com\/es\/stem\/cuanto-duran-las-baterias-de-los-coches\/\" \/>\n<meta property=\"og:site_name\" content=\"Ferrovial\" \/>\n<meta property=\"article:publisher\" content=\"https:\/\/www.facebook.com\/ferrovial\" \/>\n<meta property=\"article:modified_time\" content=\"2023-10-26T10:40:26+00:00\" \/>\n<meta name=\"twitter:card\" content=\"summary_large_image\" \/>\n<meta name=\"twitter:site\" content=\"@ferrovial\" \/>\n<meta name=\"twitter:label1\" content=\"Est. reading time\" \/>\n\t<meta name=\"twitter:data1\" content=\"4 minutos\" \/>\n<!-- \/ Yoast SEO plugin. -->","yoast_head_json":{"title":"\u00bfCu\u00e1nto duran las bater\u00edas de los coches? - Ferrovial","description":"En los veh\u00edculos el\u00e9ctricos las bater\u00edas son las responsables del funcionamiento de todo el veh\u00edculo, incluyendo el motor.","robots":{"index":"index","follow":"follow","max-snippet":"max-snippet:-1","max-image-preview":"max-image-preview:large","max-video-preview":"max-video-preview:-1"},"canonical":"https:\/\/www.ferrovial.com\/es\/stem\/cuanto-duran-las-baterias-de-los-coches\/","og_locale":"es_ES","og_type":"article","og_title":"\u00bfCu\u00e1nto duran las bater\u00edas de los coches? - Ferrovial","og_description":"En los veh\u00edculos el\u00e9ctricos las bater\u00edas son las responsables del funcionamiento de todo el veh\u00edculo, incluyendo el motor.","og_url":"https:\/\/www.ferrovial.com\/es\/stem\/cuanto-duran-las-baterias-de-los-coches\/","og_site_name":"Ferrovial","article_publisher":"https:\/\/www.facebook.com\/ferrovial","article_modified_time":"2023-10-26T10:40:26+00:00","twitter_card":"summary_large_image","twitter_site":"@ferrovial","twitter_misc":{"Est. reading time":"4 minutos"},"schema":{"@context":"https:\/\/schema.org","@graph":[{"@type":"WebPage","@id":"https:\/\/www.ferrovial.com\/es\/stem\/cuanto-duran-las-baterias-de-los-coches\/","url":"https:\/\/www.ferrovial.com\/es\/stem\/cuanto-duran-las-baterias-de-los-coches\/","name":"\u00bfCu\u00e1nto duran las bater\u00edas de los coches? - Ferrovial","isPartOf":{"@id":"https:\/\/www.ferrovial.com\/es\/#website"},"datePublished":"2023-06-30T08:19:16+00:00","dateModified":"2023-10-26T10:40:26+00:00","description":"En los veh\u00edculos el\u00e9ctricos las bater\u00edas son las responsables del funcionamiento de todo el veh\u00edculo, incluyendo el motor.","breadcrumb":{"@id":"https:\/\/www.ferrovial.com\/es\/stem\/cuanto-duran-las-baterias-de-los-coches\/#breadcrumb"},"inLanguage":"es","potentialAction":[{"@type":"ReadAction","target":["https:\/\/www.ferrovial.com\/es\/stem\/cuanto-duran-las-baterias-de-los-coches\/"]}]},{"@type":"BreadcrumbList","@id":"https:\/\/www.ferrovial.com\/es\/stem\/cuanto-duran-las-baterias-de-los-coches\/#breadcrumb","itemListElement":[{"@type":"ListItem","position":1,"name":"Portada","item":"https:\/\/www.ferrovial.com\/es\/"},{"@type":"ListItem","position":2,"name":"STEM","item":"https:\/\/www.ferrovial.com\/es\/stem\/"},{"@type":"ListItem","position":3,"name":"\u00bfCu\u00e1nto duran las bater\u00edas de los coches?"}]},{"@type":"WebSite","@id":"https:\/\/www.ferrovial.com\/es\/#website","url":"https:\/\/www.ferrovial.com\/es\/","name":"Ferrovial","description":"Welcome to the Ferrovial&#039;s website, global operator of sustainable infrastructure. Here you can find all the information about the company and subsidiaries.","publisher":{"@id":"https:\/\/www.ferrovial.com\/es\/#organization"},"potentialAction":[{"@type":"SearchAction","target":{"@type":"EntryPoint","urlTemplate":"https:\/\/www.ferrovial.com\/es\/?s={search_term_string}"},"query-input":{"@type":"PropertyValueSpecification","valueRequired":true,"valueName":"search_term_string"}}],"inLanguage":"es"},{"@type":"Organization","@id":"https:\/\/www.ferrovial.com\/es\/#organization","name":"Ferrovial S.A.","url":"https:\/\/www.ferrovial.com\/es\/","logo":{"@type":"ImageObject","inLanguage":"es","@id":"https:\/\/www.ferrovial.com\/es\/#\/schema\/logo\/image\/","url":"https:\/\/static.ferrovial.com\/wp-content\/uploads\/2020\/01\/13124948\/logo-ferrovial-cf7.png","contentUrl":"https:\/\/static.ferrovial.com\/wp-content\/uploads\/2020\/01\/13124948\/logo-ferrovial-cf7.png","width":144,"height":32,"caption":"Ferrovial S.A."},"image":{"@id":"https:\/\/www.ferrovial.com\/es\/#\/schema\/logo\/image\/"},"sameAs":["https:\/\/www.facebook.com\/ferrovial","https:\/\/x.com\/ferrovial","https:\/\/www.instagram.com\/ferrovial\/","https:\/\/www.linkedin.com\/company\/ferrovial","https:\/\/www.pinterest.es\/ferrovial\/","https:\/\/www.youtube.com\/ferrovial","https:\/\/en.wikipedia.org\/wiki\/Ferrovial"]}]}},"_links":{"self":[{"href":"https:\/\/www.ferrovial.com\/es\/wp-json\/wp\/v2\/pages\/264543","targetHints":{"allow":["GET"]}}],"collection":[{"href":"https:\/\/www.ferrovial.com\/es\/wp-json\/wp\/v2\/pages"}],"about":[{"href":"https:\/\/www.ferrovial.com\/es\/wp-json\/wp\/v2\/types\/page"}],"replies":[{"embeddable":true,"href":"https:\/\/www.ferrovial.com\/es\/wp-json\/wp\/v2\/comments?post=264543"}],"version-history":[{"count":2,"href":"https:\/\/www.ferrovial.com\/es\/wp-json\/wp\/v2\/pages\/264543\/revisions"}],"predecessor-version":[{"id":270144,"href":"https:\/\/www.ferrovial.com\/es\/wp-json\/wp\/v2\/pages\/264543\/revisions\/270144"}],"up":[{"embeddable":true,"href":"https:\/\/www.ferrovial.com\/es\/wp-json\/wp\/v2\/pages\/227878"}],"wp:attachment":[{"href":"https:\/\/www.ferrovial.com\/es\/wp-json\/wp\/v2\/media?parent=264543"}],"curies":[{"name":"wp","href":"https:\/\/api.w.org\/{rel}","templated":true}]}}