{"id":264545,"date":"2023-06-30T10:26:56","date_gmt":"2023-06-30T08:26:56","guid":{"rendered":"https:\/\/www.ferrovial.com\/?page_id=264545"},"modified":"2023-12-01T10:31:43","modified_gmt":"2023-12-01T09:31:43","slug":"que-son-las-ciencias-de-la-computacion","status":"publish","type":"page","link":"https:\/\/www.ferrovial.com\/es\/stem\/que-son-las-ciencias-de-la-computacion\/","title":{"rendered":"\u00bfQu\u00e9 son las ciencias de la computaci\u00f3n?"},"content":{"rendered":"    <m-final-content-header >\n            <c-breadcrumb label-text=\"Breadcrumb\" slot=\"breadcrumbs\" type='2' align='left' wrap='wrapped wrapped' aria-label='Vienes de STEM'>\n                        <ol>\n\n                                                            <li><a href=\"https:\/\/www.ferrovial.com\/es\/\" title=\"Ferrovial\">Ferrovial<\/a><\/li>\n                                                                        <li><a href=\"https:\/\/www.ferrovial.com\/es\/stem\/\" title=\"STEM\">STEM<\/a><\/li>\n                                    \n                <\/ol>\n\n                <\/c-breadcrumb>\n    \n        <div slot=\"header\">\n            <h1>\n                \u00bfQu\u00e9 son las ciencias de la computaci\u00f3n?            <\/h1>\n                    <\/div>\n    <\/m-final-content-header>\n\n    \n\n\n<m-wysiwig class=\"wp-block-components-wysiwyg\"><div slot=\"maincontent\">\n<script type=\"application\/ld+json\">\n{\n  \"@context\": \"https:\/\/schema.org\",\n  \"@type\": \"FAQPage\",\n  \"mainEntity\": [{\n    \"@type\": \"Question\",\n    \"name\": \"\u00bfQu\u00e9 son las ciencias de la computaci\u00f3n?\",\n    \"acceptedAnswer\": {\n      \"@type\": \"Answer\",\n      \"text\": \"Las ciencias de la computaci\u00f3n o ciencias de la inform\u00e1tica son las que se ocupan del estudio de la computaci\u00f3n, informaci\u00f3n y automatizaci\u00f3n. Si bien tienen un componente te\u00f3rico importante, tambi\u00e9n tienen aplicaci\u00f3n y car\u00e1cter pr\u00e1ctico e incluso emp\u00edrico, y su naturaleza es interdisciplinar.\"\n    }\n  },{\n    \"@type\": \"Question\",\n    \"name\": \"\u00bfCu\u00e1les son las aplicaciones de las ciencias de la computaci\u00f3n?\",\n    \"acceptedAnswer\": {\n      \"@type\": \"Answer\",\n      \"text\": \"Las aplicaciones de las ciencias de la computaci\u00f3n son muy amplias y est\u00e1n en constante crecimiento, a la par del avance tecnol\u00f3gico. Algunas de las aplicaciones m\u00e1s evidentes tienen que ver con:\n<ul>\n<li>El manejo de informaci\u00f3n, a trav\u00e9s de bases de datos din\u00e1micas e interconectadas.<\/li>\n<li>El desarrollo de inteligencia artificial capaz de aprender y resolver problemas.<\/li>\n<li>La comunicaci\u00f3n mediante redes de computadoras.<\/li>\n<\/ul>\"\n    }\n  },{\n    \"@type\": \"Question\",\n    \"name\": \"\u00bfCu\u00e1les son las perspectivas laborales de los profesionales en ciencias de la computaci\u00f3n?\",\n    \"acceptedAnswer\": {\n      \"@type\": \"Answer\",\n      \"text\": \"Tambi\u00e9n el panorama laboral de los profesionales de las ciencias de la computaci\u00f3n es muy amplio, e incluye, entre otras, estas opciones:\n<ul>\n<li>Desarrollo de software y hardware inform\u00e1tico.<\/li>\n<li>An\u00e1lisis de sistemas.<\/li>\n<li>Programaci\u00f3n.<\/li>\n<li>Desarrollo web.<\/li>\n<li>Seguridad inform\u00e1tica.<\/li>\n<li>Telecomunicaciones.<\/li>\n<li>Finanzas.<\/li>\n<\/ul>\"\n    }\n  },{\n    \"@type\": \"Question\",\n    \"name\": \"\u00bfCu\u00e1ndo se empezaron a desarrollar las ciencias de la computaci\u00f3n?\",\n    \"acceptedAnswer\": {\n      \"@type\": \"Answer\",\n      \"text\": \"Se considera que los or\u00edgenes de las ciencias de la computaci\u00f3n se remontan a la antig\u00fcedad con instrumentos ahora aparentemente tan sencillos como el \u00e1baco. Este instrumento, ideado entre el 1000 a.C. y el 500 a.C., es capaz de realizar operaciones b\u00e1sicas (suma, resta, multiplicaci\u00f3n y divisi\u00f3n), pero tambi\u00e9n otras m\u00e1s complejas y te\u00f3ricas, como el c\u00e1lculo de ra\u00edces.\nEl acontecimiento que abri\u00f3 las puertas a las ciencias de la computaci\u00f3n como hoy las conocemos fue la invenci\u00f3n de los calculadores autom\u00e1ticos. El primero fue de \u00edndole mec\u00e1nica, y fue ideado por el alem\u00e1n Wilhelm Schickard en 1623. Medio siglo despu\u00e9s, el tambi\u00e9n alem\u00e1n Gottfried Leibniz cre\u00f3 un calculador mec\u00e1nico digital. A Leibniz se le considera en primer cient\u00edfico de la computaci\u00f3n, as\u00ed como el primer te\u00f3rico de la informaci\u00f3n; tambi\u00e9n fue el primero en documentar el sistema binario.\nEl siguiente gran hito en la historia de las ciencias de la comunicaci\u00f3n fue la invenci\u00f3n de la programaci\u00f3n. Comenz\u00f3 en 1822, cuando el ingl\u00e9s Charles Babbage ide\u00f3 el primer calculador autom\u00e1tico programable, el Analytical Engine (motor anal\u00edtico, en ingl\u00e9s). \nSe considera a Ada Lovelace la primera programadora de la historia, puesto que fue ella quien por primera vez escribi\u00f3 un algoritmo espec\u00edficamente destinado a su implementaci\u00f3n en una m\u00e1quina.\"\n    }\n  }]\n}\n<\/script>\n<p>Las ciencias de la computaci\u00f3n o ciencias de la inform\u00e1tica son las que se ocupan del estudio de la <strong>computaci\u00f3n, informaci\u00f3n y automatizaci\u00f3n<\/strong>. Si bien tienen un componente <strong>te\u00f3rico <\/strong>importante, tambi\u00e9n tienen <strong>aplicaci\u00f3n <\/strong>y car\u00e1cter <strong>pr\u00e1ctico <\/strong>e incluso <strong>emp\u00edrico<\/strong>, y su naturaleza es <strong>interdisciplinar<\/strong>.<\/p>\n\n\n\n<p>Algunas de las disciplinas que intervienen en las ciencias de la computaci\u00f3n son las <strong>matem\u00e1ticas <\/strong>y la <strong>ingenier\u00eda<\/strong>. Dentro de las ciencias de la computaci\u00f3n destacan la importancia de los <strong>algoritmos<\/strong>, los lenguajes de <strong>programaci\u00f3n<\/strong>, las estructuras de <strong>datos<\/strong>, la teor\u00eda de la <strong>informaci\u00f3n<\/strong>, la <strong>inteligencia artificial<\/strong>, la <strong>rob\u00f3tica<\/strong>, etc.<\/p>\n\n\n\n<h2 class=\"wp-block-heading\"><strong>\u00bfCu\u00e1les son las aplicaciones de las ciencias de la computaci\u00f3n?<\/strong><\/h2>\n\n\n\n<p>Las aplicaciones de las ciencias de la computaci\u00f3n son muy amplias y est\u00e1n en constante crecimiento, a la par del avance tecnol\u00f3gico. Algunas de las aplicaciones m\u00e1s evidentes tienen que ver con:<\/p>\n\n\n\n<ul class=\"wp-block-list\">\n<li>El <strong>manejo de informaci\u00f3n<\/strong>, a trav\u00e9s de bases de datos din\u00e1micas e interconectadas.<\/li>\n\n\n\n<li>El desarrollo de <strong>inteligencia artificial <\/strong>capaz de aprender y resolver problemas.<\/li>\n\n\n\n<li>La <strong>comunicaci\u00f3n <\/strong>mediante redes de computadoras.<\/li>\n<\/ul>\n\n\n\n<p>Todo esto tiene aplicaciones en <strong>cualquier campo de la ciencia, la tecnolog\u00eda y el conocimiento<\/strong>, como la salud, la ecolog\u00eda, la educaci\u00f3n, el transporte, la alimentaci\u00f3n, la industria, el entretenimiento, etc.<\/p>\n\n\n\n<h2 class=\"wp-block-heading\"><strong>\u00bfCu\u00e1les son las perspectivas laborales de los profesionales en ciencias de la computaci\u00f3n?<\/strong><\/h2>\n\n\n\n<p>Tambi\u00e9n el panorama laboral de los profesionales de las ciencias de la computaci\u00f3n es muy amplio, e incluye, entre otras, estas opciones:<\/p>\n\n\n\n<ul class=\"wp-block-list\">\n<li>Desarrollo de software y hardware inform\u00e1tico.<\/li>\n\n\n\n<li>An\u00e1lisis de sistemas.<\/li>\n\n\n\n<li>Programaci\u00f3n.<\/li>\n\n\n\n<li>Desarrollo web.<\/li>\n\n\n\n<li>Seguridad inform\u00e1tica.<\/li>\n\n\n\n<li>Telecomunicaciones.<\/li>\n\n\n\n<li>Finanzas.<\/li>\n<\/ul>\n\n\n\n<h2 class=\"wp-block-heading\"><strong>\u00bfCu\u00e1ndo se empezaron a desarrollar las ciencias de la computaci\u00f3n?<\/strong><\/h2>\n\n\n\n<p>Se considera que los or\u00edgenes de las ciencias de la computaci\u00f3n se remontan a <strong>la antig\u00fcedad <\/strong>con instrumentos ahora aparentemente tan sencillos como <strong>el \u00e1baco<\/strong>. Este instrumento, ideado entre el 1000 a.C. y el 500 a.C., es capaz de realizar <strong>operaciones b\u00e1sicas <\/strong>(suma, resta, multiplicaci\u00f3n y divisi\u00f3n), pero tambi\u00e9n otras m\u00e1s <strong>complejas y te\u00f3ricas<\/strong>, como el <strong>c\u00e1lculo de ra\u00edces<\/strong>.<\/p>\n\n\n\n<p>El acontecimiento que abri\u00f3 las puertas a las ciencias de la computaci\u00f3n como hoy las conocemos fue la <strong>invenci\u00f3n de los calculadores autom\u00e1ticos<\/strong>. El primero fue de \u00edndole mec\u00e1nica, y fue ideado por el alem\u00e1n <strong>Wilhelm Schickard en 1623<\/strong>. Medio siglo despu\u00e9s, el tambi\u00e9n alem\u00e1n <strong>Gottfried Leibniz <\/strong>cre\u00f3 un calculador mec\u00e1nico digital. A Leibniz se le considera en <strong>primer cient\u00edfico de la computaci\u00f3n<\/strong>, as\u00ed como el primer te\u00f3rico de la informaci\u00f3n; tambi\u00e9n fue el primero en documentar el <strong>sistema binario<\/strong>. A Leibniz se le considera <strong><em>el \u00faltimo genio universal<\/em><\/strong>; hasta ese momento, la figura del pol\u00edmata era relativamente frecuente entre los pensadores, pero la especializaci\u00f3n del conocimiento que tuvo lugar desde el siglo XVIII imposibilit\u00f3 la existencia de este tipo de figuras.<\/p>\n\n\n\n<p>El siguiente gran hito en la historia de las ciencias de la comunicaci\u00f3n fue la <strong>invenci\u00f3n de la programaci\u00f3n<\/strong>. Comenz\u00f3 en 1822, cuando el ingl\u00e9s Charles Babbage ide\u00f3 el primer <strong>calculador autom\u00e1tico programable<\/strong>, el Analytical Engine (<em>motor anal\u00edtico<\/em>, en ingl\u00e9s). Gracias a la adopci\u00f3n de las <strong>tarjetas perforadas<\/strong>, provenientes de la invenci\u00f3n del telar de Jacquard (Francia), los calculadores resultaron virtualmente <strong>infinitamente programables<\/strong>.<\/p>\n\n\n\n<p>Se considera a <strong>Ada Lovelace la primera programadora de la historia<\/strong>, puesto que fue ella quien por primera vez escribi\u00f3 <strong>un algoritmo espec\u00edficamente destinado a su implementaci\u00f3n en una m\u00e1quina<\/strong>. Este algoritmo se incluye en las <strong>numerosas notas <\/strong>con las que acompa\u00f1\u00f3 su traducci\u00f3n de la transcripci\u00f3n del seminario dictado por <strong>Luigi Menabrea <\/strong>en la Universidad de Tur\u00edn acerca del <strong>Analytical Engine<\/strong>; las notas son m\u00e1s extensas que el texto original. Tambi\u00e9n fue la primera en vislumbrar las <strong>posibilidades de los computadores m\u00e1s all\u00e1 de sus aplicaciones de c\u00e1lculo <\/strong>y en reflexionar acerca de las <strong>posibilidades colaborativas entre individuo y tecnolog\u00eda<\/strong>.<\/p>\n<\/div><\/m-wysiwig>\n\n\n    <m-projects-distributor2 :translations='{\n        &quot;prev&quot;:&quot;Anterior&quot;,\n        &quot;next&quot;:&quot;Siguiente&quot;,\n        &quot;paginationseparator&quot;:&quot;de&quot;\n    }'>\n                        <h2 slot=\"title\">\n                Nuestros proyectos destacados                <\/h2>\n                        <a slot='button' title='Conoce nuestros proyectos ' href='https:\/\/www.ferrovial.com\/es\/cintra\/proyectos\/'>\n            Conoce nuestros proyectos         <\/a>\n\n            <\/m-projects-distributor2>\n\n    ","protected":false},"excerpt":{"rendered":"","protected":false},"featured_media":0,"parent":227878,"menu_order":0,"comment_status":"closed","ping_status":"closed","template":"","meta":{"_acf_changed":false,"footnotes":""},"class_list":["post-264545","page","type-page","status-publish","hentry"],"acf":[],"yoast_head":"<!-- This site is optimized with the Yoast SEO plugin v27.2 - https:\/\/yoast.com\/product\/yoast-seo-wordpress\/ -->\n<title>\u00bfQu\u00e9 son las ciencias de la computaci\u00f3n? - Ferrovial<\/title>\n<meta name=\"description\" content=\"Si bien tienen un componente te\u00f3rico importante, tambi\u00e9n tienen aplicaci\u00f3n y car\u00e1cter pr\u00e1ctico e incluso emp\u00edrico, y su naturaleza es interdisciplinar.\" \/>\n<meta name=\"robots\" content=\"index, follow, max-snippet:-1, max-image-preview:large, max-video-preview:-1\" \/>\n<link rel=\"canonical\" href=\"https:\/\/www.ferrovial.com\/es\/stem\/que-son-las-ciencias-de-la-computacion\/\" \/>\n<meta property=\"og:locale\" content=\"es_ES\" \/>\n<meta property=\"og:type\" content=\"article\" \/>\n<meta property=\"og:title\" content=\"\u00bfQu\u00e9 son las ciencias de la computaci\u00f3n? - Ferrovial\" \/>\n<meta property=\"og:description\" content=\"Si bien tienen un componente te\u00f3rico importante, tambi\u00e9n tienen aplicaci\u00f3n y car\u00e1cter pr\u00e1ctico e incluso emp\u00edrico, y su naturaleza es interdisciplinar.\" \/>\n<meta property=\"og:url\" content=\"https:\/\/www.ferrovial.com\/es\/stem\/que-son-las-ciencias-de-la-computacion\/\" \/>\n<meta property=\"og:site_name\" content=\"Ferrovial\" \/>\n<meta property=\"article:publisher\" content=\"https:\/\/www.facebook.com\/ferrovial\" \/>\n<meta property=\"article:modified_time\" content=\"2023-12-01T09:31:43+00:00\" \/>\n<meta name=\"twitter:card\" content=\"summary_large_image\" \/>\n<meta name=\"twitter:site\" content=\"@ferrovial\" \/>\n<meta name=\"twitter:label1\" content=\"Est. reading time\" \/>\n\t<meta name=\"twitter:data1\" content=\"3 minutos\" \/>\n<!-- \/ Yoast SEO plugin. -->","yoast_head_json":{"title":"\u00bfQu\u00e9 son las ciencias de la computaci\u00f3n? - Ferrovial","description":"Si bien tienen un componente te\u00f3rico importante, tambi\u00e9n tienen aplicaci\u00f3n y car\u00e1cter pr\u00e1ctico e incluso emp\u00edrico, y su naturaleza es interdisciplinar.","robots":{"index":"index","follow":"follow","max-snippet":"max-snippet:-1","max-image-preview":"max-image-preview:large","max-video-preview":"max-video-preview:-1"},"canonical":"https:\/\/www.ferrovial.com\/es\/stem\/que-son-las-ciencias-de-la-computacion\/","og_locale":"es_ES","og_type":"article","og_title":"\u00bfQu\u00e9 son las ciencias de la computaci\u00f3n? - Ferrovial","og_description":"Si bien tienen un componente te\u00f3rico importante, tambi\u00e9n tienen aplicaci\u00f3n y car\u00e1cter pr\u00e1ctico e incluso emp\u00edrico, y su naturaleza es interdisciplinar.","og_url":"https:\/\/www.ferrovial.com\/es\/stem\/que-son-las-ciencias-de-la-computacion\/","og_site_name":"Ferrovial","article_publisher":"https:\/\/www.facebook.com\/ferrovial","article_modified_time":"2023-12-01T09:31:43+00:00","twitter_card":"summary_large_image","twitter_site":"@ferrovial","twitter_misc":{"Est. reading time":"3 minutos"},"schema":{"@context":"https:\/\/schema.org","@graph":[{"@type":"WebPage","@id":"https:\/\/www.ferrovial.com\/es\/stem\/que-son-las-ciencias-de-la-computacion\/","url":"https:\/\/www.ferrovial.com\/es\/stem\/que-son-las-ciencias-de-la-computacion\/","name":"\u00bfQu\u00e9 son las ciencias de la computaci\u00f3n? - Ferrovial","isPartOf":{"@id":"https:\/\/www.ferrovial.com\/es\/#website"},"datePublished":"2023-06-30T08:26:56+00:00","dateModified":"2023-12-01T09:31:43+00:00","description":"Si bien tienen un componente te\u00f3rico importante, tambi\u00e9n tienen aplicaci\u00f3n y car\u00e1cter pr\u00e1ctico e incluso emp\u00edrico, y su naturaleza es interdisciplinar.","breadcrumb":{"@id":"https:\/\/www.ferrovial.com\/es\/stem\/que-son-las-ciencias-de-la-computacion\/#breadcrumb"},"inLanguage":"es","potentialAction":[{"@type":"ReadAction","target":["https:\/\/www.ferrovial.com\/es\/stem\/que-son-las-ciencias-de-la-computacion\/"]}]},{"@type":"BreadcrumbList","@id":"https:\/\/www.ferrovial.com\/es\/stem\/que-son-las-ciencias-de-la-computacion\/#breadcrumb","itemListElement":[{"@type":"ListItem","position":1,"name":"Portada","item":"https:\/\/www.ferrovial.com\/es\/"},{"@type":"ListItem","position":2,"name":"STEM","item":"https:\/\/www.ferrovial.com\/es\/stem\/"},{"@type":"ListItem","position":3,"name":"\u00bfQu\u00e9 son las ciencias de la computaci\u00f3n?"}]},{"@type":"WebSite","@id":"https:\/\/www.ferrovial.com\/es\/#website","url":"https:\/\/www.ferrovial.com\/es\/","name":"Ferrovial","description":"Welcome to the Ferrovial&#039;s website, global operator of sustainable infrastructure. Here you can find all the information about the company and subsidiaries.","publisher":{"@id":"https:\/\/www.ferrovial.com\/es\/#organization"},"potentialAction":[{"@type":"SearchAction","target":{"@type":"EntryPoint","urlTemplate":"https:\/\/www.ferrovial.com\/es\/?s={search_term_string}"},"query-input":{"@type":"PropertyValueSpecification","valueRequired":true,"valueName":"search_term_string"}}],"inLanguage":"es"},{"@type":"Organization","@id":"https:\/\/www.ferrovial.com\/es\/#organization","name":"Ferrovial S.A.","url":"https:\/\/www.ferrovial.com\/es\/","logo":{"@type":"ImageObject","inLanguage":"es","@id":"https:\/\/www.ferrovial.com\/es\/#\/schema\/logo\/image\/","url":"https:\/\/static.ferrovial.com\/wp-content\/uploads\/2020\/01\/13124948\/logo-ferrovial-cf7.png","contentUrl":"https:\/\/static.ferrovial.com\/wp-content\/uploads\/2020\/01\/13124948\/logo-ferrovial-cf7.png","width":144,"height":32,"caption":"Ferrovial S.A."},"image":{"@id":"https:\/\/www.ferrovial.com\/es\/#\/schema\/logo\/image\/"},"sameAs":["https:\/\/www.facebook.com\/ferrovial","https:\/\/x.com\/ferrovial","https:\/\/www.instagram.com\/ferrovial\/","https:\/\/www.linkedin.com\/company\/ferrovial","https:\/\/www.pinterest.es\/ferrovial\/","https:\/\/www.youtube.com\/ferrovial","https:\/\/en.wikipedia.org\/wiki\/Ferrovial"]}]}},"_links":{"self":[{"href":"https:\/\/www.ferrovial.com\/es\/wp-json\/wp\/v2\/pages\/264545","targetHints":{"allow":["GET"]}}],"collection":[{"href":"https:\/\/www.ferrovial.com\/es\/wp-json\/wp\/v2\/pages"}],"about":[{"href":"https:\/\/www.ferrovial.com\/es\/wp-json\/wp\/v2\/types\/page"}],"replies":[{"embeddable":true,"href":"https:\/\/www.ferrovial.com\/es\/wp-json\/wp\/v2\/comments?post=264545"}],"version-history":[{"count":2,"href":"https:\/\/www.ferrovial.com\/es\/wp-json\/wp\/v2\/pages\/264545\/revisions"}],"predecessor-version":[{"id":272247,"href":"https:\/\/www.ferrovial.com\/es\/wp-json\/wp\/v2\/pages\/264545\/revisions\/272247"}],"up":[{"embeddable":true,"href":"https:\/\/www.ferrovial.com\/es\/wp-json\/wp\/v2\/pages\/227878"}],"wp:attachment":[{"href":"https:\/\/www.ferrovial.com\/es\/wp-json\/wp\/v2\/media?parent=264545"}],"curies":[{"name":"wp","href":"https:\/\/api.w.org\/{rel}","templated":true}]}}