{"id":264547,"date":"2023-06-30T10:32:33","date_gmt":"2023-06-30T08:32:33","guid":{"rendered":"https:\/\/www.ferrovial.com\/?page_id=264547"},"modified":"2023-12-01T10:57:18","modified_gmt":"2023-12-01T09:57:18","slug":"trabajador-de-la-construccion","status":"publish","type":"page","link":"https:\/\/www.ferrovial.com\/es\/stem\/trabajador-de-la-construccion\/","title":{"rendered":"Trabajador de la construcci\u00f3n"},"content":{"rendered":"    <m-final-content-header >\n            <c-breadcrumb label-text=\"Breadcrumb\" slot=\"breadcrumbs\" type='2' align='left' wrap='wrapped wrapped' aria-label='Vienes de STEM'>\n                        <ol>\n\n                                                            <li><a href=\"https:\/\/www.ferrovial.com\/es\/\" title=\"Ferrovial\">Ferrovial<\/a><\/li>\n                                                                        <li><a href=\"https:\/\/www.ferrovial.com\/es\/stem\/\" title=\"STEM\">STEM<\/a><\/li>\n                                    \n                <\/ol>\n\n                <\/c-breadcrumb>\n    \n        <div slot=\"header\">\n            <h1>\n                Trabajador de la construcci\u00f3n            <\/h1>\n                    <\/div>\n    <\/m-final-content-header>\n\n    \n\n\n<m-wysiwig class=\"wp-block-components-wysiwyg\"><div slot=\"maincontent\">\n<h2 class=\"wp-block-heading\"><strong>\u00bfQu\u00e9 es un trabajador de la construcci\u00f3n?<\/strong><\/h2>\n\n\n\n<script type=\"application\/ld+json\">\n{\n  \"@context\": \"https:\/\/schema.org\",\n  \"@type\": \"FAQPage\",\n  \"mainEntity\": [{\n    \"@type\": \"Question\",\n    \"name\": \"\u00bfQu\u00e9 es un trabajador de la construcci\u00f3n?\",\n    \"acceptedAnswer\": {\n      \"@type\": \"Answer\",\n      \"text\": \"Es toda persona que se dedica profesionalmente a la edificaci\u00f3n de obras o a su restauraci\u00f3n o reforma. Aunque el t\u00e9rmino es muy amplio y puede abarcar tambi\u00e9n a los profesionales que intervienen en la planificaci\u00f3n de la obra, suele emplearse, principalmente, para referirse a los obreros que desempe\u00f1an labores manuales en el sitio de la construcci\u00f3n.\"\n    }\n  },{\n    \"@type\": \"Question\",\n    \"name\": \"\u00bfQu\u00e9 tipos de trabajadores de la construcci\u00f3n hay?\",\n    \"acceptedAnswer\": {\n      \"@type\": \"Answer\",\n      \"text\": \"Las funciones de los trabajadores dependen de su capacidad, experiencia y habilidades. Existen trabajadores muy vers\u00e1tiles que pueden acometer proyectos \u00edntegramente y otros especializados que colaboran en equipos de construcci\u00f3n para cubrir necesidades determinadas. Algunos trabajadores de la construcci\u00f3n son:\n<ul>\n<li>Los alba\u00f1iles y sus ayudantes<\/li>\n<li>Los operadores<\/li>\n<li>Los soldadores<\/li>\n<li>Los fontaneros<\/li>\n<li>Los carpinteros<\/li>\n<li>Los electricistas<\/li>\n<\/ul>\nLa versatilidad y especificidad de los trabajadores de la construcci\u00f3n depender\u00e1 del proyecto, que puede requerir, adem\u00e1s de los oficios antes mencionados, el empleo de otros artesanos y especialistas en materiales diversos.\"\n    }\n  },{\n    \"@type\": \"Question\",\n    \"name\": \"\u00bfCu\u00e1les son las medidas de seguridad que debe tener un trabajador de la construcci\u00f3n?\",\n    \"acceptedAnswer\": {\n      \"@type\": \"Answer\",\n      \"text\": \"La construcci\u00f3n es uno de los sectores industriales con m\u00e1s accidentes laborales debido a los peligros que, por naturaleza, est\u00e1n asociados a la actividad. Para minimizar al m\u00e1ximo los accidentes, se deben aplicar todas las medidas de seguridad que sean posibles, como lo son: \n<ul>\n<li>Llevar indumentaria adecuada para la labor a realizar, como casco, gafas de seguridad, protectores auditivos, careta, guantes, botas de seguridad, chaqueta, etc.<\/li>\n<li>No operar maquinaria ni utilizar herramientas peligrosas bajo los efectos de medicamentos u otras sustancias estupefacientes.<\/li>\n<li>Comprobar el estado del equipamiento, las herramientas, la maquinaria y el andamiaje antes de empezar a operar.<\/li>\n<li>Poseer conocimiento suficiente respecto al equipo y los materiales que va a utilizar, as\u00ed como los riesgos que pueden implicar.<\/li>\n<li>Conocer las medidas de primeros auxilios relacionadas con posibles accidentes en la obra.<\/li>\n<\/ul>\"\n    }\n  }]\n}\n<\/script>\n<p>Es toda persona que se dedica profesionalmente a la <strong>edificaci\u00f3n de obras o a su <\/strong><a href=\"https:\/\/www.ferrovial.com\/es\/recursos\/restauracion\/\" target=\"_blank\" rel=\"noreferrer noopener\"><strong>restauraci\u00f3n<\/strong><\/a><strong> o reforma<\/strong>. Aunque el t\u00e9rmino es muy amplio y puede abarcar tambi\u00e9n a los profesionales que intervienen en la planificaci\u00f3n de la obra, suele emplearse, principalmente, para referirse a <strong>los obreros que desempe\u00f1an labores manuales en el sitio de la construcci\u00f3n<\/strong>.<\/p>\n\n\n\n<h2 class=\"wp-block-heading\"><strong>\u00bfQu\u00e9 tipos de trabajadores de la construcci\u00f3n hay?<\/strong><\/h2>\n\n\n\n<p>Las funciones de los trabajadores dependen de su capacidad, experiencia y habilidades. Existen trabajadores muy <strong>vers\u00e1tiles que pueden acometer proyectos \u00edntegramente <\/strong>y otros <strong>especializados <\/strong>que colaboran en equipos de construcci\u00f3n para cubrir necesidades determinadas. Algunos trabajadores de la construcci\u00f3n son:<\/p>\n\n\n\n<ul class=\"wp-block-list\">\n<li>Los <strong>alba\u00f1iles <\/strong>y sus ayudantes suelen ocuparse de la <a href=\"https:\/\/www.ferrovial.com\/es\/recursos\/excavacion\/\" target=\"_blank\" rel=\"noreferrer noopener\"><strong>excavaci\u00f3n<\/strong><\/a> y fundaci\u00f3n de los <a href=\"https:\/\/www.ferrovial.com\/es\/stem\/cimentaciones\/\" target=\"_blank\" rel=\"noreferrer noopener\"><strong>cimientos<\/strong><\/a>, la mezcla de <a href=\"https:\/\/www.ferrovial.com\/es\/recursos\/hormigon\/\" target=\"_blank\" rel=\"noreferrer noopener\"><strong>hormig\u00f3n<\/strong><\/a>, el levantamiento de <strong>andamios <\/strong>y <strong>muros<\/strong>, la <strong>instalaci\u00f3n de ventanas, puertas y techos<\/strong>, el <a href=\"https:\/\/www.ferrovial.com\/es\/recursos\/transporte-por-carretera\/\" target=\"_blank\" rel=\"noreferrer noopener\"><strong>transporte<\/strong><\/a><strong> de materiales<\/strong>, el <strong>desecho de escombros y otros <\/strong><a href=\"https:\/\/www.ferrovial.com\/es\/recursos\/residuos\/\" target=\"_blank\" rel=\"noreferrer noopener\"><strong>residuos<\/strong><\/a>, etc.<\/li>\n\n\n\n<li>Los <strong>operadores<\/strong> est\u00e1n cualificados para <strong>manejar <\/strong><a href=\"https:\/\/www.ferrovial.com\/es\/stem\/maquinaria-de-obra\/\" target=\"_blank\" rel=\"noreferrer noopener\"><strong>maquinaria<\/strong><\/a><strong> <\/strong>como <a href=\"https:\/\/www.ferrovial.com\/es\/stem\/camion-grua\/\" target=\"_blank\" rel=\"noreferrer noopener\">gr\u00faas<\/a>, excavadoras, <a href=\"https:\/\/www.ferrovial.com\/es\/stem\/retroexcavadora\/\" target=\"_blank\" rel=\"noreferrer noopener\">retroexcavadoras<\/a>, <a href=\"https:\/\/www.ferrovial.com\/es\/stem\/aplanadora\/\" target=\"_blank\" rel=\"noreferrer noopener\">apisonadoras<\/a>, entre otras.<\/li>\n\n\n\n<li>Los <strong>soldadores <\/strong>se encargan de <strong>cortar y soldar vigas y piezas met\u00e1licas<\/strong>.<\/li>\n\n\n\n<li>Los <strong>fontaneros <\/strong>se especializan en la <strong>instalaci\u00f3n y mantenimiento<\/strong> de los <strong>sistemas de aguas<\/strong> para el consumo y mantenimiento de <a href=\"https:\/\/www.ferrovial.com\/es\/recursos\/aguas-residuales\/\" target=\"_blank\" rel=\"noreferrer noopener\">aguas residuales<\/a>.<\/li>\n\n\n\n<li>Los <strong>carpinteros <\/strong>se ocupan de la <strong>madera<\/strong>.<\/li>\n\n\n\n<li>Los <strong>electricistas <\/strong>se encargan de realizar las <strong>instalaciones el\u00e9ctricas<\/strong>.<\/li>\n<\/ul>\n\n\n\n<p>La versatilidad y especificidad de los trabajadores de la construcci\u00f3n depender\u00e1 del proyecto, que puede requerir, adem\u00e1s de los oficios antes mencionados, el empleo de otros artesanos y especialistas en materiales diversos.<\/p>\n\n\n\n<p>Los trabajadores de la construcci\u00f3n no solo trabajan en la fabricaci\u00f3n de viviendas, sino en todo tipo de <a href=\"https:\/\/www.ferrovial.com\/es\/recursos\/obras-publicas\/\" target=\"_blank\" rel=\"noreferrer noopener\">construcciones p\u00fablicas<\/a> y privadas, como <a href=\"https:\/\/www.ferrovial.com\/es-es\/f-construccion\/que-hacemos\/construccion-de-carreteras\/\" target=\"_blank\" rel=\"noreferrer noopener\">carreteras<\/a>, acueductos, presas, centrales el\u00e9ctricas, etc.<\/p>\n\n\n\n<h2 class=\"wp-block-heading\"><strong>\u00bfCu\u00e1les son las medidas de seguridad que debe tener un trabajador de la construcci\u00f3n?<\/strong><\/h2>\n\n\n\n<p>La construcci\u00f3n es uno de los sectores industriales con <strong>m\u00e1s accidentes laborales <\/strong>debido a los peligros que, por naturaleza, est\u00e1n asociados a la actividad. Para minimizar al m\u00e1ximo los accidentes, se deben aplicar todas las medidas de seguridad que sean posibles, como lo son:&nbsp;&nbsp;<\/p>\n\n\n\n<ul class=\"wp-block-list\">\n<li>Llevar <strong>indumentaria adecuada <\/strong>para la labor a realizar, como casco, gafas de seguridad, protectores auditivos, careta, guantes, botas de seguridad, chaqueta, etc.<\/li>\n\n\n\n<li><strong>No <\/strong>operar maquinaria ni utilizar herramientas peligrosas bajo los efectos de <strong>medicamentos u otras sustancias estupefacientes<\/strong>.<\/li>\n\n\n\n<li>Comprobar el estado del equipamiento, las herramientas, la maquinaria y el andamiaje antes de empezar a operar.<\/li>\n\n\n\n<li>Poseer conocimiento suficiente respecto al equipo y los materiales que va a utilizar, as\u00ed como los riesgos que pueden implicar.<\/li>\n\n\n\n<li>Conocer las medidas de <strong>primeros auxilios <\/strong>relacionadas con posibles accidentes en la obra.<\/li>\n<\/ul>\n<\/div><\/m-wysiwig>\n\n\n    <m-projects-distributor2 :translations='{\n        &quot;prev&quot;:&quot;Anterior&quot;,\n        &quot;next&quot;:&quot;Siguiente&quot;,\n        &quot;paginationseparator&quot;:&quot;de&quot;\n    }'>\n                        <h2 slot=\"title\">\n                Nuestros proyectos destacados                <\/h2>\n                        <a slot='button' title='Conoce nuestros proyectos ' href='https:\/\/www.ferrovial.com\/es\/cintra\/proyectos\/'>\n            Conoce nuestros proyectos         <\/a>\n\n            <\/m-projects-distributor2>\n\n    ","protected":false},"excerpt":{"rendered":"","protected":false},"featured_media":0,"parent":227878,"menu_order":0,"comment_status":"closed","ping_status":"closed","template":"","meta":{"_acf_changed":false,"footnotes":""},"class_list":["post-264547","page","type-page","status-publish","hentry"],"acf":[],"yoast_head":"<!-- This site is optimized with the Yoast SEO plugin v27.2 - https:\/\/yoast.com\/product\/yoast-seo-wordpress\/ -->\n<title>Trabajador de la construcci\u00f3n - Ferrovial<\/title>\n<meta name=\"description\" content=\"Es toda persona que se dedica profesionalmente a la edificaci\u00f3n de obras o a su restauraci\u00f3n o reforma.\" \/>\n<meta name=\"robots\" content=\"index, follow, max-snippet:-1, max-image-preview:large, max-video-preview:-1\" \/>\n<link rel=\"canonical\" href=\"https:\/\/www.ferrovial.com\/es\/stem\/trabajador-de-la-construccion\/\" \/>\n<meta property=\"og:locale\" content=\"es_ES\" \/>\n<meta property=\"og:type\" content=\"article\" \/>\n<meta property=\"og:title\" content=\"Trabajador de la construcci\u00f3n - Ferrovial\" \/>\n<meta property=\"og:description\" content=\"Es toda persona que se dedica profesionalmente a la edificaci\u00f3n de obras o a su restauraci\u00f3n o reforma.\" \/>\n<meta property=\"og:url\" content=\"https:\/\/www.ferrovial.com\/es\/stem\/trabajador-de-la-construccion\/\" \/>\n<meta property=\"og:site_name\" content=\"Ferrovial\" \/>\n<meta property=\"article:publisher\" content=\"https:\/\/www.facebook.com\/ferrovial\" \/>\n<meta property=\"article:modified_time\" content=\"2023-12-01T09:57:18+00:00\" \/>\n<meta name=\"twitter:card\" content=\"summary_large_image\" \/>\n<meta name=\"twitter:site\" content=\"@ferrovial\" \/>\n<meta name=\"twitter:label1\" content=\"Est. reading time\" \/>\n\t<meta name=\"twitter:data1\" content=\"2 minutos\" \/>\n<!-- \/ Yoast SEO plugin. -->","yoast_head_json":{"title":"Trabajador de la construcci\u00f3n - Ferrovial","description":"Es toda persona que se dedica profesionalmente a la edificaci\u00f3n de obras o a su restauraci\u00f3n o reforma.","robots":{"index":"index","follow":"follow","max-snippet":"max-snippet:-1","max-image-preview":"max-image-preview:large","max-video-preview":"max-video-preview:-1"},"canonical":"https:\/\/www.ferrovial.com\/es\/stem\/trabajador-de-la-construccion\/","og_locale":"es_ES","og_type":"article","og_title":"Trabajador de la construcci\u00f3n - Ferrovial","og_description":"Es toda persona que se dedica profesionalmente a la edificaci\u00f3n de obras o a su restauraci\u00f3n o reforma.","og_url":"https:\/\/www.ferrovial.com\/es\/stem\/trabajador-de-la-construccion\/","og_site_name":"Ferrovial","article_publisher":"https:\/\/www.facebook.com\/ferrovial","article_modified_time":"2023-12-01T09:57:18+00:00","twitter_card":"summary_large_image","twitter_site":"@ferrovial","twitter_misc":{"Est. reading time":"2 minutos"},"schema":{"@context":"https:\/\/schema.org","@graph":[{"@type":"WebPage","@id":"https:\/\/www.ferrovial.com\/es\/stem\/trabajador-de-la-construccion\/","url":"https:\/\/www.ferrovial.com\/es\/stem\/trabajador-de-la-construccion\/","name":"Trabajador de la construcci\u00f3n - Ferrovial","isPartOf":{"@id":"https:\/\/www.ferrovial.com\/es\/#website"},"datePublished":"2023-06-30T08:32:33+00:00","dateModified":"2023-12-01T09:57:18+00:00","description":"Es toda persona que se dedica profesionalmente a la edificaci\u00f3n de obras o a su restauraci\u00f3n o reforma.","breadcrumb":{"@id":"https:\/\/www.ferrovial.com\/es\/stem\/trabajador-de-la-construccion\/#breadcrumb"},"inLanguage":"es","potentialAction":[{"@type":"ReadAction","target":["https:\/\/www.ferrovial.com\/es\/stem\/trabajador-de-la-construccion\/"]}]},{"@type":"BreadcrumbList","@id":"https:\/\/www.ferrovial.com\/es\/stem\/trabajador-de-la-construccion\/#breadcrumb","itemListElement":[{"@type":"ListItem","position":1,"name":"Portada","item":"https:\/\/www.ferrovial.com\/es\/"},{"@type":"ListItem","position":2,"name":"STEM","item":"https:\/\/www.ferrovial.com\/es\/stem\/"},{"@type":"ListItem","position":3,"name":"Trabajador de la construcci\u00f3n"}]},{"@type":"WebSite","@id":"https:\/\/www.ferrovial.com\/es\/#website","url":"https:\/\/www.ferrovial.com\/es\/","name":"Ferrovial","description":"Welcome to the Ferrovial&#039;s website, global operator of sustainable infrastructure. Here you can find all the information about the company and subsidiaries.","publisher":{"@id":"https:\/\/www.ferrovial.com\/es\/#organization"},"potentialAction":[{"@type":"SearchAction","target":{"@type":"EntryPoint","urlTemplate":"https:\/\/www.ferrovial.com\/es\/?s={search_term_string}"},"query-input":{"@type":"PropertyValueSpecification","valueRequired":true,"valueName":"search_term_string"}}],"inLanguage":"es"},{"@type":"Organization","@id":"https:\/\/www.ferrovial.com\/es\/#organization","name":"Ferrovial S.A.","url":"https:\/\/www.ferrovial.com\/es\/","logo":{"@type":"ImageObject","inLanguage":"es","@id":"https:\/\/www.ferrovial.com\/es\/#\/schema\/logo\/image\/","url":"https:\/\/static.ferrovial.com\/wp-content\/uploads\/2020\/01\/13124948\/logo-ferrovial-cf7.png","contentUrl":"https:\/\/static.ferrovial.com\/wp-content\/uploads\/2020\/01\/13124948\/logo-ferrovial-cf7.png","width":144,"height":32,"caption":"Ferrovial S.A."},"image":{"@id":"https:\/\/www.ferrovial.com\/es\/#\/schema\/logo\/image\/"},"sameAs":["https:\/\/www.facebook.com\/ferrovial","https:\/\/x.com\/ferrovial","https:\/\/www.instagram.com\/ferrovial\/","https:\/\/www.linkedin.com\/company\/ferrovial","https:\/\/www.pinterest.es\/ferrovial\/","https:\/\/www.youtube.com\/ferrovial","https:\/\/en.wikipedia.org\/wiki\/Ferrovial"]}]}},"_links":{"self":[{"href":"https:\/\/www.ferrovial.com\/es\/wp-json\/wp\/v2\/pages\/264547","targetHints":{"allow":["GET"]}}],"collection":[{"href":"https:\/\/www.ferrovial.com\/es\/wp-json\/wp\/v2\/pages"}],"about":[{"href":"https:\/\/www.ferrovial.com\/es\/wp-json\/wp\/v2\/types\/page"}],"replies":[{"embeddable":true,"href":"https:\/\/www.ferrovial.com\/es\/wp-json\/wp\/v2\/comments?post=264547"}],"version-history":[{"count":2,"href":"https:\/\/www.ferrovial.com\/es\/wp-json\/wp\/v2\/pages\/264547\/revisions"}],"predecessor-version":[{"id":272249,"href":"https:\/\/www.ferrovial.com\/es\/wp-json\/wp\/v2\/pages\/264547\/revisions\/272249"}],"up":[{"embeddable":true,"href":"https:\/\/www.ferrovial.com\/es\/wp-json\/wp\/v2\/pages\/227878"}],"wp:attachment":[{"href":"https:\/\/www.ferrovial.com\/es\/wp-json\/wp\/v2\/media?parent=264547"}],"curies":[{"name":"wp","href":"https:\/\/api.w.org\/{rel}","templated":true}]}}