{"id":264553,"date":"2023-06-30T10:41:06","date_gmt":"2023-06-30T08:41:06","guid":{"rendered":"https:\/\/www.ferrovial.com\/?page_id=264553"},"modified":"2023-12-15T10:15:42","modified_gmt":"2023-12-15T09:15:42","slug":"definicion-de-acuifero","status":"publish","type":"page","link":"https:\/\/www.ferrovial.com\/es\/recursos\/definicion-de-acuifero\/","title":{"rendered":"Definici\u00f3n de Acu\u00edfero"},"content":{"rendered":"    <m-final-content-header >\n            <c-breadcrumb label-text=\"Breadcrumb\" slot=\"breadcrumbs\" type='2' align='left' wrap='wrapped wrapped' aria-label='Vienes de Recursos'>\n                        <ol>\n\n                                                            <li><a href=\"https:\/\/www.ferrovial.com\/es\/\" title=\"Ferrovial\">Ferrovial<\/a><\/li>\n                                                                        <li><a href=\"https:\/\/www.ferrovial.com\/es\/recursos\/\" title=\"Recursos\">Recursos<\/a><\/li>\n                                    \n                <\/ol>\n\n                <\/c-breadcrumb>\n    \n        <div slot=\"header\">\n            <h1>\n                Definici\u00f3n de Acu\u00edfero            <\/h1>\n                    <\/div>\n    <\/m-final-content-header>\n\n    \n\n\n<m-wysiwig class=\"wp-block-components-wysiwyg\"><div slot=\"maincontent\">\n<h2 class=\"wp-block-heading\"><strong>\u00bfQu\u00e9 es un acu\u00edfero?<\/strong><\/h2>\n\n\n\n<script type=\"application\/ld+json\">\n{\n  \"@context\": \"https:\/\/schema.org\",\n  \"@type\": \"FAQPage\",\n  \"mainEntity\": [{\n    \"@type\": \"Question\",\n    \"name\": \"\u00bfQu\u00e9 es un acu\u00edfero?\",\n    \"acceptedAnswer\": {\n      \"@type\": \"Answer\",\n      \"text\": \"Un acu\u00edfero es una formaci\u00f3n geol\u00f3gica capaz de almacenar y ceder agua. Est\u00e1 constituido por una o varias capas de rocas permeables que acumulan aguas subterr\u00e1neas. El agua contenida en los acu\u00edferos es de buena calidad.\"\n    }\n  },{\n    \"@type\": \"Question\",\n    \"name\": \"\u00bfC\u00f3mo se forman los acu\u00edferos?\",\n    \"acceptedAnswer\": {\n      \"@type\": \"Answer\",\n      \"text\": \"Los acu\u00edferos se forman cuando el agua de lluvia (agua pluvial) se filtra a trav\u00e9s de diversas capas de rocas permeables hasta alcanzar una capa impermeable. La capa impermeable puede ser de arcilla, granito, cuarcita, etc., y por encima de ella se acumula el agua de un acu\u00edfero.\nEl agua de un acu\u00edfero puede permanecer subterr\u00e1nea o emerger a la superficie a trav\u00e9s de un manantial o un pozo, o alimentar otras masas o cursos de agua (lagos, r\u00edos, etc.).\"\n    }\n  },{\n    \"@type\": \"Question\",\n    \"name\": \"\u00bfCu\u00e1les son las partes de un acu\u00edfero?\",\n    \"acceptedAnswer\": {\n      \"@type\": \"Answer\",\n      \"text\": \"Un acu\u00edfero se compone, esencialmente, de dos zonas:\n<ol>\n<li>Zona de saturaci\u00f3n: es la zona inmediatamente superior a la capa impermeable, donde el agua invade por completo la roca. Ah\u00ed se encuentra la reserva de agua.<\/li>\n<li>Zona de aireaci\u00f3n: los poros, grietas o espacios de la roca o el terreno no est\u00e1n saturados de agua. <\/li>\n<\/ol>\"\n    }\n  },{\n    \"@type\": \"Question\",\n    \"name\": \"\u00bfQu\u00e9 tipos de acu\u00edferos existen?\",\n    \"acceptedAnswer\": {\n      \"@type\": \"Answer\",\n      \"text\": \"Existen muchos tipos de acu\u00edferos, y se pueden clasificar de diferentes formas. A continuaci\u00f3n, se mencionan algunas.\n<ul>\n<li>Seg\u00fan su estructura<\/li>\n<ul>\n<li>Libres<\/li>\n<li>Confinados<\/li>\n<li>Semiconfinados<\/li>\n<li>Multicapa<\/li>\n<\/ul>\n<li>Seg\u00fan su configuraci\u00f3n o caracter\u00edsticas litol\u00f3gicas<\/li>\n<ul>\n<li>Porosos o detr\u00edticos<\/li>\n<li>Fisurales o k\u00e1rsticos<\/li>\n<li>Mixtos<\/li>\n<\/ul>\n<\/ul>\"\n    }\n  },{\n    \"@type\": \"Question\",\n    \"name\": \"\u00bfPara qu\u00e9 sirven los acu\u00edferos?\",\n    \"acceptedAnswer\": {\n      \"@type\": \"Answer\",\n      \"text\": \"Los acu\u00edferos contienen el 96% del agua dulce del planeta. Son una reserva de agua indispensable para cubrir la demanda mundial de agua. El proceso de formaci\u00f3n de un acu\u00edfero implica un filtrado lento y reiterado del agua a trav\u00e9s de varios tipos de materiales. Este proceso purifica el agua.\"\n    }\n  },{\n    \"@type\": \"Question\",\n    \"name\": \"\u00bfCu\u00e1les son las mayores amenazas para los acu\u00edferos?\",\n    \"acceptedAnswer\": {\n      \"@type\": \"Answer\",\n      \"text\": \"Las dos principales amenazas para los acu\u00edferos son: la contaminaci\u00f3n de las aguas subterr\u00e1neas por procesos industriales y agr\u00edcolas y la extracci\u00f3n excesiva de agua.\"\n    }\n  },{\n    \"@type\": \"Question\",\n    \"name\": \"\u00bfCu\u00e1les son los acu\u00edferos m\u00e1s grandes del mundo?\",\n    \"acceptedAnswer\": {\n      \"@type\": \"Answer\",\n      \"text\": \"En el mundo existen 273 acu\u00edferos subterr\u00e1neos localizados. Los tres m\u00e1s grandes son\n<ol>\n<li>Acu\u00edfero de Nubia<\/li>\n<li>Gran Cuenca Artesiana de Australia<\/li>\n<li>Acu\u00edfero Guaran\u00ed<\/li>\"\n    }\n  }]\n}\n<\/script>\n<p>Un acu\u00edfero es una <strong>formaci\u00f3n geol\u00f3gica capaz de almacenar y ceder agua<\/strong>. Est\u00e1 constituido por una o varias capas de <strong>rocas permeables<\/strong> que acumulan <strong>aguas subterr\u00e1neas<\/strong>. El agua contenida en los acu\u00edferos es de <strong>buena calidad<\/strong>.<\/p>\n\n\n\n<h2 class=\"wp-block-heading\"><strong>\u00bfC\u00f3mo se forman los acu\u00edferos?<\/strong><\/h2>\n\n\n\n<p>Los acu\u00edferos se forman cuando el <strong>agua de lluvia (agua pluvial) se filtra a trav\u00e9s de diversas capas de rocas permeables hasta alcanzar una capa impermeable<\/strong>. La capa impermeable puede ser de arcilla, granito, cuarcita, etc., y por encima de ella se acumula el agua de un acu\u00edfero.<\/p>\n\n\n\n<p>El agua de un acu\u00edfero puede permanecer subterr\u00e1nea o emerger a la superficie a trav\u00e9s de un <strong>manantial<\/strong> o un pozo, o <strong>alimentar otras masas o cursos de agua <\/strong>(lagos, r\u00edos, etc.).<\/p>\n\n\n\n<h2 class=\"wp-block-heading\"><strong>\u00bfCu\u00e1les son las partes de un acu\u00edfero?<\/strong><\/h2>\n\n\n\n<p>Un acu\u00edfero se compone, esencialmente, de dos zonas:<\/p>\n\n\n\n<ol class=\"wp-block-list\">\n<li><strong>Zona de saturaci\u00f3n: <\/strong>es la zona inmediatamente superior a la capa impermeable, donde el agua invade por completo la roca. Ah\u00ed se encuentra la reserva de agua.<\/li>\n\n\n\n<li><strong>Zona de aireaci\u00f3n: <\/strong>los poros, grietas o espacios de la roca o el terreno no est\u00e1n saturados de agua.&nbsp;<\/li>\n<\/ol>\n\n\n\n<p>Se conoce como <strong>nivel fre\u00e1tico <\/strong>el conf\u00edn entre la zona saturada y la no saturada.<\/p>\n\n\n\n<h2 class=\"wp-block-heading\"><strong>\u00bfQu\u00e9 tipos de acu\u00edferos existen?<\/strong><\/h2>\n\n\n\n<p>Existen muchos tipos de acu\u00edferos, y se pueden clasificar de diferentes formas. A continuaci\u00f3n, se mencionan algunas.<\/p>\n\n\n\n<p>Seg\u00fan su <strong>estructura<\/strong>:<\/p>\n\n\n\n<ul class=\"wp-block-list\">\n<li><strong>Libres: <\/strong>tambi\u00e9n llamados <strong>no confinados o fre\u00e1ticos<\/strong>. Son los que tienen una superficie de agua almacenada en contacto con el aire y con las mismas condiciones de presi\u00f3n atmosf\u00e9rica.&nbsp;<\/li>\n\n\n\n<li><strong>Confinados: <\/strong>tambi\u00e9n llamados <strong>cautivos<\/strong>. El agua est\u00e1 completamente contenida en los poros de la roca, y est\u00e1 sometida a una presi\u00f3n mayor que la atmosf\u00e9rica. Si se extrae agua de este tipo de acu\u00edfero, no se vac\u00edan los poros, sino que disminuye la presi\u00f3n del agua dentro de ellos, pudiendo ocasionar asentamientos y hundimientos del terreno (subsidencias).<\/li>\n\n\n\n<li><strong>Semiconfinados: <\/strong>son m\u00e1s frecuentes que los confinados; en ellos, algunas de las capas confinantes son semipermeables. Estas capas se conocen como acuitardos; contienen agua, pero la transmiten muy lentamente.<\/li>\n\n\n\n<li><strong>Multicapas: <\/strong>son frecuentes, y est\u00e1n compuestos por capas con diversos niveles de permeabilidad.<\/li>\n<\/ul>\n\n\n\n<p>Seg\u00fan su <strong>configuraci\u00f3n o caracter\u00edsticas litol\u00f3gicas<\/strong>:<\/p>\n\n\n\n<ul class=\"wp-block-list\">\n<li><strong>Porosos o detr\u00edticos: <\/strong>son permeables gracias a la <strong>porosidad <\/strong>intergranular de los sedimentos o rocas que los componen. Pueden estar compuestos por arena, arcosas, areniscas, gravas o conglomerados, entre otros.<\/li>\n\n\n\n<li><strong>Fisurales o k\u00e1rsticos: <\/strong>su permeabilidad se debe a las <strong>grietas y fisuras <\/strong>(tanto de origen mec\u00e1nico como por disoluci\u00f3n) de las rocas que los conforman. Pueden estar compuestos por calizas, dolom\u00edas, \u00edgneas, metam\u00f3rficas, yesos, granitos, basaltos, etc.<\/li>\n\n\n\n<li><strong>Mixtos: <\/strong>su permeabilidad es una <strong>combinaci\u00f3n <\/strong>de las anteriores. Pueden estar constituidos por calc\u00e1reas o calcarenitas.<\/li>\n<\/ul>\n\n\n\n<h2 class=\"wp-block-heading\"><strong>\u00bfPara qu\u00e9 sirven los acu\u00edferos?<\/strong><\/h2>\n\n\n\n<p>Los acu\u00edferos contienen el <strong>96% del agua dulce del planeta<\/strong>. Son una reserva de agua indispensable para cubrir la demanda mundial de agua. El proceso de formaci\u00f3n de un acu\u00edfero implica un <strong>filtrado <\/strong>lento y reiterado del agua a trav\u00e9s de varios tipos de materiales. Este proceso <strong>purifica el agua<\/strong>.<\/p>\n\n\n\n<h2 class=\"wp-block-heading\"><strong>\u00bfCu\u00e1les son las mayores amenazas para los acu\u00edferos?<\/strong><\/h2>\n\n\n\n<p>Las dos principales amenazas para los acu\u00edferos son: la <strong>contaminaci\u00f3n de las aguas <\/strong>subterr\u00e1neas por procesos industriales y agr\u00edcolas y la <strong>extracci\u00f3n excesiva<\/strong> de agua.<\/p>\n\n\n\n<p>El proceso de creaci\u00f3n y recarga de un acu\u00edfero es lento, y <strong>la demanda mundial de agua est\u00e1 conduciendo a una extracci\u00f3n mayor a la capacidad de recarga<\/strong>. Para minimizar los efectos de esta problem\u00e1tica (desertificaci\u00f3n, intrusi\u00f3n marina, etc.), se puede llevar a cabo la <strong>recarga artificial del acu\u00edfero<\/strong>. Algunas t\u00e9cnicas de recarga artificial se remontan a siglos atr\u00e1s en zonas semi\u00e1ridas. Hoy en d\u00eda estas t\u00e9cnicas se agrupan bajo la etiqueta <strong>Gesti\u00f3n de la Recarga de Acu\u00edferos (GRA) <\/strong>o <strong>Managed Aquifer Recharge (MAR)<\/strong>.<\/p>\n\n\n\n<h2 class=\"wp-block-heading\"><strong>\u00bfCu\u00e1les son los acu\u00edferos m\u00e1s grandes del mundo?<\/strong><\/h2>\n\n\n\n<p>En el mundo existen 273 acu\u00edferos subterr\u00e1neos localizados. Los tres m\u00e1s grandes son:<\/p>\n\n\n\n<ol class=\"wp-block-list\">\n<li><strong>Acu\u00edfero de Nubia: <\/strong>se encuentra en \u00c1frica y est\u00e1 formado por piedra arenisca. Se trata de un acu\u00edfero <strong>no renovable<\/strong>, porque contiene <strong>reservas f\u00f3siles de agua<\/strong>, acumuladas cuando las lluvias sobre la regi\u00f3n eran m\u00e1s abundantes. Se distribuye entre Libia, Egipto, Chad y Sud\u00e1n, en la parte oriental del desierto del Sahara.<\/li>\n\n\n\n<li><strong>Gran Cuenca Artesiana de Australia: <\/strong>como su nombre lo indica, es un acu\u00edfero artesiano; es un <strong>acu\u00edfero confinado <\/strong>en el que el agua est\u00e1 sometida a una gran presi\u00f3n. Es el \u00fanico gran acu\u00edfero que se encuentra en un \u00fanico pa\u00eds, y ocupa el 23% de Australia.<\/li>\n\n\n\n<li><strong>Acu\u00edfero Guaran\u00ed: <\/strong>estrictamente hablando, no se trata de un \u00fanico acu\u00edfero, sino de un <strong>sistema acu\u00edfero<\/strong>. Su \u00e1rea se extiende por Brasil, Argentina, Paraguay y Uruguay, y su nombre hace referencia a los guaran\u00edes, una etnia aut\u00f3ctona de la zona.<\/li>\n<\/ol>\n\n\n\n<ul class=\"wp-block-list\" start=\"3\">\n<li><\/li>\n<\/ul>\n<\/div><\/m-wysiwig>\n\n\n    <m-projects-distributor2 :translations='{\n        &quot;prev&quot;:&quot;Anterior&quot;,\n        &quot;next&quot;:&quot;Siguiente&quot;,\n        &quot;paginationseparator&quot;:&quot;de&quot;\n    }'>\n                        <h2 slot=\"title\">\n                Nuestros proyectos destacados                <\/h2>\n                        <a slot='button' title='Conoce nuestros proyectos ' href='https:\/\/www.ferrovial.com\/es\/cintra\/proyectos\/'>\n            Conoce nuestros proyectos         <\/a>\n\n            <\/m-projects-distributor2>\n\n    ","protected":false},"excerpt":{"rendered":"","protected":false},"featured_media":0,"parent":25267,"menu_order":0,"comment_status":"closed","ping_status":"closed","template":"","meta":{"_acf_changed":false,"footnotes":""},"class_list":["post-264553","page","type-page","status-publish","hentry"],"acf":[],"yoast_head":"<!-- This site is optimized with the Yoast SEO plugin v27.2 - https:\/\/yoast.com\/product\/yoast-seo-wordpress\/ -->\n<title>Definici\u00f3n de Acu\u00edfero - Ferrovial<\/title>\n<meta name=\"description\" content=\"Los acu\u00edferos se forman cuando el agua de lluvia (agua pluvial) se filtra a trav\u00e9s de diversas capas de rocas permeables hasta alcanzar una capa impermeable.\" \/>\n<meta name=\"robots\" content=\"index, follow, max-snippet:-1, max-image-preview:large, max-video-preview:-1\" \/>\n<link rel=\"canonical\" href=\"https:\/\/www.ferrovial.com\/es\/recursos\/definicion-de-acuifero\/\" \/>\n<meta property=\"og:locale\" content=\"es_ES\" \/>\n<meta property=\"og:type\" content=\"article\" \/>\n<meta property=\"og:title\" content=\"Definici\u00f3n de Acu\u00edfero - Ferrovial\" \/>\n<meta property=\"og:description\" content=\"Los acu\u00edferos se forman cuando el agua de lluvia (agua pluvial) se filtra a trav\u00e9s de diversas capas de rocas permeables hasta alcanzar una capa impermeable.\" \/>\n<meta property=\"og:url\" content=\"https:\/\/www.ferrovial.com\/es\/recursos\/definicion-de-acuifero\/\" \/>\n<meta property=\"og:site_name\" content=\"Ferrovial\" \/>\n<meta property=\"article:publisher\" content=\"https:\/\/www.facebook.com\/ferrovial\" \/>\n<meta property=\"article:modified_time\" content=\"2023-12-15T09:15:42+00:00\" \/>\n<meta name=\"twitter:card\" content=\"summary_large_image\" \/>\n<meta name=\"twitter:site\" content=\"@ferrovial\" \/>\n<meta name=\"twitter:label1\" content=\"Est. reading time\" \/>\n\t<meta name=\"twitter:data1\" content=\"4 minutos\" \/>\n<!-- \/ Yoast SEO plugin. -->","yoast_head_json":{"title":"Definici\u00f3n de Acu\u00edfero - Ferrovial","description":"Los acu\u00edferos se forman cuando el agua de lluvia (agua pluvial) se filtra a trav\u00e9s de diversas capas de rocas permeables hasta alcanzar una capa impermeable.","robots":{"index":"index","follow":"follow","max-snippet":"max-snippet:-1","max-image-preview":"max-image-preview:large","max-video-preview":"max-video-preview:-1"},"canonical":"https:\/\/www.ferrovial.com\/es\/recursos\/definicion-de-acuifero\/","og_locale":"es_ES","og_type":"article","og_title":"Definici\u00f3n de Acu\u00edfero - Ferrovial","og_description":"Los acu\u00edferos se forman cuando el agua de lluvia (agua pluvial) se filtra a trav\u00e9s de diversas capas de rocas permeables hasta alcanzar una capa impermeable.","og_url":"https:\/\/www.ferrovial.com\/es\/recursos\/definicion-de-acuifero\/","og_site_name":"Ferrovial","article_publisher":"https:\/\/www.facebook.com\/ferrovial","article_modified_time":"2023-12-15T09:15:42+00:00","twitter_card":"summary_large_image","twitter_site":"@ferrovial","twitter_misc":{"Est. reading time":"4 minutos"},"schema":{"@context":"https:\/\/schema.org","@graph":[{"@type":"WebPage","@id":"https:\/\/www.ferrovial.com\/es\/recursos\/definicion-de-acuifero\/","url":"https:\/\/www.ferrovial.com\/es\/recursos\/definicion-de-acuifero\/","name":"Definici\u00f3n de Acu\u00edfero - Ferrovial","isPartOf":{"@id":"https:\/\/www.ferrovial.com\/es\/#website"},"datePublished":"2023-06-30T08:41:06+00:00","dateModified":"2023-12-15T09:15:42+00:00","description":"Los acu\u00edferos se forman cuando el agua de lluvia (agua pluvial) se filtra a trav\u00e9s de diversas capas de rocas permeables hasta alcanzar una capa impermeable.","breadcrumb":{"@id":"https:\/\/www.ferrovial.com\/es\/recursos\/definicion-de-acuifero\/#breadcrumb"},"inLanguage":"es","potentialAction":[{"@type":"ReadAction","target":["https:\/\/www.ferrovial.com\/es\/recursos\/definicion-de-acuifero\/"]}]},{"@type":"BreadcrumbList","@id":"https:\/\/www.ferrovial.com\/es\/recursos\/definicion-de-acuifero\/#breadcrumb","itemListElement":[{"@type":"ListItem","position":1,"name":"Portada","item":"https:\/\/www.ferrovial.com\/es\/"},{"@type":"ListItem","position":2,"name":"Recursos","item":"https:\/\/www.ferrovial.com\/es\/recursos\/"},{"@type":"ListItem","position":3,"name":"Definici\u00f3n de Acu\u00edfero"}]},{"@type":"WebSite","@id":"https:\/\/www.ferrovial.com\/es\/#website","url":"https:\/\/www.ferrovial.com\/es\/","name":"Ferrovial","description":"Welcome to the Ferrovial&#039;s website, global operator of sustainable infrastructure. Here you can find all the information about the company and subsidiaries.","publisher":{"@id":"https:\/\/www.ferrovial.com\/es\/#organization"},"potentialAction":[{"@type":"SearchAction","target":{"@type":"EntryPoint","urlTemplate":"https:\/\/www.ferrovial.com\/es\/?s={search_term_string}"},"query-input":{"@type":"PropertyValueSpecification","valueRequired":true,"valueName":"search_term_string"}}],"inLanguage":"es"},{"@type":"Organization","@id":"https:\/\/www.ferrovial.com\/es\/#organization","name":"Ferrovial S.A.","url":"https:\/\/www.ferrovial.com\/es\/","logo":{"@type":"ImageObject","inLanguage":"es","@id":"https:\/\/www.ferrovial.com\/es\/#\/schema\/logo\/image\/","url":"https:\/\/static.ferrovial.com\/wp-content\/uploads\/2020\/01\/13124948\/logo-ferrovial-cf7.png","contentUrl":"https:\/\/static.ferrovial.com\/wp-content\/uploads\/2020\/01\/13124948\/logo-ferrovial-cf7.png","width":144,"height":32,"caption":"Ferrovial S.A."},"image":{"@id":"https:\/\/www.ferrovial.com\/es\/#\/schema\/logo\/image\/"},"sameAs":["https:\/\/www.facebook.com\/ferrovial","https:\/\/x.com\/ferrovial","https:\/\/www.instagram.com\/ferrovial\/","https:\/\/www.linkedin.com\/company\/ferrovial","https:\/\/www.pinterest.es\/ferrovial\/","https:\/\/www.youtube.com\/ferrovial","https:\/\/en.wikipedia.org\/wiki\/Ferrovial"]}]}},"_links":{"self":[{"href":"https:\/\/www.ferrovial.com\/es\/wp-json\/wp\/v2\/pages\/264553","targetHints":{"allow":["GET"]}}],"collection":[{"href":"https:\/\/www.ferrovial.com\/es\/wp-json\/wp\/v2\/pages"}],"about":[{"href":"https:\/\/www.ferrovial.com\/es\/wp-json\/wp\/v2\/types\/page"}],"replies":[{"embeddable":true,"href":"https:\/\/www.ferrovial.com\/es\/wp-json\/wp\/v2\/comments?post=264553"}],"version-history":[{"count":3,"href":"https:\/\/www.ferrovial.com\/es\/wp-json\/wp\/v2\/pages\/264553\/revisions"}],"predecessor-version":[{"id":272690,"href":"https:\/\/www.ferrovial.com\/es\/wp-json\/wp\/v2\/pages\/264553\/revisions\/272690"}],"up":[{"embeddable":true,"href":"https:\/\/www.ferrovial.com\/es\/wp-json\/wp\/v2\/pages\/25267"}],"wp:attachment":[{"href":"https:\/\/www.ferrovial.com\/es\/wp-json\/wp\/v2\/media?parent=264553"}],"curies":[{"name":"wp","href":"https:\/\/api.w.org\/{rel}","templated":true}]}}