{"id":264573,"date":"2023-06-30T11:04:42","date_gmt":"2023-06-30T09:04:42","guid":{"rendered":"https:\/\/www.ferrovial.com\/?page_id=264573"},"modified":"2023-12-20T12:48:56","modified_gmt":"2023-12-20T11:48:56","slug":"gestion-de-obras","status":"publish","type":"page","link":"https:\/\/www.ferrovial.com\/es\/stem\/gestion-de-obras\/","title":{"rendered":"Gesti\u00f3n de obras"},"content":{"rendered":"    <m-final-content-header >\n            <c-breadcrumb label-text=\"Breadcrumb\" slot=\"breadcrumbs\" type='2' align='left' wrap='wrapped wrapped' aria-label='Vienes de STEM'>\n                        <ol>\n\n                                                            <li><a href=\"https:\/\/www.ferrovial.com\/es\/\" title=\"Ferrovial\">Ferrovial<\/a><\/li>\n                                                                        <li><a href=\"https:\/\/www.ferrovial.com\/es\/stem\/\" title=\"STEM\">STEM<\/a><\/li>\n                                    \n                <\/ol>\n\n                <\/c-breadcrumb>\n    \n        <div slot=\"header\">\n            <h1>\n                Gesti\u00f3n de obras            <\/h1>\n                    <\/div>\n    <\/m-final-content-header>\n\n    \n\n\n<m-wysiwig class=\"wp-block-components-wysiwyg\"><div slot=\"maincontent\">\n<h2 class=\"wp-block-heading\"><strong>\u00bfQu\u00e9 es la gesti\u00f3n de obras?<\/strong><\/h2>\n\n\n\n<script type=\"application\/ld+json\">\n{\n  \"@context\": \"https:\/\/schema.org\",\n  \"@type\": \"FAQPage\",\n  \"mainEntity\": [{\n    \"@type\": \"Question\",\n    \"name\": \"\u00bfQu\u00e9 es la gesti\u00f3n de obras?\",\n    \"acceptedAnswer\": {\n      \"@type\": \"Answer\",\n      \"text\": \"El t\u00e9rmino gesti\u00f3n de obras engloba una serie de procesos relacionados con la planificaci\u00f3n, el presupuesto, la coordinaci\u00f3n y la supervisi\u00f3n de todas las etapas de los proyectos de construcci\u00f3n. Su objetivo es garantizar la correcta ejecuci\u00f3n de las obras, de la manera m\u00e1s eficiente en cuanto a tiempo, costo, calidad y seguridad.\"\n    }\n  },{\n    \"@type\": \"Question\",\n    \"name\": \"\u00bfCu\u00e1les son las principales tareas de la gesti\u00f3n de obras?\",\n    \"acceptedAnswer\": {\n      \"@type\": \"Answer\",\n      \"text\": \"Las tareas que implica la gesti\u00f3n de obras dependen, en gran medida, de las caracter\u00edsticas de la obra en s\u00ed; sin embargo, en t\u00e9rminos generales, se podr\u00edan identificar las siguientes \u00e1reas de competencia:\n<ul>\n<li>Planificaci\u00f3n<\/li>\n<li>Coordinaci\u00f3n<\/li>\n<li>Supervisi\u00f3n<\/li>\n<li>Gesti\u00f3n de costos<\/li>\n<li>Supervisi\u00f3n de seguridad<\/li>\n<li>Visi\u00f3n global<\/li>\n<\/ul>\"\n    }\n  },{\n    \"@type\": \"Question\",\n    \"name\": \"\u00bfQu\u00e9 perfiles profesionales pueden encargarse de la gesti\u00f3n de obras?\",\n    \"acceptedAnswer\": {\n      \"@type\": \"Answer\",\n      \"text\": \"Los perfiles profesionales que pueden desempe\u00f1ar el rol de gesti\u00f3n de obras pueden ser muy diversos. Generalmente, los profesionales que desempe\u00f1an este rol se especializan en roles ejecutivos dentro de sus respectivas \u00e1reas y se forman de manera complementaria para la gesti\u00f3n de obras. Algunos de los perfiles profesionales m\u00e1s comunes son:\n\n<ul>\n<li>Arquitectos<\/li>\n<li>Ingenieros civiles<\/li>\n<li>Ingenieros industriales<\/li>\n<li>Administradores de empresas<\/li>\n<\/ul>\"\n    }\n  },{\n    \"@type\": \"Question\",\n    \"name\": \"\u00bfCu\u00e1les son las habilidades que necesita un gestor de proyectos?\",\n    \"acceptedAnswer\": {\n      \"@type\": \"Answer\",\n      \"text\": \"<ul>\n<li>Pensamiento anal\u00edtico.<\/li>\n<li>Buena comunicaci\u00f3n.<\/li>\n<li>Atenci\u00f3n al detalle.<\/li>\n<li>Capacidad de motivaci\u00f3n.<\/li>\n<li>Habilidades de negociaci\u00f3n.<\/li>\n<li>Comprensi\u00f3n de los procesos.\n<\/li>\n<li>Conocimientos en materia de seguridad.\n<\/li>\n<li>Rigurosidad y m\u00e9todo.\n<\/li>\n<li>Capacidad de gestionar procesos.\n<\/li>\n<\/ul>\"\n    }\n  }]\n}\n<\/script><p>El t\u00e9rmino <em>gesti\u00f3n de obras <\/em>engloba una serie de procesos relacionados con la planificaci\u00f3n, el presupuesto, la coordinaci\u00f3n y la supervisi\u00f3n de todas las etapas de los proyectos de construcci\u00f3n. Su objetivo es <strong>garantizar la correcta ejecuci\u00f3n de las obras<\/strong>, de la manera m\u00e1s eficiente en cuanto a tiempo, costo, calidad y seguridad.<\/p>\n\n\n\n<h2 class=\"wp-block-heading\"><strong>\u00bfCu\u00e1les son las principales tareas de la gesti\u00f3n de obras?<\/strong><\/h2>\n\n\n\n<p>Las tareas que implica la gesti\u00f3n de obras dependen, en gran medida, de las caracter\u00edsticas de la obra en s\u00ed; sin embargo, en t\u00e9rminos generales, se podr\u00edan identificar las siguientes \u00e1reas de competencia:<\/p>\n\n\n\n<ul class=\"wp-block-list\">\n<li><strong>Planificaci\u00f3n: <\/strong>implica el desarrollo de un <strong>plan detallado <\/strong>que determine todos los aspectos de un proyecto antes de su puesta en marcha. Durante la fase de planificaci\u00f3n es necesario tomar en cuenta los <strong>objetivos, plazos, recursos, secuencia de actividades, proveedores, mano de obra, presupuesto, permisos y licencias<\/strong>, etc.<\/li>\n\n\n\n<li><strong>Coordinaci\u00f3n:<\/strong> en una obra confluyen distintos equipos profesionales (arquitectos, contratistas, proveedores, etc.) que necesitan una buena coordinaci\u00f3n entre s\u00ed. Parte de la gesti\u00f3n de obras consiste en <strong>garantizar el trabajo oportuno y coordinado <\/strong>de todos los equipos, as\u00ed como la comunicaci\u00f3n eficaz entre ellos.<\/li>\n\n\n\n<li><strong>Supervisi\u00f3n: <\/strong>es el <strong>monitoreo constante <\/strong>del progreso de la obra para garantizar el cumplimiento del plan preestablecido en t\u00e9rminos econ\u00f3micos, de tiempo y de calidad. La supervisi\u00f3n tambi\u00e9n implica la <strong>gesti\u00f3n de cambios y la soluci\u00f3n de problemas <\/strong>que puedan surgir.<\/li>\n\n\n\n<li><strong>Gesti\u00f3n de costos: <\/strong>busca <strong>optimizar el uso de los recursos disponibles <\/strong>y, sobre todo, evitar problemas presupuestarios, bien sea por mala distribuci\u00f3n o por desviaci\u00f3n de fondos. La gesti\u00f3n de costos comienza desde la planificaci\u00f3n, con la estimaci\u00f3n de los gastos asociados al proyecto, pero implica un seguimiento constante.<\/li>\n\n\n\n<li><strong>Supervisi\u00f3n de seguridad: <\/strong>el cumplimiento de las medidas de prevenci\u00f3n de riesgos laborales es indispensable para garantizar la integridad f\u00edsica de toda persona que trabaje en una obra. Tambi\u00e9n es fundamental cumplir las normativas vigentes en materia de seguridad. Forma parte de las funciones de la gesti\u00f3n de obras verificar que el entorno laboral sea seguro y los trabajadores est\u00e9n cumpliendo con todos los protocolos.<\/li>\n\n\n\n<li><strong>Visi\u00f3n global: <\/strong>los proyectos nunca son aislados, sino que forman parte de estrategias p\u00fablicas o privadas de organizaci\u00f3n. Parte de las labores de la gesti\u00f3n de proyectos es verificar que las decisiones que se tomen dentro de la obra individual est\u00e9n alineadas con los objetivos globales del proyecto.<\/li>\n<\/ul>\n\n\n\n<h2 class=\"wp-block-heading\"><strong>\u00bfQu\u00e9 perfiles profesionales pueden encargarse de la gesti\u00f3n de obras?<\/strong><\/h2>\n\n\n\n<p>Los perfiles profesionales que pueden desempe\u00f1ar el rol de gesti\u00f3n de obras pueden ser muy diversos. Generalmente, los profesionales que desempe\u00f1an este rol se especializan en roles ejecutivos dentro de sus respectivas \u00e1reas y se forman de manera complementaria para la gesti\u00f3n de obras. Algunos de los perfiles profesionales m\u00e1s comunes son:<\/p>\n\n\n\n<ul class=\"wp-block-list\">\n<li>Arquitectos.<\/li>\n\n\n\n<li>Ingenieros civiles.<\/li>\n\n\n\n<li>Ingenieros industriales.<\/li>\n\n\n\n<li>Administradores de empresas.<\/li>\n<\/ul>\n\n\n\n<p>Las caracter\u00edsticas de una obra pueden exigir la participaci\u00f3n de varios perfiles profesionales para la ejecuci\u00f3n de una <strong>gesti\u00f3n conjunta <\/strong>e integral.<\/p>\n\n\n\n<h2 class=\"wp-block-heading\"><strong>\u00bfCu\u00e1les son las habilidades que necesita un gestor de proyectos?<\/strong><\/h2>\n\n\n\n<ul class=\"wp-block-list\">\n<li>Pensamiento anal\u00edtico.<\/li>\n\n\n\n<li>Buena comunicaci\u00f3n.<\/li>\n\n\n\n<li>Atenci\u00f3n al detalle.<\/li>\n\n\n\n<li>Capacidad de motivaci\u00f3n.<\/li>\n\n\n\n<li>Habilidades de negociaci\u00f3n.<\/li>\n\n\n\n<li>Comprensi\u00f3n de los procesos.<\/li>\n\n\n\n<li>Conocimientos en materia de seguridad.<\/li>\n\n\n\n<li>Rigurosidad y m\u00e9todo.<\/li>\n\n\n\n<li>Capacidad de gestionar procesos.<\/li>\n<\/ul>\n<\/div><\/m-wysiwig>\n\n\n    <m-projects-distributor2 :translations='{\n        &quot;prev&quot;:&quot;Anterior&quot;,\n        &quot;next&quot;:&quot;Siguiente&quot;,\n        &quot;paginationseparator&quot;:&quot;de&quot;\n    }'>\n                        <h2 slot=\"title\">\n                Nuestros proyectos destacados                <\/h2>\n                        <a slot='button' title='Conoce nuestros proyectos ' href='https:\/\/www.ferrovial.com\/es\/cintra\/proyectos\/'>\n            Conoce nuestros proyectos         <\/a>\n\n            <\/m-projects-distributor2>\n\n    ","protected":false},"excerpt":{"rendered":"","protected":false},"featured_media":0,"parent":227878,"menu_order":0,"comment_status":"closed","ping_status":"closed","template":"","meta":{"_acf_changed":false,"footnotes":""},"class_list":["post-264573","page","type-page","status-publish","hentry"],"acf":[],"yoast_head":"<!-- This site is optimized with the Yoast SEO plugin v27.2 - https:\/\/yoast.com\/product\/yoast-seo-wordpress\/ -->\n<title>Gesti\u00f3n de obras - Ferrovial<\/title>\n<meta name=\"description\" content=\"El t\u00e9rmino gesti\u00f3n de obras engloba una serie de procesos relacionados con la planificaci\u00f3n. En este art\u00edculo te contamos cu\u00e1les son.\" \/>\n<meta name=\"robots\" content=\"index, follow, max-snippet:-1, max-image-preview:large, max-video-preview:-1\" \/>\n<link rel=\"canonical\" href=\"https:\/\/www.ferrovial.com\/es\/stem\/gestion-de-obras\/\" \/>\n<meta property=\"og:locale\" content=\"es_ES\" \/>\n<meta property=\"og:type\" content=\"article\" \/>\n<meta property=\"og:title\" content=\"Gesti\u00f3n de obras - Ferrovial\" \/>\n<meta property=\"og:description\" content=\"El t\u00e9rmino gesti\u00f3n de obras engloba una serie de procesos relacionados con la planificaci\u00f3n. En este art\u00edculo te contamos cu\u00e1les son.\" \/>\n<meta property=\"og:url\" content=\"https:\/\/www.ferrovial.com\/es\/stem\/gestion-de-obras\/\" \/>\n<meta property=\"og:site_name\" content=\"Ferrovial\" \/>\n<meta property=\"article:publisher\" content=\"https:\/\/www.facebook.com\/ferrovial\" \/>\n<meta property=\"article:modified_time\" content=\"2023-12-20T11:48:56+00:00\" \/>\n<meta name=\"twitter:card\" content=\"summary_large_image\" \/>\n<meta name=\"twitter:site\" content=\"@ferrovial\" \/>\n<meta name=\"twitter:label1\" content=\"Est. reading time\" \/>\n\t<meta name=\"twitter:data1\" content=\"3 minutos\" \/>\n<!-- \/ Yoast SEO plugin. -->","yoast_head_json":{"title":"Gesti\u00f3n de obras - Ferrovial","description":"El t\u00e9rmino gesti\u00f3n de obras engloba una serie de procesos relacionados con la planificaci\u00f3n. En este art\u00edculo te contamos cu\u00e1les son.","robots":{"index":"index","follow":"follow","max-snippet":"max-snippet:-1","max-image-preview":"max-image-preview:large","max-video-preview":"max-video-preview:-1"},"canonical":"https:\/\/www.ferrovial.com\/es\/stem\/gestion-de-obras\/","og_locale":"es_ES","og_type":"article","og_title":"Gesti\u00f3n de obras - Ferrovial","og_description":"El t\u00e9rmino gesti\u00f3n de obras engloba una serie de procesos relacionados con la planificaci\u00f3n. En este art\u00edculo te contamos cu\u00e1les son.","og_url":"https:\/\/www.ferrovial.com\/es\/stem\/gestion-de-obras\/","og_site_name":"Ferrovial","article_publisher":"https:\/\/www.facebook.com\/ferrovial","article_modified_time":"2023-12-20T11:48:56+00:00","twitter_card":"summary_large_image","twitter_site":"@ferrovial","twitter_misc":{"Est. reading time":"3 minutos"},"schema":{"@context":"https:\/\/schema.org","@graph":[{"@type":"WebPage","@id":"https:\/\/www.ferrovial.com\/es\/stem\/gestion-de-obras\/","url":"https:\/\/www.ferrovial.com\/es\/stem\/gestion-de-obras\/","name":"Gesti\u00f3n de obras - Ferrovial","isPartOf":{"@id":"https:\/\/www.ferrovial.com\/es\/#website"},"datePublished":"2023-06-30T09:04:42+00:00","dateModified":"2023-12-20T11:48:56+00:00","description":"El t\u00e9rmino gesti\u00f3n de obras engloba una serie de procesos relacionados con la planificaci\u00f3n. En este art\u00edculo te contamos cu\u00e1les son.","breadcrumb":{"@id":"https:\/\/www.ferrovial.com\/es\/stem\/gestion-de-obras\/#breadcrumb"},"inLanguage":"es","potentialAction":[{"@type":"ReadAction","target":["https:\/\/www.ferrovial.com\/es\/stem\/gestion-de-obras\/"]}]},{"@type":"BreadcrumbList","@id":"https:\/\/www.ferrovial.com\/es\/stem\/gestion-de-obras\/#breadcrumb","itemListElement":[{"@type":"ListItem","position":1,"name":"Portada","item":"https:\/\/www.ferrovial.com\/es\/"},{"@type":"ListItem","position":2,"name":"STEM","item":"https:\/\/www.ferrovial.com\/es\/stem\/"},{"@type":"ListItem","position":3,"name":"Gesti\u00f3n de obras"}]},{"@type":"WebSite","@id":"https:\/\/www.ferrovial.com\/es\/#website","url":"https:\/\/www.ferrovial.com\/es\/","name":"Ferrovial","description":"Welcome to the Ferrovial&#039;s website, global operator of sustainable infrastructure. Here you can find all the information about the company and subsidiaries.","publisher":{"@id":"https:\/\/www.ferrovial.com\/es\/#organization"},"potentialAction":[{"@type":"SearchAction","target":{"@type":"EntryPoint","urlTemplate":"https:\/\/www.ferrovial.com\/es\/?s={search_term_string}"},"query-input":{"@type":"PropertyValueSpecification","valueRequired":true,"valueName":"search_term_string"}}],"inLanguage":"es"},{"@type":"Organization","@id":"https:\/\/www.ferrovial.com\/es\/#organization","name":"Ferrovial S.A.","url":"https:\/\/www.ferrovial.com\/es\/","logo":{"@type":"ImageObject","inLanguage":"es","@id":"https:\/\/www.ferrovial.com\/es\/#\/schema\/logo\/image\/","url":"https:\/\/static.ferrovial.com\/wp-content\/uploads\/2020\/01\/13124948\/logo-ferrovial-cf7.png","contentUrl":"https:\/\/static.ferrovial.com\/wp-content\/uploads\/2020\/01\/13124948\/logo-ferrovial-cf7.png","width":144,"height":32,"caption":"Ferrovial S.A."},"image":{"@id":"https:\/\/www.ferrovial.com\/es\/#\/schema\/logo\/image\/"},"sameAs":["https:\/\/www.facebook.com\/ferrovial","https:\/\/x.com\/ferrovial","https:\/\/www.instagram.com\/ferrovial\/","https:\/\/www.linkedin.com\/company\/ferrovial","https:\/\/www.pinterest.es\/ferrovial\/","https:\/\/www.youtube.com\/ferrovial","https:\/\/en.wikipedia.org\/wiki\/Ferrovial"]}]}},"_links":{"self":[{"href":"https:\/\/www.ferrovial.com\/es\/wp-json\/wp\/v2\/pages\/264573","targetHints":{"allow":["GET"]}}],"collection":[{"href":"https:\/\/www.ferrovial.com\/es\/wp-json\/wp\/v2\/pages"}],"about":[{"href":"https:\/\/www.ferrovial.com\/es\/wp-json\/wp\/v2\/types\/page"}],"replies":[{"embeddable":true,"href":"https:\/\/www.ferrovial.com\/es\/wp-json\/wp\/v2\/comments?post=264573"}],"version-history":[{"count":2,"href":"https:\/\/www.ferrovial.com\/es\/wp-json\/wp\/v2\/pages\/264573\/revisions"}],"predecessor-version":[{"id":272919,"href":"https:\/\/www.ferrovial.com\/es\/wp-json\/wp\/v2\/pages\/264573\/revisions\/272919"}],"up":[{"embeddable":true,"href":"https:\/\/www.ferrovial.com\/es\/wp-json\/wp\/v2\/pages\/227878"}],"wp:attachment":[{"href":"https:\/\/www.ferrovial.com\/es\/wp-json\/wp\/v2\/media?parent=264573"}],"curies":[{"name":"wp","href":"https:\/\/api.w.org\/{rel}","templated":true}]}}