{"id":264707,"date":"2023-07-04T08:27:21","date_gmt":"2023-07-04T06:27:21","guid":{"rendered":"https:\/\/www.ferrovial.com\/?page_id=264707"},"modified":"2023-12-20T13:05:19","modified_gmt":"2023-12-20T12:05:19","slug":"cable-lightning","status":"publish","type":"page","link":"https:\/\/www.ferrovial.com\/es\/stem\/cable-lightning\/","title":{"rendered":"Cable Lightning"},"content":{"rendered":"    <m-final-content-header >\n            <c-breadcrumb label-text=\"Breadcrumb\" slot=\"breadcrumbs\" type='2' align='left' wrap='wrapped wrapped' aria-label='Vienes de STEM'>\n                        <ol>\n\n                                                            <li><a href=\"https:\/\/www.ferrovial.com\/es\/\" title=\"Ferrovial\">Ferrovial<\/a><\/li>\n                                                                        <li><a href=\"https:\/\/www.ferrovial.com\/es\/stem\/\" title=\"STEM\">STEM<\/a><\/li>\n                                    \n                <\/ol>\n\n                <\/c-breadcrumb>\n    \n        <div slot=\"header\">\n            <h1>\n                Cable Lightning            <\/h1>\n                    <\/div>\n    <\/m-final-content-header>\n\n    \n\n\n<m-wysiwig class=\"wp-block-components-wysiwyg\"><div slot=\"maincontent\">\n<h2 class=\"wp-block-heading\"><strong>\u00bfQu\u00e9 es un <\/strong><strong>cable con conector lightning?<\/strong><\/h2>\n\n\n\n<script type=\"application\/ld+json\">\n{\n  \"@context\": \"https:\/\/schema.org\",\n  \"@type\": \"FAQPage\",\n  \"mainEntity\": [{\n    \"@type\": \"Question\",\n    \"name\": \"\u00bfQu\u00e9 es un cable con conector lightning?\",\n    \"acceptedAnswer\": {\n      \"@type\": \"Answer\",\n      \"text\": \"El cable con conector lightning es un peque\u00f1o accesorio capaz de transportar una se\u00f1al digital. Fue lanzado al mercado por primera vez en 2012, y se utiliza para una amplia variedad de dispositivos electr\u00f3nicos personales, como tel\u00e9fonos m\u00f3viles, tabletas, etc. Es diferente de los cables USB, para los cuales son una alternativa.\n\nEl conector del cable lightning tiene un total de 16 pines, con 8 pines de cada lado, pudiendo conectarse en cualquier direcci\u00f3n, indiferentemente. Las filas de pines no est\u00e1n conectadas entre s\u00ed, sino que funcionan de manera alternativa, seg\u00fan el lado que haga contacto con el dispositivo.\"\n    }\n  },{\n    \"@type\": \"Question\",\n    \"name\": \"\u00bfPara qu\u00e9 sirven los 8 pines del conector lightning?\",\n    \"acceptedAnswer\": {\n      \"@type\": \"Answer\",\n      \"text\": \"Cada uno de los ocho pines de un conector lightning cumple una funci\u00f3n:\n<ul>\n<li>Pin 1: tierra<\/li>\n<li>Pin 2: l\u00ednea 0 de datos (positivo)<\/li>\n<li>Pin 3: l\u00ednea 0 de datos (negativo)<\/li>\n<li>Pin 4: se\u00f1al de identificaci\u00f3n o control 0<\/li>\n<li>Pin 5: energ\u00eda el\u00e9ctrica<\/li>\n<li>Pin 6: l\u00ednea 1 de datos (negativo)<\/li>\n<li>Pin 7: l\u00ednea 1 de datos (positivo)<\/li>\n<li>Pin 8: se\u00f1al de identificaci\u00f3n o control 1<\/li>\n<\/ul>\nLas conexiones del pin 1 y el pin 5 (tierra y energ\u00eda) equivalen a los dos polos de un cable de carga com\u00fan.\nLos pines 4 y 8, encargados de las se\u00f1ales de identificaci\u00f3n o control, son los que permiten identificar qu\u00e9 hay a cada lado de un cable lightning y procesar as\u00ed correctamente los datos.\nLas l\u00edneas de datos (pines 2, 3, 6 y 7) transmiten informaci\u00f3n a gran velocidad.\"\n    }\n  },{\n    \"@type\": \"Question\",\n    \"name\": \"\u00bfCu\u00e1les son las tareas que un cable con conector lightning puede llevar a cabo?\",\n    \"acceptedAnswer\": {\n      \"@type\": \"Answer\",\n      \"text\": \"<ul>\n<li>Cargar un dispositivo, conect\u00e1ndolo a una fuente de alimentaci\u00f3n o a otro dispositivo (como un ordenador).\n<\/li>\n<li>Enviar y recibir informaci\u00f3n digital. Un cable con conector lightning es capaz de transmitir archivos de imagen, audio, v\u00eddeo, etc. entre dos dispositivos. Puede ser utilizado para sincronizar dos o m\u00e1s dispositivos.\n<\/li>\n<li>Transmitir audio en tiempo real, por lo que puede ser utilizado para conectar un dispositivo electr\u00f3nico a un dispositivo de reproducci\u00f3n.\n<\/li>\n<\/ul>\nA los cables lightning tambi\u00e9n se pueden conectar todo tipo de adaptadores para ampliar su funcionalidad, acopl\u00e1ndose a puertos HDMI, VGA, USB, etc.\n\nEntre el conector y el cable lightning hay un chip que procesa toda la informaci\u00f3n y permite su apropiada gesti\u00f3n seg\u00fan el tipo de funci\u00f3n que tanto cable como conector est\u00e9n cumpliendo en cada momento.\"\n    }\n  },{\n    \"@type\": \"Question\",\n    \"name\": \"\u00bfCu\u00e1les son las ventajas y desventajas del cable con conector lightning respecto a un cable con conector USB?\",\n    \"acceptedAnswer\": {\n      \"@type\": \"Answer\",\n      \"text\": \"La principal ventaja de un cable con conector lightning respecto a un cable USB es la velocidad de la transferencia de datos. Por el resto, el cable lightning es menos compatible, m\u00e1s costoso y no permite la carga r\u00e1pida de dispositivos m\u00f3viles, que en la actualidad es una caracter\u00edstica habitual de los dispositivos m\u00f3viles de alta gama con conectores USB.\n\nOtra desventaja del cable y conector lightning es que es m\u00e1s delicado que el USB; es habitual que presente varios tipos de deterioro relacionados con el uso y el paso del tiempo. Algunos de ellos pueden repararse o paliarse, pero otros exigen que se cambie el cable.\"\n    }\n  }]\n}\n<\/script>\n<p>El cable con conector lightning es un peque\u00f1o accesorio capaz de transportar una <strong>se\u00f1al digital<\/strong>. Fue lanzado al mercado por primera vez en 2012, y se utiliza para una amplia variedad de <strong>dispositivos electr\u00f3nicos personales<\/strong>, como tel\u00e9fonos m\u00f3viles, tabletas, etc. Es diferente de los cables USB, para los cuales son una alternativa.<\/p>\n\n\n\n<p>El conector del cable lightning tiene un total de <strong>16 pines<\/strong>, con <strong>8 pines <\/strong>de cada lado, pudiendo conectarse en cualquier direcci\u00f3n, indiferentemente. Las filas de pines no est\u00e1n conectadas entre s\u00ed, sino que funcionan de manera alternativa, seg\u00fan el lado que haga contacto con el dispositivo.<\/p>\n\n\n\n<h2 class=\"wp-block-heading\"><strong>\u00bfPara qu\u00e9 sirven los 8 pines del conector lightning?<\/strong><\/h2>\n\n\n\n<p>Cada uno de los ocho pines de un conector lightning cumple una funci\u00f3n:<\/p>\n\n\n\n<p><strong>Pin 1: <\/strong>tierra<\/p>\n\n\n\n<p><strong>Pin 2: <\/strong>l\u00ednea 0 de datos (positivo)<\/p>\n\n\n\n<p><strong>Pin 3:<\/strong> l\u00ednea 0 de datos (negativo)<\/p>\n\n\n\n<p><strong>Pin 4: <\/strong>se\u00f1al de identificaci\u00f3n o control 0<\/p>\n\n\n\n<p><strong>Pin 5: <\/strong>energ\u00eda el\u00e9ctrica<\/p>\n\n\n\n<p><strong>Pin 6: <\/strong>l\u00ednea 1 de datos (negativo)<\/p>\n\n\n\n<p><strong>Pin 7: <\/strong>l\u00ednea 1 de datos (positivo)<\/p>\n\n\n\n<p><strong>Pin 8: <\/strong>se\u00f1al de identificaci\u00f3n o control 1<\/p>\n\n\n\n<p>Las conexiones del pin 1 y el pin 5 (tierra y energ\u00eda) equivalen a los dos polos de un <strong>cable de carga <\/strong>com\u00fan.<\/p>\n\n\n\n<p>Los pines 4 y 8, encargados de las se\u00f1ales de identificaci\u00f3n o control, son los que permiten <strong>identificar qu\u00e9 hay a cada lado de un cable lightning <\/strong>y procesar as\u00ed correctamente los datos.<\/p>\n\n\n\n<p>Las l\u00edneas de datos (pines 2, 3, 6 y 7) <strong>transmiten informaci\u00f3n a gran velocidad<\/strong>.<\/p>\n\n\n\n<h2 class=\"wp-block-heading\"><strong>\u00bfCu\u00e1les son las tareas que un cable con conector lightning puede llevar a cabo?<\/strong><\/h2>\n\n\n\n<ul class=\"wp-block-list\">\n<li><strong>Cargar un dispositivo<\/strong>, conect\u00e1ndolo a una fuente de alimentaci\u00f3n o a otro dispositivo (como un ordenador).<\/li>\n\n\n\n<li><strong>Enviar y recibir informaci\u00f3n digital<\/strong>. Un cable con conector lightning es capaz de transmitir archivos de imagen, audio, v\u00eddeo, etc. entre dos dispositivos. Puede ser utilizado para sincronizar dos o m\u00e1s dispositivos.<\/li>\n\n\n\n<li><strong>Transmitir audio en tiempo real<\/strong>, por lo que puede ser utilizado para conectar un dispositivo electr\u00f3nico a un dispositivo de reproducci\u00f3n.<\/li>\n<\/ul>\n\n\n\n<p>A los cables lightning tambi\u00e9n se pueden conectar todo tipo de <strong>adaptadores <\/strong>para ampliar su funcionalidad, acopl\u00e1ndose a puertos HDMI, VGA, USB, etc.<\/p>\n\n\n\n<p><strong>Entre el conector y el cable lightning hay un chip <\/strong>que procesa toda la informaci\u00f3n y permite su apropiada gesti\u00f3n seg\u00fan el tipo de funci\u00f3n que tanto cable como conector est\u00e9n cumpliendo en cada momento.<\/p>\n\n\n\n<h2 class=\"wp-block-heading\"><strong>\u00bfCu\u00e1les son las ventajas y desventajas del cable con conector lightning respecto a un cable con conector USB?<\/strong><\/h2>\n\n\n\n<p>La principal ventaja de un cable con conector lightning respecto a un cable USB es la <strong>velocidad de la transferencia de datos<\/strong>. Por el resto, el cable lightning es <strong>menos compatible, m\u00e1s costoso y<\/strong> <strong>no permite la carga r\u00e1pida <\/strong>de dispositivos m\u00f3viles, que en la actualidad es una caracter\u00edstica habitual de los dispositivos m\u00f3viles de alta gama con conectores USB.<\/p>\n\n\n\n<p>Otra desventaja del cable y conector lightning es que <strong>es m\u00e1s delicado <\/strong>que el USB; es habitual que presente varios tipos de deterioro relacionados con el uso y el paso del tiempo. Algunos de ellos pueden repararse o paliarse, pero otros exigen que se cambie el cable.<\/p>\n<\/div><\/m-wysiwig>\n\n\n    <m-projects-distributor2 :translations='{\n        &quot;prev&quot;:&quot;Anterior&quot;,\n        &quot;next&quot;:&quot;Siguiente&quot;,\n        &quot;paginationseparator&quot;:&quot;de&quot;\n    }'>\n                        <h2 slot=\"title\">\n                Nuestros proyectos destacados                <\/h2>\n                        <a slot='button' title='Conoce nuestros proyectos ' href='https:\/\/www.ferrovial.com\/es\/cintra\/proyectos\/'>\n            Conoce nuestros proyectos         <\/a>\n\n            <\/m-projects-distributor2>\n\n    ","protected":false},"excerpt":{"rendered":"","protected":false},"featured_media":0,"parent":227878,"menu_order":0,"comment_status":"closed","ping_status":"closed","template":"","meta":{"_acf_changed":false,"footnotes":""},"class_list":["post-264707","page","type-page","status-publish","hentry"],"acf":[],"yoast_head":"<!-- This site is optimized with the Yoast SEO plugin v27.2 - https:\/\/yoast.com\/product\/yoast-seo-wordpress\/ -->\n<title>Cable Lightning - Ferrovial<\/title>\n<meta name=\"description\" content=\"El conector del cable lightning tiene un total de 16 pines, con 8 pines de cada lado, pudiendo conectarse en cualquier direcci\u00f3n, indiferentemente.\" \/>\n<meta name=\"robots\" content=\"index, follow, max-snippet:-1, max-image-preview:large, max-video-preview:-1\" \/>\n<link rel=\"canonical\" href=\"https:\/\/www.ferrovial.com\/es\/stem\/cable-lightning\/\" \/>\n<meta property=\"og:locale\" content=\"es_ES\" \/>\n<meta property=\"og:type\" content=\"article\" \/>\n<meta property=\"og:title\" content=\"Cable Lightning - Ferrovial\" \/>\n<meta property=\"og:description\" content=\"El conector del cable lightning tiene un total de 16 pines, con 8 pines de cada lado, pudiendo conectarse en cualquier direcci\u00f3n, indiferentemente.\" \/>\n<meta property=\"og:url\" content=\"https:\/\/www.ferrovial.com\/es\/stem\/cable-lightning\/\" \/>\n<meta property=\"og:site_name\" content=\"Ferrovial\" \/>\n<meta property=\"article:publisher\" content=\"https:\/\/www.facebook.com\/ferrovial\" \/>\n<meta property=\"article:modified_time\" content=\"2023-12-20T12:05:19+00:00\" \/>\n<meta name=\"twitter:card\" content=\"summary_large_image\" \/>\n<meta name=\"twitter:site\" content=\"@ferrovial\" \/>\n<meta name=\"twitter:label1\" content=\"Est. reading time\" \/>\n\t<meta name=\"twitter:data1\" content=\"3 minutos\" \/>\n<!-- \/ Yoast SEO plugin. -->","yoast_head_json":{"title":"Cable Lightning - Ferrovial","description":"El conector del cable lightning tiene un total de 16 pines, con 8 pines de cada lado, pudiendo conectarse en cualquier direcci\u00f3n, indiferentemente.","robots":{"index":"index","follow":"follow","max-snippet":"max-snippet:-1","max-image-preview":"max-image-preview:large","max-video-preview":"max-video-preview:-1"},"canonical":"https:\/\/www.ferrovial.com\/es\/stem\/cable-lightning\/","og_locale":"es_ES","og_type":"article","og_title":"Cable Lightning - Ferrovial","og_description":"El conector del cable lightning tiene un total de 16 pines, con 8 pines de cada lado, pudiendo conectarse en cualquier direcci\u00f3n, indiferentemente.","og_url":"https:\/\/www.ferrovial.com\/es\/stem\/cable-lightning\/","og_site_name":"Ferrovial","article_publisher":"https:\/\/www.facebook.com\/ferrovial","article_modified_time":"2023-12-20T12:05:19+00:00","twitter_card":"summary_large_image","twitter_site":"@ferrovial","twitter_misc":{"Est. reading time":"3 minutos"},"schema":{"@context":"https:\/\/schema.org","@graph":[{"@type":"WebPage","@id":"https:\/\/www.ferrovial.com\/es\/stem\/cable-lightning\/","url":"https:\/\/www.ferrovial.com\/es\/stem\/cable-lightning\/","name":"Cable Lightning - Ferrovial","isPartOf":{"@id":"https:\/\/www.ferrovial.com\/es\/#website"},"datePublished":"2023-07-04T06:27:21+00:00","dateModified":"2023-12-20T12:05:19+00:00","description":"El conector del cable lightning tiene un total de 16 pines, con 8 pines de cada lado, pudiendo conectarse en cualquier direcci\u00f3n, indiferentemente.","breadcrumb":{"@id":"https:\/\/www.ferrovial.com\/es\/stem\/cable-lightning\/#breadcrumb"},"inLanguage":"es","potentialAction":[{"@type":"ReadAction","target":["https:\/\/www.ferrovial.com\/es\/stem\/cable-lightning\/"]}]},{"@type":"BreadcrumbList","@id":"https:\/\/www.ferrovial.com\/es\/stem\/cable-lightning\/#breadcrumb","itemListElement":[{"@type":"ListItem","position":1,"name":"Portada","item":"https:\/\/www.ferrovial.com\/es\/"},{"@type":"ListItem","position":2,"name":"STEM","item":"https:\/\/www.ferrovial.com\/es\/stem\/"},{"@type":"ListItem","position":3,"name":"Cable Lightning"}]},{"@type":"WebSite","@id":"https:\/\/www.ferrovial.com\/es\/#website","url":"https:\/\/www.ferrovial.com\/es\/","name":"Ferrovial","description":"Welcome to the Ferrovial&#039;s website, global operator of sustainable infrastructure. Here you can find all the information about the company and subsidiaries.","publisher":{"@id":"https:\/\/www.ferrovial.com\/es\/#organization"},"potentialAction":[{"@type":"SearchAction","target":{"@type":"EntryPoint","urlTemplate":"https:\/\/www.ferrovial.com\/es\/?s={search_term_string}"},"query-input":{"@type":"PropertyValueSpecification","valueRequired":true,"valueName":"search_term_string"}}],"inLanguage":"es"},{"@type":"Organization","@id":"https:\/\/www.ferrovial.com\/es\/#organization","name":"Ferrovial S.A.","url":"https:\/\/www.ferrovial.com\/es\/","logo":{"@type":"ImageObject","inLanguage":"es","@id":"https:\/\/www.ferrovial.com\/es\/#\/schema\/logo\/image\/","url":"https:\/\/static.ferrovial.com\/wp-content\/uploads\/2020\/01\/13124948\/logo-ferrovial-cf7.png","contentUrl":"https:\/\/static.ferrovial.com\/wp-content\/uploads\/2020\/01\/13124948\/logo-ferrovial-cf7.png","width":144,"height":32,"caption":"Ferrovial S.A."},"image":{"@id":"https:\/\/www.ferrovial.com\/es\/#\/schema\/logo\/image\/"},"sameAs":["https:\/\/www.facebook.com\/ferrovial","https:\/\/x.com\/ferrovial","https:\/\/www.instagram.com\/ferrovial\/","https:\/\/www.linkedin.com\/company\/ferrovial","https:\/\/www.pinterest.es\/ferrovial\/","https:\/\/www.youtube.com\/ferrovial","https:\/\/en.wikipedia.org\/wiki\/Ferrovial"]}]}},"_links":{"self":[{"href":"https:\/\/www.ferrovial.com\/es\/wp-json\/wp\/v2\/pages\/264707","targetHints":{"allow":["GET"]}}],"collection":[{"href":"https:\/\/www.ferrovial.com\/es\/wp-json\/wp\/v2\/pages"}],"about":[{"href":"https:\/\/www.ferrovial.com\/es\/wp-json\/wp\/v2\/types\/page"}],"replies":[{"embeddable":true,"href":"https:\/\/www.ferrovial.com\/es\/wp-json\/wp\/v2\/comments?post=264707"}],"version-history":[{"count":2,"href":"https:\/\/www.ferrovial.com\/es\/wp-json\/wp\/v2\/pages\/264707\/revisions"}],"predecessor-version":[{"id":272921,"href":"https:\/\/www.ferrovial.com\/es\/wp-json\/wp\/v2\/pages\/264707\/revisions\/272921"}],"up":[{"embeddable":true,"href":"https:\/\/www.ferrovial.com\/es\/wp-json\/wp\/v2\/pages\/227878"}],"wp:attachment":[{"href":"https:\/\/www.ferrovial.com\/es\/wp-json\/wp\/v2\/media?parent=264707"}],"curies":[{"name":"wp","href":"https:\/\/api.w.org\/{rel}","templated":true}]}}