{"id":264709,"date":"2023-07-04T08:37:58","date_gmt":"2023-07-04T06:37:58","guid":{"rendered":"https:\/\/www.ferrovial.com\/?page_id=264709"},"modified":"2023-12-20T13:28:02","modified_gmt":"2023-12-20T12:28:02","slug":"liquido-en-el-conector-lightning","status":"publish","type":"page","link":"https:\/\/www.ferrovial.com\/es\/stem\/liquido-en-el-conector-lightning\/","title":{"rendered":"L\u00edquido en el conector lightning"},"content":{"rendered":"    <m-final-content-header >\n            <c-breadcrumb label-text=\"Breadcrumb\" slot=\"breadcrumbs\" type='2' align='left' wrap='wrapped wrapped' aria-label='Vienes de STEM'>\n                        <ol>\n\n                                                            <li><a href=\"https:\/\/www.ferrovial.com\/es\/\" title=\"Ferrovial\">Ferrovial<\/a><\/li>\n                                                                        <li><a href=\"https:\/\/www.ferrovial.com\/es\/stem\/\" title=\"STEM\">STEM<\/a><\/li>\n                                    \n                <\/ol>\n\n                <\/c-breadcrumb>\n    \n        <div slot=\"header\">\n            <h1>\n                L\u00edquido en el conector lightning            <\/h1>\n                    <\/div>\n    <\/m-final-content-header>\n\n    \n\n\n<m-wysiwig class=\"wp-block-components-wysiwyg\"><div slot=\"maincontent\">\n<h2 class=\"wp-block-heading\"><strong>\u00bfQu\u00e9 significa el mensaje \u00abl\u00edquido en el conector lightning\u00bb?<\/strong><\/h2>\n\n\n\n<p><script type=\"application\/ld+json\">\n{\n  \"@context\": \"https:\/\/schema.org\",\n  \"@type\": \"FAQPage\",\n  \"mainEntity\": [{\n    \"@type\": \"Question\",\n    \"name\": \"\u00bfQu\u00e9 significa el mensaje \u00abl\u00edquido en el conector lightning\u00bb?\",\n    \"acceptedAnswer\": {\n      \"@type\": \"Answer\",\n      \"text\": \"Uno de los da\u00f1os m\u00e1s comunes que pueden sufrir los cables con conector lightning es la presencia de humedad.\nEs norma com\u00fan tener mucho cuidado de que los dispositivos electr\u00f3nicos no entren en contacto con el agua o la humedad. La misma precauci\u00f3n se aplica ampliamente a cables el\u00e9ctricos. Sin embargo, no se suele dispensar la misma atenci\u00f3n a los cables que se utilizan para cargar dispositivos electr\u00f3nicos o conectarlos entre s\u00ed.\n\nTodos los cables tienen un recubrimiento aislante que los protege de los elementos externos, pero ese recubrimiento se va deteriorando con el tiempo, especialmente en cables de uso y manipulaci\u00f3n cotidianos. Por su parte, los conectores est\u00e1n compuestos de pines altamente sensibles, que est\u00e1n expuestos para poder conectarse a sus contrapartes en los puertos lightning, lo que los hace a\u00fan m\u00e1s propensos a sufrir da\u00f1os. La presencia de humedad en cualquiera de los componentes de un cable o conector lightning pueden causar corrosi\u00f3n y da\u00f1o permanente.\"\n    }\n  },{\n    \"@type\": \"Question\",\n    \"name\": \"\u00bfC\u00f3mo reparar un cable con conector lightning que se ha humedecido?\",\n    \"acceptedAnswer\": {\n      \"@type\": \"Answer\",\n      \"text\": \"En el caso del mensaje \u00abl\u00edquido en el conector\u00bb, este deterioro se refiere a la presencia de humedad, que podr\u00eda ubicarse o transferirse del conector al puerto lightning y viceversa.\n\nEn caso de que eso ocurra, lo recomendable es desconectar todos los accesorios inmediatamente. Para verificar que la humedad no se encuentre en el dispositivo, es recomendable dejar pasar 30 minutos de secado antes de volver a intentar conectarlo. Si despu\u00e9s de ese tiempo, persiste el mensaje de humedad, aunque no haya agua visible, se recomienda dejar pasar 24 horas enteras con el dispositivo y el cable lightning en un lugar ventilado antes de volver a intentar.\"\n    }\n  },{\n    \"@type\": \"Question\",\n    \"name\": \"\u00bfQu\u00e9 otros da\u00f1os puede sufrir un cable con conector lightning y c\u00f3mo evitarlos?\",\n    \"acceptedAnswer\": {\n      \"@type\": \"Answer\",\n      \"text\": \"Otras razones que pueden da\u00f1ar un cable con conector lightning son:\n<ul>\n<li>Rotura interna del cable: esta puede ocasionarse por la manipulaci\u00f3n del cable. En el caso de los dispositivos m\u00f3viles, es com\u00fan transportar constantemente el cargador o utilizar el dispositivo mientras se carga; ambas cosas ocasionan deterioro en los cables y pueden, con el tiempo, romperlo. Para evitarlo, se recomienda desconectar el cable tom\u00e1ndolo por el conector y no enrollarlo demasiado sobre s\u00ed mismo al transportarlo. Tambi\u00e9n es recomendable almacenar el cable en un estuche r\u00edgido de forma separada para que no se enrede con otros cables.<\/li>\n<li>Desconexi\u00f3n del chip: un error com\u00fan en la manipulaci\u00f3n del cable lightning es tirar del cable para desconectarlo. A la larga, esto ocasiona que se rompa la conexi\u00f3n entre el cable y el chip del conector lightning. La desconexi\u00f3n tambi\u00e9n se puede deber a la mala posici\u00f3n del cable y el dispositivo, que puede doblar y romper el cable en el punto en el que se junta con el conector. Para evitar esto, se recomienda colocar un resorte o accesorio de protecci\u00f3n en el extremo, que refuerce la zona.<\/li>\n<li>Sobrecalentamiento: utilizar una fuente de alimentaci\u00f3n no espec\u00edfica para el cable lightning o el dispositivo puede ocasionar que este se sobrecaliente y sus componentes sufran da\u00f1os. El empleo de un adaptador incorrecto tambi\u00e9n puede generar errores de contacto, perjudicando el cable y la conexi\u00f3n en general. Para evitar esto es indispensable utilizar cables, fuentes de alimentaci\u00f3n y dispositivos compatibles entre s\u00ed, y preferiblemente de los mismos fabricantes.<\/li>\n<\/ul>\"\n    }\n  }]\n}\n<\/script>\n<p>Uno de los da\u00f1os m\u00e1s comunes que pueden sufrir los cables con conector lightning es la <strong>presencia de humedad<\/strong>.<\/p><\/p>\n\n\n\n<p>Es norma com\u00fan tener mucho cuidado de que los dispositivos electr\u00f3nicos <strong>no entren en contacto con el agua o la humedad<\/strong>. La misma precauci\u00f3n se aplica ampliamente a <a href=\"https:\/\/www.ferrovial.com\/es\/stem\/cables-y-cableado\/\" target=\"_blank\" rel=\"noreferrer noopener\">cables el\u00e9ctricos<\/a>. Sin embargo, no se suele dispensar la misma atenci\u00f3n a los cables que se utilizan para cargar dispositivos electr\u00f3nicos o conectarlos entre s\u00ed.<\/p>\n\n\n\n<p>Todos los cables tienen un recubrimiento <a href=\"https:\/\/www.ferrovial.com\/es\/stem\/aislamiento\/\" target=\"_blank\" rel=\"noreferrer noopener\">aislante<\/a> que los protege de los elementos externos, pero ese <strong>recubrimiento se va deteriorando con el tiempo<\/strong>, especialmente en cables de uso y manipulaci\u00f3n cotidianos. Por su parte, los <strong>conectores est\u00e1n compuestos de pines altamente sensibles<\/strong>, que est\u00e1n <strong>expuestos <\/strong>para poder conectarse a sus contrapartes en los puertos lightning, lo que los hace a\u00fan <strong>m\u00e1s propensos a sufrir da\u00f1os<\/strong>. La presencia de humedad en cualquiera de los componentes de un cable o conector lightning pueden causar <strong>corrosi\u00f3n y da\u00f1o permanente<\/strong>.<\/p>\n\n\n\n<h2 class=\"wp-block-heading\"><strong>\u00bfC\u00f3mo reparar un cable con conector lightning que se ha humedecido?<\/strong><\/h2>\n\n\n\n<p>Cuando, al conectar un cable con conector lightning, un dispositivo muestra un mensaje de alerta, significa que hay en este (o en el puerto) un <strong>deterioro que puede poner en riesgo el correcto funcionamiento del equipo<\/strong>. En el caso del mensaje <strong>\u00abl\u00edquido en el conector<\/strong><strong>\u00bb<\/strong><strong>, <\/strong>este deterioro se refiere a la presencia de <strong>humedad, que podr\u00eda ubicarse o transferirse del conector al puerto lightning y viceversa.<\/strong><\/p>\n\n\n\n<p>En caso de que eso ocurra, lo recomendable es <strong>desconectar todos los accesorios inmediatamente<\/strong>. Para verificar que la humedad no se encuentre en el dispositivo, es recomendable dejar pasar <strong>30 minutos de secado antes de volver a intentar <\/strong>conectarlo. Si despu\u00e9s de ese tiempo, persiste el mensaje de humedad, aunque no haya agua visible, se recomienda dejar pasar <strong>24 horas enteras con el dispositivo y el cable lightning en un lugar ventilado <\/strong>antes de volver a intentar.<\/p>\n\n\n\n<p><strong>Lo que no se debe hacer es:<\/strong><\/p>\n\n\n\n<ul class=\"wp-block-list\">\n<li>Secar el dispositivo o el cable con un secador de pelo u otra fuente de calor externa.<\/li>\n\n\n\n<li>Frotar los conectores o puertos con algod\u00f3n, papel u otros elementos absorbentes que puedan dejar part\u00edculas residuales.<\/li>\n\n\n\n<li>Cubrir el conector lightning o el dispositivo con arroz, sal u otro elemento absorbente que pueda ensuciar o corroer los conectores.<\/li>\n<\/ul>\n\n\n\n<p>La \u00fanica forma segura de intentar secar un puerto o conector lightning es con <strong>aire comprimido<\/strong>. A\u00fan as\u00ed, es recomendable que lo haga un <strong>t\u00e9cnico especializado<\/strong>.<\/p>\n\n\n\n<p>Si despu\u00e9s de 24 horas de secado el error persiste, es conveniente probar un <strong>cable lightning nuevo<\/strong>. En caso de que el mensaje contin\u00fae apareciendo, se debe contactar al <strong>servicio t\u00e9cnico<\/strong>, pues el da\u00f1o se encuentra en el dispositivo.<\/p>\n\n\n\n<h2 class=\"wp-block-heading\"><strong>\u00bfQu\u00e9 otros da\u00f1os puede sufrir un cable con conector lightning y c\u00f3mo evitarlos?<\/strong><\/h2>\n\n\n\n<p>Otras razones que pueden da\u00f1ar un cable con conector lightning son:<\/p>\n\n\n\n<ul class=\"wp-block-list\">\n<li><strong>Rotura interna del cable:<\/strong> esta puede ocasionarse por la <strong>manipulaci\u00f3n <\/strong>del cable. En el caso de los dispositivos m\u00f3viles, es com\u00fan transportar constantemente el cargador o utilizar el dispositivo mientras se carga; ambas cosas ocasionan deterioro en los cables y pueden, con el tiempo, romperlo. Para evitarlo, se recomienda <strong>desconectar el cable tom\u00e1ndolo por el conector <\/strong>y <strong>no enrollarlo <\/strong>demasiado sobre s\u00ed mismo al transportarlo. Tambi\u00e9n es recomendable <strong>almacenar el cable en un estuche r\u00edgido <\/strong>de forma separada para que no se enrede con otros cables.<\/li>\n\n\n\n<li><strong>Desconexi\u00f3n del chip: <\/strong>un error com\u00fan en la manipulaci\u00f3n del cable lightning es <strong>tirar del cable <\/strong>para desconectarlo. A la larga, esto ocasiona que se rompa la conexi\u00f3n entre el cable y el chip del conector lightning. La desconexi\u00f3n tambi\u00e9n se puede deber a la <strong>mala posici\u00f3n del cable y el dispositivo<\/strong>, que puede doblar y romper el cable en el punto en el que se junta con el conector. Para evitar esto, se recomienda colocar un <strong>resorte o accesorio de protecci\u00f3n en el extremo<\/strong>, que refuerce la zona.<\/li>\n\n\n\n<li><strong>Sobrecalentamiento: <\/strong>utilizar una <strong>fuente de alimentaci\u00f3n no espec\u00edfica <\/strong>para el cable lightning o el dispositivo puede ocasionar que este se sobrecaliente y sus componentes sufran da\u00f1os. El empleo de un adaptador incorrecto tambi\u00e9n puede generar <strong>errores de contacto<\/strong>, perjudicando el cable y la conexi\u00f3n en general. Para evitar esto es indispensable <strong>utilizar cables, fuentes de alimentaci\u00f3n y dispositivos compatibles entre s\u00ed<\/strong>, y preferiblemente de los mismos fabricantes.<\/li>\n<\/ul>\n<\/div><\/m-wysiwig>\n\n\n    <m-projects-distributor2 :translations='{\n        &quot;prev&quot;:&quot;Anterior&quot;,\n        &quot;next&quot;:&quot;Siguiente&quot;,\n        &quot;paginationseparator&quot;:&quot;de&quot;\n    }'>\n                        <h2 slot=\"title\">\n                Nuestros proyectos destacados                <\/h2>\n                        <a slot='button' title='Conoce nuestros proyectos ' href='https:\/\/www.ferrovial.com\/es\/cintra\/proyectos\/'>\n            Conoce nuestros proyectos         <\/a>\n\n            <\/m-projects-distributor2>\n\n    ","protected":false},"excerpt":{"rendered":"","protected":false},"featured_media":0,"parent":227878,"menu_order":0,"comment_status":"closed","ping_status":"closed","template":"","meta":{"_acf_changed":false,"footnotes":""},"class_list":["post-264709","page","type-page","status-publish","hentry"],"acf":[],"yoast_head":"<!-- This site is optimized with the Yoast SEO plugin v27.2 - https:\/\/yoast.com\/product\/yoast-seo-wordpress\/ -->\n<title>L\u00edquido en el conector lightning - Ferrovial<\/title>\n<meta name=\"description\" content=\"Los conectores est\u00e1n compuestos de pines altamente sensibles, que est\u00e1n expuestos para poder conectarse a sus contrapartes en los puertos lightning, lo que los hace a\u00fan m\u00e1s propensos a sufrir da\u00f1os.\" \/>\n<meta name=\"robots\" content=\"index, follow, max-snippet:-1, max-image-preview:large, max-video-preview:-1\" \/>\n<link rel=\"canonical\" href=\"https:\/\/www.ferrovial.com\/es\/stem\/liquido-en-el-conector-lightning\/\" \/>\n<meta property=\"og:locale\" content=\"es_ES\" \/>\n<meta property=\"og:type\" content=\"article\" \/>\n<meta property=\"og:title\" content=\"L\u00edquido en el conector lightning - Ferrovial\" \/>\n<meta property=\"og:description\" content=\"Los conectores est\u00e1n compuestos de pines altamente sensibles, que est\u00e1n expuestos para poder conectarse a sus contrapartes en los puertos lightning, lo que los hace a\u00fan m\u00e1s propensos a sufrir da\u00f1os.\" \/>\n<meta property=\"og:url\" content=\"https:\/\/www.ferrovial.com\/es\/stem\/liquido-en-el-conector-lightning\/\" \/>\n<meta property=\"og:site_name\" content=\"Ferrovial\" \/>\n<meta property=\"article:publisher\" content=\"https:\/\/www.facebook.com\/ferrovial\" \/>\n<meta property=\"article:modified_time\" content=\"2023-12-20T12:28:02+00:00\" \/>\n<meta name=\"twitter:card\" content=\"summary_large_image\" \/>\n<meta name=\"twitter:site\" content=\"@ferrovial\" \/>\n<meta name=\"twitter:label1\" content=\"Est. reading time\" \/>\n\t<meta name=\"twitter:data1\" content=\"4 minutos\" \/>\n<!-- \/ Yoast SEO plugin. -->","yoast_head_json":{"title":"L\u00edquido en el conector lightning - Ferrovial","description":"Los conectores est\u00e1n compuestos de pines altamente sensibles, que est\u00e1n expuestos para poder conectarse a sus contrapartes en los puertos lightning, lo que los hace a\u00fan m\u00e1s propensos a sufrir da\u00f1os.","robots":{"index":"index","follow":"follow","max-snippet":"max-snippet:-1","max-image-preview":"max-image-preview:large","max-video-preview":"max-video-preview:-1"},"canonical":"https:\/\/www.ferrovial.com\/es\/stem\/liquido-en-el-conector-lightning\/","og_locale":"es_ES","og_type":"article","og_title":"L\u00edquido en el conector lightning - Ferrovial","og_description":"Los conectores est\u00e1n compuestos de pines altamente sensibles, que est\u00e1n expuestos para poder conectarse a sus contrapartes en los puertos lightning, lo que los hace a\u00fan m\u00e1s propensos a sufrir da\u00f1os.","og_url":"https:\/\/www.ferrovial.com\/es\/stem\/liquido-en-el-conector-lightning\/","og_site_name":"Ferrovial","article_publisher":"https:\/\/www.facebook.com\/ferrovial","article_modified_time":"2023-12-20T12:28:02+00:00","twitter_card":"summary_large_image","twitter_site":"@ferrovial","twitter_misc":{"Est. reading time":"4 minutos"},"schema":{"@context":"https:\/\/schema.org","@graph":[{"@type":"WebPage","@id":"https:\/\/www.ferrovial.com\/es\/stem\/liquido-en-el-conector-lightning\/","url":"https:\/\/www.ferrovial.com\/es\/stem\/liquido-en-el-conector-lightning\/","name":"L\u00edquido en el conector lightning - Ferrovial","isPartOf":{"@id":"https:\/\/www.ferrovial.com\/es\/#website"},"datePublished":"2023-07-04T06:37:58+00:00","dateModified":"2023-12-20T12:28:02+00:00","description":"Los conectores est\u00e1n compuestos de pines altamente sensibles, que est\u00e1n expuestos para poder conectarse a sus contrapartes en los puertos lightning, lo que los hace a\u00fan m\u00e1s propensos a sufrir da\u00f1os.","breadcrumb":{"@id":"https:\/\/www.ferrovial.com\/es\/stem\/liquido-en-el-conector-lightning\/#breadcrumb"},"inLanguage":"es","potentialAction":[{"@type":"ReadAction","target":["https:\/\/www.ferrovial.com\/es\/stem\/liquido-en-el-conector-lightning\/"]}]},{"@type":"BreadcrumbList","@id":"https:\/\/www.ferrovial.com\/es\/stem\/liquido-en-el-conector-lightning\/#breadcrumb","itemListElement":[{"@type":"ListItem","position":1,"name":"Portada","item":"https:\/\/www.ferrovial.com\/es\/"},{"@type":"ListItem","position":2,"name":"STEM","item":"https:\/\/www.ferrovial.com\/es\/stem\/"},{"@type":"ListItem","position":3,"name":"L\u00edquido en el conector lightning"}]},{"@type":"WebSite","@id":"https:\/\/www.ferrovial.com\/es\/#website","url":"https:\/\/www.ferrovial.com\/es\/","name":"Ferrovial","description":"Welcome to the Ferrovial&#039;s website, global operator of sustainable infrastructure. Here you can find all the information about the company and subsidiaries.","publisher":{"@id":"https:\/\/www.ferrovial.com\/es\/#organization"},"potentialAction":[{"@type":"SearchAction","target":{"@type":"EntryPoint","urlTemplate":"https:\/\/www.ferrovial.com\/es\/?s={search_term_string}"},"query-input":{"@type":"PropertyValueSpecification","valueRequired":true,"valueName":"search_term_string"}}],"inLanguage":"es"},{"@type":"Organization","@id":"https:\/\/www.ferrovial.com\/es\/#organization","name":"Ferrovial S.A.","url":"https:\/\/www.ferrovial.com\/es\/","logo":{"@type":"ImageObject","inLanguage":"es","@id":"https:\/\/www.ferrovial.com\/es\/#\/schema\/logo\/image\/","url":"https:\/\/static.ferrovial.com\/wp-content\/uploads\/2020\/01\/13124948\/logo-ferrovial-cf7.png","contentUrl":"https:\/\/static.ferrovial.com\/wp-content\/uploads\/2020\/01\/13124948\/logo-ferrovial-cf7.png","width":144,"height":32,"caption":"Ferrovial S.A."},"image":{"@id":"https:\/\/www.ferrovial.com\/es\/#\/schema\/logo\/image\/"},"sameAs":["https:\/\/www.facebook.com\/ferrovial","https:\/\/x.com\/ferrovial","https:\/\/www.instagram.com\/ferrovial\/","https:\/\/www.linkedin.com\/company\/ferrovial","https:\/\/www.pinterest.es\/ferrovial\/","https:\/\/www.youtube.com\/ferrovial","https:\/\/en.wikipedia.org\/wiki\/Ferrovial"]}]}},"_links":{"self":[{"href":"https:\/\/www.ferrovial.com\/es\/wp-json\/wp\/v2\/pages\/264709","targetHints":{"allow":["GET"]}}],"collection":[{"href":"https:\/\/www.ferrovial.com\/es\/wp-json\/wp\/v2\/pages"}],"about":[{"href":"https:\/\/www.ferrovial.com\/es\/wp-json\/wp\/v2\/types\/page"}],"replies":[{"embeddable":true,"href":"https:\/\/www.ferrovial.com\/es\/wp-json\/wp\/v2\/comments?post=264709"}],"version-history":[{"count":3,"href":"https:\/\/www.ferrovial.com\/es\/wp-json\/wp\/v2\/pages\/264709\/revisions"}],"predecessor-version":[{"id":272925,"href":"https:\/\/www.ferrovial.com\/es\/wp-json\/wp\/v2\/pages\/264709\/revisions\/272925"}],"up":[{"embeddable":true,"href":"https:\/\/www.ferrovial.com\/es\/wp-json\/wp\/v2\/pages\/227878"}],"wp:attachment":[{"href":"https:\/\/www.ferrovial.com\/es\/wp-json\/wp\/v2\/media?parent=264709"}],"curies":[{"name":"wp","href":"https:\/\/api.w.org\/{rel}","templated":true}]}}