{"id":264711,"date":"2023-07-04T08:42:31","date_gmt":"2023-07-04T06:42:31","guid":{"rendered":"https:\/\/www.ferrovial.com\/?page_id=264711"},"modified":"2023-12-29T11:07:39","modified_gmt":"2023-12-29T10:07:39","slug":"codigos-de-aeropuerto","status":"publish","type":"page","link":"https:\/\/www.ferrovial.com\/es\/recursos\/codigos-de-aeropuerto\/","title":{"rendered":"C\u00f3digos de aeropuerto"},"content":{"rendered":"    <m-final-content-header >\n            <c-breadcrumb label-text=\"Breadcrumb\" slot=\"breadcrumbs\" type='2' align='left' wrap='wrapped wrapped' aria-label='Vienes de Recursos'>\n                        <ol>\n\n                                                            <li><a href=\"https:\/\/www.ferrovial.com\/es\/\" title=\"Ferrovial\">Ferrovial<\/a><\/li>\n                                                                        <li><a href=\"https:\/\/www.ferrovial.com\/es\/recursos\/\" title=\"Recursos\">Recursos<\/a><\/li>\n                                    \n                <\/ol>\n\n                <\/c-breadcrumb>\n    \n        <div slot=\"header\">\n            <h1>\n                C\u00f3digos de aeropuerto            <\/h1>\n                    <\/div>\n    <\/m-final-content-header>\n\n    \n\n\n<m-wysiwig class=\"wp-block-components-wysiwyg\"><div slot=\"maincontent\">\n<h2 class=\"wp-block-heading\"><strong>\u00bfQu\u00e9 son los c\u00f3digos de aeropuerto?<\/strong><\/h2>\n\n\n\n<script type=\"application\/ld+json\">\n{\n  \"@context\": \"https:\/\/schema.org\",\n  \"@type\": \"FAQPage\",\n  \"mainEntity\": [{\n    \"@type\": \"Question\",\n    \"name\": \"\u00bfQu\u00e9 son los c\u00f3digos de aeropuerto?\",\n    \"acceptedAnswer\": {\n      \"@type\": \"Answer\",\n      \"text\": \"Los c\u00f3digos de aeropuerto son combinaciones de caracteres que se usan convencionalmente en la industria a\u00e9rea para nombrar de forma abreviada y un\u00edvoca una determinada instalaci\u00f3n aeroportuaria. Los c\u00f3digos de aeropuerto son uno de los muchos identificadores de ubicaci\u00f3n que se usan en el sector aeron\u00e1utico para la denominaci\u00f3n de aeropuertos, aer\u00f3dromos, estaciones meteorol\u00f3gicas, ayudas a la navegaci\u00f3n y otros emplazamientos relacionados.\"\n    }\n  },{\n    \"@type\": \"Question\",\n    \"name\": \"\u00bfQu\u00e9 son los c\u00f3digos de aeropuerto IATA?\",\n    \"acceptedAnswer\": {\n      \"@type\": \"Answer\",\n      \"text\": \"Los c\u00f3digos IATA son combinaciones de solo tres letras del alfabeto latino asignados por la IATA (Asociaci\u00f3n Internacional de Transporte A\u00e9reo) para nombrar a los aeropuertos comerciales del mundo. Los c\u00f3digos IATA se utilizan ampliamente en la industria a\u00e9rea para toda clase de operaciones relacionadas con la preparaci\u00f3n de los vuelos, reservaciones, emisi\u00f3n de boletos, horarios, salidas, llegadas, telecomunicaciones, documentaci\u00f3n de carga, manejo de equipaje, etc.\nEn muchas ocasiones las letras de los c\u00f3digos guardan alguna relaci\u00f3n con el nombre de la ciudad m\u00e1s pr\u00f3xima o relevante a la que le presta servicio el aeropuerto. Algunas veces se usan las iniciales o una combinaci\u00f3n de letras extra\u00eddas del nombre de la ciudad. Sin embargo, no existe una metodolog\u00eda \u00fanica para la creaci\u00f3n de los c\u00f3digos por parte de la IATA. La principal preocupaci\u00f3n es asignar c\u00f3digos un\u00edvocos, as\u00ed que la entidad procura que ning\u00fan c\u00f3digo coincida con otro. Si es necesario desambiguar, el c\u00f3digo se asigna tomando letras del nombre del mismo aeropuerto o usando dos letras que hagan referencia a la localidad y una tercera que se asocie al pa\u00eds, o incluso usando letras que no guardan ninguna relaci\u00f3n con la ubicaci\u00f3n.\nAlgunos ejemplos de c\u00f3digos IATA para aeropuertos famosos son:\n<ul>\n<li>JFK para el Aeropuerto Internacional John F. Kennedy de Nueva York, Estados Unidos. <\/li>\n<li>ATL para el Aeropuerto Internacional Hartsfield-Jackson de Atlanta, Estados Unidos.<\/li>\n<li>LHR para el Aeropuerto Internacional de Londres Heathrow, Reino Unido.<\/li>\n<li>LAX para el Aeropuerto Internacional de Los \u00c1ngeles, Estados Unidos.<\/li>\n<\/ul>\nLa IATA tambi\u00e9n provee c\u00f3digos para ciertas estaciones de autob\u00fas, trenes o puertos de ferrys involucrados en viajes a\u00e9reos intermodales.\"\n    }\n  },{\n    \"@type\": \"Question\",\n    \"name\": \"\u00bfQu\u00e9 otros c\u00f3digos de aeropuerto existen?\",\n    \"acceptedAnswer\": {\n      \"@type\": \"Answer\",\n      \"text\": \"Pese a que los c\u00f3digos IATA son los m\u00e1s usados en los vuelos comerciales del mundo, existen m\u00e1s c\u00f3digos, tanto para las mismas ubicaciones como para designar otros emplazamientos de menor relevancia como aer\u00f3dromos, pistas, helipuertos o aeropuertos militares no abarcados por la IATA.\nOtros c\u00f3digos de aeropuertos pueden ser:\n<ul>\n<li>Los c\u00f3digos de aeropuerto ICAO: se conforman por cuatro letras. La primera letra del c\u00f3digo est\u00e1 asociada a la regi\u00f3n del mundo a la que pertenece la ubicaci\u00f3n. Son administrados por la Organizaci\u00f3n de Aviaci\u00f3n Civil Internacional.<\/li>\n<li>Los identificadores FAA: son generados por la Administraci\u00f3n Federal de Aviaci\u00f3n de los Estados Unidos. Usan c\u00f3digos alfanum\u00e9ricos de tres a cinco caracteres.<\/li>\n<\/ul>\"\n    }\n  }]\n}\n<\/script>\n<p>Los c\u00f3digos de <a href=\"https:\/\/www.ferrovial.com\/es\/recursos\/aeropuertos\/\" target=\"_blank\" rel=\"noreferrer noopener\">aeropuerto<\/a> son combinaciones de caracteres que se usan convencionalmente en la industria a\u00e9rea para <strong>nombrar de forma abreviada y un\u00edvoca una determinada instalaci\u00f3n aeroportuaria<\/strong>. Los c\u00f3digos de aeropuerto son uno de los muchos <strong>identificadores de ubicaci\u00f3n <\/strong>que se usan en el sector aeron\u00e1utico para la denominaci\u00f3n de aeropuertos, aer\u00f3dromos, estaciones meteorol\u00f3gicas, ayudas a la navegaci\u00f3n y otros emplazamientos relacionados.<\/p>\n\n\n\n<h2 class=\"wp-block-heading\"><strong>\u00bfQu\u00e9 son los c\u00f3digos de aeropuerto IATA?<\/strong><\/h2>\n\n\n\n<p>Los c\u00f3digos IATA son combinaciones de solo <strong>tres letras del alfabeto latino <\/strong>asignados por la IATA (Asociaci\u00f3n Internacional de Transporte A\u00e9reo) para nombrar a los <strong>aeropuertos comerciales del mundo<\/strong>. Los c\u00f3digos IATA se utilizan ampliamente en la industria a\u00e9rea para toda clase de operaciones relacionadas con la preparaci\u00f3n de los vuelos, <strong>reservaciones, emisi\u00f3n de boletos, horarios, salidas, llegadas, telecomunicaciones, documentaci\u00f3n de carga, manejo de equipaje<\/strong>, etc.<\/p>\n\n\n\n<p>En muchas ocasiones las letras de <strong>los c\u00f3digos guardan alguna relaci\u00f3n con el nombre de la ciudad m\u00e1s pr\u00f3xima o relevante <\/strong>a la que le presta servicio el aeropuerto. Algunas veces se usan las <strong>iniciales o una combinaci\u00f3n de letras <\/strong>extra\u00eddas del nombre de la ciudad. Sin embargo, <strong>no existe una metodolog\u00eda \u00fanica para la creaci\u00f3n de los c\u00f3digos <\/strong>por parte de la IATA. La principal preocupaci\u00f3n es asignar <strong>c\u00f3digos un\u00edvocos<\/strong>, as\u00ed que la entidad procura que ning\u00fan c\u00f3digo coincida con otro. Si es necesario desambiguar, el c\u00f3digo se asigna tomando <strong>letras del nombre del mismo aeropuerto <\/strong>o usando <strong>dos letras que hagan referencia a la localidad y una tercera que se asocie al pa\u00eds<\/strong>, o incluso usando letras que no guardan ninguna relaci\u00f3n con la ubicaci\u00f3n.<\/p>\n\n\n\n<p>Algunos ejemplos de c\u00f3digos IATA para aeropuertos famosos son:<\/p>\n\n\n\n<p><strong>JFK <\/strong>para el Aeropuerto Internacional John F. Kennedy de Nueva York, Estados Unidos.<\/p>\n\n\n\n<p><strong>ATL<\/strong> para el Aeropuerto Internacional Hartsfield-Jackson de Atlanta, Estados Unidos.<\/p>\n\n\n\n<p><strong>LHR<\/strong> para el Aeropuerto Internacional de Londres Heathrow, Reino Unido.<\/p>\n\n\n\n<p><strong>LAX<\/strong> para el Aeropuerto Internacional de Los \u00c1ngeles, Estados Unidos.<\/p>\n\n\n\n<p>La IATA tambi\u00e9n provee c\u00f3digos para <strong>ciertas estaciones de autob\u00fas, <\/strong><a href=\"https:\/\/www.ferrovial.com\/es\/recursos\/trenes\/\"><strong>trenes<\/strong><\/a><strong> o puertos de ferrys involucrados en viajes a\u00e9reos intermodales<\/strong>.<\/p>\n\n\n\n<p>En la actualidad, los c\u00f3digos IATA de tres letras son los m\u00e1s usados en los aeropuertos comerciales, y sirven a casi 9000 de ellos en el mundo.<\/p>\n\n\n\n<h2 class=\"wp-block-heading\"><strong>\u00bfQu\u00e9 otros c\u00f3digos de aeropuerto existen?<\/strong><\/h2>\n\n\n\n<p>Pese a que los c\u00f3digos IATA son los m\u00e1s usados en los vuelos comerciales del mundo, existen m\u00e1s c\u00f3digos, tanto para las mismas ubicaciones como para designar otros emplazamientos de menor relevancia como <strong>aer\u00f3dromos, pistas, helipuertos o aeropuertos militares no abarcados por la IATA<\/strong>.<\/p>\n\n\n\n<p>Otros c\u00f3digos de aeropuertos pueden ser:<\/p>\n\n\n\n<ul class=\"wp-block-list\">\n<li>Los c\u00f3digos de aeropuerto <strong>ICAO<\/strong>: se conforman por cuatro letras. La primera letra del c\u00f3digo est\u00e1 asociada a la regi\u00f3n del mundo a la que pertenece la ubicaci\u00f3n. Son administrados por la <strong>Organizaci\u00f3n de Aviaci\u00f3n Civil Internacional<\/strong>.<\/li>\n\n\n\n<li>Los <strong>identificadores FAA<\/strong>: son generados por la <strong>Administraci\u00f3n Federal de Aviaci\u00f3n<\/strong> de los Estados Unidos. Usan c\u00f3digos alfanum\u00e9ricos de tres a cinco caracteres.<\/li>\n<\/ul>\n<\/div><\/m-wysiwig>\n\n\n\n<p><\/p>\n","protected":false},"excerpt":{"rendered":"","protected":false},"featured_media":0,"parent":25267,"menu_order":0,"comment_status":"closed","ping_status":"closed","template":"","meta":{"_acf_changed":false,"footnotes":""},"class_list":["post-264711","page","type-page","status-publish","hentry"],"acf":[],"yoast_head":"<!-- This site is optimized with the Yoast SEO plugin v27.2 - https:\/\/yoast.com\/product\/yoast-seo-wordpress\/ -->\n<title>C\u00f3digos de aeropuerto - Ferrovial<\/title>\n<meta name=\"description\" content=\"En muchas ocasiones las letras de los c\u00f3digos guardan alguna relaci\u00f3n con el nombre de la ciudad m\u00e1s pr\u00f3xima o relevante a la que le presta servicio el aeropuerto.\" \/>\n<meta name=\"robots\" content=\"index, follow, max-snippet:-1, max-image-preview:large, max-video-preview:-1\" \/>\n<link rel=\"canonical\" href=\"https:\/\/www.ferrovial.com\/es\/recursos\/codigos-de-aeropuerto\/\" \/>\n<meta property=\"og:locale\" content=\"es_ES\" \/>\n<meta property=\"og:type\" content=\"article\" \/>\n<meta property=\"og:title\" content=\"C\u00f3digos de aeropuerto - Ferrovial\" \/>\n<meta property=\"og:description\" content=\"En muchas ocasiones las letras de los c\u00f3digos guardan alguna relaci\u00f3n con el nombre de la ciudad m\u00e1s pr\u00f3xima o relevante a la que le presta servicio el aeropuerto.\" \/>\n<meta property=\"og:url\" content=\"https:\/\/www.ferrovial.com\/es\/recursos\/codigos-de-aeropuerto\/\" \/>\n<meta property=\"og:site_name\" content=\"Ferrovial\" \/>\n<meta property=\"article:publisher\" content=\"https:\/\/www.facebook.com\/ferrovial\" \/>\n<meta property=\"article:modified_time\" content=\"2023-12-29T10:07:39+00:00\" \/>\n<meta name=\"twitter:card\" content=\"summary_large_image\" \/>\n<meta name=\"twitter:site\" content=\"@ferrovial\" \/>\n<meta name=\"twitter:label1\" content=\"Est. reading time\" \/>\n\t<meta name=\"twitter:data1\" content=\"3 minutos\" \/>\n<!-- \/ Yoast SEO plugin. -->","yoast_head_json":{"title":"C\u00f3digos de aeropuerto - Ferrovial","description":"En muchas ocasiones las letras de los c\u00f3digos guardan alguna relaci\u00f3n con el nombre de la ciudad m\u00e1s pr\u00f3xima o relevante a la que le presta servicio el aeropuerto.","robots":{"index":"index","follow":"follow","max-snippet":"max-snippet:-1","max-image-preview":"max-image-preview:large","max-video-preview":"max-video-preview:-1"},"canonical":"https:\/\/www.ferrovial.com\/es\/recursos\/codigos-de-aeropuerto\/","og_locale":"es_ES","og_type":"article","og_title":"C\u00f3digos de aeropuerto - Ferrovial","og_description":"En muchas ocasiones las letras de los c\u00f3digos guardan alguna relaci\u00f3n con el nombre de la ciudad m\u00e1s pr\u00f3xima o relevante a la que le presta servicio el aeropuerto.","og_url":"https:\/\/www.ferrovial.com\/es\/recursos\/codigos-de-aeropuerto\/","og_site_name":"Ferrovial","article_publisher":"https:\/\/www.facebook.com\/ferrovial","article_modified_time":"2023-12-29T10:07:39+00:00","twitter_card":"summary_large_image","twitter_site":"@ferrovial","twitter_misc":{"Est. reading time":"3 minutos"},"schema":{"@context":"https:\/\/schema.org","@graph":[{"@type":"WebPage","@id":"https:\/\/www.ferrovial.com\/es\/recursos\/codigos-de-aeropuerto\/","url":"https:\/\/www.ferrovial.com\/es\/recursos\/codigos-de-aeropuerto\/","name":"C\u00f3digos de aeropuerto - Ferrovial","isPartOf":{"@id":"https:\/\/www.ferrovial.com\/es\/#website"},"datePublished":"2023-07-04T06:42:31+00:00","dateModified":"2023-12-29T10:07:39+00:00","description":"En muchas ocasiones las letras de los c\u00f3digos guardan alguna relaci\u00f3n con el nombre de la ciudad m\u00e1s pr\u00f3xima o relevante a la que le presta servicio el aeropuerto.","breadcrumb":{"@id":"https:\/\/www.ferrovial.com\/es\/recursos\/codigos-de-aeropuerto\/#breadcrumb"},"inLanguage":"es","potentialAction":[{"@type":"ReadAction","target":["https:\/\/www.ferrovial.com\/es\/recursos\/codigos-de-aeropuerto\/"]}]},{"@type":"BreadcrumbList","@id":"https:\/\/www.ferrovial.com\/es\/recursos\/codigos-de-aeropuerto\/#breadcrumb","itemListElement":[{"@type":"ListItem","position":1,"name":"Portada","item":"https:\/\/www.ferrovial.com\/es\/"},{"@type":"ListItem","position":2,"name":"Recursos","item":"https:\/\/www.ferrovial.com\/es\/recursos\/"},{"@type":"ListItem","position":3,"name":"C\u00f3digos de aeropuerto"}]},{"@type":"WebSite","@id":"https:\/\/www.ferrovial.com\/es\/#website","url":"https:\/\/www.ferrovial.com\/es\/","name":"Ferrovial","description":"Welcome to the Ferrovial&#039;s website, global operator of sustainable infrastructure. Here you can find all the information about the company and subsidiaries.","publisher":{"@id":"https:\/\/www.ferrovial.com\/es\/#organization"},"potentialAction":[{"@type":"SearchAction","target":{"@type":"EntryPoint","urlTemplate":"https:\/\/www.ferrovial.com\/es\/?s={search_term_string}"},"query-input":{"@type":"PropertyValueSpecification","valueRequired":true,"valueName":"search_term_string"}}],"inLanguage":"es"},{"@type":"Organization","@id":"https:\/\/www.ferrovial.com\/es\/#organization","name":"Ferrovial S.A.","url":"https:\/\/www.ferrovial.com\/es\/","logo":{"@type":"ImageObject","inLanguage":"es","@id":"https:\/\/www.ferrovial.com\/es\/#\/schema\/logo\/image\/","url":"https:\/\/static.ferrovial.com\/wp-content\/uploads\/2020\/01\/13124948\/logo-ferrovial-cf7.png","contentUrl":"https:\/\/static.ferrovial.com\/wp-content\/uploads\/2020\/01\/13124948\/logo-ferrovial-cf7.png","width":144,"height":32,"caption":"Ferrovial S.A."},"image":{"@id":"https:\/\/www.ferrovial.com\/es\/#\/schema\/logo\/image\/"},"sameAs":["https:\/\/www.facebook.com\/ferrovial","https:\/\/x.com\/ferrovial","https:\/\/www.instagram.com\/ferrovial\/","https:\/\/www.linkedin.com\/company\/ferrovial","https:\/\/www.pinterest.es\/ferrovial\/","https:\/\/www.youtube.com\/ferrovial","https:\/\/en.wikipedia.org\/wiki\/Ferrovial"]}]}},"_links":{"self":[{"href":"https:\/\/www.ferrovial.com\/es\/wp-json\/wp\/v2\/pages\/264711","targetHints":{"allow":["GET"]}}],"collection":[{"href":"https:\/\/www.ferrovial.com\/es\/wp-json\/wp\/v2\/pages"}],"about":[{"href":"https:\/\/www.ferrovial.com\/es\/wp-json\/wp\/v2\/types\/page"}],"replies":[{"embeddable":true,"href":"https:\/\/www.ferrovial.com\/es\/wp-json\/wp\/v2\/comments?post=264711"}],"version-history":[{"count":3,"href":"https:\/\/www.ferrovial.com\/es\/wp-json\/wp\/v2\/pages\/264711\/revisions"}],"predecessor-version":[{"id":273345,"href":"https:\/\/www.ferrovial.com\/es\/wp-json\/wp\/v2\/pages\/264711\/revisions\/273345"}],"up":[{"embeddable":true,"href":"https:\/\/www.ferrovial.com\/es\/wp-json\/wp\/v2\/pages\/25267"}],"wp:attachment":[{"href":"https:\/\/www.ferrovial.com\/es\/wp-json\/wp\/v2\/media?parent=264711"}],"curies":[{"name":"wp","href":"https:\/\/api.w.org\/{rel}","templated":true}]}}