{"id":264715,"date":"2023-07-04T08:47:04","date_gmt":"2023-07-04T06:47:04","guid":{"rendered":"https:\/\/www.ferrovial.com\/?page_id=264715"},"modified":"2023-12-29T11:25:21","modified_gmt":"2023-12-29T10:25:21","slug":"senal-de-paso-de-peatones","status":"publish","type":"page","link":"https:\/\/www.ferrovial.com\/es\/recursos\/senal-de-paso-de-peatones\/","title":{"rendered":"Se\u00f1al de paso de peatones"},"content":{"rendered":"    <m-final-content-header >\n            <c-breadcrumb label-text=\"Breadcrumb\" slot=\"breadcrumbs\" type='2' align='left' wrap='wrapped wrapped' aria-label='Vienes de Recursos'>\n                        <ol>\n\n                                                            <li><a href=\"https:\/\/www.ferrovial.com\/es\/\" title=\"Ferrovial\">Ferrovial<\/a><\/li>\n                                                                        <li><a href=\"https:\/\/www.ferrovial.com\/es\/recursos\/\" title=\"Recursos\">Recursos<\/a><\/li>\n                                    \n                <\/ol>\n\n                <\/c-breadcrumb>\n    \n        <div slot=\"header\">\n            <h1>\n                Se\u00f1al de paso de peatones            <\/h1>\n                    <\/div>\n    <\/m-final-content-header>\n\n    \n\n\n<m-wysiwig class=\"wp-block-components-wysiwyg\"><div slot=\"maincontent\">\n<h2 class=\"wp-block-heading\"><strong>\u00bfQu\u00e9 es una se\u00f1al de paso de peatones?<\/strong><\/h2>\n\n\n\n<script type=\"application\/ld+json\">\n{\n  \"@context\": \"https:\/\/schema.org\",\n  \"@type\": \"FAQPage\",\n  \"mainEntity\": [{\n    \"@type\": \"Question\",\n    \"name\": \"\u00bfQu\u00e9 es una se\u00f1al de paso de peatones?\",\n    \"acceptedAnswer\": {\n      \"@type\": \"Answer\",\n      \"text\": \"La se\u00f1al de paso de peatones es una se\u00f1al de tr\u00e1fico habitual en zonas urbanas y suburbanas que sirve para advertir a los veh\u00edculos de que hay peatones en el \u00e1rea, e indica las zonas demarcadas para el paso de peatones \u2014es decir, el sitio donde estos pueden atravesar la v\u00eda de los veh\u00edculos automotores y cruzar la calle para llegar a la otra acera\u2014.\"\n    }\n  },{\n    \"@type\": \"Question\",\n    \"name\": \"\u00bfD\u00f3nde se ubican las se\u00f1ales de paso de peatones?\",\n    \"acceptedAnswer\": {\n      \"@type\": \"Answer\",\n      \"text\": \"Las se\u00f1ales de paso suelen estar orientadas de cara a la calzada, de tal manera que veh\u00edculos que circulan por la v\u00eda sean capaces de verlas desde la distancia, reducir la velocidad y detenerse si es necesario, pero tambi\u00e9n permiten a los viandantes reconocer el sitio seguro para cruzar.\nPor lo general, las se\u00f1ales se ubican junto al rayado de cruce, que suele ser una serie de l\u00edneas gruesas que se pintan en la intersecci\u00f3n del pavimento. La se\u00f1al se instala sobre un poste, ya sea compartido o exclusivo para esta, en el borde de la v\u00eda o sobre la acera. La altura habitual de las se\u00f1ales de tr\u00e1nsito suele estar por encima de los 1.5 metros y por debajo de los 2.2 metros, aunque puede variar seg\u00fan las legislaciones de cada pa\u00eds o regi\u00f3n, o por las necesidades espec\u00edficas de cada caso.\"\n    }\n  },{\n    \"@type\": \"Question\",\n    \"name\": \"\u00bfC\u00f3mo es una se\u00f1al de paso de peatones?\",\n    \"acceptedAnswer\": {\n      \"@type\": \"Answer\",\n      \"text\": \"La representaci\u00f3n de una o varias figuras antropomorfas avanzando es bastante universal para advertir sobre el paso de peatones; sin embargo, cada pa\u00eds tiene su propio c\u00f3digo de se\u00f1ales de tr\u00e1fico en el que pueden existir variaciones. \n\nEn Estados Unidos, la se\u00f1al suele ser un rombo amarillo con la figura en negro. Seg\u00fan la convenci\u00f3n de se\u00f1ales de Viena, adoptada por la mayor\u00eda de los pa\u00edses de Europa, el fondo debe ser azul o negro con un tri\u00e1ngulo blanco o amarillo y con el s\u00edmbolo de la persona que camina en negro o azul oscuro.\"\n    }\n  }]\n}\n<\/script>\n<p>La se\u00f1al de paso de peatones es una <strong>se\u00f1al de tr\u00e1fico <\/strong>habitual en <strong>zonas urbanas y suburbanas <\/strong>que sirve para advertir a los veh\u00edculos de que <strong>hay peatones en el \u00e1rea<\/strong>, e indica las zonas demarcadas para el <strong>paso de peatones <\/strong>\u2014es decir, el sitio donde estos pueden atravesar la v\u00eda de los veh\u00edculos automotores y cruzar la calle para llegar a la otra <a href=\"https:\/\/www.ferrovial.com\/es\/recursos\/acera\/\" target=\"_blank\" rel=\"noreferrer noopener\">acera<\/a>\u2014.<\/p>\n\n\n\n<h2 class=\"wp-block-heading\"><strong>\u00bfD\u00f3nde se ubican las se\u00f1ales de paso de peatones?<\/strong><\/h2>\n\n\n\n<p>Las se\u00f1ales de paso suelen estar <strong>orientadas de cara a la calzada<\/strong>, de tal manera que veh\u00edculos que circulan por la v\u00eda sean capaces de verlas desde la distancia, <strong>reducir la velocidad y detenerse <\/strong>si es necesario, pero tambi\u00e9n permiten a los viandantes <strong>reconocer el sitio seguro para cruzar<\/strong>.&nbsp;<\/p>\n\n\n\n<p>Por lo general, las se\u00f1ales <strong>se ubican junto al rayado de cruce<\/strong>, que suele ser una serie de l\u00edneas gruesas que se pintan en la intersecci\u00f3n del pavimento. La se\u00f1al se instala <strong>sobre un poste<\/strong>, ya sea compartido o exclusivo para esta, <strong>en el borde de la v\u00eda o sobre la acera<\/strong>. La altura habitual de las se\u00f1ales de tr\u00e1nsito suele estar por encima de los 1.5 metros y por debajo de los 2.2 metros, aunque puede variar seg\u00fan las legislaciones de cada pa\u00eds o regi\u00f3n, o por las necesidades espec\u00edficas de cada caso.<\/p>\n\n\n\n<h2 class=\"wp-block-heading\"><strong>\u00bfC\u00f3mo es una se\u00f1al de paso de peatones?<\/strong><\/h2>\n\n\n\n<p>La representaci\u00f3n de <strong>una o varias figuras antropomorfas avanzando <\/strong>es bastante universal para advertir sobre el paso de peatones; sin embargo, cada pa\u00eds tiene su propio c\u00f3digo de se\u00f1ales de tr\u00e1fico en el que pueden existir variaciones.&nbsp;<\/p>\n\n\n\n<p>En Estados Unidos, la se\u00f1al suele ser un rombo amarillo con la figura en negro. Seg\u00fan la convenci\u00f3n de se\u00f1ales de Viena, adoptada por la mayor\u00eda de los pa\u00edses de Europa, el fondo debe ser azul o negro con un tri\u00e1ngulo blanco o amarillo y con el s\u00edmbolo de la persona que camina en negro o azul oscuro.<\/p>\n<\/div><\/m-wysiwig>\n\n\n    <m-projects-distributor2 :translations='{\n        &quot;prev&quot;:&quot;Anterior&quot;,\n        &quot;next&quot;:&quot;Siguiente&quot;,\n        &quot;paginationseparator&quot;:&quot;de&quot;\n    }'>\n                        <h2 slot=\"title\">\n                Nuestros proyectos destacados                <\/h2>\n                        <a slot='button' title='Conoce nuestros proyectos ' href='https:\/\/www.ferrovial.com\/es\/cintra\/proyectos\/'>\n            Conoce nuestros proyectos         <\/a>\n\n            <\/m-projects-distributor2>\n\n    ","protected":false},"excerpt":{"rendered":"","protected":false},"featured_media":0,"parent":25267,"menu_order":0,"comment_status":"closed","ping_status":"closed","template":"","meta":{"_acf_changed":false,"footnotes":""},"class_list":["post-264715","page","type-page","status-publish","hentry"],"acf":[],"yoast_head":"<!-- This site is optimized with the Yoast SEO plugin v27.2 - https:\/\/yoast.com\/product\/yoast-seo-wordpress\/ -->\n<title>Se\u00f1al de paso de peatones - Ferrovial<\/title>\n<meta name=\"description\" content=\"La representaci\u00f3n de una o varias figuras antropomorfas avanzando es bastante universal para advertir sobre el paso de peatones.\" \/>\n<meta name=\"robots\" content=\"index, follow, max-snippet:-1, max-image-preview:large, max-video-preview:-1\" \/>\n<link rel=\"canonical\" href=\"https:\/\/www.ferrovial.com\/es\/recursos\/senal-de-paso-de-peatones\/\" \/>\n<meta property=\"og:locale\" content=\"es_ES\" \/>\n<meta property=\"og:type\" content=\"article\" \/>\n<meta property=\"og:title\" content=\"Se\u00f1al de paso de peatones - Ferrovial\" \/>\n<meta property=\"og:description\" content=\"La representaci\u00f3n de una o varias figuras antropomorfas avanzando es bastante universal para advertir sobre el paso de peatones.\" \/>\n<meta property=\"og:url\" content=\"https:\/\/www.ferrovial.com\/es\/recursos\/senal-de-paso-de-peatones\/\" \/>\n<meta property=\"og:site_name\" content=\"Ferrovial\" \/>\n<meta property=\"article:publisher\" content=\"https:\/\/www.facebook.com\/ferrovial\" \/>\n<meta property=\"article:modified_time\" content=\"2023-12-29T10:25:21+00:00\" \/>\n<meta name=\"twitter:card\" content=\"summary_large_image\" \/>\n<meta name=\"twitter:site\" content=\"@ferrovial\" \/>\n<meta name=\"twitter:label1\" content=\"Est. reading time\" \/>\n\t<meta name=\"twitter:data1\" content=\"2 minutos\" \/>\n<!-- \/ Yoast SEO plugin. -->","yoast_head_json":{"title":"Se\u00f1al de paso de peatones - Ferrovial","description":"La representaci\u00f3n de una o varias figuras antropomorfas avanzando es bastante universal para advertir sobre el paso de peatones.","robots":{"index":"index","follow":"follow","max-snippet":"max-snippet:-1","max-image-preview":"max-image-preview:large","max-video-preview":"max-video-preview:-1"},"canonical":"https:\/\/www.ferrovial.com\/es\/recursos\/senal-de-paso-de-peatones\/","og_locale":"es_ES","og_type":"article","og_title":"Se\u00f1al de paso de peatones - Ferrovial","og_description":"La representaci\u00f3n de una o varias figuras antropomorfas avanzando es bastante universal para advertir sobre el paso de peatones.","og_url":"https:\/\/www.ferrovial.com\/es\/recursos\/senal-de-paso-de-peatones\/","og_site_name":"Ferrovial","article_publisher":"https:\/\/www.facebook.com\/ferrovial","article_modified_time":"2023-12-29T10:25:21+00:00","twitter_card":"summary_large_image","twitter_site":"@ferrovial","twitter_misc":{"Est. reading time":"2 minutos"},"schema":{"@context":"https:\/\/schema.org","@graph":[{"@type":"WebPage","@id":"https:\/\/www.ferrovial.com\/es\/recursos\/senal-de-paso-de-peatones\/","url":"https:\/\/www.ferrovial.com\/es\/recursos\/senal-de-paso-de-peatones\/","name":"Se\u00f1al de paso de peatones - Ferrovial","isPartOf":{"@id":"https:\/\/www.ferrovial.com\/es\/#website"},"datePublished":"2023-07-04T06:47:04+00:00","dateModified":"2023-12-29T10:25:21+00:00","description":"La representaci\u00f3n de una o varias figuras antropomorfas avanzando es bastante universal para advertir sobre el paso de peatones.","breadcrumb":{"@id":"https:\/\/www.ferrovial.com\/es\/recursos\/senal-de-paso-de-peatones\/#breadcrumb"},"inLanguage":"es","potentialAction":[{"@type":"ReadAction","target":["https:\/\/www.ferrovial.com\/es\/recursos\/senal-de-paso-de-peatones\/"]}]},{"@type":"BreadcrumbList","@id":"https:\/\/www.ferrovial.com\/es\/recursos\/senal-de-paso-de-peatones\/#breadcrumb","itemListElement":[{"@type":"ListItem","position":1,"name":"Portada","item":"https:\/\/www.ferrovial.com\/es\/"},{"@type":"ListItem","position":2,"name":"Recursos","item":"https:\/\/www.ferrovial.com\/es\/recursos\/"},{"@type":"ListItem","position":3,"name":"Se\u00f1al de paso de peatones"}]},{"@type":"WebSite","@id":"https:\/\/www.ferrovial.com\/es\/#website","url":"https:\/\/www.ferrovial.com\/es\/","name":"Ferrovial","description":"Welcome to the Ferrovial&#039;s website, global operator of sustainable infrastructure. Here you can find all the information about the company and subsidiaries.","publisher":{"@id":"https:\/\/www.ferrovial.com\/es\/#organization"},"potentialAction":[{"@type":"SearchAction","target":{"@type":"EntryPoint","urlTemplate":"https:\/\/www.ferrovial.com\/es\/?s={search_term_string}"},"query-input":{"@type":"PropertyValueSpecification","valueRequired":true,"valueName":"search_term_string"}}],"inLanguage":"es"},{"@type":"Organization","@id":"https:\/\/www.ferrovial.com\/es\/#organization","name":"Ferrovial S.A.","url":"https:\/\/www.ferrovial.com\/es\/","logo":{"@type":"ImageObject","inLanguage":"es","@id":"https:\/\/www.ferrovial.com\/es\/#\/schema\/logo\/image\/","url":"https:\/\/static.ferrovial.com\/wp-content\/uploads\/2020\/01\/13124948\/logo-ferrovial-cf7.png","contentUrl":"https:\/\/static.ferrovial.com\/wp-content\/uploads\/2020\/01\/13124948\/logo-ferrovial-cf7.png","width":144,"height":32,"caption":"Ferrovial S.A."},"image":{"@id":"https:\/\/www.ferrovial.com\/es\/#\/schema\/logo\/image\/"},"sameAs":["https:\/\/www.facebook.com\/ferrovial","https:\/\/x.com\/ferrovial","https:\/\/www.instagram.com\/ferrovial\/","https:\/\/www.linkedin.com\/company\/ferrovial","https:\/\/www.pinterest.es\/ferrovial\/","https:\/\/www.youtube.com\/ferrovial","https:\/\/en.wikipedia.org\/wiki\/Ferrovial"]}]}},"_links":{"self":[{"href":"https:\/\/www.ferrovial.com\/es\/wp-json\/wp\/v2\/pages\/264715","targetHints":{"allow":["GET"]}}],"collection":[{"href":"https:\/\/www.ferrovial.com\/es\/wp-json\/wp\/v2\/pages"}],"about":[{"href":"https:\/\/www.ferrovial.com\/es\/wp-json\/wp\/v2\/types\/page"}],"replies":[{"embeddable":true,"href":"https:\/\/www.ferrovial.com\/es\/wp-json\/wp\/v2\/comments?post=264715"}],"version-history":[{"count":2,"href":"https:\/\/www.ferrovial.com\/es\/wp-json\/wp\/v2\/pages\/264715\/revisions"}],"predecessor-version":[{"id":273349,"href":"https:\/\/www.ferrovial.com\/es\/wp-json\/wp\/v2\/pages\/264715\/revisions\/273349"}],"up":[{"embeddable":true,"href":"https:\/\/www.ferrovial.com\/es\/wp-json\/wp\/v2\/pages\/25267"}],"wp:attachment":[{"href":"https:\/\/www.ferrovial.com\/es\/wp-json\/wp\/v2\/media?parent=264715"}],"curies":[{"name":"wp","href":"https:\/\/api.w.org\/{rel}","templated":true}]}}