{"id":264719,"date":"2023-07-04T08:53:11","date_gmt":"2023-07-04T06:53:11","guid":{"rendered":"https:\/\/www.ferrovial.com\/?page_id=264719"},"modified":"2023-12-29T11:35:12","modified_gmt":"2023-12-29T10:35:12","slug":"agua-de-osmosis-inversa","status":"publish","type":"page","link":"https:\/\/www.ferrovial.com\/es\/recursos\/agua-de-osmosis-inversa\/","title":{"rendered":"Agua de \u00f3smosis inversa"},"content":{"rendered":"    <m-final-content-header >\n            <c-breadcrumb label-text=\"Breadcrumb\" slot=\"breadcrumbs\" type='2' align='left' wrap='wrapped wrapped' aria-label='Vienes de Recursos'>\n                        <ol>\n\n                                                            <li><a href=\"https:\/\/www.ferrovial.com\/es\/\" title=\"Ferrovial\">Ferrovial<\/a><\/li>\n                                                                        <li><a href=\"https:\/\/www.ferrovial.com\/es\/recursos\/\" title=\"Recursos\">Recursos<\/a><\/li>\n                                    \n                <\/ol>\n\n                <\/c-breadcrumb>\n    \n        <div slot=\"header\">\n            <h1>\n                Agua de \u00f3smosis inversa            <\/h1>\n                    <\/div>\n    <\/m-final-content-header>\n\n    \n\n\n<m-wysiwig class=\"wp-block-components-wysiwyg\"><div slot=\"maincontent\">\n<h2 class=\"wp-block-heading\"><strong>\u00bfQu\u00e9 es la \u00f3smosis inversa?<\/strong><\/h2>\n\n\n\n<script type=\"application\/ld+json\">\n{\n  \"@context\": \"https:\/\/schema.org\",\n  \"@type\": \"FAQPage\",\n  \"mainEntity\": [{\n    \"@type\": \"Question\",\n    \"name\": \"\u00bfQu\u00e9 es la \u00f3smosis inversa?\",\n    \"acceptedAnswer\": {\n      \"@type\": \"Answer\",\n      \"text\": \"La \u00f3smosis inversa (OI; tambi\u00e9n conocida como RO, por sus siglas del ingl\u00e9s reverse osmosis) es un proceso f\u00edsico qu\u00edmico de purificaci\u00f3n del agua que utiliza membranas permeables para eliminar part\u00edculas del l\u00edquido. El procedimiento tiene m\u00faltiples aplicaciones a escala industrial y dom\u00e9stica.\"\n    }\n  },{\n    \"@type\": \"Question\",\n    \"name\": \"\u00bfQu\u00e9 caracter\u00edsticas tiene el agua de \u00f3smosis inversa?\",\n    \"acceptedAnswer\": {\n      \"@type\": \"Answer\",\n      \"text\": \"El agua que se obtiene de un proceso de \u00f3smosis inversa es agua de calidad, es decir, con un alto nivel de pureza y una baj\u00edsima cantidad de s\u00f3lidos disueltos totales.\nLa \u00f3smosis inversa elimina hasta el 99% de las sales disueltas (iones), coloides, part\u00edculas y bacterias. A pesar de su alto nivel de purificaci\u00f3n, no elimina por completo virus y bacterias. La OI tampoco es capaz de eliminar eficazmente los gases contenidos en el agua (por ejemplo, el di\u00f3xido de carbono), puesto que su peso molecular es demasiado bajo.\nEl agua resultante se llama agua desmineralizada, destilada o desionizada puesto que el proceso de \u00f3smosis inversa no solo elimina part\u00edculas peligrosas y contaminantes, sino que tambi\u00e9n suprime la mayor parte de los minerales normalmente contenidos en el agua, como calcio, magnesio, sodio, potasio, f\u00f3sforo, etc.\"\n    }\n  },{\n    \"@type\": \"Question\",\n    \"name\": \"\u00bfCu\u00e1les son las ventajas y desventajas del agua de \u00f3smosis inversa?\",\n    \"acceptedAnswer\": {\n      \"@type\": \"Answer\",\n      \"text\": \"El agua desmineralizada obtenida del proceso de \u00f3smosis inversa resulta \u00fatil para muchas aplicaciones industriales, como la:\n\n<ul>\n<li>Farmac\u00e9utica<\/li>\n<li>Alimentaria<\/li>\n<li>Qu\u00edmica<\/li>\n<li>Electr\u00f3nica<\/li>\n<li>Automotriz<\/li>\n<\/ul>\nEsto se debe, principalmente, a que disminuye el riesgo de contaminaci\u00f3n de mezclas. Otra de sus ventajas industriales es que reduce los residuos calc\u00e1reos en tuber\u00edas y maquinarias, como en las calderas.\n\nSin embargo, la desmineralizaci\u00f3n del agua puede resultar contraproducente para el consumo humano.Aunque el agua desmineralizada es segura para el consumo humano, se desaconseja su consumo a largo plazo. El contenido mineral del agua, en las cantidades y proporciones apropiadas, es beneficioso para la salud y el equilibrio de electrolitos en el cuerpo. Este contenido mineral se pierde en los procesos de \u00f3smosis inversa. Adem\u00e1s, el agua de beber que ha sido desmineralizada a trav\u00e9s de un proceso de \u00f3smosis inversa tambi\u00e9n resulta poco agradable al gusto.\n\nLa mayor parte del agua corriente de los pa\u00edses de Europa, as\u00ed como en Estados Unidos, es potable (apta para el consumo humano), por lo que no es necesario ni recomendable someterla a ulteriores procesos de purificaci\u00f3n. La \u00f3smosis inversa puede ser de mucha utilidad para lugares en los que la disponibilidad de agua dulce o potable es muy baja. Es recomendable remineralizar el agua de beber que haya sido tratada con \u00f3smosis inversa.\"\n    }\n  }]\n}\n<\/script>\n<p>La <a href=\"https:\/\/www.ferrovial.com\/es\/recursos\/osmosis-inversa\/\" target=\"_blank\" rel=\"noreferrer noopener\">\u00f3smosis inversa<\/a> (<strong>OI<\/strong>; tambi\u00e9n conocida como <strong>RO<\/strong>, por sus siglas del ingl\u00e9s <em>reverse osmosis<\/em>) es un <strong>proceso f\u00edsico qu\u00edmico de purificaci\u00f3n del agua <\/strong>que utiliza membranas permeables para eliminar part\u00edculas del l\u00edquido. El procedimiento tiene m\u00faltiples aplicaciones a escala <strong>industrial y dom\u00e9stica<\/strong>.<\/p>\n\n\n\n<h2 class=\"wp-block-heading\"><strong>\u00bfQu\u00e9 caracter\u00edsticas tiene el agua de \u00f3smosis inversa?<\/strong><\/h2>\n\n\n\n<p>El agua que se obtiene de un proceso de \u00f3smosis inversa es <strong>agua de calidad<\/strong>, es decir, con un <strong>alto nivel de pureza<\/strong> y una baj\u00edsima cantidad de <strong>s\u00f3lidos disueltos totales<\/strong>.<\/p>\n\n\n\n<p>La \u00f3smosis inversa elimina hasta el 99% de las sales disueltas (iones), coloides, part\u00edculas y bacterias. A pesar de su alto nivel de purificaci\u00f3n, <strong>no elimina por completo virus y bacterias<\/strong>. La OI tampoco es capaz de eliminar eficazmente los <strong>gases <\/strong>contenidos en el agua (por ejemplo, el di\u00f3xido de carbono), puesto que su peso molecular es demasiado bajo.<\/p>\n\n\n\n<p>El agua resultante se llama <strong>agua desmineralizada, destilada o desionizada<\/strong> puesto que el proceso de \u00f3smosis inversa no solo <strong>elimina part\u00edculas peligrosas y contaminantes<\/strong>, sino que <strong>tambi\u00e9n suprime la mayor parte de los minerales <\/strong>normalmente contenidos en el agua, como calcio, magnesio, sodio, potasio, f\u00f3sforo, etc.<\/p>\n\n\n\n<h2 class=\"wp-block-heading\"><strong>\u00bfCu\u00e1les son las ventajas y desventajas del agua de \u00f3smosis inversa?<\/strong><\/h2>\n\n\n\n<p>El agua desmineralizada obtenida del proceso de \u00f3smosis inversa resulta \u00fatil para muchas <strong>aplicaciones industriales<\/strong>, como la:<\/p>\n\n\n\n<ul class=\"wp-block-list\">\n<li>Farmac\u00e9utica<\/li>\n\n\n\n<li>Alimentaria<\/li>\n\n\n\n<li>Qu\u00edmica<\/li>\n\n\n\n<li>Electr\u00f3nica<\/li>\n\n\n\n<li>Automotriz<\/li>\n<\/ul>\n\n\n\n<p>Esto se debe, principalmente, a que disminuye el riesgo de <strong>contaminaci\u00f3n de mezclas<\/strong>. Otra de sus ventajas industriales es que<strong> reduce los residuos calc\u00e1reos<\/strong> <strong>en tuber\u00edas y maquinarias<\/strong>, como en las calderas.<\/p>\n\n\n\n<p>Sin embargo, la desmineralizaci\u00f3n del agua puede resultar <strong>contraproducente para el consumo humano<\/strong>.<strong> <\/strong>Aunque el <strong>agua desmineralizada es segura <\/strong>para el consumo humano, <strong>se desaconseja su consumo a largo plazo<\/strong>. El contenido mineral del agua, en las cantidades y proporciones apropiadas, es beneficioso para la salud y el <strong>equilibrio de electrolitos <\/strong>en el cuerpo. Este contenido mineral se pierde en los procesos de \u00f3smosis inversa. Adem\u00e1s, el agua de beber que ha sido desmineralizada a trav\u00e9s de un proceso de \u00f3smosis inversa tambi\u00e9n resulta <strong>poco agradable al gusto<\/strong>.<\/p>\n\n\n\n<p>La mayor parte del agua corriente de los pa\u00edses de <strong>Europa<\/strong>, as\u00ed como en <strong>Estados Unidos<\/strong>, es <strong>potable (apta para el consumo humano)<\/strong>, por lo que no es necesario ni recomendable someterla a ulteriores procesos de purificaci\u00f3n. La \u00f3smosis inversa puede ser de mucha utilidad para lugares en los que la <strong>disponibilidad de agua dulce o potable es muy baja<\/strong>. Es recomendable <strong>remineralizar <\/strong>el agua de beber que haya sido tratada con \u00f3smosis inversa.<\/p>\n<\/div><\/m-wysiwig>\n\n\n    <m-projects-distributor2 :translations='{\n        &quot;prev&quot;:&quot;Anterior&quot;,\n        &quot;next&quot;:&quot;Siguiente&quot;,\n        &quot;paginationseparator&quot;:&quot;de&quot;\n    }'>\n                        <h2 slot=\"title\">\n                Nuestros proyectos destacados                <\/h2>\n                        <a slot='button' title='Conoce nuestros proyectos ' href='https:\/\/www.ferrovial.com\/es\/cintra\/proyectos\/'>\n            Conoce nuestros proyectos         <\/a>\n\n            <\/m-projects-distributor2>\n\n    ","protected":false},"excerpt":{"rendered":"","protected":false},"featured_media":0,"parent":25267,"menu_order":0,"comment_status":"closed","ping_status":"closed","template":"","meta":{"_acf_changed":false,"footnotes":""},"class_list":["post-264719","page","type-page","status-publish","hentry"],"acf":[],"yoast_head":"<!-- This site is optimized with the Yoast SEO plugin v27.2 - https:\/\/yoast.com\/product\/yoast-seo-wordpress\/ -->\n<title>Agua de \u00f3smosis inversa - Ferrovial<\/title>\n<meta name=\"description\" content=\"El agua que se obtiene de un proceso de \u00f3smosis inversa es agua con un alto nivel de pureza y una baj\u00edsima cantidad de s\u00f3lidos disueltos totales.\" \/>\n<meta name=\"robots\" content=\"index, follow, max-snippet:-1, max-image-preview:large, max-video-preview:-1\" \/>\n<link rel=\"canonical\" href=\"https:\/\/www.ferrovial.com\/es\/recursos\/agua-de-osmosis-inversa\/\" \/>\n<meta property=\"og:locale\" content=\"es_ES\" \/>\n<meta property=\"og:type\" content=\"article\" \/>\n<meta property=\"og:title\" content=\"Agua de \u00f3smosis inversa - Ferrovial\" \/>\n<meta property=\"og:description\" content=\"El agua que se obtiene de un proceso de \u00f3smosis inversa es agua con un alto nivel de pureza y una baj\u00edsima cantidad de s\u00f3lidos disueltos totales.\" \/>\n<meta property=\"og:url\" content=\"https:\/\/www.ferrovial.com\/es\/recursos\/agua-de-osmosis-inversa\/\" \/>\n<meta property=\"og:site_name\" content=\"Ferrovial\" \/>\n<meta property=\"article:publisher\" content=\"https:\/\/www.facebook.com\/ferrovial\" \/>\n<meta property=\"article:modified_time\" content=\"2023-12-29T10:35:12+00:00\" \/>\n<meta name=\"twitter:card\" content=\"summary_large_image\" \/>\n<meta name=\"twitter:site\" content=\"@ferrovial\" \/>\n<meta name=\"twitter:label1\" content=\"Est. reading time\" \/>\n\t<meta name=\"twitter:data1\" content=\"2 minutos\" \/>\n<!-- \/ Yoast SEO plugin. -->","yoast_head_json":{"title":"Agua de \u00f3smosis inversa - Ferrovial","description":"El agua que se obtiene de un proceso de \u00f3smosis inversa es agua con un alto nivel de pureza y una baj\u00edsima cantidad de s\u00f3lidos disueltos totales.","robots":{"index":"index","follow":"follow","max-snippet":"max-snippet:-1","max-image-preview":"max-image-preview:large","max-video-preview":"max-video-preview:-1"},"canonical":"https:\/\/www.ferrovial.com\/es\/recursos\/agua-de-osmosis-inversa\/","og_locale":"es_ES","og_type":"article","og_title":"Agua de \u00f3smosis inversa - Ferrovial","og_description":"El agua que se obtiene de un proceso de \u00f3smosis inversa es agua con un alto nivel de pureza y una baj\u00edsima cantidad de s\u00f3lidos disueltos totales.","og_url":"https:\/\/www.ferrovial.com\/es\/recursos\/agua-de-osmosis-inversa\/","og_site_name":"Ferrovial","article_publisher":"https:\/\/www.facebook.com\/ferrovial","article_modified_time":"2023-12-29T10:35:12+00:00","twitter_card":"summary_large_image","twitter_site":"@ferrovial","twitter_misc":{"Est. reading time":"2 minutos"},"schema":{"@context":"https:\/\/schema.org","@graph":[{"@type":"WebPage","@id":"https:\/\/www.ferrovial.com\/es\/recursos\/agua-de-osmosis-inversa\/","url":"https:\/\/www.ferrovial.com\/es\/recursos\/agua-de-osmosis-inversa\/","name":"Agua de \u00f3smosis inversa - Ferrovial","isPartOf":{"@id":"https:\/\/www.ferrovial.com\/es\/#website"},"datePublished":"2023-07-04T06:53:11+00:00","dateModified":"2023-12-29T10:35:12+00:00","description":"El agua que se obtiene de un proceso de \u00f3smosis inversa es agua con un alto nivel de pureza y una baj\u00edsima cantidad de s\u00f3lidos disueltos totales.","breadcrumb":{"@id":"https:\/\/www.ferrovial.com\/es\/recursos\/agua-de-osmosis-inversa\/#breadcrumb"},"inLanguage":"es","potentialAction":[{"@type":"ReadAction","target":["https:\/\/www.ferrovial.com\/es\/recursos\/agua-de-osmosis-inversa\/"]}]},{"@type":"BreadcrumbList","@id":"https:\/\/www.ferrovial.com\/es\/recursos\/agua-de-osmosis-inversa\/#breadcrumb","itemListElement":[{"@type":"ListItem","position":1,"name":"Portada","item":"https:\/\/www.ferrovial.com\/es\/"},{"@type":"ListItem","position":2,"name":"Recursos","item":"https:\/\/www.ferrovial.com\/es\/recursos\/"},{"@type":"ListItem","position":3,"name":"Agua de \u00f3smosis inversa"}]},{"@type":"WebSite","@id":"https:\/\/www.ferrovial.com\/es\/#website","url":"https:\/\/www.ferrovial.com\/es\/","name":"Ferrovial","description":"Welcome to the Ferrovial&#039;s website, global operator of sustainable infrastructure. Here you can find all the information about the company and subsidiaries.","publisher":{"@id":"https:\/\/www.ferrovial.com\/es\/#organization"},"potentialAction":[{"@type":"SearchAction","target":{"@type":"EntryPoint","urlTemplate":"https:\/\/www.ferrovial.com\/es\/?s={search_term_string}"},"query-input":{"@type":"PropertyValueSpecification","valueRequired":true,"valueName":"search_term_string"}}],"inLanguage":"es"},{"@type":"Organization","@id":"https:\/\/www.ferrovial.com\/es\/#organization","name":"Ferrovial S.A.","url":"https:\/\/www.ferrovial.com\/es\/","logo":{"@type":"ImageObject","inLanguage":"es","@id":"https:\/\/www.ferrovial.com\/es\/#\/schema\/logo\/image\/","url":"https:\/\/static.ferrovial.com\/wp-content\/uploads\/2020\/01\/13124948\/logo-ferrovial-cf7.png","contentUrl":"https:\/\/static.ferrovial.com\/wp-content\/uploads\/2020\/01\/13124948\/logo-ferrovial-cf7.png","width":144,"height":32,"caption":"Ferrovial S.A."},"image":{"@id":"https:\/\/www.ferrovial.com\/es\/#\/schema\/logo\/image\/"},"sameAs":["https:\/\/www.facebook.com\/ferrovial","https:\/\/x.com\/ferrovial","https:\/\/www.instagram.com\/ferrovial\/","https:\/\/www.linkedin.com\/company\/ferrovial","https:\/\/www.pinterest.es\/ferrovial\/","https:\/\/www.youtube.com\/ferrovial","https:\/\/en.wikipedia.org\/wiki\/Ferrovial"]}]}},"_links":{"self":[{"href":"https:\/\/www.ferrovial.com\/es\/wp-json\/wp\/v2\/pages\/264719","targetHints":{"allow":["GET"]}}],"collection":[{"href":"https:\/\/www.ferrovial.com\/es\/wp-json\/wp\/v2\/pages"}],"about":[{"href":"https:\/\/www.ferrovial.com\/es\/wp-json\/wp\/v2\/types\/page"}],"replies":[{"embeddable":true,"href":"https:\/\/www.ferrovial.com\/es\/wp-json\/wp\/v2\/comments?post=264719"}],"version-history":[{"count":2,"href":"https:\/\/www.ferrovial.com\/es\/wp-json\/wp\/v2\/pages\/264719\/revisions"}],"predecessor-version":[{"id":273351,"href":"https:\/\/www.ferrovial.com\/es\/wp-json\/wp\/v2\/pages\/264719\/revisions\/273351"}],"up":[{"embeddable":true,"href":"https:\/\/www.ferrovial.com\/es\/wp-json\/wp\/v2\/pages\/25267"}],"wp:attachment":[{"href":"https:\/\/www.ferrovial.com\/es\/wp-json\/wp\/v2\/media?parent=264719"}],"curies":[{"name":"wp","href":"https:\/\/api.w.org\/{rel}","templated":true}]}}