{"id":264730,"date":"2023-07-04T08:56:28","date_gmt":"2023-07-04T06:56:28","guid":{"rendered":"https:\/\/www.ferrovial.com\/?page_id=264730"},"modified":"2023-12-29T11:51:09","modified_gmt":"2023-12-29T10:51:09","slug":"servidor","status":"publish","type":"page","link":"https:\/\/www.ferrovial.com\/es\/stem\/servidor\/","title":{"rendered":"Servidor"},"content":{"rendered":"    <m-final-content-header >\n            <c-breadcrumb label-text=\"Breadcrumb\" slot=\"breadcrumbs\" type='2' align='left' wrap='wrapped wrapped' aria-label='Vienes de STEM'>\n                        <ol>\n\n                                                            <li><a href=\"https:\/\/www.ferrovial.com\/es\/\" title=\"Ferrovial\">Ferrovial<\/a><\/li>\n                                                                        <li><a href=\"https:\/\/www.ferrovial.com\/es\/stem\/\" title=\"STEM\">STEM<\/a><\/li>\n                                    \n                <\/ol>\n\n                <\/c-breadcrumb>\n    \n        <div slot=\"header\">\n            <h1>\n                \u00bfQu\u00e9 es un servidor?            <\/h1>\n                    <\/div>\n    <\/m-final-content-header>\n\n    \n\n\n<m-wysiwig class=\"wp-block-components-wysiwyg\"><div slot=\"maincontent\">\n<script type=\"application\/ld+json\">\n{\n  \"@context\": \"https:\/\/schema.org\",\n  \"@type\": \"FAQPage\",\n  \"mainEntity\": [{\n    \"@type\": \"Question\",\n    \"name\": \"\u00bfQu\u00e9 es un servidor?\",\n    \"acceptedAnswer\": {\n      \"@type\": \"Answer\",\n      \"text\": \"En computaci\u00f3n, un servidor es una computadora que es capaz de proveer un servicio, datos o recursos de hardware y software a otros dispositivos o usuarios, conocidos como clientes. Una misma computadora puede alojar varios servidores y proveer m\u00faltiples servicios a la vez.\n\nCualquier computadora puede ser un servidor, y el cliente incluso puede operar en la misma computadora en la que se encuentra el servidor. Sin embargo, por razones de seguridad, usualmente los servidores est\u00e1n en computadoras o redes de computadoras dedicadas a este prop\u00f3sito. Normalmente, los dispositivos en los que funciona el servidor tienen mayores capacidades que los dispositivos a los que atiende. Los clientes suelen transmitir sus peticiones al servidor a trav\u00e9s de una red \u2014privada, en el caso de una organizaci\u00f3n, empresa o instituci\u00f3n, o externa, como Internet\u2014.\n\nLos servidores est\u00e1n dise\u00f1ados para estar siempre encendidos, y conectados a la red. Los modelos de red m\u00e1s comunes son:\n<ul>\n<li>Cliente-servidor: cliente y servidor est\u00e1n separados y cada uno cumple su rol espec\u00edfico. Este modelo es el que utilizan, por ejemplo, los servicios de correo electr\u00f3nico.<\/li>\n<li>Peer-to-peer (P2P), o red de pares: todas las computadoras conectadas a la red pueden actuar alternativamente como servidores o como clientes seg\u00fan el caso. Un  ejemplo son los sistemas de intercambio de ficheros.<\/li>\n<\/ul>\"\n    }\n  },{\n    \"@type\": \"Question\",\n    \"name\": \"\u00bfQu\u00e9 es una granja de servidores?\",\n    \"acceptedAnswer\": {\n      \"@type\": \"Answer\",\n      \"text\": \"Se conoce como granja de servidores a una colecci\u00f3n de servidores que trabajan en conjunto para alcanzar capacidades que van m\u00e1s all\u00e1 de las posibilidades de una sola computadora. Las granjas de servidores est\u00e1n conformadas por un gran n\u00famero de supercomputadoras que act\u00faan como servidores y servidores de respaldo, y tambi\u00e9n implican la instalaci\u00f3n de conmutadores, enrutadores y potentes sistemas de enfriamiento.\"\n    }\n  },{\n    \"@type\": \"Question\",\n    \"name\": \"\u00bfQu\u00e9 es un protocolo de red?\",\n    \"acceptedAnswer\": {\n      \"@type\": \"Answer\",\n      \"text\": \"Los servidores atienden las peticiones de los clientes a trav\u00e9s de una serie de protocolos. Los protocolos son un conjunto de reglas que determinan la manera en la que se lleva a cabo la comunicaci\u00f3n entre los dispositivos que conforman una red, incluyendo las comunicaciones entre servidores y clientes.\n\nPara que la comunicaci\u00f3n entre cliente y servidor sea funcional, ambos deben seguir el mismo protocolo. En el caso de los servidores web, por ejemplo, se utiliza el Protocolo de Transferencia de Hipertexto, mejor conocido como HTTP.\"\n    }\n  },{\n    \"@type\": \"Question\",\n    \"name\": \"\u00bfCu\u00e1les son las principales aplicaciones de los servidores?\",\n    \"acceptedAnswer\": {\n      \"@type\": \"Answer\",\n      \"text\": \"Los servidores pueden desempe\u00f1ar diferentes roles y ofrecer diversos tipos de servicios, dependiendo de su configuraci\u00f3n y funci\u00f3n espec\u00edfica. Estos son algunos tipos comunes de servidores y sus aplicaciones:\n<ul>\n<li>Servidores web: proporcionan sitios y aplicaciones web a trav\u00e9s de Internet.<\/li>\n<li>Servidores DNS: traducen nombres de dominio en direcciones IP para permitir la comunicaci\u00f3n en Internet.<\/li>\n<li>Servidores de juegos: albergan juegos en l\u00ednea y permiten la interacci\u00f3n simult\u00e1nea entre varios jugadores en un mismo entorno virtual.<\/li>\n<li>Servidores de bases de datos: generalmente son utilizados en el \u00e1mbito empresarial para almacenar y administrar bases de datos, permitiendo el acceso tanto a miembros de la organizaci\u00f3n como a los usuarios (a trav\u00e9s de los sistemas de gesti\u00f3n de relaciones con los clientes, o CRM).<\/li>\n<li>Servidores de impresi\u00f3n: permiten la administraci\u00f3n de los sistemas de impresi\u00f3n dentro de una red.<\/li>\n<li>Servidores de streaming: distribuyen contenido multimedia en tiempo real o proporcionan bajo demanda contenidos almacenados.<\/li>\n<li>Servidores de archivos: almacenan diversos tipos de archivos y permiten a los usuarios el acceso a ellos, en un entorno seguro, a trav\u00e9s de una serie de dispositivos conectados en red o a trav\u00e9s de Internet.<\/li>\n<\/ul>\"\n    }\n  }]\n}\n<\/script>\n<p>En <a href=\"https:\/\/www.ferrovial.com\/es\/stem\/computacion\/\" target=\"_blank\" rel=\"noreferrer noopener\">computaci\u00f3n<\/a>, un servidor es una <strong>computadora que es capaz de proveer un servicio, datos o recursos <\/strong>de <a href=\"https:\/\/www.ferrovial.com\/es\/stem\/hardware\/\" target=\"_blank\" rel=\"noreferrer noopener\">hardware<\/a> y <a href=\"https:\/\/www.ferrovial.com\/es\/stem\/software\/\" target=\"_blank\" rel=\"noreferrer noopener\">software<\/a> a otros dispositivos o usuarios, conocidos como <strong><em>clientes<\/em><\/strong>. Una misma computadora puede alojar varios servidores y proveer m\u00faltiples servicios a la vez.<\/p>\n\n\n\n<p>Cualquier computadora puede ser un servidor, y el cliente incluso puede operar en la misma computadora en la que se encuentra el servidor. Sin embargo, por razones de seguridad, usualmente <strong>los servidores est\u00e1n en computadoras o redes de computadoras dedicadas <\/strong>a este prop\u00f3sito. Normalmente, los dispositivos en los que funciona el servidor tienen <strong>mayores capacidades <\/strong>que los dispositivos a los que atiende. Los clientes suelen transmitir sus peticiones al servidor a trav\u00e9s de una <strong>red <\/strong>\u2014privada, en el caso de una organizaci\u00f3n, empresa o instituci\u00f3n, o externa, como Internet\u2014.<\/p>\n\n\n\n<p>Los servidores est\u00e1n dise\u00f1ados para estar <strong>siempre encendidos, y conectados a la red<\/strong>. Los <strong>modelos de red <\/strong>m\u00e1s comunes son:<\/p>\n\n\n\n<ul class=\"wp-block-list\">\n<li><strong>Cliente-servidor:<\/strong> cliente y servidor est\u00e1n separados y cada uno cumple su rol espec\u00edfico. Este modelo es el que utilizan, por ejemplo, los servicios de correo electr\u00f3nico.<\/li>\n\n\n\n<li><strong><em>Peer-to-peer <\/em><\/strong><strong>(P2P), o red de pares: <\/strong>todas las computadoras conectadas a la red pueden actuar alternativamente como servidores o como clientes seg\u00fan el caso. Un&nbsp; ejemplo son los sistemas de intercambio de ficheros.<\/li>\n<\/ul>\n\n\n\n<h2 class=\"wp-block-heading\"><strong>\u00bfQu\u00e9 es una granja de servidores?<\/strong><\/h2>\n\n\n\n<p>Se conoce como <em>granja de servidores <\/em>a una <strong>colecci\u00f3n de servidores <\/strong>que trabajan en conjunto para alcanzar <strong>capacidades que van m\u00e1s all\u00e1 de las posibilidades de una sola computadora<\/strong>. Las granjas de servidores est\u00e1n conformadas por un gran n\u00famero de <strong>supercomputadoras <\/strong>que act\u00faan como <strong>servidores y servidores de respaldo<\/strong>, y tambi\u00e9n implican la instalaci\u00f3n de <strong>conmutadores<\/strong>, <strong>enrutadores <\/strong>y potentes <strong>sistemas de enfriamiento<\/strong>.<\/p>\n\n\n\n<p>Las granjas de servidores son <strong>costosas <\/strong>desde el punto de vista econ\u00f3mico, pero adem\u00e1s tienen un <strong>gran costo energ\u00e9tico<\/strong>. La granja de servidores m\u00e1s grande del mundo se encuentra en Nevada, Estados Unidos; se llama The Citadel (La Ciudadela) y tiene casi 700 kil\u00f3metros cuadrados. Funciona con <strong>energ\u00eda renovable<\/strong>, cosa que la diferencia de sus principales competidores.<\/p>\n\n\n\n<p>Siete de las <strong>diez granjas de servidores m\u00e1s grandes del mundo <\/strong>est\u00e1n en Estados Unidos, mientras que la m\u00e1s grande de Europa se encuentra en Londres.<\/p>\n\n\n\n<h2 class=\"wp-block-heading\"><strong>\u00bfQu\u00e9 es un protocolo de red?<\/strong><\/h2>\n\n\n\n<p>Los servidores <strong>atienden las peticiones de los clientes <\/strong>a trav\u00e9s de una serie de <strong>protocolos<\/strong>. Los protocolos son un <strong>conjunto de reglas <\/strong>que determinan la manera en la que se lleva a cabo la <strong>comunicaci\u00f3n <\/strong>entre los dispositivos que conforman una red, incluyendo las comunicaciones entre servidores y clientes.<\/p>\n\n\n\n<p>Para que la comunicaci\u00f3n entre cliente y servidor sea funcional, ambos deben seguir el mismo protocolo. En el caso de los servidores web, por ejemplo, se utiliza el Protocolo de Transferencia de Hipertexto, mejor conocido como HTTP.<\/p>\n\n\n\n<h2 class=\"wp-block-heading\"><strong>\u00bfCu\u00e1les son las principales aplicaciones de los servidores?<\/strong><\/h2>\n\n\n\n<p>Los servidores pueden desempe\u00f1ar diferentes roles y ofrecer diversos tipos de servicios, dependiendo de su configuraci\u00f3n y funci\u00f3n espec\u00edfica. Estos son algunos tipos comunes de servidores y sus aplicaciones:<\/p>\n\n\n\n<ul class=\"wp-block-list\">\n<li><strong>Servidores web: <\/strong>proporcionan sitios y aplicaciones web a trav\u00e9s de Internet.<\/li>\n\n\n\n<li><strong>Servidores DNS:<\/strong> traducen nombres de dominio en direcciones IP para permitir la comunicaci\u00f3n en Internet.<\/li>\n\n\n\n<li><strong>Servidores de juegos:<\/strong> albergan juegos en l\u00ednea y permiten la interacci\u00f3n simult\u00e1nea entre varios jugadores en un mismo entorno virtual.<\/li>\n\n\n\n<li><strong>Servidores de bases de datos: <\/strong>generalmente son utilizados en el \u00e1mbito empresarial para almacenar y administrar bases de datos, permitiendo el acceso tanto a miembros de la organizaci\u00f3n como a los usuarios (a trav\u00e9s de los sistemas de gesti\u00f3n de relaciones con los clientes, o CRM).<\/li>\n\n\n\n<li><strong>Servidores de impresi\u00f3n: <\/strong>permiten la administraci\u00f3n de los sistemas de impresi\u00f3n dentro de una red.<\/li>\n\n\n\n<li><strong>Servidores de streaming: <\/strong>distribuyen contenido multimedia en tiempo real o proporcionan bajo demanda contenidos almacenados.<\/li>\n\n\n\n<li><strong>Servidores de archivos: <\/strong>almacenan diversos tipos de archivos y permiten a los usuarios el acceso a ellos, en un entorno seguro, a trav\u00e9s de una serie de dispositivos conectados en red o a trav\u00e9s de Internet.<\/li>\n<\/ul>\n<\/div><\/m-wysiwig>\n\n\n    <m-projects-distributor2 :translations='{\n        &quot;prev&quot;:&quot;Anterior&quot;,\n        &quot;next&quot;:&quot;Siguiente&quot;,\n        &quot;paginationseparator&quot;:&quot;de&quot;\n    }'>\n                        <h2 slot=\"title\">\n                Nuestros proyectos destacados                <\/h2>\n                        <a slot='button' title='Conoce nuestros proyectos ' href='https:\/\/www.ferrovial.com\/es\/cintra\/proyectos\/'>\n            Conoce nuestros proyectos         <\/a>\n\n            <\/m-projects-distributor2>\n\n    ","protected":false},"excerpt":{"rendered":"","protected":false},"featured_media":0,"parent":227878,"menu_order":0,"comment_status":"closed","ping_status":"closed","template":"","meta":{"_acf_changed":false,"footnotes":""},"class_list":["post-264730","page","type-page","status-publish","hentry"],"acf":[],"yoast_head":"<!-- This site is optimized with the Yoast SEO plugin v27.2 - https:\/\/yoast.com\/product\/yoast-seo-wordpress\/ -->\n<title>Servidor - Ferrovial<\/title>\n<meta name=\"description\" content=\"En computaci\u00f3n, un servidor es una computadora que es capaz de proveer un servicio, datos o recursos de hardware y software a otros dispositivos o usuarios, conocidos como clientes.\" \/>\n<meta name=\"robots\" content=\"index, follow, max-snippet:-1, max-image-preview:large, max-video-preview:-1\" \/>\n<link rel=\"canonical\" href=\"https:\/\/www.ferrovial.com\/es\/stem\/servidor\/\" \/>\n<meta property=\"og:locale\" content=\"es_ES\" \/>\n<meta property=\"og:type\" content=\"article\" \/>\n<meta property=\"og:title\" content=\"Servidor - Ferrovial\" \/>\n<meta property=\"og:description\" content=\"En computaci\u00f3n, un servidor es una computadora que es capaz de proveer un servicio, datos o recursos de hardware y software a otros dispositivos o usuarios, conocidos como clientes.\" \/>\n<meta property=\"og:url\" content=\"https:\/\/www.ferrovial.com\/es\/stem\/servidor\/\" \/>\n<meta property=\"og:site_name\" content=\"Ferrovial\" \/>\n<meta property=\"article:publisher\" content=\"https:\/\/www.facebook.com\/ferrovial\" \/>\n<meta property=\"article:modified_time\" content=\"2023-12-29T10:51:09+00:00\" \/>\n<meta name=\"twitter:card\" content=\"summary_large_image\" \/>\n<meta name=\"twitter:site\" content=\"@ferrovial\" \/>\n<meta name=\"twitter:label1\" content=\"Est. reading time\" \/>\n\t<meta name=\"twitter:data1\" content=\"3 minutos\" \/>\n<!-- \/ Yoast SEO plugin. -->","yoast_head_json":{"title":"Servidor - Ferrovial","description":"En computaci\u00f3n, un servidor es una computadora que es capaz de proveer un servicio, datos o recursos de hardware y software a otros dispositivos o usuarios, conocidos como clientes.","robots":{"index":"index","follow":"follow","max-snippet":"max-snippet:-1","max-image-preview":"max-image-preview:large","max-video-preview":"max-video-preview:-1"},"canonical":"https:\/\/www.ferrovial.com\/es\/stem\/servidor\/","og_locale":"es_ES","og_type":"article","og_title":"Servidor - Ferrovial","og_description":"En computaci\u00f3n, un servidor es una computadora que es capaz de proveer un servicio, datos o recursos de hardware y software a otros dispositivos o usuarios, conocidos como clientes.","og_url":"https:\/\/www.ferrovial.com\/es\/stem\/servidor\/","og_site_name":"Ferrovial","article_publisher":"https:\/\/www.facebook.com\/ferrovial","article_modified_time":"2023-12-29T10:51:09+00:00","twitter_card":"summary_large_image","twitter_site":"@ferrovial","twitter_misc":{"Est. reading time":"3 minutos"},"schema":{"@context":"https:\/\/schema.org","@graph":[{"@type":"WebPage","@id":"https:\/\/www.ferrovial.com\/es\/stem\/servidor\/","url":"https:\/\/www.ferrovial.com\/es\/stem\/servidor\/","name":"Servidor - Ferrovial","isPartOf":{"@id":"https:\/\/www.ferrovial.com\/es\/#website"},"datePublished":"2023-07-04T06:56:28+00:00","dateModified":"2023-12-29T10:51:09+00:00","description":"En computaci\u00f3n, un servidor es una computadora que es capaz de proveer un servicio, datos o recursos de hardware y software a otros dispositivos o usuarios, conocidos como clientes.","breadcrumb":{"@id":"https:\/\/www.ferrovial.com\/es\/stem\/servidor\/#breadcrumb"},"inLanguage":"es","potentialAction":[{"@type":"ReadAction","target":["https:\/\/www.ferrovial.com\/es\/stem\/servidor\/"]}]},{"@type":"BreadcrumbList","@id":"https:\/\/www.ferrovial.com\/es\/stem\/servidor\/#breadcrumb","itemListElement":[{"@type":"ListItem","position":1,"name":"Portada","item":"https:\/\/www.ferrovial.com\/es\/"},{"@type":"ListItem","position":2,"name":"STEM","item":"https:\/\/www.ferrovial.com\/es\/stem\/"},{"@type":"ListItem","position":3,"name":"Servidor"}]},{"@type":"WebSite","@id":"https:\/\/www.ferrovial.com\/es\/#website","url":"https:\/\/www.ferrovial.com\/es\/","name":"Ferrovial","description":"Welcome to the Ferrovial&#039;s website, global operator of sustainable infrastructure. Here you can find all the information about the company and subsidiaries.","publisher":{"@id":"https:\/\/www.ferrovial.com\/es\/#organization"},"potentialAction":[{"@type":"SearchAction","target":{"@type":"EntryPoint","urlTemplate":"https:\/\/www.ferrovial.com\/es\/?s={search_term_string}"},"query-input":{"@type":"PropertyValueSpecification","valueRequired":true,"valueName":"search_term_string"}}],"inLanguage":"es"},{"@type":"Organization","@id":"https:\/\/www.ferrovial.com\/es\/#organization","name":"Ferrovial S.A.","url":"https:\/\/www.ferrovial.com\/es\/","logo":{"@type":"ImageObject","inLanguage":"es","@id":"https:\/\/www.ferrovial.com\/es\/#\/schema\/logo\/image\/","url":"https:\/\/static.ferrovial.com\/wp-content\/uploads\/2020\/01\/13124948\/logo-ferrovial-cf7.png","contentUrl":"https:\/\/static.ferrovial.com\/wp-content\/uploads\/2020\/01\/13124948\/logo-ferrovial-cf7.png","width":144,"height":32,"caption":"Ferrovial S.A."},"image":{"@id":"https:\/\/www.ferrovial.com\/es\/#\/schema\/logo\/image\/"},"sameAs":["https:\/\/www.facebook.com\/ferrovial","https:\/\/x.com\/ferrovial","https:\/\/www.instagram.com\/ferrovial\/","https:\/\/www.linkedin.com\/company\/ferrovial","https:\/\/www.pinterest.es\/ferrovial\/","https:\/\/www.youtube.com\/ferrovial","https:\/\/en.wikipedia.org\/wiki\/Ferrovial"]}]}},"_links":{"self":[{"href":"https:\/\/www.ferrovial.com\/es\/wp-json\/wp\/v2\/pages\/264730","targetHints":{"allow":["GET"]}}],"collection":[{"href":"https:\/\/www.ferrovial.com\/es\/wp-json\/wp\/v2\/pages"}],"about":[{"href":"https:\/\/www.ferrovial.com\/es\/wp-json\/wp\/v2\/types\/page"}],"replies":[{"embeddable":true,"href":"https:\/\/www.ferrovial.com\/es\/wp-json\/wp\/v2\/comments?post=264730"}],"version-history":[{"count":3,"href":"https:\/\/www.ferrovial.com\/es\/wp-json\/wp\/v2\/pages\/264730\/revisions"}],"predecessor-version":[{"id":273354,"href":"https:\/\/www.ferrovial.com\/es\/wp-json\/wp\/v2\/pages\/264730\/revisions\/273354"}],"up":[{"embeddable":true,"href":"https:\/\/www.ferrovial.com\/es\/wp-json\/wp\/v2\/pages\/227878"}],"wp:attachment":[{"href":"https:\/\/www.ferrovial.com\/es\/wp-json\/wp\/v2\/media?parent=264730"}],"curies":[{"name":"wp","href":"https:\/\/api.w.org\/{rel}","templated":true}]}}