{"id":264735,"date":"2023-07-04T09:01:53","date_gmt":"2023-07-04T07:01:53","guid":{"rendered":"https:\/\/www.ferrovial.com\/?page_id=264735"},"modified":"2023-12-29T12:33:10","modified_gmt":"2023-12-29T11:33:10","slug":"definicion-de-emprendimiento","status":"publish","type":"page","link":"https:\/\/www.ferrovial.com\/es\/recursos\/definicion-de-emprendimiento\/","title":{"rendered":"Definici\u00f3n de Emprendimiento"},"content":{"rendered":"    <m-final-content-header >\n            <c-breadcrumb label-text=\"Breadcrumb\" slot=\"breadcrumbs\" type='2' align='left' wrap='wrapped wrapped' aria-label='Vienes de Recursos'>\n                        <ol>\n\n                                                            <li><a href=\"https:\/\/www.ferrovial.com\/es\/\" title=\"Ferrovial\">Ferrovial<\/a><\/li>\n                                                                        <li><a href=\"https:\/\/www.ferrovial.com\/es\/recursos\/\" title=\"Recursos\">Recursos<\/a><\/li>\n                                    \n                <\/ol>\n\n                <\/c-breadcrumb>\n    \n        <div slot=\"header\">\n            <h1>\n                Definici\u00f3n de Emprendimiento            <\/h1>\n                    <\/div>\n    <\/m-final-content-header>\n\n    \n\n\n<m-wysiwig class=\"wp-block-components-wysiwyg\"><div slot=\"maincontent\">\n<h2 class=\"wp-block-heading\"><strong>\u00bfQu\u00e9 es el emprendimiento?<\/strong><\/h2>\n\n\n\n<script type=\"application\/ld+json\">\n{\n  \"@context\": \"https:\/\/schema.org\",\n  \"@type\": \"FAQPage\",\n  \"mainEntity\": [{\n    \"@type\": \"Question\",\n    \"name\": \"\u00bfQu\u00e9 es el emprendimiento?\",\n    \"acceptedAnswer\": {\n      \"@type\": \"Answer\",\n      \"text\": \"El t\u00e9rmino emprendimiento hace referencia a la acci\u00f3n de emprender. El origen etimol\u00f3gico de esta palabra proviene del lat\u00edn prend\u0115re, es decir, atrapar, coger, tomar. Tambi\u00e9n se le asocia al t\u00e9rmino franc\u00e9s entrepreneur, cuyo significado es pionero,y se refiere a la capacidad de hacer un esfuerzo para conseguir un objetivo o una meta.\n\nPartiendo de este punto, se entiende por emprendimiento a la acci\u00f3n de llevar a cabo una obra, idea, negocio o proyecto, aprovechando oportunidades y aportando valor. Si bien la mayor\u00eda de los emprendimientos tienen un fin econ\u00f3mico, existen peque\u00f1as, medianas o grandes empresas sin fines de lucro, tales como las organizaciones no gubernamentales u caritativas. \n\nSu planteamiento principal es convertir una idea en un proyecto de innovaci\u00f3n, haciendo uso de herramientas y habilidades tales como visi\u00f3n, persistencia, creatividad, exposici\u00f3n y resistencia al riesgo por parte de quienes lo llevan a cabo.\"\n    }\n  },{\n    \"@type\": \"Question\",\n    \"name\": \"\u00bfQu\u00e9 es un ecosistema emprendedor?\",\n    \"acceptedAnswer\": {\n      \"@type\": \"Answer\",\n      \"text\": \"Se conoce como ecosistema emprendedora la confluencia de todos los actores involucrados en el proceso de emprendimiento, tales como inversionistas, c\u00e1maras de comercio, formadores, incubadoras y aceleradoras, etc. Nueva York, Silicon Valley y Boston son algunas de las ciudades donde se encuentran los principales ecosistemas de emprendimiento, conformados por empresas de tecnolog\u00eda, universidades enfocadas en la investigaci\u00f3n en empresas con fondos de capital de riesgo.\"\n    }\n  },{\n    \"@type\": \"Question\",\n    \"name\": \"\u00bfCu\u00e1les son las caracter\u00edsticas de un emprendimiento?\",\n    \"acceptedAnswer\": {\n      \"@type\": \"Answer\",\n      \"text\": \"<ol>\n<li>Innovaci\u00f3n<\/li>\n<li>Adaptabilidad<\/li>\n<li>Paciencia<\/li>\n<li>Determinaci\u00f3n<\/li>\n<li>Escalabilidad<\/li>\n<\/ol>\"\n    }\n  },{\n    \"@type\": \"Question\",\n    \"name\": \"\u00bfQu\u00e9 tipos de emprendimientos existen?\",\n    \"acceptedAnswer\": {\n      \"@type\": \"Answer\",\n      \"text\": \"Los principales tipos de emprendimientos son:\n<ol>\n<li>Emprendimiento peque\u00f1o<\/li>\n<li>Emprendimiento escalable<\/li>\n<li>Emprendimiento social<\/li>\n<li>Emprendimiento empresarial<\/li>\n<li>Emprendimiento cultural<\/li>\n<li>Emprendimiento espejo o de imitaci\u00f3n<\/li>\n<li>Emprendimiento oportunista<\/li>\n<li>Emprendimiento incubador<\/li>\n<li>Emprendimiento digital<\/li>\n<\/ol>\"\n    }\n  },{\n    \"@type\": \"Question\",\n    \"name\": \"\u00bfQu\u00e9 atributos debe tener un emprendedor?\",\n    \"acceptedAnswer\": {\n      \"@type\": \"Answer\",\n      \"text\": \"Los emprendedores suelen ser directores y supervisores de cada una de las fases de desarrollo de su emprendimiento, estando a cargo de gestiones comerciales, de producci\u00f3n y de recursos. Sus principales atributos son:\n\n<ul>\n<li>Capacidad para identificar oportunidades de negocio.\n<\/li>\n<li>Tolerancia al riesgo y capacidad de sacrificar su seguridad profesional y financiera para desarrollar una idea y proyecto.\n<\/li>\n<li>Innovaci\u00f3n continua.\n<\/li>\n<\/ul>\"\n    }\n  }]\n}\n<\/script>\n<p>El t\u00e9rmino <em>emprendimiento <\/em>hace referencia a la acci\u00f3n de emprender. El origen etimol\u00f3gico de esta palabra proviene del lat\u00edn <em>prend\u0115re, <\/em>es decir, <strong>atrapar, coger, tomar.<\/strong> Tambi\u00e9n se le asocia al t\u00e9rmino franc\u00e9s <em>entrepreneur, <\/em>cuyo significado es <em>pionero<\/em>,<em> <\/em>y se refiere a la <strong>capacidad de hacer un esfuerzo para conseguir un objetivo o una meta.<\/strong><\/p>\n\n\n\n<p>Partiendo de este punto, <strong>se entiende por emprendimiento a la acci\u00f3n de llevar a cabo una obra, idea, negocio o proyecto,<\/strong> aprovechando oportunidades y aportando valor. Si bien <strong>la mayor\u00eda de los emprendimientos tienen un fin econ\u00f3mico<\/strong>, existen peque\u00f1as, medianas o grandes empresas sin fines de lucro, tales como las organizaciones no gubernamentales u caritativas.&nbsp;<\/p>\n\n\n\n<p><strong>Su planteamiento principal es convertir una idea en un proyecto de innovaci\u00f3n<\/strong>, haciendo uso de herramientas y habilidades tales como <strong>visi\u00f3n, persistencia, creatividad, exposici\u00f3n y resistencia al riesgo <\/strong>por parte de quienes lo llevan a cabo.&nbsp;<\/p>\n\n\n\n<h2 class=\"wp-block-heading\"><strong>\u00bfQu\u00e9 es un ecosistema emprendedor?<\/strong><\/h2>\n\n\n\n<p>Se conoce como <em>ecosistema emprendedor<\/em><strong> <\/strong>a la confluencia de todos los actores involucrados en el proceso de emprendimiento, tales como <strong>inversionistas, c\u00e1maras de comercio, formadores, incubadoras y aceleradoras<\/strong>, etc. <strong>Nueva York, Silicon Valley y Boston <\/strong>son algunas de las ciudades donde se encuentran los principales ecosistemas de emprendimiento, conformados por <strong>empresas de tecnolog\u00eda, <\/strong>universidades enfocadas en la investigaci\u00f3n en empresas con fondos de capital de riesgo.&nbsp;<\/p>\n\n\n\n<h2 class=\"wp-block-heading\"><strong>\u00bfCu\u00e1les son las caracter\u00edsticas de un emprendimiento?<\/strong><\/h2>\n\n\n\n<ol class=\"wp-block-list\">\n<li><strong>Innovaci\u00f3n:<\/strong> se entiende al conjunto de ideas que apuntan a la soluci\u00f3n a un problema determinado con un enfoque novedoso y diferente, aportando valor al proyecto en el que se est\u00e1 emprendiendo.<\/li>\n\n\n\n<li><strong>Adaptabilidad:<\/strong> es la capacidad de ser flexible. Al tratarse de proyectos nuevos, la norma es que vayan transform\u00e1ndose para optimizar tiempos y procesos y convertirlos en algo s\u00f3lido y estable. La idea de la transformaci\u00f3n constante es indispensable en cualquier proyecto de emprendimiento para permitirle a la nueva empresa adaptarse al entorno y circunstancias en las que se encuentre.&nbsp;&nbsp;<\/li>\n\n\n\n<li><strong>Paciencia:<\/strong> los emprendimientos requieren tiempo para desarrollarse, asentarse y conseguir rentabilidad.<\/li>\n\n\n\n<li><strong>Determinaci\u00f3n:<\/strong> llevar a cabo un emprendimiento implica determinaci\u00f3n para ejecutar las ideas y acciones pensadas, es decir, convertir una visi\u00f3n en una realidad.<\/li>\n\n\n\n<li><strong>Escalabilidad:<\/strong> todo emprendimiento deber\u00eda apostar a crecer con el paso del tiempo para que, desde un punto de vista econ\u00f3mico, los ingresos superen los gastos y mantengan la rentabilidad en el mercado en el que operen.<\/li>\n<\/ol>\n\n\n\n<h2 class=\"wp-block-heading\"><strong>\u00bfQu\u00e9 tipos de emprendimientos existen?<\/strong><\/h2>\n\n\n\n<p>Los principales tipos de emprendimientos son:<\/p>\n\n\n\n<ol class=\"wp-block-list\">\n<li><strong>Emprendimiento peque\u00f1o:<\/strong> se trata de proyectos peque\u00f1os, y normalmente involucran a uno o dos socios. Suelen denominarse, tambi\u00e9n, como <em>microemprendimientos<\/em>, y su inversi\u00f3n inicial es limitada.<\/li>\n\n\n\n<li><strong>Emprendimiento escalable:<\/strong> son aquellos que pretenden tener un crecimiento significativo en el corto y mediano plazo. Su objetivo es expandirse r\u00e1pidamente para convertirse en multinacionales. Adem\u00e1s, buscan cubrir las necesidades de millones de personas.<\/li>\n\n\n\n<li><strong>Emprendimiento social:<\/strong> este tipo de emprendimiento busca generar impactos positivos en un grupo de personas o comunidad. Suelen ser del \u00e1rea de la educaci\u00f3n, la salud o el medioambiente.<\/li>\n\n\n\n<li><strong>Emprendimiento empresarial:<\/strong> se trata de aquellas iniciativas cuyo objetivo es desarrollar un proyecto de negocios. Suelen surgir cuando hay crisis econ\u00f3micas, lo que lleva al emprendedor a desarrollar ideas diferentes e innovadoras dentro de un mercado en crisis que le permita crecer en un contexto de dificultad.<\/li>\n\n\n\n<li><strong>Emprendimiento cultural:<\/strong> son aquellos que buscan mantener el valor simb\u00f3lico de productos o costumbres culturales de una comunidad o pa\u00eds.<\/li>\n\n\n\n<li><strong>Emprendimiento espejo o de imitaci\u00f3n: <\/strong>suelen replicar una idea, producto o modelo de negocio que ya existe y est\u00e1 siendo exitoso. Las franquicias son un ejemplo t\u00edpico de este tipo de emprendimiento y suelen requerir una inversi\u00f3n inicial significativa.<\/li>\n\n\n\n<li><strong>Emprendimiento oportunista:<\/strong> surgen en un momento oportuno para resolver una necesidad urgente y puntual. Este tipo de emprendimientos destacan por la capacidad de los individuos o socios de ejecutarlos con rapidez y de forma creativa.<\/li>\n\n\n\n<li><strong>Emprendimiento incubador:<\/strong> es el opuesto al emprendimiento oportunista, ya que se enfoca en investigar a profundidad cu\u00e1les son las necesidades del mercado para ofrecer soluciones lo m\u00e1s innovadoras posibles.<\/li>\n\n\n\n<li><strong>Emprendimiento digital:<\/strong> hace referencia a proyectos con propuestas estrictamente digitales, democratizando el acceso a informaci\u00f3n y herramientas digitales, de manera que cualquier persona pueda llevar a cabo su proyecto gracias a esa informaci\u00f3n disponible.<\/li>\n<\/ol>\n\n\n\n<h2 class=\"wp-block-heading\"><strong>\u00bfQu\u00e9 atributos debe tener un emprendedor?<\/strong><\/h2>\n\n\n\n<p><strong>Los emprendedores suelen ser directores y supervisores de cada una de las fases de desarrollo de su emprendimiento<\/strong>, estando a cargo de gestiones comerciales, de producci\u00f3n y de recursos. Sus principales atributos son:<\/p>\n\n\n\n<ul class=\"wp-block-list\">\n<li>Capacidad para identificar oportunidades de negocio.<\/li>\n\n\n\n<li>Tolerancia al riesgo y capacidad de sacrificar su seguridad profesional y financiera para desarrollar una idea y proyecto.<\/li>\n\n\n\n<li>Innovaci\u00f3n continua.<\/li>\n<\/ul>\n<\/div><\/m-wysiwig>\n\n\n    <m-projects-distributor2 :translations='{\n        &quot;prev&quot;:&quot;Anterior&quot;,\n        &quot;next&quot;:&quot;Siguiente&quot;,\n        &quot;paginationseparator&quot;:&quot;de&quot;\n    }'>\n                        <h2 slot=\"title\">\n                Nuestros proyectos destacados                <\/h2>\n                        <a slot='button' title='Conoce nuestros proyectos ' href='https:\/\/www.ferrovial.com\/es\/cintra\/proyectos\/'>\n            Conoce nuestros proyectos         <\/a>\n\n            <\/m-projects-distributor2>\n\n    ","protected":false},"excerpt":{"rendered":"","protected":false},"featured_media":0,"parent":25267,"menu_order":0,"comment_status":"closed","ping_status":"closed","template":"","meta":{"_acf_changed":false,"footnotes":""},"class_list":["post-264735","page","type-page","status-publish","hentry"],"acf":[],"yoast_head":"<!-- This site is optimized with the Yoast SEO plugin v27.2 - https:\/\/yoast.com\/product\/yoast-seo-wordpress\/ -->\n<title>Definici\u00f3n de Emprendimiento - Ferrovial<\/title>\n<meta name=\"description\" content=\"El origen etimol\u00f3gico de esta palabra proviene del lat\u00edn prend\u0115re, es decir, atrapar, coger, tomar.\" \/>\n<meta name=\"robots\" content=\"index, follow, max-snippet:-1, max-image-preview:large, max-video-preview:-1\" \/>\n<link rel=\"canonical\" href=\"https:\/\/www.ferrovial.com\/es\/recursos\/definicion-de-emprendimiento\/\" \/>\n<meta property=\"og:locale\" content=\"es_ES\" \/>\n<meta property=\"og:type\" content=\"article\" \/>\n<meta property=\"og:title\" content=\"Definici\u00f3n de Emprendimiento - Ferrovial\" \/>\n<meta property=\"og:description\" content=\"El origen etimol\u00f3gico de esta palabra proviene del lat\u00edn prend\u0115re, es decir, atrapar, coger, tomar.\" \/>\n<meta property=\"og:url\" content=\"https:\/\/www.ferrovial.com\/es\/recursos\/definicion-de-emprendimiento\/\" \/>\n<meta property=\"og:site_name\" content=\"Ferrovial\" \/>\n<meta property=\"article:publisher\" content=\"https:\/\/www.facebook.com\/ferrovial\" \/>\n<meta property=\"article:modified_time\" content=\"2023-12-29T11:33:10+00:00\" \/>\n<meta name=\"twitter:card\" content=\"summary_large_image\" \/>\n<meta name=\"twitter:site\" content=\"@ferrovial\" \/>\n<meta name=\"twitter:label1\" content=\"Est. reading time\" \/>\n\t<meta name=\"twitter:data1\" content=\"4 minutos\" \/>\n<!-- \/ Yoast SEO plugin. -->","yoast_head_json":{"title":"Definici\u00f3n de Emprendimiento - Ferrovial","description":"El origen etimol\u00f3gico de esta palabra proviene del lat\u00edn prend\u0115re, es decir, atrapar, coger, tomar.","robots":{"index":"index","follow":"follow","max-snippet":"max-snippet:-1","max-image-preview":"max-image-preview:large","max-video-preview":"max-video-preview:-1"},"canonical":"https:\/\/www.ferrovial.com\/es\/recursos\/definicion-de-emprendimiento\/","og_locale":"es_ES","og_type":"article","og_title":"Definici\u00f3n de Emprendimiento - Ferrovial","og_description":"El origen etimol\u00f3gico de esta palabra proviene del lat\u00edn prend\u0115re, es decir, atrapar, coger, tomar.","og_url":"https:\/\/www.ferrovial.com\/es\/recursos\/definicion-de-emprendimiento\/","og_site_name":"Ferrovial","article_publisher":"https:\/\/www.facebook.com\/ferrovial","article_modified_time":"2023-12-29T11:33:10+00:00","twitter_card":"summary_large_image","twitter_site":"@ferrovial","twitter_misc":{"Est. reading time":"4 minutos"},"schema":{"@context":"https:\/\/schema.org","@graph":[{"@type":"WebPage","@id":"https:\/\/www.ferrovial.com\/es\/recursos\/definicion-de-emprendimiento\/","url":"https:\/\/www.ferrovial.com\/es\/recursos\/definicion-de-emprendimiento\/","name":"Definici\u00f3n de Emprendimiento - Ferrovial","isPartOf":{"@id":"https:\/\/www.ferrovial.com\/es\/#website"},"datePublished":"2023-07-04T07:01:53+00:00","dateModified":"2023-12-29T11:33:10+00:00","description":"El origen etimol\u00f3gico de esta palabra proviene del lat\u00edn prend\u0115re, es decir, atrapar, coger, tomar.","breadcrumb":{"@id":"https:\/\/www.ferrovial.com\/es\/recursos\/definicion-de-emprendimiento\/#breadcrumb"},"inLanguage":"es","potentialAction":[{"@type":"ReadAction","target":["https:\/\/www.ferrovial.com\/es\/recursos\/definicion-de-emprendimiento\/"]}]},{"@type":"BreadcrumbList","@id":"https:\/\/www.ferrovial.com\/es\/recursos\/definicion-de-emprendimiento\/#breadcrumb","itemListElement":[{"@type":"ListItem","position":1,"name":"Portada","item":"https:\/\/www.ferrovial.com\/es\/"},{"@type":"ListItem","position":2,"name":"Recursos","item":"https:\/\/www.ferrovial.com\/es\/recursos\/"},{"@type":"ListItem","position":3,"name":"Definici\u00f3n de Emprendimiento"}]},{"@type":"WebSite","@id":"https:\/\/www.ferrovial.com\/es\/#website","url":"https:\/\/www.ferrovial.com\/es\/","name":"Ferrovial","description":"Welcome to the Ferrovial&#039;s website, global operator of sustainable infrastructure. Here you can find all the information about the company and subsidiaries.","publisher":{"@id":"https:\/\/www.ferrovial.com\/es\/#organization"},"potentialAction":[{"@type":"SearchAction","target":{"@type":"EntryPoint","urlTemplate":"https:\/\/www.ferrovial.com\/es\/?s={search_term_string}"},"query-input":{"@type":"PropertyValueSpecification","valueRequired":true,"valueName":"search_term_string"}}],"inLanguage":"es"},{"@type":"Organization","@id":"https:\/\/www.ferrovial.com\/es\/#organization","name":"Ferrovial S.A.","url":"https:\/\/www.ferrovial.com\/es\/","logo":{"@type":"ImageObject","inLanguage":"es","@id":"https:\/\/www.ferrovial.com\/es\/#\/schema\/logo\/image\/","url":"https:\/\/static.ferrovial.com\/wp-content\/uploads\/2020\/01\/13124948\/logo-ferrovial-cf7.png","contentUrl":"https:\/\/static.ferrovial.com\/wp-content\/uploads\/2020\/01\/13124948\/logo-ferrovial-cf7.png","width":144,"height":32,"caption":"Ferrovial S.A."},"image":{"@id":"https:\/\/www.ferrovial.com\/es\/#\/schema\/logo\/image\/"},"sameAs":["https:\/\/www.facebook.com\/ferrovial","https:\/\/x.com\/ferrovial","https:\/\/www.instagram.com\/ferrovial\/","https:\/\/www.linkedin.com\/company\/ferrovial","https:\/\/www.pinterest.es\/ferrovial\/","https:\/\/www.youtube.com\/ferrovial","https:\/\/en.wikipedia.org\/wiki\/Ferrovial"]}]}},"_links":{"self":[{"href":"https:\/\/www.ferrovial.com\/es\/wp-json\/wp\/v2\/pages\/264735","targetHints":{"allow":["GET"]}}],"collection":[{"href":"https:\/\/www.ferrovial.com\/es\/wp-json\/wp\/v2\/pages"}],"about":[{"href":"https:\/\/www.ferrovial.com\/es\/wp-json\/wp\/v2\/types\/page"}],"replies":[{"embeddable":true,"href":"https:\/\/www.ferrovial.com\/es\/wp-json\/wp\/v2\/comments?post=264735"}],"version-history":[{"count":3,"href":"https:\/\/www.ferrovial.com\/es\/wp-json\/wp\/v2\/pages\/264735\/revisions"}],"predecessor-version":[{"id":273363,"href":"https:\/\/www.ferrovial.com\/es\/wp-json\/wp\/v2\/pages\/264735\/revisions\/273363"}],"up":[{"embeddable":true,"href":"https:\/\/www.ferrovial.com\/es\/wp-json\/wp\/v2\/pages\/25267"}],"wp:attachment":[{"href":"https:\/\/www.ferrovial.com\/es\/wp-json\/wp\/v2\/media?parent=264735"}],"curies":[{"name":"wp","href":"https:\/\/api.w.org\/{rel}","templated":true}]}}