{"id":264738,"date":"2023-07-04T09:10:58","date_gmt":"2023-07-04T07:10:58","guid":{"rendered":"https:\/\/www.ferrovial.com\/?page_id=264738"},"modified":"2024-01-10T08:57:23","modified_gmt":"2024-01-10T07:57:23","slug":"tormenta-electrica","status":"publish","type":"page","link":"https:\/\/www.ferrovial.com\/es\/stem\/tormenta-electrica\/","title":{"rendered":"Tormenta el\u00e9ctrica"},"content":{"rendered":"    <m-final-content-header >\n            <c-breadcrumb label-text=\"Breadcrumb\" slot=\"breadcrumbs\" type='2' align='left' wrap='wrapped wrapped' aria-label='Vienes de STEM'>\n                        <ol>\n\n                                                            <li><a href=\"https:\/\/www.ferrovial.com\/es\/\" title=\"Ferrovial\">Ferrovial<\/a><\/li>\n                                                                        <li><a href=\"https:\/\/www.ferrovial.com\/es\/stem\/\" title=\"STEM\">STEM<\/a><\/li>\n                                    \n                <\/ol>\n\n                <\/c-breadcrumb>\n    \n        <div slot=\"header\">\n            <h1>\n                Tormenta el\u00e9ctrica            <\/h1>\n                    <\/div>\n    <\/m-final-content-header>\n\n    \n\n\n<m-wysiwig class=\"wp-block-components-wysiwyg\"><div slot=\"maincontent\">\n<h2 class=\"wp-block-heading\"><strong>\u00bfQu\u00e9 es una tormenta el\u00e9ctrica?<\/strong><\/h2>\n\n\n\n<script type=\"application\/ld+json\">\n{\n  \"@context\": \"https:\/\/schema.org\",\n  \"@type\": \"FAQPage\",\n  \"mainEntity\": [{\n    \"@type\": \"Question\",\n    \"name\": \"\u00bfQu\u00e9 es una tormenta el\u00e9ctrica?\",\n    \"acceptedAnswer\": {\n      \"@type\": \"Answer\",\n      \"text\": \"Una tormenta el\u00e9ctrica es un fen\u00f3meno meteorol\u00f3gico generado por una nube cumulonimbus que viene acompa\u00f1ada por truenos y rel\u00e1mpagos y, en algunas ocasiones, tambi\u00e9n por fuertes vientos y precipitaciones (seg\u00fan la Administraci\u00f3n Nacional Oce\u00e1nica y Atmosf\u00e9rica de los Estados Unidos, NOAA, por sus siglas en ingl\u00e9s). Es, en t\u00e9rminos m\u00e1s sencillos, una manifestaci\u00f3n el\u00e9ctrica en la atm\u00f3sfera.\n\nLas tormentas el\u00e9ctricas se generan a partir del calor y la humedad, por lo que pueden darse en cualquier parte del mundo siempre y cuando est\u00e9n garantizadas dichas condiciones. B\u00e1sicamente, responde a la combinaci\u00f3n del aire caliente que sube desde una superficie terrestre y una fuerza que permite levantarlo, tal como una brisa marina, una monta\u00f1a o un frente fr\u00edo.\"\n    }\n  },{\n    \"@type\": \"Question\",\n    \"name\": \"\u00bfC\u00f3mo se origina una tormenta el\u00e9ctrica?\",\n    \"acceptedAnswer\": {\n      \"@type\": \"Answer\",\n      \"text\": \"Una tormenta el\u00e9ctrica requiere de la existencia de humedad, aire ascendente y un mecanismo de elevaci\u00f3n que empuje el aire. Teniendo en cuenta estos tres elementos, el fen\u00f3meno atmosf\u00e9rico ocurre cuando el aire caliente de las capas m\u00e1s bajas de la superficie asciende, permitiendo que el agua de la superficie se evapore y eleve la humedad para formar nubes.\n\nLas nubes que se forman y que provocan tormentas el\u00e9ctricas pueden alcanzar hasta 16 km de alto. Los rel\u00e1mpagos pueden llegar a alcanzar temperaturas de hasta 30.000 grados cent\u00edgrados, lo que provoca la luz blanca propia de la descarga el\u00e9ctrica. Por otra parte, el sonido de los truenos es consecuencia del aire caliente que se expande, generando una onda de choque.\"\n    }\n  },{\n    \"@type\": \"Question\",\n    \"name\": \"\u00bfCu\u00e1les son las fases de una tormenta el\u00e9ctrica?\",\n    \"acceptedAnswer\": {\n      \"@type\": \"Answer\",\n      \"text\": \"Toda tormenta el\u00e9ctrica cuenta con un ciclo vital de tres fases o etapas:\n<ol>\n<li>Nacimiento: tambi\u00e9n llamado fase de c\u00famulo, consiste en el momento en el que la masa de humedad se eleva hacia la atm\u00f3sfera y las nubes empiezan a adquirir mayor dimensi\u00f3n.<\/li>\n<li>Madurez: la nube es un c\u00famulo que va creciendo hacia arriba y cuando ha llegado a su m\u00e1ximo desarrollo vertical se forma el cumulonimbus, cuyo interior consta de corrientes de aire descendentes en forma de precipitaci\u00f3n que cae con intensidad en la parte baja de la atm\u00f3sfera. <\/li>\n<li>Disipaci\u00f3n: es la etapa en la que las nubes se dispersan hacia los lados y el aire caliente de la superficie es reemplazado por el aire fr\u00edo.<\/li>\n<\/ol>\"\n    }\n  },{\n    \"@type\": \"Question\",\n    \"name\": \"\u00bfQu\u00e9 tipos de tormentas el\u00e9ctricas existen?\",\n    \"acceptedAnswer\": {\n      \"@type\": \"Answer\",\n      \"text\": \"Los principales tipos de tormentas el\u00e9ctricas son:\n<ol>\n<li>Tormentas de c\u00e9lula simple: son las m\u00e1s d\u00e9biles, aisladas y cortas, y no se retroalimentan de energ\u00eda.\n<\/li>\n<li>Tormentas multicelulares: poseen dos o m\u00e1s c\u00e9lulas. Son m\u00e1s intensas y largas que las anteriores, adem\u00e1s de ir acompa\u00f1adas de viento o granizo. Es de las m\u00e1s habituales e incluye un c\u00famulo de tormentas el\u00e9ctricas.\n<\/li>\n<li>Tormentas de superc\u00e9lula: son de las m\u00e1s intensas, capaces de producir tornados. Se trata de tormentas que se retroalimentan a s\u00ed mismas, manteniendo as\u00ed su carga de energ\u00eda el\u00e9ctrica.  <\/li>\n<li>L\u00ednea de turbonada: se trata de una l\u00ednea de tormentas activas de cientos de kil\u00f3metros de largo. Suelen estar acompa\u00f1adas de r\u00e1fagas de vientos huracanados y fuertes lluvias.<\/li>\n<\/ol>\"\n    }\n  }]\n}\n<\/script>\n<p>Una tormenta el\u00e9ctrica es un <strong>fen\u00f3meno meteorol\u00f3gico generado por una nube <em>cumulonimbus<\/em><\/strong> que viene acompa\u00f1ada por truenos y rel\u00e1mpagos y, en algunas ocasiones, tambi\u00e9n por fuertes vientos y precipitaciones (seg\u00fan la<a href=\"https:\/\/www.usa.gov\/es\/agencias\/oficina-nacional-de-administracion-oceanica-y-atmosferica\" target=\"_blank\" rel=\"noreferrer noopener\"> Administraci\u00f3n Nacional Oce\u00e1nica y Atmosf\u00e9rica<\/a> de los Estados Unidos, NOAA, por sus siglas en ingl\u00e9s). Es, en t\u00e9rminos m\u00e1s sencillos, <strong>una manifestaci\u00f3n el\u00e9ctrica en la atm\u00f3sfera.<\/strong><\/p>\n\n\n\n<p>Las tormentas el\u00e9ctricas se generan<strong> a partir del calor y la humedad,<\/strong> por lo que pueden darse en cualquier parte del mundo siempre y cuando est\u00e9n garantizadas dichas condiciones. B\u00e1sicamente, responde a la <strong>combinaci\u00f3n del aire caliente que sube desde una superficie terrestre y una fuerza que permite levantarlo<\/strong>, tal como una brisa marina, una monta\u00f1a o un frente fr\u00edo.&nbsp;<\/p>\n\n\n\n<p>Ocurren cerca de dos mil tormentas el\u00e9ctricas en todo el mundo, en cualquier momento dado.<\/p>\n\n\n\n<h2 class=\"wp-block-heading\"><strong>\u00bfC\u00f3mo se origina una tormenta el\u00e9ctrica?<\/strong><\/h2>\n\n\n\n<p>Una tormenta el\u00e9ctrica <strong>requiere de la existencia de humedad, aire ascendente y un mecanismo de elevaci\u00f3n que empuje el aire.<\/strong> Teniendo en cuenta estos tres elementos, el fen\u00f3meno atmosf\u00e9rico <strong>ocurre cuando el aire caliente de las capas m\u00e1s bajas de la superficie asciende, <\/strong>permitiendo que el agua de la superficie se evapore y eleve la humedad para formar nubes.<\/p>\n\n\n\n<p><strong>Las nubes, por su parte, se acumulan, crecen y se oscurecen conforme se llenan de agua.<\/strong> Mientras tanto, el aire fr\u00edo y seco de las capas superiores de la atm\u00f3sfera, o corrientes descendentes, lleva la humedad hacia abajo y hace que caiga como lluvia.<\/p>\n\n\n\n<p>Las <strong>nubes <\/strong>que se forman y que provocan tormentas el\u00e9ctricas pueden alcanzar hasta 16 km de alto. Los <strong>rel\u00e1mpagos <\/strong>pueden llegar a alcanzar temperaturas de hasta 30.000 grados cent\u00edgrados, lo que provoca la luz blanca propia de la descarga el\u00e9ctrica. Por otra parte, el <strong>sonido de los truenos <\/strong>es consecuencia del aire caliente que se expande, generando una onda de choque.<\/p>\n\n\n\n<h2 class=\"wp-block-heading\"><strong>\u00bfCu\u00e1les son las fases de una tormenta el\u00e9ctrica?<\/strong><\/h2>\n\n\n\n<p>Toda tormenta el\u00e9ctrica cuenta con un ciclo vital de tres fases o etapas:<\/p>\n\n\n\n<ol class=\"wp-block-list\">\n<li><strong>Nacimiento:<\/strong> tambi\u00e9n llamada fase de c\u00famulo, consiste en el momento en el que la masa de humedad se eleva hacia la atm\u00f3sfera y las nubes empiezan a adquirir mayor dimensi\u00f3n. Si la carga es de agua y no se genera ning\u00fan rayo, no se entender\u00e1 como una tormenta el\u00e9ctrica. En esta fase, se comienzan a producir part\u00edculas de cristales de hielo en la parte superior de la nube.<\/li>\n\n\n\n<li><strong>Madurez:<\/strong> la nube es un c\u00famulo que va creciendo hacia arriba y cuando ha llegado a su m\u00e1ximo desarrollo vertical se forma el <em>cumulonimbus<\/em>, cuyo interior consta de corrientes de aire descendentes en forma de precipitaci\u00f3n que cae con intensidad en la parte baja de la atm\u00f3sfera. <strong>Dentro de las nubes se produce un fen\u00f3meno de turbulencia <\/strong>y los rel\u00e1mpagos aparecen en toda la extensi\u00f3n de las nubes.<\/li>\n\n\n\n<li><strong>Disipaci\u00f3n:<\/strong> es la etapa en la que las nubes se dispersan hacia los lados y el aire caliente de la superficie es reemplazado por el aire fr\u00edo. En esta fase solo hay corrientes descendentes y las precipitaciones son cada vez m\u00e1s d\u00e9biles.<\/li>\n<\/ol>\n\n\n\n<h2 class=\"wp-block-heading\"><strong>\u00bfQu\u00e9 tipos de tormentas el\u00e9ctricas existen?<\/strong><\/h2>\n\n\n\n<p>Los principales tipos de tormentas el\u00e9ctricas son:<\/p>\n\n\n\n<ol class=\"wp-block-list\">\n<li><strong>Tormentas de c\u00e9lula simple:<\/strong> son las m\u00e1s d\u00e9biles, aisladas y cortas, y no se retroalimentan de energ\u00eda.<\/li>\n\n\n\n<li><strong>Tormentas multicelulares:<\/strong> poseen dos o m\u00e1s c\u00e9lulas. Son m\u00e1s intensas y largas que las anteriores, adem\u00e1s de ir acompa\u00f1adas de viento o granizo. Es de las m\u00e1s habituales e incluye un c\u00famulo de tormentas el\u00e9ctricas.<\/li>\n\n\n\n<li><strong>Tormentas de superc\u00e9lula:<\/strong> son de las m\u00e1s intensas, capaces de producir tornados. Se trata de tormentas que se retroalimentan a s\u00ed mismas, manteniendo as\u00ed su carga de energ\u00eda el\u00e9ctrica.&nbsp;&nbsp;<\/li>\n\n\n\n<li><strong>L\u00ednea de turbonada:<\/strong> se trata de una l\u00ednea de tormentas activas de cientos de kil\u00f3metros de largo. Suelen estar acompa\u00f1adas de r\u00e1fagas de vientos huracanados y fuertes lluvias.<\/li>\n<\/ol>\n<\/div><\/m-wysiwig>\n\n\n    <m-projects-distributor2 :translations='{\n        &quot;prev&quot;:&quot;Anterior&quot;,\n        &quot;next&quot;:&quot;Siguiente&quot;,\n        &quot;paginationseparator&quot;:&quot;de&quot;\n    }'>\n                        <h2 slot=\"title\">\n                Nuestros proyectos destacados                <\/h2>\n                        <a slot='button' title='Conoce nuestros proyectos ' href='https:\/\/www.ferrovial.com\/es\/cintra\/proyectos\/'>\n            Conoce nuestros proyectos         <\/a>\n\n            <\/m-projects-distributor2>\n\n    ","protected":false},"excerpt":{"rendered":"","protected":false},"featured_media":0,"parent":227878,"menu_order":0,"comment_status":"closed","ping_status":"closed","template":"","meta":{"_acf_changed":false,"footnotes":""},"class_list":["post-264738","page","type-page","status-publish","hentry"],"acf":[],"yoast_head":"<!-- This site is optimized with the Yoast SEO plugin v27.2 - https:\/\/yoast.com\/product\/yoast-seo-wordpress\/ -->\n<title>Tormenta el\u00e9ctrica - Ferrovial<\/title>\n<meta name=\"description\" content=\"Responde a la combinaci\u00f3n del aire caliente que sube desde una superficie terrestre y una fuerza que permite levantarlo.\" \/>\n<meta name=\"robots\" content=\"index, follow, max-snippet:-1, max-image-preview:large, max-video-preview:-1\" \/>\n<link rel=\"canonical\" href=\"https:\/\/www.ferrovial.com\/es\/stem\/tormenta-electrica\/\" \/>\n<meta property=\"og:locale\" content=\"es_ES\" \/>\n<meta property=\"og:type\" content=\"article\" \/>\n<meta property=\"og:title\" content=\"Tormenta el\u00e9ctrica - Ferrovial\" \/>\n<meta property=\"og:description\" content=\"Responde a la combinaci\u00f3n del aire caliente que sube desde una superficie terrestre y una fuerza que permite levantarlo.\" \/>\n<meta property=\"og:url\" content=\"https:\/\/www.ferrovial.com\/es\/stem\/tormenta-electrica\/\" \/>\n<meta property=\"og:site_name\" content=\"Ferrovial\" \/>\n<meta property=\"article:publisher\" content=\"https:\/\/www.facebook.com\/ferrovial\" \/>\n<meta property=\"article:modified_time\" content=\"2024-01-10T07:57:23+00:00\" \/>\n<meta name=\"twitter:card\" content=\"summary_large_image\" \/>\n<meta name=\"twitter:site\" content=\"@ferrovial\" \/>\n<meta name=\"twitter:label1\" content=\"Est. reading time\" \/>\n\t<meta name=\"twitter:data1\" content=\"3 minutos\" \/>\n<!-- \/ Yoast SEO plugin. -->","yoast_head_json":{"title":"Tormenta el\u00e9ctrica - Ferrovial","description":"Responde a la combinaci\u00f3n del aire caliente que sube desde una superficie terrestre y una fuerza que permite levantarlo.","robots":{"index":"index","follow":"follow","max-snippet":"max-snippet:-1","max-image-preview":"max-image-preview:large","max-video-preview":"max-video-preview:-1"},"canonical":"https:\/\/www.ferrovial.com\/es\/stem\/tormenta-electrica\/","og_locale":"es_ES","og_type":"article","og_title":"Tormenta el\u00e9ctrica - Ferrovial","og_description":"Responde a la combinaci\u00f3n del aire caliente que sube desde una superficie terrestre y una fuerza que permite levantarlo.","og_url":"https:\/\/www.ferrovial.com\/es\/stem\/tormenta-electrica\/","og_site_name":"Ferrovial","article_publisher":"https:\/\/www.facebook.com\/ferrovial","article_modified_time":"2024-01-10T07:57:23+00:00","twitter_card":"summary_large_image","twitter_site":"@ferrovial","twitter_misc":{"Est. reading time":"3 minutos"},"schema":{"@context":"https:\/\/schema.org","@graph":[{"@type":"WebPage","@id":"https:\/\/www.ferrovial.com\/es\/stem\/tormenta-electrica\/","url":"https:\/\/www.ferrovial.com\/es\/stem\/tormenta-electrica\/","name":"Tormenta el\u00e9ctrica - Ferrovial","isPartOf":{"@id":"https:\/\/www.ferrovial.com\/es\/#website"},"datePublished":"2023-07-04T07:10:58+00:00","dateModified":"2024-01-10T07:57:23+00:00","description":"Responde a la combinaci\u00f3n del aire caliente que sube desde una superficie terrestre y una fuerza que permite levantarlo.","breadcrumb":{"@id":"https:\/\/www.ferrovial.com\/es\/stem\/tormenta-electrica\/#breadcrumb"},"inLanguage":"es","potentialAction":[{"@type":"ReadAction","target":["https:\/\/www.ferrovial.com\/es\/stem\/tormenta-electrica\/"]}]},{"@type":"BreadcrumbList","@id":"https:\/\/www.ferrovial.com\/es\/stem\/tormenta-electrica\/#breadcrumb","itemListElement":[{"@type":"ListItem","position":1,"name":"Portada","item":"https:\/\/www.ferrovial.com\/es\/"},{"@type":"ListItem","position":2,"name":"STEM","item":"https:\/\/www.ferrovial.com\/es\/stem\/"},{"@type":"ListItem","position":3,"name":"Tormenta el\u00e9ctrica"}]},{"@type":"WebSite","@id":"https:\/\/www.ferrovial.com\/es\/#website","url":"https:\/\/www.ferrovial.com\/es\/","name":"Ferrovial","description":"Welcome to the Ferrovial&#039;s website, global operator of sustainable infrastructure. Here you can find all the information about the company and subsidiaries.","publisher":{"@id":"https:\/\/www.ferrovial.com\/es\/#organization"},"potentialAction":[{"@type":"SearchAction","target":{"@type":"EntryPoint","urlTemplate":"https:\/\/www.ferrovial.com\/es\/?s={search_term_string}"},"query-input":{"@type":"PropertyValueSpecification","valueRequired":true,"valueName":"search_term_string"}}],"inLanguage":"es"},{"@type":"Organization","@id":"https:\/\/www.ferrovial.com\/es\/#organization","name":"Ferrovial S.A.","url":"https:\/\/www.ferrovial.com\/es\/","logo":{"@type":"ImageObject","inLanguage":"es","@id":"https:\/\/www.ferrovial.com\/es\/#\/schema\/logo\/image\/","url":"https:\/\/static.ferrovial.com\/wp-content\/uploads\/2020\/01\/13124948\/logo-ferrovial-cf7.png","contentUrl":"https:\/\/static.ferrovial.com\/wp-content\/uploads\/2020\/01\/13124948\/logo-ferrovial-cf7.png","width":144,"height":32,"caption":"Ferrovial S.A."},"image":{"@id":"https:\/\/www.ferrovial.com\/es\/#\/schema\/logo\/image\/"},"sameAs":["https:\/\/www.facebook.com\/ferrovial","https:\/\/x.com\/ferrovial","https:\/\/www.instagram.com\/ferrovial\/","https:\/\/www.linkedin.com\/company\/ferrovial","https:\/\/www.pinterest.es\/ferrovial\/","https:\/\/www.youtube.com\/ferrovial","https:\/\/en.wikipedia.org\/wiki\/Ferrovial"]}]}},"_links":{"self":[{"href":"https:\/\/www.ferrovial.com\/es\/wp-json\/wp\/v2\/pages\/264738","targetHints":{"allow":["GET"]}}],"collection":[{"href":"https:\/\/www.ferrovial.com\/es\/wp-json\/wp\/v2\/pages"}],"about":[{"href":"https:\/\/www.ferrovial.com\/es\/wp-json\/wp\/v2\/types\/page"}],"replies":[{"embeddable":true,"href":"https:\/\/www.ferrovial.com\/es\/wp-json\/wp\/v2\/comments?post=264738"}],"version-history":[{"count":2,"href":"https:\/\/www.ferrovial.com\/es\/wp-json\/wp\/v2\/pages\/264738\/revisions"}],"predecessor-version":[{"id":273839,"href":"https:\/\/www.ferrovial.com\/es\/wp-json\/wp\/v2\/pages\/264738\/revisions\/273839"}],"up":[{"embeddable":true,"href":"https:\/\/www.ferrovial.com\/es\/wp-json\/wp\/v2\/pages\/227878"}],"wp:attachment":[{"href":"https:\/\/www.ferrovial.com\/es\/wp-json\/wp\/v2\/media?parent=264738"}],"curies":[{"name":"wp","href":"https:\/\/api.w.org\/{rel}","templated":true}]}}