{"id":264740,"date":"2023-07-04T09:13:03","date_gmt":"2023-07-04T07:13:03","guid":{"rendered":"https:\/\/www.ferrovial.com\/?page_id=264740"},"modified":"2024-01-10T10:50:34","modified_gmt":"2024-01-10T09:50:34","slug":"recarga-optimizada-de-bateria","status":"publish","type":"page","link":"https:\/\/www.ferrovial.com\/es\/stem\/recarga-optimizada-de-bateria\/","title":{"rendered":"Recarga optimizada de bater\u00eda"},"content":{"rendered":"    <m-final-content-header >\n            <c-breadcrumb label-text=\"Breadcrumb\" slot=\"breadcrumbs\" type='2' align='left' wrap='wrapped wrapped' aria-label='Vienes de STEM'>\n                        <ol>\n\n                                                            <li><a href=\"https:\/\/www.ferrovial.com\/es\/\" title=\"Ferrovial\">Ferrovial<\/a><\/li>\n                                                                        <li><a href=\"https:\/\/www.ferrovial.com\/es\/stem\/\" title=\"STEM\">STEM<\/a><\/li>\n                                    \n                <\/ol>\n\n                <\/c-breadcrumb>\n    \n        <div slot=\"header\">\n            <h1>\n                Recarga optimizada de bater\u00eda            <\/h1>\n                    <\/div>\n    <\/m-final-content-header>\n\n    \n\n\n<m-wysiwig class=\"wp-block-components-wysiwyg\"><div slot=\"maincontent\">\n<h2 class=\"wp-block-heading\"><strong>\u00bfQu\u00e9 es la recarga optimizada?<\/strong><\/h2>\n\n\n\n<script type=\"application\/ld+json\">\n{\n  \"@context\": \"https:\/\/schema.org\",\n  \"@type\": \"FAQPage\",\n  \"mainEntity\": [{\n    \"@type\": \"Question\",\n    \"name\": \"\u00bfQu\u00e9 es la recarga optimizada?\",\n    \"acceptedAnswer\": {\n      \"@type\": \"Answer\",\n      \"text\": \"La recarga optimizada, tambi\u00e9n llamada recarga inteligente (optimized battery charging en ingl\u00e9s), es una funci\u00f3n incorporada en los dispositivos electr\u00f3nicos m\u00e1s modernos, especialmente tel\u00e9fonos m\u00f3viles y laptops, para preservar la salud de la bater\u00eda y reducir el efecto memoria en las bater\u00edas de ion de litio.\n\nEl dispositivo aprende los patrones de carga del usuario y regula la carga durante las recargas prolongadas. Los tel\u00e9fonos inteligentes tambi\u00e9n se sirven de la informaci\u00f3n de las alarmas o de los perfiles de sue\u00f1o y no molestar para saber cu\u00e1ndo el usuario dejar\u00e1 el dispositivo conectado durante mucho tiempo.\"\n    }\n  },{\n    \"@type\": \"Question\",\n    \"name\": \"\u00bfC\u00f3mo funciona la recarga optimizada?\",\n    \"acceptedAnswer\": {\n      \"@type\": \"Answer\",\n      \"text\": \"La recarga optimizada funciona de formas ligeramente distintas seg\u00fan el dispositivo y su sistema operativo; sin embargo, el principio general es el siguiente: al conectarlo a la corriente el\u00e9ctrica, el dispositivo ejecuta la carga r\u00e1pida hasta un 80% de la capacidad de la bater\u00eda. El 20% restante se ejecuta con una carga lenta, regulando el tiempo de carga al tiempo estimado de desconexi\u00f3n del aparato.\"\n    }\n  },{\n    \"@type\": \"Question\",\n    \"name\": \"\u00bfCu\u00e1les son los beneficios de utilizar la recarga optimizada?\",\n    \"acceptedAnswer\": {\n      \"@type\": \"Answer\",\n      \"text\": \"La total carga y descarga de las bater\u00edas reduce sus capacidades y tiene efectos negativos en su desempe\u00f1o a largo plazo. La recarga optimizada ayuda a evitarlo al:\n<ul>\n<li>Reducir el efecto memoria.<\/li>\n<li>Prolongar la vida \u00fatil<\/li>\n<li>Disminuir el desgaste en las celdas que produce la carga r\u00e1pida<\/li>\n<\/ul>\"\n    }\n  },{\n    \"@type\": \"Question\",\n    \"name\": \"\u00bfExisten razones para no utilizar la recarga optimizada?\",\n    \"acceptedAnswer\": {\n      \"@type\": \"Answer\",\n      \"text\": \"La recarga optimizada no deber\u00eda activarse cuando se necesita recargar la bater\u00eda en el menor tiempo posible. En el caso de las laptops, la funci\u00f3n debe desactivarse cuando se necesita contar con una carga del 100% real porque es probable que no haya posibilidad de conexi\u00f3n a la corriente el\u00e9ctrica en un tiempo prolongado; por ejemplo, al viajar.\"\n    }\n  }]\n}\n<\/script>\n<p>La recarga optimizada, tambi\u00e9n llamada <em>recarga inteligente <\/em>(<em>optimized battery charging <\/em>en ingl\u00e9s), es una <strong>funci\u00f3n incorporada en los dispositivos electr\u00f3nicos<\/strong> m\u00e1s modernos, especialmente tel\u00e9fonos m\u00f3viles y laptops, para <strong>preservar la salud de la <\/strong><a href=\"https:\/\/www.ferrovial.com\/es\/stem\/bateria\/\" target=\"_blank\" rel=\"noreferrer noopener\"><strong>bater\u00eda<\/strong><\/a> y reducir el <a href=\"https:\/\/www.ferrovial.com\/es\/stem\/bateria-ion-litio\/#:~:text=El%20efecto%20memoria%20es%20una,la%20carga%20descienda%20del%2015%25.\" target=\"_blank\" rel=\"noreferrer noopener\">efecto memoria en las bater\u00edas de ion de litio<\/a>.<\/p>\n\n\n\n<p>El dispositivo aprende los <strong>patrones de carga <\/strong>del usuario y <strong>regula la carga durante las recargas prolongadas<\/strong>. Los tel\u00e9fonos inteligentes tambi\u00e9n se sirven de la informaci\u00f3n de las alarmas o de los perfiles de sue\u00f1o y <em>no molestar<\/em> para saber cu\u00e1ndo el usuario dejar\u00e1 el dispositivo conectado durante mucho tiempo.&nbsp;<\/p>\n\n\n\n<h2 class=\"wp-block-heading\"><strong>\u00bfC\u00f3mo funciona la recarga optimizada?<\/strong><\/h2>\n\n\n\n<p>La recarga optimizada <strong>funciona de formas ligeramente distintas seg\u00fan el dispositivo y su sistema operativo<\/strong>; sin embargo, el principio general es el siguiente: al conectarlo a la corriente el\u00e9ctrica, el dispositivo ejecuta la <strong>carga r\u00e1pida hasta un 80% <\/strong>de la capacidad de la bater\u00eda. El <strong>20% <\/strong>restante se ejecuta con una <strong>carga lenta<\/strong>, regulando el tiempo de carga al tiempo estimado de desconexi\u00f3n del aparato.<\/p>\n\n\n\n<p>Por <strong>ejemplo<\/strong>, si un m\u00f3vil tiene la alarma despertador programada a las 7:00 de la ma\u00f1ana y el usuario inicia la carga a la medianoche, lo m\u00e1s probable es que el dispositivo permanezca conectado durante esas 7 horas. En funci\u00f3n de estos tiempos, el dispositivo regular\u00e1 la carga, para que el usuario tenga 100% de carga al despertar.<\/p>\n\n\n\n<p>En las <strong>laptops<\/strong>, la recarga optimizada funciona de forma un poco distinta. Al tener la funci\u00f3n activada, el dispositivo puede permanecer conectado indefinidamente, pero <strong>la carga se mantiene en un nivel inferior al 100%<\/strong>. Al alcanzar ese nivel, la bater\u00eda marcar\u00e1 un 100% de carga inteligente, aunque este nivel no corresponda con la capacidad total de la bater\u00eda.<\/p>\n\n\n\n<h2 class=\"wp-block-heading\"><strong>\u00bfCu\u00e1les son los beneficios de utilizar la recarga optimizada?<\/strong><\/h2>\n\n\n\n<p>La total carga y descarga de las bater\u00edas reduce sus capacidades y tiene efectos negativos en su desempe\u00f1o a largo plazo. La recarga optimizada ayuda a evitarlo al:<\/p>\n\n\n\n<ul class=\"wp-block-list\">\n<li>Reducir el <strong>efecto memoria<\/strong>.<\/li>\n\n\n\n<li>Prolongar la <strong>vida \u00fatil<\/strong>.<\/li>\n\n\n\n<li>Disminuir el <strong>desgaste en las celdas <\/strong>que produce la carga r\u00e1pida.<\/li>\n<\/ul>\n\n\n\n<h2 class=\"wp-block-heading\"><strong>\u00bfExisten razones para no utilizar la recarga optimizada?<\/strong><\/h2>\n\n\n\n<p>La recarga optimizada no deber\u00eda activarse cuando se necesita <strong>recargar la bater\u00eda en el menor tiempo posible<\/strong>. En el caso de las laptops, la funci\u00f3n debe desactivarse cuando se necesita contar con una <strong>carga del 100% real <\/strong>porque es probable que no haya posibilidad de conexi\u00f3n a la corriente el\u00e9ctrica en un tiempo prolongado; por ejemplo, al viajar.<\/p>\n<\/div><\/m-wysiwig>\n\n\n    <m-projects-distributor2 :translations='{\n        &quot;prev&quot;:&quot;Anterior&quot;,\n        &quot;next&quot;:&quot;Siguiente&quot;,\n        &quot;paginationseparator&quot;:&quot;de&quot;\n    }'>\n                        <h2 slot=\"title\">\n                Nuestros proyectos destacados                <\/h2>\n                        <a slot='button' title='Conoce nuestros proyectos ' href='https:\/\/www.ferrovial.com\/es\/cintra\/proyectos\/'>\n            Conoce nuestros proyectos         <\/a>\n\n            <\/m-projects-distributor2>\n\n    ","protected":false},"excerpt":{"rendered":"","protected":false},"featured_media":0,"parent":227878,"menu_order":0,"comment_status":"closed","ping_status":"closed","template":"","meta":{"_acf_changed":false,"footnotes":""},"class_list":["post-264740","page","type-page","status-publish","hentry"],"acf":[],"yoast_head":"<!-- This site is optimized with the Yoast SEO plugin v27.2 - https:\/\/yoast.com\/product\/yoast-seo-wordpress\/ -->\n<title>Recarga optimizada de bater\u00eda - Ferrovial<\/title>\n<meta name=\"description\" content=\"El dispositivo aprende los patrones de carga del usuario y regula la carga durante las recargas prolongadas.\" \/>\n<meta name=\"robots\" content=\"index, follow, max-snippet:-1, max-image-preview:large, max-video-preview:-1\" \/>\n<link rel=\"canonical\" href=\"https:\/\/www.ferrovial.com\/es\/stem\/recarga-optimizada-de-bateria\/\" \/>\n<meta property=\"og:locale\" content=\"es_ES\" \/>\n<meta property=\"og:type\" content=\"article\" \/>\n<meta property=\"og:title\" content=\"Recarga optimizada de bater\u00eda - Ferrovial\" \/>\n<meta property=\"og:description\" content=\"El dispositivo aprende los patrones de carga del usuario y regula la carga durante las recargas prolongadas.\" \/>\n<meta property=\"og:url\" content=\"https:\/\/www.ferrovial.com\/es\/stem\/recarga-optimizada-de-bateria\/\" \/>\n<meta property=\"og:site_name\" content=\"Ferrovial\" \/>\n<meta property=\"article:publisher\" content=\"https:\/\/www.facebook.com\/ferrovial\" \/>\n<meta property=\"article:modified_time\" content=\"2024-01-10T09:50:34+00:00\" \/>\n<meta name=\"twitter:card\" content=\"summary_large_image\" \/>\n<meta name=\"twitter:site\" content=\"@ferrovial\" \/>\n<meta name=\"twitter:label1\" content=\"Est. reading time\" \/>\n\t<meta name=\"twitter:data1\" content=\"2 minutos\" \/>\n<!-- \/ Yoast SEO plugin. -->","yoast_head_json":{"title":"Recarga optimizada de bater\u00eda - Ferrovial","description":"El dispositivo aprende los patrones de carga del usuario y regula la carga durante las recargas prolongadas.","robots":{"index":"index","follow":"follow","max-snippet":"max-snippet:-1","max-image-preview":"max-image-preview:large","max-video-preview":"max-video-preview:-1"},"canonical":"https:\/\/www.ferrovial.com\/es\/stem\/recarga-optimizada-de-bateria\/","og_locale":"es_ES","og_type":"article","og_title":"Recarga optimizada de bater\u00eda - Ferrovial","og_description":"El dispositivo aprende los patrones de carga del usuario y regula la carga durante las recargas prolongadas.","og_url":"https:\/\/www.ferrovial.com\/es\/stem\/recarga-optimizada-de-bateria\/","og_site_name":"Ferrovial","article_publisher":"https:\/\/www.facebook.com\/ferrovial","article_modified_time":"2024-01-10T09:50:34+00:00","twitter_card":"summary_large_image","twitter_site":"@ferrovial","twitter_misc":{"Est. reading time":"2 minutos"},"schema":{"@context":"https:\/\/schema.org","@graph":[{"@type":"WebPage","@id":"https:\/\/www.ferrovial.com\/es\/stem\/recarga-optimizada-de-bateria\/","url":"https:\/\/www.ferrovial.com\/es\/stem\/recarga-optimizada-de-bateria\/","name":"Recarga optimizada de bater\u00eda - Ferrovial","isPartOf":{"@id":"https:\/\/www.ferrovial.com\/es\/#website"},"datePublished":"2023-07-04T07:13:03+00:00","dateModified":"2024-01-10T09:50:34+00:00","description":"El dispositivo aprende los patrones de carga del usuario y regula la carga durante las recargas prolongadas.","breadcrumb":{"@id":"https:\/\/www.ferrovial.com\/es\/stem\/recarga-optimizada-de-bateria\/#breadcrumb"},"inLanguage":"es","potentialAction":[{"@type":"ReadAction","target":["https:\/\/www.ferrovial.com\/es\/stem\/recarga-optimizada-de-bateria\/"]}]},{"@type":"BreadcrumbList","@id":"https:\/\/www.ferrovial.com\/es\/stem\/recarga-optimizada-de-bateria\/#breadcrumb","itemListElement":[{"@type":"ListItem","position":1,"name":"Portada","item":"https:\/\/www.ferrovial.com\/es\/"},{"@type":"ListItem","position":2,"name":"STEM","item":"https:\/\/www.ferrovial.com\/es\/stem\/"},{"@type":"ListItem","position":3,"name":"Recarga optimizada de bater\u00eda"}]},{"@type":"WebSite","@id":"https:\/\/www.ferrovial.com\/es\/#website","url":"https:\/\/www.ferrovial.com\/es\/","name":"Ferrovial","description":"Welcome to the Ferrovial&#039;s website, global operator of sustainable infrastructure. Here you can find all the information about the company and subsidiaries.","publisher":{"@id":"https:\/\/www.ferrovial.com\/es\/#organization"},"potentialAction":[{"@type":"SearchAction","target":{"@type":"EntryPoint","urlTemplate":"https:\/\/www.ferrovial.com\/es\/?s={search_term_string}"},"query-input":{"@type":"PropertyValueSpecification","valueRequired":true,"valueName":"search_term_string"}}],"inLanguage":"es"},{"@type":"Organization","@id":"https:\/\/www.ferrovial.com\/es\/#organization","name":"Ferrovial S.A.","url":"https:\/\/www.ferrovial.com\/es\/","logo":{"@type":"ImageObject","inLanguage":"es","@id":"https:\/\/www.ferrovial.com\/es\/#\/schema\/logo\/image\/","url":"https:\/\/static.ferrovial.com\/wp-content\/uploads\/2020\/01\/13124948\/logo-ferrovial-cf7.png","contentUrl":"https:\/\/static.ferrovial.com\/wp-content\/uploads\/2020\/01\/13124948\/logo-ferrovial-cf7.png","width":144,"height":32,"caption":"Ferrovial S.A."},"image":{"@id":"https:\/\/www.ferrovial.com\/es\/#\/schema\/logo\/image\/"},"sameAs":["https:\/\/www.facebook.com\/ferrovial","https:\/\/x.com\/ferrovial","https:\/\/www.instagram.com\/ferrovial\/","https:\/\/www.linkedin.com\/company\/ferrovial","https:\/\/www.pinterest.es\/ferrovial\/","https:\/\/www.youtube.com\/ferrovial","https:\/\/en.wikipedia.org\/wiki\/Ferrovial"]}]}},"_links":{"self":[{"href":"https:\/\/www.ferrovial.com\/es\/wp-json\/wp\/v2\/pages\/264740","targetHints":{"allow":["GET"]}}],"collection":[{"href":"https:\/\/www.ferrovial.com\/es\/wp-json\/wp\/v2\/pages"}],"about":[{"href":"https:\/\/www.ferrovial.com\/es\/wp-json\/wp\/v2\/types\/page"}],"replies":[{"embeddable":true,"href":"https:\/\/www.ferrovial.com\/es\/wp-json\/wp\/v2\/comments?post=264740"}],"version-history":[{"count":2,"href":"https:\/\/www.ferrovial.com\/es\/wp-json\/wp\/v2\/pages\/264740\/revisions"}],"predecessor-version":[{"id":273847,"href":"https:\/\/www.ferrovial.com\/es\/wp-json\/wp\/v2\/pages\/264740\/revisions\/273847"}],"up":[{"embeddable":true,"href":"https:\/\/www.ferrovial.com\/es\/wp-json\/wp\/v2\/pages\/227878"}],"wp:attachment":[{"href":"https:\/\/www.ferrovial.com\/es\/wp-json\/wp\/v2\/media?parent=264740"}],"curies":[{"name":"wp","href":"https:\/\/api.w.org\/{rel}","templated":true}]}}