{"id":264744,"date":"2023-07-04T09:21:39","date_gmt":"2023-07-04T07:21:39","guid":{"rendered":"https:\/\/www.ferrovial.com\/?page_id=264744"},"modified":"2024-02-21T08:29:51","modified_gmt":"2024-02-21T07:29:51","slug":"vehiculos-de-construccion","status":"publish","type":"page","link":"https:\/\/www.ferrovial.com\/es\/recursos\/vehiculos-de-construccion\/","title":{"rendered":"Veh\u00edculos de construcci\u00f3n"},"content":{"rendered":"    <m-final-content-header >\n            <c-breadcrumb label-text=\"Breadcrumb\" slot=\"breadcrumbs\" type='2' align='left' wrap='wrapped wrapped' aria-label='Vienes de Recursos'>\n                        <ol>\n\n                                                            <li><a href=\"https:\/\/www.ferrovial.com\/es\/\" title=\"Ferrovial\">Ferrovial<\/a><\/li>\n                                                                        <li><a href=\"https:\/\/www.ferrovial.com\/es\/recursos\/\" title=\"Recursos\">Recursos<\/a><\/li>\n                                    \n                <\/ol>\n\n                <\/c-breadcrumb>\n    \n        <div slot=\"header\">\n            <h1>\n                Veh\u00edculos de construcci\u00f3n            <\/h1>\n                    <\/div>\n    <\/m-final-content-header>\n\n    \n\n\n<m-wysiwig class=\"wp-block-components-wysiwyg\"><div slot=\"maincontent\">\n<h2 class=\"wp-block-heading\"><strong>\u00bfQu\u00e9 son veh\u00edculos de construcci\u00f3n?<\/strong><\/h2>\n\n\n\n<script type=\"application\/ld+json\">\n{\n  \"@context\": \"https:\/\/schema.org\",\n  \"@type\": \"FAQPage\",\n  \"mainEntity\": [{\n    \"@type\": \"Question\",\n    \"name\": \"\u00bfQu\u00e9 son veh\u00edculos de construcci\u00f3n?\",\n    \"acceptedAnswer\": {\n      \"@type\": \"Answer\",\n      \"text\": \"Como el nombre lo indica, son una serie de veh\u00edculos especializados que se emplean para distintas tareas antes, durante y despu\u00e9s de la construcci\u00f3n. Tambi\u00e9n se les conoce como maquinaria de construcci\u00f3n, aunque este t\u00e9rmino es m\u00e1s amplio, y puede incluir m\u00e1quinas que no se consideren veh\u00edculos. Para ser considerada veh\u00edculo, una m\u00e1quina debe ser capaz de transportar personas o carga.\"\n    }\n  },{\n    \"@type\": \"Question\",\n    \"name\": \"\u00bfQu\u00e9 tipos de veh\u00edculos de construcci\u00f3n existen y para qu\u00e9 se utilizan?\",\n    \"acceptedAnswer\": {\n      \"@type\": \"Answer\",\n      \"text\": \"Seg\u00fan su funci\u00f3n, los veh\u00edculos de construcci\u00f3n pueden clasificarse de la siguiente manera:\n<ul>\n<li>Acarreo<\/li>\n<li>Excavaci\u00f3n<\/li>\n<li>Dragalina<\/li>\n<li>Retroexcavadora<\/li>\n<li>Pala cargadora<\/li>\n<li>Zanjadora<\/li>\n<li>Minicargadora<\/li>\n<li>Topadora<\/li>\n<li>Tuneladora<\/li>\n<\/ul>\nPara las excavaciones bajo el agua, se utiliza la draga.\n<ul>\n<li>Preparaci\u00f3n de terrenos: Se utilizan para distintas clases de labores que permiten preparar los terrenos para la construcci\u00f3n. Algunas de ellas son la motoniveladora y la aplanadora.\n<\/li>\n<li>Izaje: Se utilizan para levantar en el aire materiales o instrumentos (como la bola de demolici\u00f3n, por ejemplo) durante el proceso de construcci\u00f3n. Un ejemplo de este tipo de veh\u00edculo es el cami\u00f3n gr\u00faa.\n<\/li>\n<\/ul>\"\n    }\n  },{\n    \"@type\": \"Question\",\n    \"name\": \"\u00bfQui\u00e9n puede operar veh\u00edculos de construcci\u00f3n?\",\n    \"acceptedAnswer\": {\n      \"@type\": \"Answer\",\n      \"text\": \"Por sus caracter\u00edsticas, los veh\u00edculos de construcci\u00f3n requieren certificaciones especiales. Estas dependen del veh\u00edculo y del pa\u00eds en el que se opere; sin embargo, cualquier persona que aspire a ser operador de veh\u00edculos y maquinarias de construcci\u00f3n debe tener cualidades como:\n\n\n<ul>\n<li>Capacidad de comunicaci\u00f3n y trabajo en equipo.<\/li>\n<li>Buena coordinaci\u00f3n.<\/li>\n<li>Fuerza f\u00edsica.<\/li>\n<li>Habilidades manuales.<\/li>\n<li>Resistencia para permanecer en la misma posici\u00f3n durante largos per\u00edodos de tiempo.<\/li>\n<li>Capacidad de observaci\u00f3n y resoluci\u00f3n de problemas.<\/li>\n<li>Responsabilidad para aplicar todas las medidas de seguridad.<\/li>\n<\/ul>\"\n    }\n  },{\n    \"@type\": \"Question\",\n    \"name\": \"\u00bfC\u00f3mo se decide qu\u00e9 veh\u00edculos forman parte de un proyecto de construcci\u00f3n?\",\n    \"acceptedAnswer\": {\n      \"@type\": \"Answer\",\n      \"text\": \"Los veh\u00edculos de construcci\u00f3n se utilizan para transportar materiales y residuos, pero tambi\u00e9n para ejecutar trabajos espec\u00edficos dentro de la construcci\u00f3n, por lo que forman parte de un proyecto desde el inicio hasta el final. Durante la planificaci\u00f3n de un proceso constructivose define qu\u00e9 veh\u00edculos son necesarios para la ejecuci\u00f3n del mismo, as\u00ed como los tiempos y costes asociados a su uso.\nSeg\u00fan el tipo de veh\u00edculo y de tarea que ejecute dentro de un proyecto, existen distintos tipos de f\u00f3rmulas para calcular el gasto de combustible y el tiempo que emplear\u00e1n en completar las tareas de arrastre, transporte, excavaci\u00f3n, etc. Si dos o m\u00e1s m\u00e1quinas trabajan de forma conjunta, deben coordinarse los procesos y las f\u00f3rmulas para que el trabajo se lleve a cabo de forma eficaz.\"\n    }\n  }]\n}\n<\/script>\n<p>Como el nombre lo indica, son una serie de <strong>veh\u00edculos especializados que se emplean para distintas tareas antes, durante y despu\u00e9s de la construcci\u00f3n<\/strong>. Tambi\u00e9n se les conoce como <em>maquinaria de construcci\u00f3n<\/em>, aunque este t\u00e9rmino es m\u00e1s amplio, y puede incluir m\u00e1quinas que no se consideren veh\u00edculos. Para ser considerada <em>veh\u00edculo<\/em>, una m\u00e1quina debe ser capaz de transportar personas o carga.<\/p>\n\n\n\n<h2 class=\"wp-block-heading\"><strong>\u00bfQu\u00e9 tipos de veh\u00edculos de construcci\u00f3n existen y para qu\u00e9 se utilizan?<\/strong><\/h2>\n\n\n\n<p><strong>Seg\u00fan su funci\u00f3n<\/strong>, los veh\u00edculos de construcci\u00f3n pueden clasificarse de la siguiente manera:<\/p>\n\n\n\n<ul class=\"wp-block-list\">\n<li><strong>Acarreo<\/strong>: Se utilizan para <strong>cargar y mover <\/strong>materiales. Estos veh\u00edculos tienen una capacidad de carga muy alta, de <strong>varias toneladas<\/strong>. Las superficies de carga de estos veh\u00edculos est\u00e1n dise\u00f1adas de maneras distintas seg\u00fan el tipo de material para el que se utilicen (plataformas, contenedores, tanques para l\u00edquidos, hormigoneras, etc.). Los veh\u00edculos de acarreo m\u00e1s comunes son los <a href=\"https:\/\/www.ferrovial.com\/es\/recursos\/camiones\/\" target=\"_blank\" rel=\"noreferrer noopener\">camiones<\/a>.<\/li>\n\n\n\n<li><strong>Excavaci\u00f3n<\/strong>: Se utilizan para excavaciones a cielo abierto. Generalmente, est\u00e1n compuestos por el <strong>cuerpo del veh\u00edculo m\u00e1s extensiones <\/strong>para realizar los trabajos. Algunos ejemplos de este tipo de m\u00e1quinas son:<\/li>\n\n\n\n<li><a href=\"https:\/\/www.ferrovial.com\/es\/stem\/dragalina\/\" target=\"_blank\" rel=\"noreferrer noopener\">Dragalina<\/a>.<\/li>\n\n\n\n<li><a href=\"https:\/\/www.ferrovial.com\/es\/stem\/retroexcavadora\/\" target=\"_blank\" rel=\"noreferrer noopener\">Retroexcavadora<\/a>.<\/li>\n\n\n\n<li><a href=\"https:\/\/www.ferrovial.com\/es\/stem\/pala-cargadora\/\" target=\"_blank\" rel=\"noreferrer noopener\">Pala cargadora<\/a>.<\/li>\n\n\n\n<li><a href=\"https:\/\/www.ferrovial.com\/es\/stem\/zanjadora\/\" target=\"_blank\" rel=\"noreferrer noopener\">Zanjadora<\/a>.<\/li>\n\n\n\n<li><a href=\"https:\/\/www.ferrovial.com\/es\/stem\/minicargadora\/\" target=\"_blank\" rel=\"noreferrer noopener\">Minicargadora<\/a>.<\/li>\n\n\n\n<li><a href=\"https:\/\/www.ferrovial.com\/es\/stem\/topadora\/\" target=\"_blank\" rel=\"noreferrer noopener\">Topadora<\/a>.<\/li>\n\n\n\n<li><a href=\"https:\/\/www.ferrovial.com\/es\/stem\/tuneladora\/\" target=\"_blank\" rel=\"noreferrer noopener\">Tuneladora<\/a>.<\/li>\n<\/ul>\n\n\n\n<p>Para las excavaciones <strong>bajo el agua<\/strong>, se utiliza la <a href=\"https:\/\/www.ferrovial.com\/es\/stem\/draga\/\" target=\"_blank\" rel=\"noreferrer noopener\">draga<\/a>.<\/p>\n\n\n\n<ul class=\"wp-block-list\">\n<li><strong>Preparaci\u00f3n de terrenos:<\/strong> Se utilizan para distintas clases de labores que permiten <strong>preparar los terrenos <\/strong>para la construcci\u00f3n. Algunas de ellas son la <a href=\"https:\/\/www.ferrovial.com\/es\/stem\/motoniveladora\/\" target=\"_blank\" rel=\"noreferrer noopener\">motoniveladora<\/a> y la <a href=\"https:\/\/www.ferrovial.com\/es\/stem\/aplanadora\/\" target=\"_blank\" rel=\"noreferrer noopener\">aplanadora<\/a>.<\/li>\n\n\n\n<li><strong>Izaje:<\/strong> Se utilizan para <strong>levantar en el aire materiales o instrumentos <\/strong>(como la bola de demolici\u00f3n, por ejemplo) durante el proceso de construcci\u00f3n. Un ejemplo de este tipo de veh\u00edculo es el <a href=\"https:\/\/www.ferrovial.com\/es\/stem\/camion-grua\/\" target=\"_blank\" rel=\"noreferrer noopener\">cami\u00f3n gr\u00faa<\/a>.<\/li>\n<\/ul>\n\n\n\n<h2 class=\"wp-block-heading\"><strong>\u00bfQui\u00e9n puede operar veh\u00edculos de construcci\u00f3n?<\/strong><\/h2>\n\n\n\n<p>Por sus caracter\u00edsticas, los veh\u00edculos de construcci\u00f3n requieren <strong>certificaciones especiales<\/strong>. Estas dependen del veh\u00edculo y del pa\u00eds en el que se opere; sin embargo, cualquier persona que aspire a ser <strong>operador de veh\u00edculos y maquinarias de construcci\u00f3n debe tener cualidades como<\/strong>:<\/p>\n\n\n\n<ul class=\"wp-block-list\">\n<li>Capacidad de <strong>comunicaci\u00f3n <\/strong>y <strong>trabajo en equipo<\/strong>.<\/li>\n\n\n\n<li>Buena <strong>coordinaci\u00f3n<\/strong>.<\/li>\n\n\n\n<li><strong>Fuerza <\/strong>f\u00edsica.<\/li>\n\n\n\n<li><strong>Habilidades manuales<\/strong>.<\/li>\n\n\n\n<li><strong>Resistencia <\/strong>para permanecer en la misma posici\u00f3n durante largos per\u00edodos de tiempo.<\/li>\n\n\n\n<li>Capacidad de <strong>observaci\u00f3n y resoluci\u00f3n de problemas<\/strong>.<\/li>\n\n\n\n<li><strong>Responsabilidad <\/strong>para aplicar todas las medidas de seguridad.<\/li>\n<\/ul>\n\n\n\n<h2 class=\"wp-block-heading\"><strong>\u00bfC\u00f3mo se decide qu\u00e9 veh\u00edculos forman parte de un proyecto de construcci\u00f3n?<\/strong><\/h2>\n\n\n\n<p>Los veh\u00edculos de construcci\u00f3n se utilizan para <strong>transportar materiales y residuos<\/strong>, pero tambi\u00e9n para <strong>ejecutar trabajos espec\u00edficos <\/strong>dentro de la construcci\u00f3n, por lo que <strong>forman parte de un proyecto desde el inicio hasta el final<\/strong>. Durante la <strong>planificaci\u00f3n de un <\/strong><a href=\"https:\/\/www.ferrovial.com\/es\/stem\/procesos-constructivos\/\" target=\"_blank\" rel=\"noreferrer noopener\"><strong>proceso constructivo<\/strong><\/a><strong> <\/strong>se define qu\u00e9 veh\u00edculos son necesarios para la ejecuci\u00f3n del mismo, as\u00ed como los <strong>tiempos y costes <\/strong>asociados a su uso.<\/p>\n\n\n\n<p>Seg\u00fan el tipo de veh\u00edculo y de tarea que ejecute dentro de un proyecto, existen distintos tipos de f\u00f3rmulas para calcular el <strong>gasto de combustible y el tiempo <\/strong>que emplear\u00e1n en completar las tareas de arrastre, transporte, excavaci\u00f3n, etc. Si dos o m\u00e1s m\u00e1quinas trabajan de forma conjunta, deben coordinarse los procesos y las f\u00f3rmulas para que el trabajo se lleve a cabo de forma eficaz.<\/p>\n<\/div><\/m-wysiwig>\n\n\n    <m-projects-distributor2 :translations='{\n        &quot;prev&quot;:&quot;Anterior&quot;,\n        &quot;next&quot;:&quot;Siguiente&quot;,\n        &quot;paginationseparator&quot;:&quot;de&quot;\n    }'>\n                        <h2 slot=\"title\">\n                Nuestros proyectos destacados                <\/h2>\n                        <a slot='button' title='Conoce nuestros proyectos ' href='https:\/\/www.ferrovial.com\/es\/cintra\/proyectos\/'>\n            Conoce nuestros proyectos         <\/a>\n\n            <\/m-projects-distributor2>\n\n    ","protected":false},"excerpt":{"rendered":"","protected":false},"featured_media":0,"parent":25267,"menu_order":0,"comment_status":"closed","ping_status":"closed","template":"","meta":{"_acf_changed":false,"footnotes":""},"class_list":["post-264744","page","type-page","status-publish","hentry"],"acf":[],"yoast_head":"<!-- This site is optimized with the Yoast SEO plugin v27.2 - https:\/\/yoast.com\/product\/yoast-seo-wordpress\/ -->\n<title>Veh\u00edculos de construcci\u00f3n - Ferrovial<\/title>\n<meta name=\"description\" content=\"Para ser considerada veh\u00edculo, una m\u00e1quina debe ser capaz de transportar personas o carga.\" \/>\n<meta name=\"robots\" content=\"index, follow, max-snippet:-1, max-image-preview:large, max-video-preview:-1\" \/>\n<link rel=\"canonical\" href=\"https:\/\/www.ferrovial.com\/es\/recursos\/vehiculos-de-construccion\/\" \/>\n<meta property=\"og:locale\" content=\"es_ES\" \/>\n<meta property=\"og:type\" content=\"article\" \/>\n<meta property=\"og:title\" content=\"Veh\u00edculos de construcci\u00f3n - Ferrovial\" \/>\n<meta property=\"og:description\" content=\"Para ser considerada veh\u00edculo, una m\u00e1quina debe ser capaz de transportar personas o carga.\" \/>\n<meta property=\"og:url\" content=\"https:\/\/www.ferrovial.com\/es\/recursos\/vehiculos-de-construccion\/\" \/>\n<meta property=\"og:site_name\" content=\"Ferrovial\" \/>\n<meta property=\"article:publisher\" content=\"https:\/\/www.facebook.com\/ferrovial\" \/>\n<meta property=\"article:modified_time\" content=\"2024-02-21T07:29:51+00:00\" \/>\n<meta name=\"twitter:card\" content=\"summary_large_image\" \/>\n<meta name=\"twitter:site\" content=\"@ferrovial\" \/>\n<meta name=\"twitter:label1\" content=\"Est. reading time\" \/>\n\t<meta name=\"twitter:data1\" content=\"3 minutos\" \/>\n<!-- \/ Yoast SEO plugin. -->","yoast_head_json":{"title":"Veh\u00edculos de construcci\u00f3n - Ferrovial","description":"Para ser considerada veh\u00edculo, una m\u00e1quina debe ser capaz de transportar personas o carga.","robots":{"index":"index","follow":"follow","max-snippet":"max-snippet:-1","max-image-preview":"max-image-preview:large","max-video-preview":"max-video-preview:-1"},"canonical":"https:\/\/www.ferrovial.com\/es\/recursos\/vehiculos-de-construccion\/","og_locale":"es_ES","og_type":"article","og_title":"Veh\u00edculos de construcci\u00f3n - Ferrovial","og_description":"Para ser considerada veh\u00edculo, una m\u00e1quina debe ser capaz de transportar personas o carga.","og_url":"https:\/\/www.ferrovial.com\/es\/recursos\/vehiculos-de-construccion\/","og_site_name":"Ferrovial","article_publisher":"https:\/\/www.facebook.com\/ferrovial","article_modified_time":"2024-02-21T07:29:51+00:00","twitter_card":"summary_large_image","twitter_site":"@ferrovial","twitter_misc":{"Est. reading time":"3 minutos"},"schema":{"@context":"https:\/\/schema.org","@graph":[{"@type":"WebPage","@id":"https:\/\/www.ferrovial.com\/es\/recursos\/vehiculos-de-construccion\/","url":"https:\/\/www.ferrovial.com\/es\/recursos\/vehiculos-de-construccion\/","name":"Veh\u00edculos de construcci\u00f3n - Ferrovial","isPartOf":{"@id":"https:\/\/www.ferrovial.com\/es\/#website"},"datePublished":"2023-07-04T07:21:39+00:00","dateModified":"2024-02-21T07:29:51+00:00","description":"Para ser considerada veh\u00edculo, una m\u00e1quina debe ser capaz de transportar personas o carga.","breadcrumb":{"@id":"https:\/\/www.ferrovial.com\/es\/recursos\/vehiculos-de-construccion\/#breadcrumb"},"inLanguage":"es","potentialAction":[{"@type":"ReadAction","target":["https:\/\/www.ferrovial.com\/es\/recursos\/vehiculos-de-construccion\/"]}]},{"@type":"BreadcrumbList","@id":"https:\/\/www.ferrovial.com\/es\/recursos\/vehiculos-de-construccion\/#breadcrumb","itemListElement":[{"@type":"ListItem","position":1,"name":"Portada","item":"https:\/\/www.ferrovial.com\/es\/"},{"@type":"ListItem","position":2,"name":"Recursos","item":"https:\/\/www.ferrovial.com\/es\/recursos\/"},{"@type":"ListItem","position":3,"name":"Veh\u00edculos de construcci\u00f3n"}]},{"@type":"WebSite","@id":"https:\/\/www.ferrovial.com\/es\/#website","url":"https:\/\/www.ferrovial.com\/es\/","name":"Ferrovial","description":"Welcome to the Ferrovial&#039;s website, global operator of sustainable infrastructure. Here you can find all the information about the company and subsidiaries.","publisher":{"@id":"https:\/\/www.ferrovial.com\/es\/#organization"},"potentialAction":[{"@type":"SearchAction","target":{"@type":"EntryPoint","urlTemplate":"https:\/\/www.ferrovial.com\/es\/?s={search_term_string}"},"query-input":{"@type":"PropertyValueSpecification","valueRequired":true,"valueName":"search_term_string"}}],"inLanguage":"es"},{"@type":"Organization","@id":"https:\/\/www.ferrovial.com\/es\/#organization","name":"Ferrovial S.A.","url":"https:\/\/www.ferrovial.com\/es\/","logo":{"@type":"ImageObject","inLanguage":"es","@id":"https:\/\/www.ferrovial.com\/es\/#\/schema\/logo\/image\/","url":"https:\/\/static.ferrovial.com\/wp-content\/uploads\/2020\/01\/13124948\/logo-ferrovial-cf7.png","contentUrl":"https:\/\/static.ferrovial.com\/wp-content\/uploads\/2020\/01\/13124948\/logo-ferrovial-cf7.png","width":144,"height":32,"caption":"Ferrovial S.A."},"image":{"@id":"https:\/\/www.ferrovial.com\/es\/#\/schema\/logo\/image\/"},"sameAs":["https:\/\/www.facebook.com\/ferrovial","https:\/\/x.com\/ferrovial","https:\/\/www.instagram.com\/ferrovial\/","https:\/\/www.linkedin.com\/company\/ferrovial","https:\/\/www.pinterest.es\/ferrovial\/","https:\/\/www.youtube.com\/ferrovial","https:\/\/en.wikipedia.org\/wiki\/Ferrovial"]}]}},"_links":{"self":[{"href":"https:\/\/www.ferrovial.com\/es\/wp-json\/wp\/v2\/pages\/264744","targetHints":{"allow":["GET"]}}],"collection":[{"href":"https:\/\/www.ferrovial.com\/es\/wp-json\/wp\/v2\/pages"}],"about":[{"href":"https:\/\/www.ferrovial.com\/es\/wp-json\/wp\/v2\/types\/page"}],"replies":[{"embeddable":true,"href":"https:\/\/www.ferrovial.com\/es\/wp-json\/wp\/v2\/comments?post=264744"}],"version-history":[{"count":2,"href":"https:\/\/www.ferrovial.com\/es\/wp-json\/wp\/v2\/pages\/264744\/revisions"}],"predecessor-version":[{"id":275904,"href":"https:\/\/www.ferrovial.com\/es\/wp-json\/wp\/v2\/pages\/264744\/revisions\/275904"}],"up":[{"embeddable":true,"href":"https:\/\/www.ferrovial.com\/es\/wp-json\/wp\/v2\/pages\/25267"}],"wp:attachment":[{"href":"https:\/\/www.ferrovial.com\/es\/wp-json\/wp\/v2\/media?parent=264744"}],"curies":[{"name":"wp","href":"https:\/\/api.w.org\/{rel}","templated":true}]}}