{"id":268422,"date":"2023-09-22T13:33:06","date_gmt":"2023-09-22T11:33:06","guid":{"rendered":"https:\/\/www.ferrovial.com\/?page_id=268422"},"modified":"2024-09-10T14:33:14","modified_gmt":"2024-09-10T12:33:14","slug":"quimica-analitica","status":"publish","type":"page","link":"https:\/\/www.ferrovial.com\/es\/stem\/quimica-analitica\/","title":{"rendered":"Qu\u00edmica anal\u00edtica"},"content":{"rendered":"    <m-final-content-header >\n            <c-breadcrumb label-text=\"Breadcrumb\" slot=\"breadcrumbs\" type='2' align='left' wrap='wrapped wrapped' aria-label='Vienes de STEM'>\n                        <ol>\n\n                                                            <li><a href=\"https:\/\/www.ferrovial.com\/es\/\" title=\"Ferrovial\">Ferrovial<\/a><\/li>\n                                                                        <li><a href=\"https:\/\/www.ferrovial.com\/es\/stem\/\" title=\"STEM\">STEM<\/a><\/li>\n                                    \n                <\/ol>\n\n                <\/c-breadcrumb>\n    \n        <div slot=\"header\">\n            <h1>\n                \u00bfQu\u00e9 es la qu\u00edmica anal\u00edtica?            <\/h1>\n                    <\/div>\n    <\/m-final-content-header>\n\n    \n\n\n<m-wysiwig class=\"wp-block-components-wysiwyg\"><div slot=\"maincontent\">\n<p><script type=\"application\/ld+json\">\n{\n  \"@context\": \"https:\/\/schema.org\",\n  \"@type\": \"FAQPage\",\n  \"mainEntity\": [{\n    \"@type\": \"Question\",\n    \"name\": \"\u00bfQu\u00e9 es la qu\u00edmica anal\u00edtica?\",\n    \"acceptedAnswer\": {\n      \"@type\": \"Answer\",\n      \"text\": \"La qu\u00edmica anal\u00edtica es una rama de la qu\u00edmica aplicada que estudia a profundidad la composici\u00f3n de la materia. La qu\u00edmica anal\u00edtica separa, identifica, mide y estudia los componentes de una sustancia; tambi\u00e9n estudia, desarrolla y mejora las herramientas y los m\u00e9todos para analizar muestras.\nEn el an\u00e1lisis qu\u00edmico, una muestra se separa en el analito y la matriz. El analito es un componente de la muestra que resulta de inter\u00e9s; puede ser un elemento, un compuesto o un ion. La matriz son el resto de componentes que no son de inter\u00e9s para el an\u00e1lisis.\"\n    }\n  },{\n    \"@type\": \"Question\",\n    \"name\": \"\u00bfQu\u00e9 es el efecto matriz?\",\n    \"acceptedAnswer\": {\n      \"@type\": \"Answer\",\n      \"text\": \"El tipo de matriz es importante para determinar la manera de llevar a cabo el an\u00e1lisis, as\u00ed como para la calidad de los resultados obtenidos. Los efectos que tienen los otros componentes de la muestra sobre el analito y su capacidad de reaccionar a los m\u00e9todos anal\u00edticos aplicados se conoce como efecto matriz.\n\nPara eliminar o mitigar el efecto matriz, se pueden llevar a cabo distintos m\u00e9todos de calibrado; por ejemplo, preparar las muestras antes de llevarlas a an\u00e1lisis.\"\n    }\n  },{\n    \"@type\": \"Question\",\n    \"name\": \"\u00bfQu\u00e9 tipos de an\u00e1lisis se llevan a cabo en qu\u00edmica anal\u00edtica?\",\n    \"acceptedAnswer\": {\n      \"@type\": \"Answer\",\n      \"text\": \"<ul>\n<li>Cualitativa: identifica los elementos de una muestras<\/li>\n<li>Cuantitativa: determina la concentraci\u00f3n de cada elemento de una muestra<\/li>\n<\/ul>\"\n    }\n  },{\n    \"@type\": \"Question\",\n    \"name\": \"\u00bfQu\u00e9 m\u00e9todos se aplican en qu\u00edmica anal\u00edtica?\",\n    \"acceptedAnswer\": {\n      \"@type\": \"Answer\",\n      \"text\": \"Los m\u00e9todos de an\u00e1lisis qu\u00edmico se dividen en dos grandes grupos:\n\n<ul>\n<li>M\u00e9todos quimicos (cl\u00e1sicos)<\/li>\n<li>M\u00e9todos instrumentales (modernos)<\/li>\n<\/ul>\nHoy en d\u00eda, el an\u00e1lisis qu\u00edmico profesional utiliza \u00fanicamente m\u00e9todos instrumentales; los m\u00e9todos qu\u00edmicos cl\u00e1sicos han quedado relegados al mundo acad\u00e9mico, como parte de la ense\u00f1anza de la disciplina.\nEntre los m\u00e9todos qu\u00edmicos cualitativos encontramos, por ejemplo:\n<ul>\n<li>Prueba de la llama, que se utiliza para detectar iones de metales, seg\u00fan el espectro de la llama, que ser\u00e1 distinto para cada elemento.<\/li>\n<li>Pruebas qu\u00edmicas, como la prueba de Kastler-Meyer, que se utiliza en la medicina forense para detectar la presencia de sangre.<\/li>\n<\/ul>\nDos de los m\u00e9todos qu\u00edmicos para el an\u00e1lisis cuantitativo son:\n<ul>\n<li>An\u00e1lisis gravim\u00e9trico<\/li>\n<li>An\u00e1lisis volum\u00e9trico<\/li>\n<\/ul>\nAlgunos de los numerosos m\u00e9todos instrumentales modernos son:\n<ul>\n<li>An\u00e1lisis t\u00e9rmico<\/li>\n<li>Microscop\u00eda<\/li>\n<li>An\u00e1lisis electroqu\u00edmico<\/li>\n<ul>\n<li>Potenciometr\u00eda<\/li>\n<li>Coulometr\u00eda<\/li>\n<li>Amperimetr\u00eda<\/li>\n<li>Voltametr\u00eda<\/li>\n<\/ul>\n<\/ul>\"\n    }\n  },{\n    \"@type\": \"Question\",\n    \"name\": \"\u00bfQu\u00e9 aplicaciones tiene la qu\u00edmica anal\u00edtica?\",\n    \"acceptedAnswer\": {\n      \"@type\": \"Answer\",\n      \"text\": \"La qu\u00edmica anal\u00edtica tiene numerosas aplicaciones en los campos de la industria y el comercio. En la medicina, esta rama de la qu\u00edmica es fundamental, especialmente para el diagn\u00f3stico.\"\n    }\n  }]\n}\n<\/script>\n<p>La qu\u00edmica anal\u00edtica es una rama de la <a href=\"https:\/\/www.ferrovial.com\/es\/stem\/quimica\/#:~:text=Se%20llama%20qu%C3%ADmica%20a%20la,su%20relaci%C3%B3n%20con%20la%20energ%C3%ADa.\" target=\"_blank\" rel=\"noreferrer noopener\"><strong>qu\u00edmica<\/strong><\/a><strong> aplicada<\/strong> que estudia a profundidad la <strong>composici\u00f3n de la materia<\/strong>. La qu\u00edmica anal\u00edtica separa, identifica, mide y estudia los <strong>componentes de una sustancia<\/strong>; tambi\u00e9n estudia, desarrolla y mejora las <strong>herramientas y los m\u00e9todos para analizar muestras<\/strong>.<\/p><\/p>\n\n\n\n<p>En el an\u00e1lisis qu\u00edmico, una muestra se separa en <strong>el analito y la matriz<\/strong>. El <strong>analito <\/strong>es un componente de la muestra que resulta <strong>de inter\u00e9s<\/strong>; puede ser un elemento, un compuesto o un ion. La <strong>matriz <\/strong>son el resto de componentes que no son de inter\u00e9s para el an\u00e1lisis.<\/p>\n\n\n\n<h2 class=\"wp-block-heading\"><strong>\u00bfQu\u00e9 es el efecto matriz?<\/strong><\/h2>\n\n\n\n<p>El tipo de matriz es importante para determinar la manera de llevar a cabo el an\u00e1lisis, as\u00ed como para la calidad de los resultados obtenidos. Los <strong>efectos que tienen los otros componentes de la muestra sobre el analito <\/strong>y su capacidad de reaccionar a los m\u00e9todos anal\u00edticos aplicados se conoce como <strong><em>efecto matriz<\/em><\/strong>.<\/p>\n\n\n\n<p>Para eliminar o mitigar el efecto matriz, se pueden llevar a cabo distintos <strong>m\u00e9todos de calibrado<\/strong>; por ejemplo, preparar las muestras antes de llevarlas a an\u00e1lisis.<\/p>\n\n\n\n<h2 class=\"wp-block-heading\"><strong>\u00bfQu\u00e9 tipos de an\u00e1lisis se llevan a cabo en qu\u00edmica anal\u00edtica?<\/strong><\/h2>\n\n\n\n<p><strong>Cualitativa: <\/strong>identifica los elementos de una muestra.<\/p>\n\n\n\n<p><strong>Cuantitativa:<\/strong> determina la concentraci\u00f3n de cada elemento de una muestra.<\/p>\n\n\n\n<h2 class=\"wp-block-heading\"><strong>\u00bfQu\u00e9 m\u00e9todos se aplican en qu\u00edmica anal\u00edtica?<\/strong><\/h2>\n\n\n\n<p>Los m\u00e9todos de an\u00e1lisis qu\u00edmico se dividen en dos grandes grupos:<\/p>\n\n\n\n<ul class=\"wp-block-list\">\n<li>M\u00e9todos qu\u00edmicos (cl\u00e1sicos).<\/li>\n\n\n\n<li>M\u00e9todos instrumentales (modernos).<\/li>\n<\/ul>\n\n\n\n<p>Hoy en d\u00eda, <strong>el an\u00e1lisis qu\u00edmico profesional utiliza \u00fanicamente m\u00e9todos instrumentales<\/strong>; los m\u00e9todos qu\u00edmicos cl\u00e1sicos han quedado relegados al mundo acad\u00e9mico, como parte de la ense\u00f1anza de la disciplina.<\/p>\n\n\n\n<p>Entre los <strong>m\u00e9todos qu\u00edmicos cualitativos <\/strong>encontramos, por ejemplo:<\/p>\n\n\n\n<ul class=\"wp-block-list\">\n<li><strong>Prueba de la llama<\/strong>, que se utiliza para detectar iones de metales, seg\u00fan el espectro de la llama, que ser\u00e1 distinto para cada elemento.<\/li>\n\n\n\n<li><strong>Pruebas qu\u00edmicas<\/strong>, como la <strong>prueba de Kastle-Meyer<\/strong>, que se utiliza en la medicina forense para detectar la presencia de sangre.<\/li>\n<\/ul>\n\n\n\n<p>Dos de los <strong>m\u00e9todos qu\u00edmicos para el an\u00e1lisis cuantitativo <\/strong>son:<\/p>\n\n\n\n<ul class=\"wp-block-list\">\n<li><strong>An\u00e1lisis gravim\u00e9trico: <\/strong>determina la cantidad de sustancia presente en una muestra a partir de su masa. La sustancia se separa del resto de la muestra con una reacci\u00f3n qu\u00edmica o por precipitaci\u00f3n, y luego se mide su masa en una balanza anal\u00edtica de alta precisi\u00f3n.<\/li>\n\n\n\n<li><strong>An\u00e1lisis volum\u00e9trico: <\/strong>la cantidad de sustancia se determina a partir del volumen de sustancias que interact\u00faan entre s\u00ed en una reacci\u00f3n conocida. Este tipo de reacci\u00f3n se conoce como reacci\u00f3n estequiom\u00e9trica; en ella, los reactivos y productos se equilibran en una ecuaci\u00f3n balanceada que evidencia los n\u00fameros molares (o proporciones) de cada elemento.<\/li>\n<\/ul>\n\n\n\n<p>Algunos de los numerosos <strong>m\u00e9todos instrumentales modernos <\/strong>son:<\/p>\n\n\n\n<ul class=\"wp-block-list\">\n<li><strong>An\u00e1lisis t\u00e9rmico<\/strong>, que mide la interacci\u00f3n de un material con el <strong>calor<\/strong>. Los procedimientos m\u00e1s comunes son la calorimetr\u00eda y el an\u00e1lisis termogravim\u00e9trico.<\/li>\n\n\n\n<li><strong>Microscop\u00eda<\/strong>, que observa mol\u00e9culas a niveles microsc\u00f3picos; puede ser <strong>\u00f3ptica<\/strong>, <strong>electr\u00f3nica <\/strong>o con <strong>sonda de barrido<\/strong>.<\/li>\n\n\n\n<li><strong>An\u00e1lisis electroqu\u00edmico<\/strong>, que en una celda electroqu\u00edmica mide los voltios (el potencial) y los amperios (la corriente) del analito. Este tipo de an\u00e1lisis puede ser:\n<ul class=\"wp-block-list\">\n<li><strong>P<\/strong><strong>otenciometr\u00eda<\/strong><strong>: <\/strong>mide la diferencia de potencial de los electrodos.<\/li>\n\n\n\n<li><strong>Coulometr\u00eda: <\/strong>mide la carga transferida respecto al tiempo.<\/li>\n\n\n\n<li><strong>Amperimetr\u00eda: <\/strong>mide la corriente de la celda respecto al tiempo.<\/li>\n\n\n\n<li><strong>Voltametr\u00eda: <\/strong>mide la corriente de la celda mientras se modifica el potencial de la c\u00e9lula.<\/li>\n<\/ul>\n<\/li>\n<\/ul>\n\n\n\n<h2 class=\"wp-block-heading\"><strong>\u00bfQu\u00e9 aplicaciones tiene la qu\u00edmica anal\u00edtica?<\/strong><\/h2>\n\n\n\n<p>La qu\u00edmica anal\u00edtica tiene numerosas aplicaciones en los campos de la <strong>industria y el comercio<\/strong>. En la <strong>medicina<\/strong>, esta rama de la qu\u00edmica es fundamental, especialmente para el <strong>diagn\u00f3stico<\/strong>.<\/p>\n<\/div><\/m-wysiwig>\n","protected":false},"excerpt":{"rendered":"","protected":false},"featured_media":0,"parent":227878,"menu_order":0,"comment_status":"closed","ping_status":"closed","template":"","meta":{"_acf_changed":false,"footnotes":""},"class_list":["post-268422","page","type-page","status-publish","hentry"],"acf":[],"yoast_head":"<!-- This site is optimized with the Yoast SEO plugin v27.2 - https:\/\/yoast.com\/product\/yoast-seo-wordpress\/ -->\n<title>Qu\u00edmica anal\u00edtica: qu\u00e9 es, m\u00e9todos y aplicaciones - Ferrovial<\/title>\n<meta name=\"description\" content=\"La qu\u00edmica anal\u00edtica es una rama de la qu\u00edmica aplicada. Separa, identifica, mide y estudia los componentes de una sustancia; adem\u00e1s estudia, desarrolla y mejora las herramientas y m\u00e9todos para analizar muestras.\" \/>\n<meta name=\"robots\" content=\"index, follow, max-snippet:-1, max-image-preview:large, max-video-preview:-1\" \/>\n<link rel=\"canonical\" href=\"https:\/\/www.ferrovial.com\/es\/stem\/quimica-analitica\/\" \/>\n<meta property=\"og:locale\" content=\"es_ES\" \/>\n<meta property=\"og:type\" content=\"article\" \/>\n<meta property=\"og:title\" content=\"Qu\u00edmica anal\u00edtica: qu\u00e9 es, m\u00e9todos y aplicaciones - Ferrovial\" \/>\n<meta property=\"og:description\" content=\"La qu\u00edmica anal\u00edtica es una rama de la qu\u00edmica aplicada. Separa, identifica, mide y estudia los componentes de una sustancia; adem\u00e1s estudia, desarrolla y mejora las herramientas y m\u00e9todos para analizar muestras.\" \/>\n<meta property=\"og:url\" content=\"https:\/\/www.ferrovial.com\/es\/stem\/quimica-analitica\/\" \/>\n<meta property=\"og:site_name\" content=\"Ferrovial\" \/>\n<meta property=\"article:publisher\" content=\"https:\/\/www.facebook.com\/ferrovial\" \/>\n<meta property=\"article:modified_time\" content=\"2024-09-10T12:33:14+00:00\" \/>\n<meta name=\"twitter:card\" content=\"summary_large_image\" \/>\n<meta name=\"twitter:site\" content=\"@ferrovial\" \/>\n<meta name=\"twitter:label1\" content=\"Est. reading time\" \/>\n\t<meta name=\"twitter:data1\" content=\"3 minutos\" \/>\n<!-- \/ Yoast SEO plugin. -->","yoast_head_json":{"title":"Qu\u00edmica anal\u00edtica: qu\u00e9 es, m\u00e9todos y aplicaciones - Ferrovial","description":"La qu\u00edmica anal\u00edtica es una rama de la qu\u00edmica aplicada. Separa, identifica, mide y estudia los componentes de una sustancia; adem\u00e1s estudia, desarrolla y mejora las herramientas y m\u00e9todos para analizar muestras.","robots":{"index":"index","follow":"follow","max-snippet":"max-snippet:-1","max-image-preview":"max-image-preview:large","max-video-preview":"max-video-preview:-1"},"canonical":"https:\/\/www.ferrovial.com\/es\/stem\/quimica-analitica\/","og_locale":"es_ES","og_type":"article","og_title":"Qu\u00edmica anal\u00edtica: qu\u00e9 es, m\u00e9todos y aplicaciones - Ferrovial","og_description":"La qu\u00edmica anal\u00edtica es una rama de la qu\u00edmica aplicada. Separa, identifica, mide y estudia los componentes de una sustancia; adem\u00e1s estudia, desarrolla y mejora las herramientas y m\u00e9todos para analizar muestras.","og_url":"https:\/\/www.ferrovial.com\/es\/stem\/quimica-analitica\/","og_site_name":"Ferrovial","article_publisher":"https:\/\/www.facebook.com\/ferrovial","article_modified_time":"2024-09-10T12:33:14+00:00","twitter_card":"summary_large_image","twitter_site":"@ferrovial","twitter_misc":{"Est. reading time":"3 minutos"},"schema":{"@context":"https:\/\/schema.org","@graph":[{"@type":"WebPage","@id":"https:\/\/www.ferrovial.com\/es\/stem\/quimica-analitica\/","url":"https:\/\/www.ferrovial.com\/es\/stem\/quimica-analitica\/","name":"Qu\u00edmica anal\u00edtica: qu\u00e9 es, m\u00e9todos y aplicaciones - Ferrovial","isPartOf":{"@id":"https:\/\/www.ferrovial.com\/es\/#website"},"datePublished":"2023-09-22T11:33:06+00:00","dateModified":"2024-09-10T12:33:14+00:00","description":"La qu\u00edmica anal\u00edtica es una rama de la qu\u00edmica aplicada. Separa, identifica, mide y estudia los componentes de una sustancia; adem\u00e1s estudia, desarrolla y mejora las herramientas y m\u00e9todos para analizar muestras.","breadcrumb":{"@id":"https:\/\/www.ferrovial.com\/es\/stem\/quimica-analitica\/#breadcrumb"},"inLanguage":"es","potentialAction":[{"@type":"ReadAction","target":["https:\/\/www.ferrovial.com\/es\/stem\/quimica-analitica\/"]}]},{"@type":"BreadcrumbList","@id":"https:\/\/www.ferrovial.com\/es\/stem\/quimica-analitica\/#breadcrumb","itemListElement":[{"@type":"ListItem","position":1,"name":"Portada","item":"https:\/\/www.ferrovial.com\/es\/"},{"@type":"ListItem","position":2,"name":"STEM","item":"https:\/\/www.ferrovial.com\/es\/stem\/"},{"@type":"ListItem","position":3,"name":"Qu\u00edmica anal\u00edtica"}]},{"@type":"WebSite","@id":"https:\/\/www.ferrovial.com\/es\/#website","url":"https:\/\/www.ferrovial.com\/es\/","name":"Ferrovial","description":"Welcome to the Ferrovial&#039;s website, global operator of sustainable infrastructure. Here you can find all the information about the company and subsidiaries.","publisher":{"@id":"https:\/\/www.ferrovial.com\/es\/#organization"},"potentialAction":[{"@type":"SearchAction","target":{"@type":"EntryPoint","urlTemplate":"https:\/\/www.ferrovial.com\/es\/?s={search_term_string}"},"query-input":{"@type":"PropertyValueSpecification","valueRequired":true,"valueName":"search_term_string"}}],"inLanguage":"es"},{"@type":"Organization","@id":"https:\/\/www.ferrovial.com\/es\/#organization","name":"Ferrovial S.A.","url":"https:\/\/www.ferrovial.com\/es\/","logo":{"@type":"ImageObject","inLanguage":"es","@id":"https:\/\/www.ferrovial.com\/es\/#\/schema\/logo\/image\/","url":"https:\/\/static.ferrovial.com\/wp-content\/uploads\/2020\/01\/13124948\/logo-ferrovial-cf7.png","contentUrl":"https:\/\/static.ferrovial.com\/wp-content\/uploads\/2020\/01\/13124948\/logo-ferrovial-cf7.png","width":144,"height":32,"caption":"Ferrovial S.A."},"image":{"@id":"https:\/\/www.ferrovial.com\/es\/#\/schema\/logo\/image\/"},"sameAs":["https:\/\/www.facebook.com\/ferrovial","https:\/\/x.com\/ferrovial","https:\/\/www.instagram.com\/ferrovial\/","https:\/\/www.linkedin.com\/company\/ferrovial","https:\/\/www.pinterest.es\/ferrovial\/","https:\/\/www.youtube.com\/ferrovial","https:\/\/en.wikipedia.org\/wiki\/Ferrovial"]}]}},"_links":{"self":[{"href":"https:\/\/www.ferrovial.com\/es\/wp-json\/wp\/v2\/pages\/268422","targetHints":{"allow":["GET"]}}],"collection":[{"href":"https:\/\/www.ferrovial.com\/es\/wp-json\/wp\/v2\/pages"}],"about":[{"href":"https:\/\/www.ferrovial.com\/es\/wp-json\/wp\/v2\/types\/page"}],"replies":[{"embeddable":true,"href":"https:\/\/www.ferrovial.com\/es\/wp-json\/wp\/v2\/comments?post=268422"}],"version-history":[{"count":3,"href":"https:\/\/www.ferrovial.com\/es\/wp-json\/wp\/v2\/pages\/268422\/revisions"}],"predecessor-version":[{"id":287929,"href":"https:\/\/www.ferrovial.com\/es\/wp-json\/wp\/v2\/pages\/268422\/revisions\/287929"}],"up":[{"embeddable":true,"href":"https:\/\/www.ferrovial.com\/es\/wp-json\/wp\/v2\/pages\/227878"}],"wp:attachment":[{"href":"https:\/\/www.ferrovial.com\/es\/wp-json\/wp\/v2\/media?parent=268422"}],"curies":[{"name":"wp","href":"https:\/\/api.w.org\/{rel}","templated":true}]}}