{"id":268447,"date":"2023-09-25T06:08:40","date_gmt":"2023-09-25T04:08:40","guid":{"rendered":"https:\/\/www.ferrovial.com\/?page_id=268447"},"modified":"2024-02-21T09:41:01","modified_gmt":"2024-02-21T08:41:01","slug":"biofisica","status":"publish","type":"page","link":"https:\/\/www.ferrovial.com\/es\/stem\/biofisica\/","title":{"rendered":"Biof\u00edsica"},"content":{"rendered":"    <m-final-content-header >\n            <c-breadcrumb label-text=\"Breadcrumb\" slot=\"breadcrumbs\" type='2' align='left' wrap='wrapped wrapped' aria-label='Vienes de STEM'>\n                        <ol>\n\n                                                            <li><a href=\"https:\/\/www.ferrovial.com\/es\/\" title=\"Ferrovial\">Ferrovial<\/a><\/li>\n                                                                        <li><a href=\"https:\/\/www.ferrovial.com\/es\/stem\/\" title=\"STEM\">STEM<\/a><\/li>\n                                    \n                <\/ol>\n\n                <\/c-breadcrumb>\n    \n        <div slot=\"header\">\n            <h1>\n                \u00bfQu\u00e9 es la biof\u00edsica?            <\/h1>\n                    <\/div>\n    <\/m-final-content-header>\n\n    \n\n\n<m-wysiwig class=\"wp-block-components-wysiwyg\"><div slot=\"maincontent\">\n<script type=\"application\/ld+json\">\n{\n  \"@context\": \"https:\/\/schema.org\",\n  \"@type\": \"FAQPage\",\n  \"mainEntity\": [{\n    \"@type\": \"Question\",\n    \"name\": \"\u00bfQu\u00e9 es la biof\u00edsica?\",\n    \"acceptedAnswer\": {\n      \"@type\": \"Answer\",\n      \"text\": \"La biof\u00edsica es una ciencia interdisciplinar en la que la biolog\u00eda y la f\u00edsica se conjugan para aplicar conceptos f\u00edsicos al estudio de los organismos vivos y los sistemas biol\u00f3gicos. Aunque en principio se podr\u00eda pensar que esta din\u00e1mica pone la f\u00edsica al servicio de la biolog\u00eda, pero no viceversa, la realidad es que la f\u00edsica tambi\u00e9n se beneficia de la aplicaci\u00f3n biol\u00f3gica pues muchas veces le ofrece pruebas emp\u00edricas para sus teor\u00edas.\"\n    }\n  },{\n    \"@type\": \"Question\",\n    \"name\": \"\u00bfC\u00f3mo surgi\u00f3 la biof\u00edsica?\",\n    \"acceptedAnswer\": {\n      \"@type\": \"Answer\",\n      \"text\": \"El t\u00e9rmino biof\u00edsica fue acu\u00f1ado en 1892 por el cient\u00edfico ingl\u00e9s Karl Pearson, quien tambi\u00e9n fue creador de la bioestad\u00edstica. La popularidad de esta disciplina aument\u00f3 en 1944, gracias a la publicaci\u00f3n de las conferencias divulgativas de Erwin Schr\u00f6dinger, bajo el t\u00edtulo \u00bfQu\u00e9 es la vida?.\nDespu\u00e9s de un extenso periodo de hiperespecializaci\u00f3n en la ciencia, se espera que el siglo XXI est\u00e9 marcado por la interdisciplinariedad. En relaci\u00f3n a las ciencias biol\u00f3gicas, bi\u00f3logos, f\u00edsicos y qu\u00edmicos trabajar\u00e1n cada vez m\u00e1s en conjunto, pero tambi\u00e9n ingenieros, inform\u00e1ticos y programadores.\"\n    }\n  },{\n    \"@type\": \"Question\",\n    \"name\": \"\u00bfCu\u00e1les son las \u00e1reas de la biof\u00edsica?\",\n    \"acceptedAnswer\": {\n      \"@type\": \"Answer\",\n      \"text\": \"Las \u00e1reas de estudio de la biof\u00edsica son tan extensas como las materias que estudian. Algunas de las ramas m\u00e1s conocidas de la biof\u00edsica son:\n<ul>\n<li>Biolog\u00eda molecular<\/li>\n<li>Biomec\u00e1nica<\/li>\n<li>Bioelectromagnetismo<\/li>\n<li>Bioac\u00fastica<\/li>\n<\/ul>\"\n    }\n  },{\n    \"@type\": \"Question\",\n    \"name\": \"\u00bfCu\u00e1les son las aplicaciones de la biof\u00edsica?\",\n    \"acceptedAnswer\": {\n      \"@type\": \"Answer\",\n      \"text\": \"La principal \u00e1rea de aplicaci\u00f3n de la biof\u00edsica es la medicina; la mayor parte de los estudios e investigaciones que se desarrollan en este campo tienen como fin \u00faltimo el perfeccionamiento de la medicina. Sin embargo, otra de las grandes ramas de aplicaci\u00f3n tiene que ver con la comprensi\u00f3n del mundo animal y vegetal y, por extensi\u00f3n, de los ecosistemas, por lo que tambi\u00e9n est\u00e1 relacionada con la ecolog\u00eda.\"\n    }\n  }]\n}\n<\/script>\n<p>La biof\u00edsica es una <strong>ciencia interdisciplinar en la que la biolog\u00eda y la <\/strong><a href=\"https:\/\/www.ferrovial.com\/es\/stem\/fisica\/\" target=\"_blank\" rel=\"noreferrer noopener\"><strong>f\u00edsica<\/strong><\/a><strong> se conjugan <\/strong>para aplicar conceptos f\u00edsicos al <strong>estudio de los organismos vivos y los sistemas biol\u00f3gicos<\/strong>. Aunque en principio se podr\u00eda pensar que esta din\u00e1mica pone la f\u00edsica al servicio de la biolog\u00eda, pero no viceversa, la realidad es que la f\u00edsica tambi\u00e9n se beneficia de la aplicaci\u00f3n biol\u00f3gica pues muchas veces le ofrece pruebas emp\u00edricas para sus teor\u00edas.<\/p>\n\n\n\n<h2 class=\"wp-block-heading\"><strong>\u00bfC\u00f3mo surgi\u00f3 la biof\u00edsica?<\/strong><\/h2>\n\n\n\n<p>El <strong>t\u00e9rmino <\/strong><strong><em>biof\u00edsica <\/em><\/strong><strong>fue acu\u00f1ado en 1892 <\/strong>por el cient\u00edfico ingl\u00e9s Karl Pearson, quien tambi\u00e9n fue creador de la bioestad\u00edstica. La popularidad de esta disciplina aument\u00f3 en 1944, gracias a la publicaci\u00f3n de las conferencias divulgativas de Erwin Schr\u00f6dinger, bajo el t\u00edtulo <em>\u00bfQu\u00e9 es la vida?<\/em>.<\/p>\n\n\n\n<p>Despu\u00e9s de un extenso periodo de hiperespecializaci\u00f3n en la ciencia, se espera que el <strong>siglo XXI est\u00e9 marcado por la interdisciplinariedad<\/strong>. En relaci\u00f3n a las ciencias biol\u00f3gicas, bi\u00f3logos, f\u00edsicos y qu\u00edmicos trabajar\u00e1n cada vez m\u00e1s en conjunto, pero tambi\u00e9n ingenieros, inform\u00e1ticos y programadores.<\/p>\n\n\n\n<h2 class=\"wp-block-heading\"><strong>\u00bfCu\u00e1les son las \u00e1reas de la biof\u00edsica?<\/strong><\/h2>\n\n\n\n<p>Las \u00e1reas de estudio de la biof\u00edsica son tan extensas como las materias que estudian. Algunas de las ramas m\u00e1s conocidas de la biof\u00edsica son:<\/p>\n\n\n\n<ul class=\"wp-block-list\">\n<li><strong>Biolog\u00eda molecular: <\/strong>como su nombre lo dice, estudia los fen\u00f3menos biol\u00f3gicos a partir de las propiedades moleculares. Su principal objeto de estudio son los <a href=\"https:\/\/www.ferrovial.com\/es\/stem\/acido-nucleico\/#:~:text=Los%20%C3%A1cidos%20nucleicos%20est%C3%A1n%20presentes,prote%C3%ADnas%2C%20transportar%20materiales%20y%20reproducirse.\" target=\"_blank\" rel=\"noreferrer noopener\">\u00e1cidos nucleicos<\/a> y las prote\u00ednas, dos macromol\u00e9culas fundamentales para la vida.<\/li>\n\n\n\n<li><strong>Biomec\u00e1nica: <\/strong>se centra en las estructuras de car\u00e1cter mec\u00e1nico dentro de los organismos vivos, y estudia su funci\u00f3n, estructura y movimiento. En esta rama de la biof\u00edsica confluyen la anatom\u00eda, la fisiolog\u00eda, la f\u00edsica, la mec\u00e1nica, la ingenier\u00eda y la bi\u00f3nica. Las v\u00e1lvulas card\u00edacas y las pr\u00f3tesis son ejemplos de soluciones biomec\u00e1nicas.<\/li>\n\n\n\n<li><strong>Bioelectromagnetismo: <\/strong>estudia los <a href=\"https:\/\/www.ferrovial.com\/es\/stem\/electromagnetismo\/\" target=\"_blank\" rel=\"noreferrer noopener\">campos magn\u00e9ticos<\/a> producidos por los seres vivos. El bioelectromagnetismo es diferente del biomagnetismo (la pseudociencia que utiliza campos magn\u00e9ticos est\u00e1ticos como m\u00e9todo terap\u00e9utico) y de la bioelectromagn\u00e9tica (que estudia el efecto del electromagnetismo externo sobre los organismos vivos).<\/li>\n\n\n\n<li><strong>Bioac\u00fastica:<\/strong> estudia todo lo relacionado con el sonido y los organismos vivos, incluyendo su producci\u00f3n, su dispersi\u00f3n y su recepci\u00f3n.<\/li>\n<\/ul>\n\n\n\n<h2 class=\"wp-block-heading\"><strong>\u00bfCu\u00e1les son las aplicaciones de la biof\u00edsica?<\/strong><\/h2>\n\n\n\n<p><strong>La principal \u00e1rea de aplicaci\u00f3n de la biof\u00edsica es la medicina<\/strong>; la mayor parte de los estudios e investigaciones que se desarrollan en este campo tienen como fin \u00faltimo el perfeccionamiento de la medicina. Sin embargo, otra de las grandes ramas de aplicaci\u00f3n tiene que ver con la comprensi\u00f3n del mundo animal y vegetal y, por extensi\u00f3n, de los ecosistemas, por lo que tambi\u00e9n est\u00e1 <strong>relacionada con la ecolog\u00eda<\/strong>.<\/p>\n<\/div><\/m-wysiwig>\n","protected":false},"excerpt":{"rendered":"","protected":false},"featured_media":0,"parent":227878,"menu_order":0,"comment_status":"closed","ping_status":"closed","template":"","meta":{"_acf_changed":false,"footnotes":""},"class_list":["post-268447","page","type-page","status-publish","hentry"],"acf":[],"yoast_head":"<!-- This site is optimized with the Yoast SEO plugin v27.2 - https:\/\/yoast.com\/product\/yoast-seo-wordpress\/ -->\n<title>Biof\u00edsica: qu\u00e9 es, \u00e1reas de estudio y aplicaciones - Ferrovial<\/title>\n<meta name=\"description\" content=\"La biof\u00edsica es una ciencia interdisciplinar en la que la biolog\u00eda y la f\u00edsica se conjugan para aplicar conceptos f\u00edsicos al estudio de los organismos vivos y los sistemas biol\u00f3gicos.\" \/>\n<meta name=\"robots\" content=\"index, follow, max-snippet:-1, max-image-preview:large, max-video-preview:-1\" \/>\n<link rel=\"canonical\" href=\"https:\/\/www.ferrovial.com\/es\/stem\/biofisica\/\" \/>\n<meta property=\"og:locale\" content=\"es_ES\" \/>\n<meta property=\"og:type\" content=\"article\" \/>\n<meta property=\"og:title\" content=\"Biof\u00edsica: qu\u00e9 es, \u00e1reas de estudio y aplicaciones - Ferrovial\" \/>\n<meta property=\"og:description\" content=\"La biof\u00edsica es una ciencia interdisciplinar en la que la biolog\u00eda y la f\u00edsica se conjugan para aplicar conceptos f\u00edsicos al estudio de los organismos vivos y los sistemas biol\u00f3gicos.\" \/>\n<meta property=\"og:url\" content=\"https:\/\/www.ferrovial.com\/es\/stem\/biofisica\/\" \/>\n<meta property=\"og:site_name\" content=\"Ferrovial\" \/>\n<meta property=\"article:publisher\" content=\"https:\/\/www.facebook.com\/ferrovial\" \/>\n<meta property=\"article:modified_time\" content=\"2024-02-21T08:41:01+00:00\" \/>\n<meta name=\"twitter:card\" content=\"summary_large_image\" \/>\n<meta name=\"twitter:site\" content=\"@ferrovial\" \/>\n<meta name=\"twitter:label1\" content=\"Est. reading time\" \/>\n\t<meta name=\"twitter:data1\" content=\"2 minutos\" \/>\n<!-- \/ Yoast SEO plugin. -->","yoast_head_json":{"title":"Biof\u00edsica: qu\u00e9 es, \u00e1reas de estudio y aplicaciones - Ferrovial","description":"La biof\u00edsica es una ciencia interdisciplinar en la que la biolog\u00eda y la f\u00edsica se conjugan para aplicar conceptos f\u00edsicos al estudio de los organismos vivos y los sistemas biol\u00f3gicos.","robots":{"index":"index","follow":"follow","max-snippet":"max-snippet:-1","max-image-preview":"max-image-preview:large","max-video-preview":"max-video-preview:-1"},"canonical":"https:\/\/www.ferrovial.com\/es\/stem\/biofisica\/","og_locale":"es_ES","og_type":"article","og_title":"Biof\u00edsica: qu\u00e9 es, \u00e1reas de estudio y aplicaciones - Ferrovial","og_description":"La biof\u00edsica es una ciencia interdisciplinar en la que la biolog\u00eda y la f\u00edsica se conjugan para aplicar conceptos f\u00edsicos al estudio de los organismos vivos y los sistemas biol\u00f3gicos.","og_url":"https:\/\/www.ferrovial.com\/es\/stem\/biofisica\/","og_site_name":"Ferrovial","article_publisher":"https:\/\/www.facebook.com\/ferrovial","article_modified_time":"2024-02-21T08:41:01+00:00","twitter_card":"summary_large_image","twitter_site":"@ferrovial","twitter_misc":{"Est. reading time":"2 minutos"},"schema":{"@context":"https:\/\/schema.org","@graph":[{"@type":"WebPage","@id":"https:\/\/www.ferrovial.com\/es\/stem\/biofisica\/","url":"https:\/\/www.ferrovial.com\/es\/stem\/biofisica\/","name":"Biof\u00edsica: qu\u00e9 es, \u00e1reas de estudio y aplicaciones - Ferrovial","isPartOf":{"@id":"https:\/\/www.ferrovial.com\/es\/#website"},"datePublished":"2023-09-25T04:08:40+00:00","dateModified":"2024-02-21T08:41:01+00:00","description":"La biof\u00edsica es una ciencia interdisciplinar en la que la biolog\u00eda y la f\u00edsica se conjugan para aplicar conceptos f\u00edsicos al estudio de los organismos vivos y los sistemas biol\u00f3gicos.","breadcrumb":{"@id":"https:\/\/www.ferrovial.com\/es\/stem\/biofisica\/#breadcrumb"},"inLanguage":"es","potentialAction":[{"@type":"ReadAction","target":["https:\/\/www.ferrovial.com\/es\/stem\/biofisica\/"]}]},{"@type":"BreadcrumbList","@id":"https:\/\/www.ferrovial.com\/es\/stem\/biofisica\/#breadcrumb","itemListElement":[{"@type":"ListItem","position":1,"name":"Portada","item":"https:\/\/www.ferrovial.com\/es\/"},{"@type":"ListItem","position":2,"name":"STEM","item":"https:\/\/www.ferrovial.com\/es\/stem\/"},{"@type":"ListItem","position":3,"name":"Biof\u00edsica"}]},{"@type":"WebSite","@id":"https:\/\/www.ferrovial.com\/es\/#website","url":"https:\/\/www.ferrovial.com\/es\/","name":"Ferrovial","description":"Welcome to the Ferrovial&#039;s website, global operator of sustainable infrastructure. Here you can find all the information about the company and subsidiaries.","publisher":{"@id":"https:\/\/www.ferrovial.com\/es\/#organization"},"potentialAction":[{"@type":"SearchAction","target":{"@type":"EntryPoint","urlTemplate":"https:\/\/www.ferrovial.com\/es\/?s={search_term_string}"},"query-input":{"@type":"PropertyValueSpecification","valueRequired":true,"valueName":"search_term_string"}}],"inLanguage":"es"},{"@type":"Organization","@id":"https:\/\/www.ferrovial.com\/es\/#organization","name":"Ferrovial S.A.","url":"https:\/\/www.ferrovial.com\/es\/","logo":{"@type":"ImageObject","inLanguage":"es","@id":"https:\/\/www.ferrovial.com\/es\/#\/schema\/logo\/image\/","url":"https:\/\/static.ferrovial.com\/wp-content\/uploads\/2020\/01\/13124948\/logo-ferrovial-cf7.png","contentUrl":"https:\/\/static.ferrovial.com\/wp-content\/uploads\/2020\/01\/13124948\/logo-ferrovial-cf7.png","width":144,"height":32,"caption":"Ferrovial S.A."},"image":{"@id":"https:\/\/www.ferrovial.com\/es\/#\/schema\/logo\/image\/"},"sameAs":["https:\/\/www.facebook.com\/ferrovial","https:\/\/x.com\/ferrovial","https:\/\/www.instagram.com\/ferrovial\/","https:\/\/www.linkedin.com\/company\/ferrovial","https:\/\/www.pinterest.es\/ferrovial\/","https:\/\/www.youtube.com\/ferrovial","https:\/\/en.wikipedia.org\/wiki\/Ferrovial"]}]}},"_links":{"self":[{"href":"https:\/\/www.ferrovial.com\/es\/wp-json\/wp\/v2\/pages\/268447","targetHints":{"allow":["GET"]}}],"collection":[{"href":"https:\/\/www.ferrovial.com\/es\/wp-json\/wp\/v2\/pages"}],"about":[{"href":"https:\/\/www.ferrovial.com\/es\/wp-json\/wp\/v2\/types\/page"}],"replies":[{"embeddable":true,"href":"https:\/\/www.ferrovial.com\/es\/wp-json\/wp\/v2\/comments?post=268447"}],"version-history":[{"count":2,"href":"https:\/\/www.ferrovial.com\/es\/wp-json\/wp\/v2\/pages\/268447\/revisions"}],"predecessor-version":[{"id":275912,"href":"https:\/\/www.ferrovial.com\/es\/wp-json\/wp\/v2\/pages\/268447\/revisions\/275912"}],"up":[{"embeddable":true,"href":"https:\/\/www.ferrovial.com\/es\/wp-json\/wp\/v2\/pages\/227878"}],"wp:attachment":[{"href":"https:\/\/www.ferrovial.com\/es\/wp-json\/wp\/v2\/media?parent=268447"}],"curies":[{"name":"wp","href":"https:\/\/api.w.org\/{rel}","templated":true}]}}