{"id":268449,"date":"2023-09-25T06:22:20","date_gmt":"2023-09-25T04:22:20","guid":{"rendered":"https:\/\/www.ferrovial.com\/?page_id=268449"},"modified":"2024-10-08T16:44:47","modified_gmt":"2024-10-08T14:44:47","slug":"quimica-inorganica","status":"publish","type":"page","link":"https:\/\/www.ferrovial.com\/es\/stem\/quimica-inorganica\/","title":{"rendered":"Qu\u00edmica inorg\u00e1nica"},"content":{"rendered":"    <m-final-content-header >\n            <c-breadcrumb label-text=\"Breadcrumb\" slot=\"breadcrumbs\" type='2' align='left' wrap='wrapped wrapped' aria-label='Vienes de STEM'>\n                        <ol>\n\n                                                            <li><a href=\"https:\/\/www.ferrovial.com\/es\/\" title=\"Ferrovial\">Ferrovial<\/a><\/li>\n                                                                        <li><a href=\"https:\/\/www.ferrovial.com\/es\/stem\/\" title=\"STEM\">STEM<\/a><\/li>\n                                    \n                <\/ol>\n\n                <\/c-breadcrumb>\n    \n        <div slot=\"header\">\n            <h1>\n                \u00bfQu\u00e9 es la qu\u00edmica inorg\u00e1nica?            <\/h1>\n                    <\/div>\n    <\/m-final-content-header>\n\n    \n\n\n<m-wysiwig class=\"wp-block-components-wysiwyg\"><div slot=\"maincontent\">\n<p><script type=\"application\/ld+json\">\n{\n  \"@context\": \"https:\/\/schema.org\",\n  \"@type\": \"FAQPage\",\n  \"mainEntity\": [{\n    \"@type\": \"Question\",\n    \"name\": \"\u00bfQu\u00e9 es la qu\u00edmica inorg\u00e1nica?\",\n    \"acceptedAnswer\": {\n      \"@type\": \"Answer\",\n      \"text\": \"Como lo dice su nombre, la qu\u00edmica inorg\u00e1nica es la rama de la qu\u00edmica que se especializa en los elementos y compuestos inorg\u00e1nicos. Es la contraparte de la qu\u00edmica org\u00e1nica.\"\n    }\n  },{\n    \"@type\": \"Question\",\n    \"name\": \"\u00bfCu\u00e1les son los compuestos inorg\u00e1nicos?\",\n    \"acceptedAnswer\": {\n      \"@type\": \"Answer\",\n      \"text\": \"Son aquellos que no poseen enlaces carbono-hidr\u00f3geno. En la naturaleza, los compuestos inorg\u00e1nicos se presentan como minerales; pueden encontrarse incluso de forma pura. Los compuestos inorg\u00e1nicos existen en menor cantidad y variedad que los org\u00e1nicos.  As\u00ed como los compuestos org\u00e1nicos, pueden elaborarse de forma sint\u00e9tica.\"\n    }\n  },{\n    \"@type\": \"Question\",\n    \"name\": \"\u00bfCu\u00e1l es la diferencia entre qu\u00edmica org\u00e1nica y qu\u00edmica inorg\u00e1nica?\",\n    \"acceptedAnswer\": {\n      \"@type\": \"Answer\",\n      \"text\": \"Ambas qu\u00edmicas estudian los enlaces qu\u00edmicos y moleculares, pero la qu\u00edmica org\u00e1nica estudia compuestos basados en carbono e hidr\u00f3geno, mientras que la qu\u00edmica inorg\u00e1nica se ocupa del resto de elementos qu\u00edmicos.\nExiste una rama de la qu\u00edmica en la que la org\u00e1nica y la inorg\u00e1nica se solapan: la qu\u00edmica organomet\u00e1lica, encargada de estudiar compuestos qu\u00edmicos que poseen por lo menos un enlace entre un \u00e1tomo de carbono org\u00e1nico y un \u00e1tomo met\u00e1lico.\"\n    }\n  },{\n    \"@type\": \"Question\",\n    \"name\": \"\u00bfC\u00f3mo se clasifican los compuestos inorg\u00e1nicos?\",\n    \"acceptedAnswer\": {\n      \"@type\": \"Answer\",\n      \"text\": \"<ul>\n<li>Compuestos binarios<\/li>\n<ul>\n<li>\u00d3xidos met\u00e1licos<\/li>\n<li>Anh\u00eddridos<\/li>\n<li>Per\u00f3xidos<\/li>\n<li>Hidruros<\/li>\n<li>Hidruros vol\u00e1tiles<\/li>\n<li>Hidr\u00e1cidos<\/li>\n<li>Sales binarias<\/li><ul>\n<li>Sales neutras<\/li>\n<li>Sales vol\u00e1tiles<\/li>\n<\/ul><\/ul>\n<li>Compuestos ternarios<\/li>\n<ul>\n<li>Hidr\u00f3xidos<\/li>\n<li>Oxo\u00e1cidos<\/li>\n<li>Oxisales<\/li>\n<\/ul>\n<\/ul>\"\n    }\n  }]\n}\n<\/script>\n<p>Como lo dice su nombre, la qu\u00edmica inorg\u00e1nica es la rama de la <a href=\"https:\/\/www.ferrovial.com\/es\/stem\/quimica\/\" target=\"_blank\" rel=\"noreferrer noopener\">qu\u00edmica<\/a> que se especializa en <strong>los elementos y compuestos inorg\u00e1nicos<\/strong>. Es la contraparte de la <a href=\"https:\/\/www.ferrovial.com\/es\/stem\/quimica-organica\/\" target=\"_blank\" rel=\"noreferrer noopener\">qu\u00edmica org\u00e1nica<\/a>.&nbsp;<\/p><\/p>\n\n\n\n<h2 class=\"wp-block-heading\"><strong>\u00bfCu\u00e1les son los compuestos inorg\u00e1nicos?<\/strong><\/h2>\n\n\n\n<p>Son aquellos que <strong>no poseen enlaces carbono-hidr\u00f3geno<\/strong>. En la naturaleza, los compuestos inorg\u00e1nicos se presentan como <strong>minerales<\/strong>; pueden encontrarse incluso de forma pura. Los compuestos inorg\u00e1nicos existen <strong>en menor cantidad y variedad <\/strong>que los org\u00e1nicos.&nbsp; As\u00ed como los compuestos org\u00e1nicos, <strong>pueden elaborarse de forma sint\u00e9tica<\/strong>.<\/p>\n\n\n\n<h2 class=\"wp-block-heading\"><strong>\u00bfCu\u00e1l es la diferencia entre qu\u00edmica org\u00e1nica y qu\u00edmica inorg\u00e1nica?<\/strong><\/h2>\n\n\n\n<p>Ambas qu\u00edmicas estudian los enlaces qu\u00edmicos y moleculares, pero la qu\u00edmica org\u00e1nica estudia compuestos basados en carbono e hidr\u00f3geno, mientras que la qu\u00edmica inorg\u00e1nica se ocupa del resto de elementos qu\u00edmicos.<\/p>\n\n\n\n<p>Existe una rama de la qu\u00edmica en la que <strong>la org\u00e1nica y la inorg\u00e1nica se solapan: la qu\u00edmica organomet\u00e1lica<\/strong>, encargada de estudiar compuestos qu\u00edmicos que poseen por lo menos un enlace entre un \u00e1tomo de carbono org\u00e1nico y un \u00e1tomo met\u00e1lico.<\/p>\n\n\n\n<h2 class=\"wp-block-heading\"><strong>\u00bfC\u00f3mo se clasifican los compuestos inorg\u00e1nicos?<\/strong><\/h2>\n\n\n\n<h3 class=\"wp-block-heading\"><strong>Compuestos binarios<\/strong><\/h3>\n\n\n\n<ul class=\"wp-block-list\">\n<li><strong>\u00d3xidos met\u00e1licos:<\/strong> tambi\u00e9n conocidos como \u00f3xidos b\u00e1sicos, est\u00e1n formados por un elemento met\u00e1lico m\u00e1s ox\u00edgeno.<\/li>\n\n\n\n<li><strong>Anh\u00eddridos: <\/strong>tambi\u00e9n llamados \u00f3xidos no met\u00e1licos u \u00f3xidos \u00e1cidos, est\u00e1n compuestos por un elemento no met\u00e1lico y ox\u00edgeno.<\/li>\n\n\n\n<li><strong>Per\u00f3xidos: <\/strong>est\u00e1n formados por ciertos metales m\u00e1s combinaciones binarias de ox\u00edgeno (ion per\u00f3xido).<\/li>\n\n\n\n<li><strong>Hidruros: <\/strong>tambi\u00e9n llamados hidruros met\u00e1licos, est\u00e1n formados por un elemento met\u00e1lico e hidr\u00f3geno.<\/li>\n\n\n\n<li><strong>Hidruros vol\u00e1tiles: <\/strong>est\u00e1n formados por hidr\u00f3geno m\u00e1s un elemento entre nitr\u00f3geno (N), f\u00f3sforo (P), ars\u00e9nico (As), antimonio (Sb), carbono (C), silicio (Si) y boro (B).<\/li>\n\n\n\n<li><strong>Hidr\u00e1cidos: <\/strong>tambi\u00e9n conocidos como hidruros no met\u00e1licos o \u00e1cidos hidr\u00e1cidos, son combinaciones binarias entre hidr\u00f3geno, junto con los hal\u00f3genos fl\u00faor (F), cloro (Cl), bromo (Br) y yodo (I) \u2014excepto astato (At)\u2014 con los anf\u00edgenos azufre (S), selenio (Se) y telurio (Te) \u2014excepto el ox\u00edgeno (O)\u2014.<\/li>\n\n\n\n<li><strong>Sales binarias: <\/strong>son la combinaci\u00f3n de dos elementos, distintos del hidr\u00f3geno y el ox\u00edgeno.\n<ul class=\"wp-block-list\">\n<li><strong>Sales neutras: <\/strong>resultan de la uni\u00f3n de un elemento met\u00e1lico y uno no met\u00e1lico.<\/li>\n\n\n\n<li><strong>Sales vol\u00e1tiles: <\/strong>resultan de la uni\u00f3n de dos elementos no met\u00e1licos.<\/li>\n<\/ul>\n<\/li>\n<\/ul>\n\n\n\n<h3 class=\"wp-block-heading\"><strong>Compuestos ternarios<\/strong><\/h3>\n\n\n\n<ul class=\"wp-block-list\">\n<li><strong>Hidr\u00f3xidos: <\/strong>aunque su formulaci\u00f3n y su nomenclatura es igual a la de los elementos binarios, son compuestos ternarios e i\u00f3nicos formados por un metal y un elemento del grupo hidr\u00f3xido.<\/li>\n\n\n\n<li><strong>Oxo\u00e1cidos: <\/strong>est\u00e1n formados por hidr\u00f3geno, un no metal y ox\u00edgeno. Algunas veces pueden contener un elemento met\u00e1lico que act\u00fae como no met\u00e1lico en alto estado de oxidaci\u00f3n.<\/li>\n\n\n\n<li><strong>Oxisales: <\/strong>tambi\u00e9n conocidas como sales ternarias, est\u00e1n conformadas por un metal, un no metal y ox\u00edgeno.<\/li>\n<\/ul>\n<\/div><\/m-wysiwig>\n","protected":false},"excerpt":{"rendered":"","protected":false},"featured_media":0,"parent":227878,"menu_order":0,"comment_status":"closed","ping_status":"closed","template":"","meta":{"_acf_changed":false,"footnotes":""},"class_list":["post-268449","page","type-page","status-publish","hentry"],"acf":[],"yoast_head":"<!-- This site is optimized with the Yoast SEO plugin v27.2 - https:\/\/yoast.com\/product\/yoast-seo-wordpress\/ -->\n<title>Qu\u00edmica inorg\u00e1nica: qu\u00e9 es, clasificaci\u00f3n de sus compuestos - Ferrovial<\/title>\n<meta name=\"description\" content=\"La qu\u00edmica inorg\u00e1nica es la rama de la qu\u00edmica que se especializa en los elementos y compuestos inorg\u00e1nicos. Es la contraparte de la qu\u00edmica org\u00e1nica.\" \/>\n<meta name=\"robots\" content=\"index, follow, max-snippet:-1, max-image-preview:large, max-video-preview:-1\" \/>\n<link rel=\"canonical\" href=\"https:\/\/www.ferrovial.com\/es\/stem\/quimica-inorganica\/\" \/>\n<meta property=\"og:locale\" content=\"es_ES\" \/>\n<meta property=\"og:type\" content=\"article\" \/>\n<meta property=\"og:title\" content=\"Qu\u00edmica inorg\u00e1nica: qu\u00e9 es, clasificaci\u00f3n de sus compuestos - Ferrovial\" \/>\n<meta property=\"og:description\" content=\"La qu\u00edmica inorg\u00e1nica es la rama de la qu\u00edmica que se especializa en los elementos y compuestos inorg\u00e1nicos. Es la contraparte de la qu\u00edmica org\u00e1nica.\" \/>\n<meta property=\"og:url\" content=\"https:\/\/www.ferrovial.com\/es\/stem\/quimica-inorganica\/\" \/>\n<meta property=\"og:site_name\" content=\"Ferrovial\" \/>\n<meta property=\"article:publisher\" content=\"https:\/\/www.facebook.com\/ferrovial\" \/>\n<meta property=\"article:modified_time\" content=\"2024-10-08T14:44:47+00:00\" \/>\n<meta name=\"twitter:card\" content=\"summary_large_image\" \/>\n<meta name=\"twitter:site\" content=\"@ferrovial\" \/>\n<meta name=\"twitter:label1\" content=\"Est. reading time\" \/>\n\t<meta name=\"twitter:data1\" content=\"2 minutos\" \/>\n<!-- \/ Yoast SEO plugin. -->","yoast_head_json":{"title":"Qu\u00edmica inorg\u00e1nica: qu\u00e9 es, clasificaci\u00f3n de sus compuestos - Ferrovial","description":"La qu\u00edmica inorg\u00e1nica es la rama de la qu\u00edmica que se especializa en los elementos y compuestos inorg\u00e1nicos. Es la contraparte de la qu\u00edmica org\u00e1nica.","robots":{"index":"index","follow":"follow","max-snippet":"max-snippet:-1","max-image-preview":"max-image-preview:large","max-video-preview":"max-video-preview:-1"},"canonical":"https:\/\/www.ferrovial.com\/es\/stem\/quimica-inorganica\/","og_locale":"es_ES","og_type":"article","og_title":"Qu\u00edmica inorg\u00e1nica: qu\u00e9 es, clasificaci\u00f3n de sus compuestos - Ferrovial","og_description":"La qu\u00edmica inorg\u00e1nica es la rama de la qu\u00edmica que se especializa en los elementos y compuestos inorg\u00e1nicos. Es la contraparte de la qu\u00edmica org\u00e1nica.","og_url":"https:\/\/www.ferrovial.com\/es\/stem\/quimica-inorganica\/","og_site_name":"Ferrovial","article_publisher":"https:\/\/www.facebook.com\/ferrovial","article_modified_time":"2024-10-08T14:44:47+00:00","twitter_card":"summary_large_image","twitter_site":"@ferrovial","twitter_misc":{"Est. reading time":"2 minutos"},"schema":{"@context":"https:\/\/schema.org","@graph":[{"@type":"WebPage","@id":"https:\/\/www.ferrovial.com\/es\/stem\/quimica-inorganica\/","url":"https:\/\/www.ferrovial.com\/es\/stem\/quimica-inorganica\/","name":"Qu\u00edmica inorg\u00e1nica: qu\u00e9 es, clasificaci\u00f3n de sus compuestos - Ferrovial","isPartOf":{"@id":"https:\/\/www.ferrovial.com\/es\/#website"},"datePublished":"2023-09-25T04:22:20+00:00","dateModified":"2024-10-08T14:44:47+00:00","description":"La qu\u00edmica inorg\u00e1nica es la rama de la qu\u00edmica que se especializa en los elementos y compuestos inorg\u00e1nicos. Es la contraparte de la qu\u00edmica org\u00e1nica.","breadcrumb":{"@id":"https:\/\/www.ferrovial.com\/es\/stem\/quimica-inorganica\/#breadcrumb"},"inLanguage":"es","potentialAction":[{"@type":"ReadAction","target":["https:\/\/www.ferrovial.com\/es\/stem\/quimica-inorganica\/"]}]},{"@type":"BreadcrumbList","@id":"https:\/\/www.ferrovial.com\/es\/stem\/quimica-inorganica\/#breadcrumb","itemListElement":[{"@type":"ListItem","position":1,"name":"Portada","item":"https:\/\/www.ferrovial.com\/es\/"},{"@type":"ListItem","position":2,"name":"STEM","item":"https:\/\/www.ferrovial.com\/es\/stem\/"},{"@type":"ListItem","position":3,"name":"Qu\u00edmica inorg\u00e1nica"}]},{"@type":"WebSite","@id":"https:\/\/www.ferrovial.com\/es\/#website","url":"https:\/\/www.ferrovial.com\/es\/","name":"Ferrovial","description":"Welcome to the Ferrovial&#039;s website, global operator of sustainable infrastructure. Here you can find all the information about the company and subsidiaries.","publisher":{"@id":"https:\/\/www.ferrovial.com\/es\/#organization"},"potentialAction":[{"@type":"SearchAction","target":{"@type":"EntryPoint","urlTemplate":"https:\/\/www.ferrovial.com\/es\/?s={search_term_string}"},"query-input":{"@type":"PropertyValueSpecification","valueRequired":true,"valueName":"search_term_string"}}],"inLanguage":"es"},{"@type":"Organization","@id":"https:\/\/www.ferrovial.com\/es\/#organization","name":"Ferrovial S.A.","url":"https:\/\/www.ferrovial.com\/es\/","logo":{"@type":"ImageObject","inLanguage":"es","@id":"https:\/\/www.ferrovial.com\/es\/#\/schema\/logo\/image\/","url":"https:\/\/static.ferrovial.com\/wp-content\/uploads\/2020\/01\/13124948\/logo-ferrovial-cf7.png","contentUrl":"https:\/\/static.ferrovial.com\/wp-content\/uploads\/2020\/01\/13124948\/logo-ferrovial-cf7.png","width":144,"height":32,"caption":"Ferrovial S.A."},"image":{"@id":"https:\/\/www.ferrovial.com\/es\/#\/schema\/logo\/image\/"},"sameAs":["https:\/\/www.facebook.com\/ferrovial","https:\/\/x.com\/ferrovial","https:\/\/www.instagram.com\/ferrovial\/","https:\/\/www.linkedin.com\/company\/ferrovial","https:\/\/www.pinterest.es\/ferrovial\/","https:\/\/www.youtube.com\/ferrovial","https:\/\/en.wikipedia.org\/wiki\/Ferrovial"]}]}},"_links":{"self":[{"href":"https:\/\/www.ferrovial.com\/es\/wp-json\/wp\/v2\/pages\/268449","targetHints":{"allow":["GET"]}}],"collection":[{"href":"https:\/\/www.ferrovial.com\/es\/wp-json\/wp\/v2\/pages"}],"about":[{"href":"https:\/\/www.ferrovial.com\/es\/wp-json\/wp\/v2\/types\/page"}],"replies":[{"embeddable":true,"href":"https:\/\/www.ferrovial.com\/es\/wp-json\/wp\/v2\/comments?post=268449"}],"version-history":[{"count":3,"href":"https:\/\/www.ferrovial.com\/es\/wp-json\/wp\/v2\/pages\/268449\/revisions"}],"predecessor-version":[{"id":289910,"href":"https:\/\/www.ferrovial.com\/es\/wp-json\/wp\/v2\/pages\/268449\/revisions\/289910"}],"up":[{"embeddable":true,"href":"https:\/\/www.ferrovial.com\/es\/wp-json\/wp\/v2\/pages\/227878"}],"wp:attachment":[{"href":"https:\/\/www.ferrovial.com\/es\/wp-json\/wp\/v2\/media?parent=268449"}],"curies":[{"name":"wp","href":"https:\/\/api.w.org\/{rel}","templated":true}]}}