{"id":268452,"date":"2023-09-25T06:38:50","date_gmt":"2023-09-25T04:38:50","guid":{"rendered":"https:\/\/www.ferrovial.com\/?page_id=268452"},"modified":"2025-07-09T16:23:39","modified_gmt":"2025-07-09T14:23:39","slug":"conservacion-del-agua","status":"publish","type":"page","link":"https:\/\/www.ferrovial.com\/es\/recursos\/conservacion-del-agua\/","title":{"rendered":"Conservaci\u00f3n del agua"},"content":{"rendered":"    <m-final-content-header >\n            <c-breadcrumb label-text=\"Breadcrumb\" slot=\"breadcrumbs\" type='2' align='left' wrap='wrapped wrapped' aria-label='Vienes de Recursos'>\n                        <ol>\n\n                                                            <li><a href=\"https:\/\/www.ferrovial.com\/es\/\" title=\"Ferrovial\">Ferrovial<\/a><\/li>\n                                                                        <li><a href=\"https:\/\/www.ferrovial.com\/es\/recursos\/\" title=\"Recursos\">Recursos<\/a><\/li>\n                                    \n                <\/ol>\n\n                <\/c-breadcrumb>\n    \n        <div slot=\"header\">\n            <h1>\n                \u00bfQu\u00e9 es la conservaci\u00f3n del agua?            <\/h1>\n                    <\/div>\n    <\/m-final-content-header>\n\n    \n\n\n<m-wysiwig class=\"wp-block-components-wysiwyg\"><div slot=\"maincontent\">\n<p><script type=\"application\/ld+json\">\n{\n  \"@context\": \"https:\/\/schema.org\",\n  \"@type\": \"FAQPage\",\n  \"mainEntity\": [{\n    \"@type\": \"Question\",\n    \"name\": \"\u00bfQu\u00e9 es la conservaci\u00f3n del agua?\",\n    \"acceptedAnswer\": {\n      \"@type\": \"Answer\",\n      \"text\": \"El t\u00e9rmino conservaci\u00f3n del agua se refiere a todas las actividades, pr\u00e1cticas y t\u00e9cnicas destinadas a utilizar de manera consciente y sostenible el agua dulce disponible en nuestro planeta, as\u00ed como a proteger y preservar las fuentes de agua dulce, como r\u00edos, lagos, acu\u00edferos, aguas subterr\u00e1neas y humedales.\nDe toda el agua contenida en el planeta, \u00fanicamente el 3% es agua dulce; de esta cantidad, solo el 0,5% es potable y est\u00e1 disponible.  El objetivo principal de la conservaci\u00f3n del agua es proteger los ecosistemas naturales y garantizar la disponibilidad de este recurso vital a largo plazo para poder cubrir las necesidades humanas.\"\n    }\n  },{\n    \"@type\": \"Question\",\n    \"name\": \"\u00bfQu\u00e9 medidas se pueden tomar para la conservaci\u00f3n del agua?\",\n    \"acceptedAnswer\": {\n      \"@type\": \"Answer\",\n      \"text\": \"<ul>\n<li>Uso eficiente del agua en el hogar<\/li>\n<ul>\n<li>Cerrar los grifos mientras no se utiliza el agua<\/li>\n<li>Reparar fugas de agua<\/li>\n<li>Instalar dispositivos de ahorro de agua<\/li>\n<li>Utilizar ciclos de ahorro en lavadoras y lavavajillas<\/li>\n<\/ul>\n<li>Riego inteligente<\/li>\n<li>Reducci\u00f3n de agentes contaminantes<\/li>\n<li>Tratamiento y reutilizaci\u00f3n de aguas residuales<\/li>\n<\/ul>\"\n    }\n  },{\n    \"@type\": \"Question\",\n    \"name\": \"\u00bfCu\u00e1les son los problemas relacionados con la falta de conservaci\u00f3n del agua?\",\n    \"acceptedAnswer\": {\n      \"@type\": \"Answer\",\n      \"text\": \"Los principales problemas asociados a la poca o mala conservaci\u00f3n del agua tienen que ver con su escasez, al tiempo que aumentan la poblaci\u00f3n mundial y la demanda industrial, y la contaminaci\u00f3n de los recursos de una industria a\u00fan en expansi\u00f3n.\nLa escasez ha conducido a la sobreextracci\u00f3n del recurso en lagos, r\u00edos y cuencas h\u00eddricas, lo que causa graves da\u00f1os ambientales. De hecho, el eje de la tierra se ha inclinado, en cierta medida por fen\u00f3menos naturales, pero en gran parte debido a la extracci\u00f3n de aguas subterr\u00e1neas y al deshielo, consecuencia del cambio clim\u00e1tico.\"\n    }\n  },{\n    \"@type\": \"Question\",\n    \"name\": \"\u00bfPor qu\u00e9 es importante la conservaci\u00f3n del agua?\",\n    \"acceptedAnswer\": {\n      \"@type\": \"Answer\",\n      \"text\": \"La conservaci\u00f3n del agua es fundamental para la Estrategia de Sostenibilidad 2030, en particular para el Objetivo de Desarrollo Sostenible (ODS) n\u00famero 6: agua limpia y saneamiento. El agua es un recurso limitado fundamental para la vida; su conservaci\u00f3n permite:\n\n\n<ul>\n<li>Mantener el equilibro de los ecosistemas, preservar la biodiversidad y mitigar el cambio clim\u00e1tico.<\/li>\n<li>Garantizar el suministro de agua potable para la vida humana.\n<\/li>\n<li>Hacer frente a la demanda creciente de agua potable debido al aumento de la poblaci\u00f3n mundial, as\u00ed como al incremento de los est\u00e1ndares de vida e higiene.\n<\/li>\n<li>Evitar la sobreexplotaci\u00f3n de los recursos h\u00eddricos del planeta.\n<\/li>\n<li>Disminuir los costos y emisiones asociados a la extracci\u00f3n de agua potable y el tratamiento de aguas residuales.\n<\/li>\n<\/ul>\"\n    }\n  }]\n}\n<\/script>\n<p>El t\u00e9rmino <em>conservaci\u00f3n del agua <\/em>se refiere a <strong>todas las actividades, pr\u00e1cticas y t\u00e9cnicas destinadas a utilizar de manera consciente y sostenible el <\/strong><a href=\"https:\/\/www.ferrovial.com\/es\/recursos\/agua\/\" target=\"_blank\" rel=\"noreferrer noopener\"><strong>agua<\/strong><\/a><strong> dulce<\/strong> disponible en nuestro planeta, as\u00ed como a <strong>proteger y preservar las fuentes de agua dulce<\/strong>, como r\u00edos, lagos, <a href=\"https:\/\/www.ferrovial.com\/es\/recursos\/definicion-de-acuifero\/\" target=\"_blank\" rel=\"noreferrer noopener\">acu\u00edferos<\/a>, <a href=\"https:\/\/www.ferrovial.com\/es\/recursos\/aguas-subterraneas\/\" target=\"_blank\" rel=\"noreferrer noopener\">aguas subterr\u00e1neas<\/a> y humedales.<\/p><\/p>\n\n\n\n<p>De toda el agua contenida en el planeta, \u00fanicamente el 3% es agua dulce; de esta cantidad, solo el 0,5% es potable y est\u00e1 disponible.&nbsp; El objetivo principal de la conservaci\u00f3n del agua es proteger los ecosistemas naturales y garantizar la disponibilidad de este recurso vital a largo plazo para poder cubrir las necesidades humanas.<\/p>\n\n\n\n<h2 class=\"wp-block-heading\"><strong>\u00bfQu\u00e9 medidas se pueden tomar para la conservaci\u00f3n del agua?<\/strong><\/h2>\n\n\n\n<ul class=\"wp-block-list\">\n<li><strong>Uso eficiente del agua en el hogar: <\/strong>peque\u00f1as pr\u00e1cticas cotidianas pueden ayudar a ahorrar grandes cantidades de agua. Algunas de estas son:\n<ul class=\"wp-block-list\">\n<li><strong>Cerrar los grifos <\/strong>mientras no se utiliza el agua durante las duchas, el lavado de dientes, etc.<\/li>\n\n\n\n<li><strong>Reparar fugas<\/strong> de agua, por peque\u00f1as que sean, en grifos y tuber\u00edas.<\/li>\n\n\n\n<li><strong>Instalar dispositivos de ahorro de agua<\/strong>, como cabezales de ducha de alta presi\u00f3n y bajo flujo, inodoros con botones de control de flujo, grifos con reguladores de caudal, etc.<\/li>\n\n\n\n<li><strong>Utilizar ciclos de ahorro <\/strong>en lavadoras y lavavajillas.<\/li>\n<\/ul>\n<\/li>\n\n\n\n<li><strong>Riego inteligente: <\/strong>tanto en entornos dom\u00e9sticos como en contextos industriales, es posible implementar los <a href=\"https:\/\/www.ferrovial.com\/es\/recursos\/sistema-de-riego\/\" target=\"_blank\" rel=\"noreferrer noopener\"><strong>m\u00e9todos de riego<\/strong><\/a><strong> eficientes <\/strong>m\u00e1s adecuados en cada caso para minimizar el desperdicio de agua en jardines y cultivos. Los <strong>sensores de humedad y las estaciones meteorol\u00f3gicas <\/strong>tambi\u00e9n ayudan a aplicar riegos m\u00e1s eficientes.<br><strong>En el \u00e1mbito agr\u00edcola<\/strong>, adem\u00e1s de buenos sistemas de riego, para conservar agua es posible favorecer los cultivos que requieran menor agua, respetar la rotaci\u00f3n de cultivos y los cultivos estacionales, y preparar los suelos para mejorar la retenci\u00f3n de agua.<\/li>\n\n\n\n<li><strong>Reducci\u00f3n de agentes contaminantes: <\/strong>para disminuir la <a href=\"https:\/\/www.ferrovial.com\/es-es\/sostenibilidad\/medio-ambiente\/huella-hidrica\/\" target=\"_blank\" rel=\"noreferrer noopener\">huella h\u00eddrica<\/a> tanto en la agricultura como en la industria es indispensable evitar al m\u00e1ximo la utilizaci\u00f3n de agentes contaminantes del agua como fertilizantes, pesticidas, qu\u00edmicos, metales pesados, etc. Tambi\u00e9n a nivel dom\u00e9stico se puede contribuir a una menor poluci\u00f3n del agua utilizando productos de limpieza biol\u00f3gicos.<\/li>\n\n\n\n<li><strong>Tratamiento y reutilizaci\u00f3n de aguas residuales: <\/strong>en el \u00e1mbito industrial y estatal cobra especial importancia el tratamiento de aguas. Esto cumple una doble funci\u00f3n: en primer lugar, permite <strong>sacar el m\u00e1ximo provecho al agua empleada <\/strong>en procesos industriales; en segundo lugar, el <a href=\"https:\/\/www.ferrovial.com\/es\/recursos\/aguas-residuales\/\" target=\"_blank\" rel=\"noreferrer noopener\"><strong>tratamiento de las aguas residuales<\/strong><\/a><strong> evita que se vierta a la naturaleza agua contaminada<\/strong>.<\/li>\n<\/ul>\n\n\n\n<p>Naturalmente, la <strong>educaci\u00f3n <\/strong>tiene un papel clave en la concienciaci\u00f3n de la poblaci\u00f3n mundial. Esto es lo que favorece la progresiva adopci\u00f3n de <strong>pr\u00e1cticas responsables en el uso cotidiano <\/strong>a nivel personal y comunitario. A <strong>nivel industrial<\/strong>, la <strong>legislaci\u00f3n e implementaci\u00f3n de programas formativos fomentan las buenas pr\u00e1cticas <\/strong>y reduce el gran impacto que tiene la industria en los recursos h\u00eddricos.<\/p>\n\n\n\n<h2 class=\"wp-block-heading\"><strong>\u00bfCu\u00e1les son los problemas relacionados con la falta de conservaci\u00f3n del agua?<\/strong><\/h2>\n\n\n\n<p>Los principales problemas asociados a la poca o mala conservaci\u00f3n del agua tienen que ver con su escasez, al tiempo que aumentan la poblaci\u00f3n mundial y la demanda industrial, y la contaminaci\u00f3n de los recursos de una industria a\u00fan en expansi\u00f3n.<\/p>\n\n\n\n<p>Cerca de un mill\u00f3n de personas en el mundo no tienen agua potable limpia; y alrededor del 80% de las muertes del mundo tienen que ver con enfermedades relacionadas con el agua. La <a href=\"https:\/\/www.ferrovial.com\/es\/recursos\/naciones-unidas\/\" target=\"_blank\" rel=\"noreferrer noopener\">Organizaci\u00f3n de Naciones Unidas<\/a> estima que para 2025, entre cinco y ocho millones de personas del mundo no tendr\u00e1n suficiente agua para cubrir sus necesidades b\u00e1sicas.<\/p>\n\n\n\n<p>El aumento de la poblaci\u00f3n mundial, con su consecuente expansi\u00f3n de la agricultura y la industrializaci\u00f3n, han incrementado la demanda de agua, al tiempo que ha aumentado la contaminaci\u00f3n del recurso h\u00eddrico. A su vez, las emisiones han potenciado el cambio clim\u00e1tico que, entre otras cosas, ocasiona sequ\u00eda y disminuye las reservas.<\/p>\n\n\n\n<p>Por otra parte, las zonas rurales y los pa\u00edses en v\u00edas de desarrollo con frecuencia tienen problemas de alcantarillado y saneamiento de aguas servidas que contribuyen a la contaminaci\u00f3n tanto de las propias fuentes de agua potable como del suelo y las reservas h\u00eddricas subterr\u00e1neas.<\/p>\n\n\n\n<p>La escasez ha conducido a la sobreextracci\u00f3n del recurso en lagos, r\u00edos y <a href=\"https:\/\/www.ferrovial.com\/es\/recursos\/definicion-de-cuenca-hidrica\/\" target=\"_blank\" rel=\"noreferrer noopener\">cuencas h\u00eddricas<\/a>, lo que causa graves da\u00f1os ambientales. De hecho, el eje de la tierra se ha inclinado, en cierta medida por fen\u00f3menos naturales, pero en gran parte debido a la extracci\u00f3n de aguas subterr\u00e1neas y al deshielo, consecuencia del cambio clim\u00e1tico.<\/p>\n\n\n\n<h2 class=\"wp-block-heading\"><strong>\u00bfPor qu\u00e9 es importante la conservaci\u00f3n del agua?<\/strong><\/h2>\n\n\n\n<p>La conservaci\u00f3n del agua es fundamental para la <a href=\"https:\/\/www.ferrovial.com\/es-es\/sostenibilidad\/rsc\/plan\/#:~:text=Capital%20Natural%3A%20favorecer%20la%20conservaci%C3%B3n,priorizando%20su%20valorizaci%C3%B3n%20como%20recursos.\" target=\"_blank\" rel=\"noreferrer noopener\">Estrategia de Sostenibilidad 2030<\/a>. El agua es un recurso limitado fundamental para la vida; su conservaci\u00f3n permite:<\/p>\n\n\n\n<ul class=\"wp-block-list\">\n<li>Mantener el equilibro de los ecosistemas, preservar la <a href=\"https:\/\/www.ferrovial.com\/es\/recursos\/biodiversidad\/\" target=\"_blank\" rel=\"noreferrer noopener\">biodiversidad<\/a> y mitigar el <a href=\"https:\/\/www.ferrovial.com\/es\/recursos\/cambio-climatico\/\" target=\"_blank\" rel=\"noreferrer noopener\">cambio clim\u00e1tico<\/a>.<\/li>\n\n\n\n<li>Garantizar el suministro de agua potable para la vida humana.<\/li>\n\n\n\n<li>Hacer frente a la demanda creciente de agua potable debido al aumento de la poblaci\u00f3n mundial, as\u00ed como al incremento de los est\u00e1ndares de vida e higiene.<\/li>\n\n\n\n<li>Evitar la sobreexplotaci\u00f3n de los recursos h\u00eddricos del planeta.<\/li>\n\n\n\n<li>Disminuir los costos y <a href=\"https:\/\/www.ferrovial.com\/es-es\/sostenibilidad\/medio-ambiente\/huella-carbono\/\">emis<\/a><a href=\"https:\/\/www.ferrovial.com\/es-es\/sostenibilidad\/medio-ambiente\/huella-carbono\/\" target=\"_blank\" rel=\"noreferrer noopener\">i<\/a><a href=\"https:\/\/www.ferrovial.com\/es-es\/sostenibilidad\/medio-ambiente\/huella-carbono\/\">ones<\/a> asociados a la extracci\u00f3n de agua potable y el tratamiento de aguas residuales.<\/li>\n<\/ul>\n<\/div><\/m-wysiwig>\n","protected":false},"excerpt":{"rendered":"","protected":false},"featured_media":0,"parent":25267,"menu_order":0,"comment_status":"closed","ping_status":"closed","template":"","meta":{"_acf_changed":false,"footnotes":""},"class_list":["post-268452","page","type-page","status-publish","hentry"],"acf":[],"yoast_head":"<!-- This site is optimized with the Yoast SEO plugin v27.2 - https:\/\/yoast.com\/product\/yoast-seo-wordpress\/ -->\n<title>Conservaci\u00f3n del agua: qu\u00e9 es, medidas a tomar e importancia - Ferrovial<\/title>\n<meta name=\"description\" content=\"La conservaci\u00f3n del agua se refiere a las actividades, pr\u00e1cticas y t\u00e9cnicas destinadas a utilizar de manera consciente y sostenible el agua dulce disponible en nuestro planeta y a proteger y preservar las fuentes de agua dulce, como r\u00edos, lagos, acu\u00edferos, aguas subterr\u00e1neas y humedales.\" \/>\n<meta name=\"robots\" content=\"index, follow, max-snippet:-1, max-image-preview:large, max-video-preview:-1\" \/>\n<link rel=\"canonical\" href=\"https:\/\/www.ferrovial.com\/es\/recursos\/conservacion-del-agua\/\" \/>\n<meta property=\"og:locale\" content=\"es_ES\" \/>\n<meta property=\"og:type\" content=\"article\" \/>\n<meta property=\"og:title\" content=\"Conservaci\u00f3n del agua: qu\u00e9 es, medidas a tomar e importancia - Ferrovial\" \/>\n<meta property=\"og:description\" content=\"La conservaci\u00f3n del agua se refiere a las actividades, pr\u00e1cticas y t\u00e9cnicas destinadas a utilizar de manera consciente y sostenible el agua dulce disponible en nuestro planeta y a proteger y preservar las fuentes de agua dulce, como r\u00edos, lagos, acu\u00edferos, aguas subterr\u00e1neas y humedales.\" \/>\n<meta property=\"og:url\" content=\"https:\/\/www.ferrovial.com\/es\/recursos\/conservacion-del-agua\/\" \/>\n<meta property=\"og:site_name\" content=\"Ferrovial\" \/>\n<meta property=\"article:publisher\" content=\"https:\/\/www.facebook.com\/ferrovial\" \/>\n<meta property=\"article:modified_time\" content=\"2025-07-09T14:23:39+00:00\" \/>\n<meta name=\"twitter:card\" content=\"summary_large_image\" \/>\n<meta name=\"twitter:site\" content=\"@ferrovial\" \/>\n<meta name=\"twitter:label1\" content=\"Est. reading time\" \/>\n\t<meta name=\"twitter:data1\" content=\"4 minutos\" \/>\n<!-- \/ Yoast SEO plugin. -->","yoast_head_json":{"title":"Conservaci\u00f3n del agua: qu\u00e9 es, medidas a tomar e importancia - Ferrovial","description":"La conservaci\u00f3n del agua se refiere a las actividades, pr\u00e1cticas y t\u00e9cnicas destinadas a utilizar de manera consciente y sostenible el agua dulce disponible en nuestro planeta y a proteger y preservar las fuentes de agua dulce, como r\u00edos, lagos, acu\u00edferos, aguas subterr\u00e1neas y humedales.","robots":{"index":"index","follow":"follow","max-snippet":"max-snippet:-1","max-image-preview":"max-image-preview:large","max-video-preview":"max-video-preview:-1"},"canonical":"https:\/\/www.ferrovial.com\/es\/recursos\/conservacion-del-agua\/","og_locale":"es_ES","og_type":"article","og_title":"Conservaci\u00f3n del agua: qu\u00e9 es, medidas a tomar e importancia - Ferrovial","og_description":"La conservaci\u00f3n del agua se refiere a las actividades, pr\u00e1cticas y t\u00e9cnicas destinadas a utilizar de manera consciente y sostenible el agua dulce disponible en nuestro planeta y a proteger y preservar las fuentes de agua dulce, como r\u00edos, lagos, acu\u00edferos, aguas subterr\u00e1neas y humedales.","og_url":"https:\/\/www.ferrovial.com\/es\/recursos\/conservacion-del-agua\/","og_site_name":"Ferrovial","article_publisher":"https:\/\/www.facebook.com\/ferrovial","article_modified_time":"2025-07-09T14:23:39+00:00","twitter_card":"summary_large_image","twitter_site":"@ferrovial","twitter_misc":{"Est. reading time":"4 minutos"},"schema":{"@context":"https:\/\/schema.org","@graph":[{"@type":"WebPage","@id":"https:\/\/www.ferrovial.com\/es\/recursos\/conservacion-del-agua\/","url":"https:\/\/www.ferrovial.com\/es\/recursos\/conservacion-del-agua\/","name":"Conservaci\u00f3n del agua: qu\u00e9 es, medidas a tomar e importancia - Ferrovial","isPartOf":{"@id":"https:\/\/www.ferrovial.com\/es\/#website"},"datePublished":"2023-09-25T04:38:50+00:00","dateModified":"2025-07-09T14:23:39+00:00","description":"La conservaci\u00f3n del agua se refiere a las actividades, pr\u00e1cticas y t\u00e9cnicas destinadas a utilizar de manera consciente y sostenible el agua dulce disponible en nuestro planeta y a proteger y preservar las fuentes de agua dulce, como r\u00edos, lagos, acu\u00edferos, aguas subterr\u00e1neas y humedales.","breadcrumb":{"@id":"https:\/\/www.ferrovial.com\/es\/recursos\/conservacion-del-agua\/#breadcrumb"},"inLanguage":"es","potentialAction":[{"@type":"ReadAction","target":["https:\/\/www.ferrovial.com\/es\/recursos\/conservacion-del-agua\/"]}]},{"@type":"BreadcrumbList","@id":"https:\/\/www.ferrovial.com\/es\/recursos\/conservacion-del-agua\/#breadcrumb","itemListElement":[{"@type":"ListItem","position":1,"name":"Portada","item":"https:\/\/www.ferrovial.com\/es\/"},{"@type":"ListItem","position":2,"name":"Recursos","item":"https:\/\/www.ferrovial.com\/es\/recursos\/"},{"@type":"ListItem","position":3,"name":"Conservaci\u00f3n del agua"}]},{"@type":"WebSite","@id":"https:\/\/www.ferrovial.com\/es\/#website","url":"https:\/\/www.ferrovial.com\/es\/","name":"Ferrovial","description":"Welcome to the Ferrovial&#039;s website, global operator of sustainable infrastructure. Here you can find all the information about the company and subsidiaries.","publisher":{"@id":"https:\/\/www.ferrovial.com\/es\/#organization"},"potentialAction":[{"@type":"SearchAction","target":{"@type":"EntryPoint","urlTemplate":"https:\/\/www.ferrovial.com\/es\/?s={search_term_string}"},"query-input":{"@type":"PropertyValueSpecification","valueRequired":true,"valueName":"search_term_string"}}],"inLanguage":"es"},{"@type":"Organization","@id":"https:\/\/www.ferrovial.com\/es\/#organization","name":"Ferrovial S.A.","url":"https:\/\/www.ferrovial.com\/es\/","logo":{"@type":"ImageObject","inLanguage":"es","@id":"https:\/\/www.ferrovial.com\/es\/#\/schema\/logo\/image\/","url":"https:\/\/static.ferrovial.com\/wp-content\/uploads\/2020\/01\/13124948\/logo-ferrovial-cf7.png","contentUrl":"https:\/\/static.ferrovial.com\/wp-content\/uploads\/2020\/01\/13124948\/logo-ferrovial-cf7.png","width":144,"height":32,"caption":"Ferrovial S.A."},"image":{"@id":"https:\/\/www.ferrovial.com\/es\/#\/schema\/logo\/image\/"},"sameAs":["https:\/\/www.facebook.com\/ferrovial","https:\/\/x.com\/ferrovial","https:\/\/www.instagram.com\/ferrovial\/","https:\/\/www.linkedin.com\/company\/ferrovial","https:\/\/www.pinterest.es\/ferrovial\/","https:\/\/www.youtube.com\/ferrovial","https:\/\/en.wikipedia.org\/wiki\/Ferrovial"]}]}},"_links":{"self":[{"href":"https:\/\/www.ferrovial.com\/es\/wp-json\/wp\/v2\/pages\/268452","targetHints":{"allow":["GET"]}}],"collection":[{"href":"https:\/\/www.ferrovial.com\/es\/wp-json\/wp\/v2\/pages"}],"about":[{"href":"https:\/\/www.ferrovial.com\/es\/wp-json\/wp\/v2\/types\/page"}],"replies":[{"embeddable":true,"href":"https:\/\/www.ferrovial.com\/es\/wp-json\/wp\/v2\/comments?post=268452"}],"version-history":[{"count":3,"href":"https:\/\/www.ferrovial.com\/es\/wp-json\/wp\/v2\/pages\/268452\/revisions"}],"predecessor-version":[{"id":309360,"href":"https:\/\/www.ferrovial.com\/es\/wp-json\/wp\/v2\/pages\/268452\/revisions\/309360"}],"up":[{"embeddable":true,"href":"https:\/\/www.ferrovial.com\/es\/wp-json\/wp\/v2\/pages\/25267"}],"wp:attachment":[{"href":"https:\/\/www.ferrovial.com\/es\/wp-json\/wp\/v2\/media?parent=268452"}],"curies":[{"name":"wp","href":"https:\/\/api.w.org\/{rel}","templated":true}]}}