{"id":268455,"date":"2023-09-25T06:51:55","date_gmt":"2023-09-25T04:51:55","guid":{"rendered":"https:\/\/www.ferrovial.com\/?page_id=268455"},"modified":"2024-02-21T10:36:04","modified_gmt":"2024-02-21T09:36:04","slug":"residuo-cero","status":"publish","type":"page","link":"https:\/\/www.ferrovial.com\/es\/recursos\/residuo-cero\/","title":{"rendered":"Residuo cero"},"content":{"rendered":"    <m-final-content-header >\n            <c-breadcrumb label-text=\"Breadcrumb\" slot=\"breadcrumbs\" type='2' align='left' wrap='wrapped wrapped' aria-label='Vienes de Recursos'>\n                        <ol>\n\n                                                            <li><a href=\"https:\/\/www.ferrovial.com\/es\/\" title=\"Ferrovial\">Ferrovial<\/a><\/li>\n                                                                        <li><a href=\"https:\/\/www.ferrovial.com\/es\/recursos\/\" title=\"Recursos\">Recursos<\/a><\/li>\n                                    \n                <\/ol>\n\n                <\/c-breadcrumb>\n    \n        <div slot=\"header\">\n            <h1>\n                \u00bfQu\u00e9 es Residuo Cero?            <\/h1>\n                    <\/div>\n    <\/m-final-content-header>\n\n    \n\n\n<m-wysiwig class=\"wp-block-components-wysiwyg\"><div slot=\"maincontent\">\n<script type=\"application\/ld+json\">\n{\n  \"@context\": \"https:\/\/schema.org\",\n  \"@type\": \"FAQPage\",\n  \"mainEntity\": [{\n    \"@type\": \"Question\",\n    \"name\": \"\u00bfQu\u00e9 es Residuo Cero?\",\n    \"acceptedAnswer\": {\n      \"@type\": \"Answer\",\n      \"text\": \"La filosof\u00eda del Residuo Cero engloba un conjunto de ideas que proponen la posibilidad de repensar las industrias y sus cadenas de suministro, que tradicionalmente se planteaban como una l\u00ednea unidireccional que iba desde la fabricaci\u00f3n al consumo y desecho, para convertirlas en sistemas circulares en los que se consiga suprimir la generaci\u00f3n de desechos que van a terminar en vertederos o incineradores. \n\nEl residuo cero busca, sobre todo, la prevenci\u00f3n de los residuos. Para esto, se priorizan los sistemas de reutilizaci\u00f3n frente a los desechables. De igual manera, se prefieren los materiales reciclables en bucle cerrado frente a los que sufren alguna forma de disminuci\u00f3n de su calidad en cada ciclo de reciclado.\"\n    }\n  },{\n    \"@type\": \"Question\",\n    \"name\": \"\u00bfCu\u00e1les son los beneficios de una industria con Residuo Cero?\",\n    \"acceptedAnswer\": {\n      \"@type\": \"Answer\",\n      \"text\": \"Los materiales que pueden reusarse y reciclarse en bucle cerrado suponen una reducci\u00f3n considerable de la extracci\u00f3n de nueva materia prima. Por otro lado, los materiales biodegradables pueden derivarse a otros ciclos de consumo sostenibles en los que el desecho no es existe, sino que es, a su vez, una materia aprovechable para la producci\u00f3n de fertilizante o combustible.\"\n    }\n  },{\n    \"@type\": \"Question\",\n    \"name\": \"\u00bfCu\u00e1les son las dificultades del Residuo Cero?\",\n    \"acceptedAnswer\": {\n      \"@type\": \"Answer\",\n      \"text\": \"Alcanzar una econom\u00eda de residuo cero es un objetivo ambicioso y desafiante que se enfrenta a varios problemas, como:\n<ul>\n<li>Diversidad de materiales<\/li>\n<li>Complejidad en la cadena de suministro<\/li>\n<li>Infraestructura de reciclaje<\/li>\n<li>Cambio de h\u00e1bitos y mentalidad<\/li>\n<li>Costos y viabilidad econ\u00f3mica<\/li>\n<\/ul>\"\n    }\n  },{\n    \"@type\": \"Question\",\n    \"name\": \"\u00bfQu\u00e9 ejemplos de Residuo Cero se conocen actualmente?\",\n    \"acceptedAnswer\": {\n      \"@type\": \"Answer\",\n      \"text\": \"<ul>\n<li>El compostaje es una forma efectiva de reducir los residuos de alimentos y convertirlos en fertilizante para plantas.\n<\/li>\n<li>Los envases retornables frente a los desechables son un ejemplo cotidiano de residuo cero.\n<\/li>\n<li>Los alimentos a granel que se expenden en ciertos establecimientos donde los compradores pueden llevar sus propios envases son una alternativa a los productos envasados individualmente.\n<\/li>\n<\/ul>\"\n    }\n  }]\n}\n<\/script>\n<p>La filosof\u00eda del Residuo Cero engloba <strong>un conjunto de ideas que proponen la posibilidad de repensar las industrias<\/strong> y sus <a href=\"https:\/\/www.ferrovial.com\/es-es\/sostenibilidad\/social\/cadena-suministros\/\" target=\"_blank\" rel=\"noreferrer noopener\">cadenas de suministro<\/a>, que tradicionalmente se planteaban como una l\u00ednea unidireccional que iba desde la fabricaci\u00f3n al consumo y desecho, para convertirlas en <strong>sistemas circulares <\/strong>en los que se consiga suprimir la generaci\u00f3n de desechos que van a terminar en <a href=\"https:\/\/www.ferrovial.com\/es\/recursos\/residuos\/\" target=\"_blank\" rel=\"noreferrer noopener\">vertederos o incineradores<\/a>.&nbsp;<\/p>\n\n\n\n<p>El residuo cero busca, sobre todo, la <strong>prevenci\u00f3n de los residuos<\/strong>. Para esto, se priorizan los <strong>sistemas de reutilizaci\u00f3n <\/strong>frente a los desechables. De igual manera, se prefieren los <strong>materiales reciclables en bucle cerrado <\/strong>frente a los que sufren alguna forma de disminuci\u00f3n de su calidad en cada ciclo de reciclado. Esto supone una reestructuraci\u00f3n radical de la manera en que se producen y distribuyen todos los bienes y servicios para que, desde la etapa m\u00e1s temprana del dise\u00f1o, se tome en cuenta la reutilizaci\u00f3n, as\u00ed como m\u00e1xima eficiencia en la eventual <strong>separaci\u00f3n y reciclaje <\/strong>de todos los materiales empleados.<\/p>\n\n\n\n<h2 class=\"wp-block-heading\"><strong>\u00bfCu\u00e1les son los beneficios de una industria con Residuo Cero?<\/strong><\/h2>\n\n\n\n<p>Los materiales que pueden reusarse y reciclarse en bucle cerrado suponen una <strong>reducci\u00f3n considerable de la extracci\u00f3n de nueva materia prima<\/strong>. Por otro lado, los <strong>materiales biodegradables <\/strong>pueden derivarse a otros ciclos de consumo sostenibles en los que el desecho no es existe, sino que es, a su vez, una <strong>materia aprovechable <\/strong>para la producci\u00f3n de fertilizante o combustible.<\/p>\n\n\n\n<p>Los esfuerzos econ\u00f3micos destinados a la extracci\u00f3n se pueden redirigir a los costes asociados a la reutilizaci\u00f3n y la optimizaci\u00f3n del circuito de producci\u00f3n y consumo. La reducci\u00f3n de la extracci\u00f3n constante de materia prima supone una <strong>recuperaci\u00f3n de los entornos <\/strong>que suelen verse afectados por la actividad humana. Por lo general, los ecosistemas ofrecen una gran cantidad de servicios ambientales, como la regeneraci\u00f3n del <a href=\"https:\/\/www.ferrovial.com\/es\/recursos\/agua\/\" target=\"_blank\" rel=\"noreferrer noopener\">agua<\/a>, que tienen un valor incuantificable para econom\u00eda humana y para la calidad de la vida en la tierra.<\/p>\n\n\n\n<h2 class=\"wp-block-heading\"><strong>\u00bfCu\u00e1les son las dificultades del Residuo Cero?<\/strong><\/h2>\n\n\n\n<p>Alcanzar una econom\u00eda de residuo cero es un objetivo ambicioso y desafiante que se enfrenta a varios problemas, como:<\/p>\n\n\n\n<ul class=\"wp-block-list\">\n<li><strong>Diversidad de materiales: <\/strong>los residuos generados en la actualidad son muy variados y pueden contener una amplia gama de materiales, algunos de los cuales son dif\u00edciles de reciclar o reutilizar, mientras que otros son no reciclables o contaminantes.<\/li>\n\n\n\n<li><strong>Complejidad en la cadena de suministro:<\/strong> la implementaci\u00f3n de un enfoque de residuo cero implica la colaboraci\u00f3n y participaci\u00f3n de diversos actores a lo largo de la cadena de suministro, desde fabricantes y minoristas hasta consumidores. Coordinar y alinear los esfuerzos de todos los actores puede resultar muy complicado.<\/li>\n\n\n\n<li><strong>Infraestructura de reciclaje:<\/strong> para alcanzar una econom\u00eda de residuo cero, es necesario contar con una infraestructura de reciclaje y <a href=\"https:\/\/www.ferrovial.com\/es\/recursos\/residuos\/\" target=\"_blank\" rel=\"noreferrer noopener\">tratamiento de residuos<\/a> adecuada. En muchos lugares, la capacidad es limitada e incluso inexistente.&nbsp;<\/li>\n\n\n\n<li><strong>Cambio de h\u00e1bitos y mentalidad:<\/strong> adoptar pr\u00e1cticas de residuo cero requiere un cambio de mentalidad y h\u00e1bitos tanto a nivel individual como colectivo. La educaci\u00f3n y concienciaci\u00f3n de la poblaci\u00f3n sobre la importancia de <strong>reducir, reutilizar y reciclar<\/strong>, as\u00ed como la participaci\u00f3n activa en programas de reciclaje y pr\u00e1cticas sostenibles, es fundamental.<\/li>\n\n\n\n<li><strong>Costos y viabilidad econ\u00f3mica:<\/strong> la implementaci\u00f3n de sistemas de gesti\u00f3n de residuos eficientes puede implicar costos significativos, especialmente en t\u00e9rminos de <a href=\"https:\/\/www.ferrovial.com\/es\/recursos\/infraestructura\/\">infraestructura<\/a>, recolecci\u00f3n, clasificaci\u00f3n y reciclaje. Es posible que las inversiones necesarias no siempre sean econ\u00f3micamente viables, especialmente en comunidades o regiones con recursos limitados.<\/li>\n<\/ul>\n\n\n\n<h2 class=\"wp-block-heading\"><strong>\u00bfQu\u00e9 ejemplos de Residuo Cero se conocen actualmente?<\/strong><\/h2>\n\n\n\n<ul class=\"wp-block-list\">\n<li><strong>El compostaje <\/strong>es una forma efectiva de reducir los residuos de alimentos y convertirlos en fertilizante para plantas.<\/li>\n\n\n\n<li><strong>Los envases retornables<\/strong> frente a los desechables son un ejemplo cotidiano de residuo cero.<\/li>\n\n\n\n<li><strong>Los alimentos a granel<\/strong> que se expenden en ciertos establecimientos donde los compradores pueden llevar sus propios envases son una alternativa a los productos envasados individualmente.<\/li>\n<\/ul>\n<\/div><\/m-wysiwig>\n","protected":false},"excerpt":{"rendered":"","protected":false},"featured_media":0,"parent":25267,"menu_order":0,"comment_status":"closed","ping_status":"closed","template":"","meta":{"_acf_changed":false,"footnotes":""},"class_list":["post-268455","page","type-page","status-publish","hentry"],"acf":[],"yoast_head":"<!-- This site is optimized with the Yoast SEO plugin v27.2 - https:\/\/yoast.com\/product\/yoast-seo-wordpress\/ -->\n<title>Residuo cero, beneficios, dificultades y ejemplos - Ferrovial<\/title>\n<meta name=\"description\" content=\"El residuo cero busca, sobre todo, la prevenci\u00f3n de los residuos. Para esto, se priorizan los sistemas de reutilizaci\u00f3n frente a los desechables. De igual manera, se prefieren los materiales reciclables en bucle cerrado frente a los que sufren alguna forma de disminuci\u00f3n de su calidad en cada ciclo de reciclado.\" \/>\n<meta name=\"robots\" content=\"index, follow, max-snippet:-1, max-image-preview:large, max-video-preview:-1\" \/>\n<link rel=\"canonical\" href=\"https:\/\/www.ferrovial.com\/es\/recursos\/residuo-cero\/\" \/>\n<meta property=\"og:locale\" content=\"es_ES\" \/>\n<meta property=\"og:type\" content=\"article\" \/>\n<meta property=\"og:title\" content=\"Residuo cero, beneficios, dificultades y ejemplos - Ferrovial\" \/>\n<meta property=\"og:description\" content=\"El residuo cero busca, sobre todo, la prevenci\u00f3n de los residuos. Para esto, se priorizan los sistemas de reutilizaci\u00f3n frente a los desechables. De igual manera, se prefieren los materiales reciclables en bucle cerrado frente a los que sufren alguna forma de disminuci\u00f3n de su calidad en cada ciclo de reciclado.\" \/>\n<meta property=\"og:url\" content=\"https:\/\/www.ferrovial.com\/es\/recursos\/residuo-cero\/\" \/>\n<meta property=\"og:site_name\" content=\"Ferrovial\" \/>\n<meta property=\"article:publisher\" content=\"https:\/\/www.facebook.com\/ferrovial\" \/>\n<meta property=\"article:modified_time\" content=\"2024-02-21T09:36:04+00:00\" \/>\n<meta name=\"twitter:card\" content=\"summary_large_image\" \/>\n<meta name=\"twitter:site\" content=\"@ferrovial\" \/>\n<meta name=\"twitter:label1\" content=\"Est. reading time\" \/>\n\t<meta name=\"twitter:data1\" content=\"3 minutos\" \/>\n<!-- \/ Yoast SEO plugin. -->","yoast_head_json":{"title":"Residuo cero, beneficios, dificultades y ejemplos - Ferrovial","description":"El residuo cero busca, sobre todo, la prevenci\u00f3n de los residuos. Para esto, se priorizan los sistemas de reutilizaci\u00f3n frente a los desechables. De igual manera, se prefieren los materiales reciclables en bucle cerrado frente a los que sufren alguna forma de disminuci\u00f3n de su calidad en cada ciclo de reciclado.","robots":{"index":"index","follow":"follow","max-snippet":"max-snippet:-1","max-image-preview":"max-image-preview:large","max-video-preview":"max-video-preview:-1"},"canonical":"https:\/\/www.ferrovial.com\/es\/recursos\/residuo-cero\/","og_locale":"es_ES","og_type":"article","og_title":"Residuo cero, beneficios, dificultades y ejemplos - Ferrovial","og_description":"El residuo cero busca, sobre todo, la prevenci\u00f3n de los residuos. Para esto, se priorizan los sistemas de reutilizaci\u00f3n frente a los desechables. De igual manera, se prefieren los materiales reciclables en bucle cerrado frente a los que sufren alguna forma de disminuci\u00f3n de su calidad en cada ciclo de reciclado.","og_url":"https:\/\/www.ferrovial.com\/es\/recursos\/residuo-cero\/","og_site_name":"Ferrovial","article_publisher":"https:\/\/www.facebook.com\/ferrovial","article_modified_time":"2024-02-21T09:36:04+00:00","twitter_card":"summary_large_image","twitter_site":"@ferrovial","twitter_misc":{"Est. reading time":"3 minutos"},"schema":{"@context":"https:\/\/schema.org","@graph":[{"@type":"WebPage","@id":"https:\/\/www.ferrovial.com\/es\/recursos\/residuo-cero\/","url":"https:\/\/www.ferrovial.com\/es\/recursos\/residuo-cero\/","name":"Residuo cero, beneficios, dificultades y ejemplos - Ferrovial","isPartOf":{"@id":"https:\/\/www.ferrovial.com\/es\/#website"},"datePublished":"2023-09-25T04:51:55+00:00","dateModified":"2024-02-21T09:36:04+00:00","description":"El residuo cero busca, sobre todo, la prevenci\u00f3n de los residuos. Para esto, se priorizan los sistemas de reutilizaci\u00f3n frente a los desechables. De igual manera, se prefieren los materiales reciclables en bucle cerrado frente a los que sufren alguna forma de disminuci\u00f3n de su calidad en cada ciclo de reciclado.","breadcrumb":{"@id":"https:\/\/www.ferrovial.com\/es\/recursos\/residuo-cero\/#breadcrumb"},"inLanguage":"es","potentialAction":[{"@type":"ReadAction","target":["https:\/\/www.ferrovial.com\/es\/recursos\/residuo-cero\/"]}]},{"@type":"BreadcrumbList","@id":"https:\/\/www.ferrovial.com\/es\/recursos\/residuo-cero\/#breadcrumb","itemListElement":[{"@type":"ListItem","position":1,"name":"Portada","item":"https:\/\/www.ferrovial.com\/es\/"},{"@type":"ListItem","position":2,"name":"Recursos","item":"https:\/\/www.ferrovial.com\/es\/recursos\/"},{"@type":"ListItem","position":3,"name":"Residuo cero"}]},{"@type":"WebSite","@id":"https:\/\/www.ferrovial.com\/es\/#website","url":"https:\/\/www.ferrovial.com\/es\/","name":"Ferrovial","description":"Welcome to the Ferrovial&#039;s website, global operator of sustainable infrastructure. Here you can find all the information about the company and subsidiaries.","publisher":{"@id":"https:\/\/www.ferrovial.com\/es\/#organization"},"potentialAction":[{"@type":"SearchAction","target":{"@type":"EntryPoint","urlTemplate":"https:\/\/www.ferrovial.com\/es\/?s={search_term_string}"},"query-input":{"@type":"PropertyValueSpecification","valueRequired":true,"valueName":"search_term_string"}}],"inLanguage":"es"},{"@type":"Organization","@id":"https:\/\/www.ferrovial.com\/es\/#organization","name":"Ferrovial S.A.","url":"https:\/\/www.ferrovial.com\/es\/","logo":{"@type":"ImageObject","inLanguage":"es","@id":"https:\/\/www.ferrovial.com\/es\/#\/schema\/logo\/image\/","url":"https:\/\/static.ferrovial.com\/wp-content\/uploads\/2020\/01\/13124948\/logo-ferrovial-cf7.png","contentUrl":"https:\/\/static.ferrovial.com\/wp-content\/uploads\/2020\/01\/13124948\/logo-ferrovial-cf7.png","width":144,"height":32,"caption":"Ferrovial S.A."},"image":{"@id":"https:\/\/www.ferrovial.com\/es\/#\/schema\/logo\/image\/"},"sameAs":["https:\/\/www.facebook.com\/ferrovial","https:\/\/x.com\/ferrovial","https:\/\/www.instagram.com\/ferrovial\/","https:\/\/www.linkedin.com\/company\/ferrovial","https:\/\/www.pinterest.es\/ferrovial\/","https:\/\/www.youtube.com\/ferrovial","https:\/\/en.wikipedia.org\/wiki\/Ferrovial"]}]}},"_links":{"self":[{"href":"https:\/\/www.ferrovial.com\/es\/wp-json\/wp\/v2\/pages\/268455","targetHints":{"allow":["GET"]}}],"collection":[{"href":"https:\/\/www.ferrovial.com\/es\/wp-json\/wp\/v2\/pages"}],"about":[{"href":"https:\/\/www.ferrovial.com\/es\/wp-json\/wp\/v2\/types\/page"}],"replies":[{"embeddable":true,"href":"https:\/\/www.ferrovial.com\/es\/wp-json\/wp\/v2\/comments?post=268455"}],"version-history":[{"count":3,"href":"https:\/\/www.ferrovial.com\/es\/wp-json\/wp\/v2\/pages\/268455\/revisions"}],"predecessor-version":[{"id":275922,"href":"https:\/\/www.ferrovial.com\/es\/wp-json\/wp\/v2\/pages\/268455\/revisions\/275922"}],"up":[{"embeddable":true,"href":"https:\/\/www.ferrovial.com\/es\/wp-json\/wp\/v2\/pages\/25267"}],"wp:attachment":[{"href":"https:\/\/www.ferrovial.com\/es\/wp-json\/wp\/v2\/media?parent=268455"}],"curies":[{"name":"wp","href":"https:\/\/api.w.org\/{rel}","templated":true}]}}