{"id":268459,"date":"2023-09-25T07:00:03","date_gmt":"2023-09-25T05:00:03","guid":{"rendered":"https:\/\/www.ferrovial.com\/?page_id=268459"},"modified":"2024-03-13T09:59:00","modified_gmt":"2024-03-13T08:59:00","slug":"bateria-de-coche-electrico","status":"publish","type":"page","link":"https:\/\/www.ferrovial.com\/es\/stem\/bateria-de-coche-electrico\/","title":{"rendered":"Bater\u00eda de coche el\u00e9ctrico"},"content":{"rendered":"    <m-final-content-header >\n            <c-breadcrumb label-text=\"Breadcrumb\" slot=\"breadcrumbs\" type='2' align='left' wrap='wrapped wrapped' aria-label='Vienes de STEM'>\n                        <ol>\n\n                                                            <li><a href=\"https:\/\/www.ferrovial.com\/es\/\" title=\"Ferrovial\">Ferrovial<\/a><\/li>\n                                                                        <li><a href=\"https:\/\/www.ferrovial.com\/es\/stem\/\" title=\"STEM\">STEM<\/a><\/li>\n                                    \n                <\/ol>\n\n                <\/c-breadcrumb>\n    \n        <div slot=\"header\">\n            <h1>\n                \u00bfQu\u00e9 es una bater\u00eda de coche el\u00e9ctrico?            <\/h1>\n                    <\/div>\n    <\/m-final-content-header>\n\n    \n\n\n<m-wysiwig class=\"wp-block-components-wysiwyg\"><div slot=\"maincontent\">\n<script type=\"application\/ld+json\">\n{\n  \"@context\": \"https:\/\/schema.org\",\n  \"@type\": \"FAQPage\",\n  \"mainEntity\": [{\n    \"@type\": \"Question\",\n    \"name\": \"\u00bfQu\u00e9 es una bater\u00eda de coche el\u00e9ctrico?\",\n    \"acceptedAnswer\": {\n      \"@type\": \"Answer\",\n      \"text\": \"Las bater\u00edas de coches el\u00e9ctricos son acumuladores de electricidad recargables dise\u00f1ados espec\u00edficamente para alimentar los motores de los veh\u00edculos el\u00e9ctricos (EV) y veh\u00edculos h\u00edbridos (HEV) e h\u00edbridos enchufables (PHEV).\n\nCuando se habla de bater\u00edas de coches el\u00e9ctricos, se hace referencia a las tambi\u00e9n llamadas bater\u00edas de tracci\u00f3n, cuya naturaleza y funci\u00f3n es distinta de las tradicionales bater\u00edas de arranque que se encuentran en los veh\u00edculos de combusti\u00f3n interna. Las bater\u00edas de arranque sirven para poner el motor de los veh\u00edculos de combusti\u00f3n en marcha cuando el alternador se encuentra apagado y alimentar los circuitos accesorios del veh\u00edculo, como las luces y el sistema de sonido. Cuando la bater\u00eda de arranque propicia el arranque del motor, ser\u00e1 el combustible f\u00f3sil el que lo mantendr\u00e1 funcionando.\n\nEn cambio, las bater\u00edas de tracci\u00f3n son las responsables de alimentar el tren de potencia de los veh\u00edculos que poseen motores el\u00e9ctricos.\"\n    }\n  },{\n    \"@type\": \"Question\",\n    \"name\": \"\u00bfQu\u00e9 tipos de bater\u00edas de coches el\u00e9ctricos hay?\",\n    \"acceptedAnswer\": {\n      \"@type\": \"Answer\",\n      \"text\": \"Existen muchas tecnolog\u00edas que compiten para cubrir la necesidad de almacenamiento y liberaci\u00f3n de energ\u00eda que requieren los veh\u00edculos el\u00e9ctricos. Entre ellas, destacan los siguientes tipos de bater\u00edas de tracci\u00f3n:\n\n<ul>\n<li>Li-on: Bater\u00edas de iones de litio.<\/li>\n<li>Li-Po: Bater\u00edas de pol\u00edmero de iones de litio.<\/li>\n<li>LiFePO4: Bater\u00edas de fosfato de hierro y litio.<\/li>\n<\/ul>\"\n    }\n  },{\n    \"@type\": \"Question\",\n    \"name\": \"\u00bfCu\u00e1les son las caracter\u00edsticas a valorar en una bater\u00eda de coche el\u00e9ctrico?\",\n    \"acceptedAnswer\": {\n      \"@type\": \"Answer\",\n      \"text\": \"Las propiedades m\u00e1s importantes a valorar en una bater\u00eda de tracci\u00f3n son:\n<ul>\n<li>La capacidad o la cantidad de energ\u00eda el\u00e9ctrica que puede almacenar.<\/li>\n<li>El tiempo de carga que necesita la bater\u00eda para volver a llegar a su m\u00e1xima capacidad de almacenamiento.<\/li>\n<li>El ciclo de vida o la cantidad de veces que la bater\u00eda puede descargarse y recargarse antes de que su capacidad se degrade significativamente.<\/li>\n<li>La seguridad ante posibles fugas de sustancias peligrosas, sobrecalentamiento o combusti\u00f3n.<\/li>\n<\/ul>\"\n    }\n  }]\n}\n<\/script>\n<p>Las bater\u00edas de coches el\u00e9ctricos son <strong>acumuladores de electricidad recargables <\/strong>dise\u00f1ados espec\u00edficamente para alimentar los motores de los veh\u00edculos el\u00e9ctricos (EV) y veh\u00edculos h\u00edbridos (HEV) e h\u00edbridos enchufables (PHEV).<\/p>\n\n\n\n<p>Cuando se habla de bater\u00edas de coches el\u00e9ctricos, se hace referencia a las tambi\u00e9n llamadas <strong>bater\u00edas de tracci\u00f3n<\/strong>, cuya naturaleza y funci\u00f3n es distinta de las tradicionales bater\u00edas de arranque que se encuentran en los veh\u00edculos de combusti\u00f3n interna. Las <strong>bater\u00edas de arranque sirven para poner el motor de los veh\u00edculos de combusti\u00f3n en marcha <\/strong>cuando el alternador se encuentra apagado y alimentar los circuitos accesorios del veh\u00edculo, como las luces y el sistema de sonido. Cuando la bater\u00eda de arranque propicia el arranque del motor, ser\u00e1 el combustible f\u00f3sil el que lo mantendr\u00e1 funcionando.<\/p>\n\n\n\n<p>En cambio, las <strong>bater\u00edas de tracci\u00f3n <\/strong>son las responsables de alimentar el tren de potencia de los veh\u00edculos que poseen motores el\u00e9ctricos.<\/p>\n\n\n\n<h2 class=\"wp-block-heading\"><strong>\u00bfQu\u00e9 tipos de bater\u00edas de coches el\u00e9ctricos hay?<\/strong><\/h2>\n\n\n\n<p>Existen muchas tecnolog\u00edas que compiten para cubrir la necesidad de almacenamiento y liberaci\u00f3n de energ\u00eda que requieren los veh\u00edculos el\u00e9ctricos. Entre ellas, destacan los siguientes tipos de bater\u00edas de tracci\u00f3n:<\/p>\n\n\n\n<ul class=\"wp-block-list\">\n<li><strong>Li-on:<\/strong> <a href=\"https:\/\/www.ferrovial.com\/es\/stem\/bateria-ion-litio\/\" target=\"_blank\" rel=\"noreferrer noopener\">bater\u00edas de iones de litio<\/a>. Son <strong>las m\u00e1s utilizadas en la actualidad por la mayor\u00eda de los veh\u00edculos el\u00e9ctricos<\/strong>. Utilizan sal de litio como electrolito. Sus componentes son ligeros y ofrecen una gran capacidad de carga con un efecto memoria reducido. Tienen la desventaja de ser sensibles a las temperaturas extremas.<\/li>\n\n\n\n<li><strong>Li-Po: bater\u00edas de pol\u00edmero de iones de litio<\/strong>. Son similares a las Li-on, pero utilizan un electrolito de pol\u00edmero en lugar de un electrolito l\u00edquido. Esto permite mayor flexibilidad a su forma y tama\u00f1o, por lo que resultan adecuadas para los dise\u00f1os de veh\u00edculos compactos.<\/li>\n\n\n\n<li><strong>LiFePO4:<\/strong> bater\u00edas de fosfato de hierro y litio. Poseen una alta estabilidad t\u00e9rmica. Son menos propensas a sufrir sobrecalentamiento o combusti\u00f3n, por lo que se prefieren en climas m\u00e1s extremos o situaciones que exigen una mayor seguridad.<\/li>\n<\/ul>\n\n\n\n<h2 class=\"wp-block-heading\"><strong>\u00bfCu\u00e1les son las caracter\u00edsticas a valorar en una bater\u00eda de coche el\u00e9ctrico?<\/strong><\/h2>\n\n\n\n<p>Las propiedades m\u00e1s importantes a valorar en una bater\u00eda de tracci\u00f3n son:<\/p>\n\n\n\n<ul class=\"wp-block-list\">\n<li><strong>La capacidad<\/strong> o la cantidad de energ\u00eda el\u00e9ctrica que puede almacenar. La capacidad de una bater\u00eda de coche el\u00e9ctrico se mide en kilovatios-hora (kWh).<\/li>\n\n\n\n<li><strong>El tiempo de carga <\/strong>que necesita la bater\u00eda para volver a llegar a su m\u00e1xima capacidad de almacenamiento. Los avances en la tecnolog\u00eda de carga r\u00e1pida han permitido reducir estos tiempos considerablemente.<\/li>\n\n\n\n<li><strong>El ciclo de vida <\/strong>o la cantidad de veces que la bater\u00eda puede descargarse y recargarse antes de que su capacidad se degrade significativamente. Un ciclo de vida largo es m\u00e1s deseable por razones econ\u00f3micas y ecol\u00f3gicas.<\/li>\n\n\n\n<li><strong>La seguridad<\/strong> ante posibles fugas de sustancias peligrosas, sobrecalentamiento o combusti\u00f3n. Las bater\u00edas modernas se fabrican con m\u00faltiples capas de protecci\u00f3n para evitar estos riesgos.<\/li>\n<\/ul>\n\n\n\n<p>El territorio de las bater\u00edas de coches el\u00e9ctricos se encuentra en una <strong>etapa de crecimiento<\/strong>, en un momento en el que <strong>los motores el\u00e9ctricos se presentan como la mejor alternativa para la transici\u00f3n <\/strong>de un parque automotriz dependiente de los combustibles f\u00f3siles. En los \u00faltimos 30 a\u00f1os, el precio de las bater\u00edas se ha reducido en un 97%, al tiempo que ha ido aumentando considerablemente la eficiencia de las tecnolog\u00edas disponibles en el mercado.<\/p>\n<\/div><\/m-wysiwig>\n","protected":false},"excerpt":{"rendered":"","protected":false},"featured_media":0,"parent":227878,"menu_order":0,"comment_status":"closed","ping_status":"closed","template":"","meta":{"_acf_changed":false,"footnotes":""},"class_list":["post-268459","page","type-page","status-publish","hentry"],"acf":[],"yoast_head":"<!-- This site is optimized with the Yoast SEO plugin v27.2 - https:\/\/yoast.com\/product\/yoast-seo-wordpress\/ -->\n<title>Bater\u00eda de coche el\u00e9ctrico: qu\u00e9 es, tipos y caracter\u00edsticas - Ferrovial<\/title>\n<meta name=\"description\" content=\"Las bater\u00edas de coches el\u00e9ctricos son acumuladores de electricidad recargables dise\u00f1ados espec\u00edficamente para alimentar los motores de los veh\u00edculos el\u00e9ctricos (EV) y veh\u00edculos h\u00edbridos (HEV) e h\u00edbridos enchufables (PHEV).\" \/>\n<meta name=\"robots\" content=\"index, follow, max-snippet:-1, max-image-preview:large, max-video-preview:-1\" \/>\n<link rel=\"canonical\" href=\"https:\/\/www.ferrovial.com\/es\/stem\/bateria-de-coche-electrico\/\" \/>\n<meta property=\"og:locale\" content=\"es_ES\" \/>\n<meta property=\"og:type\" content=\"article\" \/>\n<meta property=\"og:title\" content=\"Bater\u00eda de coche el\u00e9ctrico: qu\u00e9 es, tipos y caracter\u00edsticas - Ferrovial\" \/>\n<meta property=\"og:description\" content=\"Las bater\u00edas de coches el\u00e9ctricos son acumuladores de electricidad recargables dise\u00f1ados espec\u00edficamente para alimentar los motores de los veh\u00edculos el\u00e9ctricos (EV) y veh\u00edculos h\u00edbridos (HEV) e h\u00edbridos enchufables (PHEV).\" \/>\n<meta property=\"og:url\" content=\"https:\/\/www.ferrovial.com\/es\/stem\/bateria-de-coche-electrico\/\" \/>\n<meta property=\"og:site_name\" content=\"Ferrovial\" \/>\n<meta property=\"article:publisher\" content=\"https:\/\/www.facebook.com\/ferrovial\" \/>\n<meta property=\"article:modified_time\" content=\"2024-03-13T08:59:00+00:00\" \/>\n<meta name=\"twitter:card\" content=\"summary_large_image\" \/>\n<meta name=\"twitter:site\" content=\"@ferrovial\" \/>\n<meta name=\"twitter:label1\" content=\"Est. reading time\" \/>\n\t<meta name=\"twitter:data1\" content=\"3 minutos\" \/>\n<!-- \/ Yoast SEO plugin. -->","yoast_head_json":{"title":"Bater\u00eda de coche el\u00e9ctrico: qu\u00e9 es, tipos y caracter\u00edsticas - Ferrovial","description":"Las bater\u00edas de coches el\u00e9ctricos son acumuladores de electricidad recargables dise\u00f1ados espec\u00edficamente para alimentar los motores de los veh\u00edculos el\u00e9ctricos (EV) y veh\u00edculos h\u00edbridos (HEV) e h\u00edbridos enchufables (PHEV).","robots":{"index":"index","follow":"follow","max-snippet":"max-snippet:-1","max-image-preview":"max-image-preview:large","max-video-preview":"max-video-preview:-1"},"canonical":"https:\/\/www.ferrovial.com\/es\/stem\/bateria-de-coche-electrico\/","og_locale":"es_ES","og_type":"article","og_title":"Bater\u00eda de coche el\u00e9ctrico: qu\u00e9 es, tipos y caracter\u00edsticas - Ferrovial","og_description":"Las bater\u00edas de coches el\u00e9ctricos son acumuladores de electricidad recargables dise\u00f1ados espec\u00edficamente para alimentar los motores de los veh\u00edculos el\u00e9ctricos (EV) y veh\u00edculos h\u00edbridos (HEV) e h\u00edbridos enchufables (PHEV).","og_url":"https:\/\/www.ferrovial.com\/es\/stem\/bateria-de-coche-electrico\/","og_site_name":"Ferrovial","article_publisher":"https:\/\/www.facebook.com\/ferrovial","article_modified_time":"2024-03-13T08:59:00+00:00","twitter_card":"summary_large_image","twitter_site":"@ferrovial","twitter_misc":{"Est. reading time":"3 minutos"},"schema":{"@context":"https:\/\/schema.org","@graph":[{"@type":"WebPage","@id":"https:\/\/www.ferrovial.com\/es\/stem\/bateria-de-coche-electrico\/","url":"https:\/\/www.ferrovial.com\/es\/stem\/bateria-de-coche-electrico\/","name":"Bater\u00eda de coche el\u00e9ctrico: qu\u00e9 es, tipos y caracter\u00edsticas - Ferrovial","isPartOf":{"@id":"https:\/\/www.ferrovial.com\/es\/#website"},"datePublished":"2023-09-25T05:00:03+00:00","dateModified":"2024-03-13T08:59:00+00:00","description":"Las bater\u00edas de coches el\u00e9ctricos son acumuladores de electricidad recargables dise\u00f1ados espec\u00edficamente para alimentar los motores de los veh\u00edculos el\u00e9ctricos (EV) y veh\u00edculos h\u00edbridos (HEV) e h\u00edbridos enchufables (PHEV).","breadcrumb":{"@id":"https:\/\/www.ferrovial.com\/es\/stem\/bateria-de-coche-electrico\/#breadcrumb"},"inLanguage":"es","potentialAction":[{"@type":"ReadAction","target":["https:\/\/www.ferrovial.com\/es\/stem\/bateria-de-coche-electrico\/"]}]},{"@type":"BreadcrumbList","@id":"https:\/\/www.ferrovial.com\/es\/stem\/bateria-de-coche-electrico\/#breadcrumb","itemListElement":[{"@type":"ListItem","position":1,"name":"Portada","item":"https:\/\/www.ferrovial.com\/es\/"},{"@type":"ListItem","position":2,"name":"STEM","item":"https:\/\/www.ferrovial.com\/es\/stem\/"},{"@type":"ListItem","position":3,"name":"Bater\u00eda de coche el\u00e9ctrico"}]},{"@type":"WebSite","@id":"https:\/\/www.ferrovial.com\/es\/#website","url":"https:\/\/www.ferrovial.com\/es\/","name":"Ferrovial","description":"Welcome to the Ferrovial&#039;s website, global operator of sustainable infrastructure. Here you can find all the information about the company and subsidiaries.","publisher":{"@id":"https:\/\/www.ferrovial.com\/es\/#organization"},"potentialAction":[{"@type":"SearchAction","target":{"@type":"EntryPoint","urlTemplate":"https:\/\/www.ferrovial.com\/es\/?s={search_term_string}"},"query-input":{"@type":"PropertyValueSpecification","valueRequired":true,"valueName":"search_term_string"}}],"inLanguage":"es"},{"@type":"Organization","@id":"https:\/\/www.ferrovial.com\/es\/#organization","name":"Ferrovial S.A.","url":"https:\/\/www.ferrovial.com\/es\/","logo":{"@type":"ImageObject","inLanguage":"es","@id":"https:\/\/www.ferrovial.com\/es\/#\/schema\/logo\/image\/","url":"https:\/\/static.ferrovial.com\/wp-content\/uploads\/2020\/01\/13124948\/logo-ferrovial-cf7.png","contentUrl":"https:\/\/static.ferrovial.com\/wp-content\/uploads\/2020\/01\/13124948\/logo-ferrovial-cf7.png","width":144,"height":32,"caption":"Ferrovial S.A."},"image":{"@id":"https:\/\/www.ferrovial.com\/es\/#\/schema\/logo\/image\/"},"sameAs":["https:\/\/www.facebook.com\/ferrovial","https:\/\/x.com\/ferrovial","https:\/\/www.instagram.com\/ferrovial\/","https:\/\/www.linkedin.com\/company\/ferrovial","https:\/\/www.pinterest.es\/ferrovial\/","https:\/\/www.youtube.com\/ferrovial","https:\/\/en.wikipedia.org\/wiki\/Ferrovial"]}]}},"_links":{"self":[{"href":"https:\/\/www.ferrovial.com\/es\/wp-json\/wp\/v2\/pages\/268459","targetHints":{"allow":["GET"]}}],"collection":[{"href":"https:\/\/www.ferrovial.com\/es\/wp-json\/wp\/v2\/pages"}],"about":[{"href":"https:\/\/www.ferrovial.com\/es\/wp-json\/wp\/v2\/types\/page"}],"replies":[{"embeddable":true,"href":"https:\/\/www.ferrovial.com\/es\/wp-json\/wp\/v2\/comments?post=268459"}],"version-history":[{"count":2,"href":"https:\/\/www.ferrovial.com\/es\/wp-json\/wp\/v2\/pages\/268459\/revisions"}],"predecessor-version":[{"id":277666,"href":"https:\/\/www.ferrovial.com\/es\/wp-json\/wp\/v2\/pages\/268459\/revisions\/277666"}],"up":[{"embeddable":true,"href":"https:\/\/www.ferrovial.com\/es\/wp-json\/wp\/v2\/pages\/227878"}],"wp:attachment":[{"href":"https:\/\/www.ferrovial.com\/es\/wp-json\/wp\/v2\/media?parent=268459"}],"curies":[{"name":"wp","href":"https:\/\/api.w.org\/{rel}","templated":true}]}}