{"id":268461,"date":"2023-09-25T07:06:33","date_gmt":"2023-09-25T05:06:33","guid":{"rendered":"https:\/\/www.ferrovial.com\/?page_id=268461"},"modified":"2024-03-13T10:09:45","modified_gmt":"2024-03-13T09:09:45","slug":"tren-de-potencia","status":"publish","type":"page","link":"https:\/\/www.ferrovial.com\/es\/recursos\/tren-de-potencia\/","title":{"rendered":"Tren de potencia"},"content":{"rendered":"    <m-final-content-header >\n            <c-breadcrumb label-text=\"Breadcrumb\" slot=\"breadcrumbs\" type='2' align='left' wrap='wrapped wrapped' aria-label='Vienes de Recursos'>\n                        <ol>\n\n                                                            <li><a href=\"https:\/\/www.ferrovial.com\/es\/\" title=\"Ferrovial\">Ferrovial<\/a><\/li>\n                                                                        <li><a href=\"https:\/\/www.ferrovial.com\/es\/recursos\/\" title=\"Recursos\">Recursos<\/a><\/li>\n                                    \n                <\/ol>\n\n                <\/c-breadcrumb>\n    \n        <div slot=\"header\">\n            <h1>\n                \u00bfQu\u00e9 es el tren de potencia?            <\/h1>\n                    <\/div>\n    <\/m-final-content-header>\n\n    \n\n\n<m-wysiwig class=\"wp-block-components-wysiwyg\"><div slot=\"maincontent\">\n<script type=\"application\/ld+json\">\n{\n  \"@context\": \"https:\/\/schema.org\",\n  \"@type\": \"FAQPage\",\n  \"mainEntity\": [{\n    \"@type\": \"Question\",\n    \"name\": \"\u00bfQu\u00e9 es el tren de potencia?\",\n    \"acceptedAnswer\": {\n      \"@type\": \"Answer\",\n      \"text\": \"El tren de transmisi\u00f3n de potencia de un veh\u00edculo es el sistema que permite transmitir a las ruedas la potencia generada por el motor, tanto en veh\u00edculos el\u00e9ctricos como de combusti\u00f3n. El tren de potencia es lo que permite el movimiento del veh\u00edculo.\n\nAl tren de potencia tambi\u00e9n se le conoce como tren motor o sistema de propulsi\u00f3n; powertrain, en ingl\u00e9s. El t\u00e9rmino tren motriz, frecuentemente utilizado en espa\u00f1ol, es gramaticalmente incorrecto (por incongruencia de g\u00e9nero entre ambos t\u00e9rminos); lo correcto es tren motor.\"\n    }\n  },{\n    \"@type\": \"Question\",\n    \"name\": \"\u00bfQu\u00e9 elementos componen un tren de potencia?\",\n    \"acceptedAnswer\": {\n      \"@type\": \"Answer\",\n      \"text\": \"El dise\u00f1o del tren de potencia var\u00eda de veh\u00edculo en veh\u00edculo; sin embargo, los elementos principales son:\n\n<ul>\n<li>En veh\u00edculos de combusti\u00f3n:<\/li>\n<ul>\n<li>Motor<\/li>\n<li>Embrague<\/li>\n<li>Caja de cambios o transmisi\u00f3n<\/li>\n<li>Diferencial<\/li>\n<li>Ejes y \u00e1rbol de transmisi\u00f3n<\/li>\n<\/ul>\n<li>En veh\u00edculos el\u00e9ctricos:<\/li>\nEn los veh\u00edculos el\u00e9ctricos, el tren de potencia est\u00e1 compuesto por los mismos elementos que en los veh\u00edculos de combusti\u00f3n, pero adem\u00e1s se a\u00f1aden:\n<ul>\n<li>Inversor y transformador<\/li>\n<li>Bater\u00eda<\/li>\n<li>Sistema de recarga<\/li>\n<\/ul>\n<\/ul>\"\n    }\n  }]\n}\n<\/script>\n<p>El tren de transmisi\u00f3n de potencia de un veh\u00edculo es el <strong>sistema que permite transmitir a las ruedas la potencia generada por el motor<\/strong>, tanto en veh\u00edculos el\u00e9ctricos como de combusti\u00f3n. El tren de potencia es lo que <strong>permite el movimiento del veh\u00edculo<\/strong>.<\/p>\n\n\n\n<p>Al tren de potencia tambi\u00e9n se le conoce como <strong>tren motor <\/strong>o <strong>sistema de propulsi\u00f3n<\/strong>; <em>powertrain<\/em>, en ingl\u00e9s. El t\u00e9rmino <em>tren motriz<\/em>, frecuentemente utilizado en espa\u00f1ol, es gramaticalmente incorrecto (por incongruencia de g\u00e9nero entre ambos t\u00e9rminos); lo correcto es <em>tren motor<\/em>.<\/p>\n\n\n\n<h2 class=\"wp-block-heading\"><strong>\u00bfQu\u00e9 elementos componen un tren de potencia?<\/strong><\/h2>\n\n\n\n<p>El dise\u00f1o del tren de potencia var\u00eda de veh\u00edculo en veh\u00edculo; sin embargo, los elementos principales son:<\/p>\n\n\n\n<ul class=\"wp-block-list\">\n<li><strong>En veh\u00edculos de combusti\u00f3n:<\/strong>\n<ul class=\"wp-block-list\">\n<li><a href=\"https:\/\/www.ferrovial.com\/es\/stem\/motores\/\" target=\"_blank\" rel=\"noreferrer noopener\">Motor<\/a>: es la principal fuente de energ\u00eda del veh\u00edculo.<\/li>\n\n\n\n<li><strong>Embrague: <\/strong>es el elemento que permite acoplar y desacoplar el motor de la transmisi\u00f3n sin apagar el motor.<\/li>\n\n\n\n<li><strong>Caja de cambios o transmisi\u00f3n: <\/strong>el componente que controla la relaci\u00f3n entre el motor y las ruedas, y que permite que el veh\u00edculo se mueva a diferentes velocidades. En los veh\u00edculos de transmisi\u00f3n manual, la caja de cambios est\u00e1 compuesta por un conjunto de engranajes que se acoplan o desacoplan al motor para cambiar la marcha gracias al embrague.<\/li>\n\n\n\n<li><strong>Diferencial:<\/strong> es el conjunto de engranajes ubicados en el eje de transici\u00f3n, que permite que las ruedas giren a la misma o distintas velocidades, seg\u00fan si el veh\u00edculo se mueve en l\u00ednea recta o en curva. Cuando se enfrenta una curva, la rueda de la parte externa debe recorrer m\u00e1s distancia que la rueda interna en el mismo tiempo, por lo que debe moverse m\u00e1s r\u00e1pido. Esta diferencia de velocidad es posible gracias al diferencial.<\/li>\n\n\n\n<li><strong>Ejes y \u00e1rbol de transmisi\u00f3n: <\/strong>es la estructura que conecta los elementos entre s\u00ed.<\/li>\n<\/ul>\n<\/li>\n\n\n\n<li><strong>En veh\u00edculos el\u00e9ctricos:<\/strong><\/li>\n<\/ul>\n\n\n\n<p>En los veh\u00edculos el\u00e9ctricos, el tren de potencia est\u00e1 compuesto por los mismos elementos que en los veh\u00edculos de combusti\u00f3n, pero adem\u00e1s se a\u00f1aden:<\/p>\n\n\n\n<ul class=\"wp-block-list\">\n<li><strong>Inversor y <\/strong><a href=\"https:\/\/www.ferrovial.com\/es\/stem\/transformadores\/\" target=\"_blank\" rel=\"noreferrer noopener\"><strong>transformador<\/strong><\/a><strong>: <\/strong>transfieren la energ\u00eda de un componente a otro y se encargan de transformarla para que se adapte a cada elemento del sistema.<\/li>\n\n\n\n<li><strong><a href=\"https:\/\/www.ferrovial.com\/es\/stem\/bateria-de-coche-electrico\/\" target=\"_blank\" rel=\"noreferrer noopener\">Bater\u00eda<\/a>: <\/strong>en los coches el\u00e9ctricos son indispensables para el funcionamiento del motor.<\/li>\n\n\n\n<li><strong>Sistema de recarga: <\/strong>est\u00e1 conectado al tren de potencia para posibilitar<strong> <\/strong>la frenada regenerativa.<\/li>\n<\/ul>\n<\/div><\/m-wysiwig>\n","protected":false},"excerpt":{"rendered":"","protected":false},"featured_media":0,"parent":25267,"menu_order":0,"comment_status":"closed","ping_status":"closed","template":"","meta":{"_acf_changed":false,"footnotes":""},"class_list":["post-268461","page","type-page","status-publish","hentry"],"acf":[],"yoast_head":"<!-- This site is optimized with the Yoast SEO plugin v27.2 - https:\/\/yoast.com\/product\/yoast-seo-wordpress\/ -->\n<title>Tren de potencia, qu\u00e9 es y qu\u00e9 elementos lo componen - Ferrovial<\/title>\n<meta name=\"description\" content=\"El tren de transmisi\u00f3n de potencia de un veh\u00edculo es el sistema que permite transmitir a las ruedas la potencia generada por el motor, tanto en veh\u00edculos el\u00e9ctricos como de combusti\u00f3n. El tren de potencia es lo que permite el movimiento del veh\u00edculo.\" \/>\n<meta name=\"robots\" content=\"index, follow, max-snippet:-1, max-image-preview:large, max-video-preview:-1\" \/>\n<link rel=\"canonical\" href=\"https:\/\/www.ferrovial.com\/es\/recursos\/tren-de-potencia\/\" \/>\n<meta property=\"og:locale\" content=\"es_ES\" \/>\n<meta property=\"og:type\" content=\"article\" \/>\n<meta property=\"og:title\" content=\"Tren de potencia, qu\u00e9 es y qu\u00e9 elementos lo componen - Ferrovial\" \/>\n<meta property=\"og:description\" content=\"El tren de transmisi\u00f3n de potencia de un veh\u00edculo es el sistema que permite transmitir a las ruedas la potencia generada por el motor, tanto en veh\u00edculos el\u00e9ctricos como de combusti\u00f3n. El tren de potencia es lo que permite el movimiento del veh\u00edculo.\" \/>\n<meta property=\"og:url\" content=\"https:\/\/www.ferrovial.com\/es\/recursos\/tren-de-potencia\/\" \/>\n<meta property=\"og:site_name\" content=\"Ferrovial\" \/>\n<meta property=\"article:publisher\" content=\"https:\/\/www.facebook.com\/ferrovial\" \/>\n<meta property=\"article:modified_time\" content=\"2024-03-13T09:09:45+00:00\" \/>\n<meta name=\"twitter:card\" content=\"summary_large_image\" \/>\n<meta name=\"twitter:site\" content=\"@ferrovial\" \/>\n<meta name=\"twitter:label1\" content=\"Est. reading time\" \/>\n\t<meta name=\"twitter:data1\" content=\"2 minutos\" \/>\n<!-- \/ Yoast SEO plugin. -->","yoast_head_json":{"title":"Tren de potencia, qu\u00e9 es y qu\u00e9 elementos lo componen - Ferrovial","description":"El tren de transmisi\u00f3n de potencia de un veh\u00edculo es el sistema que permite transmitir a las ruedas la potencia generada por el motor, tanto en veh\u00edculos el\u00e9ctricos como de combusti\u00f3n. El tren de potencia es lo que permite el movimiento del veh\u00edculo.","robots":{"index":"index","follow":"follow","max-snippet":"max-snippet:-1","max-image-preview":"max-image-preview:large","max-video-preview":"max-video-preview:-1"},"canonical":"https:\/\/www.ferrovial.com\/es\/recursos\/tren-de-potencia\/","og_locale":"es_ES","og_type":"article","og_title":"Tren de potencia, qu\u00e9 es y qu\u00e9 elementos lo componen - Ferrovial","og_description":"El tren de transmisi\u00f3n de potencia de un veh\u00edculo es el sistema que permite transmitir a las ruedas la potencia generada por el motor, tanto en veh\u00edculos el\u00e9ctricos como de combusti\u00f3n. El tren de potencia es lo que permite el movimiento del veh\u00edculo.","og_url":"https:\/\/www.ferrovial.com\/es\/recursos\/tren-de-potencia\/","og_site_name":"Ferrovial","article_publisher":"https:\/\/www.facebook.com\/ferrovial","article_modified_time":"2024-03-13T09:09:45+00:00","twitter_card":"summary_large_image","twitter_site":"@ferrovial","twitter_misc":{"Est. reading time":"2 minutos"},"schema":{"@context":"https:\/\/schema.org","@graph":[{"@type":"WebPage","@id":"https:\/\/www.ferrovial.com\/es\/recursos\/tren-de-potencia\/","url":"https:\/\/www.ferrovial.com\/es\/recursos\/tren-de-potencia\/","name":"Tren de potencia, qu\u00e9 es y qu\u00e9 elementos lo componen - Ferrovial","isPartOf":{"@id":"https:\/\/www.ferrovial.com\/es\/#website"},"datePublished":"2023-09-25T05:06:33+00:00","dateModified":"2024-03-13T09:09:45+00:00","description":"El tren de transmisi\u00f3n de potencia de un veh\u00edculo es el sistema que permite transmitir a las ruedas la potencia generada por el motor, tanto en veh\u00edculos el\u00e9ctricos como de combusti\u00f3n. El tren de potencia es lo que permite el movimiento del veh\u00edculo.","breadcrumb":{"@id":"https:\/\/www.ferrovial.com\/es\/recursos\/tren-de-potencia\/#breadcrumb"},"inLanguage":"es","potentialAction":[{"@type":"ReadAction","target":["https:\/\/www.ferrovial.com\/es\/recursos\/tren-de-potencia\/"]}]},{"@type":"BreadcrumbList","@id":"https:\/\/www.ferrovial.com\/es\/recursos\/tren-de-potencia\/#breadcrumb","itemListElement":[{"@type":"ListItem","position":1,"name":"Portada","item":"https:\/\/www.ferrovial.com\/es\/"},{"@type":"ListItem","position":2,"name":"Recursos","item":"https:\/\/www.ferrovial.com\/es\/recursos\/"},{"@type":"ListItem","position":3,"name":"Tren de potencia"}]},{"@type":"WebSite","@id":"https:\/\/www.ferrovial.com\/es\/#website","url":"https:\/\/www.ferrovial.com\/es\/","name":"Ferrovial","description":"Welcome to the Ferrovial&#039;s website, global operator of sustainable infrastructure. Here you can find all the information about the company and subsidiaries.","publisher":{"@id":"https:\/\/www.ferrovial.com\/es\/#organization"},"potentialAction":[{"@type":"SearchAction","target":{"@type":"EntryPoint","urlTemplate":"https:\/\/www.ferrovial.com\/es\/?s={search_term_string}"},"query-input":{"@type":"PropertyValueSpecification","valueRequired":true,"valueName":"search_term_string"}}],"inLanguage":"es"},{"@type":"Organization","@id":"https:\/\/www.ferrovial.com\/es\/#organization","name":"Ferrovial S.A.","url":"https:\/\/www.ferrovial.com\/es\/","logo":{"@type":"ImageObject","inLanguage":"es","@id":"https:\/\/www.ferrovial.com\/es\/#\/schema\/logo\/image\/","url":"https:\/\/static.ferrovial.com\/wp-content\/uploads\/2020\/01\/13124948\/logo-ferrovial-cf7.png","contentUrl":"https:\/\/static.ferrovial.com\/wp-content\/uploads\/2020\/01\/13124948\/logo-ferrovial-cf7.png","width":144,"height":32,"caption":"Ferrovial S.A."},"image":{"@id":"https:\/\/www.ferrovial.com\/es\/#\/schema\/logo\/image\/"},"sameAs":["https:\/\/www.facebook.com\/ferrovial","https:\/\/x.com\/ferrovial","https:\/\/www.instagram.com\/ferrovial\/","https:\/\/www.linkedin.com\/company\/ferrovial","https:\/\/www.pinterest.es\/ferrovial\/","https:\/\/www.youtube.com\/ferrovial","https:\/\/en.wikipedia.org\/wiki\/Ferrovial"]}]}},"_links":{"self":[{"href":"https:\/\/www.ferrovial.com\/es\/wp-json\/wp\/v2\/pages\/268461","targetHints":{"allow":["GET"]}}],"collection":[{"href":"https:\/\/www.ferrovial.com\/es\/wp-json\/wp\/v2\/pages"}],"about":[{"href":"https:\/\/www.ferrovial.com\/es\/wp-json\/wp\/v2\/types\/page"}],"replies":[{"embeddable":true,"href":"https:\/\/www.ferrovial.com\/es\/wp-json\/wp\/v2\/comments?post=268461"}],"version-history":[{"count":2,"href":"https:\/\/www.ferrovial.com\/es\/wp-json\/wp\/v2\/pages\/268461\/revisions"}],"predecessor-version":[{"id":277681,"href":"https:\/\/www.ferrovial.com\/es\/wp-json\/wp\/v2\/pages\/268461\/revisions\/277681"}],"up":[{"embeddable":true,"href":"https:\/\/www.ferrovial.com\/es\/wp-json\/wp\/v2\/pages\/25267"}],"wp:attachment":[{"href":"https:\/\/www.ferrovial.com\/es\/wp-json\/wp\/v2\/media?parent=268461"}],"curies":[{"name":"wp","href":"https:\/\/api.w.org\/{rel}","templated":true}]}}