{"id":268464,"date":"2023-09-25T07:14:34","date_gmt":"2023-09-25T05:14:34","guid":{"rendered":"https:\/\/www.ferrovial.com\/?page_id=268464"},"modified":"2024-03-13T10:25:53","modified_gmt":"2024-03-13T09:25:53","slug":"condiciones-normalizadas-de-presion-y-temperatura","status":"publish","type":"page","link":"https:\/\/www.ferrovial.com\/es\/recursos\/condiciones-normalizadas-de-presion-y-temperatura\/","title":{"rendered":"Condiciones normalizadas de presi\u00f3n y temperatura"},"content":{"rendered":"    <m-final-content-header >\n            <c-breadcrumb label-text=\"Breadcrumb\" slot=\"breadcrumbs\" type='2' align='left' wrap='wrapped wrapped' aria-label='Vienes de Recursos'>\n                        <ol>\n\n                                                            <li><a href=\"https:\/\/www.ferrovial.com\/es\/\" title=\"Ferrovial\">Ferrovial<\/a><\/li>\n                                                                        <li><a href=\"https:\/\/www.ferrovial.com\/es\/recursos\/\" title=\"Recursos\">Recursos<\/a><\/li>\n                                    \n                <\/ol>\n\n                <\/c-breadcrumb>\n    \n        <div slot=\"header\">\n            <h1>\n                \u00bfQu\u00e9 son las condiciones normalizadas de presi\u00f3n y temperatura?            <\/h1>\n                    <\/div>\n    <\/m-final-content-header>\n\n    \n\n\n<m-wysiwig class=\"wp-block-components-wysiwyg\"><div slot=\"maincontent\">\n<script type=\"application\/ld+json\">\n{\n  \"@context\": \"https:\/\/schema.org\",\n  \"@type\": \"FAQPage\",\n  \"mainEntity\": [{\n    \"@type\": \"Question\",\n    \"name\": \"\u00bfQu\u00e9 son las condiciones normalizadas de presi\u00f3n y temperatura?\",\n    \"acceptedAnswer\": {\n      \"@type\": \"Answer\",\n      \"text\": \"Las Condiciones Normalizadas de Presi\u00f3n y Temperatura (CNPT), com\u00fanmente llamadas condiciones normales o condiciones est\u00e1ndar, son un conjunto de par\u00e1metros para la presi\u00f3n atmosf\u00e9rica y la temperatura que se consideran representativos y consistentes en diferentes aplicaciones.\"\n    }\n  },{\n    \"@type\": \"Question\",\n    \"name\": \"\u00bfCu\u00e1les son las principales condiciones normalizadas de presi\u00f3n y temperatura?\",\n    \"acceptedAnswer\": {\n      \"@type\": \"Answer\",\n      \"text\": \"En el pasado, se sol\u00edan utilizar como referencia los valores de la Uni\u00f3n Internacional de Qu\u00edmica Pura y Aplicada (IUPAC, por sus siglas del ingl\u00e9s International Union of Pure and Applied Chemistry), que establec\u00eda las condiciones normales como:\n<ul>\n<li>Temperatura: 0 grados Celsius (equivalente a 273.15 grados Kelvin y 32 grados Fahrenheit).<\/li>\n<li>Presi\u00f3n: 1 atm\u00f3sfera (equivalente a 101.325 kilopascal o 760 Torr).<\/li>\n<\/ul>\nSin embargo, esos est\u00e1ndares resultan obsoletos. Hoy en d\u00eda, cada organismo de referencia tiene valores distintos. Los m\u00e1s utilizados son:\n<ul>\n<li>La IUPAC, con sede en Suiza,establece las CNPT en 273.15 grados Kelvin (0 \u00b0C) y 105 pascales (1 bar o 0.986 923 27 atm). Para los gases, fija 273.15 K (0 \u00b0C) y presi\u00f3n de 105 pascales (1 bar o 0.986 923 27 atm).\n<\/li>\n<li>El Instituto Nacional de Est\u00e1ndares y Tecnolog\u00eda (NIST, por sus siglas del ingl\u00e9s National Institute of Standards and Technology) de los Estados Unidos establece una temperatura de 20 \u00b0C y una presi\u00f3n absoluta de 1 atm.\n<\/li>\n<li>La Atm\u00f3sfera Est\u00e1ndar Internacional (ISA, por sus siglas del ingl\u00e9s International Standard Atmosphere) es un modelo de la atm\u00f3sfera terrestre que permite obtener los valores de temperatura, presi\u00f3n, densidad y viscosidad del aire que provee un marco de referencia seg\u00fan la altitud.\n<\/li>\n<li>La  Organizaci\u00f3n Internacional de Normalizaci\u00f3n (o de Estandarizaci\u00f3n; conocida por el acr\u00f3nimo ISO) est\u00e1 conformada por varias organizaciones nacionales de normalizaci\u00f3n.\n<\/li>\n<\/ul>\nVista la diversidad de referencias existentes en la actualidad, es indispensable que en la aplicaci\u00f3n de las CNPT se indiquen cu\u00e1les son los valores de referencia sobre los que se est\u00e1 trabajando.\"\n    }\n  }]\n}\n<\/script>\n<p>Las <strong>Condiciones Normalizadas de Presi\u00f3n y Temperatura (CNPT)<\/strong>, com\u00fanmente llamadas <strong>condiciones normales<\/strong> o <strong>condiciones est\u00e1ndar<\/strong>, son un conjunto de <strong>par\u00e1metros <\/strong><strong>para la presi\u00f3n atmosf\u00e9rica y la temperatura <\/strong>que se consideran <strong>representativos y consistentes <\/strong>en diferentes aplicaciones.<\/p>\n\n\n\n<p>Se utilizan para permitir la <strong>comparaci\u00f3n de distintos conjuntos de datos <\/strong>medidos y evaluar propiedades f\u00edsicas, qu\u00edmicas y termodin\u00e1micas de sustancias. Las CNPT provienen del \u00e1mbito de la <strong>ciencia <\/strong>(<a href=\"https:\/\/www.ferrovial.com\/es\/stem\/fisica\/\" target=\"_blank\" rel=\"noreferrer noopener\">f\u00edsica<\/a>, <a href=\"https:\/\/www.ferrovial.com\/es\/stem\/quimica\/\" target=\"_blank\" rel=\"noreferrer noopener\">qu\u00edmica<\/a> e ingenier\u00eda), pero se utilizan ampliamente en el <strong>sector industrial<\/strong>. Las condiciones normalizadas de presi\u00f3n y temperatura tambi\u00e9n son importantes para la <strong>navegaci\u00f3n<\/strong> y la <a href=\"https:\/\/www.ferrovial.com\/es\/recursos\/aviacion\/\" target=\"_blank\" rel=\"noreferrer noopener\"><strong>aeron\u00e1utica<\/strong><\/a>.<\/p>\n\n\n\n<p>Aunque existe consenso acerca del concepto, <strong>no existe unificaci\u00f3n de los valores considerados normales o est\u00e1ndar<\/strong>. Cada disciplina e instituci\u00f3n fija sus propios valores.<\/p>\n\n\n\n<h2 class=\"wp-block-heading\"><strong>\u00bfCu\u00e1les son las principales condiciones normalizadas de presi\u00f3n y temperatura?<\/strong><\/h2>\n\n\n\n<p>En el pasado, se sol\u00edan utilizar como referencia los valores de la Uni\u00f3n Internacional de Qu\u00edmica Pura y Aplicada (IUPAC, por sus siglas del ingl\u00e9s <a href=\"https:\/\/iupac.org\/\" target=\"_blank\" rel=\"noreferrer noopener\">International Union of Pure and Applied Chemistry<\/a>), que establec\u00eda las <em>condiciones normales <\/em>como:<\/p>\n\n\n\n<ul class=\"wp-block-list\">\n<li><strong>Temperatura: <\/strong>0 grados Celsius (equivalente a 273.15 grados Kelvin y 32 grados Fahrenheit).<\/li>\n\n\n\n<li><strong>Presi\u00f3n: <\/strong>1 atm\u00f3sfera (equivalente a 101.325 kilopascal o 760 Torr).<\/li>\n<\/ul>\n\n\n\n<p>Sin embargo, esos est\u00e1ndares resultan obsoletos. Hoy en d\u00eda, cada organismo de referencia tiene valores distintos. Los m\u00e1s utilizados son:<\/p>\n\n\n\n<ul class=\"wp-block-list\">\n<li><strong>La IUPAC<\/strong>, con sede en Suiza,<strong> <\/strong>establece las CNPT en 273.15 grados Kelvin (0 \u00b0C) y 10<sup>5<\/sup> pascales (1 bar o 0.986 923 27 atm). Para los gases, fija 273.15 K (0 \u00b0C) y presi\u00f3n de 10<sup>5<\/sup> pascales (1 bar o 0.986 923 27 atm).<\/li>\n\n\n\n<li>El <strong>Instituto Nacional de Est\u00e1ndares y Tecnolog\u00eda<\/strong> (<strong>NIST<\/strong>, por sus siglas del ingl\u00e9s <em>National Institute of Standards and Technology<\/em>) de los Estados Unidos establece una temperatura de 20 \u00b0C y una presi\u00f3n absoluta de 1 atm.<\/li>\n\n\n\n<li>La <strong>Atm\u00f3sfera Est\u00e1ndar Internacional <\/strong>(<strong>ISA<\/strong>, por sus siglas del ingl\u00e9s <em>International Standard Atmosphere<\/em>) es un <strong>modelo de la atm\u00f3sfera terrestre<\/strong> que permite obtener los valores de temperatura, presi\u00f3n, densidad y viscosidad del aire que provee un marco de referencia seg\u00fan la altitud.<\/li>\n\n\n\n<li>La&nbsp; <strong>Organizaci\u00f3n Internacional de Normalizaci\u00f3n<\/strong> (o de <strong>Estandarizaci\u00f3n<\/strong>; conocida por el acr\u00f3nimo <strong>ISO<\/strong>) est\u00e1 conformada por varias organizaciones nacionales de normalizaci\u00f3n.<\/li>\n<\/ul>\n\n\n\n<p>Vista la diversidad de referencias existentes en la actualidad, es indispensable que en la aplicaci\u00f3n de las CNPT se indiquen cu\u00e1les son los valores de referencia sobre los que se est\u00e1 trabajando.<\/p>\n<\/div><\/m-wysiwig>\n","protected":false},"excerpt":{"rendered":"","protected":false},"featured_media":0,"parent":25267,"menu_order":0,"comment_status":"closed","ping_status":"closed","template":"","meta":{"_acf_changed":false,"footnotes":""},"class_list":["post-268464","page","type-page","status-publish","hentry"],"acf":[],"yoast_head":"<!-- This site is optimized with the Yoast SEO plugin v27.2 - https:\/\/yoast.com\/product\/yoast-seo-wordpress\/ -->\n<title>Condiciones normalizadas de presi\u00f3n y temperatura - Ferrovial<\/title>\n<meta name=\"description\" content=\"Las Condiciones Normalizadas de Presi\u00f3n y Temperatura (CNPT) son un conjunto de par\u00e1metros para la presi\u00f3n atmosf\u00e9rica y la temperatura que se consideran representativos y consistentes en diferentes aplicaciones.\" \/>\n<meta name=\"robots\" content=\"index, follow, max-snippet:-1, max-image-preview:large, max-video-preview:-1\" \/>\n<link rel=\"canonical\" href=\"https:\/\/www.ferrovial.com\/es\/recursos\/condiciones-normalizadas-de-presion-y-temperatura\/\" \/>\n<meta property=\"og:locale\" content=\"es_ES\" \/>\n<meta property=\"og:type\" content=\"article\" \/>\n<meta property=\"og:title\" content=\"Condiciones normalizadas de presi\u00f3n y temperatura - Ferrovial\" \/>\n<meta property=\"og:description\" content=\"Las Condiciones Normalizadas de Presi\u00f3n y Temperatura (CNPT) son un conjunto de par\u00e1metros para la presi\u00f3n atmosf\u00e9rica y la temperatura que se consideran representativos y consistentes en diferentes aplicaciones.\" \/>\n<meta property=\"og:url\" content=\"https:\/\/www.ferrovial.com\/es\/recursos\/condiciones-normalizadas-de-presion-y-temperatura\/\" \/>\n<meta property=\"og:site_name\" content=\"Ferrovial\" \/>\n<meta property=\"article:publisher\" content=\"https:\/\/www.facebook.com\/ferrovial\" \/>\n<meta property=\"article:modified_time\" content=\"2024-03-13T09:25:53+00:00\" \/>\n<meta name=\"twitter:card\" content=\"summary_large_image\" \/>\n<meta name=\"twitter:site\" content=\"@ferrovial\" \/>\n<meta name=\"twitter:label1\" content=\"Est. reading time\" \/>\n\t<meta name=\"twitter:data1\" content=\"2 minutos\" \/>\n<!-- \/ Yoast SEO plugin. -->","yoast_head_json":{"title":"Condiciones normalizadas de presi\u00f3n y temperatura - Ferrovial","description":"Las Condiciones Normalizadas de Presi\u00f3n y Temperatura (CNPT) son un conjunto de par\u00e1metros para la presi\u00f3n atmosf\u00e9rica y la temperatura que se consideran representativos y consistentes en diferentes aplicaciones.","robots":{"index":"index","follow":"follow","max-snippet":"max-snippet:-1","max-image-preview":"max-image-preview:large","max-video-preview":"max-video-preview:-1"},"canonical":"https:\/\/www.ferrovial.com\/es\/recursos\/condiciones-normalizadas-de-presion-y-temperatura\/","og_locale":"es_ES","og_type":"article","og_title":"Condiciones normalizadas de presi\u00f3n y temperatura - Ferrovial","og_description":"Las Condiciones Normalizadas de Presi\u00f3n y Temperatura (CNPT) son un conjunto de par\u00e1metros para la presi\u00f3n atmosf\u00e9rica y la temperatura que se consideran representativos y consistentes en diferentes aplicaciones.","og_url":"https:\/\/www.ferrovial.com\/es\/recursos\/condiciones-normalizadas-de-presion-y-temperatura\/","og_site_name":"Ferrovial","article_publisher":"https:\/\/www.facebook.com\/ferrovial","article_modified_time":"2024-03-13T09:25:53+00:00","twitter_card":"summary_large_image","twitter_site":"@ferrovial","twitter_misc":{"Est. reading time":"2 minutos"},"schema":{"@context":"https:\/\/schema.org","@graph":[{"@type":"WebPage","@id":"https:\/\/www.ferrovial.com\/es\/recursos\/condiciones-normalizadas-de-presion-y-temperatura\/","url":"https:\/\/www.ferrovial.com\/es\/recursos\/condiciones-normalizadas-de-presion-y-temperatura\/","name":"Condiciones normalizadas de presi\u00f3n y temperatura - Ferrovial","isPartOf":{"@id":"https:\/\/www.ferrovial.com\/es\/#website"},"datePublished":"2023-09-25T05:14:34+00:00","dateModified":"2024-03-13T09:25:53+00:00","description":"Las Condiciones Normalizadas de Presi\u00f3n y Temperatura (CNPT) son un conjunto de par\u00e1metros para la presi\u00f3n atmosf\u00e9rica y la temperatura que se consideran representativos y consistentes en diferentes aplicaciones.","breadcrumb":{"@id":"https:\/\/www.ferrovial.com\/es\/recursos\/condiciones-normalizadas-de-presion-y-temperatura\/#breadcrumb"},"inLanguage":"es","potentialAction":[{"@type":"ReadAction","target":["https:\/\/www.ferrovial.com\/es\/recursos\/condiciones-normalizadas-de-presion-y-temperatura\/"]}]},{"@type":"BreadcrumbList","@id":"https:\/\/www.ferrovial.com\/es\/recursos\/condiciones-normalizadas-de-presion-y-temperatura\/#breadcrumb","itemListElement":[{"@type":"ListItem","position":1,"name":"Portada","item":"https:\/\/www.ferrovial.com\/es\/"},{"@type":"ListItem","position":2,"name":"Recursos","item":"https:\/\/www.ferrovial.com\/es\/recursos\/"},{"@type":"ListItem","position":3,"name":"Condiciones normalizadas de presi\u00f3n y temperatura"}]},{"@type":"WebSite","@id":"https:\/\/www.ferrovial.com\/es\/#website","url":"https:\/\/www.ferrovial.com\/es\/","name":"Ferrovial","description":"Welcome to the Ferrovial&#039;s website, global operator of sustainable infrastructure. Here you can find all the information about the company and subsidiaries.","publisher":{"@id":"https:\/\/www.ferrovial.com\/es\/#organization"},"potentialAction":[{"@type":"SearchAction","target":{"@type":"EntryPoint","urlTemplate":"https:\/\/www.ferrovial.com\/es\/?s={search_term_string}"},"query-input":{"@type":"PropertyValueSpecification","valueRequired":true,"valueName":"search_term_string"}}],"inLanguage":"es"},{"@type":"Organization","@id":"https:\/\/www.ferrovial.com\/es\/#organization","name":"Ferrovial S.A.","url":"https:\/\/www.ferrovial.com\/es\/","logo":{"@type":"ImageObject","inLanguage":"es","@id":"https:\/\/www.ferrovial.com\/es\/#\/schema\/logo\/image\/","url":"https:\/\/static.ferrovial.com\/wp-content\/uploads\/2020\/01\/13124948\/logo-ferrovial-cf7.png","contentUrl":"https:\/\/static.ferrovial.com\/wp-content\/uploads\/2020\/01\/13124948\/logo-ferrovial-cf7.png","width":144,"height":32,"caption":"Ferrovial S.A."},"image":{"@id":"https:\/\/www.ferrovial.com\/es\/#\/schema\/logo\/image\/"},"sameAs":["https:\/\/www.facebook.com\/ferrovial","https:\/\/x.com\/ferrovial","https:\/\/www.instagram.com\/ferrovial\/","https:\/\/www.linkedin.com\/company\/ferrovial","https:\/\/www.pinterest.es\/ferrovial\/","https:\/\/www.youtube.com\/ferrovial","https:\/\/en.wikipedia.org\/wiki\/Ferrovial"]}]}},"_links":{"self":[{"href":"https:\/\/www.ferrovial.com\/es\/wp-json\/wp\/v2\/pages\/268464","targetHints":{"allow":["GET"]}}],"collection":[{"href":"https:\/\/www.ferrovial.com\/es\/wp-json\/wp\/v2\/pages"}],"about":[{"href":"https:\/\/www.ferrovial.com\/es\/wp-json\/wp\/v2\/types\/page"}],"replies":[{"embeddable":true,"href":"https:\/\/www.ferrovial.com\/es\/wp-json\/wp\/v2\/comments?post=268464"}],"version-history":[{"count":2,"href":"https:\/\/www.ferrovial.com\/es\/wp-json\/wp\/v2\/pages\/268464\/revisions"}],"predecessor-version":[{"id":277685,"href":"https:\/\/www.ferrovial.com\/es\/wp-json\/wp\/v2\/pages\/268464\/revisions\/277685"}],"up":[{"embeddable":true,"href":"https:\/\/www.ferrovial.com\/es\/wp-json\/wp\/v2\/pages\/25267"}],"wp:attachment":[{"href":"https:\/\/www.ferrovial.com\/es\/wp-json\/wp\/v2\/media?parent=268464"}],"curies":[{"name":"wp","href":"https:\/\/api.w.org\/{rel}","templated":true}]}}