{"id":268466,"date":"2023-09-25T07:27:01","date_gmt":"2023-09-25T05:27:01","guid":{"rendered":"https:\/\/www.ferrovial.com\/?page_id=268466"},"modified":"2024-03-13T10:54:52","modified_gmt":"2024-03-13T09:54:52","slug":"carbon-activado","status":"publish","type":"page","link":"https:\/\/www.ferrovial.com\/es\/stem\/carbon-activado\/","title":{"rendered":"Carb\u00f3n activado"},"content":{"rendered":"    <m-final-content-header >\n            <c-breadcrumb label-text=\"Breadcrumb\" slot=\"breadcrumbs\" type='2' align='left' wrap='wrapped wrapped' aria-label='Vienes de STEM'>\n                        <ol>\n\n                                                            <li><a href=\"https:\/\/www.ferrovial.com\/es\/\" title=\"Ferrovial\">Ferrovial<\/a><\/li>\n                                                                        <li><a href=\"https:\/\/www.ferrovial.com\/es\/stem\/\" title=\"STEM\">STEM<\/a><\/li>\n                                    \n                <\/ol>\n\n                <\/c-breadcrumb>\n    \n        <div slot=\"header\">\n            <h1>\n                \u00bfQu\u00e9 es el carb\u00f3n activado?            <\/h1>\n                    <\/div>\n    <\/m-final-content-header>\n\n    \n\n\n<m-wysiwig class=\"wp-block-components-wysiwyg\"><div slot=\"maincontent\">\n<script type=\"application\/ld+json\">\n{\n  \"@context\": \"https:\/\/schema.org\",\n  \"@type\": \"FAQPage\",\n  \"mainEntity\": [{\n    \"@type\": \"Question\",\n    \"name\": \"\u00bfQu\u00e9 es el carb\u00f3n activado?\",\n    \"acceptedAnswer\": {\n      \"@type\": \"Answer\",\n      \"text\": \"El carb\u00f3n activado o carb\u00f3n activo es un material carbon\u00e1ceo con una gran cantidad de microporos, que lo dotan de estructura de s\u00f3lido cristalino, de una porosidad interna altamente desarrollada y de una gran capacidad absorbente.\"\n    }\n  },{\n    \"@type\": \"Question\",\n    \"name\": \"\u00bfC\u00f3mo se produce el carb\u00f3n activado?\",\n    \"acceptedAnswer\": {\n      \"@type\": \"Answer\",\n      \"text\": \"Para fabricar carb\u00f3n activado, se produce carb\u00f3n a partir de materiales carbonosos como madera o c\u00e1scaras de frutos como la nuez o el coco, pero tambi\u00e9n a partir de petr\u00f3leo, brea y pol\u00edmeros. El material con el que se produzca afectar\u00e1 el tama\u00f1o de los poros, as\u00ed como sus caracter\u00edsticas de regeneraci\u00f3n.\nEl proceso de activaci\u00f3n puede llevarse a cabo de forma f\u00edsica o qu\u00edmica:\n<ul>\n<li>Activaci\u00f3n f\u00edsica<\/li>\n<ul>\n<li>La carbonizaci\u00f3n<\/li>\n<li>La gasificaci\u00f3n<\/li>\n<\/ul>\n<li>Activaci\u00f3n qu\u00edmica<\/li>\n<\/ul>\"\n    }\n  },{\n    \"@type\": \"Question\",\n    \"name\": \"\u00bfC\u00f3mo se clasifican los poros del carb\u00f3n activado?\",\n    \"acceptedAnswer\": {\n      \"@type\": \"Answer\",\n      \"text\": \"Seg\u00fan la Uni\u00f3n Internacional de Qu\u00edmica Pura y Aplicada (IUPAC, por las siglas en ingl\u00e9s para International Union of Pure and Applied Chemistry), los poros del carb\u00f3n activado se clasifican seg\u00fan el tama\u00f1o de su radio en:\n<ul>\n<li>Microporos<\/li>\n<li>Mesoporos<\/li>\n<li>Macroporos<\/li>\n<\/ul>\"\n    }\n  },{\n    \"@type\": \"Question\",\n    \"name\": \"\u00bfQu\u00e9 aplicaciones tiene el carb\u00f3n activado?\",\n    \"acceptedAnswer\": {\n      \"@type\": \"Answer\",\n      \"text\": \"<ul>\n<li>Tratamiento de aguas residuales<\/li>\n<li>M\u00e9dicina<\/li>\n<li>Famac\u00e9utica<\/li>\n<li>Alimentaci\u00f3n<\/li>\n<li>Purificaci\u00f3n de aire<\/li>\n<li>Cosm\u00e9tica<\/li>\n<li>Odontolog\u00eda<\/li>\n<li><\/li>\n<\/ul>\"\n    }\n  },{\n    \"@type\": \"Question\",\n    \"name\": \"\u00bfQu\u00e9 pasa con el carb\u00f3n activado cuando alcanza su capacidad m\u00e1xima de absorci\u00f3n?\",\n    \"acceptedAnswer\": {\n      \"@type\": \"Answer\",\n      \"text\": \"Si el carb\u00f3n activado est\u00e1 integrado en productos (como en el caso de la cosm\u00e9tica), es de un solo uso. Sin embargo, la mayor\u00eda de las aplicaciones industriales reutiliza el carb\u00f3n activado. Cuando el carb\u00f3n activado alcanza su m\u00e1xima capacidad de absorci\u00f3n, se dice que est\u00e1 saturado, y pierde sus propiedades; sin embargo, es posible someterlo a un proceso de reactivaci\u00f3n.\"\n    }\n  },{\n    \"@type\": \"Question\",\n    \"name\": \"\u00bfC\u00f3mo se reactiva el carb\u00f3n?\",\n    \"acceptedAnswer\": {\n      \"@type\": \"Answer\",\n      \"text\": \"Es posible reactivar el carb\u00f3n someti\u00e9ndolo a un proceso t\u00e9rmico a altas temperaturas, cuyo objetivo es:\n<ul>\n<li>Secar el material.<\/li>\n<li>Evaporar los compuestos vol\u00e1tiles que haya absorbido.<\/li>\n<li>Descomponer los compuestos no vol\u00e1tiles que haya absorbido. Esta fase transforma el carb\u00f3n en carb\u00f3n amorfo.<\/li>\n<li>Gasificar el carb\u00f3n amorfo para constituir los microporos. Este \u00faltimo proceso es posible gracias a modernas tecnolog\u00edas. La gasificaci\u00f3n permite la reactivaci\u00f3n de gran cantidad de carb\u00f3n que, debido a sus aplicaciones, no pod\u00eda ser reactivado antes.<\/li>\n<\/ul>\n\nLa reactivaci\u00f3n del carb\u00f3n activo reduce las emisiones de CO2 a la atm\u00f3sfera en un 80%.\"\n    }\n  }]\n}\n<\/script>\n<p>El carb\u00f3n activado <strong>o carb\u00f3n activo <\/strong>es un <strong>material carbon\u00e1ceo con una gran cantidad de microporos<\/strong>, que lo dotan de estructura de <strong>s\u00f3lido cristalino<\/strong>, de una porosidad interna altamente desarrollada y de una gran <strong>capacidad absorbente<\/strong>.<\/p>\n\n\n\n<h2 class=\"wp-block-heading\"><strong>\u00bfC\u00f3mo se produce el carb\u00f3n activado?<\/strong><\/h2>\n\n\n\n<p>Para fabricar carb\u00f3n activado, <strong>se produce carb\u00f3n a partir de materiales carbonosos <\/strong>como madera o c\u00e1scaras de frutos como la nuez o el coco, pero tambi\u00e9n a partir de petr\u00f3leo, brea y pol\u00edmeros. El material con el que se produzca afectar\u00e1 el tama\u00f1o de los poros, as\u00ed como sus caracter\u00edsticas de regeneraci\u00f3n.<\/p>\n\n\n\n<p>El proceso de activaci\u00f3n <strong>puede llevarse a cabo de forma f\u00edsica o qu\u00edmica<\/strong>:<\/p>\n\n\n\n<ul class=\"wp-block-list\">\n<li><strong>Activaci\u00f3n f\u00edsica: <\/strong>se realiza mediante un proceso t\u00e9rmico que se ejecuta en hornos con temperaturas cercanas a los mil grados cent\u00edgrados, y en dos etapas sucesivas:\n<ul class=\"wp-block-list\">\n<li><strong>La carbonizaci\u00f3n<\/strong>: da lugar a la estructura porosa a trav\u00e9s de la eliminaci\u00f3n del hidr\u00f3geno y el ox\u00edgeno.<\/li>\n\n\n\n<li><strong>La gasificaci\u00f3n: <\/strong>el carbonizado se expone a una atm\u00f3sfera oxidante para eliminar los \u00e1tomos de carbono y los productos vol\u00e1tiles. Esto aumenta el volumen de poros y la superficie espec\u00edfica.<\/li>\n<\/ul>\n<\/li>\n\n\n\n<li><strong>Activaci\u00f3n qu\u00edmica: <\/strong>la materia prima se impregna con un agente qu\u00edmico capaz de reducir la formaci\u00f3n de materia vol\u00e1til y alquitr\u00e1n, y luego se calienta en un horno que alcanza entre los 500 y los 700 grados cent\u00edgrados. Los qu\u00edmicos pueden ser \u00e1cido fosf\u00f3rico, cloruro de zinc o hidr\u00f3xido de potasio. <strong>El procedimiento qu\u00edmico puede dejar residuos <\/strong>a\u00fan despu\u00e9s de lavar el carb\u00f3n activado.<\/li>\n<\/ul>\n\n\n\n<h2 class=\"wp-block-heading\"><strong>\u00bfC\u00f3mo se clasifican los poros del carb\u00f3n activado?<\/strong><\/h2>\n\n\n\n<p>Seg\u00fan la <strong>Uni\u00f3n Internacional de Qu\u00edmica Pura y Aplicada<\/strong> (<strong>IUPAC, por las siglas en ingl\u00e9s para<\/strong> <strong><em>International Union of Pure and Applied Chemistry<\/em><\/strong>), los poros del carb\u00f3n activado se clasifican seg\u00fan el tama\u00f1o de su radio en:<\/p>\n\n\n\n<ul class=\"wp-block-list\">\n<li><strong>Microporos: <\/strong>cuando es inferior a 2 nan\u00f3metros.<\/li>\n\n\n\n<li><strong>Mesoporos: <\/strong>cuando oscila entre los 2 y los 50 nan\u00f3metros.<\/li>\n\n\n\n<li><strong>Macroporos: <\/strong>cuando supera los 50 nan\u00f3metros.<\/li>\n<\/ul>\n\n\n\n<p>Los <strong>nan\u00f3metros son una unidad de medida infinitesimal <\/strong>que equivale a una millon\u00e9sima parte de un metro. Este valor se representa con la f\u00f3rmula (1 nm = 10<sup>\u22129<\/sup> m); sin embargo, es m\u00e1s f\u00e1cil comprender que <strong>1 mil\u00edmetro equivale a un mill\u00f3n de nan\u00f3metros<\/strong>.<\/p>\n\n\n\n<h2 class=\"wp-block-heading\"><strong>\u00bfQu\u00e9 aplicaciones tiene el carb\u00f3n activado?<\/strong><\/h2>\n\n\n\n<ul class=\"wp-block-list\">\n<li><strong>Tratamiento de <\/strong><a href=\"https:\/\/www.ferrovial.com\/es\/recursos\/aguas-residuales\/\" target=\"_blank\" rel=\"noreferrer noopener\"><strong>aguas residuales<\/strong><\/a><strong>:<\/strong> el carb\u00f3n activado se utiliza para eliminar compuestos org\u00e1nicos y productos qu\u00edmicos t\u00f3xicos y contaminantes de las aguas antes de su descarga.<br> <strong>En el \u00e1mbito dom\u00e9stico<\/strong>, el carb\u00f3n activado se utiliza para filtrar agua de beber con el objetivo de eliminar contaminantes, metales pesados y compuestos org\u00e1nicos no deseados.<\/li>\n\n\n\n<li><strong>Medicina: <\/strong>se utiliza para tratar casos de intoxicaci\u00f3n o envenenamiento. Se administra por v\u00eda oral para absorber y eliminar toxinas o sustancias peligrosas del sistema digestivo.<\/li>\n\n\n\n<li><strong>Farmac\u00e9utica:<\/strong> se utiliza para mejorar la estabilidad de los productos en la fabricaci\u00f3n de medicamentos gracias a la eliminaci\u00f3n de impurezas.<\/li>\n\n\n\n<li><strong>Alimentaci\u00f3n:<\/strong> se utiliza para purificar el az\u00facar, decolorar los aceites y grasas, eliminar impurezas y olores no deseados, y tambi\u00e9n para clarificar bebidas alcoh\u00f3licas.<\/li>\n\n\n\n<li><strong>Purificaci\u00f3n de aire:<\/strong> se utiliza para absorber compuestos org\u00e1nicos vol\u00e1tiles (COV), vapores qu\u00edmicos y gases t\u00f3xicos o que generan mal olor. <br>Tambi\u00e9n se emplea en m\u00e1scaras de gas y respiradores para filtrar el aire inhalado.<\/li>\n\n\n\n<li><strong>Cosm\u00e9tica: <\/strong>ayuda a eliminar impurezas de la piel y absorber el exceso de grasa, por lo que es frecuente encontrarlo en mascarillas faciales y limpiadores.&nbsp;<\/li>\n\n\n\n<li><strong>Odontolog\u00eda: <\/strong>se utiliza en la pasta dental y productos blanqueadores para eliminar las manchas de los dientes y mejorar la higiene oral.<\/li>\n<\/ul>\n\n\n\n<h2 class=\"wp-block-heading\"><strong>\u00bfQu\u00e9 pasa con el carb\u00f3n activado cuando alcanza su capacidad m\u00e1xima de absorci\u00f3n?<\/strong><\/h2>\n\n\n\n<p>Si el carb\u00f3n activado est\u00e1 integrado en productos (como en el caso de la cosm\u00e9tica), es de un solo uso. Sin embargo, <strong>la mayor\u00eda de las aplicaciones industriales reutiliza el carb\u00f3n activado<\/strong>. Cuando el carb\u00f3n activado alcanza su m\u00e1xima capacidad de absorci\u00f3n, se dice que est\u00e1 <strong>saturado<\/strong>, y pierde sus propiedades; sin embargo, es posible someterlo a un <strong>proceso de reactivaci\u00f3n<\/strong>.<\/p>\n\n\n\n<h2 class=\"wp-block-heading\"><strong>\u00bfC\u00f3mo se reactiva el carb\u00f3n?<\/strong><\/h2>\n\n\n\n<p>Es posible <strong>reactivar el carb\u00f3n someti\u00e9ndolo a un proceso t\u00e9rmico <\/strong>a altas temperaturas, cuyo objetivo es:<\/p>\n\n\n\n<ul class=\"wp-block-list\">\n<li><strong>Secar <\/strong>el material.<\/li>\n\n\n\n<li><strong>Evaporar <\/strong>los compuestos vol\u00e1tiles que haya absorbido.<\/li>\n\n\n\n<li><strong>Descomponer <\/strong>los compuestos no vol\u00e1tiles que haya absorbido. Esta fase transforma el carb\u00f3n en carb\u00f3n amorfo.<\/li>\n\n\n\n<li><strong>Gasificar<\/strong> el carb\u00f3n amorfo para constituir los microporos. Este \u00faltimo proceso es posible gracias a modernas tecnolog\u00edas. La gasificaci\u00f3n permite la reactivaci\u00f3n de gran cantidad de carb\u00f3n que, debido a sus aplicaciones, no pod\u00eda ser reactivado antes.<\/li>\n<\/ul>\n\n\n\n<p>La reactivaci\u00f3n del carb\u00f3n activo <strong>reduce las emisiones de CO<\/strong><strong><sup>2<\/sup><\/strong><strong> a la atm\u00f3sfera en un 80%<\/strong>.<\/p>\n<\/div><\/m-wysiwig>\n","protected":false},"excerpt":{"rendered":"","protected":false},"featured_media":0,"parent":227878,"menu_order":0,"comment_status":"closed","ping_status":"closed","template":"","meta":{"_acf_changed":false,"footnotes":""},"class_list":["post-268466","page","type-page","status-publish","hentry"],"acf":[],"yoast_head":"<!-- This site is optimized with the Yoast SEO plugin v27.2 - https:\/\/yoast.com\/product\/yoast-seo-wordpress\/ -->\n<title>Carb\u00f3n activado: qu\u00e9 es, producci\u00f3n, clasificaci\u00f3n y aplicaciones - Ferrovial<\/title>\n<meta name=\"description\" content=\"El carb\u00f3n activado o carb\u00f3n activo es un material carbon\u00e1ceo con una gran cantidad de microporos, que lo dotan de estructura de s\u00f3lido cristalino, de una porosidad interna altamente desarrollada y de una gran capacidad absorbente.\" \/>\n<meta name=\"robots\" content=\"index, follow, max-snippet:-1, max-image-preview:large, max-video-preview:-1\" \/>\n<link rel=\"canonical\" href=\"https:\/\/www.ferrovial.com\/es\/stem\/carbon-activado\/\" \/>\n<meta property=\"og:locale\" content=\"es_ES\" \/>\n<meta property=\"og:type\" content=\"article\" \/>\n<meta property=\"og:title\" content=\"Carb\u00f3n activado: qu\u00e9 es, producci\u00f3n, clasificaci\u00f3n y aplicaciones - Ferrovial\" \/>\n<meta property=\"og:description\" content=\"El carb\u00f3n activado o carb\u00f3n activo es un material carbon\u00e1ceo con una gran cantidad de microporos, que lo dotan de estructura de s\u00f3lido cristalino, de una porosidad interna altamente desarrollada y de una gran capacidad absorbente.\" \/>\n<meta property=\"og:url\" content=\"https:\/\/www.ferrovial.com\/es\/stem\/carbon-activado\/\" \/>\n<meta property=\"og:site_name\" content=\"Ferrovial\" \/>\n<meta property=\"article:publisher\" content=\"https:\/\/www.facebook.com\/ferrovial\" \/>\n<meta property=\"article:modified_time\" content=\"2024-03-13T09:54:52+00:00\" \/>\n<meta name=\"twitter:card\" content=\"summary_large_image\" \/>\n<meta name=\"twitter:site\" content=\"@ferrovial\" \/>\n<meta name=\"twitter:label1\" content=\"Est. reading time\" \/>\n\t<meta name=\"twitter:data1\" content=\"4 minutos\" \/>\n<!-- \/ Yoast SEO plugin. -->","yoast_head_json":{"title":"Carb\u00f3n activado: qu\u00e9 es, producci\u00f3n, clasificaci\u00f3n y aplicaciones - Ferrovial","description":"El carb\u00f3n activado o carb\u00f3n activo es un material carbon\u00e1ceo con una gran cantidad de microporos, que lo dotan de estructura de s\u00f3lido cristalino, de una porosidad interna altamente desarrollada y de una gran capacidad absorbente.","robots":{"index":"index","follow":"follow","max-snippet":"max-snippet:-1","max-image-preview":"max-image-preview:large","max-video-preview":"max-video-preview:-1"},"canonical":"https:\/\/www.ferrovial.com\/es\/stem\/carbon-activado\/","og_locale":"es_ES","og_type":"article","og_title":"Carb\u00f3n activado: qu\u00e9 es, producci\u00f3n, clasificaci\u00f3n y aplicaciones - Ferrovial","og_description":"El carb\u00f3n activado o carb\u00f3n activo es un material carbon\u00e1ceo con una gran cantidad de microporos, que lo dotan de estructura de s\u00f3lido cristalino, de una porosidad interna altamente desarrollada y de una gran capacidad absorbente.","og_url":"https:\/\/www.ferrovial.com\/es\/stem\/carbon-activado\/","og_site_name":"Ferrovial","article_publisher":"https:\/\/www.facebook.com\/ferrovial","article_modified_time":"2024-03-13T09:54:52+00:00","twitter_card":"summary_large_image","twitter_site":"@ferrovial","twitter_misc":{"Est. reading time":"4 minutos"},"schema":{"@context":"https:\/\/schema.org","@graph":[{"@type":"WebPage","@id":"https:\/\/www.ferrovial.com\/es\/stem\/carbon-activado\/","url":"https:\/\/www.ferrovial.com\/es\/stem\/carbon-activado\/","name":"Carb\u00f3n activado: qu\u00e9 es, producci\u00f3n, clasificaci\u00f3n y aplicaciones - Ferrovial","isPartOf":{"@id":"https:\/\/www.ferrovial.com\/es\/#website"},"datePublished":"2023-09-25T05:27:01+00:00","dateModified":"2024-03-13T09:54:52+00:00","description":"El carb\u00f3n activado o carb\u00f3n activo es un material carbon\u00e1ceo con una gran cantidad de microporos, que lo dotan de estructura de s\u00f3lido cristalino, de una porosidad interna altamente desarrollada y de una gran capacidad absorbente.","breadcrumb":{"@id":"https:\/\/www.ferrovial.com\/es\/stem\/carbon-activado\/#breadcrumb"},"inLanguage":"es","potentialAction":[{"@type":"ReadAction","target":["https:\/\/www.ferrovial.com\/es\/stem\/carbon-activado\/"]}]},{"@type":"BreadcrumbList","@id":"https:\/\/www.ferrovial.com\/es\/stem\/carbon-activado\/#breadcrumb","itemListElement":[{"@type":"ListItem","position":1,"name":"Portada","item":"https:\/\/www.ferrovial.com\/es\/"},{"@type":"ListItem","position":2,"name":"STEM","item":"https:\/\/www.ferrovial.com\/es\/stem\/"},{"@type":"ListItem","position":3,"name":"Carb\u00f3n activado"}]},{"@type":"WebSite","@id":"https:\/\/www.ferrovial.com\/es\/#website","url":"https:\/\/www.ferrovial.com\/es\/","name":"Ferrovial","description":"Welcome to the Ferrovial&#039;s website, global operator of sustainable infrastructure. Here you can find all the information about the company and subsidiaries.","publisher":{"@id":"https:\/\/www.ferrovial.com\/es\/#organization"},"potentialAction":[{"@type":"SearchAction","target":{"@type":"EntryPoint","urlTemplate":"https:\/\/www.ferrovial.com\/es\/?s={search_term_string}"},"query-input":{"@type":"PropertyValueSpecification","valueRequired":true,"valueName":"search_term_string"}}],"inLanguage":"es"},{"@type":"Organization","@id":"https:\/\/www.ferrovial.com\/es\/#organization","name":"Ferrovial S.A.","url":"https:\/\/www.ferrovial.com\/es\/","logo":{"@type":"ImageObject","inLanguage":"es","@id":"https:\/\/www.ferrovial.com\/es\/#\/schema\/logo\/image\/","url":"https:\/\/static.ferrovial.com\/wp-content\/uploads\/2020\/01\/13124948\/logo-ferrovial-cf7.png","contentUrl":"https:\/\/static.ferrovial.com\/wp-content\/uploads\/2020\/01\/13124948\/logo-ferrovial-cf7.png","width":144,"height":32,"caption":"Ferrovial S.A."},"image":{"@id":"https:\/\/www.ferrovial.com\/es\/#\/schema\/logo\/image\/"},"sameAs":["https:\/\/www.facebook.com\/ferrovial","https:\/\/x.com\/ferrovial","https:\/\/www.instagram.com\/ferrovial\/","https:\/\/www.linkedin.com\/company\/ferrovial","https:\/\/www.pinterest.es\/ferrovial\/","https:\/\/www.youtube.com\/ferrovial","https:\/\/en.wikipedia.org\/wiki\/Ferrovial"]}]}},"_links":{"self":[{"href":"https:\/\/www.ferrovial.com\/es\/wp-json\/wp\/v2\/pages\/268466","targetHints":{"allow":["GET"]}}],"collection":[{"href":"https:\/\/www.ferrovial.com\/es\/wp-json\/wp\/v2\/pages"}],"about":[{"href":"https:\/\/www.ferrovial.com\/es\/wp-json\/wp\/v2\/types\/page"}],"replies":[{"embeddable":true,"href":"https:\/\/www.ferrovial.com\/es\/wp-json\/wp\/v2\/comments?post=268466"}],"version-history":[{"count":2,"href":"https:\/\/www.ferrovial.com\/es\/wp-json\/wp\/v2\/pages\/268466\/revisions"}],"predecessor-version":[{"id":277690,"href":"https:\/\/www.ferrovial.com\/es\/wp-json\/wp\/v2\/pages\/268466\/revisions\/277690"}],"up":[{"embeddable":true,"href":"https:\/\/www.ferrovial.com\/es\/wp-json\/wp\/v2\/pages\/227878"}],"wp:attachment":[{"href":"https:\/\/www.ferrovial.com\/es\/wp-json\/wp\/v2\/media?parent=268466"}],"curies":[{"name":"wp","href":"https:\/\/api.w.org\/{rel}","templated":true}]}}