{"id":268468,"date":"2023-09-25T07:34:47","date_gmt":"2023-09-25T05:34:47","guid":{"rendered":"https:\/\/www.ferrovial.com\/?page_id=268468"},"modified":"2024-04-17T13:04:07","modified_gmt":"2024-04-17T11:04:07","slug":"sistemas-de-seguridad-para-empresas","status":"publish","type":"page","link":"https:\/\/www.ferrovial.com\/es\/recursos\/sistemas-de-seguridad-para-empresas\/","title":{"rendered":"Sistemas de seguridad para empresas"},"content":{"rendered":"    <m-final-content-header >\n            <c-breadcrumb label-text=\"Breadcrumb\" slot=\"breadcrumbs\" type='2' align='left' wrap='wrapped wrapped' aria-label='Vienes de Recursos'>\n                        <ol>\n\n                                                            <li><a href=\"https:\/\/www.ferrovial.com\/es\/\" title=\"Ferrovial\">Ferrovial<\/a><\/li>\n                                                                        <li><a href=\"https:\/\/www.ferrovial.com\/es\/recursos\/\" title=\"Recursos\">Recursos<\/a><\/li>\n                                    \n                <\/ol>\n\n                <\/c-breadcrumb>\n    \n        <div slot=\"header\">\n            <h1>\n                \u00bfQu\u00e9 son los sistemas de seguridad para empresas?            <\/h1>\n                    <\/div>\n    <\/m-final-content-header>\n\n    \n\n\n<m-wysiwig class=\"wp-block-components-wysiwyg\"><div slot=\"maincontent\">\n<script type=\"application\/ld+json\">\n{\n  \"@context\": \"https:\/\/schema.org\",\n  \"@type\": \"FAQPage\",\n  \"mainEntity\": [{\n    \"@type\": \"Question\",\n    \"name\": \"\u00bfQu\u00e9 son los sistemas de seguridad para empresas?\",\n    \"acceptedAnswer\": {\n      \"@type\": \"Answer\",\n      \"text\": \"Los sistemas de seguridad para empresas son un conjunto de dispositivos (hardware) y sistemas operativos (softwares)que sirven para proteger tanto el espacio f\u00edsico como el digital en el que tiene sede una empresa. Esto se logra a trav\u00e9s del trabajo en red de sensores, c\u00e1maras, alarmas, controles de acceso y sistemas operativos, que ayudan a detectar si se ha verificado un acceso o acci\u00f3n indebida, as\u00ed como los mecanismos mediante los cuales esta se llev\u00f3 a cabo y, a veces, incluso la identidad del actor.\"\n    }\n  },{\n    \"@type\": \"Question\",\n    \"name\": \"\u00bfPara qu\u00e9 sirven los sistemas de seguridad para empresas?\",\n    \"acceptedAnswer\": {\n      \"@type\": \"Answer\",\n      \"text\": \"Los sistemas de seguridad son fundamentales para proteger los activos y la infraestructura de una empresa, as\u00ed como la integridad y la privacidad de quienes trabajan en ella.\n\nLa seguridad digital defiende la data, el software y el hardware, los secretos empresariales y la informaci\u00f3n sensible de personal y clientes. Por su parte, la seguridad f\u00edsica resguarda el lugar de trabajo, los bienes personales de los empleados, los equipos, mobiliario, etc.\n\nLos sistemas de seguridad protegen a las empresas de robos y vandalismo, permiten denunciar legalmente los hechos y son muy \u00fatiles para desarrollar investigaciones. Aunque no es su principal objetivo, estos sistemas tambi\u00e9n son \u00fatiles para detectar de forma oportuna accidentes que puedan causar da\u00f1os a la empresa, como incendios, roturas de tuber\u00edas, etc.\"\n    }\n  },{\n    \"@type\": \"Question\",\n    \"name\": \"\u00bfCu\u00e1les son las principales amenazas para la seguridad digital de una empresa?\",\n    \"acceptedAnswer\": {\n      \"@type\": \"Answer\",\n      \"text\": \"<ul>\n<li>Ataque por la puerta trasera: mejor conocido por su nombre en ingl\u00e9s, backdoor attack. En computaci\u00f3n, las puertas traseras son t\u00e9rminos o procedimientos con los que se puede acceder a un sistema evitando los sistemas de autenticaci\u00f3n. Suelen programarse para fines pr\u00e1cticos, pero su objetivo puede subvertirse con fines maliciosos. <\/li>\n<li>Ataque DoS: el servicio denegado, conocido como DoS por sus siglas del ingl\u00e9s, Denial of Service, es un tipo de ataque en el que un exceso de falsa demanda colapsa los sistemas, imposibilitando as\u00ed su uso.\n<\/li>\n<li>Malware: en este tipo de ataques, un tercero accede a un sistema y encripta toda la data. Luego solicita un rescate econ\u00f3mico a cambio de la clave de desencriptado.\n<\/li>\n<li>Robo de claves de acceso: generalmente se consigue vulnerando alg\u00fan sistema de seguridad f\u00edsico (robo de equipos, copia de informaci\u00f3n, etc.) que permite conocer las claves de acceso al sistema y manipularlo.\n<\/li>\n<\/ul>\"\n    }\n  },{\n    \"@type\": \"Question\",\n    \"name\": \"\u00bfCu\u00e1les son los principales dispositivos que se utilizan en los sistemas de seguridad f\u00edsica para empresas?\",\n    \"acceptedAnswer\": {\n      \"@type\": \"Answer\",\n      \"text\": \"<ul>\n<li>Paneles de acceso y sistemas de verificaci\u00f3n de identidad: son mecanismos de prevenci\u00f3n que buscan evitar el acceso de personas no autorizadas a la empresa o a partes de ella. Pueden funcionar con c\u00f3digos de acceso, llaves especiales (seriadas y codificadas) o biometr\u00eda.\n<\/li>\n<li>Sensores de movimiento: ubicados en puntos estrat\u00e9gicos, pueden servir para detectar irrupciones (por ejemplo: movimientos en los puntos de acceso durante las horas de cierre) o para activar las c\u00e1maras de seguridad.\n<\/li>\n<li>C\u00e1maras de seguridad: a trav\u00e9s de circuitos cerrados de televisi\u00f3n (CCTV) o c\u00e1maras de video es posible tener un registro visual de la actividad en un recinto.\n<\/li>\n<li>Aplicaciones de monitorizaci\u00f3n: son los softwares que ponen en comunicaci\u00f3n a todos los dispositivos entre s\u00ed, as\u00ed como a los sistemas de seguridad con los encargados de seguridad en la empresa y los organismos competentes.\n<\/li>\n<li>Bot\u00f3n de emergencia y aviso inmediato a la polic\u00eda: seg\u00fan la naturaleza de la empresa, puede resultar de utilidad instalar botones de emergencia con alarma silente y aviso inmediato a la polic\u00eda. Gracias a los botones de emergencia, los trabajadores pueden activar los dispositivos de seguridad de manera r\u00e1pida y pasando desapercibidos. El aviso inmediato a la polic\u00eda tambi\u00e9n podr\u00eda activarse de forma autom\u00e1tica con las alarmas en caso de irrupci\u00f3n en horas fuera de la actividad habitual.\n<\/li>\n<li>Dispositivos de habla-escucha: pueden estar instalados en los paneles de seguridad, en las c\u00e1maras o en otros lugares de forma independiente. Sirven para abrir un canal de comunicaci\u00f3n oral entre miembros del personal, pero tambi\u00e9n para intervenir remotamente en situaciones de peligro.\n<\/li>\n<li>Alarma: es un dispositivo de seguridad que avisa que se ha cometido una violaci\u00f3n de los sistemas de seguridad. La alarma puede ser sonora o silente. La alarma sonora se utiliza en las horas de cierre como mecanismo disuasivo para impedir o interrumpir las acciones indeseadas. La alarma sonora advierte al personal de seguridad, a los infractores y a vecinos. La alarma silente, en cambio, se suele utilizar cuando la empresa est\u00e1 plenamente operativa al momento de una violaci\u00f3n de la seguridad; sin producir ning\u00fan sonido o mensaje de alerta en la sede de la empresa, la alarma silente avisa de forma inmediata a quienes puedan intervenir para detener la situaci\u00f3n, como el personal de seguridad o cuerpos policiales.\n<\/li>\n<\/ul>\"\n    }\n  }]\n}\n<\/script>\n<p>Los sistemas de seguridad para empresas son <strong>un conjunto de <\/strong><a href=\"https:\/\/www.ferrovial.com\/es\/stem\/hardware\/\" target=\"_blank\" rel=\"noreferrer noopener\"><strong>dispositivos (<em>hardware<\/em>)<\/strong><\/a><strong> y <\/strong><a href=\"https:\/\/www.ferrovial.com\/es\/stem\/software\/\" target=\"_blank\" rel=\"noreferrer noopener\"><strong>sistemas operativos (<em>softwares<\/em>)<\/strong><\/a><strong> <\/strong>que<strong> sirven para proteger tanto el espacio f\u00edsico como el digital en el que tiene sede una empresa<\/strong>. Esto se logra a trav\u00e9s del trabajo en red de sensores, c\u00e1maras, alarmas, controles de acceso y sistemas operativos, que ayudan a <strong>detectar si se ha verificado un acceso o acci\u00f3n indebida<\/strong>, as\u00ed como los <strong>mecanismos <\/strong>mediante los cuales esta se llev\u00f3 a cabo y, a veces, incluso la <strong>identidad <\/strong>del actor.<\/p>\n\n\n\n<h2 class=\"wp-block-heading\"><strong>\u00bfPara qu\u00e9 sirven los sistemas de seguridad para empresas?<\/strong><\/h2>\n\n\n\n<p>Los sistemas de seguridad son fundamentales para <strong>proteger los activos y la infraestructura <\/strong>de una empresa, as\u00ed como la <strong>integridad y la privacidad de quienes trabajan <\/strong>en ella.<\/p>\n\n\n\n<p>La <strong>seguridad digital <\/strong>defiende la data, el <em>software<\/em> y el <em>hardware<\/em>, los secretos empresariales y la informaci\u00f3n sensible de personal y clientes. Por su parte, la <strong>seguridad f\u00edsica <\/strong>resguarda el lugar de trabajo, los bienes personales de los empleados, los equipos, mobiliario, etc.<\/p>\n\n\n\n<p>Los sistemas de seguridad protegen a las empresas de <strong>robos y vandalismo<\/strong>, permiten <strong>denunciar legalmente <\/strong>los hechos y son muy \u00fatiles para <strong>desarrollar investigaciones<\/strong>. Aunque no es su principal objetivo, estos sistemas tambi\u00e9n son \u00fatiles para <strong>detectar de forma oportuna accidentes <\/strong>que puedan causar da\u00f1os a la empresa, como incendios, roturas de tuber\u00edas, etc.<\/p>\n\n\n\n<h2 class=\"wp-block-heading\"><strong>\u00bfCu\u00e1les son las principales amenazas para la seguridad digital de una empresa?<\/strong><\/h2>\n\n\n\n<ul class=\"wp-block-list\">\n<li><strong>Ataque por la puerta trasera: <\/strong>mejor conocido por su nombre en ingl\u00e9s, <em>backdoor attack<\/em>. En <a href=\"https:\/\/www.ferrovial.com\/es\/stem\/computacion\/\" target=\"_blank\" rel=\"noreferrer noopener\">computaci\u00f3n<\/a>, las puertas traseras son t\u00e9rminos o procedimientos con los que se puede acceder a un sistema evitando los sistemas de autenticaci\u00f3n. Suelen programarse para fines pr\u00e1cticos, pero su objetivo puede subvertirse con fines maliciosos.<\/li>\n\n\n\n<li><strong>Ataque DoS: <\/strong>el servicio denegado, conocido como <em>DoS<\/em> por sus siglas del ingl\u00e9s, <em>Denial of Service<\/em>, es un tipo de ataque en el que un exceso de falsa demanda colapsa los sistemas, imposibilitando as\u00ed su uso.<\/li>\n\n\n\n<li><strong>Malware: <\/strong>en este tipo de ataques, un tercero accede a un sistema y encripta toda la data. Luego solicita un rescate econ\u00f3mico a cambio de la clave de desencriptado.<\/li>\n\n\n\n<li><strong>Robo de claves de acceso: <\/strong>generalmente se consigue vulnerando alg\u00fan sistema de seguridad f\u00edsico (robo de equipos, copia de informaci\u00f3n, etc.) que permite conocer las claves de acceso al sistema y manipularlo.<\/li>\n<\/ul>\n\n\n\n<h2 class=\"wp-block-heading\"><strong>\u00bfCu\u00e1les son los principales dispositivos que se utilizan en los sistemas de seguridad f\u00edsica para empresas?<\/strong><\/h2>\n\n\n\n<ul class=\"wp-block-list\">\n<li><strong>Paneles de acceso y sistemas de verificaci\u00f3n de identidad:<\/strong> son mecanismos de prevenci\u00f3n que buscan evitar el <strong>acceso <\/strong>de personas no autorizadas a la empresa o a partes de ella. Pueden funcionar con c\u00f3digos de acceso, llaves especiales (seriadas y codificadas) o biometr\u00eda.<\/li>\n\n\n\n<li><strong>Sensores de movimiento: <\/strong>ubicados en puntos estrat\u00e9gicos, pueden servir para detectar irrupciones (por ejemplo: movimientos en los puntos de acceso durante las horas de cierre) o para activar las c\u00e1maras de seguridad.<\/li>\n\n\n\n<li><strong>C\u00e1maras de seguridad:<\/strong> a trav\u00e9s de circuitos cerrados de televisi\u00f3n (CCTV) o c\u00e1maras de video es posible tener un registro visual de la actividad en un recinto.<\/li>\n\n\n\n<li><strong>Aplicaciones de monitorizaci\u00f3n: <\/strong>son los <em>softwares<\/em> que ponen en comunicaci\u00f3n a todos los dispositivos entre s\u00ed, as\u00ed como a los sistemas de seguridad con los encargados de seguridad en la empresa y los organismos competentes.<\/li>\n\n\n\n<li><strong>Bot\u00f3n de emergencia y aviso inmediato a la polic\u00eda: <\/strong>seg\u00fan la naturaleza de la empresa, puede resultar de utilidad instalar botones de emergencia con alarma silente y aviso inmediato a la polic\u00eda. Gracias a los botones de emergencia, los trabajadores pueden activar los dispositivos de seguridad de manera r\u00e1pida y pasando desapercibidos. El aviso inmediato a la polic\u00eda tambi\u00e9n podr\u00eda activarse de forma autom\u00e1tica con las alarmas en caso de irrupci\u00f3n en horas fuera de la actividad habitual.<\/li>\n\n\n\n<li><strong>Dispositivos de habla-escucha: <\/strong>pueden estar instalados en los paneles de seguridad, en las c\u00e1maras o en otros lugares de forma independiente. Sirven para abrir un canal de comunicaci\u00f3n oral entre miembros del personal, pero tambi\u00e9n para intervenir remotamente en situaciones de peligro.<\/li>\n\n\n\n<li><strong>Alarma: <\/strong>es un dispositivo de seguridad que avisa que se ha cometido una violaci\u00f3n de los sistemas de seguridad. <strong>La alarma puede ser sonora o silente<\/strong>. La alarma sonora se utiliza en las horas de cierre como mecanismo disuasivo para impedir o interrumpir las acciones indeseadas. La alarma sonora advierte al personal de seguridad, a los infractores y a vecinos. La alarma silente, en cambio, se suele utilizar cuando la empresa est\u00e1 plenamente operativa al momento de una violaci\u00f3n de la seguridad; sin producir ning\u00fan sonido o mensaje de alerta en la sede de la empresa, la alarma silente avisa de forma inmediata a quienes puedan intervenir para detener la situaci\u00f3n, como el personal de seguridad o cuerpos policiales.<\/li>\n<\/ul>\n<\/div><\/m-wysiwig>\n","protected":false},"excerpt":{"rendered":"","protected":false},"featured_media":0,"parent":25267,"menu_order":0,"comment_status":"closed","ping_status":"closed","template":"","meta":{"_acf_changed":false,"footnotes":""},"class_list":["post-268468","page","type-page","status-publish","hentry"],"acf":[],"yoast_head":"<!-- This site is optimized with the Yoast SEO plugin v27.2 - https:\/\/yoast.com\/product\/yoast-seo-wordpress\/ -->\n<title>Sistemas de seguridad para empresas - Ferrovial<\/title>\n<meta name=\"description\" content=\"Los sistemas de seguridad para empresas son un conjunto de dispositivos (hardware) y sistemas operativos (softwares) que sirven para proteger tanto el espacio f\u00edsico como el digital en el que tiene sede una empresa.\" \/>\n<meta name=\"robots\" content=\"index, follow, max-snippet:-1, max-image-preview:large, max-video-preview:-1\" \/>\n<link rel=\"canonical\" href=\"https:\/\/www.ferrovial.com\/es\/recursos\/sistemas-de-seguridad-para-empresas\/\" \/>\n<meta property=\"og:locale\" content=\"es_ES\" \/>\n<meta property=\"og:type\" content=\"article\" \/>\n<meta property=\"og:title\" content=\"Sistemas de seguridad para empresas - Ferrovial\" \/>\n<meta property=\"og:description\" content=\"Los sistemas de seguridad para empresas son un conjunto de dispositivos (hardware) y sistemas operativos (softwares) que sirven para proteger tanto el espacio f\u00edsico como el digital en el que tiene sede una empresa.\" \/>\n<meta property=\"og:url\" content=\"https:\/\/www.ferrovial.com\/es\/recursos\/sistemas-de-seguridad-para-empresas\/\" \/>\n<meta property=\"og:site_name\" content=\"Ferrovial\" \/>\n<meta property=\"article:publisher\" content=\"https:\/\/www.facebook.com\/ferrovial\" \/>\n<meta property=\"article:modified_time\" content=\"2024-04-17T11:04:07+00:00\" \/>\n<meta name=\"twitter:card\" content=\"summary_large_image\" \/>\n<meta name=\"twitter:site\" content=\"@ferrovial\" \/>\n<meta name=\"twitter:label1\" content=\"Est. reading time\" \/>\n\t<meta name=\"twitter:data1\" content=\"4 minutos\" \/>\n<!-- \/ Yoast SEO plugin. -->","yoast_head_json":{"title":"Sistemas de seguridad para empresas - Ferrovial","description":"Los sistemas de seguridad para empresas son un conjunto de dispositivos (hardware) y sistemas operativos (softwares) que sirven para proteger tanto el espacio f\u00edsico como el digital en el que tiene sede una empresa.","robots":{"index":"index","follow":"follow","max-snippet":"max-snippet:-1","max-image-preview":"max-image-preview:large","max-video-preview":"max-video-preview:-1"},"canonical":"https:\/\/www.ferrovial.com\/es\/recursos\/sistemas-de-seguridad-para-empresas\/","og_locale":"es_ES","og_type":"article","og_title":"Sistemas de seguridad para empresas - Ferrovial","og_description":"Los sistemas de seguridad para empresas son un conjunto de dispositivos (hardware) y sistemas operativos (softwares) que sirven para proteger tanto el espacio f\u00edsico como el digital en el que tiene sede una empresa.","og_url":"https:\/\/www.ferrovial.com\/es\/recursos\/sistemas-de-seguridad-para-empresas\/","og_site_name":"Ferrovial","article_publisher":"https:\/\/www.facebook.com\/ferrovial","article_modified_time":"2024-04-17T11:04:07+00:00","twitter_card":"summary_large_image","twitter_site":"@ferrovial","twitter_misc":{"Est. reading time":"4 minutos"},"schema":{"@context":"https:\/\/schema.org","@graph":[{"@type":"WebPage","@id":"https:\/\/www.ferrovial.com\/es\/recursos\/sistemas-de-seguridad-para-empresas\/","url":"https:\/\/www.ferrovial.com\/es\/recursos\/sistemas-de-seguridad-para-empresas\/","name":"Sistemas de seguridad para empresas - Ferrovial","isPartOf":{"@id":"https:\/\/www.ferrovial.com\/es\/#website"},"datePublished":"2023-09-25T05:34:47+00:00","dateModified":"2024-04-17T11:04:07+00:00","description":"Los sistemas de seguridad para empresas son un conjunto de dispositivos (hardware) y sistemas operativos (softwares) que sirven para proteger tanto el espacio f\u00edsico como el digital en el que tiene sede una empresa.","breadcrumb":{"@id":"https:\/\/www.ferrovial.com\/es\/recursos\/sistemas-de-seguridad-para-empresas\/#breadcrumb"},"inLanguage":"es","potentialAction":[{"@type":"ReadAction","target":["https:\/\/www.ferrovial.com\/es\/recursos\/sistemas-de-seguridad-para-empresas\/"]}]},{"@type":"BreadcrumbList","@id":"https:\/\/www.ferrovial.com\/es\/recursos\/sistemas-de-seguridad-para-empresas\/#breadcrumb","itemListElement":[{"@type":"ListItem","position":1,"name":"Portada","item":"https:\/\/www.ferrovial.com\/es\/"},{"@type":"ListItem","position":2,"name":"Recursos","item":"https:\/\/www.ferrovial.com\/es\/recursos\/"},{"@type":"ListItem","position":3,"name":"Sistemas de seguridad para empresas"}]},{"@type":"WebSite","@id":"https:\/\/www.ferrovial.com\/es\/#website","url":"https:\/\/www.ferrovial.com\/es\/","name":"Ferrovial","description":"Welcome to the Ferrovial&#039;s website, global operator of sustainable infrastructure. Here you can find all the information about the company and subsidiaries.","publisher":{"@id":"https:\/\/www.ferrovial.com\/es\/#organization"},"potentialAction":[{"@type":"SearchAction","target":{"@type":"EntryPoint","urlTemplate":"https:\/\/www.ferrovial.com\/es\/?s={search_term_string}"},"query-input":{"@type":"PropertyValueSpecification","valueRequired":true,"valueName":"search_term_string"}}],"inLanguage":"es"},{"@type":"Organization","@id":"https:\/\/www.ferrovial.com\/es\/#organization","name":"Ferrovial S.A.","url":"https:\/\/www.ferrovial.com\/es\/","logo":{"@type":"ImageObject","inLanguage":"es","@id":"https:\/\/www.ferrovial.com\/es\/#\/schema\/logo\/image\/","url":"https:\/\/static.ferrovial.com\/wp-content\/uploads\/2020\/01\/13124948\/logo-ferrovial-cf7.png","contentUrl":"https:\/\/static.ferrovial.com\/wp-content\/uploads\/2020\/01\/13124948\/logo-ferrovial-cf7.png","width":144,"height":32,"caption":"Ferrovial S.A."},"image":{"@id":"https:\/\/www.ferrovial.com\/es\/#\/schema\/logo\/image\/"},"sameAs":["https:\/\/www.facebook.com\/ferrovial","https:\/\/x.com\/ferrovial","https:\/\/www.instagram.com\/ferrovial\/","https:\/\/www.linkedin.com\/company\/ferrovial","https:\/\/www.pinterest.es\/ferrovial\/","https:\/\/www.youtube.com\/ferrovial","https:\/\/en.wikipedia.org\/wiki\/Ferrovial"]}]}},"_links":{"self":[{"href":"https:\/\/www.ferrovial.com\/es\/wp-json\/wp\/v2\/pages\/268468","targetHints":{"allow":["GET"]}}],"collection":[{"href":"https:\/\/www.ferrovial.com\/es\/wp-json\/wp\/v2\/pages"}],"about":[{"href":"https:\/\/www.ferrovial.com\/es\/wp-json\/wp\/v2\/types\/page"}],"replies":[{"embeddable":true,"href":"https:\/\/www.ferrovial.com\/es\/wp-json\/wp\/v2\/comments?post=268468"}],"version-history":[{"count":3,"href":"https:\/\/www.ferrovial.com\/es\/wp-json\/wp\/v2\/pages\/268468\/revisions"}],"predecessor-version":[{"id":279876,"href":"https:\/\/www.ferrovial.com\/es\/wp-json\/wp\/v2\/pages\/268468\/revisions\/279876"}],"up":[{"embeddable":true,"href":"https:\/\/www.ferrovial.com\/es\/wp-json\/wp\/v2\/pages\/25267"}],"wp:attachment":[{"href":"https:\/\/www.ferrovial.com\/es\/wp-json\/wp\/v2\/media?parent=268468"}],"curies":[{"name":"wp","href":"https:\/\/api.w.org\/{rel}","templated":true}]}}