{"id":268471,"date":"2023-09-25T07:47:57","date_gmt":"2023-09-25T05:47:57","guid":{"rendered":"https:\/\/www.ferrovial.com\/?page_id=268471"},"modified":"2025-06-18T13:57:24","modified_gmt":"2025-06-18T11:57:24","slug":"gases-de-efecto-invernadero","status":"publish","type":"page","link":"https:\/\/www.ferrovial.com\/es\/recursos\/gases-de-efecto-invernadero\/","title":{"rendered":"Gases de efecto invernadero"},"content":{"rendered":"    <m-final-content-header >\n            <c-breadcrumb label-text=\"Breadcrumb\" slot=\"breadcrumbs\" type='2' align='left' wrap='wrapped wrapped' aria-label='Vienes de Recursos'>\n                        <ol>\n\n                                                            <li><a href=\"https:\/\/www.ferrovial.com\/es\/\" title=\"Ferrovial\">Ferrovial<\/a><\/li>\n                                                                        <li><a href=\"https:\/\/www.ferrovial.com\/es\/recursos\/\" title=\"Recursos\">Recursos<\/a><\/li>\n                                    \n                <\/ol>\n\n                <\/c-breadcrumb>\n    \n        <div slot=\"header\">\n            <h1>\n                \u00bfQu\u00e9 son los gases de efecto invernadero?            <\/h1>\n                    <\/div>\n    <\/m-final-content-header>\n\n    \n\n\n<m-wysiwig class=\"wp-block-components-wysiwyg\"><div slot=\"maincontent\">\n<p><script type=\"application\/ld+json\">\n{\n  \"@context\": \"https:\/\/schema.org\",\n  \"@type\": \"FAQPage\",\n  \"mainEntity\": [{\n    \"@type\": \"Question\",\n    \"name\": \"\u00bfQu\u00e9 son los gases de efecto invernadero?\",\n    \"acceptedAnswer\": {\n      \"@type\": \"Answer\",\n      \"text\": \"Los gases de efecto invernadero (GEI), tambi\u00e9n conocidos como GHG o GhG por sus siglas en ingl\u00e9s (greenhouse gas), son gases que absorben y emiten radiaciones t\u00e9rmicas cuya longitud de onda se ubica dentro del rango del infrarrojo.\nAunque los gases de efecto invernadero existen en la naturaleza, las actividades humanas han aumentado de manera exponencial su presencia. La acumulaci\u00f3n de estos gases en la atm\u00f3sfera es la principal causa del cambio clim\u00e1tico.\"\n    }\n  },{\n    \"@type\": \"Question\",\n    \"name\": \"\u00bfCu\u00e1les son los principales gases de efecto invernadero?\",\n    \"acceptedAnswer\": {\n      \"@type\": \"Answer\",\n      \"text\": \"<ul>\n<li>Di\u00f3xido de carbono (CO2): tambi\u00e9n llamado di\u00f3xido de carbono, gas carb\u00f3nico o anh\u00eddrido carb\u00f3nico, es el gas de efecto invernadero m\u00e1s com\u00fan. Su principal fuente de emisi\u00f3n es la quema de combustibles f\u00f3siles (petr\u00f3leo, gas natural y carb\u00f3n). Tambi\u00e9n se produce como resultado de la deforestaci\u00f3n y en la putrefacci\u00f3n anaer\u00f3bica de plantas y suelo.<\/li>\n<li>Metano (CH4): se genera principalmente en los procesos de producci\u00f3n y transporte de combustibles f\u00f3siles, aunque tambi\u00e9n es una emisi\u00f3n del cultivo de arroz y de la ganader\u00eda (la digesti\u00f3n del ganado produce grandes cantidades de metano). A pesar de que su concentraci\u00f3n en la atm\u00f3sfera es muy baja, tiene una capacidad de calentamiento 25 veces superior a la del CO2.<\/li>\n<li>Clorofluorocarburos (CFC): son derivados de los hidrocarburos saturados cuya producci\u00f3n est\u00e1 relacionada con los aerosoles y la refrigeraci\u00f3n. Una vez liberados a la atm\u00f3sfera, se descomponen y liberan \u00e1tomos de cloro que destruyen las mol\u00e9culas de ozono; por esta raz\u00f3n son los principales responsables de la p\u00e9rdida de densidad de la capa de ozono.<\/li>\n<li>\u00d3xidos de nitr\u00f3geno (NOx): son todos los compuestos qu\u00edmicos formados por la combinaci\u00f3n de mol\u00e9culas de ox\u00edgeno y nitr\u00f3geno. Se producen en la combusti\u00f3n.<\/li>\n<li>Gases fluorados: emitidos por la industria durante la fabricaci\u00f3n de equipos el\u00e9ctricos y electr\u00f3nicos y por sistemas de refrigeraci\u00f3n y aire acondicionado.<\/li>\n<\/ul>\"\n    }\n  },{\n    \"@type\": \"Question\",\n    \"name\": \"\u00bfCu\u00e1l es el impacto de los gases de efecto invernadero?\",\n    \"acceptedAnswer\": {\n      \"@type\": \"Answer\",\n      \"text\": \"Desde la Revoluci\u00f3n Industrial, los gases de efecto invernadero han aumentado m\u00e1s y m\u00e1s su concentraci\u00f3n en la atm\u00f3sfera, y esto ha generado una serie de cambios en los ecosistemas globales. Algunos de las principales consecuencias de los gases de efecto invernadero en la atm\u00f3sfera son:\n<ul>\n<li>Aumento de la temperatura media del planeta.<\/li>\n<li>Eventos clim\u00e1ticos extremos m\u00e1s frecuentes y dr\u00e1sticos, como sequ\u00edas, inundaciones, tormentas y olas de calor.<\/li>\n<li>Derretimiento de los glaciares y casquetes polares.<\/li>\n<li>Aumento del nivel del mar.<\/li>\n<li>Acidificaci\u00f3n de los oc\u00e9anos debido a la absorci\u00f3n de di\u00f3xido de carbono, lo que amenaza a los ecosistemas marinos y a la vida marina.<\/li>\n<li>Alteraci\u00f3n de los patrones de precipitaci\u00f3n, lo que puede afectar los ciclos de vida de los ecosistemas, la disponibilidad de agua dulce y la productividad agr\u00edcola.<\/li>\n<li>P\u00e9rdida de biodiversidad.<\/li>\n<\/ul>\"\n    }\n  },{\n    \"@type\": \"Question\",\n    \"name\": \"\u00bfC\u00f3mo se puede atenuar el impacto de los gases de efecto invernadero?\",\n    \"acceptedAnswer\": {\n      \"@type\": \"Answer\",\n      \"text\": \"El impacto de la concentraci\u00f3n de gases de efecto invernadero es visible, y algunas consecuencias son ineludibles, por lo que es urgente la implementaci\u00f3n de medidas de mitigaci\u00f3n y prevenci\u00f3n; por ejemplo: proteger las comunidades costeras, mejorar la resiliencia agr\u00edcola, fortalecer las infraestructuras, etc.\"\n    }\n  },{\n    \"@type\": \"Question\",\n    \"name\": \"\u00bfC\u00f3mo se pueden reducir las emisiones de gases de efecto invernadero?\",\n    \"acceptedAnswer\": {\n      \"@type\": \"Answer\",\n      \"text\": \"La reducci\u00f3n de las emisiones de gases de efecto invernadero es fundamental para frenar el cambio clim\u00e1tico y favorecer los Objetivos de Desarrollo Sostenible. Algunos de los principales esfuerzos que pueden hacerse en este sentido son:\n<ul>\n<li>Acelerar la transici\u00f3n hacia fuentes de energ\u00eda renovable.<\/li>\n<li>Mejorar la eficiencia energ\u00e9tica.<\/li>\n<li>Reforestar.<\/li>\n<li>Adoptar pr\u00e1cticas agr\u00edcolas sostenibles.<\/li>\n<li>Potenciar la reutilizaci\u00f3n.<\/li>\n<li>Reorientar los h\u00e1bitos de consumo.<\/li>\n<li>Promover la transici\u00f3n hacia una econom\u00eda de residuo cero.<\/li>\n<\/ul>\nOtras acciones buscan revertir la producci\u00f3n de gases de efecto invernadero por medio de la tecnolog\u00eda. La geoingenier\u00eda (tambi\u00e9n como ingenier\u00eda clim\u00e1tica o como intervenci\u00f3n clim\u00e1tica) busca modificar a gran escala el clima terrestre para revertir los efectos de la actividad humana sobre \u00e9l. Estos procesos se puede englobar en dos grandes ramas:\n<ol>\n<li>Gesti\u00f3n de radiaci\u00f3n solar (GRS), cuyo objetivo es reducir la cantidad de radiaci\u00f3n solar que alcanza la superficie terrestre a trav\u00e9s de diversas acciones como la siembra de nubes o la introducci\u00f3n de aerosoles estratosf\u00e9ricos.<\/li>\n<li>Reducci\u00f3n del di\u00f3xido de carbono, tanto de forma directa como a trav\u00e9s del fomento de mecanismos naturales de eliminaci\u00f3n del gas. Algunos de estos m\u00e9todos son:\n<ul>\n<li>Captura directa del aire para extraer el di\u00f3xido de carbono o para almacenarlo en el suelo agr\u00edcola superficial.<\/li>\n<li>Bioenerg\u00eda con captura y almacenamiento de carbono (BECCS): propone la producci\u00f3n de biomasa de la cual extraer energ\u00eda capturando el CO2 .<\/li>\n<li>Fertilizaci\u00f3n oce\u00e1nica: potenciar el crecimiento del fitoplancton mediante la introducci\u00f3n de hierro y otros nutrientes. Durante su proceso de fotos\u00edntesis, el fitoplancton utiliza CO2  atmosf\u00e9rico. Al morir, estos organismos acu\u00e1ticos arrastrar\u00edan el agente contaminante al fondo del mar.<\/li>\n<li>Aforestaci\u00f3n: creaci\u00f3n de nuevos bosques en lugares donde nunca los ha habido.<\/li>\n<\/ul>\n<\/li>\n<\/ol>\nInstituciones como la NASA (EE.UU.) y la Royal Society (Reino Unido) han hecho investigaciones en estos campos. Sin embargo, al d\u00eda de hoy existe una enorme pol\u00e9mica sobre la eficacia de estos m\u00e9todos y, especialmente, sobre sus efectos colaterales.\"\n    }\n  }]\n}\n<\/script>\n<p>Los gases de efecto invernadero <strong>(GEI)<\/strong>, tambi\u00e9n conocidos como GHG o GhG por sus siglas en ingl\u00e9s (<em>greenhouse gas<\/em>), son gases que <strong>absorben y emiten radiaciones t\u00e9rmicas <\/strong>cuya longitud de onda se ubica dentro del rango del infrarrojo.<\/p><\/p>\n\n\n\n<p>Aunque los gases de efecto invernadero existen en la naturaleza, las actividades humanas han aumentado de manera exponencial su presencia. La <strong>acumulaci\u00f3n de estos gases en la atm\u00f3sfera<\/strong> es la principal causa del <a href=\"https:\/\/www.ferrovial.com\/es\/recursos\/cambio-climatico\/\" target=\"_blank\" rel=\"noreferrer noopener\">cambio clim\u00e1tico<\/a>.<\/p>\n\n\n\n<h2 class=\"wp-block-heading\"><strong>\u00bfCu\u00e1les son los principales gases de efecto invernadero?<\/strong><\/h2>\n\n\n\n<ul class=\"wp-block-list\">\n<li><strong>Di\u00f3xido de carbono (CO<\/strong><strong><sub>2<\/sub><\/strong><strong>): <\/strong>tambi\u00e9n llamado di\u00f3xido de carbono, gas carb\u00f3nico o anh\u00eddrido carb\u00f3nico, es el gas de efecto invernadero m\u00e1s com\u00fan. Su principal fuente de emisi\u00f3n es la quema de combustibles f\u00f3siles (petr\u00f3leo, gas natural y carb\u00f3n). Tambi\u00e9n se produce como resultado de la deforestaci\u00f3n y en la putrefacci\u00f3n anaer\u00f3bica de plantas y suelo.<\/li>\n\n\n\n<li><strong>Metano (CH<\/strong><strong><sub>4<\/sub><\/strong><strong>): <\/strong>se genera principalmente en los procesos de producci\u00f3n y transporte de combustibles f\u00f3siles, aunque tambi\u00e9n es una emisi\u00f3n del cultivo de arroz y de la ganader\u00eda (la digesti\u00f3n del ganado produce grandes cantidades de metano). A pesar de que su concentraci\u00f3n en la atm\u00f3sfera es muy baja, tiene una capacidad de calentamiento 25 veces superior a la del CO<sub>2<\/sub>.<\/li>\n\n\n\n<li><strong>Clorofluorocarburos (CFC): <\/strong>son derivados de los hidrocarburos saturados cuya producci\u00f3n est\u00e1 relacionada con los aerosoles y la refrigeraci\u00f3n. Una vez liberados a la atm\u00f3sfera, se descomponen y liberan \u00e1tomos de cloro que destruyen las mol\u00e9culas de ozono; por esta raz\u00f3n son los principales responsables de la p\u00e9rdida de densidad de la <a href=\"https:\/\/www.ferrovial.com\/es\/recursos\/capa-de-ozono\/\" target=\"_blank\" rel=\"noreferrer noopener\">capa de ozono<\/a>.<\/li>\n\n\n\n<li><strong>\u00d3xidos de nitr\u00f3geno (NO<\/strong><strong><sub>x<\/sub><\/strong><strong>):<\/strong> son todos los compuestos qu\u00edmicos formados por la combinaci\u00f3n de mol\u00e9culas de ox\u00edgeno y nitr\u00f3geno. Se producen en la combusti\u00f3n.<\/li>\n\n\n\n<li><strong>Gases fluorados: <\/strong>emitidos por la industria durante la fabricaci\u00f3n de equipos el\u00e9ctricos y electr\u00f3nicos y por sistemas de refrigeraci\u00f3n y aire acondicionado.<\/li>\n<\/ul>\n\n\n\n<h2 class=\"wp-block-heading\"><strong>\u00bfCu\u00e1l es el impacto de los gases de efecto invernadero?<\/strong><\/h2>\n\n\n\n<p>Desde la <strong>Revoluci\u00f3n Industrial<\/strong>, los gases de efecto invernadero han aumentado m\u00e1s y m\u00e1s su concentraci\u00f3n en la atm\u00f3sfera, y esto ha generado una serie de cambios en los ecosistemas globales. Algunos de las principales consecuencias de los gases de efecto invernadero en la atm\u00f3sfera son:<\/p>\n\n\n\n<ul class=\"wp-block-list\">\n<li><strong>Aumento de la temperatura <\/strong>media del planeta.<\/li>\n\n\n\n<li><strong>Eventos clim\u00e1ticos extremos <\/strong>m\u00e1s frecuentes y dr\u00e1sticos, como sequ\u00edas, inundaciones, tormentas y olas de calor.<\/li>\n\n\n\n<li><strong>Derretimiento <\/strong>de los glaciares y casquetes polares.<\/li>\n\n\n\n<li><strong>Aumento del nivel del mar<\/strong>.<\/li>\n\n\n\n<li><strong>Acidificaci\u00f3n de los oc\u00e9anos <\/strong>debido a la absorci\u00f3n de di\u00f3xido de carbono, lo que amenaza a los ecosistemas marinos y a la vida marina.<\/li>\n\n\n\n<li><strong>Alteraci\u00f3n de los patrones de precipitaci\u00f3n<\/strong>, lo que puede afectar los ciclos de vida de los ecosistemas, la disponibilidad de agua dulce y la productividad agr\u00edcola.<\/li>\n\n\n\n<li><strong>P\u00e9rdida de <\/strong><a href=\"https:\/\/www.ferrovial.com\/es\/recursos\/biodiversidad\/\" target=\"_blank\" rel=\"noreferrer noopener\"><strong>biodiversidad<\/strong><\/a>.<\/li>\n<\/ul>\n\n\n\n<h2 class=\"wp-block-heading\"><strong>\u00bfC\u00f3mo se puede atenuar el impacto de los gases de efecto invernadero?<\/strong><\/h2>\n\n\n\n<p>El impacto de la concentraci\u00f3n de gases de efecto invernadero es visible, y algunas consecuencias son ineludibles, por lo que es urgente la implementaci\u00f3n de medidas de mitigaci\u00f3n y prevenci\u00f3n; por ejemplo: proteger las comunidades costeras, mejorar la resiliencia agr\u00edcola, fortalecer las infraestructuras, etc.<\/p>\n\n\n\n<h2 class=\"wp-block-heading\"><strong>\u00bfC\u00f3mo se pueden reducir las emisiones de gases de efecto invernadero?<\/strong><\/h2>\n\n\n\n<p>La <strong>reducci\u00f3n de las emisiones de gases de efecto invernadero <\/strong>es fundamental para <strong>frenar el cambio clim\u00e1tico<\/strong>. Algunos de los principales esfuerzos que pueden hacerse en este sentido son:<\/p>\n\n\n\n<ul class=\"wp-block-list\">\n<li>Acelerar la transici\u00f3n hacia fuentes de <strong>energ\u00eda renovable<\/strong>.<\/li>\n\n\n\n<li>Mejorar la <strong>eficiencia energ\u00e9tica<\/strong>.<\/li>\n\n\n\n<li><strong>Reforestar<\/strong>.<\/li>\n\n\n\n<li>Adoptar <strong>pr\u00e1cticas agr\u00edcolas sostenibles<\/strong>.<\/li>\n\n\n\n<li>Potenciar la <strong>reutilizaci\u00f3n<\/strong>.<\/li>\n\n\n\n<li>Reorientar los <strong>h\u00e1bitos de consumo<\/strong>.<\/li>\n\n\n\n<li>Promover la transici\u00f3n hacia una econom\u00eda de <a href=\"https:\/\/www.ferrovial.com\/es\/recursos\/residuo-cero\/\" target=\"_blank\" rel=\"noreferrer noopener\">residuo cero.<\/a><\/li>\n<\/ul>\n\n\n\n<p>Otras acciones buscan revertir la producci\u00f3n de gases de efecto invernadero por medio de la tecnolog\u00eda. La <strong>geoingenier\u00eda <\/strong>(tambi\u00e9n como ingenier\u00eda clim\u00e1tica o como intervenci\u00f3n clim\u00e1tica) busca <strong>modificar a gran escala el clima terrestre <\/strong>para revertir los efectos de la actividad humana sobre \u00e9l. Estos procesos se puede englobar en dos grandes ramas:<\/p>\n\n\n\n<ol class=\"wp-block-list\">\n<li><strong>Gesti\u00f3n de radiaci\u00f3n solar (GRS)<\/strong>, cuyo objetivo es reducir la cantidad de radiaci\u00f3n solar que alcanza la superficie terrestre a trav\u00e9s de diversas acciones como la siembra de nubes o la introducci\u00f3n de aerosoles estratosf\u00e9ricos.<\/li>\n\n\n\n<li>Reducci\u00f3n del di\u00f3xido de carbono, tanto de forma directa como a trav\u00e9s del fomento de mecanismos naturales de eliminaci\u00f3n del gas. Algunos de estos m\u00e9todos son:\n<ul class=\"wp-block-list\">\n<li><strong>Captura directa del aire <\/strong>para extraer el di\u00f3xido de carbono o para almacenarlo en el suelo agr\u00edcola superficial.<\/li>\n\n\n\n<li><strong>Bioenerg\u00eda con captura y almacenamiento de carbono (BECCS): <\/strong>propone la producci\u00f3n de biomasa de la cual extraer energ\u00eda capturando el CO<sub>2 <\/sub>.<\/li>\n\n\n\n<li><strong>Fertilizaci\u00f3n oce\u00e1nica: <\/strong>potenciar el crecimiento del fitoplancton mediante la introducci\u00f3n de hierro y otros nutrientes. Durante su proceso de fotos\u00edntesis, el fitoplancton utiliza CO<sub>2 <\/sub>&nbsp;atmosf\u00e9rico. Al morir, estos organismos acu\u00e1ticos arrastrar\u00edan el agente contaminante al fondo del mar.<\/li>\n\n\n\n<li><strong>Aforestaci\u00f3n:<\/strong> creaci\u00f3n de nuevos bosques en lugares donde nunca los ha habido.<\/li>\n<\/ul>\n<\/li>\n<\/ol>\n\n\n\n<p>Instituciones como la <strong>NASA (EE.UU.) y la Royal Society (Reino Unido) <\/strong>han hecho investigaciones en estos campos. Sin embargo, al d\u00eda de hoy existe una <strong>enorme pol\u00e9mica <\/strong>sobre la eficacia de estos m\u00e9todos y, especialmente, sobre sus efectos colaterales.<\/p>\n<\/div><\/m-wysiwig>\n","protected":false},"excerpt":{"rendered":"","protected":false},"featured_media":0,"parent":25267,"menu_order":0,"comment_status":"closed","ping_status":"closed","template":"","meta":{"_acf_changed":false,"footnotes":""},"class_list":["post-268471","page","type-page","status-publish","hentry"],"acf":[],"yoast_head":"<!-- This site is optimized with the Yoast SEO plugin v27.2 - https:\/\/yoast.com\/product\/yoast-seo-wordpress\/ -->\n<title>Gases de efecto invernadero: qu\u00e9 son, efectos e impacto - Ferrovial<\/title>\n<meta name=\"description\" content=\"Los gases de efecto invernadero (GEI), tambi\u00e9n conocidos como GHG o GhG por sus siglas en ingl\u00e9s (greenhouse gas), son gases que absorben y emiten radiaciones t\u00e9rmicas cuya longitud de onda se ubica dentro del rango del infrarrojo.\" \/>\n<meta name=\"robots\" content=\"index, follow, max-snippet:-1, max-image-preview:large, max-video-preview:-1\" \/>\n<link rel=\"canonical\" href=\"https:\/\/www.ferrovial.com\/es\/recursos\/gases-de-efecto-invernadero\/\" \/>\n<meta property=\"og:locale\" content=\"es_ES\" \/>\n<meta property=\"og:type\" content=\"article\" \/>\n<meta property=\"og:title\" content=\"Gases de efecto invernadero: qu\u00e9 son, efectos e impacto - Ferrovial\" \/>\n<meta property=\"og:description\" content=\"Los gases de efecto invernadero (GEI), tambi\u00e9n conocidos como GHG o GhG por sus siglas en ingl\u00e9s (greenhouse gas), son gases que absorben y emiten radiaciones t\u00e9rmicas cuya longitud de onda se ubica dentro del rango del infrarrojo.\" \/>\n<meta property=\"og:url\" content=\"https:\/\/www.ferrovial.com\/es\/recursos\/gases-de-efecto-invernadero\/\" \/>\n<meta property=\"og:site_name\" content=\"Ferrovial\" \/>\n<meta property=\"article:publisher\" content=\"https:\/\/www.facebook.com\/ferrovial\" \/>\n<meta property=\"article:modified_time\" content=\"2025-06-18T11:57:24+00:00\" \/>\n<meta name=\"twitter:card\" content=\"summary_large_image\" \/>\n<meta name=\"twitter:site\" content=\"@ferrovial\" \/>\n<meta name=\"twitter:label1\" content=\"Est. reading time\" \/>\n\t<meta name=\"twitter:data1\" content=\"4 minutos\" \/>\n<!-- \/ Yoast SEO plugin. -->","yoast_head_json":{"title":"Gases de efecto invernadero: qu\u00e9 son, efectos e impacto - Ferrovial","description":"Los gases de efecto invernadero (GEI), tambi\u00e9n conocidos como GHG o GhG por sus siglas en ingl\u00e9s (greenhouse gas), son gases que absorben y emiten radiaciones t\u00e9rmicas cuya longitud de onda se ubica dentro del rango del infrarrojo.","robots":{"index":"index","follow":"follow","max-snippet":"max-snippet:-1","max-image-preview":"max-image-preview:large","max-video-preview":"max-video-preview:-1"},"canonical":"https:\/\/www.ferrovial.com\/es\/recursos\/gases-de-efecto-invernadero\/","og_locale":"es_ES","og_type":"article","og_title":"Gases de efecto invernadero: qu\u00e9 son, efectos e impacto - Ferrovial","og_description":"Los gases de efecto invernadero (GEI), tambi\u00e9n conocidos como GHG o GhG por sus siglas en ingl\u00e9s (greenhouse gas), son gases que absorben y emiten radiaciones t\u00e9rmicas cuya longitud de onda se ubica dentro del rango del infrarrojo.","og_url":"https:\/\/www.ferrovial.com\/es\/recursos\/gases-de-efecto-invernadero\/","og_site_name":"Ferrovial","article_publisher":"https:\/\/www.facebook.com\/ferrovial","article_modified_time":"2025-06-18T11:57:24+00:00","twitter_card":"summary_large_image","twitter_site":"@ferrovial","twitter_misc":{"Est. reading time":"4 minutos"},"schema":{"@context":"https:\/\/schema.org","@graph":[{"@type":"WebPage","@id":"https:\/\/www.ferrovial.com\/es\/recursos\/gases-de-efecto-invernadero\/","url":"https:\/\/www.ferrovial.com\/es\/recursos\/gases-de-efecto-invernadero\/","name":"Gases de efecto invernadero: qu\u00e9 son, efectos e impacto - Ferrovial","isPartOf":{"@id":"https:\/\/www.ferrovial.com\/es\/#website"},"datePublished":"2023-09-25T05:47:57+00:00","dateModified":"2025-06-18T11:57:24+00:00","description":"Los gases de efecto invernadero (GEI), tambi\u00e9n conocidos como GHG o GhG por sus siglas en ingl\u00e9s (greenhouse gas), son gases que absorben y emiten radiaciones t\u00e9rmicas cuya longitud de onda se ubica dentro del rango del infrarrojo.","breadcrumb":{"@id":"https:\/\/www.ferrovial.com\/es\/recursos\/gases-de-efecto-invernadero\/#breadcrumb"},"inLanguage":"es","potentialAction":[{"@type":"ReadAction","target":["https:\/\/www.ferrovial.com\/es\/recursos\/gases-de-efecto-invernadero\/"]}]},{"@type":"BreadcrumbList","@id":"https:\/\/www.ferrovial.com\/es\/recursos\/gases-de-efecto-invernadero\/#breadcrumb","itemListElement":[{"@type":"ListItem","position":1,"name":"Portada","item":"https:\/\/www.ferrovial.com\/es\/"},{"@type":"ListItem","position":2,"name":"Recursos","item":"https:\/\/www.ferrovial.com\/es\/recursos\/"},{"@type":"ListItem","position":3,"name":"Gases de efecto invernadero"}]},{"@type":"WebSite","@id":"https:\/\/www.ferrovial.com\/es\/#website","url":"https:\/\/www.ferrovial.com\/es\/","name":"Ferrovial","description":"Welcome to the Ferrovial&#039;s website, global operator of sustainable infrastructure. Here you can find all the information about the company and subsidiaries.","publisher":{"@id":"https:\/\/www.ferrovial.com\/es\/#organization"},"potentialAction":[{"@type":"SearchAction","target":{"@type":"EntryPoint","urlTemplate":"https:\/\/www.ferrovial.com\/es\/?s={search_term_string}"},"query-input":{"@type":"PropertyValueSpecification","valueRequired":true,"valueName":"search_term_string"}}],"inLanguage":"es"},{"@type":"Organization","@id":"https:\/\/www.ferrovial.com\/es\/#organization","name":"Ferrovial S.A.","url":"https:\/\/www.ferrovial.com\/es\/","logo":{"@type":"ImageObject","inLanguage":"es","@id":"https:\/\/www.ferrovial.com\/es\/#\/schema\/logo\/image\/","url":"https:\/\/static.ferrovial.com\/wp-content\/uploads\/2020\/01\/13124948\/logo-ferrovial-cf7.png","contentUrl":"https:\/\/static.ferrovial.com\/wp-content\/uploads\/2020\/01\/13124948\/logo-ferrovial-cf7.png","width":144,"height":32,"caption":"Ferrovial S.A."},"image":{"@id":"https:\/\/www.ferrovial.com\/es\/#\/schema\/logo\/image\/"},"sameAs":["https:\/\/www.facebook.com\/ferrovial","https:\/\/x.com\/ferrovial","https:\/\/www.instagram.com\/ferrovial\/","https:\/\/www.linkedin.com\/company\/ferrovial","https:\/\/www.pinterest.es\/ferrovial\/","https:\/\/www.youtube.com\/ferrovial","https:\/\/en.wikipedia.org\/wiki\/Ferrovial"]}]}},"_links":{"self":[{"href":"https:\/\/www.ferrovial.com\/es\/wp-json\/wp\/v2\/pages\/268471","targetHints":{"allow":["GET"]}}],"collection":[{"href":"https:\/\/www.ferrovial.com\/es\/wp-json\/wp\/v2\/pages"}],"about":[{"href":"https:\/\/www.ferrovial.com\/es\/wp-json\/wp\/v2\/types\/page"}],"replies":[{"embeddable":true,"href":"https:\/\/www.ferrovial.com\/es\/wp-json\/wp\/v2\/comments?post=268471"}],"version-history":[{"count":3,"href":"https:\/\/www.ferrovial.com\/es\/wp-json\/wp\/v2\/pages\/268471\/revisions"}],"predecessor-version":[{"id":307695,"href":"https:\/\/www.ferrovial.com\/es\/wp-json\/wp\/v2\/pages\/268471\/revisions\/307695"}],"up":[{"embeddable":true,"href":"https:\/\/www.ferrovial.com\/es\/wp-json\/wp\/v2\/pages\/25267"}],"wp:attachment":[{"href":"https:\/\/www.ferrovial.com\/es\/wp-json\/wp\/v2\/media?parent=268471"}],"curies":[{"name":"wp","href":"https:\/\/api.w.org\/{rel}","templated":true}]}}