{"id":268475,"date":"2023-09-25T08:03:23","date_gmt":"2023-09-25T06:03:23","guid":{"rendered":"https:\/\/www.ferrovial.com\/?page_id=268475"},"modified":"2024-04-17T13:29:20","modified_gmt":"2024-04-17T11:29:20","slug":"modelo-mecanico-cuantico","status":"publish","type":"page","link":"https:\/\/www.ferrovial.com\/es\/stem\/modelo-mecanico-cuantico\/","title":{"rendered":"Modelo mec\u00e1nico cu\u00e1ntico"},"content":{"rendered":"    <m-final-content-header >\n            <c-breadcrumb label-text=\"Breadcrumb\" slot=\"breadcrumbs\" type='2' align='left' wrap='wrapped wrapped' aria-label='Vienes de STEM'>\n                        <ol>\n\n                                                            <li><a href=\"https:\/\/www.ferrovial.com\/es\/\" title=\"Ferrovial\">Ferrovial<\/a><\/li>\n                                                                        <li><a href=\"https:\/\/www.ferrovial.com\/es\/stem\/\" title=\"STEM\">STEM<\/a><\/li>\n                                    \n                <\/ol>\n\n                <\/c-breadcrumb>\n    \n        <div slot=\"header\">\n            <h1>\n                \u00bfQu\u00e9 es el modelo mec\u00e1nico cu\u00e1ntico?            <\/h1>\n                    <\/div>\n    <\/m-final-content-header>\n\n    \n\n\n<m-wysiwig class=\"wp-block-components-wysiwyg\"><div slot=\"maincontent\">\n<script type=\"application\/ld+json\">\n{\n  \"@context\": \"https:\/\/schema.org\",\n  \"@type\": \"FAQPage\",\n  \"mainEntity\": [{\n    \"@type\": \"Question\",\n    \"name\": \"\u00bfQu\u00e9 es el modelo mec\u00e1nico cu\u00e1ntico?\",\n    \"acceptedAnswer\": {\n      \"@type\": \"Answer\",\n      \"text\": \"Tambi\u00e9n conocido como modelo cu\u00e1ntico, el modelo mec\u00e1nico cu\u00e1ntico es un marco te\u00f3rico de la f\u00edsica que permite describir las din\u00e1micas del \u00e1tomo y las part\u00edculas subat\u00f3micas de manera m\u00e1s precisa que los modelos anteriores: el modelo planetario del \u00e1tomo y el modelo at\u00f3mico de Bohr. El modelo mec\u00e1nico cu\u00e1ntico se basa en los principios de la mec\u00e1nica cu\u00e1ntica.\"\n    }\n  },{\n    \"@type\": \"Question\",\n    \"name\": \"\u00bfQu\u00e9 es la mec\u00e1nica cu\u00e1ntica?\",\n    \"acceptedAnswer\": {\n      \"@type\": \"Answer\",\n      \"text\": \"La mec\u00e1nica cu\u00e1ntica es una rama de la f\u00edsica que se ocupa del estudio de la naturaleza en sus escalas m\u00e1s peque\u00f1as: la at\u00f3mica y subat\u00f3mica; as\u00ed como de sus interacciones entre s\u00ed y con el entorno. Su nombre se debe a que, seg\u00fan sus preceptos, todas las formas de energ\u00eda se liberan en unidades o paquetes llamados cuantos. Los cuantos pueden ser fermiones o bosones.\n\nLa mec\u00e1nica cu\u00e1ntica no propone modelos deterministas y predictivos, como las ramas m\u00e1s cl\u00e1sicas y antiguas de la f\u00edsica, sino que introduce los conceptos de indeterminaci\u00f3n y probabilidad. Sus c\u00e1lculos son probabil\u00edsticos y estad\u00edsticos, y buscan predecir anal\u00edticamente la probabilidad precisa de eventos o resultados.\"\n    }\n  },{\n    \"@type\": \"Question\",\n    \"name\": \"\u00bfQu\u00e9 es un \u00e1tomo cu\u00e1ntico?\",\n    \"acceptedAnswer\": {\n      \"@type\": \"Answer\",\n      \"text\": \"Un \u00e1tomo mec\u00e1nico cu\u00e1ntico (o mecano-cu\u00e1ntico) es el modelo de \u00e1tomo que responde a los principios de la mec\u00e1nica cu\u00e1ntica, y se basa en los postulados de Erwin Schr\u00f6dinger, seg\u00fan los cuales los electrones pueden ser tratados como ondas de materia.\n\nConforme al principio de incertidumbre de Heisenberg, no es posible conocer tanto la energ\u00eda como la posici\u00f3n de un electr\u00f3n dentro del \u00e1tomo. La ecuaci\u00f3n de Schr\u00f6dinger, \u0124\u03c8=E\u03c8 , da lugar a una serie de funciones de onda (\u03c8) \u00fatiles para el estudio del \u00e1tomo y sus elementos. El cuadrado de la funci\u00f3n de onda (\u03c82) representa la probabilidad de encontrar un electr\u00f3n en una regi\u00f3n del \u00e1tomo. La regi\u00f3n de un \u00e1tomo en la que hay probabilidad de que el electr\u00f3n se encuentre el 90% del tiempo se conoce como orbital at\u00f3mico.\n\nEl modelo mec\u00e1nico cu\u00e1ntico del \u00e1tomo se contrapone a:\n<ul>\n<li>El modelo planetario, planteado por Ernst Rutherford, en 1911, que describ\u00eda el \u00e1tomo como un sistema planetario, con un n\u00facleo central alrededor del cual girar\u00edan los electrones.<\/li>\n<li>El modelo at\u00f3mico de Bohr, planteado por Niels Bohr, en 1913, se ubica a mitad de camino entre la f\u00edsica cl\u00e1sica y la cu\u00e1ntica. Es el primer modelo en proponer que los electrones \u00fanicamente pueden ocupar \u00f3rbitas estables.<\/li>\n<\/ul>\"\n    }\n  },{\n    \"@type\": \"Question\",\n    \"name\": \"\u00bfCu\u00e1les son las aplicaciones del modelo mec\u00e1nico cu\u00e1ntico del \u00e1tomo?\",\n    \"acceptedAnswer\": {\n      \"@type\": \"Answer\",\n      \"text\": \"El modelo mec\u00e1nico cu\u00e1ntico del \u00e1tomo ha sido fundamental para la investigaci\u00f3n y desarrollo de tecnolog\u00edas cu\u00e1nticas en el campo de la qu\u00edmica, la \u00f3ptica, la computaci\u00f3n y la f\u00edsica de part\u00edculas. Ha sido de utilidad para la simulaci\u00f3n molecular y el desarrollo y la optimizaci\u00f3n de sistemas complejos.\"\n    }\n  }]\n}\n<\/script>\n<p>Tambi\u00e9n conocido como <strong>modelo cu\u00e1ntico<\/strong>, el modelo mec\u00e1nico cu\u00e1ntico es un <strong>marco te\u00f3rico de la <\/strong><a href=\"https:\/\/www.ferrovial.com\/es\/stem\/fisica\/\" target=\"_blank\" rel=\"noreferrer noopener\"><strong>f\u00edsica<\/strong><\/a><strong> que permite describir las din\u00e1micas del \u00e1tomo y las part\u00edculas subat\u00f3micas <\/strong>de manera m\u00e1s precisa que los modelos anteriores: el modelo planetario del \u00e1tomo y el modelo at\u00f3mico de Bohr. El modelo mec\u00e1nico cu\u00e1ntico se basa en los principios de la <strong>mec\u00e1nica cu\u00e1ntica.<\/strong><\/p>\n\n\n\n<h2 class=\"wp-block-heading\"><strong>\u00bfQu\u00e9 es la mec\u00e1nica cu\u00e1ntica?<\/strong><\/h2>\n\n\n\n<p>La <strong>mec\u00e1nica cu\u00e1ntica<\/strong> es una rama de la f\u00edsica que se ocupa del <strong>estudio de la naturaleza en sus escalas m\u00e1s peque\u00f1as: la at\u00f3mica y subat\u00f3mica<\/strong>; as\u00ed como de sus interacciones entre s\u00ed y con el entorno. Su nombre se debe a que, seg\u00fan sus preceptos, todas las formas de energ\u00eda se liberan en unidades o paquetes llamados <strong><em>cuantos<\/em><\/strong>. Los cuantos pueden ser <strong>fermiones o bosones<\/strong>.<\/p>\n\n\n\n<p>La mec\u00e1nica cu\u00e1ntica no propone modelos deterministas y predictivos, como las ramas m\u00e1s cl\u00e1sicas y antiguas de la f\u00edsica, sino que introduce los conceptos de <strong>indeterminaci\u00f3n y probabilidad<\/strong>. Sus <strong>c\u00e1lculos son probabil\u00edsticos y estad\u00edsticos, y buscan predecir anal\u00edticamente la probabilidad precisa de eventos o resultados<\/strong>.<\/p>\n\n\n\n<h2 class=\"wp-block-heading\"><strong>\u00bfQu\u00e9 es un \u00e1tomo cu\u00e1ntico?<\/strong><\/h2>\n\n\n\n<p>Un \u00e1tomo mec\u00e1nico cu\u00e1ntico (o mecano-cu\u00e1ntico) es el modelo de \u00e1tomo que responde a los principios de la mec\u00e1nica cu\u00e1ntica, y se basa en los postulados de Erwin Schr\u00f6dinger, <strong>seg\u00fan los cuales los electrones pueden ser tratados como ondas de materia<\/strong>.<\/p>\n\n\n\n<p>Conforme al <strong>principio de incertidumbre <\/strong>de Heisenberg, <strong>no es posible conocer tanto la energ\u00eda como la posici\u00f3n de un electr\u00f3n dentro del \u00e1tomo<\/strong>. La ecuaci\u00f3n de Schr\u00f6dinger, <em>\u0124\u03c8=E\u03c8 <\/em>, da lugar a una serie de funciones de onda (<em>\u03c8<\/em>) \u00fatiles para el estudio del \u00e1tomo y sus elementos. El cuadrado de la funci\u00f3n de onda (<em>\u03c8<\/em><sup>2<\/sup>) representa la <strong>probabilidad de encontrar un electr\u00f3n en una regi\u00f3n del \u00e1tomo<\/strong>. La regi\u00f3n de un \u00e1tomo en la que hay probabilidad de que el electr\u00f3n se encuentre el 90% del tiempo se conoce como <strong><em>orbital at\u00f3mico<\/em><\/strong>.<\/p>\n\n\n\n<p>El modelo mec\u00e1nico cu\u00e1ntico del \u00e1tomo se contrapone a:<\/p>\n\n\n\n<ul class=\"wp-block-list\">\n<li><strong>El modelo planetario<\/strong>, planteado por Ernst Rutherford, en 1911, que describ\u00eda el \u00e1tomo como un sistema planetario, con un n\u00facleo central alrededor del cual girar\u00edan los electrones.<\/li>\n\n\n\n<li><strong>El modelo at\u00f3mico de Bohr<\/strong>, planteado por Niels Bohr, en 1913, se ubica a mitad de camino entre la f\u00edsica cl\u00e1sica y la cu\u00e1ntica. Es el primer modelo en proponer que los electrones \u00fanicamente pueden ocupar <em>\u00f3rbitas estables<\/em>.<\/li>\n<\/ul>\n\n\n\n<h2 class=\"wp-block-heading\"><strong>\u00bfCu\u00e1les son las aplicaciones del modelo mec\u00e1nico cu\u00e1ntico del \u00e1tomo?<\/strong><\/h2>\n\n\n\n<p>El modelo mec\u00e1nico cu\u00e1ntico del \u00e1tomo ha sido fundamental para la <strong>investigaci\u00f3n y desarrollo de tecnolog\u00edas cu\u00e1nticas <\/strong>en el campo de <strong>la <\/strong><a href=\"https:\/\/www.ferrovial.com\/es\/stem\/quimica\/\" target=\"_blank\" rel=\"noreferrer noopener\"><strong>qu\u00edmica<\/strong><\/a><strong>, la \u00f3ptica, la <\/strong><a href=\"https:\/\/www.ferrovial.com\/es\/stem\/computacion\/\" target=\"_blank\" rel=\"noreferrer noopener\"><strong>computaci\u00f3n <\/strong><\/a><strong>y la f\u00edsica de part\u00edculas<\/strong>. Ha sido de utilidad para la <strong>simulaci\u00f3n molecular <\/strong>y el desarrollo y la optimizaci\u00f3n de <strong>sistemas complejos<\/strong>.<\/p>\n<\/div><\/m-wysiwig>\n","protected":false},"excerpt":{"rendered":"","protected":false},"featured_media":0,"parent":227878,"menu_order":0,"comment_status":"closed","ping_status":"closed","template":"","meta":{"_acf_changed":false,"footnotes":""},"class_list":["post-268475","page","type-page","status-publish","hentry"],"acf":[],"yoast_head":"<!-- This site is optimized with the Yoast SEO plugin v27.2 - https:\/\/yoast.com\/product\/yoast-seo-wordpress\/ -->\n<title>Modelo mec\u00e1nico cu\u00e1ntico, qu\u00e9 es, aplicaciones - Ferrovial<\/title>\n<meta name=\"description\" content=\"El modelo cu\u00e1ntico o modelo mec\u00e1nico cu\u00e1ntico es un marco te\u00f3rico de la f\u00edsica que permite describir las din\u00e1micas del \u00e1tomo y las part\u00edculas subat\u00f3micas de manera m\u00e1s precisa que los modelos anteriores: el modelo planetario del \u00e1tomo y el modelo at\u00f3mico de Bohrn. El modelo mec\u00e1nico cu\u00e1ntico se basa en los principios de la mec\u00e1nica cu\u00e1ntica.\" \/>\n<meta name=\"robots\" content=\"index, follow, max-snippet:-1, max-image-preview:large, max-video-preview:-1\" \/>\n<link rel=\"canonical\" href=\"https:\/\/www.ferrovial.com\/es\/stem\/modelo-mecanico-cuantico\/\" \/>\n<meta property=\"og:locale\" content=\"es_ES\" \/>\n<meta property=\"og:type\" content=\"article\" \/>\n<meta property=\"og:title\" content=\"Modelo mec\u00e1nico cu\u00e1ntico, qu\u00e9 es, aplicaciones - Ferrovial\" \/>\n<meta property=\"og:description\" content=\"El modelo cu\u00e1ntico o modelo mec\u00e1nico cu\u00e1ntico es un marco te\u00f3rico de la f\u00edsica que permite describir las din\u00e1micas del \u00e1tomo y las part\u00edculas subat\u00f3micas de manera m\u00e1s precisa que los modelos anteriores: el modelo planetario del \u00e1tomo y el modelo at\u00f3mico de Bohrn. El modelo mec\u00e1nico cu\u00e1ntico se basa en los principios de la mec\u00e1nica cu\u00e1ntica.\" \/>\n<meta property=\"og:url\" content=\"https:\/\/www.ferrovial.com\/es\/stem\/modelo-mecanico-cuantico\/\" \/>\n<meta property=\"og:site_name\" content=\"Ferrovial\" \/>\n<meta property=\"article:publisher\" content=\"https:\/\/www.facebook.com\/ferrovial\" \/>\n<meta property=\"article:modified_time\" content=\"2024-04-17T11:29:20+00:00\" \/>\n<meta name=\"twitter:card\" content=\"summary_large_image\" \/>\n<meta name=\"twitter:site\" content=\"@ferrovial\" \/>\n<meta name=\"twitter:label1\" content=\"Est. reading time\" \/>\n\t<meta name=\"twitter:data1\" content=\"3 minutos\" \/>\n<!-- \/ Yoast SEO plugin. -->","yoast_head_json":{"title":"Modelo mec\u00e1nico cu\u00e1ntico, qu\u00e9 es, aplicaciones - Ferrovial","description":"El modelo cu\u00e1ntico o modelo mec\u00e1nico cu\u00e1ntico es un marco te\u00f3rico de la f\u00edsica que permite describir las din\u00e1micas del \u00e1tomo y las part\u00edculas subat\u00f3micas de manera m\u00e1s precisa que los modelos anteriores: el modelo planetario del \u00e1tomo y el modelo at\u00f3mico de Bohrn. El modelo mec\u00e1nico cu\u00e1ntico se basa en los principios de la mec\u00e1nica cu\u00e1ntica.","robots":{"index":"index","follow":"follow","max-snippet":"max-snippet:-1","max-image-preview":"max-image-preview:large","max-video-preview":"max-video-preview:-1"},"canonical":"https:\/\/www.ferrovial.com\/es\/stem\/modelo-mecanico-cuantico\/","og_locale":"es_ES","og_type":"article","og_title":"Modelo mec\u00e1nico cu\u00e1ntico, qu\u00e9 es, aplicaciones - Ferrovial","og_description":"El modelo cu\u00e1ntico o modelo mec\u00e1nico cu\u00e1ntico es un marco te\u00f3rico de la f\u00edsica que permite describir las din\u00e1micas del \u00e1tomo y las part\u00edculas subat\u00f3micas de manera m\u00e1s precisa que los modelos anteriores: el modelo planetario del \u00e1tomo y el modelo at\u00f3mico de Bohrn. El modelo mec\u00e1nico cu\u00e1ntico se basa en los principios de la mec\u00e1nica cu\u00e1ntica.","og_url":"https:\/\/www.ferrovial.com\/es\/stem\/modelo-mecanico-cuantico\/","og_site_name":"Ferrovial","article_publisher":"https:\/\/www.facebook.com\/ferrovial","article_modified_time":"2024-04-17T11:29:20+00:00","twitter_card":"summary_large_image","twitter_site":"@ferrovial","twitter_misc":{"Est. reading time":"3 minutos"},"schema":{"@context":"https:\/\/schema.org","@graph":[{"@type":"WebPage","@id":"https:\/\/www.ferrovial.com\/es\/stem\/modelo-mecanico-cuantico\/","url":"https:\/\/www.ferrovial.com\/es\/stem\/modelo-mecanico-cuantico\/","name":"Modelo mec\u00e1nico cu\u00e1ntico, qu\u00e9 es, aplicaciones - Ferrovial","isPartOf":{"@id":"https:\/\/www.ferrovial.com\/es\/#website"},"datePublished":"2023-09-25T06:03:23+00:00","dateModified":"2024-04-17T11:29:20+00:00","description":"El modelo cu\u00e1ntico o modelo mec\u00e1nico cu\u00e1ntico es un marco te\u00f3rico de la f\u00edsica que permite describir las din\u00e1micas del \u00e1tomo y las part\u00edculas subat\u00f3micas de manera m\u00e1s precisa que los modelos anteriores: el modelo planetario del \u00e1tomo y el modelo at\u00f3mico de Bohrn. El modelo mec\u00e1nico cu\u00e1ntico se basa en los principios de la mec\u00e1nica cu\u00e1ntica.","breadcrumb":{"@id":"https:\/\/www.ferrovial.com\/es\/stem\/modelo-mecanico-cuantico\/#breadcrumb"},"inLanguage":"es","potentialAction":[{"@type":"ReadAction","target":["https:\/\/www.ferrovial.com\/es\/stem\/modelo-mecanico-cuantico\/"]}]},{"@type":"BreadcrumbList","@id":"https:\/\/www.ferrovial.com\/es\/stem\/modelo-mecanico-cuantico\/#breadcrumb","itemListElement":[{"@type":"ListItem","position":1,"name":"Portada","item":"https:\/\/www.ferrovial.com\/es\/"},{"@type":"ListItem","position":2,"name":"STEM","item":"https:\/\/www.ferrovial.com\/es\/stem\/"},{"@type":"ListItem","position":3,"name":"Modelo mec\u00e1nico cu\u00e1ntico"}]},{"@type":"WebSite","@id":"https:\/\/www.ferrovial.com\/es\/#website","url":"https:\/\/www.ferrovial.com\/es\/","name":"Ferrovial","description":"Welcome to the Ferrovial&#039;s website, global operator of sustainable infrastructure. Here you can find all the information about the company and subsidiaries.","publisher":{"@id":"https:\/\/www.ferrovial.com\/es\/#organization"},"potentialAction":[{"@type":"SearchAction","target":{"@type":"EntryPoint","urlTemplate":"https:\/\/www.ferrovial.com\/es\/?s={search_term_string}"},"query-input":{"@type":"PropertyValueSpecification","valueRequired":true,"valueName":"search_term_string"}}],"inLanguage":"es"},{"@type":"Organization","@id":"https:\/\/www.ferrovial.com\/es\/#organization","name":"Ferrovial S.A.","url":"https:\/\/www.ferrovial.com\/es\/","logo":{"@type":"ImageObject","inLanguage":"es","@id":"https:\/\/www.ferrovial.com\/es\/#\/schema\/logo\/image\/","url":"https:\/\/static.ferrovial.com\/wp-content\/uploads\/2020\/01\/13124948\/logo-ferrovial-cf7.png","contentUrl":"https:\/\/static.ferrovial.com\/wp-content\/uploads\/2020\/01\/13124948\/logo-ferrovial-cf7.png","width":144,"height":32,"caption":"Ferrovial S.A."},"image":{"@id":"https:\/\/www.ferrovial.com\/es\/#\/schema\/logo\/image\/"},"sameAs":["https:\/\/www.facebook.com\/ferrovial","https:\/\/x.com\/ferrovial","https:\/\/www.instagram.com\/ferrovial\/","https:\/\/www.linkedin.com\/company\/ferrovial","https:\/\/www.pinterest.es\/ferrovial\/","https:\/\/www.youtube.com\/ferrovial","https:\/\/en.wikipedia.org\/wiki\/Ferrovial"]}]}},"_links":{"self":[{"href":"https:\/\/www.ferrovial.com\/es\/wp-json\/wp\/v2\/pages\/268475","targetHints":{"allow":["GET"]}}],"collection":[{"href":"https:\/\/www.ferrovial.com\/es\/wp-json\/wp\/v2\/pages"}],"about":[{"href":"https:\/\/www.ferrovial.com\/es\/wp-json\/wp\/v2\/types\/page"}],"replies":[{"embeddable":true,"href":"https:\/\/www.ferrovial.com\/es\/wp-json\/wp\/v2\/comments?post=268475"}],"version-history":[{"count":3,"href":"https:\/\/www.ferrovial.com\/es\/wp-json\/wp\/v2\/pages\/268475\/revisions"}],"predecessor-version":[{"id":279879,"href":"https:\/\/www.ferrovial.com\/es\/wp-json\/wp\/v2\/pages\/268475\/revisions\/279879"}],"up":[{"embeddable":true,"href":"https:\/\/www.ferrovial.com\/es\/wp-json\/wp\/v2\/pages\/227878"}],"wp:attachment":[{"href":"https:\/\/www.ferrovial.com\/es\/wp-json\/wp\/v2\/media?parent=268475"}],"curies":[{"name":"wp","href":"https:\/\/api.w.org\/{rel}","templated":true}]}}