{"id":268478,"date":"2023-09-25T08:20:29","date_gmt":"2023-09-25T06:20:29","guid":{"rendered":"https:\/\/www.ferrovial.com\/?page_id=268478"},"modified":"2024-04-19T12:08:42","modified_gmt":"2024-04-19T10:08:42","slug":"sistema-de-paneles-solares","status":"publish","type":"page","link":"https:\/\/www.ferrovial.com\/es\/recursos\/sistema-de-paneles-solares\/","title":{"rendered":"Sistema de paneles solares"},"content":{"rendered":"    <m-final-content-header >\n            <c-breadcrumb label-text=\"Breadcrumb\" slot=\"breadcrumbs\" type='2' align='left' wrap='wrapped wrapped' aria-label='Vienes de Recursos'>\n                        <ol>\n\n                                                            <li><a href=\"https:\/\/www.ferrovial.com\/es\/\" title=\"Ferrovial\">Ferrovial<\/a><\/li>\n                                                                        <li><a href=\"https:\/\/www.ferrovial.com\/es\/recursos\/\" title=\"Recursos\">Recursos<\/a><\/li>\n                                    \n                <\/ol>\n\n                <\/c-breadcrumb>\n    \n        <div slot=\"header\">\n            <h1>\n                \u00bfQue es un sistema de paneles solares?            <\/h1>\n                    <\/div>\n    <\/m-final-content-header>\n\n    \n\n\n<m-wysiwig class=\"wp-block-components-wysiwyg\"><div slot=\"maincontent\">\n<script type=\"application\/ld+json\">\n{\n  \"@context\": \"https:\/\/schema.org\",\n  \"@type\": \"FAQPage\",\n  \"mainEntity\": [{\n    \"@type\": \"Question\",\n    \"name\": \"\u00bfQu\u00e9 es un sistema de paneles solares?\",\n    \"acceptedAnswer\": {\n      \"@type\": \"Answer\",\n      \"text\": \"Un sistema de paneles solares es una instalaci\u00f3n dise\u00f1ada para la generaci\u00f3n de energ\u00eda solar; es decir, energ\u00eda que proviene del sol en forma de luz y se convierte en electricidadutilizable dentro de la red de consumo humano.\n\nLos tambi\u00e9n conocidos como sistemas fotovoltaicos son cada vez m\u00e1s populares debido al inter\u00e9s y la necesidad crecientes de producir electricidad limpia y sostenible como alternativa a las tecnolog\u00edas que han dominado la industria el\u00e9ctrica hasta ahora.\"\n    }\n  },{\n    \"@type\": \"Question\",\n    \"name\": \"\u00bfC\u00f3mo est\u00e1 compuesto un sistema de paneles solares?\",\n    \"acceptedAnswer\": {\n      \"@type\": \"Answer\",\n      \"text\": \"Los sistemas fotovoltaicos est\u00e1n rigurosamente dise\u00f1ados para que el conjunto de sus componentes pueda ofrecer el m\u00e1ximo desempe\u00f1o en cuanto a producci\u00f3n, suministro, almacenamiento y transmisi\u00f3n de la energ\u00eda el\u00e9ctrica. Estas configuraciones var\u00edan en funci\u00f3n de la demanda energ\u00e9tica que tendr\u00e1 el sistema, la disponibilidad del recurso solar, el espacio y el presupuesto de la instalaci\u00f3n. Los dispositivos que se pueden encontrar com\u00fanmente son:\n<ul>\n<li>M\u00f3dulos fotovoltaicos<\/li>\n<li>Inversor<\/li>\n<li>Estructuras de montaje<\/li>\n<li>Cableado<\/li>\n<li>Sistema de almacenamiento<\/li>\n<li>Medidor bidireccional<\/li>\n<li>Seguidores solares<\/li>\n<\/ul>\"\n    }\n  },{\n    \"@type\": \"Question\",\n    \"name\": \"\u00bfCu\u00e1les son las aplicaciones de los sistemas de paneles solares?\",\n    \"acceptedAnswer\": {\n      \"@type\": \"Answer\",\n      \"text\": \"Los usos comunes que tienen los sistemas fotovoltaicos van desde montajes modestos con uno o unos pocos paneles solares para cubrir necesidades espec\u00edficas de aparatos en sitios remotos, pasando por instalaciones destinadas a cubrir la demanda de viviendas o pol\u00edgonos industriales, hasta enormes plantas de generaci\u00f3n de energ\u00eda renovable. Otro de los usos important\u00edsimos que tienen los sistemas de paneles solares est\u00e1 en el espacio, puesto que gran parte de los sat\u00e9lites artificiales, sondas y dem\u00e1s veh\u00edculos que lanzamos al espacio cuentan con sistemas de paneles solares para su funcionamiento.\"\n    }\n  },{\n    \"@type\": \"Question\",\n    \"name\": \"\u00bfCu\u00e1les son las ventajas y desventajas de los sistemas de paneles solares?\",\n    \"acceptedAnswer\": {\n      \"@type\": \"Answer\",\n      \"text\": \"Ventajas:\n<ul>\n<li>Aprovechan la mayor fuente de energ\u00eda renovable disponible en el planeta.\n<\/li>\n<li>Otorgan autonom\u00eda energ\u00e9tica.\n<\/li>\n<li>Aumentan el valor de las propiedades.\n<\/li>\n<li>Producen energ\u00eda limpia.\n<\/li>\n<li>Requieren bajo mantenimiento.\n<\/li>\n<li>El ahorro econ\u00f3mico que supone su uso los hace amortizables con el tiempo.\n<\/li>\n<\/ul>\nDesventajas:\n<ul>\n<li>Los costos iniciales son elevados, aunque los avances tecnol\u00f3gicos y la evoluci\u00f3n del mercado los ha ido reduciendo considerablemente.\n<\/li>\n<li>Su eficiencia depende de la disponibilidad de luz solar. En d\u00edas nublados, la capacidad de generaci\u00f3n puede caer notablemente. Durante la noche, se hace indispensable el sistema de almacenamiento o el uso de otra fuente de energ\u00eda.\n<\/li>\n<\/ul>\"\n    }\n  }]\n}\n<\/script>\n<p>Un sistema de paneles solares es una instalaci\u00f3n dise\u00f1ada para la generaci\u00f3n de <a href=\"https:\/\/www.ferrovial.com\/es\/recursos\/energia-solar\/\" target=\"_blank\" rel=\"noreferrer noopener\">energ\u00eda solar<\/a>; es decir, <strong>energ\u00eda que proviene del sol en forma de luz y se convierte en <\/strong><a href=\"https:\/\/www.ferrovial.com\/es\/recursos\/electricidad\/\" target=\"_blank\" rel=\"noreferrer noopener\"><strong>electricidad<\/strong><\/a><strong> <\/strong>utilizable dentro de la red de consumo humano.<\/p>\n\n\n\n<p>Los tambi\u00e9n conocidos como sistemas fotovoltaicos son cada vez m\u00e1s populares debido al inter\u00e9s y la necesidad crecientes de producir <strong>electricidad limpia <\/strong>y sostenible como alternativa a las tecnolog\u00edas que han dominado la industria el\u00e9ctrica hasta ahora.<\/p>\n\n\n\n<h2 class=\"wp-block-heading\"><strong>\u00bfC\u00f3mo est\u00e1 compuesto un sistema de paneles solares?<\/strong><\/h2>\n\n\n\n<p>Los sistemas fotovoltaicos est\u00e1n rigurosamente dise\u00f1ados para que el conjunto de sus componentes pueda ofrecer el <strong>m\u00e1ximo desempe\u00f1o en cuanto a producci\u00f3n, suministro, almacenamiento y transmisi\u00f3n de la energ\u00eda el\u00e9ctrica<\/strong>. Estas configuraciones var\u00edan en funci\u00f3n de la <strong>demanda energ\u00e9tica <\/strong>que tendr\u00e1 el sistema, la <strong>disponibilidad del recurso solar<\/strong>, el espacio y el <strong>presupuesto de la instalaci\u00f3n<\/strong>. Los dispositivos que se pueden encontrar com\u00fanmente son:<\/p>\n\n\n\n<ul class=\"wp-block-list\">\n<li><strong>M\u00f3dulos fotovoltaicos:<\/strong> son los paneles solares en s\u00ed. Estos dispositivos cuentan con varias hileras de c\u00e9lulas fotovoltaicas capaces de transformar la radiaci\u00f3n en electricidad. Las c\u00e9lulas que conforman las placas solares se fabrican con <a href=\"https:\/\/www.ferrovial.com\/es\/recursos\/materiales-conductores\/\" target=\"_blank\" rel=\"noreferrer noopener\">materiales semiconductores<\/a> que liberan electrones al recibir la radiaci\u00f3n solar. La mayor\u00eda de las veces se utiliza el <strong>silicio cristalino<\/strong>. Este material se modifica incorporando ciertos elementos para crear dos tipos de semiconductores distintos dentro de la misma celda, uno con carga negativa y otro con carga positiva. Estos dos tipos de semiconductores interact\u00faan entre s\u00ed. Al recibir la luz solar, aumentan los electrones libres del semiconductor negativo y, a su vez, la diferencia de potencial que tiene con el semiconductor positivo, lo que genera una corriente el\u00e9ctrica.<\/li>\n\n\n\n<li><strong>Inversor:<\/strong> la electricidad que producen los paneles fotovoltaicos tiene una corriente continua (CC en espa\u00f1ol y DC en ingl\u00e9s), mientras que la mayor\u00eda de los aparatos el\u00e9ctricos y los sistemas convencionales de electricidad funcionan con corriente alterna (CA en espa\u00f1ol y AC en ingl\u00e9s). El inversor permite convertir la corriente continua en corriente alterna para su utilizaci\u00f3n.<\/li>\n\n\n\n<li><strong>Estructuras de montaje:<\/strong> son el soporte en el que se instalan los paneles solares para ser fijados a distintas superficies como tejados, fachadas de edificios o extensiones de terreno. Las estructuras tienen medidas est\u00e1ndar que coinciden con los m\u00f3dulos fotovoltaicos y suelen fabricarse en aluminio, por ser un material ligero y resistente a la intemperie.<\/li>\n\n\n\n<li><a href=\"https:\/\/www.ferrovial.com\/es\/stem\/cables-y-cableado\/\" target=\"_blank\" rel=\"noreferrer noopener\"><strong>Cableado<\/strong><\/a><strong>:<\/strong> permite la transferencia de electricidad entre los paneles solares, el inversor y otros dispositivos auxiliares, as\u00ed como la red el\u00e9ctrica y los equipos de almacenamiento de energ\u00eda. El cableado conecta todo el sistema de paneles solares.<\/li>\n\n\n\n<li><strong>Sistema de almacenamiento:<\/strong> aunque no es indispensable, las instalaciones de paneles solares suelen incluir un sistema de almacenamiento de energ\u00eda con <a href=\"https:\/\/www.ferrovial.com\/es\/stem\/bateria-recargable\/\" target=\"_blank\" rel=\"noreferrer noopener\">bater\u00edas recargables<\/a> que permite guardar el exceso de electricidad generada para su uso posterior cuando el sol no est\u00e1 disponible, como en la noche o en d\u00edas nublados. Los acumuladores que se usan para este fin pueden ser de <a href=\"https:\/\/www.ferrovial.com\/es\/stem\/bateria-ion-litio\/\" target=\"_blank\" rel=\"noreferrer noopener\">ion-litio<\/a>, monoblock, bater\u00edas AGM o bater\u00edas estacionarias.<\/li>\n\n\n\n<li><strong>Medidor bidireccional:<\/strong> si el sistema de paneles solares est\u00e1 conectado a una red el\u00e9ctrica, se utiliza este componente para determinar cu\u00e1nta energ\u00eda se produce y consume aut\u00f3nomamente y cu\u00e1nta se vierte en la red. Existen compa\u00f1\u00edas el\u00e9ctricas que ofrecen una compensaci\u00f3n econ\u00f3mica a los usuarios que aportan energ\u00eda el\u00e9ctrica a la red.<\/li>\n\n\n\n<li><strong>Seguidores solares:<\/strong> son dispositivos que orientan el \u00e1ngulo de los paneles solares en funci\u00f3n de la posici\u00f3n del sol en el firmamento, con el fin de conseguir el m\u00e1ximo rendimiento durante el tiempo que se disponga de luz solar.<\/li>\n<\/ul>\n\n\n\n<h2 class=\"wp-block-heading\"><strong>\u00bfCu\u00e1les son las aplicaciones de los sistemas de paneles solares?<\/strong><\/h2>\n\n\n\n<p>Los usos comunes que tienen los sistemas fotovoltaicos van desde <strong>montajes modestos <\/strong>con uno o unos pocos paneles solares para cubrir <strong>necesidades espec\u00edficas de aparatos en sitios remotos<\/strong>, pasando por instalaciones destinadas a cubrir la <strong>demanda de viviendas o pol\u00edgonos industriales<\/strong>, hasta enormes plantas de <a href=\"https:\/\/www.ferrovial.com\/es-es\/f-construccion\/que-hacemos\/energy-solutions\/generacion-de-energia-renovable\/\" target=\"_blank\" rel=\"noreferrer noopener\">generaci\u00f3n de energ\u00eda renovable<\/a>. Otro de los usos important\u00edsimos que tienen los sistemas de paneles solares est\u00e1 en el <strong>espacio<\/strong>, puesto que gran parte de los <strong>sat\u00e9lites artificiales, sondas y dem\u00e1s veh\u00edculos <\/strong>que lanzamos al espacio cuentan con sistemas de paneles solares para su funcionamiento.<\/p>\n\n\n\n<h2 class=\"wp-block-heading\"><strong>\u00bfCu\u00e1les son las ventajas y desventajas de los sistemas de paneles solares?<\/strong><\/h2>\n\n\n\n<p><strong>Ventajas:<\/strong><\/p>\n\n\n\n<ul class=\"wp-block-list\">\n<li>Aprovechan la mayor fuente de <strong>energ\u00eda renovable <\/strong>disponible en el planeta.<\/li>\n\n\n\n<li>Otorgan <strong>autonom\u00eda <\/strong>energ\u00e9tica.<\/li>\n\n\n\n<li>Aumentan el <strong>valor <\/strong>de las propiedades.<\/li>\n\n\n\n<li>Producen <strong>energ\u00eda limpia<\/strong>.<\/li>\n\n\n\n<li>Requieren <strong>bajo mantenimiento<\/strong>.<\/li>\n\n\n\n<li>El <strong>ahorro econ\u00f3mico <\/strong>que supone su uso los hace amortizables con el tiempo.<\/li>\n<\/ul>\n\n\n\n<p><strong>Desventajas:<\/strong><\/p>\n\n\n\n<ul class=\"wp-block-list\">\n<li>Los <strong>costos iniciales <\/strong>son elevados, aunque los avances tecnol\u00f3gicos y la evoluci\u00f3n del mercado los ha ido reduciendo considerablemente.<\/li>\n\n\n\n<li>Su eficiencia depende de la <strong>disponibilidad de luz solar<\/strong>. En d\u00edas nublados, la capacidad de generaci\u00f3n puede caer notablemente. Durante la noche, se hace indispensable el sistema de almacenamiento o el uso de otra fuente de energ\u00eda.<\/li>\n<\/ul>\n<\/div><\/m-wysiwig>\n","protected":false},"excerpt":{"rendered":"","protected":false},"featured_media":0,"parent":25267,"menu_order":0,"comment_status":"closed","ping_status":"closed","template":"","meta":{"_acf_changed":false,"footnotes":""},"class_list":["post-268478","page","type-page","status-publish","hentry"],"acf":[],"yoast_head":"<!-- This site is optimized with the Yoast SEO plugin v27.2 - https:\/\/yoast.com\/product\/yoast-seo-wordpress\/ -->\n<title>Sistema de paneles solares: qu\u00e9 es, composici\u00f3n y aplicaciones - Ferrovial<\/title>\n<meta name=\"description\" content=\"Un sistema de paneles solares es una instalaci\u00f3n dise\u00f1ada para la generaci\u00f3n de energ\u00eda solar; es decir, energ\u00eda que proviene del sol en forma de luz y se convierte en electricidad utilizable dentro de la red de consumo humano.\" \/>\n<meta name=\"robots\" content=\"index, follow, max-snippet:-1, max-image-preview:large, max-video-preview:-1\" \/>\n<link rel=\"canonical\" href=\"https:\/\/www.ferrovial.com\/es\/recursos\/sistema-de-paneles-solares\/\" \/>\n<meta property=\"og:locale\" content=\"es_ES\" \/>\n<meta property=\"og:type\" content=\"article\" \/>\n<meta property=\"og:title\" content=\"Sistema de paneles solares: qu\u00e9 es, composici\u00f3n y aplicaciones - Ferrovial\" \/>\n<meta property=\"og:description\" content=\"Un sistema de paneles solares es una instalaci\u00f3n dise\u00f1ada para la generaci\u00f3n de energ\u00eda solar; es decir, energ\u00eda que proviene del sol en forma de luz y se convierte en electricidad utilizable dentro de la red de consumo humano.\" \/>\n<meta property=\"og:url\" content=\"https:\/\/www.ferrovial.com\/es\/recursos\/sistema-de-paneles-solares\/\" \/>\n<meta property=\"og:site_name\" content=\"Ferrovial\" \/>\n<meta property=\"article:publisher\" content=\"https:\/\/www.facebook.com\/ferrovial\" \/>\n<meta property=\"article:modified_time\" content=\"2024-04-19T10:08:42+00:00\" \/>\n<meta name=\"twitter:card\" content=\"summary_large_image\" \/>\n<meta name=\"twitter:site\" content=\"@ferrovial\" \/>\n<meta name=\"twitter:label1\" content=\"Est. reading time\" \/>\n\t<meta name=\"twitter:data1\" content=\"4 minutos\" \/>\n<!-- \/ Yoast SEO plugin. -->","yoast_head_json":{"title":"Sistema de paneles solares: qu\u00e9 es, composici\u00f3n y aplicaciones - Ferrovial","description":"Un sistema de paneles solares es una instalaci\u00f3n dise\u00f1ada para la generaci\u00f3n de energ\u00eda solar; es decir, energ\u00eda que proviene del sol en forma de luz y se convierte en electricidad utilizable dentro de la red de consumo humano.","robots":{"index":"index","follow":"follow","max-snippet":"max-snippet:-1","max-image-preview":"max-image-preview:large","max-video-preview":"max-video-preview:-1"},"canonical":"https:\/\/www.ferrovial.com\/es\/recursos\/sistema-de-paneles-solares\/","og_locale":"es_ES","og_type":"article","og_title":"Sistema de paneles solares: qu\u00e9 es, composici\u00f3n y aplicaciones - Ferrovial","og_description":"Un sistema de paneles solares es una instalaci\u00f3n dise\u00f1ada para la generaci\u00f3n de energ\u00eda solar; es decir, energ\u00eda que proviene del sol en forma de luz y se convierte en electricidad utilizable dentro de la red de consumo humano.","og_url":"https:\/\/www.ferrovial.com\/es\/recursos\/sistema-de-paneles-solares\/","og_site_name":"Ferrovial","article_publisher":"https:\/\/www.facebook.com\/ferrovial","article_modified_time":"2024-04-19T10:08:42+00:00","twitter_card":"summary_large_image","twitter_site":"@ferrovial","twitter_misc":{"Est. reading time":"4 minutos"},"schema":{"@context":"https:\/\/schema.org","@graph":[{"@type":"WebPage","@id":"https:\/\/www.ferrovial.com\/es\/recursos\/sistema-de-paneles-solares\/","url":"https:\/\/www.ferrovial.com\/es\/recursos\/sistema-de-paneles-solares\/","name":"Sistema de paneles solares: qu\u00e9 es, composici\u00f3n y aplicaciones - Ferrovial","isPartOf":{"@id":"https:\/\/www.ferrovial.com\/es\/#website"},"datePublished":"2023-09-25T06:20:29+00:00","dateModified":"2024-04-19T10:08:42+00:00","description":"Un sistema de paneles solares es una instalaci\u00f3n dise\u00f1ada para la generaci\u00f3n de energ\u00eda solar; es decir, energ\u00eda que proviene del sol en forma de luz y se convierte en electricidad utilizable dentro de la red de consumo humano.","breadcrumb":{"@id":"https:\/\/www.ferrovial.com\/es\/recursos\/sistema-de-paneles-solares\/#breadcrumb"},"inLanguage":"es","potentialAction":[{"@type":"ReadAction","target":["https:\/\/www.ferrovial.com\/es\/recursos\/sistema-de-paneles-solares\/"]}]},{"@type":"BreadcrumbList","@id":"https:\/\/www.ferrovial.com\/es\/recursos\/sistema-de-paneles-solares\/#breadcrumb","itemListElement":[{"@type":"ListItem","position":1,"name":"Portada","item":"https:\/\/www.ferrovial.com\/es\/"},{"@type":"ListItem","position":2,"name":"Recursos","item":"https:\/\/www.ferrovial.com\/es\/recursos\/"},{"@type":"ListItem","position":3,"name":"Sistema de paneles solares"}]},{"@type":"WebSite","@id":"https:\/\/www.ferrovial.com\/es\/#website","url":"https:\/\/www.ferrovial.com\/es\/","name":"Ferrovial","description":"Welcome to the Ferrovial&#039;s website, global operator of sustainable infrastructure. Here you can find all the information about the company and subsidiaries.","publisher":{"@id":"https:\/\/www.ferrovial.com\/es\/#organization"},"potentialAction":[{"@type":"SearchAction","target":{"@type":"EntryPoint","urlTemplate":"https:\/\/www.ferrovial.com\/es\/?s={search_term_string}"},"query-input":{"@type":"PropertyValueSpecification","valueRequired":true,"valueName":"search_term_string"}}],"inLanguage":"es"},{"@type":"Organization","@id":"https:\/\/www.ferrovial.com\/es\/#organization","name":"Ferrovial S.A.","url":"https:\/\/www.ferrovial.com\/es\/","logo":{"@type":"ImageObject","inLanguage":"es","@id":"https:\/\/www.ferrovial.com\/es\/#\/schema\/logo\/image\/","url":"https:\/\/static.ferrovial.com\/wp-content\/uploads\/2020\/01\/13124948\/logo-ferrovial-cf7.png","contentUrl":"https:\/\/static.ferrovial.com\/wp-content\/uploads\/2020\/01\/13124948\/logo-ferrovial-cf7.png","width":144,"height":32,"caption":"Ferrovial S.A."},"image":{"@id":"https:\/\/www.ferrovial.com\/es\/#\/schema\/logo\/image\/"},"sameAs":["https:\/\/www.facebook.com\/ferrovial","https:\/\/x.com\/ferrovial","https:\/\/www.instagram.com\/ferrovial\/","https:\/\/www.linkedin.com\/company\/ferrovial","https:\/\/www.pinterest.es\/ferrovial\/","https:\/\/www.youtube.com\/ferrovial","https:\/\/en.wikipedia.org\/wiki\/Ferrovial"]}]}},"_links":{"self":[{"href":"https:\/\/www.ferrovial.com\/es\/wp-json\/wp\/v2\/pages\/268478","targetHints":{"allow":["GET"]}}],"collection":[{"href":"https:\/\/www.ferrovial.com\/es\/wp-json\/wp\/v2\/pages"}],"about":[{"href":"https:\/\/www.ferrovial.com\/es\/wp-json\/wp\/v2\/types\/page"}],"replies":[{"embeddable":true,"href":"https:\/\/www.ferrovial.com\/es\/wp-json\/wp\/v2\/comments?post=268478"}],"version-history":[{"count":2,"href":"https:\/\/www.ferrovial.com\/es\/wp-json\/wp\/v2\/pages\/268478\/revisions"}],"predecessor-version":[{"id":279969,"href":"https:\/\/www.ferrovial.com\/es\/wp-json\/wp\/v2\/pages\/268478\/revisions\/279969"}],"up":[{"embeddable":true,"href":"https:\/\/www.ferrovial.com\/es\/wp-json\/wp\/v2\/pages\/25267"}],"wp:attachment":[{"href":"https:\/\/www.ferrovial.com\/es\/wp-json\/wp\/v2\/media?parent=268478"}],"curies":[{"name":"wp","href":"https:\/\/api.w.org\/{rel}","templated":true}]}}