{"id":268480,"date":"2023-09-25T08:39:14","date_gmt":"2023-09-25T06:39:14","guid":{"rendered":"https:\/\/www.ferrovial.com\/?page_id=268480"},"modified":"2024-04-19T12:26:29","modified_gmt":"2024-04-19T10:26:29","slug":"biogas","status":"publish","type":"page","link":"https:\/\/www.ferrovial.com\/es\/recursos\/biogas\/","title":{"rendered":"Biog\u00e1s"},"content":{"rendered":"    <m-final-content-header >\n            <c-breadcrumb label-text=\"Breadcrumb\" slot=\"breadcrumbs\" type='2' align='left' wrap='wrapped wrapped' aria-label='Vienes de Recursos'>\n                        <ol>\n\n                                                            <li><a href=\"https:\/\/www.ferrovial.com\/es\/\" title=\"Ferrovial\">Ferrovial<\/a><\/li>\n                                                                        <li><a href=\"https:\/\/www.ferrovial.com\/es\/recursos\/\" title=\"Recursos\">Recursos<\/a><\/li>\n                                    \n                <\/ol>\n\n                <\/c-breadcrumb>\n    \n        <div slot=\"header\">\n            <h1>\n                \u00bfQu\u00e9 es el biog\u00e1s?            <\/h1>\n                    <\/div>\n    <\/m-final-content-header>\n\n    \n\n\n<m-wysiwig class=\"wp-block-components-wysiwyg\"><div slot=\"maincontent\">\n<script type=\"application\/ld+json\">\n{\n  \"@context\": \"https:\/\/schema.org\",\n  \"@type\": \"FAQPage\",\n  \"mainEntity\": [{\n    \"@type\": \"Question\",\n    \"name\": \"\u00bfQu\u00e9 es el biog\u00e1s?\",\n    \"acceptedAnswer\": {\n      \"@type\": \"Answer\",\n      \"text\": \"El biog\u00e1s es un gas combustible que se produce a partir de la descomposici\u00f3n de materia org\u00e1nica. El biog\u00e1s se cuenta entre las fuentes de energ\u00eda renovables porque su generaci\u00f3n exige la eliminaci\u00f3n de residuos contaminantes y su utilizaci\u00f3n reduce considerablemente los gases de efecto invernadero.\"\n    }\n  },{\n    \"@type\": \"Question\",\n    \"name\": \"\u00bfCu\u00e1l es la materia prima para la producci\u00f3n de biog\u00e1s?\",\n    \"acceptedAnswer\": {\n      \"@type\": \"Answer\",\n      \"text\": \"Los sustratos para la producci\u00f3n de biog\u00e1s pueden ser: residuos agr\u00edcolas, como esti\u00e9rcol animal y restos de cosecha; desechos org\u00e1nicos municipales, como lodos de depuradoras o desperdicios de alimentos; y restos org\u00e1nicos industriales. Lo que s\u00ed es indispensable es que esta materia prima se encuentre debidamente separada de otros tipos de residuos.\"\n    }\n  },{\n    \"@type\": \"Question\",\n    \"name\": \"\u00bfC\u00f3mo se genera el biog\u00e1s?\",\n    \"acceptedAnswer\": {\n      \"@type\": \"Answer\",\n      \"text\": \"La producci\u00f3n de biog\u00e1s se lleva a cabo mediante un proceso de digesti\u00f3n anaer\u00f3bica de la biomasa. Esto quiere decir que, en un ambiente sin ox\u00edgeno, proliferan bacterias metanog\u00e9nicas que son capaces de descomponer la materia org\u00e1nica. En este proceso de digesti\u00f3n, dichas bacterias producen fertilizante (biol) y biog\u00e1s, que est\u00e1 compuesto principalmente por metano (CH4) y di\u00f3xido de carbono (CO2), junto con peque\u00f1as cantidades de otros gases como nitr\u00f3geno, ox\u00edgeno, sulfuro de hidr\u00f3geno y vapor de agua.\"\n    }\n  },{\n    \"@type\": \"Question\",\n    \"name\": \"\u00bfCu\u00e1l es la diferencia entre el biog\u00e1s y el biometano?\",\n    \"acceptedAnswer\": {\n      \"@type\": \"Answer\",\n      \"text\": \"El biog\u00e1s, como hemos visto, est\u00e1 compuesto principalmente de metano; sin embargo, tambi\u00e9n contiene una porci\u00f3n de CO2, as\u00ed como de otros gases que interact\u00faan negativamente con los metales. El biometano es el gas de metano que se purifica en procesos posteriores a la producci\u00f3n de biog\u00e1s, lo que permite su transporte, almacenamiento, embotellado y comercializaci\u00f3n como combustible de calidad.\"\n    }\n  },{\n    \"@type\": \"Question\",\n    \"name\": \"\u00bfCu\u00e1les son las aplicaciones que tiene el biog\u00e1s?\",\n    \"acceptedAnswer\": {\n      \"@type\": \"Answer\",\n      \"text\": \"El gas combustible puede utilizarse para la generaci\u00f3n de energ\u00eda t\u00e9rmica. Con la debida purificaci\u00f3n, puede envasarse y transportarse del mismo modo que el gas natural.\n\nLa combusti\u00f3n de biog\u00e1s puede usarse para la generaci\u00f3n de energ\u00eda el\u00e9ctrica.\n\nLa propia naturaleza de la materia prima de la producci\u00f3n de biog\u00e1s supone un aliado para alcanzar modelos de econom\u00eda circular, como cuando se usan los desechos de la actividad agropecuaria para generar energ\u00eda que se emplea para cubrir la demanda interna.\"\n    }\n  },{\n    \"@type\": \"Question\",\n    \"name\": \"\u00bfCu\u00e1les son las ventajas y las desventajas del biog\u00e1s?\",\n    \"acceptedAnswer\": {\n      \"@type\": \"Answer\",\n      \"text\": \"Ventajas:\n<ul>\n<li>Durante la producci\u00f3n reducen residuos, contaminaci\u00f3n ambiental y malos olores.<\/li>\n<li>Es una fuente de energ\u00eda renovable.<\/li>\n<li>Su producci\u00f3n genera fertilizante org\u00e1nico como subproducto.<\/li>\n<li>La implantaci\u00f3n de biodigestores supone ahorro econ\u00f3mico y autonom\u00eda energ\u00e9tica.<\/li>\n<li>Es una tecnolog\u00eda aplicable en peque\u00f1a escala, especialmente en poblaciones rurales.<\/li><\/ul>\nDesventajas:\n<ul>\n<li>Los biodigestores requieren espacio, lo que puede ser un obst\u00e1culo en \u00e1reas urbanas densamente pobladas.<\/li>\n<li>La producci\u00f3n de biog\u00e1s exige mantenimiento regular de los equipos para garantizar un funcionamiento eficiente y evitar problemas t\u00e9cnicos.<\/li>\n<li>Se debe garantizar un suministro constante de materia prima.<\/li>\n<li>Los accidentes, como fugas de biog\u00e1s no controladas, pueden contribuir al calentamiento global. Por otro lado, una mala gesti\u00f3n del digestato puede contaminar el agua y el suelo.<\/li><\/ul>\"\n    }\n  }]\n}\n<\/script>\n<p>El biog\u00e1s es un <strong>gas combustible que se produce a partir de la descomposici\u00f3n de materia org\u00e1nica<\/strong>. El biog\u00e1s se cuenta entre las fuentes de <a href=\"https:\/\/www.ferrovial.com\/es\/recursos\/energias-renovables\/\" target=\"_blank\" rel=\"noreferrer noopener\">energ\u00eda renovables<\/a> porque su generaci\u00f3n exige la eliminaci\u00f3n de residuos contaminantes y su utilizaci\u00f3n reduce considerablemente los gases de <strong>efecto invernadero<\/strong>.<\/p>\n\n\n\n<h2 class=\"wp-block-heading\"><strong>\u00bfCu\u00e1l es la materia prima para la producci\u00f3n de biog\u00e1s?<\/strong><\/h2>\n\n\n\n<p>Los sustratos para la producci\u00f3n de biog\u00e1s pueden ser: <strong>residuos agr\u00edcolas<\/strong>, como esti\u00e9rcol animal y restos de cosecha; <strong>desechos org\u00e1nicos municipales<\/strong>, como lodos de depuradoras o desperdicios de alimentos; y <strong>restos org\u00e1nicos industriales<\/strong>. Lo que s\u00ed es indispensable es que esta materia prima se encuentre debidamente separada de otros tipos de residuos.<\/p>\n\n\n\n<h2 class=\"wp-block-heading\"><strong>\u00bfC\u00f3mo se genera el biog\u00e1s?<\/strong><\/h2>\n\n\n\n<p>La producci\u00f3n de biog\u00e1s se lleva a cabo mediante un <strong>proceso de digesti\u00f3n anaer\u00f3bica de la biomasa<\/strong>. Esto quiere decir que, en un ambiente sin ox\u00edgeno, proliferan <strong>bacterias metanog\u00e9nicas que son capaces de descomponer la materia org\u00e1nica<\/strong>. En este proceso de digesti\u00f3n, dichas bacterias producen <strong>fertilizante (biol) y biog\u00e1s<\/strong>, que est\u00e1 compuesto principalmente por metano (CH<sub>4<\/sub>) y di\u00f3xido de carbono (CO2), junto con peque\u00f1as cantidades de otros gases como nitr\u00f3geno, ox\u00edgeno, sulfuro de hidr\u00f3geno y vapor de agua.<\/p>\n\n\n\n<p>La tecnolog\u00eda para producir biog\u00e1s puede ir desde peque\u00f1os biodigestores de uso familiar a plantas de generaci\u00f3n de dimensiones industriales. Pese a las diferencias que tienen los proyectos m\u00e1s modestos frente a los m\u00e1s desarrollados, suelen tener en com\u00fan elementos como:&nbsp;<\/p>\n\n\n\n<ul class=\"wp-block-list\">\n<li>Un <strong>dep\u00f3sito de alimentaci\u00f3n <\/strong>en el que se vierte la biomasa triturada y en un primer estado de descomposici\u00f3n.<\/li>\n\n\n\n<li>Un <strong>reactor <\/strong>en el que la <strong>materia org\u00e1nica se mezcla, se agita y se fermenta <\/strong>por la actividad de las bacterias. Debe estar cerrado herm\u00e9ticamente y lleno en su totalidad con la mezcla de fermentaci\u00f3n. La ausencia de ox\u00edgeno crea un ambiente anaer\u00f3bico propicio para la acci\u00f3n de las bacterias que se alimentar\u00e1n de las grasas e hidratos de carbono de la biomasa. La <strong>temperatura <\/strong>cumple un papel fundamental para la productividad de la flora bacteriana. Las temperaturas bajas ralentizan el proceso. El gas que se va generando por la digesti\u00f3n de las bacterias sube y se separa del l\u00edquido.<\/li>\n\n\n\n<li><strong>V\u00e1lvulas y sistemas de captura <\/strong>que se encuentran en la parte superior del biodigestor. Desde all\u00ed, se canaliza para ser utilizado directamente como fuente de energ\u00eda, para almacenarlo en un dep\u00f3sito, o bien para llevarlo a posteriores procesos de mayor purificaci\u00f3n.<\/li>\n\n\n\n<li><strong>Tanque de almacenamiento<\/strong>.<\/li>\n\n\n\n<li><strong>Dep\u00f3sito de descarga<\/strong> al que llega la materia l\u00edquida procesada que sirve como fertilizante org\u00e1nico, estable y carente de olores putrefactos.<\/li>\n<\/ul>\n\n\n\n<p>El biog\u00e1s <strong>tambi\u00e9n se produce espont\u00e1neamente <\/strong>de manera no controlada ni aprovechable en pantanos o vertederos en los que gran cantidad de materia org\u00e1nica en descomposici\u00f3n queda atrapada. A la <strong>industria ganadera <\/strong>se le responsabiliza de una de las mayores emisiones de <strong>gases de efecto invernadero<\/strong>, precisamente porque el esti\u00e9rcol genera gran cantidad de metano y di\u00f3xido de carbono que se libera directamente a la atm\u00f3sfera. Una soluci\u00f3n efectiva para reducir el impacto de la ganader\u00eda en el ambiente es la incorporaci\u00f3n de biodigestores dentro de los procesos de producci\u00f3n habituales del sector.&nbsp;<\/p>\n\n\n\n<p>En los <strong>rellenos sanitarios<\/strong>, es com\u00fan la instalaci\u00f3n de antorchas que permiten la combusti\u00f3n del metano, pues este produce un efecto invernadero mucho mayor que el di\u00f3xido de carbono.<\/p>\n\n\n\n<h2 class=\"wp-block-heading\"><strong>\u00bfCu\u00e1l es la diferencia entre el biog\u00e1s y el biometano?<\/strong><\/h2>\n\n\n\n<p>El biog\u00e1s, como hemos visto, est\u00e1 compuesto principalmente de metano; sin embargo, tambi\u00e9n contiene una porci\u00f3n de CO2, as\u00ed como de otros gases que interact\u00faan negativamente con los metales. <strong>El biometano es el gas de metano que se purifica en procesos posteriores a la producci\u00f3n de biog\u00e1s<\/strong>, lo que permite su <a href=\"https:\/\/www.ferrovial.com\/es\/recursos\/transporte-de-mercancias\/\" target=\"_blank\" rel=\"noreferrer noopener\">transporte<\/a>, almacenamiento, embotellado y comercializaci\u00f3n como combustible de calidad.&nbsp;<\/p>\n\n\n\n<h2 class=\"wp-block-heading\"><strong>\u00bfCu\u00e1les son las aplicaciones que tiene el biog\u00e1s?<\/strong><\/h2>\n\n\n\n<p>El gas combustible puede utilizarse para la <strong>generaci\u00f3n de energ\u00eda t\u00e9rmica<\/strong>. Con la debida purificaci\u00f3n, puede envasarse y transportarse del mismo modo que el gas natural.<\/p>\n\n\n\n<p>La combusti\u00f3n de biog\u00e1s puede usarse para la generaci\u00f3n de <strong>energ\u00eda el\u00e9ctrica<\/strong>.<\/p>\n\n\n\n<p>La propia naturaleza de la materia prima de la producci\u00f3n de biog\u00e1s supone un aliado para alcanzar modelos de <a href=\"https:\/\/www.ferrovial.com\/es\/recursos\/economia-circular\/\" target=\"_blank\" rel=\"noreferrer noopener\">econom\u00eda circular<\/a>, como cuando se usan los desechos de la actividad agropecuaria para generar energ\u00eda que se emplea para cubrir la demanda interna.<\/p>\n\n\n\n<h2 class=\"wp-block-heading\"><strong>\u00bfCu\u00e1les son las ventajas y las desventajas del biog\u00e1s?<\/strong><\/h2>\n\n\n\n<p><strong>Ventajas:<\/strong><\/p>\n\n\n\n<ul class=\"wp-block-list\">\n<li>Durante la producci\u00f3n reducen <a href=\"https:\/\/www.ferrovial.com\/es\/recursos\/residuos\/\" target=\"_blank\" rel=\"noreferrer noopener\">residuos<\/a>, contaminaci\u00f3n ambiental y malos olores.<\/li>\n\n\n\n<li>Es una fuente de energ\u00eda renovable.<\/li>\n\n\n\n<li>Su producci\u00f3n genera fertilizante org\u00e1nico como subproducto.<\/li>\n\n\n\n<li>La implantaci\u00f3n de biodigestores supone ahorro econ\u00f3mico y autonom\u00eda energ\u00e9tica.<\/li>\n\n\n\n<li>Es una tecnolog\u00eda aplicable en peque\u00f1a escala, especialmente en poblaciones rurales.<\/li>\n<\/ul>\n\n\n\n<p><strong>Desventajas:<\/strong><\/p>\n\n\n\n<ul class=\"wp-block-list\">\n<li>Los biodigestores requieren espacio, lo que puede ser un obst\u00e1culo en \u00e1reas urbanas densamente pobladas.<\/li>\n\n\n\n<li>La producci\u00f3n de biog\u00e1s exige mantenimiento regular de los equipos para garantizar un funcionamiento eficiente y evitar problemas t\u00e9cnicos.<\/li>\n\n\n\n<li>Se debe garantizar un suministro constante de materia prima.<\/li>\n\n\n\n<li>Los accidentes, como fugas de biog\u00e1s no controladas, pueden contribuir al calentamiento global. Por otro lado, una mala gesti\u00f3n del digestato puede contaminar el agua y el suelo.<\/li>\n<\/ul>\n<\/div><\/m-wysiwig>\n","protected":false},"excerpt":{"rendered":"","protected":false},"featured_media":0,"parent":25267,"menu_order":0,"comment_status":"closed","ping_status":"closed","template":"","meta":{"_acf_changed":false,"footnotes":""},"class_list":["post-268480","page","type-page","status-publish","hentry"],"acf":[],"yoast_head":"<!-- This site is optimized with the Yoast SEO plugin v27.2 - https:\/\/yoast.com\/product\/yoast-seo-wordpress\/ -->\n<title>Biog\u00e1s: qu\u00e9 es, c\u00f3mo se genera, aplicaciones, ventajas y desventajas<\/title>\n<meta name=\"description\" content=\"El biog\u00e1s es un gas combustible que se produce a partir de la descomposici\u00f3n de materia org\u00e1nica. El biog\u00e1s se cuenta entre las fuentes de energ\u00eda renovables porque su generaci\u00f3n exige la eliminaci\u00f3n de residuos contaminantes y su utilizaci\u00f3n reduce considerablemente los gases de efecto invernadero.\" \/>\n<meta name=\"robots\" content=\"index, follow, max-snippet:-1, max-image-preview:large, max-video-preview:-1\" \/>\n<link rel=\"canonical\" href=\"https:\/\/www.ferrovial.com\/es\/recursos\/biogas\/\" \/>\n<meta property=\"og:locale\" content=\"es_ES\" \/>\n<meta property=\"og:type\" content=\"article\" \/>\n<meta property=\"og:title\" content=\"Biog\u00e1s: qu\u00e9 es, c\u00f3mo se genera, aplicaciones, ventajas y desventajas\" \/>\n<meta property=\"og:description\" content=\"El biog\u00e1s es un gas combustible que se produce a partir de la descomposici\u00f3n de materia org\u00e1nica. El biog\u00e1s se cuenta entre las fuentes de energ\u00eda renovables porque su generaci\u00f3n exige la eliminaci\u00f3n de residuos contaminantes y su utilizaci\u00f3n reduce considerablemente los gases de efecto invernadero.\" \/>\n<meta property=\"og:url\" content=\"https:\/\/www.ferrovial.com\/es\/recursos\/biogas\/\" \/>\n<meta property=\"og:site_name\" content=\"Ferrovial\" \/>\n<meta property=\"article:publisher\" content=\"https:\/\/www.facebook.com\/ferrovial\" \/>\n<meta property=\"article:modified_time\" content=\"2024-04-19T10:26:29+00:00\" \/>\n<meta name=\"twitter:card\" content=\"summary_large_image\" \/>\n<meta name=\"twitter:site\" content=\"@ferrovial\" \/>\n<meta name=\"twitter:label1\" content=\"Est. reading time\" \/>\n\t<meta name=\"twitter:data1\" content=\"4 minutos\" \/>\n<!-- \/ Yoast SEO plugin. -->","yoast_head_json":{"title":"Biog\u00e1s: qu\u00e9 es, c\u00f3mo se genera, aplicaciones, ventajas y desventajas","description":"El biog\u00e1s es un gas combustible que se produce a partir de la descomposici\u00f3n de materia org\u00e1nica. El biog\u00e1s se cuenta entre las fuentes de energ\u00eda renovables porque su generaci\u00f3n exige la eliminaci\u00f3n de residuos contaminantes y su utilizaci\u00f3n reduce considerablemente los gases de efecto invernadero.","robots":{"index":"index","follow":"follow","max-snippet":"max-snippet:-1","max-image-preview":"max-image-preview:large","max-video-preview":"max-video-preview:-1"},"canonical":"https:\/\/www.ferrovial.com\/es\/recursos\/biogas\/","og_locale":"es_ES","og_type":"article","og_title":"Biog\u00e1s: qu\u00e9 es, c\u00f3mo se genera, aplicaciones, ventajas y desventajas","og_description":"El biog\u00e1s es un gas combustible que se produce a partir de la descomposici\u00f3n de materia org\u00e1nica. El biog\u00e1s se cuenta entre las fuentes de energ\u00eda renovables porque su generaci\u00f3n exige la eliminaci\u00f3n de residuos contaminantes y su utilizaci\u00f3n reduce considerablemente los gases de efecto invernadero.","og_url":"https:\/\/www.ferrovial.com\/es\/recursos\/biogas\/","og_site_name":"Ferrovial","article_publisher":"https:\/\/www.facebook.com\/ferrovial","article_modified_time":"2024-04-19T10:26:29+00:00","twitter_card":"summary_large_image","twitter_site":"@ferrovial","twitter_misc":{"Est. reading time":"4 minutos"},"schema":{"@context":"https:\/\/schema.org","@graph":[{"@type":"WebPage","@id":"https:\/\/www.ferrovial.com\/es\/recursos\/biogas\/","url":"https:\/\/www.ferrovial.com\/es\/recursos\/biogas\/","name":"Biog\u00e1s: qu\u00e9 es, c\u00f3mo se genera, aplicaciones, ventajas y desventajas","isPartOf":{"@id":"https:\/\/www.ferrovial.com\/es\/#website"},"datePublished":"2023-09-25T06:39:14+00:00","dateModified":"2024-04-19T10:26:29+00:00","description":"El biog\u00e1s es un gas combustible que se produce a partir de la descomposici\u00f3n de materia org\u00e1nica. El biog\u00e1s se cuenta entre las fuentes de energ\u00eda renovables porque su generaci\u00f3n exige la eliminaci\u00f3n de residuos contaminantes y su utilizaci\u00f3n reduce considerablemente los gases de efecto invernadero.","breadcrumb":{"@id":"https:\/\/www.ferrovial.com\/es\/recursos\/biogas\/#breadcrumb"},"inLanguage":"es","potentialAction":[{"@type":"ReadAction","target":["https:\/\/www.ferrovial.com\/es\/recursos\/biogas\/"]}]},{"@type":"BreadcrumbList","@id":"https:\/\/www.ferrovial.com\/es\/recursos\/biogas\/#breadcrumb","itemListElement":[{"@type":"ListItem","position":1,"name":"Portada","item":"https:\/\/www.ferrovial.com\/es\/"},{"@type":"ListItem","position":2,"name":"Recursos","item":"https:\/\/www.ferrovial.com\/es\/recursos\/"},{"@type":"ListItem","position":3,"name":"Biog\u00e1s"}]},{"@type":"WebSite","@id":"https:\/\/www.ferrovial.com\/es\/#website","url":"https:\/\/www.ferrovial.com\/es\/","name":"Ferrovial","description":"Welcome to the Ferrovial&#039;s website, global operator of sustainable infrastructure. Here you can find all the information about the company and subsidiaries.","publisher":{"@id":"https:\/\/www.ferrovial.com\/es\/#organization"},"potentialAction":[{"@type":"SearchAction","target":{"@type":"EntryPoint","urlTemplate":"https:\/\/www.ferrovial.com\/es\/?s={search_term_string}"},"query-input":{"@type":"PropertyValueSpecification","valueRequired":true,"valueName":"search_term_string"}}],"inLanguage":"es"},{"@type":"Organization","@id":"https:\/\/www.ferrovial.com\/es\/#organization","name":"Ferrovial S.A.","url":"https:\/\/www.ferrovial.com\/es\/","logo":{"@type":"ImageObject","inLanguage":"es","@id":"https:\/\/www.ferrovial.com\/es\/#\/schema\/logo\/image\/","url":"https:\/\/static.ferrovial.com\/wp-content\/uploads\/2020\/01\/13124948\/logo-ferrovial-cf7.png","contentUrl":"https:\/\/static.ferrovial.com\/wp-content\/uploads\/2020\/01\/13124948\/logo-ferrovial-cf7.png","width":144,"height":32,"caption":"Ferrovial S.A."},"image":{"@id":"https:\/\/www.ferrovial.com\/es\/#\/schema\/logo\/image\/"},"sameAs":["https:\/\/www.facebook.com\/ferrovial","https:\/\/x.com\/ferrovial","https:\/\/www.instagram.com\/ferrovial\/","https:\/\/www.linkedin.com\/company\/ferrovial","https:\/\/www.pinterest.es\/ferrovial\/","https:\/\/www.youtube.com\/ferrovial","https:\/\/en.wikipedia.org\/wiki\/Ferrovial"]}]}},"_links":{"self":[{"href":"https:\/\/www.ferrovial.com\/es\/wp-json\/wp\/v2\/pages\/268480","targetHints":{"allow":["GET"]}}],"collection":[{"href":"https:\/\/www.ferrovial.com\/es\/wp-json\/wp\/v2\/pages"}],"about":[{"href":"https:\/\/www.ferrovial.com\/es\/wp-json\/wp\/v2\/types\/page"}],"replies":[{"embeddable":true,"href":"https:\/\/www.ferrovial.com\/es\/wp-json\/wp\/v2\/comments?post=268480"}],"version-history":[{"count":3,"href":"https:\/\/www.ferrovial.com\/es\/wp-json\/wp\/v2\/pages\/268480\/revisions"}],"predecessor-version":[{"id":279973,"href":"https:\/\/www.ferrovial.com\/es\/wp-json\/wp\/v2\/pages\/268480\/revisions\/279973"}],"up":[{"embeddable":true,"href":"https:\/\/www.ferrovial.com\/es\/wp-json\/wp\/v2\/pages\/25267"}],"wp:attachment":[{"href":"https:\/\/www.ferrovial.com\/es\/wp-json\/wp\/v2\/media?parent=268480"}],"curies":[{"name":"wp","href":"https:\/\/api.w.org\/{rel}","templated":true}]}}