{"id":268484,"date":"2023-09-25T08:52:43","date_gmt":"2023-09-25T06:52:43","guid":{"rendered":"https:\/\/www.ferrovial.com\/?page_id=268484"},"modified":"2024-04-19T12:36:54","modified_gmt":"2024-04-19T10:36:54","slug":"premio-nobel-de-fisica","status":"publish","type":"page","link":"https:\/\/www.ferrovial.com\/es\/stem\/premio-nobel-de-fisica\/","title":{"rendered":"Premio Nobel de F\u00edsica"},"content":{"rendered":"    <m-final-content-header >\n            <c-breadcrumb label-text=\"Breadcrumb\" slot=\"breadcrumbs\" type='2' align='left' wrap='wrapped wrapped' aria-label='Vienes de STEM'>\n                        <ol>\n\n                                                            <li><a href=\"https:\/\/www.ferrovial.com\/es\/\" title=\"Ferrovial\">Ferrovial<\/a><\/li>\n                                                                        <li><a href=\"https:\/\/www.ferrovial.com\/es\/stem\/\" title=\"STEM\">STEM<\/a><\/li>\n                                    \n                <\/ol>\n\n                <\/c-breadcrumb>\n    \n        <div slot=\"header\">\n            <h1>\n                \u00bfQu\u00e9 es el Premio Nobel de F\u00edsica?            <\/h1>\n                    <\/div>\n    <\/m-final-content-header>\n\n    \n\n\n<m-wysiwig class=\"wp-block-components-wysiwyg\"><div slot=\"maincontent\">\n<script type=\"application\/ld+json\">\n{\n  \"@context\": \"https:\/\/schema.org\",\n  \"@type\": \"FAQPage\",\n  \"mainEntity\": [{\n    \"@type\": \"Question\",\n    \"name\": \"\u00bfQu\u00e9 es el Premio Nobel de F\u00edsica?\",\n    \"acceptedAnswer\": {\n      \"@type\": \"Answer\",\n      \"text\": \"El Premio Nobel de F\u00edsica es uno de los premios m\u00e1s prestigiosos en el \u00e1mbito cient\u00edfico a nivel mundial. Se entrega anualmente, desde 1901, a investigadores que han hecho descubrimientos o inventos importantes en el campo de la f\u00edsica.\n\nEl Premio Nobel de F\u00edsica es una de las cinco categor\u00edas que estableci\u00f3 el qu\u00edmico, ingeniero, inventor, fabricante de armamento y fil\u00e1ntropo sueco Alfred Nobel en su testamento para homenajear a las personas del mundo que han hecho las aportaciones m\u00e1s relevantes a la humanidad en el desarrollo y la promoci\u00f3n de la f\u00edsica, la qu\u00edmica, la medicina, la literatura y la paz. Para esto, leg\u00f3 el 94% de su fortuna en el testamento, que redact\u00f3 un a\u00f1o antes de su muerte, en 1985.\n\nLos galardonados al Premio Nobel de F\u00edsica reciben un diploma, una medalla y una suma de dinero que se ha ido actualizando a lo largo de m\u00e1s de un siglo de historia.\"\n    }\n  },{\n    \"@type\": \"Question\",\n    \"name\": \"\u00bfC\u00f3mo se selecciona el Premio Nobel de F\u00edsica?\",\n    \"acceptedAnswer\": {\n      \"@type\": \"Answer\",\n      \"text\": \"El proceso de selecci\u00f3n del Premio Nobel en F\u00edsica es llevado a cabo por la Real Academia de las Ciencias de Suecia. Cada a\u00f1o, se invita a cient\u00edficos prominentes de todo el mundo a nominar a candidatos que consideren merecedores del premio. Seg\u00fan los estatutos, las nominaciones pueden ser hechas por:\n<ul>\n<li>Miembros de la Real Academia de las Ciencias de Suecia.\n<\/li>\n<li>Miembros del Comit\u00e9 de F\u00edsica del Nobel.\n<\/li>\n<li>Premios Nobel de f\u00edsica anteriores.\n<\/li>\n<li>Profesores titulares de ciencias f\u00edsicas de universidades e institutos tecnol\u00f3gicos de Suecia, Dinamarca, Finlandia, Islandia, Noruega y del Instituto Karolinska, de Estocolmo. \n<\/li>\n<li>Titulares de c\u00e1tedras de cientos de universidades en el mundo seleccionados por la Academia de Ciencias para asegurar la distribuci\u00f3n adecuada entre los diferentes pa\u00edses.\n<\/li>\n<li>Otros cient\u00edficos que la Academia considere oportuno invitar.\n<\/li>\n<\/ul>\nNinguna persona puede nominarse a s\u00ed misma.\n\nLas invitaciones a los expertos son enviadas en septiembre del a\u00f1o anterior y el plazo m\u00e1ximo para el env\u00edo de la nominaciones es el 31 de enero. A partir de entonces, las nominaciones son evaluadas por el comit\u00e9 de expertos designados por la Academia, quienes realizan un exhaustivo an\u00e1lisis de los logros y contribuciones de los candidatos.\n\nHasta septiembre del a\u00f1o en curso se consulta a expertos, se eval\u00faa, se escriben reportes con recomendaciones y se seleccionan los candidatos finales.\n\nFinalmente, el Comit\u00e9 de F\u00edsica presenta sus recomendaciones al conjunto de miembros de la Real Academia de las Ciencias de Suecia, quienes toman la decisi\u00f3n sobre los laureados del Premio Nobel en F\u00edsica por medio de votaci\u00f3n.\n\nEl Premio Nobel de F\u00edsica se concede a un m\u00e1ximo de tres personas cada a\u00f1o.\"\n    }\n  },{\n    \"@type\": \"Question\",\n    \"name\": \"\u00bfCu\u00e1ndo se otorgan los Premios Nobel?\",\n    \"acceptedAnswer\": {\n      \"@type\": \"Answer\",\n      \"text\": \"Los Premios Nobel se anuncian a principios de octubre, justo despu\u00e9s de las votaciones, y se entregan cada a\u00f1o en una ceremonia el 10 de diciembre, d\u00eda en el que se conmemora la muerte de Albert Nobel.\"\n    }\n  },{\n    \"@type\": \"Question\",\n    \"name\": \"\u00bfCu\u00e1l es la importancia del Premio Nobel de F\u00edsica?\",\n    \"acceptedAnswer\": {\n      \"@type\": \"Answer\",\n      \"text\": \"Este reconocimiento ha desempe\u00f1ado un papel crucial en el avance de la ciencia y la promoci\u00f3n de la investigaci\u00f3n en el campo de la f\u00edsica. Tambi\u00e9n ha permitido reconocer y recompensar los esfuerzos excepcionales de los cient\u00edficos, as\u00ed como difundir sus logros a nivel mundial y facilitar que sus hallazgos encuentren aplicaciones en infinidad de \u00e1reas.\"\n    }\n  }]\n}\n<\/script>\n<p>El <a href=\"https:\/\/www.ferrovial.com\/es\/recursos\/energias-renovables\/#:~:text=Albert%20Einstein%20es%20recordado%20por%20su%20trabajo%20sobre%20la%20relatividad%20y%20la%20gravedad%2C%20pero%20recibi%C3%B3%20el%20premio%20Nobel%20por%20su%20trabajo%20en%20el%20campo%20de%20las%20energ%C3%ADas%20renovables%20por%20el%20descubrimiento%20de%20la%20ley%20del%20efecto%20fotoel%C3%A9ctrico.\" target=\"_blank\" rel=\"noreferrer noopener\">Premio Nobel<\/a> de F\u00edsica es <strong>uno de los premios m\u00e1s prestigiosos en el \u00e1mbito cient\u00edfico a nivel mundial<\/strong>. Se entrega anualmente, desde 1901, a investigadores que han hecho descubrimientos o inventos importantes en el campo de la <a href=\"https:\/\/www.ferrovial.com\/es\/stem\/fisica\/\" target=\"_blank\" rel=\"noreferrer noopener\">f\u00edsica<\/a>.<\/p>\n\n\n\n<p>El Premio Nobel de F\u00edsica es <strong>una de las cinco categor\u00edas <\/strong>que estableci\u00f3 el qu\u00edmico, ingeniero, inventor, fabricante de armamento y fil\u00e1ntropo sueco Alfred Nobel en su testamento para homenajear a las personas del mundo que han hecho <strong>las aportaciones m\u00e1s relevantes a la humanidad en el desarrollo y la promoci\u00f3n de la f\u00edsica, la qu\u00edmica, la medicina, la literatura y la paz<\/strong>. Para esto, leg\u00f3 el 94% de su fortuna en el testamento, que redact\u00f3 un a\u00f1o antes de su muerte, en 1985.<\/p>\n\n\n\n<p>Los galardonados al Premio Nobel de F\u00edsica <strong>reciben un diploma, una medalla y una suma de dinero <\/strong>que se ha ido actualizando a lo largo de m\u00e1s de un siglo de historia.<\/p>\n\n\n\n<h2 class=\"wp-block-heading\"><strong>\u00bfC\u00f3mo se selecciona el Premio Nobel de F\u00edsica?<\/strong><\/h2>\n\n\n\n<p>El proceso de selecci\u00f3n del Premio Nobel en F\u00edsica es llevado a cabo por la <strong>Real Academia de las Ciencias de Suecia<\/strong>. Cada a\u00f1o, se invita a <strong>cient\u00edficos prominentes de todo el mundo a nominar a candidatos <\/strong>que consideren merecedores del premio. Seg\u00fan los estatutos, las nominaciones pueden ser hechas por:<\/p>\n\n\n\n<ul class=\"wp-block-list\">\n<li>Miembros de la Real Academia de las Ciencias de Suecia.<\/li>\n\n\n\n<li>Miembros del Comit\u00e9 de F\u00edsica del Nobel.<\/li>\n\n\n\n<li>Premios Nobel de f\u00edsica anteriores.<\/li>\n\n\n\n<li>Profesores titulares de ciencias f\u00edsicas de universidades e institutos tecnol\u00f3gicos de Suecia, Dinamarca, Finlandia, Islandia, Noruega y del Instituto Karolinska, de Estocolmo.&nbsp;<\/li>\n\n\n\n<li>Titulares de c\u00e1tedras de cientos de universidades en el mundo seleccionados por la Academia de Ciencias para asegurar la distribuci\u00f3n adecuada entre los diferentes pa\u00edses.<\/li>\n\n\n\n<li>Otros cient\u00edficos que la Academia considere oportuno invitar.<\/li>\n<\/ul>\n\n\n\n<p>Ninguna persona puede nominarse a s\u00ed misma.<\/p>\n\n\n\n<p>Las invitaciones a los expertos son enviadas en <strong>septiembre del a\u00f1o anterior <\/strong>y el plazo m\u00e1ximo para el env\u00edo de la nominaciones es el <strong>31 de enero<\/strong>. A partir de entonces, las nominaciones son evaluadas por el comit\u00e9 de expertos designados por la Academia, quienes realizan un exhaustivo an\u00e1lisis de los logros y contribuciones de los candidatos.<\/p>\n\n\n\n<p>Hasta <strong>septiembre del a\u00f1o en curso <\/strong>se consulta a expertos, se eval\u00faa, se escriben reportes con recomendaciones y se seleccionan los candidatos finales.<\/p>\n\n\n\n<p>Finalmente, el Comit\u00e9 de F\u00edsica presenta sus recomendaciones al conjunto de miembros de la Real Academia de las Ciencias de Suecia, quienes toman la decisi\u00f3n sobre los laureados del Premio Nobel en F\u00edsica por medio de votaci\u00f3n.<\/p>\n\n\n\n<p>El Premio Nobel de F\u00edsica <strong>se concede a un m\u00e1ximo de tres personas cada a\u00f1o<\/strong>.<\/p>\n\n\n\n<h2 class=\"wp-block-heading\"><strong>\u00bfCu\u00e1ndo se otorgan los Premios Nobel?<\/strong><\/h2>\n\n\n\n<p>Los Premios Nobel <strong>se anuncian a principios de octubre<\/strong>, justo despu\u00e9s de las votaciones, y se entregan cada a\u00f1o en una <strong>ceremonia el 10 de diciembre<\/strong>, d\u00eda en el que se conmemora la muerte de Albert Nobel.<\/p>\n\n\n\n<h2 class=\"wp-block-heading\"><strong>\u00bfCu\u00e1l es la importancia del Premio Nobel de F\u00edsica?<\/strong><\/h2>\n\n\n\n<p>Este reconocimiento ha desempe\u00f1ado un papel crucial en el <strong>avance de la ciencia <\/strong>y la <strong>promoci\u00f3n de la investigaci\u00f3n <\/strong>en el campo de la f\u00edsica. Tambi\u00e9n ha permitido <strong>reconocer y recompensar los esfuerzos excepcionales de los cient\u00edficos<\/strong>, as\u00ed como <strong>difundir sus logros <\/strong>a nivel mundial y <strong>facilitar que sus hallazgos encuentren aplicaciones <\/strong>en infinidad de \u00e1reas.<\/p>\n<\/div><\/m-wysiwig>\n","protected":false},"excerpt":{"rendered":"","protected":false},"featured_media":0,"parent":227878,"menu_order":0,"comment_status":"closed","ping_status":"closed","template":"","meta":{"_acf_changed":false,"footnotes":""},"class_list":["post-268484","page","type-page","status-publish","hentry"],"acf":[],"yoast_head":"<!-- This site is optimized with the Yoast SEO plugin v27.2 - https:\/\/yoast.com\/product\/yoast-seo-wordpress\/ -->\n<title>Premio Nobel de F\u00edsica, qu\u00e9 es, c\u00f3mo se selecciona, importancia - Ferrovial<\/title>\n<meta name=\"description\" content=\"El Premio Nobel de F\u00edsica es uno de los premios m\u00e1s prestigiosos en el \u00e1mbito cient\u00edfico a nivel mundial. Se entrega anualmente, desde 1901, a investigadores que han hecho descubrimientos o inventos importantes en el campo de la f\u00edsica.\" \/>\n<meta name=\"robots\" content=\"index, follow, max-snippet:-1, max-image-preview:large, max-video-preview:-1\" \/>\n<link rel=\"canonical\" href=\"https:\/\/www.ferrovial.com\/es\/stem\/premio-nobel-de-fisica\/\" \/>\n<meta property=\"og:locale\" content=\"es_ES\" \/>\n<meta property=\"og:type\" content=\"article\" \/>\n<meta property=\"og:title\" content=\"Premio Nobel de F\u00edsica, qu\u00e9 es, c\u00f3mo se selecciona, importancia - Ferrovial\" \/>\n<meta property=\"og:description\" content=\"El Premio Nobel de F\u00edsica es uno de los premios m\u00e1s prestigiosos en el \u00e1mbito cient\u00edfico a nivel mundial. Se entrega anualmente, desde 1901, a investigadores que han hecho descubrimientos o inventos importantes en el campo de la f\u00edsica.\" \/>\n<meta property=\"og:url\" content=\"https:\/\/www.ferrovial.com\/es\/stem\/premio-nobel-de-fisica\/\" \/>\n<meta property=\"og:site_name\" content=\"Ferrovial\" \/>\n<meta property=\"article:publisher\" content=\"https:\/\/www.facebook.com\/ferrovial\" \/>\n<meta property=\"article:modified_time\" content=\"2024-04-19T10:36:54+00:00\" \/>\n<meta name=\"twitter:card\" content=\"summary_large_image\" \/>\n<meta name=\"twitter:site\" content=\"@ferrovial\" \/>\n<meta name=\"twitter:label1\" content=\"Est. reading time\" \/>\n\t<meta name=\"twitter:data1\" content=\"3 minutos\" \/>\n<!-- \/ Yoast SEO plugin. -->","yoast_head_json":{"title":"Premio Nobel de F\u00edsica, qu\u00e9 es, c\u00f3mo se selecciona, importancia - Ferrovial","description":"El Premio Nobel de F\u00edsica es uno de los premios m\u00e1s prestigiosos en el \u00e1mbito cient\u00edfico a nivel mundial. Se entrega anualmente, desde 1901, a investigadores que han hecho descubrimientos o inventos importantes en el campo de la f\u00edsica.","robots":{"index":"index","follow":"follow","max-snippet":"max-snippet:-1","max-image-preview":"max-image-preview:large","max-video-preview":"max-video-preview:-1"},"canonical":"https:\/\/www.ferrovial.com\/es\/stem\/premio-nobel-de-fisica\/","og_locale":"es_ES","og_type":"article","og_title":"Premio Nobel de F\u00edsica, qu\u00e9 es, c\u00f3mo se selecciona, importancia - Ferrovial","og_description":"El Premio Nobel de F\u00edsica es uno de los premios m\u00e1s prestigiosos en el \u00e1mbito cient\u00edfico a nivel mundial. Se entrega anualmente, desde 1901, a investigadores que han hecho descubrimientos o inventos importantes en el campo de la f\u00edsica.","og_url":"https:\/\/www.ferrovial.com\/es\/stem\/premio-nobel-de-fisica\/","og_site_name":"Ferrovial","article_publisher":"https:\/\/www.facebook.com\/ferrovial","article_modified_time":"2024-04-19T10:36:54+00:00","twitter_card":"summary_large_image","twitter_site":"@ferrovial","twitter_misc":{"Est. reading time":"3 minutos"},"schema":{"@context":"https:\/\/schema.org","@graph":[{"@type":"WebPage","@id":"https:\/\/www.ferrovial.com\/es\/stem\/premio-nobel-de-fisica\/","url":"https:\/\/www.ferrovial.com\/es\/stem\/premio-nobel-de-fisica\/","name":"Premio Nobel de F\u00edsica, qu\u00e9 es, c\u00f3mo se selecciona, importancia - Ferrovial","isPartOf":{"@id":"https:\/\/www.ferrovial.com\/es\/#website"},"datePublished":"2023-09-25T06:52:43+00:00","dateModified":"2024-04-19T10:36:54+00:00","description":"El Premio Nobel de F\u00edsica es uno de los premios m\u00e1s prestigiosos en el \u00e1mbito cient\u00edfico a nivel mundial. Se entrega anualmente, desde 1901, a investigadores que han hecho descubrimientos o inventos importantes en el campo de la f\u00edsica.","breadcrumb":{"@id":"https:\/\/www.ferrovial.com\/es\/stem\/premio-nobel-de-fisica\/#breadcrumb"},"inLanguage":"es","potentialAction":[{"@type":"ReadAction","target":["https:\/\/www.ferrovial.com\/es\/stem\/premio-nobel-de-fisica\/"]}]},{"@type":"BreadcrumbList","@id":"https:\/\/www.ferrovial.com\/es\/stem\/premio-nobel-de-fisica\/#breadcrumb","itemListElement":[{"@type":"ListItem","position":1,"name":"Portada","item":"https:\/\/www.ferrovial.com\/es\/"},{"@type":"ListItem","position":2,"name":"STEM","item":"https:\/\/www.ferrovial.com\/es\/stem\/"},{"@type":"ListItem","position":3,"name":"Premio Nobel de F\u00edsica"}]},{"@type":"WebSite","@id":"https:\/\/www.ferrovial.com\/es\/#website","url":"https:\/\/www.ferrovial.com\/es\/","name":"Ferrovial","description":"Welcome to the Ferrovial&#039;s website, global operator of sustainable infrastructure. Here you can find all the information about the company and subsidiaries.","publisher":{"@id":"https:\/\/www.ferrovial.com\/es\/#organization"},"potentialAction":[{"@type":"SearchAction","target":{"@type":"EntryPoint","urlTemplate":"https:\/\/www.ferrovial.com\/es\/?s={search_term_string}"},"query-input":{"@type":"PropertyValueSpecification","valueRequired":true,"valueName":"search_term_string"}}],"inLanguage":"es"},{"@type":"Organization","@id":"https:\/\/www.ferrovial.com\/es\/#organization","name":"Ferrovial S.A.","url":"https:\/\/www.ferrovial.com\/es\/","logo":{"@type":"ImageObject","inLanguage":"es","@id":"https:\/\/www.ferrovial.com\/es\/#\/schema\/logo\/image\/","url":"https:\/\/static.ferrovial.com\/wp-content\/uploads\/2020\/01\/13124948\/logo-ferrovial-cf7.png","contentUrl":"https:\/\/static.ferrovial.com\/wp-content\/uploads\/2020\/01\/13124948\/logo-ferrovial-cf7.png","width":144,"height":32,"caption":"Ferrovial S.A."},"image":{"@id":"https:\/\/www.ferrovial.com\/es\/#\/schema\/logo\/image\/"},"sameAs":["https:\/\/www.facebook.com\/ferrovial","https:\/\/x.com\/ferrovial","https:\/\/www.instagram.com\/ferrovial\/","https:\/\/www.linkedin.com\/company\/ferrovial","https:\/\/www.pinterest.es\/ferrovial\/","https:\/\/www.youtube.com\/ferrovial","https:\/\/en.wikipedia.org\/wiki\/Ferrovial"]}]}},"_links":{"self":[{"href":"https:\/\/www.ferrovial.com\/es\/wp-json\/wp\/v2\/pages\/268484","targetHints":{"allow":["GET"]}}],"collection":[{"href":"https:\/\/www.ferrovial.com\/es\/wp-json\/wp\/v2\/pages"}],"about":[{"href":"https:\/\/www.ferrovial.com\/es\/wp-json\/wp\/v2\/types\/page"}],"replies":[{"embeddable":true,"href":"https:\/\/www.ferrovial.com\/es\/wp-json\/wp\/v2\/comments?post=268484"}],"version-history":[{"count":2,"href":"https:\/\/www.ferrovial.com\/es\/wp-json\/wp\/v2\/pages\/268484\/revisions"}],"predecessor-version":[{"id":279975,"href":"https:\/\/www.ferrovial.com\/es\/wp-json\/wp\/v2\/pages\/268484\/revisions\/279975"}],"up":[{"embeddable":true,"href":"https:\/\/www.ferrovial.com\/es\/wp-json\/wp\/v2\/pages\/227878"}],"wp:attachment":[{"href":"https:\/\/www.ferrovial.com\/es\/wp-json\/wp\/v2\/media?parent=268484"}],"curies":[{"name":"wp","href":"https:\/\/api.w.org\/{rel}","templated":true}]}}