{"id":268486,"date":"2023-09-25T09:03:08","date_gmt":"2023-09-25T07:03:08","guid":{"rendered":"https:\/\/www.ferrovial.com\/?page_id=268486"},"modified":"2024-04-19T13:02:19","modified_gmt":"2024-04-19T11:02:19","slug":"compuestos-inorganicos","status":"publish","type":"page","link":"https:\/\/www.ferrovial.com\/es\/stem\/compuestos-inorganicos\/","title":{"rendered":"Compuestos inorg\u00e1nicos"},"content":{"rendered":"    <m-final-content-header >\n            <c-breadcrumb label-text=\"Breadcrumb\" slot=\"breadcrumbs\" type='2' align='left' wrap='wrapped wrapped' aria-label='Vienes de STEM'>\n                        <ol>\n\n                                                            <li><a href=\"https:\/\/www.ferrovial.com\/es\/\" title=\"Ferrovial\">Ferrovial<\/a><\/li>\n                                                                        <li><a href=\"https:\/\/www.ferrovial.com\/es\/stem\/\" title=\"STEM\">STEM<\/a><\/li>\n                                    \n                <\/ol>\n\n                <\/c-breadcrumb>\n    \n        <div slot=\"header\">\n            <h1>\n                \u00bfQu\u00e9 son los compuestos inorg\u00e1nicos?            <\/h1>\n                    <\/div>\n    <\/m-final-content-header>\n\n    \n\n\n<m-wysiwig class=\"wp-block-components-wysiwyg\"><div slot=\"maincontent\">\n<script type=\"application\/ld+json\">\n{\n  \"@context\": \"https:\/\/schema.org\",\n  \"@type\": \"FAQPage\",\n  \"mainEntity\": [{\n    \"@type\": \"Question\",\n    \"name\": \"\u00bfQu\u00e9 son los compuestos inorg\u00e1nicos?\",\n    \"acceptedAnswer\": {\n      \"@type\": \"Answer\",\n      \"text\": \"Los compuestos inorg\u00e1nicos son sustancias qu\u00edmicas que no poseen enlaces carbono-hidr\u00f3geno; principalmente, est\u00e1n formados por elementos distintos del carbono, como metales, no metales y elementos de transici\u00f3n.\n\nEn la naturaleza, los compuestos inorg\u00e1nicos se presentan como minerales; pueden encontrarse incluso de forma pura. Los compuestos inorg\u00e1nicos existen en menor cantidad y variedad que los org\u00e1nicos.  As\u00ed como los compuestos org\u00e1nicos, pueden elaborarse de forma sint\u00e9tica. El estudio de los compuestos inorg\u00e1nicos es la especialidad de la qu\u00edmica inorg\u00e1nica.\"\n    }\n  },{\n    \"@type\": \"Question\",\n    \"name\": \"\u00bfCu\u00e1les son las principales caracter\u00edsticas de los compuestos inorg\u00e1nicos?\",\n    \"acceptedAnswer\": {\n      \"@type\": \"Answer\",\n      \"text\": \"Las principales caracter\u00edsticas de los compuestos inorg\u00e1nicos son:\n<ul>\n<li>Estabilidad t\u00e9rmica: pueden resistir a altas temperaturas sin descomponerse o cambiar sus propiedades qu\u00edmicas.\n<\/li>\n<li>Conductividad el\u00e9ctrica: algunos compuestos inorg\u00e1nicos tienen la capacidad de conducir electricidad, particularmente los compuestos i\u00f3nicos en estado fundido o en soluci\u00f3n acuosa. Esto se debe a la presencia de iones m\u00f3viles que pueden transportar la corriente el\u00e9ctrica.\n<\/li>\n<li>Solubilidad en agua: las fuerzas de atracci\u00f3n entre los iones y las mol\u00e9culas de agua permiten que los compuestos i\u00f3nicos se disocien en iones en soluci\u00f3n acuosa.\n<\/li>\n<li>Diversidad de estructuras: la capacidad de los elementos inorg\u00e1nicos para formar enlaces met\u00e1licos, i\u00f3nicos y covalentes da lugar a una amplia gama de geometr\u00edas y arreglos at\u00f3micos.\n<\/li>\n<li>Reactividad qu\u00edmica: algunos compuestos inorg\u00e1nicos son altamente reactivos y pueden participar en reacciones qu\u00edmicas vigorosas, mientras que otros son m\u00e1s estables y menos reactivos.\n<\/li>\n<li>Capacidad de formar enlaces i\u00f3nicos o covalentes: pueden formar enlaces i\u00f3nicos o covalentes, que son los que se forman entre un metal y un no metal debido a que los \u00e1tomos met\u00e1licos ceden electrones para formar cationes, mientras que los no metales aceptan electrones para formar aniones. Los enlaces covalentes se forman cuando dos \u00e1tomos no met\u00e1licos comparten pares de electrones.\n<\/li>\n<li><\/li>\n<\/ul>\"\n    }\n  },{\n    \"@type\": \"Question\",\n    \"name\": \"\u00bfC\u00f3mo se clasifican los compuestos inorg\u00e1nicos?\",\n    \"acceptedAnswer\": {\n      \"@type\": \"Answer\",\n      \"text\": \"Los compuestos inorg\u00e1nicos pueden ser binarios o ternarios, seg\u00fan la cantidad de elementos que los compongan. Dentro de estas dos grandes clasificaciones, se dividen, a su vez, en:\n<ul>\n<li>Compuestos binarios<\/li>\n<ul>\n<li>\u00d3xidos met\u00e1licos<\/li>\n<li>Anh\u00eddridos<\/li>\n<li>Per\u00f3xidos<\/li>\n<li>Hidruros<\/li>\n<li>Hidruros vol\u00e1tiles<\/li>\n<li>Hidr\u00e1cidos<\/li>\n<li>Sales binarias<\/li>\n<\/ul>\n<li>Compuestos ternarios<\/li>\n<ul>\n<li>Hidr\u00f3xidos<\/li>\n<li>Oxo\u00e1cidos<\/li>\n<li>Oxisales<\/li>\n<\/ul>\n<\/ul>\"\n    }\n  },{\n    \"@type\": \"Question\",\n    \"name\": \"\u00bfCu\u00e1les son las aplicaciones de los compuestos inorg\u00e1nicos?\",\n    \"acceptedAnswer\": {\n      \"@type\": \"Answer\",\n      \"text\": \"Los compuestos inorg\u00e1nicos tienen muchas aplicaciones en varios campos cient\u00edficos y tecnol\u00f3gicos, por ejemplo:\n<ul>\n<li>En qu\u00edmica: se utilizan como materia prima en la producci\u00f3n de una amplia variedad de productos, como fertilizantes, productos farmac\u00e9uticos y productos de limpieza.<\/li>\n<li>Electr\u00f3nica: los semiconductores inorg\u00e1nicos, como el silicio, se utilizan en la producci\u00f3n de chips y circuitos integrados.<\/li>\n<li>Energ\u00eda: los compuestos inorg\u00e1nicos desempe\u00f1an un papel importante en la generaci\u00f3n y almacenamiento de energ\u00eda.<\/li>\n<li>Medicina y farmacia: los compuestos inorg\u00e1nicos se utilizan en diversos tratamientos y estudios diagn\u00f3sticos; por ejemplo, los compuestos de platino se usan en quimioterapia, los compuestos de yodo son agentes de contraste para la obtenci\u00f3n de im\u00e1genes m\u00e9dicas (como la tomograf\u00eda computarizada y la resonancia magn\u00e9tica), y los compuestos de hierro se utilizan como suplementos nutricionales.<\/li>\n<li>Catalizadores: se utilizan en la producci\u00f3n de productos petroqu\u00edmicos, la s\u00edntesis de productos farmac\u00e9uticos, la producci\u00f3n de pl\u00e1sticos y la purificaci\u00f3n de gases de escape en la industria automotriz, porque act\u00faan como catalizadores en diversas reacciones qu\u00edmicas.\n<\/li>\n<li>Industria del vidrio y la cer\u00e1mica: gracias a su gran estabilidad t\u00e9rmica, los compuestos inorg\u00e1nicos \u2014como el di\u00f3xido de silicio o los \u00f3xidos de aluminio y titanio\u2014 son muy utilizados en la fabricaci\u00f3n de vidrios y cer\u00e1micas, tanto para usos dom\u00e9sticos como para construcci\u00f3n e ingenier\u00eda.\n<\/li>\n<li>Industria textil: los compuestos inorg\u00e1nicos se utilizan como pigmentos y colorantes en procesos textiles, pero tambi\u00e9n para la fabricaci\u00f3n de pinturas y tintas.\n<\/li>\n<\/ul>\"\n    }\n  }]\n}\n<\/script>\n<p>Los compuestos inorg\u00e1nicos son sustancias qu\u00edmicas que <strong>no poseen enlaces carbono-hidr\u00f3geno<\/strong>; principalmente, est\u00e1n formados por elementos distintos del carbono, como metales, no metales y elementos de transici\u00f3n.<\/p>\n\n\n\n<p>En la naturaleza, los compuestos inorg\u00e1nicos se presentan como <strong>minerales<\/strong>; pueden encontrarse incluso de forma pura. Los compuestos inorg\u00e1nicos existen <strong>en menor cantidad y variedad <\/strong>que los org\u00e1nicos.&nbsp; As\u00ed como los compuestos org\u00e1nicos, <strong>pueden elaborarse de forma sint\u00e9tica<\/strong>. El estudio de los compuestos inorg\u00e1nicos es la especialidad de la <a href=\"https:\/\/www.ferrovial.com\/es\/stem\/quimica-inorganica\/\" target=\"_blank\" rel=\"noreferrer noopener\">qu\u00edmica inorg\u00e1nica<\/a>.<\/p>\n\n\n\n<h2 class=\"wp-block-heading\"><strong>\u00bfCu\u00e1les son las principales caracter\u00edsticas de los compuestos inorg\u00e1nicos?<\/strong><\/h2>\n\n\n\n<p>Las principales caracter\u00edsticas de los compuestos inorg\u00e1nicos son:<\/p>\n\n\n\n<ul class=\"wp-block-list\">\n<li><strong>Estabilidad t\u00e9rmica: <\/strong>pueden resistir a altas temperaturas sin descomponerse o cambiar sus propiedades qu\u00edmicas.<\/li>\n\n\n\n<li><strong>Conductividad el\u00e9ctrica: <\/strong>algunos compuestos inorg\u00e1nicos tienen la capacidad de conducir electricidad, particularmente los compuestos i\u00f3nicos en estado fundido o en soluci\u00f3n acuosa. Esto se debe a la presencia de iones m\u00f3viles que pueden transportar la corriente el\u00e9ctrica.<\/li>\n\n\n\n<li><strong>Solubilidad en agua: <\/strong>las fuerzas de atracci\u00f3n entre los iones y las mol\u00e9culas de agua permiten que los compuestos i\u00f3nicos se disocien en iones en soluci\u00f3n acuosa.<\/li>\n\n\n\n<li><strong>Diversidad de estructuras: <\/strong>la capacidad de los elementos inorg\u00e1nicos para formar enlaces met\u00e1licos, i\u00f3nicos y covalentes da lugar a una amplia gama de geometr\u00edas y arreglos at\u00f3micos.<\/li>\n\n\n\n<li><strong>Reactividad qu\u00edmica: <\/strong>algunos compuestos inorg\u00e1nicos son altamente reactivos y pueden participar en reacciones qu\u00edmicas vigorosas, mientras que otros son m\u00e1s estables y menos reactivos.<\/li>\n\n\n\n<li><strong>Capacidad de formar enlaces i\u00f3nicos o covalentes:<\/strong> pueden formar enlaces i\u00f3nicos o covalentes, que son los que se forman entre un metal y un no metal debido a que los \u00e1tomos met\u00e1licos ceden electrones para formar cationes, mientras que los no metales aceptan electrones para formar aniones. Los enlaces covalentes se forman cuando dos \u00e1tomos no met\u00e1licos comparten pares de electrones.<\/li>\n<\/ul>\n\n\n\n<h2 class=\"wp-block-heading\"><strong>\u00bfC\u00f3mo se clasifican los compuestos inorg\u00e1nicos?<\/strong><\/h2>\n\n\n\n<p>Los compuestos inorg\u00e1nicos pueden ser <strong>binarios o ternarios, seg\u00fan la cantidad de elementos <\/strong>que los compongan. Dentro de estas dos grandes clasificaciones, se dividen, a su vez, en:<\/p>\n\n\n\n<ul class=\"wp-block-list\">\n<li><strong>Compuestos binarios<\/strong>\n<ul class=\"wp-block-list\">\n<li><strong>\u00d3xidos met\u00e1licos:<\/strong> tambi\u00e9n conocidos como \u00f3xidos b\u00e1sicos, est\u00e1n formados por un elemento met\u00e1lico m\u00e1s ox\u00edgeno.<\/li>\n\n\n\n<li><strong>Anh\u00eddridos: <\/strong>tambi\u00e9n llamados \u00f3xidos no met\u00e1licos u \u00f3xidos \u00e1cidos, est\u00e1n compuestos por un elemento no met\u00e1lico y ox\u00edgeno.<\/li>\n\n\n\n<li><strong>Per\u00f3xidos: <\/strong>est\u00e1n formados por ciertos metales m\u00e1s combinaciones binarias de ox\u00edgeno (ion per\u00f3xido).<\/li>\n\n\n\n<li><strong>Hidruros: <\/strong>tambi\u00e9n llamados hidruros met\u00e1licos, est\u00e1n formados por un elemento met\u00e1lico e hidr\u00f3geno.<\/li>\n\n\n\n<li><strong>Hidruros vol\u00e1tiles: <\/strong>est\u00e1n formados por hidr\u00f3geno m\u00e1s un elemento entre nitr\u00f3geno (N), f\u00f3sforo (P), ars\u00e9nico (As), antimonio (Sb), carbono (C), silicio (Si) y boro (B).<\/li>\n\n\n\n<li><strong>Hidr\u00e1cidos: <\/strong>tambi\u00e9n conocidos como hidruros no met\u00e1licos o \u00e1cidos hidr\u00e1cidos, son combinaciones binarias entre hidr\u00f3geno, junto con los hal\u00f3genos fl\u00faor (F), cloro (Cl), bromo (Br) y yodo (I) \u2014excepto astato (At)\u2014 con los anf\u00edgenos azufre (S), selenio (Se) y telurio (Te) \u2014excepto el ox\u00edgeno (O)\u2014.<\/li>\n\n\n\n<li><strong>Sales binarias: <\/strong>son la combinaci\u00f3n de dos elementos distintos del hidr\u00f3geno y el ox\u00edgeno.\n<ul class=\"wp-block-list\">\n<li><strong>Sales neutras: <\/strong>resultan de la uni\u00f3n de un elemento met\u00e1lico y uno no met\u00e1lico.<\/li>\n\n\n\n<li><strong>Sales vol\u00e1tiles: <\/strong>resultan de la uni\u00f3n de dos elementos no met\u00e1licos.<\/li>\n<\/ul>\n<\/li>\n<\/ul>\n<\/li>\n\n\n\n<li><strong>Compuestos ternarios<\/strong>\n<ul class=\"wp-block-list\">\n<li><strong>Hidr\u00f3xidos: <\/strong>aunque su formulaci\u00f3n y su nomenclatura es igual a la de los elementos binarios, son compuestos ternarios e i\u00f3nicos formados por un metal y un elemento del grupo hidr\u00f3xico.<\/li>\n\n\n\n<li><strong>Oxo\u00e1cidos: <\/strong>est\u00e1n formados por hidr\u00f3geno, un no metal y ox\u00edgeno. Algunas veces pueden contener un elemento met\u00e1lico que act\u00faa como no met\u00e1lico en alto estado de oxidaci\u00f3n.<\/li>\n\n\n\n<li><strong>Oxisales: <\/strong>tambi\u00e9n conocidas como sales ternarias, est\u00e1n conformadas por un metal, un no metal y ox\u00edgeno.<\/li>\n<\/ul>\n<\/li>\n<\/ul>\n\n\n\n<h2 class=\"wp-block-heading\"><strong>\u00bfCu\u00e1les son las aplicaciones de los compuestos inorg\u00e1nicos?<\/strong><\/h2>\n\n\n\n<p>Los compuestos inorg\u00e1nicos tienen muchas aplicaciones en varios campos cient\u00edficos y tecnol\u00f3gicos, por ejemplo:<\/p>\n\n\n\n<ul class=\"wp-block-list\">\n<li><strong>En <\/strong><a href=\"https:\/\/www.ferrovial.com\/es\/stem\/quimica\/#:~:text=Se%20llama%20qu%C3%ADmica%20a%20la,su%20relaci%C3%B3n%20con%20la%20energ%C3%ADa.\" target=\"_blank\" rel=\"noreferrer noopener\"><strong>qu\u00edmica<\/strong><\/a><strong>:<\/strong> se utilizan como materia prima en la producci\u00f3n de una amplia variedad de <strong>productos<\/strong>, como fertilizantes, productos farmac\u00e9uticos y productos de limpieza. Tambi\u00e9n se utilizan para la fabricaci\u00f3n de <strong>otras materias primas<\/strong>; por ejemplo, el cloruro de sodio se utiliza en la producci\u00f3n de cloro y sosa c\u00e1ustica, que son materia prima para la fabricaci\u00f3n de pl\u00e1sticos, papel y productos de limpieza.<\/li>\n\n\n\n<li><strong>Electr\u00f3nica:<\/strong> los <a href=\"https:\/\/www.ferrovial.com\/es\/recursos\/materiales-conductores\/\" target=\"_blank\" rel=\"noreferrer noopener\">semiconductores<\/a> inorg\u00e1nicos, como el silicio, se utilizan en la producci\u00f3n de chips y circuitos integrados. Los compuestos de \u00f3xido met\u00e1lico, como el \u00f3xido de zinc, se utilizan en pantallas de cristal l\u00edquido y diodos emisores de luz (LED).<\/li>\n\n\n\n<li><strong>Energ\u00eda:<\/strong> los compuestos inorg\u00e1nicos desempe\u00f1an un papel importante en la generaci\u00f3n y almacenamiento de energ\u00eda. Se utilizan en <a href=\"https:\/\/www.ferrovial.com\/es\/stem\/bateria-recargable\/\" target=\"_blank\" rel=\"noreferrer noopener\">bater\u00edas recargables<\/a>, como las <a href=\"https:\/\/www.ferrovial.com\/es\/stem\/bateria-ion-litio\/\" target=\"_blank\" rel=\"noreferrer noopener\">bater\u00edas de litio<\/a>, y en celdas de combustible, como catalizadores, para facilitar la reacci\u00f3n de oxidaci\u00f3n del hidr\u00f3geno.<\/li>\n\n\n\n<li><strong>Medicina y farmacia:<\/strong> los compuestos inorg\u00e1nicos se utilizan en diversos tratamientos y estudios diagn\u00f3sticos; por ejemplo, los compuestos de platino se usan en quimioterapia, los compuestos de yodo son agentes de contraste para la obtenci\u00f3n de im\u00e1genes m\u00e9dicas (como la tomograf\u00eda computarizada y la resonancia magn\u00e9tica), y los compuestos de hierro se utilizan como suplementos nutricionales.<\/li>\n\n\n\n<li><strong>Catalizadores: <\/strong>se utilizan en la producci\u00f3n de productos petroqu\u00edmicos, la s\u00edntesis de productos farmac\u00e9uticos, la producci\u00f3n de pl\u00e1sticos y la purificaci\u00f3n de gases de escape en la industria automotriz, porque act\u00faan como catalizadores en diversas <a href=\"https:\/\/www.ferrovial.com\/es\/stem\/reacciones-quimicas\/\" target=\"_blank\" rel=\"noreferrer noopener\">reacciones qu\u00edmicas<\/a>.<\/li>\n\n\n\n<li><strong>Industria del vidrio y la cer\u00e1mica:<\/strong> gracias a su gran estabilidad t\u00e9rmica, los compuestos inorg\u00e1nicos \u2014como el di\u00f3xido de silicio o los \u00f3xidos de aluminio y titanio\u2014 son muy utilizados en la fabricaci\u00f3n de vidrios y cer\u00e1micas, tanto para usos dom\u00e9sticos como para <a href=\"https:\/\/www.ferrovial.com\/es\/recursos\/materiales-construccion\/\" target=\"_blank\" rel=\"noreferrer noopener\">construcci\u00f3n<\/a> e ingenier\u00eda.<\/li>\n\n\n\n<li><strong>Industria textil: <\/strong>los compuestos inorg\u00e1nicos se utilizan como <strong>pigmentos y colorantes <\/strong>en procesos textiles, pero tambi\u00e9n para la fabricaci\u00f3n de pinturas y tintas.<\/li>\n<\/ul>\n<\/div><\/m-wysiwig>\n","protected":false},"excerpt":{"rendered":"","protected":false},"featured_media":0,"parent":227878,"menu_order":0,"comment_status":"closed","ping_status":"closed","template":"","meta":{"_acf_changed":false,"footnotes":""},"class_list":["post-268486","page","type-page","status-publish","hentry"],"acf":[],"yoast_head":"<!-- This site is optimized with the Yoast SEO plugin v27.2 - https:\/\/yoast.com\/product\/yoast-seo-wordpress\/ -->\n<title>Compuestos inorg\u00e1nicos: principales caracter\u00edsticas, clasificaci\u00f3n y aplicaci\u00f3n<\/title>\n<meta name=\"description\" content=\"Los compuestos inorg\u00e1nicos son sustancias qu\u00edmicas que no poseen enlaces carbono-hidr\u00f3geno; principalmente, est\u00e1n formados por elementos distintos del carbono, como metales, no metales y elementos de transici\u00f3n.\" \/>\n<meta name=\"robots\" content=\"index, follow, max-snippet:-1, max-image-preview:large, max-video-preview:-1\" \/>\n<link rel=\"canonical\" href=\"https:\/\/www.ferrovial.com\/es\/stem\/compuestos-inorganicos\/\" \/>\n<meta property=\"og:locale\" content=\"es_ES\" \/>\n<meta property=\"og:type\" content=\"article\" \/>\n<meta property=\"og:title\" content=\"Compuestos inorg\u00e1nicos: principales caracter\u00edsticas, clasificaci\u00f3n y aplicaci\u00f3n\" \/>\n<meta property=\"og:description\" content=\"Los compuestos inorg\u00e1nicos son sustancias qu\u00edmicas que no poseen enlaces carbono-hidr\u00f3geno; principalmente, est\u00e1n formados por elementos distintos del carbono, como metales, no metales y elementos de transici\u00f3n.\" \/>\n<meta property=\"og:url\" content=\"https:\/\/www.ferrovial.com\/es\/stem\/compuestos-inorganicos\/\" \/>\n<meta property=\"og:site_name\" content=\"Ferrovial\" \/>\n<meta property=\"article:publisher\" content=\"https:\/\/www.facebook.com\/ferrovial\" \/>\n<meta property=\"article:modified_time\" content=\"2024-04-19T11:02:19+00:00\" \/>\n<meta name=\"twitter:card\" content=\"summary_large_image\" \/>\n<meta name=\"twitter:site\" content=\"@ferrovial\" \/>\n<meta name=\"twitter:label1\" content=\"Est. reading time\" \/>\n\t<meta name=\"twitter:data1\" content=\"5 minutos\" \/>\n<!-- \/ Yoast SEO plugin. -->","yoast_head_json":{"title":"Compuestos inorg\u00e1nicos: principales caracter\u00edsticas, clasificaci\u00f3n y aplicaci\u00f3n","description":"Los compuestos inorg\u00e1nicos son sustancias qu\u00edmicas que no poseen enlaces carbono-hidr\u00f3geno; principalmente, est\u00e1n formados por elementos distintos del carbono, como metales, no metales y elementos de transici\u00f3n.","robots":{"index":"index","follow":"follow","max-snippet":"max-snippet:-1","max-image-preview":"max-image-preview:large","max-video-preview":"max-video-preview:-1"},"canonical":"https:\/\/www.ferrovial.com\/es\/stem\/compuestos-inorganicos\/","og_locale":"es_ES","og_type":"article","og_title":"Compuestos inorg\u00e1nicos: principales caracter\u00edsticas, clasificaci\u00f3n y aplicaci\u00f3n","og_description":"Los compuestos inorg\u00e1nicos son sustancias qu\u00edmicas que no poseen enlaces carbono-hidr\u00f3geno; principalmente, est\u00e1n formados por elementos distintos del carbono, como metales, no metales y elementos de transici\u00f3n.","og_url":"https:\/\/www.ferrovial.com\/es\/stem\/compuestos-inorganicos\/","og_site_name":"Ferrovial","article_publisher":"https:\/\/www.facebook.com\/ferrovial","article_modified_time":"2024-04-19T11:02:19+00:00","twitter_card":"summary_large_image","twitter_site":"@ferrovial","twitter_misc":{"Est. reading time":"5 minutos"},"schema":{"@context":"https:\/\/schema.org","@graph":[{"@type":"WebPage","@id":"https:\/\/www.ferrovial.com\/es\/stem\/compuestos-inorganicos\/","url":"https:\/\/www.ferrovial.com\/es\/stem\/compuestos-inorganicos\/","name":"Compuestos inorg\u00e1nicos: principales caracter\u00edsticas, clasificaci\u00f3n y aplicaci\u00f3n","isPartOf":{"@id":"https:\/\/www.ferrovial.com\/es\/#website"},"datePublished":"2023-09-25T07:03:08+00:00","dateModified":"2024-04-19T11:02:19+00:00","description":"Los compuestos inorg\u00e1nicos son sustancias qu\u00edmicas que no poseen enlaces carbono-hidr\u00f3geno; principalmente, est\u00e1n formados por elementos distintos del carbono, como metales, no metales y elementos de transici\u00f3n.","breadcrumb":{"@id":"https:\/\/www.ferrovial.com\/es\/stem\/compuestos-inorganicos\/#breadcrumb"},"inLanguage":"es","potentialAction":[{"@type":"ReadAction","target":["https:\/\/www.ferrovial.com\/es\/stem\/compuestos-inorganicos\/"]}]},{"@type":"BreadcrumbList","@id":"https:\/\/www.ferrovial.com\/es\/stem\/compuestos-inorganicos\/#breadcrumb","itemListElement":[{"@type":"ListItem","position":1,"name":"Portada","item":"https:\/\/www.ferrovial.com\/es\/"},{"@type":"ListItem","position":2,"name":"STEM","item":"https:\/\/www.ferrovial.com\/es\/stem\/"},{"@type":"ListItem","position":3,"name":"Compuestos inorg\u00e1nicos"}]},{"@type":"WebSite","@id":"https:\/\/www.ferrovial.com\/es\/#website","url":"https:\/\/www.ferrovial.com\/es\/","name":"Ferrovial","description":"Welcome to the Ferrovial&#039;s website, global operator of sustainable infrastructure. Here you can find all the information about the company and subsidiaries.","publisher":{"@id":"https:\/\/www.ferrovial.com\/es\/#organization"},"potentialAction":[{"@type":"SearchAction","target":{"@type":"EntryPoint","urlTemplate":"https:\/\/www.ferrovial.com\/es\/?s={search_term_string}"},"query-input":{"@type":"PropertyValueSpecification","valueRequired":true,"valueName":"search_term_string"}}],"inLanguage":"es"},{"@type":"Organization","@id":"https:\/\/www.ferrovial.com\/es\/#organization","name":"Ferrovial S.A.","url":"https:\/\/www.ferrovial.com\/es\/","logo":{"@type":"ImageObject","inLanguage":"es","@id":"https:\/\/www.ferrovial.com\/es\/#\/schema\/logo\/image\/","url":"https:\/\/static.ferrovial.com\/wp-content\/uploads\/2020\/01\/13124948\/logo-ferrovial-cf7.png","contentUrl":"https:\/\/static.ferrovial.com\/wp-content\/uploads\/2020\/01\/13124948\/logo-ferrovial-cf7.png","width":144,"height":32,"caption":"Ferrovial S.A."},"image":{"@id":"https:\/\/www.ferrovial.com\/es\/#\/schema\/logo\/image\/"},"sameAs":["https:\/\/www.facebook.com\/ferrovial","https:\/\/x.com\/ferrovial","https:\/\/www.instagram.com\/ferrovial\/","https:\/\/www.linkedin.com\/company\/ferrovial","https:\/\/www.pinterest.es\/ferrovial\/","https:\/\/www.youtube.com\/ferrovial","https:\/\/en.wikipedia.org\/wiki\/Ferrovial"]}]}},"_links":{"self":[{"href":"https:\/\/www.ferrovial.com\/es\/wp-json\/wp\/v2\/pages\/268486","targetHints":{"allow":["GET"]}}],"collection":[{"href":"https:\/\/www.ferrovial.com\/es\/wp-json\/wp\/v2\/pages"}],"about":[{"href":"https:\/\/www.ferrovial.com\/es\/wp-json\/wp\/v2\/types\/page"}],"replies":[{"embeddable":true,"href":"https:\/\/www.ferrovial.com\/es\/wp-json\/wp\/v2\/comments?post=268486"}],"version-history":[{"count":3,"href":"https:\/\/www.ferrovial.com\/es\/wp-json\/wp\/v2\/pages\/268486\/revisions"}],"predecessor-version":[{"id":279977,"href":"https:\/\/www.ferrovial.com\/es\/wp-json\/wp\/v2\/pages\/268486\/revisions\/279977"}],"up":[{"embeddable":true,"href":"https:\/\/www.ferrovial.com\/es\/wp-json\/wp\/v2\/pages\/227878"}],"wp:attachment":[{"href":"https:\/\/www.ferrovial.com\/es\/wp-json\/wp\/v2\/media?parent=268486"}],"curies":[{"name":"wp","href":"https:\/\/api.w.org\/{rel}","templated":true}]}}