{"id":268733,"date":"2023-09-29T09:17:42","date_gmt":"2023-09-29T07:17:42","guid":{"rendered":"https:\/\/www.ferrovial.com\/?page_id=268733"},"modified":"2024-09-03T16:13:20","modified_gmt":"2024-09-03T14:13:20","slug":"quimica-forense","status":"publish","type":"page","link":"https:\/\/www.ferrovial.com\/es\/stem\/quimica-forense\/","title":{"rendered":"Qu\u00edmica forense"},"content":{"rendered":"    <m-final-content-header >\n            <c-breadcrumb label-text=\"Breadcrumb\" slot=\"breadcrumbs\" type='2' align='left' wrap='wrapped wrapped' aria-label='Vienes de STEM'>\n                        <ol>\n\n                                                            <li><a href=\"https:\/\/www.ferrovial.com\/es\/\" title=\"Ferrovial\">Ferrovial<\/a><\/li>\n                                                                        <li><a href=\"https:\/\/www.ferrovial.com\/es\/stem\/\" title=\"STEM\">STEM<\/a><\/li>\n                                    \n                <\/ol>\n\n                <\/c-breadcrumb>\n    \n        <div slot=\"header\">\n            <h1>\n                \u00bfQu\u00e9 es la qu\u00edmica forense?            <\/h1>\n                    <\/div>\n    <\/m-final-content-header>\n\n    \n\n\n<m-wysiwig class=\"wp-block-components-wysiwyg\"><div slot=\"maincontent\">\n<p><script type=\"application\/ld+json\">\n{\n  \"@context\": \"https:\/\/schema.org\",\n  \"@type\": \"FAQPage\",\n  \"mainEntity\": [{\n    \"@type\": \"Question\",\n    \"name\": \"\u00bfQu\u00e9 es la qu\u00edmica forense?\",\n    \"acceptedAnswer\": {\n      \"@type\": \"Answer\",\n      \"text\": \"La qu\u00edmica forense es la rama de la qu\u00edmica que contribuye al esclarecimiento de hechos delictivos a trav\u00e9s del estudio de compuestos org\u00e1nicos e inorg\u00e1nicos presentes en la escena del crimen, como p\u00f3lvora, tejidos, fluidos corporales, pigmentos, toxinas, materiales, etc.\n\nLa aplicaci\u00f3n de la qu\u00edmica forense exige minuciosidad y atenci\u00f3n al detalle, e incluye m\u00e9todos cualitativos y cuantitativos. El trabajo se desarrolla tanto en el terreno como en el laboratorio, y consta de tres grandes fases:\n<ol>\n<li>Recopilaci\u00f3n y catalogaci\u00f3n de muestras y evidencias.<\/li>\n<li>An\u00e1lisis de las muestras.<\/li>\n<li>Interpretaci\u00f3n de los resultados.<\/li>\n<li>Informe descriptivo.\n<\/li>\n<\/ol>\"\n    }\n  },{\n    \"@type\": \"Question\",\n    \"name\": \"\u00bfCu\u00e1ndo se origin\u00f3 la qu\u00edmica forense?\",\n    \"acceptedAnswer\": {\n      \"@type\": \"Answer\",\n      \"text\": \"La qu\u00edmica forense nace en el siglo XIX, cuando el creciente avance de la ciencia empez\u00f3 a permitir su aplicaci\u00f3n en otros campos. El primer caso famoso de utilizaci\u00f3n de la qu\u00edmica para la resoluci\u00f3n de un crimen fue el caso de Mary Ann Cotton, la primera asesina en serie registrada en la historia.\n\nAlgunos comentarios de Mary Ann, y la inmediata muerte de su hijo, Charles Edward Cotton, levantaron sospechas en Thomas Riley, su parroquiano, quien hizo comenzar una investigaci\u00f3n. A pesar de que la muerte hab\u00eda sido, aparentemente, por causas naturales, al analizar algunas muestras recolectadas por el doctor de Charles Edward result\u00f3 que conten\u00edan ars\u00e9nico.\n\nEl acontecimiento despert\u00f3 el inter\u00e9s de la prensa local, que descubri\u00f3 el periplo vital de Mary Ann: a lo largo de 20 a\u00f1os se hab\u00eda mudado varias veces, dejando atr\u00e1s una estela de maridos e hijos, todos muertos por supuesto tifus (fiebre tifoidea) u otras complicaciones gastrointestinales. Las muertes no llamaron la atenci\u00f3n porque en la \u00e9poca a\u00fan eran comunes las epidemias de tifus, pero todas ellas hab\u00edan precedido el cobro de aseguraciones de vida.\n\nEn total, se presume que Mary Ann Cotton asesin\u00f3 a unas 21 personas, incluyendo a tres maridos, dos amantes, una amiga, su madre y 12 de sus 13 hijos. Este primer caso conocido,en el que la qu\u00edmica permiti\u00f3 resolver un cr\u00edmen, es representativo de la importancia que tiene para la qu\u00edmica forense conjugar procedimientos cient\u00edficos y anal\u00edticos.\"\n    }\n  },{\n    \"@type\": \"Question\",\n    \"name\": \"\u00bfCu\u00e1les son algunos de los procedimientos m\u00e1s comunes de la qu\u00edmica forense?\",\n    \"acceptedAnswer\": {\n      \"@type\": \"Answer\",\n      \"text\": \"<ul>\n<li>Espectroscopia: gracias a la t\u00e9cnica del espectr\u00f3metro infrarrojo por transformada de Fourier (FTIR, del ingl\u00e9s Fourier-transform infrared spectroscopy) es posible separar, identificar y cuantificar los componentes de una sustancia desconocida. Para esto se utilizan el espectr\u00f3metro de masas y el cromat\u00f3grafo de gases.<\/li>\n<li>Cromatograf\u00eda: se utiliza para analizar residuos l\u00edquidos. Principalmente se emplea para identificar posibles aceleradores que demuestren la intencionalidad de un incendio, o para identificar tintas en muestras de papel.<\/li>\n<li>Microscop\u00eda: se utiliza para observar mejor tejidos o fibras (como cabello, tela, etc.) e identificar elementos que no son observables a simple vista. Gracias a la ampliaci\u00f3n, es posible ver si hay residuos de terrenos, alimentos, fluidos corporales, etc.<\/li>\n<li>Utilizaci\u00f3n de luminol: el luminol es un derivado del \u00e1cido ft\u00e1lico que permite detectar trazas de sangre. La reacci\u00f3n qu\u00edmica produce una luminiscencia azul.<\/li>\n<\/ul>\"\n    }\n  },{\n    \"@type\": \"Question\",\n    \"name\": \"\u00bfQu\u00e9 ciencias contribuyen a la aplicaci\u00f3n de la qu\u00edmica forense?\",\n    \"acceptedAnswer\": {\n      \"@type\": \"Answer\",\n      \"text\": \"Otras ciencias tambi\u00e9n se aplican en el \u00e1mbito forense y complementan los an\u00e1lisis y resultados que se pueden obtener con la qu\u00edmica forense; algunas de ellas son:\n<ul>\n<li>Bal\u00edstica<\/li>\n<li>Biolog\u00eda<\/li>\n<li>Entomolog\u00eda<\/li>\n<li>Antropolog\u00eda<\/li>\n<\/ul>\"\n    }\n  }]\n}\n<\/script>\n<p>La <strong>qu\u00edmica forense <\/strong>es la rama de la <a href=\"https:\/\/www.ferrovial.com\/es\/stem\/quimica\/\"><strong>qu\u00edmica<\/strong><\/a> que contribuye al <strong>esclarecimiento de hechos delictivos a trav\u00e9s del estudio de compuestos org\u00e1nicos e inorg\u00e1nicos presentes en la escena del crimen<\/strong>, como p\u00f3lvora, tejidos, fluidos corporales, pigmentos, toxinas, materiales, etc.<\/p><\/p>\n\n\n\n<ol class=\"wp-block-list\">\n<li>Recopilaci\u00f3n y catalogaci\u00f3n de muestras y evidencias.<\/li>\n\n\n\n<li>An\u00e1lisis de las muestras.<\/li>\n\n\n\n<li>Interpretaci\u00f3n de los resultados.<\/li>\n\n\n\n<li>Informe descriptivo.<\/li>\n<\/ol>\n\n\n\n<p>La aplicaci\u00f3n de la qu\u00edmica forense exige <strong>minuciosidad y atenci\u00f3n al detalle<\/strong>, e incluye <strong>m\u00e9todos cualitativos y cuantitativos<\/strong>. El trabajo se desarrolla tanto <strong>en el terreno <\/strong>como <strong>en el laboratorio<\/strong>, y consta de tres grandes fases:<\/p>\n\n\n\n<h2 class=\"wp-block-heading\"><strong>\u00bfCu\u00e1ndo se origin\u00f3 la qu\u00edmica forense?<\/strong><\/h2>\n\n\n\n<p>La qu\u00edmica forense nace en el <strong>siglo XIX<\/strong>, cuando el creciente avance de la ciencia empez\u00f3 a permitir su aplicaci\u00f3n en otros campos. El primer caso famoso de utilizaci\u00f3n de la qu\u00edmica para la resoluci\u00f3n de un crimen fue el <strong>caso de Mary Ann Cotton<\/strong>, la primera asesina en serie registrada en la historia.<\/p>\n\n\n\n<p>Algunos comentarios de Mary Ann, y la inmediata muerte de su hijo, Charles Edward Cotton, levantaron sospechas en Thomas Riley, su parroquiano, quien hizo comenzar una investigaci\u00f3n. A pesar de que la muerte hab\u00eda sido, <strong>aparentemente, por causas naturales<\/strong>, al analizar algunas muestras recolectadas por el doctor de Charles Edward result\u00f3 que <strong>conten\u00edan ars\u00e9nico<\/strong>.<\/p>\n\n\n\n<p>El acontecimiento despert\u00f3 el inter\u00e9s de la prensa local, que descubri\u00f3 el periplo vital de Mary Ann: a lo largo de 20 a\u00f1os se hab\u00eda mudado varias veces, dejando atr\u00e1s una estela de maridos e hijos, todos muertos por supuesto tifus (fiebre tifoidea) u otras complicaciones gastrointestinales. Las muertes no llamaron la atenci\u00f3n porque en la \u00e9poca a\u00fan eran comunes las <strong>epidemias de tifus<\/strong>, pero todas ellas hab\u00edan precedido el cobro de <strong>aseguraciones de vida<\/strong>.<\/p>\n\n\n\n<p>En total, <strong>se presume que Mary Ann Cotton asesin\u00f3 a unas 21 personas<\/strong>, incluyendo a tres maridos, dos amantes, una amiga, su madre y 12 de sus 13 hijos. Este <strong>primer caso conocido<\/strong>,<strong> <\/strong>en el que la qu\u00edmica permiti\u00f3 resolver un crimen, es representativo de la importancia que tiene para la qu\u00edmica forense <strong>conjugar procedimientos cient\u00edficos y anal\u00edticos<\/strong>.<\/p>\n\n\n\n<h2 class=\"wp-block-heading\"><strong>\u00bfCu\u00e1les son algunos de los procedimientos m\u00e1s comunes de la qu\u00edmica forense?<\/strong><\/h2>\n\n\n\n<ul class=\"wp-block-list\">\n<li><strong>Espectroscopia: <\/strong>gracias a la t\u00e9cnica del espectr\u00f3metro infrarrojo por transformada de Fourier (FTIR, del ingl\u00e9s <em>Fourier-transform infrared spectroscopy<\/em>) es posible separar, identificar y cuantificar los componentes de una sustancia desconocida. Para esto se utilizan el espectr\u00f3metro de masas y el cromat\u00f3grafo de gases.<\/li>\n\n\n\n<li><strong>Cromatograf\u00eda: <\/strong>se utiliza para analizar residuos l\u00edquidos. Principalmente se emplea para identificar posibles aceleradores que demuestren la intencionalidad de un incendio, o para identificar tintas en muestras de papel.<\/li>\n\n\n\n<li><strong>Microscop\u00eda: <\/strong>se utiliza para observar mejor tejidos o fibras (como cabello, tela, etc.) e identificar elementos que no son observables a simple vista. Gracias a la ampliaci\u00f3n, es posible ver si hay residuos de terrenos, alimentos, fluidos corporales, etc.<\/li>\n\n\n\n<li><strong>Utilizaci\u00f3n de luminol: <\/strong>el luminol es un derivado del \u00e1cido ft\u00e1lico que permite detectar trazas de sangre. La reacci\u00f3n qu\u00edmica produce una luminiscencia azul.<\/li>\n<\/ul>\n\n\n\n<h2 class=\"wp-block-heading\"><strong>\u00bfQu\u00e9 ciencias contribuyen a la aplicaci\u00f3n de la qu\u00edmica forense?<\/strong><\/h2>\n\n\n\n<p>Otras ciencias tambi\u00e9n se aplican en el \u00e1mbito forense y complementan los an\u00e1lisis y resultados que se pueden obtener con la qu\u00edmica forense; algunas de ellas son:<\/p>\n\n\n\n<ul class=\"wp-block-list\">\n<li>Bal\u00edstica.<\/li>\n\n\n\n<li>Biolog\u00eda.<\/li>\n\n\n\n<li>Entomolog\u00eda.<\/li>\n\n\n\n<li>Antropolog\u00eda.<\/li>\n<\/ul>\n<\/div><\/m-wysiwig>\n","protected":false},"excerpt":{"rendered":"","protected":false},"featured_media":0,"parent":227878,"menu_order":0,"comment_status":"closed","ping_status":"closed","template":"","meta":{"_acf_changed":false,"footnotes":""},"class_list":["post-268733","page","type-page","status-publish","hentry"],"acf":[],"yoast_head":"<!-- This site is optimized with the Yoast SEO plugin v27.2 - https:\/\/yoast.com\/product\/yoast-seo-wordpress\/ -->\n<title>Qu\u00edmica forense, qu\u00e9 es, origen y procedimientos m\u00e1s comunes - Ferrovial<\/title>\n<meta name=\"description\" content=\"La qu\u00edmica forense es la rama de la qu\u00edmica que contribuye al esclarecimiento de hechos delictivos a trav\u00e9s del estudio de compuestos org\u00e1nicos e inorg\u00e1nicos presentes en la escena del crimen, como p\u00f3lvora, tejidos, fluidos corporales, pigmentos, toxinas, materiales, etc.\" \/>\n<meta name=\"robots\" content=\"index, follow, max-snippet:-1, max-image-preview:large, max-video-preview:-1\" \/>\n<link rel=\"canonical\" href=\"https:\/\/www.ferrovial.com\/es\/stem\/quimica-forense\/\" \/>\n<meta property=\"og:locale\" content=\"es_ES\" \/>\n<meta property=\"og:type\" content=\"article\" \/>\n<meta property=\"og:title\" content=\"Qu\u00edmica forense, qu\u00e9 es, origen y procedimientos m\u00e1s comunes - Ferrovial\" \/>\n<meta property=\"og:description\" content=\"La qu\u00edmica forense es la rama de la qu\u00edmica que contribuye al esclarecimiento de hechos delictivos a trav\u00e9s del estudio de compuestos org\u00e1nicos e inorg\u00e1nicos presentes en la escena del crimen, como p\u00f3lvora, tejidos, fluidos corporales, pigmentos, toxinas, materiales, etc.\" \/>\n<meta property=\"og:url\" content=\"https:\/\/www.ferrovial.com\/es\/stem\/quimica-forense\/\" \/>\n<meta property=\"og:site_name\" content=\"Ferrovial\" \/>\n<meta property=\"article:publisher\" content=\"https:\/\/www.facebook.com\/ferrovial\" \/>\n<meta property=\"article:modified_time\" content=\"2024-09-03T14:13:20+00:00\" \/>\n<meta name=\"twitter:card\" content=\"summary_large_image\" \/>\n<meta name=\"twitter:site\" content=\"@ferrovial\" \/>\n<meta name=\"twitter:label1\" content=\"Est. reading time\" \/>\n\t<meta name=\"twitter:data1\" content=\"3 minutos\" \/>\n<!-- \/ Yoast SEO plugin. -->","yoast_head_json":{"title":"Qu\u00edmica forense, qu\u00e9 es, origen y procedimientos m\u00e1s comunes - Ferrovial","description":"La qu\u00edmica forense es la rama de la qu\u00edmica que contribuye al esclarecimiento de hechos delictivos a trav\u00e9s del estudio de compuestos org\u00e1nicos e inorg\u00e1nicos presentes en la escena del crimen, como p\u00f3lvora, tejidos, fluidos corporales, pigmentos, toxinas, materiales, etc.","robots":{"index":"index","follow":"follow","max-snippet":"max-snippet:-1","max-image-preview":"max-image-preview:large","max-video-preview":"max-video-preview:-1"},"canonical":"https:\/\/www.ferrovial.com\/es\/stem\/quimica-forense\/","og_locale":"es_ES","og_type":"article","og_title":"Qu\u00edmica forense, qu\u00e9 es, origen y procedimientos m\u00e1s comunes - Ferrovial","og_description":"La qu\u00edmica forense es la rama de la qu\u00edmica que contribuye al esclarecimiento de hechos delictivos a trav\u00e9s del estudio de compuestos org\u00e1nicos e inorg\u00e1nicos presentes en la escena del crimen, como p\u00f3lvora, tejidos, fluidos corporales, pigmentos, toxinas, materiales, etc.","og_url":"https:\/\/www.ferrovial.com\/es\/stem\/quimica-forense\/","og_site_name":"Ferrovial","article_publisher":"https:\/\/www.facebook.com\/ferrovial","article_modified_time":"2024-09-03T14:13:20+00:00","twitter_card":"summary_large_image","twitter_site":"@ferrovial","twitter_misc":{"Est. reading time":"3 minutos"},"schema":{"@context":"https:\/\/schema.org","@graph":[{"@type":"WebPage","@id":"https:\/\/www.ferrovial.com\/es\/stem\/quimica-forense\/","url":"https:\/\/www.ferrovial.com\/es\/stem\/quimica-forense\/","name":"Qu\u00edmica forense, qu\u00e9 es, origen y procedimientos m\u00e1s comunes - Ferrovial","isPartOf":{"@id":"https:\/\/www.ferrovial.com\/es\/#website"},"datePublished":"2023-09-29T07:17:42+00:00","dateModified":"2024-09-03T14:13:20+00:00","description":"La qu\u00edmica forense es la rama de la qu\u00edmica que contribuye al esclarecimiento de hechos delictivos a trav\u00e9s del estudio de compuestos org\u00e1nicos e inorg\u00e1nicos presentes en la escena del crimen, como p\u00f3lvora, tejidos, fluidos corporales, pigmentos, toxinas, materiales, etc.","breadcrumb":{"@id":"https:\/\/www.ferrovial.com\/es\/stem\/quimica-forense\/#breadcrumb"},"inLanguage":"es","potentialAction":[{"@type":"ReadAction","target":["https:\/\/www.ferrovial.com\/es\/stem\/quimica-forense\/"]}]},{"@type":"BreadcrumbList","@id":"https:\/\/www.ferrovial.com\/es\/stem\/quimica-forense\/#breadcrumb","itemListElement":[{"@type":"ListItem","position":1,"name":"Portada","item":"https:\/\/www.ferrovial.com\/es\/"},{"@type":"ListItem","position":2,"name":"STEM","item":"https:\/\/www.ferrovial.com\/es\/stem\/"},{"@type":"ListItem","position":3,"name":"Qu\u00edmica forense"}]},{"@type":"WebSite","@id":"https:\/\/www.ferrovial.com\/es\/#website","url":"https:\/\/www.ferrovial.com\/es\/","name":"Ferrovial","description":"Welcome to the Ferrovial&#039;s website, global operator of sustainable infrastructure. Here you can find all the information about the company and subsidiaries.","publisher":{"@id":"https:\/\/www.ferrovial.com\/es\/#organization"},"potentialAction":[{"@type":"SearchAction","target":{"@type":"EntryPoint","urlTemplate":"https:\/\/www.ferrovial.com\/es\/?s={search_term_string}"},"query-input":{"@type":"PropertyValueSpecification","valueRequired":true,"valueName":"search_term_string"}}],"inLanguage":"es"},{"@type":"Organization","@id":"https:\/\/www.ferrovial.com\/es\/#organization","name":"Ferrovial S.A.","url":"https:\/\/www.ferrovial.com\/es\/","logo":{"@type":"ImageObject","inLanguage":"es","@id":"https:\/\/www.ferrovial.com\/es\/#\/schema\/logo\/image\/","url":"https:\/\/static.ferrovial.com\/wp-content\/uploads\/2020\/01\/13124948\/logo-ferrovial-cf7.png","contentUrl":"https:\/\/static.ferrovial.com\/wp-content\/uploads\/2020\/01\/13124948\/logo-ferrovial-cf7.png","width":144,"height":32,"caption":"Ferrovial S.A."},"image":{"@id":"https:\/\/www.ferrovial.com\/es\/#\/schema\/logo\/image\/"},"sameAs":["https:\/\/www.facebook.com\/ferrovial","https:\/\/x.com\/ferrovial","https:\/\/www.instagram.com\/ferrovial\/","https:\/\/www.linkedin.com\/company\/ferrovial","https:\/\/www.pinterest.es\/ferrovial\/","https:\/\/www.youtube.com\/ferrovial","https:\/\/en.wikipedia.org\/wiki\/Ferrovial"]}]}},"_links":{"self":[{"href":"https:\/\/www.ferrovial.com\/es\/wp-json\/wp\/v2\/pages\/268733","targetHints":{"allow":["GET"]}}],"collection":[{"href":"https:\/\/www.ferrovial.com\/es\/wp-json\/wp\/v2\/pages"}],"about":[{"href":"https:\/\/www.ferrovial.com\/es\/wp-json\/wp\/v2\/types\/page"}],"replies":[{"embeddable":true,"href":"https:\/\/www.ferrovial.com\/es\/wp-json\/wp\/v2\/comments?post=268733"}],"version-history":[{"count":3,"href":"https:\/\/www.ferrovial.com\/es\/wp-json\/wp\/v2\/pages\/268733\/revisions"}],"predecessor-version":[{"id":287507,"href":"https:\/\/www.ferrovial.com\/es\/wp-json\/wp\/v2\/pages\/268733\/revisions\/287507"}],"up":[{"embeddable":true,"href":"https:\/\/www.ferrovial.com\/es\/wp-json\/wp\/v2\/pages\/227878"}],"wp:attachment":[{"href":"https:\/\/www.ferrovial.com\/es\/wp-json\/wp\/v2\/media?parent=268733"}],"curies":[{"name":"wp","href":"https:\/\/api.w.org\/{rel}","templated":true}]}}