{"id":268736,"date":"2023-09-29T09:23:05","date_gmt":"2023-09-29T07:23:05","guid":{"rendered":"https:\/\/www.ferrovial.com\/?page_id=268736"},"modified":"2024-04-24T12:26:25","modified_gmt":"2024-04-24T10:26:25","slug":"acera-hormigon","status":"publish","type":"page","link":"https:\/\/www.ferrovial.com\/es\/recursos\/acera-hormigon\/","title":{"rendered":"Acera hormig\u00f3n"},"content":{"rendered":"    <m-final-content-header >\n            <c-breadcrumb label-text=\"Breadcrumb\" slot=\"breadcrumbs\" type='2' align='left' wrap='wrapped wrapped' aria-label='Vienes de Recursos'>\n                        <ol>\n\n                                                            <li><a href=\"https:\/\/www.ferrovial.com\/es\/\" title=\"Ferrovial\">Ferrovial<\/a><\/li>\n                                                                        <li><a href=\"https:\/\/www.ferrovial.com\/es\/recursos\/\" title=\"Recursos\">Recursos<\/a><\/li>\n                                    \n                <\/ol>\n\n                <\/c-breadcrumb>\n    \n        <div slot=\"header\">\n            <h1>\n                \u00bfQu\u00e9 es una acera de hormig\u00f3n?            <\/h1>\n                    <\/div>\n    <\/m-final-content-header>\n\n    \n\n\n<m-wysiwig class=\"wp-block-components-wysiwyg\"><div slot=\"maincontent\">\n<script type=\"application\/ld+json\">\n{\n  \"@context\": \"https:\/\/schema.org\",\n  \"@type\": \"FAQPage\",\n  \"mainEntity\": [{\n    \"@type\": \"Question\",\n    \"name\": \"\u00bfQu\u00e9 es una acera de hormig\u00f3n?\",\n    \"acceptedAnswer\": {\n      \"@type\": \"Answer\",\n      \"text\": \"Las aceras de hormig\u00f3n son superficies fabricadas principalmente con cemento, arena y gravas que proporcionan un camino peatonal al borde de calles, carreteras y \u00e1reas urbanas. El hormig\u00f3n ofrece versatilidad, maleabilidad, bajo costo, rapidez en el fraguado y resistencia a los elementos; esto hace que sea el material predilecto para la construcci\u00f3n de aceras.\"\n    }\n  },{\n    \"@type\": \"Question\",\n    \"name\": \"\u00bfC\u00f3mo se construye una acera de hormig\u00f3n?\",\n    \"acceptedAnswer\": {\n      \"@type\": \"Answer\",\n      \"text\": \"El proceso de pavimentado con hormig\u00f3n puede tener variaciones, aunque, por lo general, cuando se trata de la construcci\u00f3n de aceras con este material, el procedimiento suele ser el siguiente:\n\nLuego de hacer la planificaci\u00f3n y gesti\u00f3n de permisos, se prepara el terreno, se aplana y se retiran los obst\u00e1culos como piedras u otros materiales removibles que puedan entorpecer el trabajo. \n\nPosteriormente, se mide la altura y el ancho que tendr\u00e1 la acera y se hace el trazado, clavando estacas a las que se les atan l\u00edneas de gu\u00eda. Normalmente, la gu\u00eda que va pegada a la calzada vehicular suele tener una altura ligeramente inferior que su contraparte para asegurar una inclinaci\u00f3n imperceptible para el peat\u00f3n, pero suficiente para promover que corra el agua hacia los sumideros cuando llueve.\n\nEl siguiente paso suele ser la colocaci\u00f3n de los bordillos, cimbras y armazones que servir\u00e1n para hacer el encofrado del hormig\u00f3n.\n\nA continuaci\u00f3n, se suele extender una capa de base granular, que puede estar compuesta de arena o grava. La base ayuda a proporcionar estabilidad y drenaje adecuado para la acera. En esta etapa, tambi\u00e9n es posible colocar una malla soldada para armaduras de hormig\u00f3n armado, lo que le brindar\u00e1 mayor resistencia a la mezcla. Es importante que, al momento del vertido del hormig\u00f3n, la malla no se vaya al fondo y quede en contacto con el suelo, puesto que esto puede hacer que se deteriore por efecto de la humedad del suelo.\n\nUna vez preparado el terreno y el encofrado, se vierte y extiende uniformemente el hormig\u00f3n. Seguidamente, se usan reglas y llanas para nivelar y alisar la superficie. Luego, se marcan las juntas de expansi\u00f3n que permitir\u00e1n que el hormig\u00f3n se dilate y contraiga libremente en respuesta a los cambios de temperatura. As\u00ed se evitar\u00e1 que la acera se agriete. Tambi\u00e9n, en este punto, se puede usar alg\u00fan utensilio sobre toda la superficie, a\u00fan fresca, para rayarla y otorgarle una textura menos resbaladiza.\n\nCuando el concreto ha alcanzado una cierta resistencia, se cortan las juntas de expansi\u00f3n usando una sierra para concreto.\n\nFinalmente, el hormig\u00f3n debe terminar de curarse hasta alcanzar su m\u00e1xima dureza.\n\nEl procedimiento antes referido contempla la construcci\u00f3n de aceras con acabado enteramente de hormig\u00f3n. Sin embargo, este material tambi\u00e9n suele usarse para construir aceras con otras cubiertas, como los adoquines. De igual modo, las aceras de hormig\u00f3n pueden poseer en ciertas \u00e1reas baldosas podot\u00e1ctiles para personas con dificultades visuales u ornamentos, texturas o colores acordes a la necesidad del proyecto en el que se encuentran.\"\n    }\n  }]\n}\n<\/script>\n<p>Las <a href=\"https:\/\/www.ferrovial.com\/es\/recursos\/acera\/\">aceras<\/a> de <a href=\"https:\/\/www.ferrovial.com\/es\/recursos\/hormigon\/\">hormig\u00f3n<\/a> son <strong>superficies fabricadas principalmente con cemento, arena y gravas que proporcionan un camino peatonal al borde de calles, carreteras y \u00e1reas urbanas<\/strong>. El hormig\u00f3n ofrece versatilidad, maleabilidad, bajo costo, rapidez en el fraguado y resistencia a los elementos; esto hace que sea el material predilecto para la construcci\u00f3n de aceras.<\/p>\n\n\n\n<h2 class=\"wp-block-heading\"><strong>\u00bfC\u00f3mo se construye una acera de hormig\u00f3n?<\/strong><\/h2>\n\n\n\n<p>El proceso de pavimentado con hormig\u00f3n puede tener variaciones, aunque, por lo general, cuando se trata de la construcci\u00f3n de aceras con este material, el procedimiento suele ser el siguiente:<\/p>\n\n\n\n<p>Luego de hacer la <strong>planificaci\u00f3n<\/strong> y <strong>gesti\u00f3n de permisos<\/strong>, se <strong>prepara el terreno<\/strong>, se aplana y se retiran los obst\u00e1culos como piedras u otros materiales removibles que puedan entorpecer el trabajo.&nbsp;<\/p>\n\n\n\n<p>Posteriormente, se mide la altura y el ancho que tendr\u00e1 la acera y <strong>se hace el trazado, clavando estacas a las que se les atan l\u00edneas de gu\u00eda<\/strong>. Normalmente, la gu\u00eda que va pegada a la calzada vehicular suele tener una altura ligeramente inferior que su contraparte para asegurar una inclinaci\u00f3n imperceptible para el peat\u00f3n, pero suficiente para promover que corra el agua hacia los sumideros cuando llueve.<\/p>\n\n\n\n<p>El siguiente paso suele ser la <strong>colocaci\u00f3n de los bordillos, cimbras y armazones <\/strong>que servir\u00e1n para hacer el encofrado del hormig\u00f3n.<\/p>\n\n\n\n<p>A continuaci\u00f3n, se suele extender una capa de <strong>base granular<\/strong>, que puede estar compuesta de <strong>arena o grava<\/strong>. La base ayuda a proporcionar estabilidad y drenaje adecuado para la acera. En esta etapa, tambi\u00e9n es posible colocar una <strong>malla soldada <\/strong>para armaduras de hormig\u00f3n armado, lo que le brindar\u00e1 mayor resistencia a la mezcla. Es importante que, al momento del vertido del hormig\u00f3n, la malla no se vaya al fondo y quede en contacto con el suelo, puesto que esto puede hacer que se deteriore por efecto de la humedad del suelo.<\/p>\n\n\n\n<p>Una vez preparado el terreno y el encofrado, <strong>se vierte y extiende uniformemente el hormig\u00f3n<\/strong>. Seguidamente, se usan reglas y llanas para nivelar y alisar la superficie. Luego, se marcan las <strong>juntas de expansi\u00f3n <\/strong>que permitir\u00e1n que el hormig\u00f3n se dilate y contraiga libremente en respuesta a los cambios de temperatura. As\u00ed se evitar\u00e1 que la acera se agriete. Tambi\u00e9n, en este punto, se puede usar alg\u00fan utensilio sobre toda la superficie, a\u00fan fresca, para <strong>rayarla y otorgarle una textura menos resbaladiza<\/strong>.<\/p>\n\n\n\n<p>Cuando el concreto ha alcanzado una cierta resistencia, <strong>se cortan las juntas de expansi\u00f3n <\/strong>usando una sierra para concreto.<\/p>\n\n\n\n<p>Finalmente, el hormig\u00f3n debe terminar de curarse hasta alcanzar su m\u00e1xima dureza.<\/p>\n\n\n\n<p>El procedimiento antes referido contempla la construcci\u00f3n de aceras con acabado enteramente de hormig\u00f3n. Sin embargo, este material tambi\u00e9n suele usarse para construir aceras con otras cubiertas, como los <strong>adoquines<\/strong>. De igual modo, las aceras de hormig\u00f3n pueden poseer en ciertas \u00e1reas <strong>baldosas podot\u00e1ctiles <\/strong>para personas con dificultades visuales u ornamentos, texturas o colores acordes a la necesidad del proyecto en el que se encuentran.<\/p>\n<\/div><\/m-wysiwig>\n","protected":false},"excerpt":{"rendered":"","protected":false},"featured_media":0,"parent":25267,"menu_order":0,"comment_status":"closed","ping_status":"closed","template":"","meta":{"_acf_changed":false,"footnotes":""},"class_list":["post-268736","page","type-page","status-publish","hentry"],"acf":[],"yoast_head":"<!-- This site is optimized with the Yoast SEO plugin v27.2 - https:\/\/yoast.com\/product\/yoast-seo-wordpress\/ -->\n<title>Acera hormig\u00f3n, qu\u00e9 es y c\u00f3mo se construye - Ferrovial<\/title>\n<meta name=\"description\" content=\"Las aceras de hormig\u00f3n son superficies fabricadas principalmente con cemento, arena y gravas que proporcionan un camino peatonal al borde de calles, carreteras y \u00e1reas urbanas.\" \/>\n<meta name=\"robots\" content=\"index, follow, max-snippet:-1, max-image-preview:large, max-video-preview:-1\" \/>\n<link rel=\"canonical\" href=\"https:\/\/www.ferrovial.com\/es\/recursos\/acera-hormigon\/\" \/>\n<meta property=\"og:locale\" content=\"es_ES\" \/>\n<meta property=\"og:type\" content=\"article\" \/>\n<meta property=\"og:title\" content=\"Acera hormig\u00f3n, qu\u00e9 es y c\u00f3mo se construye - Ferrovial\" \/>\n<meta property=\"og:description\" content=\"Las aceras de hormig\u00f3n son superficies fabricadas principalmente con cemento, arena y gravas que proporcionan un camino peatonal al borde de calles, carreteras y \u00e1reas urbanas.\" \/>\n<meta property=\"og:url\" content=\"https:\/\/www.ferrovial.com\/es\/recursos\/acera-hormigon\/\" \/>\n<meta property=\"og:site_name\" content=\"Ferrovial\" \/>\n<meta property=\"article:publisher\" content=\"https:\/\/www.facebook.com\/ferrovial\" \/>\n<meta property=\"article:modified_time\" content=\"2024-04-24T10:26:25+00:00\" \/>\n<meta name=\"twitter:card\" content=\"summary_large_image\" \/>\n<meta name=\"twitter:site\" content=\"@ferrovial\" \/>\n<meta name=\"twitter:label1\" content=\"Est. reading time\" \/>\n\t<meta name=\"twitter:data1\" content=\"3 minutos\" \/>\n<!-- \/ Yoast SEO plugin. -->","yoast_head_json":{"title":"Acera hormig\u00f3n, qu\u00e9 es y c\u00f3mo se construye - Ferrovial","description":"Las aceras de hormig\u00f3n son superficies fabricadas principalmente con cemento, arena y gravas que proporcionan un camino peatonal al borde de calles, carreteras y \u00e1reas urbanas.","robots":{"index":"index","follow":"follow","max-snippet":"max-snippet:-1","max-image-preview":"max-image-preview:large","max-video-preview":"max-video-preview:-1"},"canonical":"https:\/\/www.ferrovial.com\/es\/recursos\/acera-hormigon\/","og_locale":"es_ES","og_type":"article","og_title":"Acera hormig\u00f3n, qu\u00e9 es y c\u00f3mo se construye - Ferrovial","og_description":"Las aceras de hormig\u00f3n son superficies fabricadas principalmente con cemento, arena y gravas que proporcionan un camino peatonal al borde de calles, carreteras y \u00e1reas urbanas.","og_url":"https:\/\/www.ferrovial.com\/es\/recursos\/acera-hormigon\/","og_site_name":"Ferrovial","article_publisher":"https:\/\/www.facebook.com\/ferrovial","article_modified_time":"2024-04-24T10:26:25+00:00","twitter_card":"summary_large_image","twitter_site":"@ferrovial","twitter_misc":{"Est. reading time":"3 minutos"},"schema":{"@context":"https:\/\/schema.org","@graph":[{"@type":"WebPage","@id":"https:\/\/www.ferrovial.com\/es\/recursos\/acera-hormigon\/","url":"https:\/\/www.ferrovial.com\/es\/recursos\/acera-hormigon\/","name":"Acera hormig\u00f3n, qu\u00e9 es y c\u00f3mo se construye - Ferrovial","isPartOf":{"@id":"https:\/\/www.ferrovial.com\/es\/#website"},"datePublished":"2023-09-29T07:23:05+00:00","dateModified":"2024-04-24T10:26:25+00:00","description":"Las aceras de hormig\u00f3n son superficies fabricadas principalmente con cemento, arena y gravas que proporcionan un camino peatonal al borde de calles, carreteras y \u00e1reas urbanas.","breadcrumb":{"@id":"https:\/\/www.ferrovial.com\/es\/recursos\/acera-hormigon\/#breadcrumb"},"inLanguage":"es","potentialAction":[{"@type":"ReadAction","target":["https:\/\/www.ferrovial.com\/es\/recursos\/acera-hormigon\/"]}]},{"@type":"BreadcrumbList","@id":"https:\/\/www.ferrovial.com\/es\/recursos\/acera-hormigon\/#breadcrumb","itemListElement":[{"@type":"ListItem","position":1,"name":"Portada","item":"https:\/\/www.ferrovial.com\/es\/"},{"@type":"ListItem","position":2,"name":"Recursos","item":"https:\/\/www.ferrovial.com\/es\/recursos\/"},{"@type":"ListItem","position":3,"name":"Acera hormig\u00f3n"}]},{"@type":"WebSite","@id":"https:\/\/www.ferrovial.com\/es\/#website","url":"https:\/\/www.ferrovial.com\/es\/","name":"Ferrovial","description":"Welcome to the Ferrovial&#039;s website, global operator of sustainable infrastructure. Here you can find all the information about the company and subsidiaries.","publisher":{"@id":"https:\/\/www.ferrovial.com\/es\/#organization"},"potentialAction":[{"@type":"SearchAction","target":{"@type":"EntryPoint","urlTemplate":"https:\/\/www.ferrovial.com\/es\/?s={search_term_string}"},"query-input":{"@type":"PropertyValueSpecification","valueRequired":true,"valueName":"search_term_string"}}],"inLanguage":"es"},{"@type":"Organization","@id":"https:\/\/www.ferrovial.com\/es\/#organization","name":"Ferrovial S.A.","url":"https:\/\/www.ferrovial.com\/es\/","logo":{"@type":"ImageObject","inLanguage":"es","@id":"https:\/\/www.ferrovial.com\/es\/#\/schema\/logo\/image\/","url":"https:\/\/static.ferrovial.com\/wp-content\/uploads\/2020\/01\/13124948\/logo-ferrovial-cf7.png","contentUrl":"https:\/\/static.ferrovial.com\/wp-content\/uploads\/2020\/01\/13124948\/logo-ferrovial-cf7.png","width":144,"height":32,"caption":"Ferrovial S.A."},"image":{"@id":"https:\/\/www.ferrovial.com\/es\/#\/schema\/logo\/image\/"},"sameAs":["https:\/\/www.facebook.com\/ferrovial","https:\/\/x.com\/ferrovial","https:\/\/www.instagram.com\/ferrovial\/","https:\/\/www.linkedin.com\/company\/ferrovial","https:\/\/www.pinterest.es\/ferrovial\/","https:\/\/www.youtube.com\/ferrovial","https:\/\/en.wikipedia.org\/wiki\/Ferrovial"]}]}},"_links":{"self":[{"href":"https:\/\/www.ferrovial.com\/es\/wp-json\/wp\/v2\/pages\/268736","targetHints":{"allow":["GET"]}}],"collection":[{"href":"https:\/\/www.ferrovial.com\/es\/wp-json\/wp\/v2\/pages"}],"about":[{"href":"https:\/\/www.ferrovial.com\/es\/wp-json\/wp\/v2\/types\/page"}],"replies":[{"embeddable":true,"href":"https:\/\/www.ferrovial.com\/es\/wp-json\/wp\/v2\/comments?post=268736"}],"version-history":[{"count":2,"href":"https:\/\/www.ferrovial.com\/es\/wp-json\/wp\/v2\/pages\/268736\/revisions"}],"predecessor-version":[{"id":280139,"href":"https:\/\/www.ferrovial.com\/es\/wp-json\/wp\/v2\/pages\/268736\/revisions\/280139"}],"up":[{"embeddable":true,"href":"https:\/\/www.ferrovial.com\/es\/wp-json\/wp\/v2\/pages\/25267"}],"wp:attachment":[{"href":"https:\/\/www.ferrovial.com\/es\/wp-json\/wp\/v2\/media?parent=268736"}],"curies":[{"name":"wp","href":"https:\/\/api.w.org\/{rel}","templated":true}]}}