{"id":268744,"date":"2023-09-29T09:43:16","date_gmt":"2023-09-29T07:43:16","guid":{"rendered":"https:\/\/www.ferrovial.com\/?page_id=268744"},"modified":"2024-04-26T13:28:07","modified_gmt":"2024-04-26T11:28:07","slug":"sistema-de-drenaje","status":"publish","type":"page","link":"https:\/\/www.ferrovial.com\/es\/recursos\/sistema-de-drenaje\/","title":{"rendered":"Sistema de drenaje"},"content":{"rendered":"    <m-final-content-header >\n            <c-breadcrumb label-text=\"Breadcrumb\" slot=\"breadcrumbs\" type='2' align='left' wrap='wrapped wrapped' aria-label='Vienes de Recursos'>\n                        <ol>\n\n                                                            <li><a href=\"https:\/\/www.ferrovial.com\/es\/\" title=\"Ferrovial\">Ferrovial<\/a><\/li>\n                                                                        <li><a href=\"https:\/\/www.ferrovial.com\/es\/recursos\/\" title=\"Recursos\">Recursos<\/a><\/li>\n                                    \n                <\/ol>\n\n                <\/c-breadcrumb>\n    \n        <div slot=\"header\">\n            <h1>\n                \u00bfQu\u00e9 es un sistema de drenaje?            <\/h1>\n                    <\/div>\n    <\/m-final-content-header>\n\n    \n\n\n<m-wysiwig class=\"wp-block-components-wysiwyg\"><div slot=\"maincontent\">\n<script type=\"application\/ld+json\">\n{\n  \"@context\": \"https:\/\/schema.org\",\n  \"@type\": \"FAQPage\",\n  \"mainEntity\": [{\n    \"@type\": \"Question\",\n    \"name\": \"\u00bfQu\u00e9 es un sistema de drenaje?\",\n    \"acceptedAnswer\": {\n      \"@type\": \"Answer\",\n      \"text\": \"El sistema de drenaje, tambi\u00e9n llamado red de saneamiento, es una infraestructura dise\u00f1ada para la recolecci\u00f3n y eliminaci\u00f3n de aguas pluviales y residuales, evitando as\u00ed estancamientos e inundaciones. Son esenciales para mantener la salubridad y el equilibrio hidrol\u00f3gico.\"\n    }\n  },{\n    \"@type\": \"Question\",\n    \"name\": \"\u00bfQu\u00e9 elementos componen el sistema de drenaje?\",\n    \"acceptedAnswer\": {\n      \"@type\": \"Answer\",\n      \"text\": \"Los sistemas de drenaje pueden ser muy simples o complejos, y estar compuestos de una cantidad variable de elementos; sin embargo, algunos de los m\u00e1s comunes son:\n<ul>\n<li>Red alcantarillado<\/li>\n<li>Desag\u00fces pluviales<\/li>\n<li>Sistemas Urbanos de Drenaje Sostenibles<\/li>\n<li>Colectores<\/li>\n<li>Pozos h\u00famedos o pozos subterr\u00e1neos<\/li>\n<li>Estaciones de bombeo<\/li>\n<li>Plantas de tratamiento de aguas residuales<\/li>\n<\/ul>\"\n    }\n  },{\n    \"@type\": \"Question\",\n    \"name\": \"\u00bfQu\u00e9 tipos de sistemas de drenaje existen?\",\n    \"acceptedAnswer\": {\n      \"@type\": \"Answer\",\n      \"text\": \"A grandes rasgos, los tipos de drenajes se pueden dividir en:\n<ul>\n<li>Drenaje urbano<\/li>\n<li>Drenaje agr\u00edcola<\/li>\n<li>Drenaje de carreteras<\/li>\n<li>Drenaje de edificios<\/li>\n<li>Drenaje industrial<\/li>\n<\/ul>\"\n    }\n  },{\n    \"@type\": \"Question\",\n    \"name\": \"\u00bfCu\u00e1l es la importancia de los sistemas de drenaje?\",\n    \"acceptedAnswer\": {\n      \"@type\": \"Answer\",\n      \"text\": \"Los sistemas de drenaje son importantes por razones que se han ido mencionando, como:\n<ul>\n<li>Control de inundaciones.\n<\/li>\n<li>Gesti\u00f3n de agua pluvial.\n<\/li>\n<li>Saneamiento.\n<\/li>\n<li>Tratamiento de aguas residuales.\n<\/li>\n<li>Preservaci\u00f3n de los suelos y aguas subterr\u00e1neas de posibles agentes contaminantes.\n<\/li>\n<\/ul>\nTambi\u00e9n son importantes para:\n<ul>\n<li>Control de la erosi\u00f3n<\/li>\n<li>Gesti\u00f3n integrada del agua<\/li>\n<\/ul>\"\n    }\n  }]\n}\n<\/script><p>El sistema de drenaje, tambi\u00e9n llamado <strong>red de saneamiento<\/strong>, es <strong>una <\/strong><a href=\"https:\/\/www.ferrovial.com\/es\/recursos\/infraestructura\/\"><strong>infraestructura<\/strong><\/a><strong> dise\u00f1ada para la recolecci\u00f3n y eliminaci\u00f3n de aguas pluviales y <\/strong><a href=\"https:\/\/www.ferrovial.com\/es\/recursos\/aguas-residuales\/\"><strong>residuales<\/strong><\/a>, evitando as\u00ed estancamientos e inundaciones. Son esenciales para mantener la <strong>salubridad <\/strong>y el <strong>equilibrio hidrol\u00f3gico<\/strong>.<\/p>\n\n\n\n<h2 class=\"wp-block-heading\"><strong>\u00bfQu\u00e9 elementos componen el sistema de drenaje?<\/strong><\/h2>\n\n\n\n<p>Los sistemas de drenaje pueden ser muy simples o complejos, y estar compuestos de una cantidad variable de elementos; sin embargo, <strong>algunos de los m\u00e1s comunes <\/strong>son:<\/p>\n\n\n\n<ul class=\"wp-block-list\">\n<li><strong>Red de alcantarillado<\/strong>, o simplemente <strong>alcantarillado<\/strong>: son los elementos m\u00e1s visibles de los sistemas de drenaje. Se trata de un <strong>sistema de canales<\/strong>, generalmente subterr\u00e1neos, con bocas en superficie. Las bocas pueden estar conectadas al sistema de tuber\u00edas de un edificio (<strong>acometida <\/strong>o <strong>toma domiciliaria<\/strong>) o pueden encontrarse en la v\u00eda p\u00fablica. Los accesos a las alcantarillas, llamados <strong>sumideros<\/strong>, est\u00e1n protegidos por tapas o rejillas para evitar accidentes, que caigan en el sistema objetos grandes que pudieran ocasionar obstrucciones o que entren animales o personas.<\/li>\n\n\n\n<li><strong>Desag\u00fces pluviales: <\/strong>son los encargados de <strong>canalizar, recoger y gestionar el agua de las lluvias<\/strong>. En territorios urbanos, los desag\u00fces pluviales dan a las alcantarillas, pero en territorios rurales pueden canalizar el agua con un doble prop\u00f3sito: evitar encharcamientos y aprovechar el recurso h\u00eddrico. Parte del sistema de desag\u00fce pluvial son las zanjas, los <strong>canales <\/strong>y las <strong>tajeas<\/strong>, peque\u00f1as estructuras que, a modo de galer\u00eda, permiten el drenaje de las aguas superficiales por debajo de otras infraestructuras, generalmente viales, como <a href=\"https:\/\/www.ferrovial.com\/es\/recursos\/carreteras\/\">carreteras<\/a> o <a href=\"https:\/\/www.ferrovial.com\/es\/recursos\/ferroviarias\/\">v\u00edas f\u00e9rreas<\/a>.<\/li>\n\n\n\n<li><strong>Sistemas Urbanos de Drenaje Sostenible (SUDS): <\/strong>son elementos superficiales que buscan el aprovechamiento del agua de lluvia. Suelen ser permeables y, generalmente, estar integrados con infraestructuras verdes. Su objetivo es <strong>retener, transportar y reutilizar el agua pluvial<\/strong>; pero tambi\u00e9n <strong>filtrarla e infiltrarla al terreno<\/strong>, manteniendo o restaurando la calidad del agua en el proceso.<\/li>\n\n\n\n<li><strong>Colectores:<\/strong> recolectan el agua de diversos ramales de la red para conducirla a las plantas de saneamiento.<\/li>\n\n\n\n<li><strong>Pozos h\u00famedos <\/strong>o <strong>pozos subterr\u00e1neos:<\/strong> almacenan las aguas residuales, que se acumulan hasta alcanzar un cierto nivel. Normalmente, est\u00e1n equipados con sistemas de detecci\u00f3n que permiten activar el bombeo de las aguas a plantas de tratamiento cuando se alcanza una cantidad determinada.<\/li>\n\n\n\n<li><strong>Estaciones de bombeo <\/strong>o <strong>estaciones elevadoras: <\/strong>los sistemas de drenaje suelen funcionar por gravedad; sin embargo, no todos los terrenos lo permiten. Las estaciones de bombeo son puntos en los que se instalan bombas para permitir el flujo del agua a puntos de mayor elevaci\u00f3n.<\/li>\n\n\n\n<li><strong>Plantas de tratamiento de aguas residuales:<\/strong> son <a href=\"https:\/\/www.ferrovial.com\/es\/recursos\/tratamiento-aguas\/\">infraestructuras especializadas<\/a> en las que las aguas residuales se someten a distintos <strong>procesos, generalmente fisicoqu\u00edmicos<\/strong>, para eliminar de ellas <strong>elementos contaminantes<\/strong> antes de redirigirlas para nuevos usos o reintroducirlas al medio ambiente.<\/li>\n<\/ul>\n\n\n\n<h2 class=\"wp-block-heading\"><strong>\u00bfQu\u00e9 tipos de sistemas de drenaje existen?<\/strong><\/h2>\n\n\n\n<p>A grandes rasgos, los tipos de drenajes se pueden dividir en:<\/p>\n\n\n\n<ul class=\"wp-block-list\">\n<li><strong>Drenaje urbano: <\/strong>gestiona las aguas de las ciudades. Son importantes porque, por sus caracter\u00edsticas, los terrenos urbanizados tienen menor capacidad de absorci\u00f3n del agua.<\/li>\n\n\n\n<li><strong>Drenaje agr\u00edcola:<\/strong> ayudan a eliminar el exceso de agua en el suelo para mantener su calidad y asegurar el <a href=\"https:\/\/www.ferrovial.com\/es\/recursos\/sistema-de-riego\/\">suministro h\u00eddrico apropiado para los cultivos<\/a>.<\/li>\n\n\n\n<li><strong>Drenaje de carreteras: <\/strong>recolecta y canaliza las aguas pluviales para evitar encharcamientos e inundaciones, garantizando as\u00ed la seguridad vial.<\/li>\n\n\n\n<li><strong>Drenaje de edificios: <\/strong>se implanta en todo tipo de edificios (residenciales, comerciales e industriales) y se utiliza para canalizar las aguas pluviales y, especialmente, las aguas residuales.<\/li>\n\n\n\n<li><strong>Drenaje industrial: <\/strong>aunque formalmente pertenece al dominio de los drenajes de edificios, el drenaje industrial debe tratarse separadamente. Cada industria presenta exigencias y desaf\u00edos distintos en materia de drenaje. La gesti\u00f3n y tratamiento de las aguas residuales industriales es especialmente importante para evitar la contaminaci\u00f3n ambiental (de suelos, <a href=\"https:\/\/www.ferrovial.com\/es\/recursos\/aguas-subterraneas\/\">aguas subterr\u00e1neas<\/a>, etc.) y la apropiada disposici\u00f3n de los residuos peligrosos o particularmente t\u00f3xicos.<\/li>\n<\/ul>\n\n\n\n<h2 class=\"wp-block-heading\"><strong>\u00bfCu\u00e1l es la importancia de los sistemas de drenaje?<\/strong><\/h2>\n\n\n\n<p>Los sistemas de drenaje son importantes por razones que se han ido mencionando, como:<\/p>\n\n\n\n<ul class=\"wp-block-list\">\n<li>Control de inundaciones.<\/li>\n\n\n\n<li>Gesti\u00f3n de agua pluvial.<\/li>\n\n\n\n<li>Saneamiento.<\/li>\n\n\n\n<li>Tratamiento de aguas residuales.<\/li>\n\n\n\n<li>Preservaci\u00f3n de los suelos y aguas subterr\u00e1neas de posibles agentes contaminantes.<\/li>\n<\/ul>\n\n\n\n<p>Tambi\u00e9n son importantes para:<\/p>\n\n\n\n<ul class=\"wp-block-list\">\n<li><strong>Control de la erosi\u00f3n: <\/strong>el flujo libre del agua por el terreno ocasiona erosi\u00f3n del suelo; esto puede llevar a la p\u00e9rdida de nutrientes en la tierra, en el caso de contextos rurales, y a la desestabilizaci\u00f3n de <a href=\"https:\/\/www.ferrovial.com\/es\/stem\/cimentaciones\/\">cimentaciones<\/a> en contextos m\u00e1s urbanos.<\/li>\n\n\n\n<li><strong>Gesti\u00f3n integrada del agua: <\/strong>la correcta gesti\u00f3n de las aguas repercute en el aprovechamiento m\u00e1ximo del recurso h\u00eddrico y la correcta reinserci\u00f3n en el ciclo del agua de las aguas residuales.<\/li>\n<\/ul>\n<\/div><\/m-wysiwig>\n","protected":false},"excerpt":{"rendered":"","protected":false},"featured_media":0,"parent":25267,"menu_order":0,"comment_status":"closed","ping_status":"closed","template":"","meta":{"_acf_changed":false,"footnotes":""},"class_list":["post-268744","page","type-page","status-publish","hentry"],"acf":[],"yoast_head":"<!-- This site is optimized with the Yoast SEO plugin v27.2 - https:\/\/yoast.com\/product\/yoast-seo-wordpress\/ -->\n<title>Sistema de drenaje, qu\u00e9 es, composici\u00f3n, tipos e importancia<\/title>\n<meta name=\"description\" content=\"El sistema de drenaje o red de saneamiento, es una infraestructura dise\u00f1ada para la recolecci\u00f3n y eliminaci\u00f3n de aguas pluviales y residuales, evitando as\u00ed estancamientos e inundaciones. Son esenciales para mantener la salubridad y el equilibrio hidrol\u00f3gico.\" \/>\n<meta name=\"robots\" content=\"index, follow, max-snippet:-1, max-image-preview:large, max-video-preview:-1\" \/>\n<link rel=\"canonical\" href=\"https:\/\/www.ferrovial.com\/es\/recursos\/sistema-de-drenaje\/\" \/>\n<meta property=\"og:locale\" content=\"es_ES\" \/>\n<meta property=\"og:type\" content=\"article\" \/>\n<meta property=\"og:title\" content=\"Sistema de drenaje, qu\u00e9 es, composici\u00f3n, tipos e importancia\" \/>\n<meta property=\"og:description\" content=\"El sistema de drenaje o red de saneamiento, es una infraestructura dise\u00f1ada para la recolecci\u00f3n y eliminaci\u00f3n de aguas pluviales y residuales, evitando as\u00ed estancamientos e inundaciones. Son esenciales para mantener la salubridad y el equilibrio hidrol\u00f3gico.\" \/>\n<meta property=\"og:url\" content=\"https:\/\/www.ferrovial.com\/es\/recursos\/sistema-de-drenaje\/\" \/>\n<meta property=\"og:site_name\" content=\"Ferrovial\" \/>\n<meta property=\"article:publisher\" content=\"https:\/\/www.facebook.com\/ferrovial\" \/>\n<meta property=\"article:modified_time\" content=\"2024-04-26T11:28:07+00:00\" \/>\n<meta name=\"twitter:card\" content=\"summary_large_image\" \/>\n<meta name=\"twitter:site\" content=\"@ferrovial\" \/>\n<meta name=\"twitter:label1\" content=\"Est. reading time\" \/>\n\t<meta name=\"twitter:data1\" content=\"4 minutos\" \/>\n<!-- \/ Yoast SEO plugin. -->","yoast_head_json":{"title":"Sistema de drenaje, qu\u00e9 es, composici\u00f3n, tipos e importancia","description":"El sistema de drenaje o red de saneamiento, es una infraestructura dise\u00f1ada para la recolecci\u00f3n y eliminaci\u00f3n de aguas pluviales y residuales, evitando as\u00ed estancamientos e inundaciones. Son esenciales para mantener la salubridad y el equilibrio hidrol\u00f3gico.","robots":{"index":"index","follow":"follow","max-snippet":"max-snippet:-1","max-image-preview":"max-image-preview:large","max-video-preview":"max-video-preview:-1"},"canonical":"https:\/\/www.ferrovial.com\/es\/recursos\/sistema-de-drenaje\/","og_locale":"es_ES","og_type":"article","og_title":"Sistema de drenaje, qu\u00e9 es, composici\u00f3n, tipos e importancia","og_description":"El sistema de drenaje o red de saneamiento, es una infraestructura dise\u00f1ada para la recolecci\u00f3n y eliminaci\u00f3n de aguas pluviales y residuales, evitando as\u00ed estancamientos e inundaciones. Son esenciales para mantener la salubridad y el equilibrio hidrol\u00f3gico.","og_url":"https:\/\/www.ferrovial.com\/es\/recursos\/sistema-de-drenaje\/","og_site_name":"Ferrovial","article_publisher":"https:\/\/www.facebook.com\/ferrovial","article_modified_time":"2024-04-26T11:28:07+00:00","twitter_card":"summary_large_image","twitter_site":"@ferrovial","twitter_misc":{"Est. reading time":"4 minutos"},"schema":{"@context":"https:\/\/schema.org","@graph":[{"@type":"WebPage","@id":"https:\/\/www.ferrovial.com\/es\/recursos\/sistema-de-drenaje\/","url":"https:\/\/www.ferrovial.com\/es\/recursos\/sistema-de-drenaje\/","name":"Sistema de drenaje, qu\u00e9 es, composici\u00f3n, tipos e importancia","isPartOf":{"@id":"https:\/\/www.ferrovial.com\/es\/#website"},"datePublished":"2023-09-29T07:43:16+00:00","dateModified":"2024-04-26T11:28:07+00:00","description":"El sistema de drenaje o red de saneamiento, es una infraestructura dise\u00f1ada para la recolecci\u00f3n y eliminaci\u00f3n de aguas pluviales y residuales, evitando as\u00ed estancamientos e inundaciones. Son esenciales para mantener la salubridad y el equilibrio hidrol\u00f3gico.","breadcrumb":{"@id":"https:\/\/www.ferrovial.com\/es\/recursos\/sistema-de-drenaje\/#breadcrumb"},"inLanguage":"es","potentialAction":[{"@type":"ReadAction","target":["https:\/\/www.ferrovial.com\/es\/recursos\/sistema-de-drenaje\/"]}]},{"@type":"BreadcrumbList","@id":"https:\/\/www.ferrovial.com\/es\/recursos\/sistema-de-drenaje\/#breadcrumb","itemListElement":[{"@type":"ListItem","position":1,"name":"Portada","item":"https:\/\/www.ferrovial.com\/es\/"},{"@type":"ListItem","position":2,"name":"Recursos","item":"https:\/\/www.ferrovial.com\/es\/recursos\/"},{"@type":"ListItem","position":3,"name":"Sistema de drenaje"}]},{"@type":"WebSite","@id":"https:\/\/www.ferrovial.com\/es\/#website","url":"https:\/\/www.ferrovial.com\/es\/","name":"Ferrovial","description":"Welcome to the Ferrovial&#039;s website, global operator of sustainable infrastructure. Here you can find all the information about the company and subsidiaries.","publisher":{"@id":"https:\/\/www.ferrovial.com\/es\/#organization"},"potentialAction":[{"@type":"SearchAction","target":{"@type":"EntryPoint","urlTemplate":"https:\/\/www.ferrovial.com\/es\/?s={search_term_string}"},"query-input":{"@type":"PropertyValueSpecification","valueRequired":true,"valueName":"search_term_string"}}],"inLanguage":"es"},{"@type":"Organization","@id":"https:\/\/www.ferrovial.com\/es\/#organization","name":"Ferrovial S.A.","url":"https:\/\/www.ferrovial.com\/es\/","logo":{"@type":"ImageObject","inLanguage":"es","@id":"https:\/\/www.ferrovial.com\/es\/#\/schema\/logo\/image\/","url":"https:\/\/static.ferrovial.com\/wp-content\/uploads\/2020\/01\/13124948\/logo-ferrovial-cf7.png","contentUrl":"https:\/\/static.ferrovial.com\/wp-content\/uploads\/2020\/01\/13124948\/logo-ferrovial-cf7.png","width":144,"height":32,"caption":"Ferrovial S.A."},"image":{"@id":"https:\/\/www.ferrovial.com\/es\/#\/schema\/logo\/image\/"},"sameAs":["https:\/\/www.facebook.com\/ferrovial","https:\/\/x.com\/ferrovial","https:\/\/www.instagram.com\/ferrovial\/","https:\/\/www.linkedin.com\/company\/ferrovial","https:\/\/www.pinterest.es\/ferrovial\/","https:\/\/www.youtube.com\/ferrovial","https:\/\/en.wikipedia.org\/wiki\/Ferrovial"]}]}},"_links":{"self":[{"href":"https:\/\/www.ferrovial.com\/es\/wp-json\/wp\/v2\/pages\/268744","targetHints":{"allow":["GET"]}}],"collection":[{"href":"https:\/\/www.ferrovial.com\/es\/wp-json\/wp\/v2\/pages"}],"about":[{"href":"https:\/\/www.ferrovial.com\/es\/wp-json\/wp\/v2\/types\/page"}],"replies":[{"embeddable":true,"href":"https:\/\/www.ferrovial.com\/es\/wp-json\/wp\/v2\/comments?post=268744"}],"version-history":[{"count":2,"href":"https:\/\/www.ferrovial.com\/es\/wp-json\/wp\/v2\/pages\/268744\/revisions"}],"predecessor-version":[{"id":280240,"href":"https:\/\/www.ferrovial.com\/es\/wp-json\/wp\/v2\/pages\/268744\/revisions\/280240"}],"up":[{"embeddable":true,"href":"https:\/\/www.ferrovial.com\/es\/wp-json\/wp\/v2\/pages\/25267"}],"wp:attachment":[{"href":"https:\/\/www.ferrovial.com\/es\/wp-json\/wp\/v2\/media?parent=268744"}],"curies":[{"name":"wp","href":"https:\/\/api.w.org\/{rel}","templated":true}]}}