{"id":268746,"date":"2023-09-29T09:54:34","date_gmt":"2023-09-29T07:54:34","guid":{"rendered":"https:\/\/www.ferrovial.com\/?page_id=268746"},"modified":"2024-04-26T13:44:30","modified_gmt":"2024-04-26T11:44:30","slug":"modelo-estandar-de-la-fisica-de-particulas","status":"publish","type":"page","link":"https:\/\/www.ferrovial.com\/es\/stem\/modelo-estandar-de-la-fisica-de-particulas\/","title":{"rendered":"Modelo est\u00e1ndar de la f\u00edsica de part\u00edculas"},"content":{"rendered":"    <m-final-content-header >\n            <c-breadcrumb label-text=\"Breadcrumb\" slot=\"breadcrumbs\" type='2' align='left' wrap='wrapped wrapped' aria-label='Vienes de STEM'>\n                        <ol>\n\n                                                            <li><a href=\"https:\/\/www.ferrovial.com\/es\/\" title=\"Ferrovial\">Ferrovial<\/a><\/li>\n                                                                        <li><a href=\"https:\/\/www.ferrovial.com\/es\/stem\/\" title=\"STEM\">STEM<\/a><\/li>\n                                    \n                <\/ol>\n\n                <\/c-breadcrumb>\n    \n        <div slot=\"header\">\n            <h1>\n                \u00bfQu\u00e9 es el Modelo Est\u00e1ndar de la F\u00edsica de Part\u00edculas?            <\/h1>\n                    <\/div>\n    <\/m-final-content-header>\n\n    \n\n\n<m-wysiwig class=\"wp-block-components-wysiwyg\"><div slot=\"maincontent\">\n<script type=\"application\/ld+json\">\n{\n  \"@context\": \"https:\/\/schema.org\",\n  \"@type\": \"FAQPage\",\n  \"mainEntity\": [{\n    \"@type\": \"Question\",\n    \"name\": \"\u00bfQu\u00e9 es el Modelo Est\u00e1ndar de la F\u00edsica de Part\u00edculas?\",\n    \"acceptedAnswer\": {\n      \"@type\": \"Answer\",\n      \"text\": \"El modelo est\u00e1ndar de la f\u00edsica de part\u00edculas, al que normalmente se hace referencia simplemente como modelo est\u00e1ndar, es una teor\u00eda cu\u00e1ntica de campos que describe las part\u00edculas elementales y la interacci\u00f3n entre ellas. Fue desarrollada en 1970, y sus antecedentes son la teor\u00eda de campos y la teor\u00eda cu\u00e1ntica de campos, la teor\u00eda de gauge y la teor\u00eda at\u00f3mica.\n\nEl Modelo Est\u00e1ndar se basa en el principio de simetr\u00eda, que establece que las leyes de la f\u00edsica deben ser invariantes bajo ciertas transformaciones. El modelo est\u00e1ndar considera que las part\u00edculas elementales son entes irreductibles y cuantos cuya cinem\u00e1tica est\u00e1 regida por las cuatro interacciones fundamentales conocidas, excepto la gravedad, que no encaja en los modelos matem\u00e1ticos del mundo cu\u00e1ntico. Las otras interacciones son: la fuerza nuclear fuerte, la fuerza electromagn\u00e9tica y la fuerza nuclear d\u00e9bil.\n\nSe considera que el modelo est\u00e1ndar es uno de los mayores logros de la f\u00edsica te\u00f3rica y ha sido confirmado por numerosos experimentos y observaciones realizados en aceleradores de part\u00edculas de alta energ\u00eda, como el Gran Colisionador de Hadrones (LHC). Sin embargo, a\u00fan no se le puede considerar una teor\u00eda completa a causa de una serie de insuficiencias.\n\nLas teor\u00edas alternativas al modelo est\u00e1ndar son la teor\u00eda de cuerdas y la gravedad cu\u00e1ntica de bucles.\"\n    }\n  },{\n    \"@type\": \"Question\",\n    \"name\": \"\u00bfQu\u00e9 son las part\u00edculas elementales?\",\n    \"acceptedAnswer\": {\n      \"@type\": \"Answer\",\n      \"text\": \"Las part\u00edculas elementales son las entidades m\u00e1s peque\u00f1as que constituyen la materia. Se dividen en bosones y fermiones. Los fermiones, a su vez, se dividen en quarks y leptones.\"\n    }\n  },{\n    \"@type\": \"Question\",\n    \"name\": \"\u00bfQu\u00e9 es un acelerador de part\u00edculas?\",\n    \"acceptedAnswer\": {\n      \"@type\": \"Answer\",\n      \"text\": \"Un acelerador de part\u00edculas es un dispositivo cient\u00edfico utilizado para aplicar campos el\u00e9ctricos o magn\u00e9ticos a las part\u00edculas cargadas para aumentar su energ\u00eda cin\u00e9tica. Con esto, se consigue acelerar part\u00edculas subat\u00f3micas, como electrones, protones o iones, a altas velocidades cercanas a la velocidad de la luz en tubos o anillos circulares, llamados aceleradores lineales o aceleradores circulares.\n\nEl objetivo de los aceleradores de part\u00edculas es explorar de manera experimental la estructura fundamental de la materia y las fuerzas que act\u00faan entre las part\u00edculas. Los aceleradores de part\u00edculas han permitido importantes descubrimientos en la f\u00edsica de part\u00edculas; por ejemplo, en 2012, se confirm\u00f3 la existencia del bos\u00f3n de Higgs, predicho por el Modelo Est\u00e1ndar. El Gran Colisionador de Hadrones (LHC, por sus siglas del ingl\u00e9s Large Hadron Collider) es el acelerador de part\u00edculas m\u00e1s grande y de mayor energ\u00eda que existe.\"\n    }\n  },{\n    \"@type\": \"Question\",\n    \"name\": \"\u00bfCu\u00e1les son las insuficiencias del modelo est\u00e1ndar?\",\n    \"acceptedAnswer\": {\n      \"@type\": \"Answer\",\n      \"text\": \"El modelo est\u00e1ndar ha alcanzado varios logros experimentales que lo han ido asentando dentro de la f\u00edsica moderna. Uno de los hitos m\u00e1s recientes e importantes fue, justamente, la comprobaci\u00f3n experimental de la existencia, hasta entonces te\u00f3rica, del bos\u00f3n de Higgs. Sin embargo, hoy en d\u00eda sigue habiendo desaf\u00edos para la consolidaci\u00f3n del modelo. Algunos de ellos son:\n<ul>\n<li>El modelo contiene 19 par\u00e1metros arbitrarios cuyos valores se eligen para que las predicciones se ajusten a los resultados experimentales; es decir, no son constantes f\u00edsicas fundamentales.\n<\/li>\n<li>No explica por qu\u00e9 no hay hadrones con carga fraccionaria, a pesar de que los quarks, que los constituyen, s\u00ed la tienen.\n<\/li>\n<li>No determina cu\u00e1l es el origen de las masas de los leptones y los quarks.\n<\/li>\n<li>La violaci\u00f3n de la simetr\u00eda conocida como violaci\u00f3n CP, que trata de explicar por qu\u00e9 en el universo conocido hay m\u00e1s materia que antimateria.\n<\/li>\n<li>No explica la materia oscura, la energ\u00eda oscura ni la gravedad.\n<\/li>\n<\/ul>\"\n    }\n  }]\n}\n<\/script><p>El <strong>modelo est\u00e1ndar de la <a href=\"https:\/\/www.ferrovial.com\/es\/stem\/fisica-de-particulas\/\">f\u00edsica de part\u00edculas<\/a><\/strong>, al que normalmente se hace referencia simplemente como <em>modelo est\u00e1ndar<\/em>, es una teor\u00eda cu\u00e1ntica de campos que describe las part\u00edculas elementales y la interacci\u00f3n entre ellas. Fue desarrollada en 1970, y sus antecedentes son la <strong>teor\u00eda de campos y la teor\u00eda cu\u00e1ntica de campos<\/strong>, <strong>la teor\u00eda de gauge <\/strong>y la <strong>teor\u00eda at\u00f3mica<\/strong>.<\/p>\n\n\n\n<p>El Modelo Est\u00e1ndar se basa en el <strong>principio de simetr\u00eda<\/strong>, que establece que las leyes de la f\u00edsica deben ser invariantes bajo ciertas transformaciones. El modelo est\u00e1ndar considera que <strong>las part\u00edculas elementales son entes irreductibles y cuantos <\/strong>cuya cinem\u00e1tica est\u00e1 regida por las <strong>cuatro interacciones fundamentales conocidas<\/strong>, excepto la gravedad, que no encaja en los modelos matem\u00e1ticos del mundo cu\u00e1ntico. Las otras interacciones son: la fuerza nuclear fuerte, la fuerza electromagn\u00e9tica y la fuerza nuclear d\u00e9bil.<\/p>\n\n\n\n<p>Se considera que el modelo est\u00e1ndar es <strong>uno de los mayores logros de la f\u00edsica te\u00f3rica <\/strong>y ha sido <strong>confirmado por numerosos experimentos y observaciones <\/strong>realizados en aceleradores de part\u00edculas de alta energ\u00eda, como el Gran Colisionador de Hadrones (LHC). Sin embargo, a\u00fan no se le puede considerar una teor\u00eda completa a causa de una serie de insuficiencias.<\/p>\n\n\n\n<p>Las teor\u00edas alternativas al modelo est\u00e1ndar son la <strong>teor\u00eda de cuerdas<\/strong> y la <strong>gravedad cu\u00e1ntica de bucles<\/strong>.<\/p>\n\n\n\n<h2 class=\"wp-block-heading\"><strong>\u00bfQu\u00e9 son las part\u00edculas elementales?<\/strong><\/h2>\n\n\n\n<p>Las part\u00edculas elementales son <strong>las entidades m\u00e1s peque\u00f1as que constituyen la materia<\/strong>. Se dividen en <strong>bosones <\/strong>y <strong>fermiones<\/strong>. Los fermiones, a su vez, se dividen en <strong>quarks <\/strong>y <strong>leptones<\/strong>.<\/p>\n\n\n\n<h2 class=\"wp-block-heading\"><strong>\u00bfQu\u00e9 es un acelerador de part\u00edculas?<\/strong><\/h2>\n\n\n\n<p>Un acelerador de part\u00edculas es un <strong>dispositivo cient\u00edfico <\/strong>utilizado para <strong>aplicar campos el\u00e9ctricos o magn\u00e9ticos a las part\u00edculas cargadas <\/strong>para aumentar su energ\u00eda cin\u00e9tica. Con esto, se consigue acelerar <strong>part\u00edculas subat\u00f3micas<\/strong>, como electrones, protones o iones, a altas <strong>velocidades cercanas a la velocidad de la luz<\/strong> en tubos o anillos circulares, llamados <strong>aceleradores lineales <\/strong>o <strong>aceleradores circulares<\/strong>.<\/p>\n\n\n\n<p>El objetivo de los aceleradores de part\u00edculas es explorar de manera experimental la estructura fundamental de la materia y las fuerzas que act\u00faan entre las part\u00edculas. Los aceleradores de part\u00edculas han permitido importantes descubrimientos en la f\u00edsica de part\u00edculas; por ejemplo, en 2012, <strong>se confirm\u00f3 la existencia del bos\u00f3n de Higgs<\/strong>, predicho por el Modelo Est\u00e1ndar. El <strong>Gran Colisionador de Hadrones <\/strong>(<strong>LHC<\/strong>, por sus siglas del ingl\u00e9s <strong><em>Large Hadron Collider<\/em><\/strong>) es el acelerador de part\u00edculas m\u00e1s grande y de mayor energ\u00eda que existe.<\/p>\n\n\n\n<h2 class=\"wp-block-heading\"><strong>\u00bfCu\u00e1les son las insuficiencias del modelo est\u00e1ndar?<\/strong><\/h2>\n\n\n\n<p>El modelo est\u00e1ndar ha alcanzado varios <strong>logros experimentales <\/strong>que lo han ido asentando dentro de la f\u00edsica moderna. Uno de los <strong>hitos m\u00e1s recientes e importantes <\/strong>fue, justamente, la comprobaci\u00f3n experimental de la existencia, hasta entonces te\u00f3rica, del <strong>bos\u00f3n de Higgs<\/strong>. Sin embargo, hoy en d\u00eda sigue habiendo <strong>desaf\u00edos para la consolidaci\u00f3n del modelo<\/strong>. Algunos de ellos son:<\/p>\n\n\n\n<ul class=\"wp-block-list\">\n<li>El modelo contiene <strong>19 par\u00e1metros arbitrarios <\/strong>cuyos valores se eligen para que las predicciones se ajusten a los resultados experimentales; es decir, no son <strong>constantes f\u00edsicas fundamentales<\/strong>.<\/li>\n\n\n\n<li>No explica <strong>por qu\u00e9 no hay hadrones con carga fraccionaria<\/strong>, a pesar de que los quarks, que los constituyen, s\u00ed la tienen.<\/li>\n\n\n\n<li>No determina <strong>cu\u00e1l es el origen de las masas de los leptones y los quarks<\/strong>.<\/li>\n\n\n\n<li>La violaci\u00f3n de la simetr\u00eda conocida como <strong>violaci\u00f3n CP<\/strong>, que trata de explicar por qu\u00e9 en el universo conocido hay m\u00e1s materia que antimateria.<\/li>\n\n\n\n<li>No explica la <strong>materia oscura<\/strong>, la <strong>energ\u00eda oscura <\/strong>ni la <strong>gravedad<\/strong>.<\/li>\n<\/ul>\n<\/div><\/m-wysiwig>\n","protected":false},"excerpt":{"rendered":"","protected":false},"featured_media":0,"parent":227878,"menu_order":0,"comment_status":"closed","ping_status":"closed","template":"","meta":{"_acf_changed":false,"footnotes":""},"class_list":["post-268746","page","type-page","status-publish","hentry"],"acf":[],"yoast_head":"<!-- This site is optimized with the Yoast SEO plugin v27.2 - https:\/\/yoast.com\/product\/yoast-seo-wordpress\/ -->\n<title>\u00bfQu\u00e9 es el Modelo est\u00e1ndar de la f\u00edsica de part\u00edculas? - Ferrovial<\/title>\n<meta name=\"description\" content=\"El modelo est\u00e1ndar de la f\u00edsica de part\u00edculas, al que normalmente se hace referencia simplemente como modelo est\u00e1ndar, es una teor\u00eda cu\u00e1ntica de campos que describe las part\u00edculas elementales y la interacci\u00f3n entre ellas.\" \/>\n<meta name=\"robots\" content=\"index, follow, max-snippet:-1, max-image-preview:large, max-video-preview:-1\" \/>\n<link rel=\"canonical\" href=\"https:\/\/www.ferrovial.com\/es\/stem\/modelo-estandar-de-la-fisica-de-particulas\/\" \/>\n<meta property=\"og:locale\" content=\"es_ES\" \/>\n<meta property=\"og:type\" content=\"article\" \/>\n<meta property=\"og:title\" content=\"\u00bfQu\u00e9 es el Modelo est\u00e1ndar de la f\u00edsica de part\u00edculas? - Ferrovial\" \/>\n<meta property=\"og:description\" content=\"El modelo est\u00e1ndar de la f\u00edsica de part\u00edculas, al que normalmente se hace referencia simplemente como modelo est\u00e1ndar, es una teor\u00eda cu\u00e1ntica de campos que describe las part\u00edculas elementales y la interacci\u00f3n entre ellas.\" \/>\n<meta property=\"og:url\" content=\"https:\/\/www.ferrovial.com\/es\/stem\/modelo-estandar-de-la-fisica-de-particulas\/\" \/>\n<meta property=\"og:site_name\" content=\"Ferrovial\" \/>\n<meta property=\"article:publisher\" content=\"https:\/\/www.facebook.com\/ferrovial\" \/>\n<meta property=\"article:modified_time\" content=\"2024-04-26T11:44:30+00:00\" \/>\n<meta name=\"twitter:card\" content=\"summary_large_image\" \/>\n<meta name=\"twitter:site\" content=\"@ferrovial\" \/>\n<meta name=\"twitter:label1\" content=\"Est. reading time\" \/>\n\t<meta name=\"twitter:data1\" content=\"3 minutos\" \/>\n<!-- \/ Yoast SEO plugin. -->","yoast_head_json":{"title":"\u00bfQu\u00e9 es el Modelo est\u00e1ndar de la f\u00edsica de part\u00edculas? - Ferrovial","description":"El modelo est\u00e1ndar de la f\u00edsica de part\u00edculas, al que normalmente se hace referencia simplemente como modelo est\u00e1ndar, es una teor\u00eda cu\u00e1ntica de campos que describe las part\u00edculas elementales y la interacci\u00f3n entre ellas.","robots":{"index":"index","follow":"follow","max-snippet":"max-snippet:-1","max-image-preview":"max-image-preview:large","max-video-preview":"max-video-preview:-1"},"canonical":"https:\/\/www.ferrovial.com\/es\/stem\/modelo-estandar-de-la-fisica-de-particulas\/","og_locale":"es_ES","og_type":"article","og_title":"\u00bfQu\u00e9 es el Modelo est\u00e1ndar de la f\u00edsica de part\u00edculas? - Ferrovial","og_description":"El modelo est\u00e1ndar de la f\u00edsica de part\u00edculas, al que normalmente se hace referencia simplemente como modelo est\u00e1ndar, es una teor\u00eda cu\u00e1ntica de campos que describe las part\u00edculas elementales y la interacci\u00f3n entre ellas.","og_url":"https:\/\/www.ferrovial.com\/es\/stem\/modelo-estandar-de-la-fisica-de-particulas\/","og_site_name":"Ferrovial","article_publisher":"https:\/\/www.facebook.com\/ferrovial","article_modified_time":"2024-04-26T11:44:30+00:00","twitter_card":"summary_large_image","twitter_site":"@ferrovial","twitter_misc":{"Est. reading time":"3 minutos"},"schema":{"@context":"https:\/\/schema.org","@graph":[{"@type":"WebPage","@id":"https:\/\/www.ferrovial.com\/es\/stem\/modelo-estandar-de-la-fisica-de-particulas\/","url":"https:\/\/www.ferrovial.com\/es\/stem\/modelo-estandar-de-la-fisica-de-particulas\/","name":"\u00bfQu\u00e9 es el Modelo est\u00e1ndar de la f\u00edsica de part\u00edculas? - Ferrovial","isPartOf":{"@id":"https:\/\/www.ferrovial.com\/es\/#website"},"datePublished":"2023-09-29T07:54:34+00:00","dateModified":"2024-04-26T11:44:30+00:00","description":"El modelo est\u00e1ndar de la f\u00edsica de part\u00edculas, al que normalmente se hace referencia simplemente como modelo est\u00e1ndar, es una teor\u00eda cu\u00e1ntica de campos que describe las part\u00edculas elementales y la interacci\u00f3n entre ellas.","breadcrumb":{"@id":"https:\/\/www.ferrovial.com\/es\/stem\/modelo-estandar-de-la-fisica-de-particulas\/#breadcrumb"},"inLanguage":"es","potentialAction":[{"@type":"ReadAction","target":["https:\/\/www.ferrovial.com\/es\/stem\/modelo-estandar-de-la-fisica-de-particulas\/"]}]},{"@type":"BreadcrumbList","@id":"https:\/\/www.ferrovial.com\/es\/stem\/modelo-estandar-de-la-fisica-de-particulas\/#breadcrumb","itemListElement":[{"@type":"ListItem","position":1,"name":"Portada","item":"https:\/\/www.ferrovial.com\/es\/"},{"@type":"ListItem","position":2,"name":"STEM","item":"https:\/\/www.ferrovial.com\/es\/stem\/"},{"@type":"ListItem","position":3,"name":"Modelo est\u00e1ndar de la f\u00edsica de part\u00edculas"}]},{"@type":"WebSite","@id":"https:\/\/www.ferrovial.com\/es\/#website","url":"https:\/\/www.ferrovial.com\/es\/","name":"Ferrovial","description":"Welcome to the Ferrovial&#039;s website, global operator of sustainable infrastructure. Here you can find all the information about the company and subsidiaries.","publisher":{"@id":"https:\/\/www.ferrovial.com\/es\/#organization"},"potentialAction":[{"@type":"SearchAction","target":{"@type":"EntryPoint","urlTemplate":"https:\/\/www.ferrovial.com\/es\/?s={search_term_string}"},"query-input":{"@type":"PropertyValueSpecification","valueRequired":true,"valueName":"search_term_string"}}],"inLanguage":"es"},{"@type":"Organization","@id":"https:\/\/www.ferrovial.com\/es\/#organization","name":"Ferrovial S.A.","url":"https:\/\/www.ferrovial.com\/es\/","logo":{"@type":"ImageObject","inLanguage":"es","@id":"https:\/\/www.ferrovial.com\/es\/#\/schema\/logo\/image\/","url":"https:\/\/static.ferrovial.com\/wp-content\/uploads\/2020\/01\/13124948\/logo-ferrovial-cf7.png","contentUrl":"https:\/\/static.ferrovial.com\/wp-content\/uploads\/2020\/01\/13124948\/logo-ferrovial-cf7.png","width":144,"height":32,"caption":"Ferrovial S.A."},"image":{"@id":"https:\/\/www.ferrovial.com\/es\/#\/schema\/logo\/image\/"},"sameAs":["https:\/\/www.facebook.com\/ferrovial","https:\/\/x.com\/ferrovial","https:\/\/www.instagram.com\/ferrovial\/","https:\/\/www.linkedin.com\/company\/ferrovial","https:\/\/www.pinterest.es\/ferrovial\/","https:\/\/www.youtube.com\/ferrovial","https:\/\/en.wikipedia.org\/wiki\/Ferrovial"]}]}},"_links":{"self":[{"href":"https:\/\/www.ferrovial.com\/es\/wp-json\/wp\/v2\/pages\/268746","targetHints":{"allow":["GET"]}}],"collection":[{"href":"https:\/\/www.ferrovial.com\/es\/wp-json\/wp\/v2\/pages"}],"about":[{"href":"https:\/\/www.ferrovial.com\/es\/wp-json\/wp\/v2\/types\/page"}],"replies":[{"embeddable":true,"href":"https:\/\/www.ferrovial.com\/es\/wp-json\/wp\/v2\/comments?post=268746"}],"version-history":[{"count":2,"href":"https:\/\/www.ferrovial.com\/es\/wp-json\/wp\/v2\/pages\/268746\/revisions"}],"predecessor-version":[{"id":280242,"href":"https:\/\/www.ferrovial.com\/es\/wp-json\/wp\/v2\/pages\/268746\/revisions\/280242"}],"up":[{"embeddable":true,"href":"https:\/\/www.ferrovial.com\/es\/wp-json\/wp\/v2\/pages\/227878"}],"wp:attachment":[{"href":"https:\/\/www.ferrovial.com\/es\/wp-json\/wp\/v2\/media?parent=268746"}],"curies":[{"name":"wp","href":"https:\/\/api.w.org\/{rel}","templated":true}]}}