{"id":269056,"date":"2023-10-03T09:33:50","date_gmt":"2023-10-03T07:33:50","guid":{"rendered":"https:\/\/www.ferrovial.com\/?page_id=269056"},"modified":"2024-02-06T09:52:41","modified_gmt":"2024-02-06T08:52:41","slug":"gen-recesivo","status":"publish","type":"page","link":"https:\/\/www.ferrovial.com\/es\/stem\/gen-recesivo\/","title":{"rendered":"Gen recesivo"},"content":{"rendered":"    <m-final-content-header >\n            <c-breadcrumb label-text=\"Breadcrumb\" slot=\"breadcrumbs\" type='2' align='left' wrap='wrapped wrapped' aria-label='Vienes de STEM'>\n                        <ol>\n\n                                                            <li><a href=\"https:\/\/www.ferrovial.com\/es\/\" title=\"Ferrovial\">Ferrovial<\/a><\/li>\n                                                                        <li><a href=\"https:\/\/www.ferrovial.com\/es\/stem\/\" title=\"STEM\">STEM<\/a><\/li>\n                                    \n                <\/ol>\n\n                <\/c-breadcrumb>\n    \n        <div slot=\"header\">\n            <h1>\n                \u00bfQu\u00e9 es un gen recesivo?            <\/h1>\n                    <\/div>\n    <\/m-final-content-header>\n\n    \n\n\n<m-wysiwig class=\"wp-block-components-wysiwyg\"><div slot=\"maincontent\">\n<script type=\"application\/ld+json\">\n{\n  \"@context\": \"https:\/\/schema.org\",\n  \"@type\": \"FAQPage\",\n  \"mainEntity\": [{\n    \"@type\": \"Question\",\n    \"name\": \"\u00bfQu\u00e9 es un gen recesivo?\",\n    \"acceptedAnswer\": {\n      \"@type\": \"Answer\",\n      \"text\": \"Un gen recesivo es una secci\u00f3n de informaci\u00f3n gen\u00e9tica que tiene bajas probabilidades de manifestarse en el individuo.\n\nEn el proceso de reproducci\u00f3n de los seres vivos, el nuevo organismo recibir\u00e1 dos versiones de cada gen, una proveniente del padre y otra proveniente de la madre. Estas versiones, mejor conocidas como alelos, contienen genes recesivos o dominantes en cada secci\u00f3n responsable de aportar la infinidad de informaci\u00f3n gen\u00e9tica que determinar\u00e1 todas las caracter\u00edsticas f\u00edsicas del nuevo individuo. Cuando en los dos alelos coincide un gen recesivo, este se manifestar\u00e1 en el nuevo organismo. En cambio, si uno de los progenitores aporta un gen recesivo y el otro un gen dominante, ser\u00e1 el gen dominante el que se manifieste, aunque el individuo haya heredado tambi\u00e9n el gen recesivo, que podr\u00e1 transmitir a su descendencia.\"\n    }\n  },{\n    \"@type\": \"Question\",\n    \"name\": \"\u00bfEs posible que el gen recesivo se manifieste en la descendencia de dos progenitores con genes dominantes?\",\n    \"acceptedAnswer\": {\n      \"@type\": \"Answer\",\n      \"text\": \"S\u00ed es posible, aunque es poco probable. Supongamos que dos individuos poseen ojos color caf\u00e9. El gen de los ojos color oscuro es dominante, \u2015llam\u00e9moslo (A)\u2015. Como ya se ha dicho: los seres vivos que se reproducen tienen dos versiones de cada gen, as\u00ed que tambi\u00e9n poseen, aunque no lo manifiesten, una segunda versi\u00f3n, un segundo gen. Esta segunda versi\u00f3n podr\u00eda ser la de los ojos de color verde, que es recesiva (a). Si ambos progenitores poseen una combinaci\u00f3n (Aa), quiere decir que manifiestan ojos color caf\u00e9, pero poseen el gen de los ojos color verde.\n\nSi bien el c\u00f3digo gen\u00e9tico de cada organismo se produce por la conjunci\u00f3n de pares gen\u00e9ticos aportados por los progenitores, esto no significa que existan solo dos versiones \u00fanicas de cada gen. Existen genes que son recesivos frente a otros pero, al mismo tiempo, resultan dominantes ante una tercera versi\u00f3n. As\u00ed pues, la dominancia y recesividad depender\u00e1 de la relaci\u00f3n entre los dos alelos encontrados.\"\n    }\n  },{\n    \"@type\": \"Question\",\n    \"name\": \"\u00bfPara qu\u00e9 sirve saber cu\u00e1les son los genes recesivos y dominantes?\",\n    \"acceptedAnswer\": {\n      \"@type\": \"Answer\",\n      \"text\": \"Las nociones de dominancia y recesividad son fundamentales para todo el desarrollo de la gen\u00e9tica y resultan muy \u00fatiles en distintos campos, como:\n\n<ul>\n<li>En medicina, se usa para diagnosticar y prevenir enfermedades hereditarias.\n<\/li>\n<li>En agricultura y ganader\u00eda, se emplea para la selecci\u00f3n de rasgos deseables y la supresi\u00f3n de los menos propicios para un determinado fin, como mejor resistencia a ciertas condiciones clim\u00e1ticas, mayor o menor tama\u00f1o y tiempo de maduraci\u00f3n seg\u00fan la necesidad, etc.\n<\/li>\n<li>En gen\u00e9tica forense, se utilizan las pruebas de ADN para determinar la l\u00ednea de filiaci\u00f3n de un individuo, investigaciones criminales, o identificaci\u00f3n de v\u00edctimas.\n<\/li>\n<li>En biolog\u00eda, se observa la incidencia de ciertos genes recesivos o dominantes para estudiar c\u00f3mo influyen las condiciones del entorno en la selecci\u00f3n natural de las especies.\n<\/li>\n<\/ul>\"\n    }\n  }]\n}\n<\/script>\n<p>Un gen recesivo es <strong>una secci\u00f3n de informaci\u00f3n gen\u00e9tica que tiene bajas probabilidades de manifestarse en el individuo<\/strong>.<\/p>\n\n\n\n<p>En el proceso de reproducci\u00f3n de los seres vivos, el nuevo organismo recibir\u00e1 <strong>dos versiones de cada gen<\/strong>, una proveniente del padre y otra proveniente de la madre. Estas versiones, mejor conocidas como <strong><em>alelos<\/em><\/strong>, contienen <strong>genes recesivos o dominantes <\/strong>en cada secci\u00f3n responsable de aportar la infinidad de <strong>informaci\u00f3n gen\u00e9tica<\/strong> que determinar\u00e1 todas las caracter\u00edsticas f\u00edsicas del nuevo individuo. Cuando en los dos alelos coincide un gen recesivo, este se manifestar\u00e1 en el nuevo organismo. En cambio, si uno de los progenitores aporta un gen recesivo y el otro un gen dominante, ser\u00e1 el gen dominante el que se manifieste, aunque el individuo haya heredado tambi\u00e9n el gen recesivo, que podr\u00e1 transmitir a su descendencia.<\/p>\n\n\n\n<h2 class=\"wp-block-heading\"><strong>\u00bfEs posible que el gen recesivo se manifieste en la descendencia de dos progenitores con genes dominantes?<\/strong><\/h2>\n\n\n\n<p>S\u00ed <strong>es posible, aunque es poco probable<\/strong>. Supongamos que dos individuos poseen ojos color caf\u00e9. El gen de los ojos color oscuro es dominante, \u2015llam\u00e9moslo (A)\u2015. Como ya se ha dicho: los seres vivos que se reproducen tienen dos versiones de cada gen, as\u00ed que tambi\u00e9n poseen, aunque no lo manifiesten, una segunda versi\u00f3n, un segundo gen. Esta segunda versi\u00f3n podr\u00eda ser la de los ojos de color verde, que es recesiva (a). Si ambos progenitores poseen una combinaci\u00f3n (Aa), quiere decir que manifiestan ojos color caf\u00e9, pero poseen el gen de los ojos color verde.<\/p>\n\n\n\n<p>La <strong>combinaci\u00f3n de los genes Aa x Aa funciona como una multiplicaci\u00f3n distributiva<\/strong>, y sus posibles combinaciones son:<\/p>\n\n\n\n<ul class=\"wp-block-list\">\n<li>AA<\/li>\n\n\n\n<li>Aa<\/li>\n\n\n\n<li>Aa<\/li>\n\n\n\n<li>aa&nbsp;<\/li>\n<\/ul>\n\n\n\n<p>Este resultado demuestra que la descendencia tendr\u00e1 solo 25% de probabilidades de nacer con ojos color verde y 50% de probabilidades de tener ojos color caf\u00e9 pero transmitir el gen de los ojos verdes a una tercera generaci\u00f3n. Del mismo modo, tendr\u00e1 75% de probabilidades de manifestar ojos color caf\u00e9 y 25% de probabilidades de que la descendencia pierda por completo el gen de color verde.<\/p>\n\n\n\n<p>Si bien el c\u00f3digo gen\u00e9tico de cada organismo se produce por la conjunci\u00f3n de pares gen\u00e9ticos aportados por los progenitores, esto no significa que existan solo dos versiones \u00fanicas de cada gen. <strong>Existen genes que son recesivos frente a otros pero, al mismo tiempo, resultan dominantes ante una tercera versi\u00f3n<\/strong>. As\u00ed pues, <strong>la dominancia y recesividad depender\u00e1 de la relaci\u00f3n entre los dos alelos encontrados<\/strong>.<\/p>\n\n\n\n<h2 class=\"wp-block-heading\"><strong>\u00bfPara qu\u00e9 sirve saber cu\u00e1les son los genes recesivos y dominantes?<\/strong><\/h2>\n\n\n\n<p>Las nociones de dominancia y recesividad son fundamentales para todo el desarrollo de la gen\u00e9tica y resultan muy \u00fatiles en distintos campos, como:<\/p>\n\n\n\n<ul class=\"wp-block-list\">\n<li>En <strong>medicina<\/strong>, se usa para diagnosticar y prevenir enfermedades hereditarias.<\/li>\n\n\n\n<li>En <strong>agricultura y ganader\u00eda<\/strong>, se emplea para la selecci\u00f3n de rasgos deseables y la supresi\u00f3n de los menos propicios para un determinado fin, como mejor resistencia a ciertas condiciones clim\u00e1ticas, mayor o menor tama\u00f1o y tiempo de maduraci\u00f3n seg\u00fan la necesidad, etc.<\/li>\n\n\n\n<li>En <strong>gen\u00e9tica forense<\/strong>, se utilizan las pruebas de ADN para determinar la l\u00ednea de filiaci\u00f3n de un individuo, investigaciones criminales, o identificaci\u00f3n de v\u00edctimas.<\/li>\n\n\n\n<li>En biolog\u00eda, se observa la incidencia de ciertos genes recesivos o dominantes para estudiar c\u00f3mo influyen las condiciones del entorno en la <a href=\"https:\/\/www.ferrovial.com\/es\/stem\/seleccion-natural\/\">selecci\u00f3n natural<\/a> de las especies.<\/li>\n<\/ul>\n\n\n\n<p>Nada de esto hubiera sido posible sin el conocimiento b\u00e1sico de la dominancia y la recesividad.<\/p>\n<\/div><\/m-wysiwig>\n","protected":false},"excerpt":{"rendered":"","protected":false},"featured_media":0,"parent":227878,"menu_order":0,"comment_status":"closed","ping_status":"closed","template":"","meta":{"_acf_changed":false,"footnotes":""},"class_list":["post-269056","page","type-page","status-publish","hentry"],"acf":[],"yoast_head":"<!-- This site is optimized with the Yoast SEO plugin v27.2 - https:\/\/yoast.com\/product\/yoast-seo-wordpress\/ -->\n<title>Gen recesivo, qu\u00e9 es, funcionamiento e importancia de saber cu\u00e1les son<\/title>\n<meta name=\"description\" content=\"Un gen recesivo es una secci\u00f3n de informaci\u00f3n gen\u00e9tica que tiene bajas probabilidades de manifestarse en el individuo. Saber m\u00e1s sobre su funcionamiento.\" \/>\n<meta name=\"robots\" content=\"index, follow, max-snippet:-1, max-image-preview:large, max-video-preview:-1\" \/>\n<link rel=\"canonical\" href=\"https:\/\/www.ferrovial.com\/es\/stem\/gen-recesivo\/\" \/>\n<meta property=\"og:locale\" content=\"es_ES\" \/>\n<meta property=\"og:type\" content=\"article\" \/>\n<meta property=\"og:title\" content=\"Gen recesivo, qu\u00e9 es, funcionamiento e importancia de saber cu\u00e1les son\" \/>\n<meta property=\"og:description\" content=\"Un gen recesivo es una secci\u00f3n de informaci\u00f3n gen\u00e9tica que tiene bajas probabilidades de manifestarse en el individuo. Saber m\u00e1s sobre su funcionamiento.\" \/>\n<meta property=\"og:url\" content=\"https:\/\/www.ferrovial.com\/es\/stem\/gen-recesivo\/\" \/>\n<meta property=\"og:site_name\" content=\"Ferrovial\" \/>\n<meta property=\"article:publisher\" content=\"https:\/\/www.facebook.com\/ferrovial\" \/>\n<meta property=\"article:modified_time\" content=\"2024-02-06T08:52:41+00:00\" \/>\n<meta name=\"twitter:card\" content=\"summary_large_image\" \/>\n<meta name=\"twitter:site\" content=\"@ferrovial\" \/>\n<meta name=\"twitter:label1\" content=\"Est. reading time\" \/>\n\t<meta name=\"twitter:data1\" content=\"3 minutos\" \/>\n<!-- \/ Yoast SEO plugin. -->","yoast_head_json":{"title":"Gen recesivo, qu\u00e9 es, funcionamiento e importancia de saber cu\u00e1les son","description":"Un gen recesivo es una secci\u00f3n de informaci\u00f3n gen\u00e9tica que tiene bajas probabilidades de manifestarse en el individuo. Saber m\u00e1s sobre su funcionamiento.","robots":{"index":"index","follow":"follow","max-snippet":"max-snippet:-1","max-image-preview":"max-image-preview:large","max-video-preview":"max-video-preview:-1"},"canonical":"https:\/\/www.ferrovial.com\/es\/stem\/gen-recesivo\/","og_locale":"es_ES","og_type":"article","og_title":"Gen recesivo, qu\u00e9 es, funcionamiento e importancia de saber cu\u00e1les son","og_description":"Un gen recesivo es una secci\u00f3n de informaci\u00f3n gen\u00e9tica que tiene bajas probabilidades de manifestarse en el individuo. Saber m\u00e1s sobre su funcionamiento.","og_url":"https:\/\/www.ferrovial.com\/es\/stem\/gen-recesivo\/","og_site_name":"Ferrovial","article_publisher":"https:\/\/www.facebook.com\/ferrovial","article_modified_time":"2024-02-06T08:52:41+00:00","twitter_card":"summary_large_image","twitter_site":"@ferrovial","twitter_misc":{"Est. reading time":"3 minutos"},"schema":{"@context":"https:\/\/schema.org","@graph":[{"@type":"WebPage","@id":"https:\/\/www.ferrovial.com\/es\/stem\/gen-recesivo\/","url":"https:\/\/www.ferrovial.com\/es\/stem\/gen-recesivo\/","name":"Gen recesivo, qu\u00e9 es, funcionamiento e importancia de saber cu\u00e1les son","isPartOf":{"@id":"https:\/\/www.ferrovial.com\/es\/#website"},"datePublished":"2023-10-03T07:33:50+00:00","dateModified":"2024-02-06T08:52:41+00:00","description":"Un gen recesivo es una secci\u00f3n de informaci\u00f3n gen\u00e9tica que tiene bajas probabilidades de manifestarse en el individuo. Saber m\u00e1s sobre su funcionamiento.","breadcrumb":{"@id":"https:\/\/www.ferrovial.com\/es\/stem\/gen-recesivo\/#breadcrumb"},"inLanguage":"es","potentialAction":[{"@type":"ReadAction","target":["https:\/\/www.ferrovial.com\/es\/stem\/gen-recesivo\/"]}]},{"@type":"BreadcrumbList","@id":"https:\/\/www.ferrovial.com\/es\/stem\/gen-recesivo\/#breadcrumb","itemListElement":[{"@type":"ListItem","position":1,"name":"Portada","item":"https:\/\/www.ferrovial.com\/es\/"},{"@type":"ListItem","position":2,"name":"STEM","item":"https:\/\/www.ferrovial.com\/es\/stem\/"},{"@type":"ListItem","position":3,"name":"Gen recesivo"}]},{"@type":"WebSite","@id":"https:\/\/www.ferrovial.com\/es\/#website","url":"https:\/\/www.ferrovial.com\/es\/","name":"Ferrovial","description":"Welcome to the Ferrovial&#039;s website, global operator of sustainable infrastructure. Here you can find all the information about the company and subsidiaries.","publisher":{"@id":"https:\/\/www.ferrovial.com\/es\/#organization"},"potentialAction":[{"@type":"SearchAction","target":{"@type":"EntryPoint","urlTemplate":"https:\/\/www.ferrovial.com\/es\/?s={search_term_string}"},"query-input":{"@type":"PropertyValueSpecification","valueRequired":true,"valueName":"search_term_string"}}],"inLanguage":"es"},{"@type":"Organization","@id":"https:\/\/www.ferrovial.com\/es\/#organization","name":"Ferrovial S.A.","url":"https:\/\/www.ferrovial.com\/es\/","logo":{"@type":"ImageObject","inLanguage":"es","@id":"https:\/\/www.ferrovial.com\/es\/#\/schema\/logo\/image\/","url":"https:\/\/static.ferrovial.com\/wp-content\/uploads\/2020\/01\/13124948\/logo-ferrovial-cf7.png","contentUrl":"https:\/\/static.ferrovial.com\/wp-content\/uploads\/2020\/01\/13124948\/logo-ferrovial-cf7.png","width":144,"height":32,"caption":"Ferrovial S.A."},"image":{"@id":"https:\/\/www.ferrovial.com\/es\/#\/schema\/logo\/image\/"},"sameAs":["https:\/\/www.facebook.com\/ferrovial","https:\/\/x.com\/ferrovial","https:\/\/www.instagram.com\/ferrovial\/","https:\/\/www.linkedin.com\/company\/ferrovial","https:\/\/www.pinterest.es\/ferrovial\/","https:\/\/www.youtube.com\/ferrovial","https:\/\/en.wikipedia.org\/wiki\/Ferrovial"]}]}},"_links":{"self":[{"href":"https:\/\/www.ferrovial.com\/es\/wp-json\/wp\/v2\/pages\/269056","targetHints":{"allow":["GET"]}}],"collection":[{"href":"https:\/\/www.ferrovial.com\/es\/wp-json\/wp\/v2\/pages"}],"about":[{"href":"https:\/\/www.ferrovial.com\/es\/wp-json\/wp\/v2\/types\/page"}],"replies":[{"embeddable":true,"href":"https:\/\/www.ferrovial.com\/es\/wp-json\/wp\/v2\/comments?post=269056"}],"version-history":[{"count":2,"href":"https:\/\/www.ferrovial.com\/es\/wp-json\/wp\/v2\/pages\/269056\/revisions"}],"predecessor-version":[{"id":275301,"href":"https:\/\/www.ferrovial.com\/es\/wp-json\/wp\/v2\/pages\/269056\/revisions\/275301"}],"up":[{"embeddable":true,"href":"https:\/\/www.ferrovial.com\/es\/wp-json\/wp\/v2\/pages\/227878"}],"wp:attachment":[{"href":"https:\/\/www.ferrovial.com\/es\/wp-json\/wp\/v2\/media?parent=269056"}],"curies":[{"name":"wp","href":"https:\/\/api.w.org\/{rel}","templated":true}]}}