{"id":269058,"date":"2023-10-03T09:44:48","date_gmt":"2023-10-03T07:44:48","guid":{"rendered":"https:\/\/www.ferrovial.com\/?page_id=269058"},"modified":"2024-02-21T08:02:59","modified_gmt":"2024-02-21T07:02:59","slug":"seguridad-aeroportuaria-2","status":"publish","type":"page","link":"https:\/\/www.ferrovial.com\/es\/recursos\/seguridad-aeroportuaria-2\/","title":{"rendered":"Seguridad aeroportuaria"},"content":{"rendered":"    <m-final-content-header >\n            <c-breadcrumb label-text=\"Breadcrumb\" slot=\"breadcrumbs\" type='2' align='left' wrap='wrapped wrapped' aria-label='Vienes de Recursos'>\n                        <ol>\n\n                                                            <li><a href=\"https:\/\/www.ferrovial.com\/es\/\" title=\"Ferrovial\">Ferrovial<\/a><\/li>\n                                                                        <li><a href=\"https:\/\/www.ferrovial.com\/es\/recursos\/\" title=\"Recursos\">Recursos<\/a><\/li>\n                                    \n                <\/ol>\n\n                <\/c-breadcrumb>\n    \n        <div slot=\"header\">\n            <h1>\n                \u00bfQu\u00e9 es la seguridad aeroportuaria?            <\/h1>\n                    <\/div>\n    <\/m-final-content-header>\n\n    \n\n\n<m-wysiwig class=\"wp-block-components-wysiwyg\"><div slot=\"maincontent\">\n<script type=\"application\/ld+json\">\n{\n  \"@context\": \"https:\/\/schema.org\",\n  \"@type\": \"FAQPage\",\n  \"mainEntity\": [{\n    \"@type\": \"Question\",\n    \"name\": \"\u00bfQu\u00e9 es la seguridad aeroportuaria?\",\n    \"acceptedAnswer\": {\n      \"@type\": \"Answer\",\n      \"text\": \"La seguridad aeroportuaria es el conjunto de equipos tecnol\u00f3gicos, personal cualificado y protocolos aplicados en las instalaciones aeroportuarias, en sus cercan\u00edas y en las aeronaves destinadas a entrar o salir de estas para garantizar la integridad de las personas y el correcto funcionamiento de toda la actividad que se desarrolla en los aeropuertos. La seguridad en los aeropuertos tambi\u00e9n se ocupa de impedir cualquier incursi\u00f3n criminal como el contrabando de drogas, armas y otras mercanc\u00edas ilegales.\"\n    }\n  },{\n    \"@type\": \"Question\",\n    \"name\": \"\u00bfCu\u00e1les son los objetivos de la seguridad en los aeropuertos?\",\n    \"acceptedAnswer\": {\n      \"@type\": \"Answer\",\n      \"text\": \"<ul>\n<li>Inspecci\u00f3n de pasajeros y equipaje: implica la revisi\u00f3n de documentos de identidad, escaneo de equipaje y registros de seguridad.<\/li>\n<li>Control de acceso: mediante sistemas de identificaci\u00f3n, acreditaciones, controles biom\u00e9tricos y personal de seguridad capacitado se asegura que solo las personas autorizadas puedan llegar a \u00e1reas restringidas como la pista de aterrizaje, el \u00e1rea de carga de las aeronaves, la torre de control o los hangares.<\/li>\n<li>Detecci\u00f3n de armas, explosivos y drogas: se emplean detectores de metal, agentes caninos, rayos X y otras tecnolog\u00edas avanzadas, como detectores de trazas que leen muestras de vapor o hisopos.<\/li>\n<li>Control de mercanc\u00edas: implica inspecciones exhaustivas en la carga y el correo que se transportan en los aviones.<\/li>\n<li>Vigilancia y monitorizaci\u00f3n: detecta comportamientos sospechosos o actividades no autorizadas gracias al trabajo conjunto de agentes circulantes o dispuestos en sitios estrat\u00e9gicos, sistemas de videovigilancia y detecci\u00f3n, etc.<\/li>\n<li>Cooperaci\u00f3n y coordinaci\u00f3n: las distintas entidades, como autoridades aeroportuarias, organismos de seguridad, fuerzas del orden e incluso aerol\u00edneas tienen el compromiso de colaborar y facilitar el intercambio de informaci\u00f3n.<\/li>\n<\/ul>\"\n    }\n  },{\n    \"@type\": \"Question\",\n    \"name\": \"\u00bfQui\u00e9n establece los protocolos de seguridad aeroportuaria?\",\n    \"acceptedAnswer\": {\n      \"@type\": \"Answer\",\n      \"text\": \"Algunas de las entidades involucradas en el establecimiento de los est\u00e1ndares en la seguridad aeroportuaria son la Organizaci\u00f3n de Aviaci\u00f3n Civil Internacional (ICAO), perteneciente a las Naciones Unidas; la Transportation Security Administration (TSA), de los Estados Unidos; la Agencia Europea de Seguridad A\u00e9rea (EASA); y cada una de las instituciones destinadas a dirigir y regular la actividad de aviaci\u00f3n civil en cada pa\u00eds, as\u00ed como las organizaciones involucradas en la gesti\u00f3n de aeropuertos.\"\n    }\n  }]\n}\n<\/script>\n<p>La seguridad aeroportuaria es <strong>el conjunto de equipos tecnol\u00f3gicos, personal cualificado y protocolos aplicados en las instalaciones aeroportuarias<\/strong>, en sus cercan\u00edas y en las aeronaves destinadas a entrar o salir de estas para <strong>garantizar la integridad de las personas y el correcto funcionamiento de toda la actividad <\/strong>que se desarrolla en los aeropuertos. La seguridad en los aeropuertos tambi\u00e9n se ocupa de impedir cualquier incursi\u00f3n criminal como el <strong>contrabando <\/strong>de drogas, armas y otras mercanc\u00edas ilegales.<\/p>\n\n\n\n<h2 class=\"wp-block-heading\"><strong>\u00bfCu\u00e1les son los objetivos de la seguridad en los aeropuertos?<\/strong><\/h2>\n\n\n\n<ul class=\"wp-block-list\">\n<li><strong>Inspecci\u00f3n de pasajeros y equipaje:<\/strong> implica la revisi\u00f3n de documentos de identidad, escaneo de equipaje y registros de seguridad.<\/li>\n\n\n\n<li><strong>Control de acceso:<\/strong> mediante sistemas de identificaci\u00f3n, acreditaciones, controles biom\u00e9tricos y personal de seguridad capacitado se asegura que solo las personas autorizadas puedan llegar a \u00e1reas restringidas como la pista de aterrizaje, el \u00e1rea de carga de las aeronaves, la torre de control o los hangares.<\/li>\n\n\n\n<li><strong>Detecci\u00f3n de armas, explosivos y drogas:<\/strong> se emplean detectores de metal, agentes caninos, rayos X y otras tecnolog\u00edas avanzadas, como detectores de trazas que leen muestras de vapor o hisopos.<\/li>\n\n\n\n<li><strong>Control de mercanc\u00edas:<\/strong> implica inspecciones exhaustivas en la carga y el correo que se transportan en los aviones.<\/li>\n\n\n\n<li><strong>Vigilancia y monitorizaci\u00f3n:<\/strong> detecta comportamientos sospechosos o actividades no autorizadas gracias al trabajo conjunto de agentes circulantes o dispuestos en sitios estrat\u00e9gicos, sistemas de videovigilancia y detecci\u00f3n, etc.<\/li>\n\n\n\n<li><strong>Cooperaci\u00f3n y coordinaci\u00f3n:<\/strong> las distintas entidades, como autoridades aeroportuarias, organismos de seguridad, fuerzas del orden e incluso aerol\u00edneas tienen el compromiso de colaborar y facilitar el intercambio de informaci\u00f3n.<\/li>\n<\/ul>\n\n\n\n<h2 class=\"wp-block-heading\"><strong>\u00bfQui\u00e9n establece los protocolos de seguridad aeroportuaria?<\/strong><\/h2>\n\n\n\n<p>Como la actividad aeroportuaria tiende a conectar a distintos pa\u00edses, los est\u00e1ndares de seguridad en los aeropuertos se rigen por <strong>acuerdos nacionales e internacionales <\/strong>que se van actualizando.<\/p>\n\n\n\n<p>Algunas de las entidades involucradas en el establecimiento de los est\u00e1ndares en la seguridad aeroportuaria son la <strong>Organizaci\u00f3n de Aviaci\u00f3n Civil Internacional (ICAO)<\/strong>, perteneciente a las Naciones Unidas; la <strong>Transportation Security Administration (TSA)<\/strong>, de los Estados Unidos; la <strong>Agencia Europea de Seguridad A\u00e9rea (EASA)<\/strong>; y cada una de las instituciones destinadas a dirigir y regular la actividad de aviaci\u00f3n civil en cada pa\u00eds, as\u00ed como las organizaciones involucradas en la <a href=\"https:\/\/www.ferrovial.com\/es\/f-aeropuertos\/quienes-somos\/\">gesti\u00f3n de aeropuertos<\/a>.<\/p>\n<\/div><\/m-wysiwig>\n","protected":false},"excerpt":{"rendered":"","protected":false},"featured_media":0,"parent":25267,"menu_order":0,"comment_status":"closed","ping_status":"closed","template":"","meta":{"_acf_changed":false,"footnotes":""},"class_list":["post-269058","page","type-page","status-publish","hentry"],"acf":[],"yoast_head":"<!-- This site is optimized with the Yoast SEO plugin v27.2 - https:\/\/yoast.com\/product\/yoast-seo-wordpress\/ -->\n<title>Seguridad aeroportuaria, qu\u00e9 es, objetivos y protocolos - Ferrovial<\/title>\n<meta name=\"description\" content=\"Welcome to the Ferrovial&#039;s website, global operator of sustainable infrastructure. Here you can find all the information about the company and subsidiaries.\" \/>\n<meta name=\"robots\" content=\"index, follow, max-snippet:-1, max-image-preview:large, max-video-preview:-1\" \/>\n<link rel=\"canonical\" href=\"https:\/\/www.ferrovial.com\/es\/recursos\/seguridad-aeroportuaria-2\/\" \/>\n<meta property=\"og:locale\" content=\"es_ES\" \/>\n<meta property=\"og:type\" content=\"article\" \/>\n<meta property=\"og:title\" content=\"Seguridad aeroportuaria, qu\u00e9 es, objetivos y protocolos - Ferrovial\" \/>\n<meta property=\"og:description\" content=\"Welcome to the Ferrovial&#039;s website, global operator of sustainable infrastructure. Here you can find all the information about the company and subsidiaries.\" \/>\n<meta property=\"og:url\" content=\"https:\/\/www.ferrovial.com\/es\/recursos\/seguridad-aeroportuaria-2\/\" \/>\n<meta property=\"og:site_name\" content=\"Ferrovial\" \/>\n<meta property=\"article:publisher\" content=\"https:\/\/www.facebook.com\/ferrovial\" \/>\n<meta property=\"article:modified_time\" content=\"2024-02-21T07:02:59+00:00\" \/>\n<meta name=\"twitter:card\" content=\"summary_large_image\" \/>\n<meta name=\"twitter:site\" content=\"@ferrovial\" \/>\n<meta name=\"twitter:label1\" content=\"Est. reading time\" \/>\n\t<meta name=\"twitter:data1\" content=\"2 minutos\" \/>\n<!-- \/ Yoast SEO plugin. -->","yoast_head_json":{"title":"Seguridad aeroportuaria, qu\u00e9 es, objetivos y protocolos - Ferrovial","description":"Welcome to the Ferrovial's website, global operator of sustainable infrastructure. Here you can find all the information about the company and subsidiaries.","robots":{"index":"index","follow":"follow","max-snippet":"max-snippet:-1","max-image-preview":"max-image-preview:large","max-video-preview":"max-video-preview:-1"},"canonical":"https:\/\/www.ferrovial.com\/es\/recursos\/seguridad-aeroportuaria-2\/","og_locale":"es_ES","og_type":"article","og_title":"Seguridad aeroportuaria, qu\u00e9 es, objetivos y protocolos - Ferrovial","og_description":"Welcome to the Ferrovial's website, global operator of sustainable infrastructure. Here you can find all the information about the company and subsidiaries.","og_url":"https:\/\/www.ferrovial.com\/es\/recursos\/seguridad-aeroportuaria-2\/","og_site_name":"Ferrovial","article_publisher":"https:\/\/www.facebook.com\/ferrovial","article_modified_time":"2024-02-21T07:02:59+00:00","twitter_card":"summary_large_image","twitter_site":"@ferrovial","twitter_misc":{"Est. reading time":"2 minutos"},"schema":{"@context":"https:\/\/schema.org","@graph":[{"@type":"WebPage","@id":"https:\/\/www.ferrovial.com\/es\/recursos\/seguridad-aeroportuaria-2\/","url":"https:\/\/www.ferrovial.com\/es\/recursos\/seguridad-aeroportuaria-2\/","name":"Seguridad aeroportuaria, qu\u00e9 es, objetivos y protocolos - Ferrovial","isPartOf":{"@id":"https:\/\/www.ferrovial.com\/es\/#website"},"datePublished":"2023-10-03T07:44:48+00:00","dateModified":"2024-02-21T07:02:59+00:00","description":"Welcome to the Ferrovial's website, global operator of sustainable infrastructure. Here you can find all the information about the company and subsidiaries.","breadcrumb":{"@id":"https:\/\/www.ferrovial.com\/es\/recursos\/seguridad-aeroportuaria-2\/#breadcrumb"},"inLanguage":"es","potentialAction":[{"@type":"ReadAction","target":["https:\/\/www.ferrovial.com\/es\/recursos\/seguridad-aeroportuaria-2\/"]}]},{"@type":"BreadcrumbList","@id":"https:\/\/www.ferrovial.com\/es\/recursos\/seguridad-aeroportuaria-2\/#breadcrumb","itemListElement":[{"@type":"ListItem","position":1,"name":"Portada","item":"https:\/\/www.ferrovial.com\/es\/"},{"@type":"ListItem","position":2,"name":"Recursos","item":"https:\/\/www.ferrovial.com\/es\/recursos\/"},{"@type":"ListItem","position":3,"name":"Seguridad aeroportuaria"}]},{"@type":"WebSite","@id":"https:\/\/www.ferrovial.com\/es\/#website","url":"https:\/\/www.ferrovial.com\/es\/","name":"Ferrovial","description":"Welcome to the Ferrovial&#039;s website, global operator of sustainable infrastructure. Here you can find all the information about the company and subsidiaries.","publisher":{"@id":"https:\/\/www.ferrovial.com\/es\/#organization"},"potentialAction":[{"@type":"SearchAction","target":{"@type":"EntryPoint","urlTemplate":"https:\/\/www.ferrovial.com\/es\/?s={search_term_string}"},"query-input":{"@type":"PropertyValueSpecification","valueRequired":true,"valueName":"search_term_string"}}],"inLanguage":"es"},{"@type":"Organization","@id":"https:\/\/www.ferrovial.com\/es\/#organization","name":"Ferrovial S.A.","url":"https:\/\/www.ferrovial.com\/es\/","logo":{"@type":"ImageObject","inLanguage":"es","@id":"https:\/\/www.ferrovial.com\/es\/#\/schema\/logo\/image\/","url":"https:\/\/static.ferrovial.com\/wp-content\/uploads\/2020\/01\/13124948\/logo-ferrovial-cf7.png","contentUrl":"https:\/\/static.ferrovial.com\/wp-content\/uploads\/2020\/01\/13124948\/logo-ferrovial-cf7.png","width":144,"height":32,"caption":"Ferrovial S.A."},"image":{"@id":"https:\/\/www.ferrovial.com\/es\/#\/schema\/logo\/image\/"},"sameAs":["https:\/\/www.facebook.com\/ferrovial","https:\/\/x.com\/ferrovial","https:\/\/www.instagram.com\/ferrovial\/","https:\/\/www.linkedin.com\/company\/ferrovial","https:\/\/www.pinterest.es\/ferrovial\/","https:\/\/www.youtube.com\/ferrovial","https:\/\/en.wikipedia.org\/wiki\/Ferrovial"]}]}},"_links":{"self":[{"href":"https:\/\/www.ferrovial.com\/es\/wp-json\/wp\/v2\/pages\/269058","targetHints":{"allow":["GET"]}}],"collection":[{"href":"https:\/\/www.ferrovial.com\/es\/wp-json\/wp\/v2\/pages"}],"about":[{"href":"https:\/\/www.ferrovial.com\/es\/wp-json\/wp\/v2\/types\/page"}],"replies":[{"embeddable":true,"href":"https:\/\/www.ferrovial.com\/es\/wp-json\/wp\/v2\/comments?post=269058"}],"version-history":[{"count":2,"href":"https:\/\/www.ferrovial.com\/es\/wp-json\/wp\/v2\/pages\/269058\/revisions"}],"predecessor-version":[{"id":275901,"href":"https:\/\/www.ferrovial.com\/es\/wp-json\/wp\/v2\/pages\/269058\/revisions\/275901"}],"up":[{"embeddable":true,"href":"https:\/\/www.ferrovial.com\/es\/wp-json\/wp\/v2\/pages\/25267"}],"wp:attachment":[{"href":"https:\/\/www.ferrovial.com\/es\/wp-json\/wp\/v2\/media?parent=269058"}],"curies":[{"name":"wp","href":"https:\/\/api.w.org\/{rel}","templated":true}]}}