{"id":269060,"date":"2023-10-03T10:56:06","date_gmt":"2023-10-03T08:56:06","guid":{"rendered":"https:\/\/www.ferrovial.com\/?page_id=269060"},"modified":"2024-04-26T13:50:34","modified_gmt":"2024-04-26T11:50:34","slug":"astrofisica","status":"publish","type":"page","link":"https:\/\/www.ferrovial.com\/es\/stem\/astrofisica\/","title":{"rendered":"Astrof\u00edsica"},"content":{"rendered":"    <m-final-content-header >\n            <c-breadcrumb label-text=\"Breadcrumb\" slot=\"breadcrumbs\" type='2' align='left' wrap='wrapped wrapped' aria-label='Vienes de STEM'>\n                        <ol>\n\n                                                            <li><a href=\"https:\/\/www.ferrovial.com\/es\/\" title=\"Ferrovial\">Ferrovial<\/a><\/li>\n                                                                        <li><a href=\"https:\/\/www.ferrovial.com\/es\/stem\/\" title=\"STEM\">STEM<\/a><\/li>\n                                    \n                <\/ol>\n\n                <\/c-breadcrumb>\n    \n        <div slot=\"header\">\n            <h1>\n                \u00bfQu\u00e9 es la astrof\u00edsica?            <\/h1>\n                    <\/div>\n    <\/m-final-content-header>\n\n    \n\n\n<m-wysiwig class=\"wp-block-components-wysiwyg\"><div slot=\"maincontent\">\n<script type=\"application\/ld+json\">\n{\n  \"@context\": \"https:\/\/schema.org\",\n  \"@type\": \"FAQPage\",\n  \"mainEntity\": [{\n    \"@type\": \"Question\",\n    \"name\": \"\u00bfQu\u00e9 es la astrof\u00edsica?\",\n    \"acceptedAnswer\": {\n      \"@type\": \"Answer\",\n      \"text\": \"La astrof\u00edsica es una ciencia interdisciplinaria en la que los principios de la f\u00edsica se aplican a la astronom\u00eda para estudiar los objetos y fen\u00f3menos astron\u00f3micos.\"\n    }\n  },{\n    \"@type\": \"Question\",\n    \"name\": \"\u00bfCu\u00e1les son las ramas de la astrof\u00edsica?\",\n    \"acceptedAnswer\": {\n      \"@type\": \"Answer\",\n      \"text\": \"La astrof\u00edsica puede dividirse en tres grandes ramas:\n<ol>\n<li>Astrof\u00edsica observacional (o astronom\u00eda)<\/li>\n<li>Astrof\u00edsica te\u00f3rica<\/li>\n<li>Astrof\u00edsica de laboratorio<\/li>\n<\/ol>\"\n    }\n  },{\n    \"@type\": \"Question\",\n    \"name\": \"\u00bfCu\u00e1ndo surge la astrof\u00edsica?\",\n    \"acceptedAnswer\": {\n      \"@type\": \"Answer\",\n      \"text\": \"Los or\u00edgenes de la astrof\u00edsica se remontan a la antig\u00fcedad. Las primeras civilizaciones conocidas observaban y registraban los movimientos de los cuerpos celestes, como las estrellas, los planetas y la Luna. Desde sus inicios, estuvo separada del estudio de la f\u00edsica terrestre, pues se entend\u00eda que funcionaba con materiales y din\u00e1micas distintas. Plat\u00f3n (428-348 a.C.) supon\u00eda que la regi\u00f3n celeste estaba esencialmente constituida por fuego, mientras que Arist\u00f3teles (384-322 a.C.) pensaba que su principal componente era el \u00e9ter.\n\nEl desarrollo de la astrof\u00edsica como disciplina cient\u00edfica moderna, en cambio, comenz\u00f3 en el siglo XIX, cuando cient\u00edficos como Isaac Newton y Johannes Kepler establecieron las leyes de la gravitaci\u00f3n y el movimiento planetario. Desde entonces, la astrof\u00edsica ha evolucionado y se ha especializado mucho. Algunas de sus aplicaciones son: astrof\u00edsica at\u00f3mica y molecular, bioastrof\u00edsica, astrof\u00edsica estelar, etc.\"\n    }\n  },{\n    \"@type\": \"Question\",\n    \"name\": \"\u00bfCu\u00e1l es el m\u00e1ximo galard\u00f3n con el que se reconocen los avances en materia de astrof\u00edsica?\",\n    \"acceptedAnswer\": {\n      \"@type\": \"Answer\",\n      \"text\": \"Los principales descubrimientos e hitos alcanzados en materia de astrof\u00edsica concursan por el Premio Nobel de F\u00edsica, en el que esta disciplina compite con otras ramas de la f\u00edsica. Algunos de los galardones m\u00e1s recientes obtenidos por la astrof\u00edsica son:\n\n2015 Premio Nobel de F\u00edsica para Takaaki Kajita (japon\u00e9s) y Arthur B. McDonald (canadiense) por el descubrimiento de la oscilaci\u00f3n de neutrinos.\n\n2017 Premio Nobel de F\u00edsica para los estadounidenses Rainer Weiss, Barry C. Barish y Kip S. Thorne por la detecci\u00f3n de ondas gravitacionales, predichas por la teor\u00eda de la relatividad de Einstein, que implican la colisi\u00f3n de agujeros negros en masas estelares.\n\n2020 Premio Nobel de F\u00edsica para tres cient\u00edficos: a Reinhard Genzel (alem\u00e1n) y Andrea Ghez (estadounidense), por demostrar la existencia de los agujeros negros seg\u00fan la teor\u00eda de la relatividad general, y a Roger Penrose (brit\u00e1nico), por demostrar que los agujeros negros interfieren en las \u00f3rbitas de estrellas cercanas.\"\n    }\n  }]\n}\n<\/script><p>La astrof\u00edsica es una <strong>ciencia interdisciplinaria <\/strong>en la que <strong>los principios de la f\u00edsica se aplican a la astronom\u00eda para estudiar los objetos y fen\u00f3menos astron\u00f3micos<\/strong>.<\/p>\n\n\n\n<p>Tradicionalmente, la astrof\u00edsica se ocupa de <strong>estudiar la formaci\u00f3n y evoluci\u00f3n del universo<\/strong>, as\u00ed como de las <strong>propiedades f\u00edsicas de las formas de materia presentes en el universo<\/strong>; es decir, la composici\u00f3n, densidad, temperatura y dem\u00e1s caracter\u00edsticas de las estrellas, galaxias, medios interestelares e intergal\u00e1cticos, etc. Sin embargo, en los \u00faltimos tiempos, la astrof\u00edsica ha ido adquiriendo gran importancia para la <strong>determinaci\u00f3n de nuevas leyes de la f\u00edsica que no pueden investigarse en los laboratorios terrestres<\/strong>.<\/p>\n\n\n\n<p>La astrof\u00edsica es, actualmente, <strong>el campo de la f\u00edsica que requiere mayores competencias en las diversas disciplinas f\u00edsicas <\/strong>para su desarrollo.<\/p>\n\n\n\n<h2 class=\"wp-block-heading\"><strong>\u00bfCu\u00e1les son las ramas de la astrof\u00edsica?<\/strong><\/h2>\n\n\n\n<p>La astrof\u00edsica puede dividirse en <strong>tres grandes ramas<\/strong>:<\/p>\n\n\n\n<ol class=\"wp-block-list\">\n<li><strong>Astrof\u00edsica observacional (o astronom\u00eda):<\/strong> se ocupa del estudio del universo observable. Las principales observaciones se llevan a cabo sobre las radiaciones electromagn\u00e9ticas (fotones), los rayos c\u00f3smicos y los neutrinos. Algunas de las aplicaciones de esta rama son:\n<ul class=\"wp-block-list\">\n<li>Radioastronom\u00eda.<\/li>\n\n\n\n<li>Astronom\u00eda ultravioleta.<\/li>\n\n\n\n<li>Astronom\u00eda X y gamma.<\/li>\n\n\n\n<li>Astronom\u00eda \u00f3ptica.<\/li>\n\n\n\n<li>Astronom\u00eda TeV.<\/li>\n<\/ul>\n<\/li>\n\n\n\n<li><strong>Astrof\u00edsica te\u00f3rica: <\/strong>la mayor parte de los fen\u00f3menos astrof\u00edsicos no son observables, es por esto que la astrof\u00edsica recurre al desarrollo de modelos te\u00f3ricos, que representan los procesos estudiados de forma ideal. Esto se logra gracias a las teor\u00edas y leyes f\u00edsicas ya existentes, y su objetivo es poder desarrollar predicciones y simulaciones.<br>La principales <strong>dificultades <\/strong>de esta son:\n<ul class=\"wp-block-list\">\n<li>La reproducci\u00f3n de los modelos en laboratorios terrestres debido a sus medidas extremas (demasiado grandes, demasiado calientes, etc.).<\/li>\n\n\n\n<li>La incompatibilidad entre los conocimientos f\u00edsicos terrestres y los modelos y objetos de estudio astron\u00f3micos.<\/li>\n<\/ul>\n<\/li>\n\n\n\n<li><strong>Astrof\u00edsica de laboratorio: <\/strong>de cierta forma, se podr\u00eda decir que todo estudio de la f\u00edsica pertenece al campo de la astrof\u00edsica de laboratorio; sin embargo, algunos temas son principal o exclusivamente inter\u00e9s de esta rama. Estos son las medidas:\n<ul class=\"wp-block-list\">\n<li>Espectrosc\u00f3picas.<\/li>\n\n\n\n<li>Nucleares.<\/li>\n\n\n\n<li>Relacionadas con el polvo c\u00f3smico.<\/li>\n<\/ul>\n<\/li>\n<\/ol>\n\n\n\n<h2 class=\"wp-block-heading\"><strong>\u00bfCu\u00e1ndo surge la astrof\u00edsica?<\/strong><\/h2>\n\n\n\n<p>Los or\u00edgenes de la astrof\u00edsica <strong>se remontan a la antig\u00fcedad<\/strong>. Las primeras civilizaciones conocidas <strong>observaban y registraban los movimientos de los cuerpos celestes<\/strong>, como las estrellas, los planetas y la Luna. <strong>Desde sus inicios, estuvo separada del estudio de la f\u00edsica terrestre<\/strong>, pues se entend\u00eda que funcionaba con materiales y din\u00e1micas distintas. Plat\u00f3n (428-348 a.C.) supon\u00eda que la regi\u00f3n celeste estaba esencialmente constituida por fuego, mientras que Arist\u00f3teles (384-322 a.C.) pensaba que su principal componente era el \u00e9ter.<\/p>\n\n\n\n<p>El desarrollo de la astrof\u00edsica como <strong>disciplina cient\u00edfica moderna<\/strong>, en cambio, comenz\u00f3 en el siglo XIX, cuando cient\u00edficos como <strong>Isaac Newton y Johannes Kepler <\/strong>establecieron las <strong>leyes de la gravitaci\u00f3n y el movimiento planetario<\/strong>. Desde entonces, la astrof\u00edsica ha evolucionado y se ha especializado mucho. Algunas de sus aplicaciones son: astrof\u00edsica at\u00f3mica y molecular, bioastrof\u00edsica, astrof\u00edsica estelar, etc.<\/p>\n\n\n\n<h2 class=\"wp-block-heading\"><strong>\u00bfCu\u00e1l es el m\u00e1ximo galard\u00f3n con el que se reconocen los avances en materia de astrof\u00edsica?<\/strong><\/h2>\n\n\n\n<p>Los principales descubrimientos e hitos alcanzados en materia de astrof\u00edsica concursan por el <a href=\"https:\/\/www.ferrovial.com\/es\/stem\/premio-nobel-de-fisica\/\">Premio Nobel de F\u00edsica<\/a>, en el que esta disciplina compite con otras ramas de la f\u00edsica. <strong>Algunos de los galardones m\u00e1s recientes obtenidos por la astrof\u00edsica <\/strong>son:<\/p>\n\n\n\n<p><strong>2015 <\/strong>Premio Nobel de F\u00edsica para <strong>Takaaki Kajita <\/strong>(japon\u00e9s) y <strong>Arthur B. McDonald<\/strong> (canadiense) por el descubrimiento de la <strong>oscilaci\u00f3n de neutrinos<\/strong>.<\/p>\n\n\n\n<p><strong>2017 <\/strong>Premio Nobel de F\u00edsica para los estadounidenses <strong>Rainer Weiss<\/strong>, <strong>Barry C. Barish <\/strong>y <strong>Kip S. Thorne <\/strong>por la <strong>detecci\u00f3n de ondas gravitacionales<\/strong>, predichas por la teor\u00eda de la relatividad de Einstein, que implican la <strong>colisi\u00f3n de agujeros negros en masas estelares<\/strong>.<\/p>\n\n\n\n<p><strong>2020 <\/strong>Premio Nobel de F\u00edsica para tres cient\u00edficos: a <strong>Reinhard Genzel <\/strong>(alem\u00e1n) y <strong>Andrea Ghez <\/strong>(estadounidense), por <strong>demostrar la existencia de los agujeros negros <\/strong>seg\u00fan la teor\u00eda de la relatividad general, y a <strong>Roger Penrose <\/strong>(brit\u00e1nico), por demostrar que <strong>los agujeros negros interfieren en las \u00f3rbitas de estrellas cercanas<\/strong>.<\/p>\n<\/div><\/m-wysiwig>\n","protected":false},"excerpt":{"rendered":"","protected":false},"featured_media":0,"parent":227878,"menu_order":0,"comment_status":"closed","ping_status":"closed","template":"","meta":{"_acf_changed":false,"footnotes":""},"class_list":["post-269060","page","type-page","status-publish","hentry"],"acf":[],"yoast_head":"<!-- This site is optimized with the Yoast SEO plugin v27.2 - https:\/\/yoast.com\/product\/yoast-seo-wordpress\/ -->\n<title>Astrof\u00edsica, qu\u00e9 es, ramas, breve historia y premios - Ferrovial<\/title>\n<meta name=\"description\" content=\"La astrof\u00edsica se ocupa de estudiar la formaci\u00f3n y evoluci\u00f3n del universo, as\u00ed como de las propiedades f\u00edsicas de las formas de materia presentes en el universo; es decir, la composici\u00f3n, densidad, temperatura y dem\u00e1s caracter\u00edsticas de las estrellas, galaxias, medios interestelares e intergal\u00e1cticos, etc.\" \/>\n<meta name=\"robots\" content=\"index, follow, max-snippet:-1, max-image-preview:large, max-video-preview:-1\" \/>\n<link rel=\"canonical\" href=\"https:\/\/www.ferrovial.com\/es\/stem\/astrofisica\/\" \/>\n<meta property=\"og:locale\" content=\"es_ES\" \/>\n<meta property=\"og:type\" content=\"article\" \/>\n<meta property=\"og:title\" content=\"Astrof\u00edsica, qu\u00e9 es, ramas, breve historia y premios - Ferrovial\" \/>\n<meta property=\"og:description\" content=\"La astrof\u00edsica se ocupa de estudiar la formaci\u00f3n y evoluci\u00f3n del universo, as\u00ed como de las propiedades f\u00edsicas de las formas de materia presentes en el universo; es decir, la composici\u00f3n, densidad, temperatura y dem\u00e1s caracter\u00edsticas de las estrellas, galaxias, medios interestelares e intergal\u00e1cticos, etc.\" \/>\n<meta property=\"og:url\" content=\"https:\/\/www.ferrovial.com\/es\/stem\/astrofisica\/\" \/>\n<meta property=\"og:site_name\" content=\"Ferrovial\" \/>\n<meta property=\"article:publisher\" content=\"https:\/\/www.facebook.com\/ferrovial\" \/>\n<meta property=\"article:modified_time\" content=\"2024-04-26T11:50:34+00:00\" \/>\n<meta name=\"twitter:card\" content=\"summary_large_image\" \/>\n<meta name=\"twitter:site\" content=\"@ferrovial\" \/>\n<meta name=\"twitter:label1\" content=\"Est. reading time\" \/>\n\t<meta name=\"twitter:data1\" content=\"3 minutos\" \/>\n<!-- \/ Yoast SEO plugin. -->","yoast_head_json":{"title":"Astrof\u00edsica, qu\u00e9 es, ramas, breve historia y premios - Ferrovial","description":"La astrof\u00edsica se ocupa de estudiar la formaci\u00f3n y evoluci\u00f3n del universo, as\u00ed como de las propiedades f\u00edsicas de las formas de materia presentes en el universo; es decir, la composici\u00f3n, densidad, temperatura y dem\u00e1s caracter\u00edsticas de las estrellas, galaxias, medios interestelares e intergal\u00e1cticos, etc.","robots":{"index":"index","follow":"follow","max-snippet":"max-snippet:-1","max-image-preview":"max-image-preview:large","max-video-preview":"max-video-preview:-1"},"canonical":"https:\/\/www.ferrovial.com\/es\/stem\/astrofisica\/","og_locale":"es_ES","og_type":"article","og_title":"Astrof\u00edsica, qu\u00e9 es, ramas, breve historia y premios - Ferrovial","og_description":"La astrof\u00edsica se ocupa de estudiar la formaci\u00f3n y evoluci\u00f3n del universo, as\u00ed como de las propiedades f\u00edsicas de las formas de materia presentes en el universo; es decir, la composici\u00f3n, densidad, temperatura y dem\u00e1s caracter\u00edsticas de las estrellas, galaxias, medios interestelares e intergal\u00e1cticos, etc.","og_url":"https:\/\/www.ferrovial.com\/es\/stem\/astrofisica\/","og_site_name":"Ferrovial","article_publisher":"https:\/\/www.facebook.com\/ferrovial","article_modified_time":"2024-04-26T11:50:34+00:00","twitter_card":"summary_large_image","twitter_site":"@ferrovial","twitter_misc":{"Est. reading time":"3 minutos"},"schema":{"@context":"https:\/\/schema.org","@graph":[{"@type":"WebPage","@id":"https:\/\/www.ferrovial.com\/es\/stem\/astrofisica\/","url":"https:\/\/www.ferrovial.com\/es\/stem\/astrofisica\/","name":"Astrof\u00edsica, qu\u00e9 es, ramas, breve historia y premios - Ferrovial","isPartOf":{"@id":"https:\/\/www.ferrovial.com\/es\/#website"},"datePublished":"2023-10-03T08:56:06+00:00","dateModified":"2024-04-26T11:50:34+00:00","description":"La astrof\u00edsica se ocupa de estudiar la formaci\u00f3n y evoluci\u00f3n del universo, as\u00ed como de las propiedades f\u00edsicas de las formas de materia presentes en el universo; es decir, la composici\u00f3n, densidad, temperatura y dem\u00e1s caracter\u00edsticas de las estrellas, galaxias, medios interestelares e intergal\u00e1cticos, etc.","breadcrumb":{"@id":"https:\/\/www.ferrovial.com\/es\/stem\/astrofisica\/#breadcrumb"},"inLanguage":"es","potentialAction":[{"@type":"ReadAction","target":["https:\/\/www.ferrovial.com\/es\/stem\/astrofisica\/"]}]},{"@type":"BreadcrumbList","@id":"https:\/\/www.ferrovial.com\/es\/stem\/astrofisica\/#breadcrumb","itemListElement":[{"@type":"ListItem","position":1,"name":"Portada","item":"https:\/\/www.ferrovial.com\/es\/"},{"@type":"ListItem","position":2,"name":"STEM","item":"https:\/\/www.ferrovial.com\/es\/stem\/"},{"@type":"ListItem","position":3,"name":"Astrof\u00edsica"}]},{"@type":"WebSite","@id":"https:\/\/www.ferrovial.com\/es\/#website","url":"https:\/\/www.ferrovial.com\/es\/","name":"Ferrovial","description":"Welcome to the Ferrovial&#039;s website, global operator of sustainable infrastructure. Here you can find all the information about the company and subsidiaries.","publisher":{"@id":"https:\/\/www.ferrovial.com\/es\/#organization"},"potentialAction":[{"@type":"SearchAction","target":{"@type":"EntryPoint","urlTemplate":"https:\/\/www.ferrovial.com\/es\/?s={search_term_string}"},"query-input":{"@type":"PropertyValueSpecification","valueRequired":true,"valueName":"search_term_string"}}],"inLanguage":"es"},{"@type":"Organization","@id":"https:\/\/www.ferrovial.com\/es\/#organization","name":"Ferrovial S.A.","url":"https:\/\/www.ferrovial.com\/es\/","logo":{"@type":"ImageObject","inLanguage":"es","@id":"https:\/\/www.ferrovial.com\/es\/#\/schema\/logo\/image\/","url":"https:\/\/static.ferrovial.com\/wp-content\/uploads\/2020\/01\/13124948\/logo-ferrovial-cf7.png","contentUrl":"https:\/\/static.ferrovial.com\/wp-content\/uploads\/2020\/01\/13124948\/logo-ferrovial-cf7.png","width":144,"height":32,"caption":"Ferrovial S.A."},"image":{"@id":"https:\/\/www.ferrovial.com\/es\/#\/schema\/logo\/image\/"},"sameAs":["https:\/\/www.facebook.com\/ferrovial","https:\/\/x.com\/ferrovial","https:\/\/www.instagram.com\/ferrovial\/","https:\/\/www.linkedin.com\/company\/ferrovial","https:\/\/www.pinterest.es\/ferrovial\/","https:\/\/www.youtube.com\/ferrovial","https:\/\/en.wikipedia.org\/wiki\/Ferrovial"]}]}},"_links":{"self":[{"href":"https:\/\/www.ferrovial.com\/es\/wp-json\/wp\/v2\/pages\/269060","targetHints":{"allow":["GET"]}}],"collection":[{"href":"https:\/\/www.ferrovial.com\/es\/wp-json\/wp\/v2\/pages"}],"about":[{"href":"https:\/\/www.ferrovial.com\/es\/wp-json\/wp\/v2\/types\/page"}],"replies":[{"embeddable":true,"href":"https:\/\/www.ferrovial.com\/es\/wp-json\/wp\/v2\/comments?post=269060"}],"version-history":[{"count":3,"href":"https:\/\/www.ferrovial.com\/es\/wp-json\/wp\/v2\/pages\/269060\/revisions"}],"predecessor-version":[{"id":280244,"href":"https:\/\/www.ferrovial.com\/es\/wp-json\/wp\/v2\/pages\/269060\/revisions\/280244"}],"up":[{"embeddable":true,"href":"https:\/\/www.ferrovial.com\/es\/wp-json\/wp\/v2\/pages\/227878"}],"wp:attachment":[{"href":"https:\/\/www.ferrovial.com\/es\/wp-json\/wp\/v2\/media?parent=269060"}],"curies":[{"name":"wp","href":"https:\/\/api.w.org\/{rel}","templated":true}]}}