{"id":269065,"date":"2023-10-03T11:07:16","date_gmt":"2023-10-03T09:07:16","guid":{"rendered":"https:\/\/www.ferrovial.com\/?page_id=269065"},"modified":"2024-05-16T12:46:33","modified_gmt":"2024-05-16T10:46:33","slug":"departamento-de-transporte-de-michigan","status":"publish","type":"page","link":"https:\/\/www.ferrovial.com\/es\/recursos\/departamento-de-transporte-de-michigan\/","title":{"rendered":"Departamento de transporte de Michigan"},"content":{"rendered":"    <m-final-content-header >\n            <c-breadcrumb label-text=\"Breadcrumb\" slot=\"breadcrumbs\" type='2' align='left' wrap='wrapped wrapped' aria-label='Vienes de Recursos'>\n                        <ol>\n\n                                                            <li><a href=\"https:\/\/www.ferrovial.com\/es\/\" title=\"Ferrovial\">Ferrovial<\/a><\/li>\n                                                                        <li><a href=\"https:\/\/www.ferrovial.com\/es\/recursos\/\" title=\"Recursos\">Recursos<\/a><\/li>\n                                    \n                <\/ol>\n\n                <\/c-breadcrumb>\n    \n        <div slot=\"header\">\n            <h1>\n                \u00bfQu\u00e9 es el Departamento de Transporte de M\u00edchigan?            <\/h1>\n                    <\/div>\n    <\/m-final-content-header>\n\n    \n\n\n<m-wysiwig class=\"wp-block-components-wysiwyg\"><div slot=\"maincontent\">\n<script type=\"application\/ld+json\">\n{\n  \"@context\": \"https:\/\/schema.org\",\n  \"@type\": \"FAQPage\",\n  \"mainEntity\": [{\n    \"@type\": \"Question\",\n    \"name\": \"\u00bfQu\u00e9 es el Departamento de Transporte de M\u00edchigan?\",\n    \"acceptedAnswer\": {\n      \"@type\": \"Answer\",\n      \"text\": \"El Departamento de Transporte de M\u00edchigan es una agencia gubernamental con jurisdicci\u00f3n en el estado de M\u00edchigan de los Estados Unidos de Am\u00e9rica para el estudio, proyecci\u00f3n, adjudicaci\u00f3n de contratos, construcci\u00f3n y mantenimiento de su infraestructura de transporte, lo que incluye carreteras, autopistas, transporte p\u00fablico, instalaciones ferroviarias, portuarias y aeroportuarias.\"\n    }\n  },{\n    \"@type\": \"Question\",\n    \"name\": \"\u00bfCu\u00e1ndo se cre\u00f3 el Departamento de Transporte de M\u00edchigan?\",\n    \"acceptedAnswer\": {\n      \"@type\": \"Answer\",\n      \"text\": \"El Departamento de Transporte de M\u00edchigan, al que com\u00fanmente se le llama MDOT por sus siglas en ingl\u00e9s (Michigan Department of Transportation), ha pasado por varias actualizaciones y reestructuraciones en su larga historia. En el a\u00f1o 1905 se constituy\u00f3 como el Michigan State Highway Department, encargado de administrar el presupuesto destinado a los gobiernos locales para la construcci\u00f3n y mantenimiento de carreteras.\"\n    }\n  },{\n    \"@type\": \"Question\",\n    \"name\": \"\u00bfCu\u00e1les son las competencias del Departamento de Transporte de M\u00edchigan?\",\n    \"acceptedAnswer\": {\n      \"@type\": \"Answer\",\n      \"text\": \"El MDOT se encarga de estudiar, proyectar, acometer y comisionar una enorme cantidad de actividades relacionadas con el transporte de pasajeros y mercanc\u00edasen el Estado de M\u00edchigan, como son:\n<ul>\n<li>Planificaci\u00f3n del transporte<\/li>\n<li>Construcci\u00f3n y mantenimiento de carreteras<\/li>\n<li>Gesti\u00f3n de autopistas<\/li>\n<li>Seguridad vial<\/li>\n<li>Transporte p\u00fablico<\/li>\n<li>Ferrocarriles<\/li>\n<li>Puertos y aeropuertos<\/li>\n<li>Medio ambiente y sostenibilidad<\/li>\n<\/ul>\"\n    }\n  }]\n}\n<\/script>\n<p>El Departamento de Transporte de M\u00edchigan es una <strong>agencia gubernamental con jurisdicci\u00f3n en el estado de M\u00edchigan <\/strong>de los Estados Unidos de Am\u00e9rica para el <strong>estudio, proyecci\u00f3n, adjudicaci\u00f3n de contratos, construcci\u00f3n y mantenimiento de su <\/strong><a href=\"https:\/\/www.ferrovial.com\/es\/recursos\/infraestructura\/\"><strong>infraestructura<\/strong><\/a><strong> <\/strong>de transporte, lo que incluye <a href=\"https:\/\/www.ferrovial.com\/es\/recursos\/carreteras\/\">carreteras<\/a>, <a href=\"https:\/\/www.ferrovial.com\/es-es\/negocio\/autopistas\/\">autopistas<\/a>, transporte p\u00fablico, instalaciones <a href=\"https:\/\/www.ferrovial.com\/es\/recursos\/estacion-de-tren\/\">ferroviarias<\/a>, portuarias y <a href=\"https:\/\/www.ferrovial.com\/es\/recursos\/aeropuertos\/\">aeroportuarias<\/a>.<\/p>\n\n\n\n<h2 class=\"wp-block-heading\"><strong>\u00bfCu\u00e1ndo se cre\u00f3 el Departamento de Transporte de M\u00edchigan?<\/strong><\/h2>\n\n\n\n<p>El Departamento de Transporte de M\u00edchigan, al que com\u00fanmente se le llama <strong>MDOT <\/strong>por sus siglas en ingl\u00e9s (Michigan Department of Transportation), ha pasado por varias actualizaciones y reestructuraciones en su larga historia. En el a\u00f1o <strong>1905 <\/strong>se constituy\u00f3 como el <em>Michigan State Highway Department<\/em>, encargado de <strong>administrar el presupuesto destinado a los gobiernos locales para la construcci\u00f3n y mantenimiento de carreteras<\/strong>. La entidad fue creciendo y ampliando sus responsabilidades durante la primera mitad del siglo XX, a medida que la red de transporte del estado se iba haciendo m\u00e1s grande. En <strong>1961<\/strong>, el departamento sufri\u00f3 una reestructuraci\u00f3n y pas\u00f3 a llamarse <em>Michigan Department of State Highways<\/em>. Desde entonces, <strong>se empezaron a incorporar otras formas de transporte adem\u00e1s del terrestre<\/strong>, lo que hizo evidente la necesidad de renombrar el departamento nuevamente como <em>Michigan Department of State Highways and Transportation<\/em> y, finalmente, este se simplific\u00f3 a <em>Michigan Department of Transportation<\/em> en <strong>1973<\/strong>.<\/p>\n\n\n\n<h2 class=\"wp-block-heading\"><strong>\u00bfCu\u00e1les son las competencias del Departamento de Transporte de M\u00edchigan?<\/strong><\/h2>\n\n\n\n<p>El MDOT se encarga de <strong>estudiar, proyectar, acometer y comisionar <\/strong>una enorme cantidad de actividades relacionadas con el <strong>transporte de pasajeros y <\/strong><a href=\"https:\/\/www.ferrovial.com\/es\/recursos\/transporte-de-mercancias\/\"><strong>mercanc\u00edas<\/strong><\/a><strong> <\/strong>en el Estado de M\u00edchigan, como son:<\/p>\n\n\n\n<ul class=\"wp-block-list\">\n<li><strong>Planificaci\u00f3n del transporte:<\/strong> observa y proyecta a largo plazo el desarrollo del transporte en el estado. Prev\u00e9 necesidades futuras y elabora estrategias para abordar los desaf\u00edos de <a href=\"https:\/\/www.ferrovial.com\/es-es\/negocio\/movilidad\/\">movilidad<\/a> y <a href=\"https:\/\/www.ferrovial.com\/es-es\/sostenibilidad\/\">sostenibilidad<\/a> actuales.<\/li>\n\n\n\n<li><strong>Construcci\u00f3n y mantenimiento de carreteras:<\/strong> planifica, dise\u00f1a, construye y <a href=\"https:\/\/newsroom.ferrovial.com\/es\/noticias\/ferrovial-servicios-mantendra-1000-km-de-carreteras-en-michigan\/\">mantiene la red de carreteras estatales en Michigan<\/a>. Esto incluye la reparaci\u00f3n de carreteras da\u00f1adas, expansi\u00f3n de v\u00edas existentes y construcci\u00f3n de nuevas carreteras.<\/li>\n\n\n\n<li><strong>Gesti\u00f3n de autopistas:<\/strong> administra y opera los servicios de las autopistas interestatales y otras v\u00edas de peaje en el estado.<\/li>\n\n\n\n<li><strong>Seguridad vial:<\/strong> vela por la seguridad en las carreteras de Michigan a trav\u00e9s de iniciativas como el mejoramiento de se\u00f1ales de tr\u00e1fico, la implementaci\u00f3n de medidas de control de velocidad y la promoci\u00f3n de pr\u00e1cticas seguras de conducci\u00f3n.<\/li>\n\n\n\n<li><strong>Transporte p\u00fablico:<\/strong> colabora con autoridades locales y regionales para mejorar y apoyar el transporte p\u00fablico en el estado, incluyendo autobuses y sistemas de trenes ligeros.<\/li>\n\n\n\n<li><strong>Ferrocarriles:<\/strong> participa en la planificaci\u00f3n y desarrollo de infraestructura ferroviaria para el transporte de pasajeros y mercanc\u00edas.<\/li>\n\n\n\n<li><strong>Puertos y aeropuertos:<\/strong> planifica y mejora puertos y <a href=\"https:\/\/www.ferrovial.com\/es\/f-aeropuertos\/proyectos\/\">aeropuertos<\/a> para facilitar el transporte de mercanc\u00edas y personas. El parque aeroportuario de M\u00edchigan cuenta con 240 aeropuertos, entre los que destacan 4 que son propiedad del estado: <em>Detroit Metropolitan Wayne County Airport<\/em>, <em>Gerald R. Ford International Airport<\/em>, <em>Bishop International Airport<\/em>, y <em>Cherry Capital Airport<\/em>. En materia naval, M\u00edchigan posee 33 puertos de carga activos que manejan m\u00e1s de 50 millones de toneladas de carga al a\u00f1o.<\/li>\n\n\n\n<li><strong>Medio ambiente y sostenibilidad:<\/strong> se esfuerza por reducir el impacto ambiental de las infraestructuras de transporte y promueve pr\u00e1cticas sostenibles en la planificaci\u00f3n y construcci\u00f3n de proyectos. Entre estos, est\u00e1n los m\u00e1s de 1600 kil\u00f3metros de rutas ciclistas en el estado que pertenecen al <em>U.S. Bicycle Route System<\/em>, adem\u00e1s de unos 4500 kil\u00f3metros de senderos para la movilidad con este veh\u00edculo.<\/li>\n<\/ul>\n\n\n\n<p>El Departamento de Transporte de M\u00edchigan tambi\u00e9n <strong>observa, financia y provee soporte t\u00e9cnico a otros sistemas de transporte <\/strong>pertenecientes o administrados por terceros dentro del estado de M\u00edchigan.<\/p>\n<\/div><\/m-wysiwig>\n","protected":false},"excerpt":{"rendered":"","protected":false},"featured_media":0,"parent":25267,"menu_order":0,"comment_status":"closed","ping_status":"closed","template":"","meta":{"_acf_changed":false,"footnotes":""},"class_list":["post-269065","page","type-page","status-publish","hentry"],"acf":[],"yoast_head":"<!-- This site is optimized with the Yoast SEO plugin v27.2 - https:\/\/yoast.com\/product\/yoast-seo-wordpress\/ -->\n<title>Departamento de transporte de Michigan - Ferrovial<\/title>\n<meta name=\"description\" content=\"El Departamento de Transporte de M\u00edchigan es una agencia gubernamental con jurisdicci\u00f3n en el estado de M\u00edchigan de los Estados Unidos de Am\u00e9rica para el estudio, proyecci\u00f3n, adjudicaci\u00f3n de contratos, construcci\u00f3n y mantenimiento de su infraestructura de transporte, lo que incluye carreteras, autopistas, transporte p\u00fablico, instalaciones ferroviarias, portuarias y aeroportuarias.\" \/>\n<meta name=\"robots\" content=\"index, follow, max-snippet:-1, max-image-preview:large, max-video-preview:-1\" \/>\n<link rel=\"canonical\" href=\"https:\/\/www.ferrovial.com\/es\/recursos\/departamento-de-transporte-de-michigan\/\" \/>\n<meta property=\"og:locale\" content=\"es_ES\" \/>\n<meta property=\"og:type\" content=\"article\" \/>\n<meta property=\"og:title\" content=\"Departamento de transporte de Michigan - Ferrovial\" \/>\n<meta property=\"og:description\" content=\"El Departamento de Transporte de M\u00edchigan es una agencia gubernamental con jurisdicci\u00f3n en el estado de M\u00edchigan de los Estados Unidos de Am\u00e9rica para el estudio, proyecci\u00f3n, adjudicaci\u00f3n de contratos, construcci\u00f3n y mantenimiento de su infraestructura de transporte, lo que incluye carreteras, autopistas, transporte p\u00fablico, instalaciones ferroviarias, portuarias y aeroportuarias.\" \/>\n<meta property=\"og:url\" content=\"https:\/\/www.ferrovial.com\/es\/recursos\/departamento-de-transporte-de-michigan\/\" \/>\n<meta property=\"og:site_name\" content=\"Ferrovial\" \/>\n<meta property=\"article:publisher\" content=\"https:\/\/www.facebook.com\/ferrovial\" \/>\n<meta property=\"article:modified_time\" content=\"2024-05-16T10:46:33+00:00\" \/>\n<meta name=\"twitter:card\" content=\"summary_large_image\" \/>\n<meta name=\"twitter:site\" content=\"@ferrovial\" \/>\n<meta name=\"twitter:label1\" content=\"Est. reading time\" \/>\n\t<meta name=\"twitter:data1\" content=\"3 minutos\" \/>\n<!-- \/ Yoast SEO plugin. -->","yoast_head_json":{"title":"Departamento de transporte de Michigan - Ferrovial","description":"El Departamento de Transporte de M\u00edchigan es una agencia gubernamental con jurisdicci\u00f3n en el estado de M\u00edchigan de los Estados Unidos de Am\u00e9rica para el estudio, proyecci\u00f3n, adjudicaci\u00f3n de contratos, construcci\u00f3n y mantenimiento de su infraestructura de transporte, lo que incluye carreteras, autopistas, transporte p\u00fablico, instalaciones ferroviarias, portuarias y aeroportuarias.","robots":{"index":"index","follow":"follow","max-snippet":"max-snippet:-1","max-image-preview":"max-image-preview:large","max-video-preview":"max-video-preview:-1"},"canonical":"https:\/\/www.ferrovial.com\/es\/recursos\/departamento-de-transporte-de-michigan\/","og_locale":"es_ES","og_type":"article","og_title":"Departamento de transporte de Michigan - Ferrovial","og_description":"El Departamento de Transporte de M\u00edchigan es una agencia gubernamental con jurisdicci\u00f3n en el estado de M\u00edchigan de los Estados Unidos de Am\u00e9rica para el estudio, proyecci\u00f3n, adjudicaci\u00f3n de contratos, construcci\u00f3n y mantenimiento de su infraestructura de transporte, lo que incluye carreteras, autopistas, transporte p\u00fablico, instalaciones ferroviarias, portuarias y aeroportuarias.","og_url":"https:\/\/www.ferrovial.com\/es\/recursos\/departamento-de-transporte-de-michigan\/","og_site_name":"Ferrovial","article_publisher":"https:\/\/www.facebook.com\/ferrovial","article_modified_time":"2024-05-16T10:46:33+00:00","twitter_card":"summary_large_image","twitter_site":"@ferrovial","twitter_misc":{"Est. reading time":"3 minutos"},"schema":{"@context":"https:\/\/schema.org","@graph":[{"@type":"WebPage","@id":"https:\/\/www.ferrovial.com\/es\/recursos\/departamento-de-transporte-de-michigan\/","url":"https:\/\/www.ferrovial.com\/es\/recursos\/departamento-de-transporte-de-michigan\/","name":"Departamento de transporte de Michigan - Ferrovial","isPartOf":{"@id":"https:\/\/www.ferrovial.com\/es\/#website"},"datePublished":"2023-10-03T09:07:16+00:00","dateModified":"2024-05-16T10:46:33+00:00","description":"El Departamento de Transporte de M\u00edchigan es una agencia gubernamental con jurisdicci\u00f3n en el estado de M\u00edchigan de los Estados Unidos de Am\u00e9rica para el estudio, proyecci\u00f3n, adjudicaci\u00f3n de contratos, construcci\u00f3n y mantenimiento de su infraestructura de transporte, lo que incluye carreteras, autopistas, transporte p\u00fablico, instalaciones ferroviarias, portuarias y aeroportuarias.","breadcrumb":{"@id":"https:\/\/www.ferrovial.com\/es\/recursos\/departamento-de-transporte-de-michigan\/#breadcrumb"},"inLanguage":"es","potentialAction":[{"@type":"ReadAction","target":["https:\/\/www.ferrovial.com\/es\/recursos\/departamento-de-transporte-de-michigan\/"]}]},{"@type":"BreadcrumbList","@id":"https:\/\/www.ferrovial.com\/es\/recursos\/departamento-de-transporte-de-michigan\/#breadcrumb","itemListElement":[{"@type":"ListItem","position":1,"name":"Portada","item":"https:\/\/www.ferrovial.com\/es\/"},{"@type":"ListItem","position":2,"name":"Recursos","item":"https:\/\/www.ferrovial.com\/es\/recursos\/"},{"@type":"ListItem","position":3,"name":"Departamento de transporte de Michigan"}]},{"@type":"WebSite","@id":"https:\/\/www.ferrovial.com\/es\/#website","url":"https:\/\/www.ferrovial.com\/es\/","name":"Ferrovial","description":"Welcome to the Ferrovial&#039;s website, global operator of sustainable infrastructure. Here you can find all the information about the company and subsidiaries.","publisher":{"@id":"https:\/\/www.ferrovial.com\/es\/#organization"},"potentialAction":[{"@type":"SearchAction","target":{"@type":"EntryPoint","urlTemplate":"https:\/\/www.ferrovial.com\/es\/?s={search_term_string}"},"query-input":{"@type":"PropertyValueSpecification","valueRequired":true,"valueName":"search_term_string"}}],"inLanguage":"es"},{"@type":"Organization","@id":"https:\/\/www.ferrovial.com\/es\/#organization","name":"Ferrovial S.A.","url":"https:\/\/www.ferrovial.com\/es\/","logo":{"@type":"ImageObject","inLanguage":"es","@id":"https:\/\/www.ferrovial.com\/es\/#\/schema\/logo\/image\/","url":"https:\/\/static.ferrovial.com\/wp-content\/uploads\/2020\/01\/13124948\/logo-ferrovial-cf7.png","contentUrl":"https:\/\/static.ferrovial.com\/wp-content\/uploads\/2020\/01\/13124948\/logo-ferrovial-cf7.png","width":144,"height":32,"caption":"Ferrovial S.A."},"image":{"@id":"https:\/\/www.ferrovial.com\/es\/#\/schema\/logo\/image\/"},"sameAs":["https:\/\/www.facebook.com\/ferrovial","https:\/\/x.com\/ferrovial","https:\/\/www.instagram.com\/ferrovial\/","https:\/\/www.linkedin.com\/company\/ferrovial","https:\/\/www.pinterest.es\/ferrovial\/","https:\/\/www.youtube.com\/ferrovial","https:\/\/en.wikipedia.org\/wiki\/Ferrovial"]}]}},"_links":{"self":[{"href":"https:\/\/www.ferrovial.com\/es\/wp-json\/wp\/v2\/pages\/269065","targetHints":{"allow":["GET"]}}],"collection":[{"href":"https:\/\/www.ferrovial.com\/es\/wp-json\/wp\/v2\/pages"}],"about":[{"href":"https:\/\/www.ferrovial.com\/es\/wp-json\/wp\/v2\/types\/page"}],"replies":[{"embeddable":true,"href":"https:\/\/www.ferrovial.com\/es\/wp-json\/wp\/v2\/comments?post=269065"}],"version-history":[{"count":2,"href":"https:\/\/www.ferrovial.com\/es\/wp-json\/wp\/v2\/pages\/269065\/revisions"}],"predecessor-version":[{"id":281634,"href":"https:\/\/www.ferrovial.com\/es\/wp-json\/wp\/v2\/pages\/269065\/revisions\/281634"}],"up":[{"embeddable":true,"href":"https:\/\/www.ferrovial.com\/es\/wp-json\/wp\/v2\/pages\/25267"}],"wp:attachment":[{"href":"https:\/\/www.ferrovial.com\/es\/wp-json\/wp\/v2\/media?parent=269065"}],"curies":[{"name":"wp","href":"https:\/\/api.w.org\/{rel}","templated":true}]}}