{"id":274492,"date":"2024-01-24T16:11:14","date_gmt":"2024-01-24T15:11:14","guid":{"rendered":"https:\/\/www.ferrovial.com\/?page_id=274492"},"modified":"2024-07-05T14:05:31","modified_gmt":"2024-07-05T12:05:31","slug":"patentes","status":"publish","type":"page","link":"https:\/\/www.ferrovial.com\/es\/patentes\/","title":{"rendered":"Nuestras patentes"},"content":{"rendered":"    <m-hero type='reduced' :translations='{\n        &quot;play&quot;:&quot;Reproducir v\u00eddeo de fondo&quot;,\n        &quot;pause&quot;:&quot;Pausar v\u00eddeo de fondo&quot;,\n        &quot;prev&quot;:&quot;Anterior&quot;,\n        &quot;next&quot;:&quot;Siguiente&quot;,\n        &quot;paginationseparator&quot;:&quot;de&quot;,\n        &quot;goto&quot;:&quot;Ir al slide&quot;,\n        &quot;external&quot;:&quot;Abrir una nueva ventana&quot;\n    }'>\n                                <div slot=\"carouselItem\">\n                            <c-background-image>\n                                <picture>\n                                                                            <source media=\"(max-width: 667px)\" srcset=\"https:\/\/static.ferrovial.com\/wp-content\/uploads\/2024\/01\/24122248\/portada-la-fabrica-de-inventos-ferrovial-600x709.jpg\">\n                                                                                                                <source media=\"(max-width: 1023px)\" srcset=\"https:\/\/static.ferrovial.com\/wp-content\/uploads\/2024\/01\/24122248\/portada-la-fabrica-de-inventos-ferrovial-1280x709.jpg\">\n                                    \n                                    <img decoding=\"async\" src=\"https:\/\/static.ferrovial.com\/wp-content\/uploads\/2024\/01\/24122248\/portada-la-fabrica-de-inventos-ferrovial.jpg\" alt=\"\" style=\"object-position: center center;\">\n                                <\/picture>\n                            <\/c-background-image>\n                        <\/div>\n        <section slot=\"hero\">\n            <article>\n                                        <h1>\n                            Conoce nuestras patentes                        <\/h1>\n                                                <p>Descripci\u00f3n por defecto<\/p>\n                                    <\/article>\n        <\/section>\n    <\/m-hero>\n\n    \n\n\n<m-wysiwig class=\"wp-block-components-wysiwyg\"><div slot=\"maincontent\"><\/div><\/m-wysiwig>\n\n\n    <m-introduction-subhome type='primary' pathfront='1' pathback='2' icon='startups'>\n        <img decoding=\"async\" class=\"dots hidden\" slot=\"bg\" src=\"https:\/\/www.ferrovial.com\/wp-content\/themes\/global\/front\/dist\/static\/img\/dots.svg\" alt=\"\" \/>\n                        <h3 slot=\"title\">\n                    \u00bfQuieres descubrir las patentes que est\u00e1n revolucionando la industria?                <\/h3>\n                                <p slot=\"description\">\n                    En esta webserie conocemos de primera mano las patentes de la compa\u00f1\u00eda que est\u00e1n cambiando la industria, contadas por sus inventores.                <\/p>\n                    <\/m-introduction-subhome>\n    \n\n\n<m-wysiwig class=\"wp-block-components-wysiwyg\"><div slot=\"maincontent\">\n<h2 class=\"wp-block-heading\">Episodio 5<\/h2>\n\n\n\n<h3 class=\"wp-block-heading\">Andrea Mart\u00ednez, Blanca Soler y c\u00f3mo se montan las v\u00edas del tren<\/h3>\n\n\n\n<p>\u00bfAlguna vez te has preguntado c\u00f3mo encajan todos los engranajes para que un tren pueda pasar por encima de las v\u00edas? Nuestras compa\u00f1eras, Andrea Mart\u00ednez y Blanca Soler, nos explican el proceso de montaje de las v\u00edas del tren con una nueva patente que duplica la cantidad de trabajo realizado al d\u00eda.<\/p>\n<\/div><\/m-wysiwig>\n\n\n    <m-video >\n                <a class='m-video__modal' slot='modal' href='https:\/\/www.youtube-nocookie.com\/embed\/6ZuKDjTfTQg'>\n            <img slot=\"poster\" v-lazy=\"'https:\/\/static.ferrovial.com\/wp-content\/uploads\/2024\/07\/05135951\/miniatura-video-patentes-vias-de-tren-1280x720.png'\" title=\"\" width=\"1280\" height=\"100%\" >\n        <\/a>\n            <\/m-video>\n    \n\n\n<m-wysiwig class=\"wp-block-components-wysiwyg\"><div slot=\"maincontent\">\n<h2 class=\"wp-block-heading\">Episodio 4<\/h2>\n\n\n\n<h3 class=\"wp-block-heading\">Jos\u00e9 Toranzo y la Portada de la Feria de Sevilla<\/h3>\n\n\n\n<p>Descubre junto a <strong>Jos\u00e9 Toranzo<\/strong>, Jefe de Obra de la ic\u00f3nica <strong>Portada de la Feria de Sevilla<\/strong>, todo sobre el <strong>acoplador de tubos<\/strong>, un modelo de utilidad inventado por un empleado de Ferrovial hace m\u00e1s de 50 a\u00f1os.<\/p>\n<\/div><\/m-wysiwig>\n\n\n    <m-video fullwidth>\n                <a class='m-video__modal' slot='modal' href='https:\/\/www.youtube-nocookie.com\/embed\/BBUDL7gCHCw'>\n            <img slot=\"poster\" v-lazy=\"'https:\/\/static.ferrovial.com\/wp-content\/uploads\/2024\/04\/05102953\/mosaico-my-forum-1280x720.png'\" title=\"\" width=\"1280\" height=\"100%\" >\n        <\/a>\n            <\/m-video>\n    \n\n\n<m-wysiwig class=\"wp-block-components-wysiwyg\"><div slot=\"maincontent\">\n<h2 class=\"wp-block-heading\">Episodio 3<\/h2>\n\n\n\n<h3 class=\"wp-block-heading\"><strong><mark style=\"background-color:rgba(0, 0, 0, 0)\" class=\"has-inline-color has-black-color\">Eduardo Moral, Fernando San Jos\u00e9,&nbsp;Rebeca Guerra y el m\u00f3dulo de energ\u00eda<\/mark><\/strong><\/h3>\n\n\n\n<p><strong>Eduardo Moral y Fernando San Jos\u00e9<\/strong> han dado con una soluci\u00f3n port\u00e1til y sostenible para generar energ\u00eda renovable en las obras, reduciendo el tiempo de arranque de cada proyecto. De ah\u00ed nace <strong>IKONGREEN<\/strong>, un proyecto coordinado por <strong>Rebeca Guerra<\/strong>. \u00a1Descubre en qu\u00e9 consiste! <\/p>\n<\/div><\/m-wysiwig>\n\n\n    <m-video fullwidth>\n                <a class='m-video__modal' slot='modal' href='https:\/\/www.youtube-nocookie.com\/embed\/UpEoSED4fug'>\n            <img slot=\"poster\" v-lazy=\"'http:\/\/img.youtube.com\/vi\/UpEoSED4fug\/maxresdefault.jpg'\" title=\"\" width=\"1280\" height=\"100%\" >\n        <\/a>\n            <\/m-video>\n    \n\n\n<m-wysiwig class=\"wp-block-components-wysiwyg\"><div slot=\"maincontent\">\n<h2 class=\"wp-block-heading\">Episodio 2<\/h2>\n<\/div><\/m-wysiwig>\n\n\n\n<m-wysiwig class=\"wp-block-components-wysiwyg\"><div slot=\"maincontent\">\n<h3 class=\"wp-block-heading\"><strong>Carlos Bartolom\u00e9<\/strong> y el t<strong>ren para el control de vegetaci\u00f3n<\/strong><\/h3>\n\n\n\n<p><strong>Carlos Bartolom\u00e9,<\/strong>&nbsp;Responsable de Maquinaria de Ferrovial Construcci\u00f3n nos cuenta su patente \u201c<strong>Tren para el control de vegetaci\u00f3n<\/strong>\u201d. \u00a1Dale al&nbsp;<em>play<\/em> y viaja con nosotros al&nbsp;<strong>Parque de Maquinar\u00eda de V\u00eda<\/strong>&nbsp;de <strong>Ferrovial<\/strong> en Oca\u00f1a para descubrirlo!<\/p>\n\n\n\n<p><a href=\"https:\/\/www.youtube.com\/@ferrovial\"><\/a><\/p>\n<\/div><\/m-wysiwig>\n\n\n    <m-video fullwidth>\n                <a class='m-video__modal' slot='modal' href='https:\/\/www.youtube-nocookie.com\/embed\/P_LybFeD3nE'>\n            <img slot=\"poster\" v-lazy=\"'https:\/\/static.ferrovial.com\/wp-content\/uploads\/2024\/01\/24120701\/carlos-bartolome-inventor-del-tren-para-control-de-vegetacion-para-el-video-de-patentes-de-la-fabrica-de-inventos-de-ferrovial-1280x720.png'\" title=\"\" width=\"1280\" height=\"100%\" >\n        <\/a>\n            <\/m-video>\n    \n\n\n<m-wysiwig class=\"wp-block-components-wysiwyg\"><div slot=\"maincontent\">\n<h2 class=\"wp-block-heading\"><strong>Episodio 1<\/strong><\/h2>\n<\/div><\/m-wysiwig>\n\n\n\n<m-wysiwig class=\"wp-block-components-wysiwyg\"><div slot=\"maincontent\">\n<h3 class=\"wp-block-heading\"><strong><strong>Pablo Ruiz-Ter\u00e1n<\/strong><\/strong> y el Pilote Hincado de Hormig\u00f3n Reinyectado<\/h3>\n\n\n\n<p><strong>Pablo Ruiz-Ter\u00e1n<\/strong>, Jefe de Departamento de Geotecnia para Iberia, Reino Unido, Australia y otros mercados y uno de los inventores del Pilote Hincado de Hormig\u00f3n Reinyectado por el Fuste, nos cuenta brevemente c\u00f3mo fue el proceso.<\/p>\n<\/div><\/m-wysiwig>\n\n\n    <m-video >\n                <a class='m-video__modal' slot='modal' href='https:\/\/www.youtube-nocookie.com\/embed\/I9E6tqPIjtI'>\n            <img slot=\"poster\" v-lazy=\"'https:\/\/static.ferrovial.com\/wp-content\/uploads\/2024\/01\/24120604\/pablo-ruiz-teran-inventor-de-los-pilotes-inyectados-para-el-video-de-patentes-de-la-fabrica-de-inventos-de-ferrovial-1280x720.png'\" title=\"\" width=\"1280\" height=\"100%\" >\n        <\/a>\n            <\/m-video>\n    \n\n\n    <m-distributor-basic >\n                        <h2 slot=\"label\">\n                    Descubre nuestra otra webserie                <\/h2>\n                                <h3 slot=\"title\">\n                    The Movers                <\/h3>\n                                <p slot=\"text\">\n                    Aqu\u00ed compartiremos el d\u00eda a d\u00eda de las personas que ayudan a mover el mundo, nuestros empleados.                <\/p>\n                                    <c-button slot='cta' type='primary' disabled='false' href='#'>\n                        <span>Descubre m\u00e1s<\/span>\n                                        <\/c-button>\n                    \n        \n\n    <\/m-distributor-basic>\n    ","protected":false},"excerpt":{"rendered":"","protected":false},"featured_media":0,"parent":0,"menu_order":0,"comment_status":"closed","ping_status":"closed","template":"","meta":{"_acf_changed":false,"footnotes":""},"class_list":["post-274492","page","type-page","status-publish","hentry"],"acf":[],"yoast_head":"<!-- This site is optimized with the Yoast SEO plugin v27.2 - https:\/\/yoast.com\/product\/yoast-seo-wordpress\/ -->\n<title>Nuestras patentes - Ferrovial<\/title>\n<meta name=\"description\" content=\"Welcome to the Ferrovial&#039;s website, global operator of sustainable infrastructure. Here you can find all the information about the company and subsidiaries.\" \/>\n<meta name=\"robots\" content=\"index, follow, max-snippet:-1, max-image-preview:large, max-video-preview:-1\" \/>\n<link rel=\"canonical\" href=\"https:\/\/www.ferrovial.com\/es\/patentes\/\" \/>\n<meta property=\"og:locale\" content=\"es_ES\" \/>\n<meta property=\"og:type\" content=\"article\" \/>\n<meta property=\"og:title\" content=\"Nuestras patentes - Ferrovial\" \/>\n<meta property=\"og:description\" content=\"Welcome to the Ferrovial&#039;s website, global operator of sustainable infrastructure. Here you can find all the information about the company and subsidiaries.\" \/>\n<meta property=\"og:url\" content=\"https:\/\/www.ferrovial.com\/es\/patentes\/\" \/>\n<meta property=\"og:site_name\" content=\"Ferrovial\" \/>\n<meta property=\"article:publisher\" content=\"https:\/\/www.facebook.com\/ferrovial\" \/>\n<meta property=\"article:modified_time\" content=\"2024-07-05T12:05:31+00:00\" \/>\n<meta property=\"og:image\" content=\"https:\/\/www.ferrovial.com\/wp-content\/themes\/global\/front\/dist\/static\/img\/dots.svg\" \/>\n<meta name=\"twitter:card\" content=\"summary_large_image\" \/>\n<meta name=\"twitter:site\" content=\"@ferrovial\" \/>\n<meta name=\"twitter:label1\" content=\"Est. reading time\" \/>\n\t<meta name=\"twitter:data1\" content=\"2 minutos\" \/>\n<!-- \/ Yoast SEO plugin. -->","yoast_head_json":{"title":"Nuestras patentes - Ferrovial","description":"Welcome to the Ferrovial's website, global operator of sustainable infrastructure. Here you can find all the information about the company and subsidiaries.","robots":{"index":"index","follow":"follow","max-snippet":"max-snippet:-1","max-image-preview":"max-image-preview:large","max-video-preview":"max-video-preview:-1"},"canonical":"https:\/\/www.ferrovial.com\/es\/patentes\/","og_locale":"es_ES","og_type":"article","og_title":"Nuestras patentes - Ferrovial","og_description":"Welcome to the Ferrovial's website, global operator of sustainable infrastructure. Here you can find all the information about the company and subsidiaries.","og_url":"https:\/\/www.ferrovial.com\/es\/patentes\/","og_site_name":"Ferrovial","article_publisher":"https:\/\/www.facebook.com\/ferrovial","article_modified_time":"2024-07-05T12:05:31+00:00","og_image":[{"url":"https:\/\/www.ferrovial.com\/wp-content\/themes\/global\/front\/dist\/static\/img\/dots.svg","type":"","width":"","height":""}],"twitter_card":"summary_large_image","twitter_site":"@ferrovial","twitter_misc":{"Est. reading time":"2 minutos"},"schema":{"@context":"https:\/\/schema.org","@graph":[{"@type":"WebPage","@id":"https:\/\/www.ferrovial.com\/es\/patentes\/","url":"https:\/\/www.ferrovial.com\/es\/patentes\/","name":"Nuestras patentes - Ferrovial","isPartOf":{"@id":"https:\/\/www.ferrovial.com\/es\/#website"},"primaryImageOfPage":{"@id":"https:\/\/www.ferrovial.com\/es\/patentes\/#primaryimage"},"image":{"@id":"https:\/\/www.ferrovial.com\/es\/patentes\/#primaryimage"},"thumbnailUrl":"https:\/\/www.ferrovial.com\/wp-content\/themes\/global\/front\/dist\/static\/img\/dots.svg","datePublished":"2024-01-24T15:11:14+00:00","dateModified":"2024-07-05T12:05:31+00:00","description":"Welcome to the Ferrovial's website, global operator of sustainable infrastructure. Here you can find all the information about the company and subsidiaries.","breadcrumb":{"@id":"https:\/\/www.ferrovial.com\/es\/patentes\/#breadcrumb"},"inLanguage":"es","potentialAction":[{"@type":"ReadAction","target":["https:\/\/www.ferrovial.com\/es\/patentes\/"]}]},{"@type":"ImageObject","inLanguage":"es","@id":"https:\/\/www.ferrovial.com\/es\/patentes\/#primaryimage","url":"https:\/\/www.ferrovial.com\/wp-content\/themes\/global\/front\/dist\/static\/img\/dots.svg","contentUrl":"https:\/\/www.ferrovial.com\/wp-content\/themes\/global\/front\/dist\/static\/img\/dots.svg"},{"@type":"BreadcrumbList","@id":"https:\/\/www.ferrovial.com\/es\/patentes\/#breadcrumb","itemListElement":[{"@type":"ListItem","position":1,"name":"Portada","item":"https:\/\/www.ferrovial.com\/es\/"},{"@type":"ListItem","position":2,"name":"Nuestras patentes"}]},{"@type":"WebSite","@id":"https:\/\/www.ferrovial.com\/es\/#website","url":"https:\/\/www.ferrovial.com\/es\/","name":"Ferrovial","description":"Welcome to the Ferrovial&#039;s website, global operator of sustainable infrastructure. Here you can find all the information about the company and subsidiaries.","publisher":{"@id":"https:\/\/www.ferrovial.com\/es\/#organization"},"potentialAction":[{"@type":"SearchAction","target":{"@type":"EntryPoint","urlTemplate":"https:\/\/www.ferrovial.com\/es\/?s={search_term_string}"},"query-input":{"@type":"PropertyValueSpecification","valueRequired":true,"valueName":"search_term_string"}}],"inLanguage":"es"},{"@type":"Organization","@id":"https:\/\/www.ferrovial.com\/es\/#organization","name":"Ferrovial S.A.","url":"https:\/\/www.ferrovial.com\/es\/","logo":{"@type":"ImageObject","inLanguage":"es","@id":"https:\/\/www.ferrovial.com\/es\/#\/schema\/logo\/image\/","url":"https:\/\/static.ferrovial.com\/wp-content\/uploads\/2020\/01\/13124948\/logo-ferrovial-cf7.png","contentUrl":"https:\/\/static.ferrovial.com\/wp-content\/uploads\/2020\/01\/13124948\/logo-ferrovial-cf7.png","width":144,"height":32,"caption":"Ferrovial S.A."},"image":{"@id":"https:\/\/www.ferrovial.com\/es\/#\/schema\/logo\/image\/"},"sameAs":["https:\/\/www.facebook.com\/ferrovial","https:\/\/x.com\/ferrovial","https:\/\/www.instagram.com\/ferrovial\/","https:\/\/www.linkedin.com\/company\/ferrovial","https:\/\/www.pinterest.es\/ferrovial\/","https:\/\/www.youtube.com\/ferrovial","https:\/\/en.wikipedia.org\/wiki\/Ferrovial"]}]}},"_links":{"self":[{"href":"https:\/\/www.ferrovial.com\/es\/wp-json\/wp\/v2\/pages\/274492","targetHints":{"allow":["GET"]}}],"collection":[{"href":"https:\/\/www.ferrovial.com\/es\/wp-json\/wp\/v2\/pages"}],"about":[{"href":"https:\/\/www.ferrovial.com\/es\/wp-json\/wp\/v2\/types\/page"}],"replies":[{"embeddable":true,"href":"https:\/\/www.ferrovial.com\/es\/wp-json\/wp\/v2\/comments?post=274492"}],"version-history":[{"count":3,"href":"https:\/\/www.ferrovial.com\/es\/wp-json\/wp\/v2\/pages\/274492\/revisions"}],"predecessor-version":[{"id":285498,"href":"https:\/\/www.ferrovial.com\/es\/wp-json\/wp\/v2\/pages\/274492\/revisions\/285498"}],"wp:attachment":[{"href":"https:\/\/www.ferrovial.com\/es\/wp-json\/wp\/v2\/media?parent=274492"}],"curies":[{"name":"wp","href":"https:\/\/api.w.org\/{rel}","templated":true}]}}