{"id":277949,"date":"2024-03-15T09:45:19","date_gmt":"2024-03-15T08:45:19","guid":{"rendered":"https:\/\/www.ferrovial.com\/?page_id=277949"},"modified":"2024-04-19T11:49:35","modified_gmt":"2024-04-19T09:49:35","slug":"ingenieros-de-machine-learning","status":"publish","type":"page","link":"https:\/\/www.ferrovial.com\/es\/recursos\/ingenieros-de-machine-learning\/","title":{"rendered":"Ingenieros de machine learning"},"content":{"rendered":"    <m-final-content-header >\n            <c-breadcrumb label-text=\"Breadcrumb\" slot=\"breadcrumbs\" type='2' align='left' wrap='wrapped wrapped' aria-label='Vienes de Recursos'>\n                        <ol>\n\n                                                            <li><a href=\"https:\/\/www.ferrovial.com\/es\/\" title=\"Ferrovial\">Ferrovial<\/a><\/li>\n                                                                        <li><a href=\"https:\/\/www.ferrovial.com\/es\/recursos\/\" title=\"Recursos\">Recursos<\/a><\/li>\n                                    \n                <\/ol>\n\n                <\/c-breadcrumb>\n    \n        <div slot=\"header\">\n            <h1>\n                \u00bfQu\u00e9 es el machine learning?            <\/h1>\n                    <\/div>\n    <\/m-final-content-header>\n\n    \n\n\n<m-wysiwig class=\"wp-block-components-wysiwyg\"><div slot=\"maincontent\">\n<script type=\"application\/ld+json\">\n{\n  \"@context\": \"https:\/\/schema.org\",\n  \"@type\": \"FAQPage\",\n  \"mainEntity\": [{\n    \"@type\": \"Question\",\n    \"name\": \"\u00bfQu\u00e9 es el machine learning?\",\n    \"acceptedAnswer\": {\n      \"@type\": \"Answer\",\n      \"text\": \"El machine learning, habitualmente denominado con el t\u00e9rmino en ingl\u00e9s, es un subcampo de la computaci\u00f3n y una rama de la inteligencia artificial que desarrolla t\u00e9cnicas para favorecer el aprendizaje de los agentes inteligentes.\"\n    }\n  },{\n    \"@type\": \"Question\",\n    \"name\": \"\u00bfQu\u00e9 hace un ingeniero de machine learning?\",\n    \"acceptedAnswer\": {\n      \"@type\": \"Answer\",\n      \"text\": \"Un ingeniero de machine learning es la persona que se encarga de desarrollar, aplicar y supervisar modelos de manejo de datos y aprendizaje autom\u00e1tico de m\u00e1quinas dentro de una empresa u organizaci\u00f3n. Com\u00fanmente, al ingeniero de machine learning se le conoce como Machine Learning Engineer (ML engineer) o ingeniero de aprendizaje autom\u00e1tico.\"\n    }\n  },{\n    \"@type\": \"Question\",\n    \"name\": \"\u00bfQu\u00e9 formaci\u00f3n tiene un ingeniero de machine learning?\",\n    \"acceptedAnswer\": {\n      \"@type\": \"Answer\",\n      \"text\": \"Actualmente no existe una formaci\u00f3n espec\u00edfica para los ingenieros de machine learning, aunque s\u00ed hay formaciones complementarias a las que pueden acceder ciertos perfiles profesionales para especializarse en machine learning. Normalmente, los ingenieros en machine learning tienen formaci\u00f3n como inform\u00e1ticos, programadores, ingenieros en computaci\u00f3n, estadistas o analistas de datos.\"\n    }\n  },{\n    \"@type\": \"Question\",\n    \"name\": \"\u00bfQu\u00e9 competencias debe tener una persona que quiera dedicarse a la ingenier\u00eda en machine learning?\",\n    \"acceptedAnswer\": {\n      \"@type\": \"Answer\",\n      \"text\": \"Las principales competencias t\u00e9cnicas que debe tener un ingeniero de machine learning son conocimientos de:\n<ul>\n<li>Lenguajes de programaci\u00f3n<\/li>\n<li>Estad\u00edstica y estad\u00edstica descriptiva<\/li>\n<li>Probabilidad<\/li>\n<li>C\u00e1lculo matem\u00e1tico<\/li>\n<li>\u00c1lgebra matricial<\/li>\n<li>Big data<\/li>\n<\/ul>\nEl perfil de ingeniero de machine learning combina habilidades t\u00e9cnicas con capacidades humanas y anal\u00edticas. Algunas de las soft skills m\u00e1s importantes para los ingenieros de machine learning son:\n<ul>\n<li>Gran capacidad de observaci\u00f3n y an\u00e1lisis<\/li>\n<li>Disposici\u00f3n al aprendizaje continuo<\/li>\n<li>Pensamiento cr\u00edtico<\/li>\n<li>Capacidad de comunicaci\u00f3n y coordinaci\u00f3n con otros departamentos<\/li>\n<\/ul>\nCon el desarrollo del machine learning, viene tambi\u00e9n la especializaci\u00f3n. En este sentido, cobra cada vez mayor importancia el conocimiento que los ingenieros de machine learning puedan tener en otras \u00e1reas \u2014como la ling\u00fc\u00edstica, las ciencias sociales y la medicina\u2014 o la manera en la que pueden incorporar especialistas en ellas a su equipo de trabajo.\"\n    }\n  }]\n}\n<\/script><p>El <em>machine learning<\/em>, habitualmente denominado con el t\u00e9rmino en ingl\u00e9s, es un subcampo de la <a href=\"https:\/\/www.ferrovial.com\/es\/stem\/computacion\/\">computaci\u00f3n<\/a> y una rama de la <a href=\"https:\/\/www.ferrovial.com\/es\/recursos\/inteligencia-artificial\/\">inteligencia artificial<\/a> que <strong>desarrolla t\u00e9cnicas para favorecer el aprendizaje de los agentes inteligentes<\/strong>.<\/p>\n\n\n\n<h2 class=\"wp-block-heading\"><strong>\u00bfQu\u00e9 hace un ingeniero de <\/strong><strong><em>machine learning<\/em><\/strong><strong>?<\/strong><\/h2>\n\n\n\n<p>Un ingeniero de <em>machine learning<\/em> es la persona que se encarga de <strong>desarrollar, aplicar y supervisar modelos de manejo de datos y aprendizaje autom\u00e1tico <\/strong>de m\u00e1quinas dentro de una empresa u organizaci\u00f3n. Com\u00fanmente, al ingeniero de machine learning se le conoce como <strong><em>Machine Learning Engineer <\/em><\/strong><strong>(ML engineer) <\/strong>o <strong><em>ingeniero de aprendizaje autom\u00e1tico<\/em><\/strong>.<\/p>\n\n\n\n<p>Las especificidades y el alcance de su trabajo dependen de la organizaci\u00f3n, as\u00ed como de sus objetivos; algunas de sus funciones pueden ser:<\/p>\n\n\n\n<ul class=\"wp-block-list\">\n<li>Investigar, adaptar y dise\u00f1ar esquemas de aprendizaje autom\u00e1tico.<\/li>\n\n\n\n<li>Implementar <a href=\"https:\/\/www.ferrovial.com\/es\/stem\/algoritmos\/#:~:text=%C2%BFQu%C3%A9%20son%20los%20algoritmos%3F,seguir%20para%20alcanzar%20un%20objetivo.\">algoritmos<\/a> apropiados para cada caso.<\/li>\n\n\n\n<li>Seleccionar y recopilar conjuntos de datos.<\/li>\n\n\n\n<li>Entrenar, y reentrenar constantemente, los sistemas y modelos de <em>machine learning<\/em>.<\/li>\n\n\n\n<li>Observar el comportamiento de los datos para aumentar su eficiencia depur\u00e1ndolos, mejorando su organizaci\u00f3n, etc.<\/li>\n\n\n\n<li>Analizar estad\u00edsticamente los datos y los resultados para optimizar los modelos.<\/li>\n\n\n\n<li>Extraer conclusiones aplicables a otros \u00e1mbitos de la empresa u organizaci\u00f3n.<\/li>\n\n\n\n<li>Desarrollar aplicaciones.<\/li>\n<\/ul>\n\n\n\n<h2 class=\"wp-block-heading\"><strong>\u00bfQu\u00e9 formaci\u00f3n tiene un ingeniero de <\/strong><strong><em>machine learning<\/em><\/strong><strong>?<\/strong><\/h2>\n\n\n\n<p>Actualmente <strong>no existe una formaci\u00f3n espec\u00edfica <\/strong>para los ingenieros de <em>machine learning<\/em>, aunque s\u00ed hay formaciones complementarias a las que pueden acceder ciertos perfiles profesionales para especializarse en <em>machine learning<\/em>. Normalmente, los ingenieros en <em>machine learning <\/em>tienen formaci\u00f3n como <strong>inform\u00e1ticos, programadores, ingenieros en <\/strong><a href=\"https:\/\/www.ferrovial.com\/es\/stem\/computacion\/\"><strong>computaci\u00f3n<\/strong><\/a><strong>, estadistas o analistas de datos<\/strong>.<\/p>\n\n\n\n<h2 class=\"wp-block-heading\"><strong>\u00bfQu\u00e9 competencias debe tener una persona que quiera dedicarse a la ingenier\u00eda en <\/strong><strong><em>machine learning<\/em><\/strong><strong>?<\/strong><\/h2>\n\n\n\n<p>Las principales <strong>competencias t\u00e9cnicas <\/strong>que debe tener un ingeniero de <em>machine learning <\/em>son conocimientos de:<\/p>\n\n\n\n<ul class=\"wp-block-list\">\n<li>Lenguajes de <a href=\"https:\/\/www.ferrovial.com\/es\/stem\/programacion\/\">programaci\u00f3n<\/a>.<\/li>\n\n\n\n<li>Estad\u00edstica y estad\u00edstica descriptiva.<\/li>\n\n\n\n<li><a href=\"https:\/\/www.ferrovial.com\/es\/stem\/probabilidad\/#:~:text=El%20t%C3%A9rmino%20probabilidad%20se%20utiliza,en%20determinadas%20circunstancias%20de%20azar.\">Probabilidad<\/a>.<\/li>\n\n\n\n<li>C\u00e1lculo matem\u00e1tico.<\/li>\n\n\n\n<li><a href=\"https:\/\/www.ferrovial.com\/es\/stem\/algebra\/\">\u00c1lgebra<\/a> matricial.<\/li>\n\n\n\n<li><a href=\"https:\/\/www.ferrovial.com\/es\/recursos\/big-data\/\"><em>Big data<\/em><\/a>.<\/li>\n<\/ul>\n\n\n\n<p>El perfil de ingeniero de <em>machine learning<\/em> combina habilidades t\u00e9cnicas con capacidades humanas y anal\u00edticas. Algunas de las <strong><em>soft skills <\/em><\/strong>m\u00e1s importantes para los ingenieros de <em>machine learning<\/em> son:<\/p>\n\n\n\n<ul class=\"wp-block-list\">\n<li>Gran capacidad de observaci\u00f3n y an\u00e1lisis.<\/li>\n\n\n\n<li>Disposici\u00f3n al aprendizaje continuo.<\/li>\n\n\n\n<li>Pensamiento cr\u00edtico.<\/li>\n\n\n\n<li>Capacidad de comunicaci\u00f3n y coordinaci\u00f3n con otros departamentos.<\/li>\n<\/ul>\n\n\n\n<p>Con el desarrollo del <em>machine learning<\/em>, viene tambi\u00e9n la <strong>especializaci\u00f3n<\/strong>. En este sentido, cobra cada vez mayor importancia el conocimiento que los ingenieros de <em>machine learning <\/em>puedan tener en <strong>otras \u00e1reas <\/strong>\u2014como la ling\u00fc\u00edstica, las ciencias sociales y la medicina\u2014 o la manera en la que pueden incorporar especialistas en ellas a su equipo de trabajo.<\/p>\n<\/div><\/m-wysiwig>\n","protected":false},"excerpt":{"rendered":"","protected":false},"featured_media":0,"parent":25267,"menu_order":0,"comment_status":"closed","ping_status":"closed","template":"","meta":{"_acf_changed":false,"footnotes":""},"class_list":["post-277949","page","type-page","status-publish","hentry"],"acf":[],"yoast_head":"<!-- This site is optimized with the Yoast SEO plugin v27.2 - https:\/\/yoast.com\/product\/yoast-seo-wordpress\/ -->\n<title>Qu\u00e9 es el machine learning, qu\u00e9 formaci\u00f3n se necesita - Ferrovial<\/title>\n<meta name=\"description\" content=\"El machine learning es un subcampo de la computaci\u00f3n y una rama de la inteligencia artificial que desarrolla t\u00e9cnicas para favorecer el aprendizaje de los agentes inteligentes.\" \/>\n<meta name=\"robots\" content=\"index, follow, max-snippet:-1, max-image-preview:large, max-video-preview:-1\" \/>\n<link rel=\"canonical\" href=\"https:\/\/www.ferrovial.com\/es\/recursos\/ingenieros-de-machine-learning\/\" \/>\n<meta property=\"og:locale\" content=\"es_ES\" \/>\n<meta property=\"og:type\" content=\"article\" \/>\n<meta property=\"og:title\" content=\"Qu\u00e9 es el machine learning, qu\u00e9 formaci\u00f3n se necesita - Ferrovial\" \/>\n<meta property=\"og:description\" content=\"El machine learning es un subcampo de la computaci\u00f3n y una rama de la inteligencia artificial que desarrolla t\u00e9cnicas para favorecer el aprendizaje de los agentes inteligentes.\" \/>\n<meta property=\"og:url\" content=\"https:\/\/www.ferrovial.com\/es\/recursos\/ingenieros-de-machine-learning\/\" \/>\n<meta property=\"og:site_name\" content=\"Ferrovial\" \/>\n<meta property=\"article:publisher\" content=\"https:\/\/www.facebook.com\/ferrovial\" \/>\n<meta property=\"article:modified_time\" content=\"2024-04-19T09:49:35+00:00\" \/>\n<meta name=\"twitter:card\" content=\"summary_large_image\" \/>\n<meta name=\"twitter:site\" content=\"@ferrovial\" \/>\n<meta name=\"twitter:label1\" content=\"Est. reading time\" \/>\n\t<meta name=\"twitter:data1\" content=\"2 minutos\" \/>\n<!-- \/ Yoast SEO plugin. -->","yoast_head_json":{"title":"Qu\u00e9 es el machine learning, qu\u00e9 formaci\u00f3n se necesita - Ferrovial","description":"El machine learning es un subcampo de la computaci\u00f3n y una rama de la inteligencia artificial que desarrolla t\u00e9cnicas para favorecer el aprendizaje de los agentes inteligentes.","robots":{"index":"index","follow":"follow","max-snippet":"max-snippet:-1","max-image-preview":"max-image-preview:large","max-video-preview":"max-video-preview:-1"},"canonical":"https:\/\/www.ferrovial.com\/es\/recursos\/ingenieros-de-machine-learning\/","og_locale":"es_ES","og_type":"article","og_title":"Qu\u00e9 es el machine learning, qu\u00e9 formaci\u00f3n se necesita - Ferrovial","og_description":"El machine learning es un subcampo de la computaci\u00f3n y una rama de la inteligencia artificial que desarrolla t\u00e9cnicas para favorecer el aprendizaje de los agentes inteligentes.","og_url":"https:\/\/www.ferrovial.com\/es\/recursos\/ingenieros-de-machine-learning\/","og_site_name":"Ferrovial","article_publisher":"https:\/\/www.facebook.com\/ferrovial","article_modified_time":"2024-04-19T09:49:35+00:00","twitter_card":"summary_large_image","twitter_site":"@ferrovial","twitter_misc":{"Est. reading time":"2 minutos"},"schema":{"@context":"https:\/\/schema.org","@graph":[{"@type":"WebPage","@id":"https:\/\/www.ferrovial.com\/es\/recursos\/ingenieros-de-machine-learning\/","url":"https:\/\/www.ferrovial.com\/es\/recursos\/ingenieros-de-machine-learning\/","name":"Qu\u00e9 es el machine learning, qu\u00e9 formaci\u00f3n se necesita - Ferrovial","isPartOf":{"@id":"https:\/\/www.ferrovial.com\/es\/#website"},"datePublished":"2024-03-15T08:45:19+00:00","dateModified":"2024-04-19T09:49:35+00:00","description":"El machine learning es un subcampo de la computaci\u00f3n y una rama de la inteligencia artificial que desarrolla t\u00e9cnicas para favorecer el aprendizaje de los agentes inteligentes.","breadcrumb":{"@id":"https:\/\/www.ferrovial.com\/es\/recursos\/ingenieros-de-machine-learning\/#breadcrumb"},"inLanguage":"es","potentialAction":[{"@type":"ReadAction","target":["https:\/\/www.ferrovial.com\/es\/recursos\/ingenieros-de-machine-learning\/"]}]},{"@type":"BreadcrumbList","@id":"https:\/\/www.ferrovial.com\/es\/recursos\/ingenieros-de-machine-learning\/#breadcrumb","itemListElement":[{"@type":"ListItem","position":1,"name":"Portada","item":"https:\/\/www.ferrovial.com\/es\/"},{"@type":"ListItem","position":2,"name":"Recursos","item":"https:\/\/www.ferrovial.com\/es\/recursos\/"},{"@type":"ListItem","position":3,"name":"Ingenieros de machine learning"}]},{"@type":"WebSite","@id":"https:\/\/www.ferrovial.com\/es\/#website","url":"https:\/\/www.ferrovial.com\/es\/","name":"Ferrovial","description":"Welcome to the Ferrovial&#039;s website, global operator of sustainable infrastructure. Here you can find all the information about the company and subsidiaries.","publisher":{"@id":"https:\/\/www.ferrovial.com\/es\/#organization"},"potentialAction":[{"@type":"SearchAction","target":{"@type":"EntryPoint","urlTemplate":"https:\/\/www.ferrovial.com\/es\/?s={search_term_string}"},"query-input":{"@type":"PropertyValueSpecification","valueRequired":true,"valueName":"search_term_string"}}],"inLanguage":"es"},{"@type":"Organization","@id":"https:\/\/www.ferrovial.com\/es\/#organization","name":"Ferrovial S.A.","url":"https:\/\/www.ferrovial.com\/es\/","logo":{"@type":"ImageObject","inLanguage":"es","@id":"https:\/\/www.ferrovial.com\/es\/#\/schema\/logo\/image\/","url":"https:\/\/static.ferrovial.com\/wp-content\/uploads\/2020\/01\/13124948\/logo-ferrovial-cf7.png","contentUrl":"https:\/\/static.ferrovial.com\/wp-content\/uploads\/2020\/01\/13124948\/logo-ferrovial-cf7.png","width":144,"height":32,"caption":"Ferrovial S.A."},"image":{"@id":"https:\/\/www.ferrovial.com\/es\/#\/schema\/logo\/image\/"},"sameAs":["https:\/\/www.facebook.com\/ferrovial","https:\/\/x.com\/ferrovial","https:\/\/www.instagram.com\/ferrovial\/","https:\/\/www.linkedin.com\/company\/ferrovial","https:\/\/www.pinterest.es\/ferrovial\/","https:\/\/www.youtube.com\/ferrovial","https:\/\/en.wikipedia.org\/wiki\/Ferrovial"]}]}},"_links":{"self":[{"href":"https:\/\/www.ferrovial.com\/es\/wp-json\/wp\/v2\/pages\/277949","targetHints":{"allow":["GET"]}}],"collection":[{"href":"https:\/\/www.ferrovial.com\/es\/wp-json\/wp\/v2\/pages"}],"about":[{"href":"https:\/\/www.ferrovial.com\/es\/wp-json\/wp\/v2\/types\/page"}],"replies":[{"embeddable":true,"href":"https:\/\/www.ferrovial.com\/es\/wp-json\/wp\/v2\/comments?post=277949"}],"version-history":[{"count":2,"href":"https:\/\/www.ferrovial.com\/es\/wp-json\/wp\/v2\/pages\/277949\/revisions"}],"predecessor-version":[{"id":279967,"href":"https:\/\/www.ferrovial.com\/es\/wp-json\/wp\/v2\/pages\/277949\/revisions\/279967"}],"up":[{"embeddable":true,"href":"https:\/\/www.ferrovial.com\/es\/wp-json\/wp\/v2\/pages\/25267"}],"wp:attachment":[{"href":"https:\/\/www.ferrovial.com\/es\/wp-json\/wp\/v2\/media?parent=277949"}],"curies":[{"name":"wp","href":"https:\/\/api.w.org\/{rel}","templated":true}]}}