{"id":277953,"date":"2024-03-15T10:13:26","date_gmt":"2024-03-15T09:13:26","guid":{"rendered":"https:\/\/www.ferrovial.com\/?page_id=277953"},"modified":"2024-09-16T21:39:32","modified_gmt":"2024-09-16T19:39:32","slug":"infraestructura-verde","status":"publish","type":"page","link":"https:\/\/www.ferrovial.com\/es\/recursos\/infraestructura-verde\/","title":{"rendered":"Infraestructura verde"},"content":{"rendered":"    <m-final-content-header >\n            <c-breadcrumb label-text=\"Breadcrumb\" slot=\"breadcrumbs\" type='2' align='left' wrap='wrapped wrapped' aria-label='Vienes de Recursos'>\n                        <ol>\n\n                                                            <li><a href=\"https:\/\/www.ferrovial.com\/es\/\" title=\"Ferrovial\">Ferrovial<\/a><\/li>\n                                                                        <li><a href=\"https:\/\/www.ferrovial.com\/es\/recursos\/\" title=\"Recursos\">Recursos<\/a><\/li>\n                                    \n                <\/ol>\n\n                <\/c-breadcrumb>\n    \n        <div slot=\"header\">\n            <h1>\n                \u00bfQu\u00e9 es infraestructura verde?            <\/h1>\n                    <\/div>\n    <\/m-final-content-header>\n\n    \n\n\n<m-wysiwig class=\"wp-block-components-wysiwyg\"><div slot=\"maincontent\">\n<p><script type=\"application\/ld+json\">\n{\n  \"@context\": \"https:\/\/schema.org\",\n  \"@type\": \"FAQPage\",\n  \"mainEntity\": [{\n    \"@type\": \"Question\",\n    \"name\": \"\u00bfQu\u00e9 es infraestructura verde?\",\n    \"acceptedAnswer\": {\n      \"@type\": \"Answer\",\n      \"text\": \"Es el conjunto de reservas, zonas verdes y elementos naturales dise\u00f1ados y gestionados para ofrecer servicios ambientales a los seres humanos. Los proyectos de infraestructura verde abarcan una visi\u00f3n de gran alcance que procura el desarrollo y mantenimiento de una red interconectada de ecosistemas y su relaci\u00f3n con zonas urbanas y suburbanas. La infraestructura verde tambi\u00e9n se conoce como infraestructura ecol\u00f3gica o infraestructura natural. Todos estos t\u00e9rminos suponen un esqueleto o armaz\u00f3n natural que subyace en toda la actividad humana y que, por tanto, la posibilita.\n\nLos proyectos de infraestructura verde forman parte esencial de las pol\u00edticas de desarrollo y transformaci\u00f3n que se adoptan en la actualidad por los gobiernos del mundo con miras a la construcci\u00f3n de ciudades inteligentes y la transici\u00f3n hacia una econom\u00eda circular y sostenible.\"\n    }\n  },{\n    \"@type\": \"Question\",\n    \"name\": \"\u00bfQu\u00e9 son los servicios ambientales?\",\n    \"acceptedAnswer\": {\n      \"@type\": \"Answer\",\n      \"text\": \"Son todos los beneficios y recursos renovables que suministran las \u00e1reas verdes saludables y biodiversas, como fertilizaci\u00f3n de suelo, polinizaci\u00f3n, control de plagas, regulaci\u00f3n clim\u00e1tica, depuraci\u00f3n de agua, purificaci\u00f3n del aire, protecci\u00f3n contra desastres naturales, etc.\n\nEn las \u00faltimas d\u00e9cadas, el concepto de servicios ambientales (o servicios ecosist\u00e9micos) ha ido ganando mayor notoriedad; por una parte, debido a que los efectos del cambio clim\u00e1tico se hacen m\u00e1s apremiantes; por la otra, porque se ha conseguido calcular y cuantificar en t\u00e9rminos monetarios los copiosos beneficios que aportan los ecosistemas a los asentamientos humanos. Uno de los estudios m\u00e1s significativos en este sentido fue la Evaluaci\u00f3n de los Ecosistemas del Milenio de la Uni\u00f3n Europea (2005), publicado por las Naciones Unidas.\n\nMuchos de los servicios ambientales son indispensables para la vida y no podr\u00edan sustituirse por medios artificiales, ya sea por incapacidad de la tecnolog\u00eda actual o porque el esfuerzo econ\u00f3mico resultar\u00eda sencillamente inviable.\"\n    }\n  },{\n    \"@type\": \"Question\",\n    \"name\": \"\u00bfQu\u00e9 objetivos tienen las infraestructuras verdes?\",\n    \"acceptedAnswer\": {\n      \"@type\": \"Answer\",\n      \"text\": \"Seg\u00fan los define la Agencia Europea de Medio Ambiente, los potenciales beneficios que brinda una infraestructura verde seg\u00fan los principales servicios ambientales son:\n<ul>\n<li>Servicios de abastecimiento:\n<\/li>\n<ul>\n<li>Gesti\u00f3n del agua:<\/li>\n<li>Producci\u00f3n alimentaria y seguridad<\/li>\n<\/ul>\n<li>Servicios de regulaci\u00f3n:\n<\/li>\n<ul>\n<li>Adaptaci\u00f3n del cambio clim\u00e1tico<\/li>\n<li>Mitigaci\u00f3n del cambio clim\u00e1tico<\/li>\n<\/ul>\n<li>Servicios de h\u00e1bitat:\n<\/li>\n<ul>\n<li>Protecci\u00f3n de la biodiversidad y de las especies<\/li>\n<\/ul>\n<li>Servicios culturales:\n<\/li>\n<ul>\n<li>Recreo, bienestar y salud<\/li>\n<li>Valor del suelo<\/li>\n<li>Cultura y sentido de comunidad<\/li>\n<\/ul>\n<\/ul>\"\n    }\n  },{\n    \"@type\": \"Question\",\n    \"name\": \"\u00bfQu\u00e9 elementos conforman una infraestructura verde?\",\n    \"acceptedAnswer\": {\n      \"@type\": \"Answer\",\n      \"text\": \"Los proyectos de infraestructuras verdes promueven la recuperaci\u00f3n de ecosistemas degradados (con especial inter\u00e9s en los humedales, bosques y riberas), la implantaci\u00f3n de tecnolog\u00edas limpias, la creaci\u00f3n y mantenimiento de \u00e1reas verdes en zonas urbanas y suburbanas y la interacci\u00f3n con reservas naturales y \u00e1reas protegidas del impacto antropog\u00e9nico. Algunos ejemplos comunes de los elementos que conforman una infraestructura natural son:\n<ul>\n<li>Bosques urbanos<\/li>\n<li>Construcciones y tecnolog\u00edas de bajo impacto<\/li>\n<li>Jardines bot\u00e1nicos<\/li>\n<li>Humedales artificiales<\/li>\n<li>Corredores ecol\u00f3gicos<\/li>\n<li>Parques<\/li>\n<li>Arbolado urbano<\/li>\n<li>Jardines verticales<\/li>\n<li>Techos verdes<\/li>\n<li>Sistemas de drenaje sostenible<\/li>\n<li>Huertos comunitarios y otras iniciativas de agricultura sostenible<\/li>\n<li>Callejones verdes<\/li>\n<li>Redes de v\u00edas peatonales y ciclistas<\/li>\n<li>Instalaciones de captaci\u00f3n de energ\u00eda renovable<\/li>\n<li>Patios escolares verdes<\/li>\n<li>Espacios recreativos y deportivos naturales<\/li>\n<\/ul>\"\n    }\n  },{\n    \"@type\": \"Question\",\n    \"name\": \"\u00bfEn qu\u00e9 proyectos de infraestructura verde ha participado Ferrovial?\",\n    \"acceptedAnswer\": {\n      \"@type\": \"Answer\",\n      \"text\": \"Por solo mencionar un par, Ferrovial ha participado en la creaci\u00f3n de dos de las infraestructuras verdes ubicadas en Madrid. Estas son o se ya proyectan como elementos ic\u00f3nicos de la ciudad:\n\n<ul>\n<li>Caixa Forum<\/li>\n<li>Edificio de Metro Madrid<\/li>\n<\/ul>\"\n    }\n  }]\n}\n<\/script>\n<p>Es el conjunto de reservas, zonas verdes y elementos naturales dise\u00f1ados y gestionados para ofrecer <strong>servicios ambientales<\/strong> a los seres humanos. Los proyectos de infraestructura verde abarcan una visi\u00f3n de gran alcance que procura el desarrollo y mantenimiento de una <strong>red interconectada de ecosistemas<\/strong> y su relaci\u00f3n con zonas urbanas y suburbanas. La infraestructura verde tambi\u00e9n se conoce como <strong>infraestructura ecol\u00f3gica<\/strong> o <strong>infraestructura natural<\/strong>. Todos estos t\u00e9rminos suponen un esqueleto o armaz\u00f3n natural que subyace en toda la actividad humana y que, por tanto, la posibilita.<\/p><\/p>\n\n\n\n<p>Los proyectos de infraestructura verde forman parte esencial de las <strong>pol\u00edticas de desarrollo y transformaci\u00f3n <\/strong>que se adoptan en la actualidad por los gobiernos del mundo con miras a la construcci\u00f3n de <a href=\"https:\/\/www.ferrovial.com\/es\/recursos\/smart-city\/\">ciudades inteligentes<\/a> y la transici\u00f3n hacia una <a href=\"https:\/\/www.ferrovial.com\/es\/recursos\/economia-circular\/\">econom\u00eda circular<\/a> y <a href=\"https:\/\/www.ferrovial.com\/es-es\/sostenibilidad\/\">sostenible<\/a>.<\/p>\n\n\n\n<h2 class=\"wp-block-heading\"><strong>\u00bfQu\u00e9 son los servicios ambientales?<\/strong><\/h2>\n\n\n\n<p>Son todos los beneficios y recursos renovables que suministran las \u00e1reas verdes saludables y biodiversas, como<strong> fertilizaci\u00f3n de suelo, polinizaci\u00f3n, control de plagas, regulaci\u00f3n clim\u00e1tica, depuraci\u00f3n de agua, purificaci\u00f3n del aire, protecci\u00f3n contra desastres naturales, etc<\/strong>.<\/p>\n\n\n\n<p>En las \u00faltimas d\u00e9cadas, el concepto de servicios ambientales (o <strong>servicios ecosist\u00e9micos<\/strong>) ha ido ganando mayor notoriedad; por una parte, debido a que los efectos del <a href=\"https:\/\/www.ferrovial.com\/es\/recursos\/cambio-climatico\/\">cambio clim\u00e1tico<\/a> se hacen m\u00e1s apremiantes; por la otra, porque se ha conseguido calcular y cuantificar en t\u00e9rminos monetarios los copiosos beneficios que aportan los ecosistemas a los asentamientos humanos. Uno de los estudios m\u00e1s significativos en este sentido fue la Evaluaci\u00f3n de los Ecosistemas del Milenio de la Uni\u00f3n Europea (2005), publicado por las <a href=\"https:\/\/www.ferrovial.com\/es\/recursos\/naciones-unidas\/\">Naciones Unidas<\/a>.<\/p>\n\n\n\n<p>Muchos de los servicios ambientales son indispensables para la vida y no podr\u00edan sustituirse por medios artificiales, ya sea por incapacidad de la tecnolog\u00eda actual o porque el esfuerzo econ\u00f3mico resultar\u00eda sencillamente inviable.<\/p>\n\n\n\n<h2 class=\"wp-block-heading\"><strong>\u00bfQu\u00e9 objetivos tienen las infraestructuras verdes?<\/strong><\/h2>\n\n\n\n<p>Seg\u00fan los define la Agencia Europea de Medio Ambiente, los potenciales beneficios que brinda una infraestructura verde seg\u00fan los principales servicios ambientales son:<\/p>\n\n\n\n<ul class=\"wp-block-list\">\n<li><strong>Servicios de abastecimiento:<\/strong>\n<ul class=\"wp-block-list\">\n<li>Gesti\u00f3n del agua:\n<ul class=\"wp-block-list\">\n<li>Sistemas de drenaje sostenibles y reducci\u00f3n de escorrent\u00edas.<\/li>\n\n\n\n<li>Fomento de la infiltraci\u00f3n de agua.<\/li>\n\n\n\n<li>Depuraci\u00f3n de aguas.<\/li>\n<\/ul>\n<\/li>\n\n\n\n<li>Producci\u00f3n alimentaria y seguridad:\n<ul class=\"wp-block-list\">\n<li>Suministro de alimentos y producci\u00f3n de materias primas.<\/li>\n\n\n\n<li>Mantenimiento de la fertilidad del suelo agr\u00edcola.<\/li>\n\n\n\n<li>Desarrollo del suelo y del ciclo de los nutrientes.<\/li>\n\n\n\n<li>Prevenci\u00f3n de la erosi\u00f3n del suelo.<\/li>\n<\/ul>\n<\/li>\n<\/ul>\n<\/li>\n<\/ul>\n\n\n\n<ul class=\"wp-block-list\">\n<li><strong>Servicios de regulaci\u00f3n:<\/strong>\n<ul class=\"wp-block-list\">\n<li>Adaptaci\u00f3n del cambio clim\u00e1tico:\n<ul class=\"wp-block-list\">\n<li>Mitigaci\u00f3n del efecto isla de calor urbana.<\/li>\n\n\n\n<li>Aumento de la resiliencia de los ecosistemas frente al cambio clim\u00e1tico.<\/li>\n\n\n\n<li>Almacenamiento de agua, disminuci\u00f3n de escorrent\u00eda y reducci\u00f3n del riesgo de inundaci\u00f3n.<\/li>\n<\/ul>\n<\/li>\n\n\n\n<li>Mitigaci\u00f3n del cambio clim\u00e1tico:\n<ul class=\"wp-block-list\">\n<li>Secuestro y almacenamiento de carbono.<\/li>\n\n\n\n<li>Promoci\u00f3n de la <a href=\"https:\/\/www.ferrovial.com\/es\/recursos\/movilidad-sostenible\/\">movilidad sostenible<\/a>.<\/li>\n\n\n\n<li>Reducci\u00f3n del consumo de energ\u00eda para calentar y enfriar edificios.<\/li>\n\n\n\n<li>Fomento de <a href=\"https:\/\/www.ferrovial.com\/es\/recursos\/energias-renovables\/\">energ\u00edas renovables<\/a>.<\/li>\n\n\n\n<li>Disponibilidad de espacios para las energ\u00edas renovables.<\/li>\n<\/ul>\n<\/li>\n<\/ul>\n<\/li>\n<\/ul>\n\n\n\n<ul class=\"wp-block-list\">\n<li><strong>Servicios de h\u00e1bitat:<\/strong>\n<ul class=\"wp-block-list\">\n<li>Protecci\u00f3n de la <a href=\"https:\/\/www.ferrovial.com\/es\/recursos\/biodiversidad\/\">biodiversidad<\/a> y de las especies:\n<ul class=\"wp-block-list\">\n<li>H\u00e1bitats para especies.<\/li>\n\n\n\n<li>Permeabilidad para especies migratorias.<\/li>\n\n\n\n<li>Conectividad entre h\u00e1bitats.<\/li>\n<\/ul>\n<\/li>\n<\/ul>\n<\/li>\n<\/ul>\n\n\n\n<ul class=\"wp-block-list\">\n<li><strong>Servicios culturales:<\/strong>\n<ul class=\"wp-block-list\">\n<li>Recreo, bienestar y salud:\n<ul class=\"wp-block-list\">\n<li>Actividades recreativas.<\/li>\n\n\n\n<li>Apreciaci\u00f3n de la naturaleza y el espacio.<\/li>\n\n\n\n<li>Purificaci\u00f3n del aire.<\/li>\n\n\n\n<li>Turismo y ecoturismo.<\/li>\n<\/ul>\n<\/li>\n\n\n\n<li>Valor del suelo:\n<ul class=\"wp-block-list\">\n<li>Impacto positivo en el suelo y su propiedad.<\/li>\n<\/ul>\n<\/li>\n\n\n\n<li>Cultura y sentido de comunidad:\n<ul class=\"wp-block-list\">\n<li>Identidad local.<\/li>\n\n\n\n<li>Oportunidades para la educaci\u00f3n, la formaci\u00f3n y la interacci\u00f3n social.<\/li>\n\n\n\n<li>Posibilidades para el turismo.<\/li>\n<\/ul>\n<\/li>\n<\/ul>\n<\/li>\n<\/ul>\n\n\n\n<h2 class=\"wp-block-heading\"><strong>\u00bfQu\u00e9 elementos conforman una infraestructura verde?<\/strong><\/h2>\n\n\n\n<p>Los proyectos de infraestructuras verdes promueven la <strong>recuperaci\u00f3n de ecosistemas degradados <\/strong>(con especial inter\u00e9s en los humedales, bosques y riberas), la <strong>implantaci\u00f3n de tecnolog\u00edas limpias<\/strong>, la <strong>creaci\u00f3n y mantenimiento de \u00e1reas verdes en zonas urbanas y suburbanas <\/strong>y la <strong>interacci\u00f3n con reservas naturales y \u00e1reas protegidas <\/strong>del impacto antropog\u00e9nico. Algunos ejemplos comunes de los elementos que conforman una infraestructura natural son:<\/p>\n\n\n\n<ul class=\"wp-block-list\">\n<li>Bosques urbanos.<\/li>\n\n\n\n<li>Construcciones y tecnolog\u00edas de bajo impacto.<\/li>\n\n\n\n<li>Jardines bot\u00e1nicos.<\/li>\n\n\n\n<li>Humedales artificiales.<\/li>\n\n\n\n<li>Corredores ecol\u00f3gicos.<\/li>\n\n\n\n<li>Parques.<\/li>\n\n\n\n<li>Arbolado urbano.<\/li>\n\n\n\n<li><a href=\"https:\/\/www.ferrovial.com\/blog\/es\/2017\/02\/beneficios-de-los-jardines-verticales\/\">Jardines verticales<\/a>.<\/li>\n\n\n\n<li>Techos verdes.<\/li>\n\n\n\n<li>Sistemas de drenaje sostenible.<\/li>\n\n\n\n<li>Huertos comunitarios y otras iniciativas de agricultura sostenible.<\/li>\n\n\n\n<li>Callejones verdes.<\/li>\n\n\n\n<li>Redes de v\u00edas peatonales y ciclistas.<\/li>\n\n\n\n<li>Instalaciones de captaci\u00f3n de energ\u00eda renovable.<\/li>\n\n\n\n<li>Patios escolares verdes.<\/li>\n\n\n\n<li>Espacios recreativos y deportivos naturales.<\/li>\n<\/ul>\n\n\n\n<p>Cada territorio y cada asentamiento ofrece configuraciones muy particulares con ventajas y dificultades para la construcci\u00f3n de infraestructuras verdes. En la actualidad existen muchos recursos que se pueden aplicar en estos proyectos, y se espera que en el futuro sigan desarroll\u00e1ndose y haci\u00e9ndose m\u00e1s accesibles los elementos que conforman las infraestructuras ecol\u00f3gicas.<\/p>\n\n\n\n<h2 class=\"wp-block-heading\"><strong>\u00bfEn qu\u00e9 proyectos de infraestructura verde ha participado Ferrovial?<\/strong><\/h2>\n\n\n\n<p>Por solo mencionar un par, Ferrovial ha participado en la creaci\u00f3n de dos de las infraestructuras verdes ubicadas en Madrid. Estas son o se ya proyectan como elementos ic\u00f3nicos de la ciudad:<\/p>\n\n\n\n<ul class=\"wp-block-list\">\n<li><a href=\"https:\/\/www.ferrovial.com\/es-es\/negocio\/proyectos\/caixaforum-madrid\/\"><strong>Caixa Forum<\/strong><\/a><strong>:<\/strong> implic\u00f3 la transformaci\u00f3n de una antigua central el\u00e9ctrica en un centro cultural que alberga salas de exposiciones, eventos y distintos espacios de ocio e intercambio. El elemento m\u00e1s reconocible y evidente del edificio es su <a href=\"https:\/\/www.ferrovial.com\/blog\/es\/2017\/02\/beneficios-de-los-jardines-verticales\/\">jard\u00edn vertical<\/a>, proyectado por el bot\u00e1nico franc\u00e9s Patrick Blanc. Se trata del primer jard\u00edn vertical del pa\u00eds; se extiende por una superficie de 460 m<sup>2<\/sup>, en las que habitan m\u00e1s de quince mil plantas, de 250 especies distintas, sin necesidad de sustrato. El jard\u00edn se ha convertido en uno de los puntos m\u00e1s reconocibles y visitados de la capital.<\/li>\n\n\n\n<li><a href=\"https:\/\/www.ferrovial.com\/blog\/es\/2021\/04\/historia-de-un-edificio-verde-entender-aprender-y-certificar\/\"><strong>Edificio de Metro Madrid<\/strong><\/a><strong>: <\/strong>en este caso, se trata del dise\u00f1o y ejecuci\u00f3n de un edificio que busca ser hermoso, funcional y sostenible a partes iguales:\n<ul class=\"wp-block-list\">\n<li>Todos los elementos de la estructura son enteramente funcionales.<\/li>\n\n\n\n<li>Los materiales de construcci\u00f3n seleccionados favorecen la creaci\u00f3n de espacios di\u00e1fanos, libres de barreras visuales y estructurales.<\/li>\n\n\n\n<li>La configuraci\u00f3n de los espacios seg\u00fan los criterios de <em>open space<\/em> favorece el trabajo colaborativo.<\/li>\n\n\n\n<li>La <a href=\"https:\/\/www.ferrovial.com\/es-es\/f-construccion\/que-hacemos\/energy-solutions\/eficiencia-energetica\/\">eficiencia energ\u00e9tica<\/a> se logra gracias a la creaci\u00f3n de pozos que permiten aprovechar la energ\u00eda geot\u00e9rmica, la instalaci\u00f3n de vidrios bajo emisivos, las cubiertas ajardinadas y el uso de <a href=\"https:\/\/www.ferrovial.com\/es\/recursos\/sistema-de-paneles-solares\/\">paneles fotovoltaicos<\/a>.<\/li>\n<\/ul>\n<\/li>\n<\/ul>\n\n\n\n<p>El edificio es candidato para obtener la m\u00e1xima <strong>Certificaci\u00f3n Verde <\/strong>otorgada por el Green Building Council Espa\u00f1a.<\/p>\n<\/div><\/m-wysiwig>\n","protected":false},"excerpt":{"rendered":"","protected":false},"featured_media":0,"parent":25267,"menu_order":0,"comment_status":"closed","ping_status":"closed","template":"","meta":{"_acf_changed":false,"footnotes":""},"class_list":["post-277953","page","type-page","status-publish","hentry"],"acf":[],"yoast_head":"<!-- This site is optimized with the Yoast SEO plugin v27.2 - https:\/\/yoast.com\/product\/yoast-seo-wordpress\/ -->\n<title>Infraestructura verde, qu\u00e9 es, objetivos, elementos y proyectos - Ferrovial<\/title>\n<meta name=\"description\" content=\"La infraestructura verde tambi\u00e9n se conoce como infraestructura ecol\u00f3gica o infraestructura natural. Todos estos t\u00e9rminos suponen un esqueleto o armaz\u00f3n natural que subyace en toda la actividad humana y que, por tanto, la posibilita.\" \/>\n<meta name=\"robots\" content=\"index, follow, max-snippet:-1, max-image-preview:large, max-video-preview:-1\" \/>\n<link rel=\"canonical\" href=\"https:\/\/www.ferrovial.com\/es\/recursos\/infraestructura-verde\/\" \/>\n<meta property=\"og:locale\" content=\"es_ES\" \/>\n<meta property=\"og:type\" content=\"article\" \/>\n<meta property=\"og:title\" content=\"Infraestructura verde, qu\u00e9 es, objetivos, elementos y proyectos - Ferrovial\" \/>\n<meta property=\"og:description\" content=\"La infraestructura verde tambi\u00e9n se conoce como infraestructura ecol\u00f3gica o infraestructura natural. Todos estos t\u00e9rminos suponen un esqueleto o armaz\u00f3n natural que subyace en toda la actividad humana y que, por tanto, la posibilita.\" \/>\n<meta property=\"og:url\" content=\"https:\/\/www.ferrovial.com\/es\/recursos\/infraestructura-verde\/\" \/>\n<meta property=\"og:site_name\" content=\"Ferrovial\" \/>\n<meta property=\"article:publisher\" content=\"https:\/\/www.facebook.com\/ferrovial\" \/>\n<meta property=\"article:modified_time\" content=\"2024-09-16T19:39:32+00:00\" \/>\n<meta name=\"twitter:card\" content=\"summary_large_image\" \/>\n<meta name=\"twitter:site\" content=\"@ferrovial\" \/>\n<meta name=\"twitter:label1\" content=\"Est. reading time\" \/>\n\t<meta name=\"twitter:data1\" content=\"5 minutos\" \/>\n<!-- \/ Yoast SEO plugin. -->","yoast_head_json":{"title":"Infraestructura verde, qu\u00e9 es, objetivos, elementos y proyectos - Ferrovial","description":"La infraestructura verde tambi\u00e9n se conoce como infraestructura ecol\u00f3gica o infraestructura natural. Todos estos t\u00e9rminos suponen un esqueleto o armaz\u00f3n natural que subyace en toda la actividad humana y que, por tanto, la posibilita.","robots":{"index":"index","follow":"follow","max-snippet":"max-snippet:-1","max-image-preview":"max-image-preview:large","max-video-preview":"max-video-preview:-1"},"canonical":"https:\/\/www.ferrovial.com\/es\/recursos\/infraestructura-verde\/","og_locale":"es_ES","og_type":"article","og_title":"Infraestructura verde, qu\u00e9 es, objetivos, elementos y proyectos - Ferrovial","og_description":"La infraestructura verde tambi\u00e9n se conoce como infraestructura ecol\u00f3gica o infraestructura natural. Todos estos t\u00e9rminos suponen un esqueleto o armaz\u00f3n natural que subyace en toda la actividad humana y que, por tanto, la posibilita.","og_url":"https:\/\/www.ferrovial.com\/es\/recursos\/infraestructura-verde\/","og_site_name":"Ferrovial","article_publisher":"https:\/\/www.facebook.com\/ferrovial","article_modified_time":"2024-09-16T19:39:32+00:00","twitter_card":"summary_large_image","twitter_site":"@ferrovial","twitter_misc":{"Est. reading time":"5 minutos"},"schema":{"@context":"https:\/\/schema.org","@graph":[{"@type":"WebPage","@id":"https:\/\/www.ferrovial.com\/es\/recursos\/infraestructura-verde\/","url":"https:\/\/www.ferrovial.com\/es\/recursos\/infraestructura-verde\/","name":"Infraestructura verde, qu\u00e9 es, objetivos, elementos y proyectos - Ferrovial","isPartOf":{"@id":"https:\/\/www.ferrovial.com\/es\/#website"},"datePublished":"2024-03-15T09:13:26+00:00","dateModified":"2024-09-16T19:39:32+00:00","description":"La infraestructura verde tambi\u00e9n se conoce como infraestructura ecol\u00f3gica o infraestructura natural. Todos estos t\u00e9rminos suponen un esqueleto o armaz\u00f3n natural que subyace en toda la actividad humana y que, por tanto, la posibilita.","breadcrumb":{"@id":"https:\/\/www.ferrovial.com\/es\/recursos\/infraestructura-verde\/#breadcrumb"},"inLanguage":"es","potentialAction":[{"@type":"ReadAction","target":["https:\/\/www.ferrovial.com\/es\/recursos\/infraestructura-verde\/"]}]},{"@type":"BreadcrumbList","@id":"https:\/\/www.ferrovial.com\/es\/recursos\/infraestructura-verde\/#breadcrumb","itemListElement":[{"@type":"ListItem","position":1,"name":"Portada","item":"https:\/\/www.ferrovial.com\/es\/"},{"@type":"ListItem","position":2,"name":"Recursos","item":"https:\/\/www.ferrovial.com\/es\/recursos\/"},{"@type":"ListItem","position":3,"name":"Infraestructura verde"}]},{"@type":"WebSite","@id":"https:\/\/www.ferrovial.com\/es\/#website","url":"https:\/\/www.ferrovial.com\/es\/","name":"Ferrovial","description":"Welcome to the Ferrovial&#039;s website, global operator of sustainable infrastructure. Here you can find all the information about the company and subsidiaries.","publisher":{"@id":"https:\/\/www.ferrovial.com\/es\/#organization"},"potentialAction":[{"@type":"SearchAction","target":{"@type":"EntryPoint","urlTemplate":"https:\/\/www.ferrovial.com\/es\/?s={search_term_string}"},"query-input":{"@type":"PropertyValueSpecification","valueRequired":true,"valueName":"search_term_string"}}],"inLanguage":"es"},{"@type":"Organization","@id":"https:\/\/www.ferrovial.com\/es\/#organization","name":"Ferrovial S.A.","url":"https:\/\/www.ferrovial.com\/es\/","logo":{"@type":"ImageObject","inLanguage":"es","@id":"https:\/\/www.ferrovial.com\/es\/#\/schema\/logo\/image\/","url":"https:\/\/static.ferrovial.com\/wp-content\/uploads\/2020\/01\/13124948\/logo-ferrovial-cf7.png","contentUrl":"https:\/\/static.ferrovial.com\/wp-content\/uploads\/2020\/01\/13124948\/logo-ferrovial-cf7.png","width":144,"height":32,"caption":"Ferrovial S.A."},"image":{"@id":"https:\/\/www.ferrovial.com\/es\/#\/schema\/logo\/image\/"},"sameAs":["https:\/\/www.facebook.com\/ferrovial","https:\/\/x.com\/ferrovial","https:\/\/www.instagram.com\/ferrovial\/","https:\/\/www.linkedin.com\/company\/ferrovial","https:\/\/www.pinterest.es\/ferrovial\/","https:\/\/www.youtube.com\/ferrovial","https:\/\/en.wikipedia.org\/wiki\/Ferrovial"]}]}},"_links":{"self":[{"href":"https:\/\/www.ferrovial.com\/es\/wp-json\/wp\/v2\/pages\/277953","targetHints":{"allow":["GET"]}}],"collection":[{"href":"https:\/\/www.ferrovial.com\/es\/wp-json\/wp\/v2\/pages"}],"about":[{"href":"https:\/\/www.ferrovial.com\/es\/wp-json\/wp\/v2\/types\/page"}],"replies":[{"embeddable":true,"href":"https:\/\/www.ferrovial.com\/es\/wp-json\/wp\/v2\/comments?post=277953"}],"version-history":[{"count":3,"href":"https:\/\/www.ferrovial.com\/es\/wp-json\/wp\/v2\/pages\/277953\/revisions"}],"predecessor-version":[{"id":288252,"href":"https:\/\/www.ferrovial.com\/es\/wp-json\/wp\/v2\/pages\/277953\/revisions\/288252"}],"up":[{"embeddable":true,"href":"https:\/\/www.ferrovial.com\/es\/wp-json\/wp\/v2\/pages\/25267"}],"wp:attachment":[{"href":"https:\/\/www.ferrovial.com\/es\/wp-json\/wp\/v2\/media?parent=277953"}],"curies":[{"name":"wp","href":"https:\/\/api.w.org\/{rel}","templated":true}]}}