{"id":277960,"date":"2024-03-15T10:21:56","date_gmt":"2024-03-15T09:21:56","guid":{"rendered":"https:\/\/www.ferrovial.com\/?page_id=277960"},"modified":"2024-05-16T12:59:24","modified_gmt":"2024-05-16T10:59:24","slug":"gestion-ambiental","status":"publish","type":"page","link":"https:\/\/www.ferrovial.com\/es\/recursos\/gestion-ambiental\/","title":{"rendered":"Gesti\u00f3n ambiental"},"content":{"rendered":"    <m-final-content-header >\n            <c-breadcrumb label-text=\"Breadcrumb\" slot=\"breadcrumbs\" type='2' align='left' wrap='wrapped wrapped' aria-label='Vienes de Recursos'>\n                        <ol>\n\n                                                            <li><a href=\"https:\/\/www.ferrovial.com\/es\/\" title=\"Ferrovial\">Ferrovial<\/a><\/li>\n                                                                        <li><a href=\"https:\/\/www.ferrovial.com\/es\/recursos\/\" title=\"Recursos\">Recursos<\/a><\/li>\n                                    \n                <\/ol>\n\n                <\/c-breadcrumb>\n    \n        <div slot=\"header\">\n            <h1>\n                \u00bfQu\u00e9 es la gesti\u00f3n ambiental?            <\/h1>\n                    <\/div>\n    <\/m-final-content-header>\n\n    \n\n\n<m-wysiwig class=\"wp-block-components-wysiwyg\"><div slot=\"maincontent\">\n<script type=\"application\/ld+json\">\n{\n  \"@context\": \"https:\/\/schema.org\",\n  \"@type\": \"FAQPage\",\n  \"mainEntity\": [{\n    \"@type\": \"Question\",\n    \"name\": \"\u00bfQu\u00e9 es la gesti\u00f3n ambiental?\",\n    \"acceptedAnswer\": {\n      \"@type\": \"Answer\",\n      \"text\": \"La gesti\u00f3n o administraci\u00f3n ambiental \u2014tambi\u00e9n conocida como environmental stewardship, en ingl\u00e9s\u2014 es el conjunto de pr\u00e1cticas destinadas a la protecci\u00f3n del medio ambiente. Abarca los esfuerzos de prevenci\u00f3n, administraci\u00f3n y recuperaci\u00f3n con miras a preservar el entorno natural y sus recursos con pr\u00e1cticas sostenibles.\"\n    }\n  },{\n    \"@type\": \"Question\",\n    \"name\": \"\u00bfCu\u00e1les son los principios de la gesti\u00f3n ambiental?\",\n    \"acceptedAnswer\": {\n      \"@type\": \"Answer\",\n      \"text\": \"Los principios fundamentales que fijan los objetivos y gu\u00edan las acciones de la gesti\u00f3n ambiental son:\n<ul>\n<li>Responsabilidad, por parte de individuos y gobiernos, de preservar el medio ambiente para las generaciones futuras. \n<\/li>\n<li>Conservaci\u00f3n de los recursos naturales, como el agua, el suelo, etc.\n<\/li>\n<li>Sostenibilidad en las pr\u00e1cticas de satisfacci\u00f3n de las necesidades actuales para no comprometer la posibilidad de que las generaciones futuras puedan tambi\u00e9n satisfacer las suyas.\n<\/li>\n<li>Minimizaci\u00f3n del impacto de las acciones humanas en el medio ambiente, incluyendo la contaminaci\u00f3n y el deterioro de los ecosistemas.\n<\/li>\n<li>Educaci\u00f3n y concienciaci\u00f3n sobre la importancia de la gesti\u00f3n ambiental. Tambi\u00e9n conocida como environmental literacy (alfabetizaci\u00f3n ambiental, o educaci\u00f3n ambiental), busca difundir informaci\u00f3n sobre la interdependencia de los ecosistemas para crear conciencia sobre la importancia de su preservaci\u00f3n.\n<\/li>\n<\/ul>\"\n    }\n  },{\n    \"@type\": \"Question\",\n    \"name\": \"\u00bfCu\u00e1les son las principales pr\u00e1cticas de gesti\u00f3n ambiental?\",\n    \"acceptedAnswer\": {\n      \"@type\": \"Answer\",\n      \"text\": \"Algunas de las pr\u00e1cticas m\u00e1s difundidas de gesti\u00f3n ambiental son:\n<ul>\n<li>Reducci\u00f3n y reciclaje de residuos<\/li>\n<li>Conservaci\u00f3n y producci\u00f3n de energ\u00eda<\/li>\n<li>Restauraci\u00f3n de los ecosistemas<\/li>\n<li>Gesti\u00f3n del agua<\/li>\n<li>Legislaci\u00f3n y regulaci\u00f3n ambiental<\/li>\n<\/ul>\"\n    }\n  },{\n    \"@type\": \"Question\",\n    \"name\": \"\u00bfQu\u00e9 tipos de actores participan en la gesti\u00f3n ambiental?\",\n    \"acceptedAnswer\": {\n      \"@type\": \"Answer\",\n      \"text\": \"Independientemente de su categor\u00eda (civil o gubernamental, p\u00fablica o privada, etc.), los actores que toman parte de la gesti\u00f3n ambiental se pueden dividir en tres tipos, generalmente clasificados por sus nombres en ingl\u00e9s:\n<ul>\n<li>Doers, o hacedores<\/li>\n<li>Donors, o donantes<\/li>\n<li>Practitioners, o practicantes<\/li>\n<\/ul>\"\n    }\n  },{\n    \"@type\": \"Question\",\n    \"name\": \"\u00bfPor qu\u00e9 es importante la gesti\u00f3n ambiental?\",\n    \"acceptedAnswer\": {\n      \"@type\": \"Answer\",\n      \"text\": \"La gesti\u00f3n ambiental es indispensable para un uso m\u00e1s consciente, racional y sostenible de los recursos naturales disponibles para la vida humana en la Tierra, as\u00ed como para la preservaci\u00f3n de los ecosistemas naturales y las otras formas de vida con las que coexistimos.\n\nMantener el equilibro de los ecosistemas, preservar la biodiversidad y mitigar el cambio clim\u00e1tico son necesidades urgentes para el planeta, y solo pueden lograrse a trav\u00e9s de una correcta gesti\u00f3n ambiental. Este conjunto de pr\u00e1cticas se revela fundamental para la ejecuci\u00f3n de la Estrategia de Sostenibilidad 2030.\"\n    }\n  }]\n}\n<\/script>\n<p>La gesti\u00f3n o administraci\u00f3n ambiental \u2014tambi\u00e9n conocida como <em>environmental stewardship<\/em>, en ingl\u00e9s\u2014 es el <strong>conjunto de pr\u00e1cticas destinadas a la protecci\u00f3n del medio ambiente<\/strong>. Abarca los esfuerzos de prevenci\u00f3n, administraci\u00f3n y recuperaci\u00f3n con miras a preservar el entorno natural y sus recursos con <a href=\"https:\/\/www.ferrovial.com\/es-es\/sostenibilidad\/\">pr\u00e1cticas sostenibles<\/a>.<\/p>\n\n\n\n<p>La gesti\u00f3n ambiental puede partir de entes gubernamentales, empresas, organizaciones sin fines de lucro (<a href=\"https:\/\/www.ferrovial.com\/es\/recursos\/ong\/\">ONG<\/a>) u otras redes colectivas, pero tambi\u00e9n de individuos y peque\u00f1as organizaciones independientes.<\/p>\n\n\n\n<h2 class=\"wp-block-heading\"><strong>\u00bfCu\u00e1les son los principios de la gesti\u00f3n ambiental?<\/strong><\/h2>\n\n\n\n<p>Los principios fundamentales que fijan los objetivos y gu\u00edan las acciones de la gesti\u00f3n ambiental son:<\/p>\n\n\n\n<ul class=\"wp-block-list\">\n<li><strong>Responsabilidad<\/strong>, por parte de individuos y gobiernos, de preservar el medio ambiente para las generaciones futuras.&nbsp;<\/li>\n\n\n\n<li><strong>Conservaci\u00f3n de los recursos naturales<\/strong>, como el agua, el suelo, etc.<\/li>\n\n\n\n<li>Sostenibilidad en las pr\u00e1cticas de satisfacci\u00f3n de las necesidades actuales para no comprometer la posibilidad de que las generaciones futuras puedan tambi\u00e9n satisfacer las suyas.<\/li>\n\n\n\n<li><strong>Minimizaci\u00f3n del impacto <\/strong>de las acciones humanas en el medio ambiente, incluyendo la contaminaci\u00f3n y el deterioro de los ecosistemas.<\/li>\n\n\n\n<li><strong>Educaci\u00f3n y concienciaci\u00f3n <\/strong>sobre la importancia de la gesti\u00f3n ambiental. Tambi\u00e9n conocida como <em>environmental literacy <\/em>(alfabetizaci\u00f3n ambiental, o educaci\u00f3n ambiental), busca difundir informaci\u00f3n sobre la interdependencia de los ecosistemas para crear conciencia sobre la importancia de su preservaci\u00f3n.<\/li>\n<\/ul>\n\n\n\n<h2 class=\"wp-block-heading\"><strong>\u00bfCu\u00e1les son las principales pr\u00e1cticas de gesti\u00f3n ambiental?<\/strong><\/h2>\n\n\n\n<p>Algunas de las pr\u00e1cticas m\u00e1s difundidas de gesti\u00f3n ambiental son:<\/p>\n\n\n\n<ul class=\"wp-block-list\">\n<li><strong>Reducci\u00f3n y reciclaje de residuos: <\/strong>buscar disminuir la generaci\u00f3n de residuos, que generan contaminaci\u00f3n, as\u00ed como la extracci\u00f3n de recursos naturales.<\/li>\n\n\n\n<li><strong>Conservaci\u00f3n y producci\u00f3n de energ\u00eda:<\/strong> orientada a disminuir el consumo superfluo de energ\u00eda, as\u00ed como cambiar de fuentes energ\u00e9ticas que contribuyen al efecto invernadero a fuentes de energ\u00eda renovable y limpia.<\/li>\n\n\n\n<li><strong>Restauraci\u00f3n de los ecosistemas: <\/strong>busca revertir el impacto de la actividad humana sobre los ecosistemas degradados y recuperar en ellos la biodiversidad.<\/li>\n\n\n\n<li><strong>Gesti\u00f3n del agua: <\/strong>destinada a utilizar de manera consciente y sostenible el <a href=\"https:\/\/www.ferrovial.com\/es\/recursos\/agua\/\">agua<\/a> dulce disponible en nuestro planeta, as\u00ed como a proteger y preservar las fuentes de ella.<\/li>\n\n\n\n<li><strong>Legislaci\u00f3n y regulaci\u00f3n ambiental: <\/strong>estimula la promulgaci\u00f3n de leyes y alianzas internacionales para establecer est\u00e1ndares regulatorios y responsabilidades espec\u00edficas en materia de conservaci\u00f3n ambiental.<\/li>\n<\/ul>\n\n\n\n<h2 class=\"wp-block-heading\"><strong>\u00bfQu\u00e9 tipos de actores participan en la gesti\u00f3n ambiental?<\/strong><\/h2>\n\n\n\n<p>Independientemente de su categor\u00eda (civil o gubernamental, p\u00fablica o privada, etc.), los actores que toman parte de la gesti\u00f3n ambiental se pueden dividir en tres tipos, generalmente clasificados por sus nombres en ingl\u00e9s:<\/p>\n\n\n\n<ul class=\"wp-block-list\">\n<li><strong><em>Doers<\/em><\/strong><strong>, o hacedores: <\/strong>son las personas o entidades que ejecutan en la pr\u00e1ctica acciones concretas de protecci\u00f3n o recuperaci\u00f3n del medio ambiente. Los <em>doers<\/em> participan de manera puntual o peri\u00f3dica en la gesti\u00f3n ambiental.<\/li>\n\n\n\n<li><strong><em>Donors<\/em><\/strong><strong>, o donantes: <\/strong>contribuyen de forma econ\u00f3mica a las causas de gesti\u00f3n ambiental. Esto puede ser a trav\u00e9s de donaciones de materiales y equipos o mediante contribuciones econ\u00f3micas.<\/li>\n\n\n\n<li><strong><em>Practitioners<\/em><\/strong><strong>, o practicantes:<\/strong> son quienes se dedican profesionalmente y de forma continua a la gesti\u00f3n ambiental. Pueden tener los m\u00e1s variados perfiles profesionales y ocupar distintos roles.<\/li>\n<\/ul>\n\n\n\n<h2 class=\"wp-block-heading\"><strong>\u00bfPor qu\u00e9 es importante la gesti\u00f3n ambiental?<\/strong><\/h2>\n\n\n\n<p>La gesti\u00f3n ambiental es indispensable para un uso m\u00e1s consciente, racional y sostenible de los recursos naturales disponibles para la vida humana en la Tierra, as\u00ed como para la preservaci\u00f3n de los ecosistemas naturales y las otras formas de vida con las que coexistimos.<\/p>\n\n\n\n<p>Mantener el equilibro de los ecosistemas, preservar la <a href=\"https:\/\/www.ferrovial.com\/es\/recursos\/biodiversidad\/\">biodiversidad<\/a> y mitigar el <a href=\"https:\/\/www.ferrovial.com\/es\/recursos\/cambio-climatico\/\">cambio clim\u00e1tico<\/a> son necesidades urgentes para el planeta, y solo pueden lograrse a trav\u00e9s de una correcta gesti\u00f3n ambiental. Este conjunto de pr\u00e1cticas se revela fundamental para la ejecuci\u00f3n de la <a href=\"https:\/\/www.ferrovial.com\/es-es\/sostenibilidad\/rsc\/plan\/#:~:text=Capital%20Natural%3A%20favorecer%20la%20conservaci%C3%B3n,priorizando%20su%20valorizaci%C3%B3n%20como%20recursos.\">Estrategia de Sostenibilidad 2030<\/a>.<\/p>\n<\/div><\/m-wysiwig>\n","protected":false},"excerpt":{"rendered":"","protected":false},"featured_media":0,"parent":25267,"menu_order":0,"comment_status":"closed","ping_status":"closed","template":"","meta":{"_acf_changed":false,"footnotes":""},"class_list":["post-277960","page","type-page","status-publish","hentry"],"acf":[],"yoast_head":"<!-- This site is optimized with the Yoast SEO plugin v27.2 - https:\/\/yoast.com\/product\/yoast-seo-wordpress\/ -->\n<title>Gesti\u00f3n ambiental, qu\u00e9 es, principios, pr\u00e1cticas principales - Ferrovial<\/title>\n<meta name=\"description\" content=\"La gesti\u00f3n o administraci\u00f3n ambiental es el conjunto de pr\u00e1cticas destinadas a la protecci\u00f3n del medio ambiente. Abarca los esfuerzos de prevenci\u00f3n, administraci\u00f3n y recuperaci\u00f3n con miras a preservar el entorno natural y sus recursos con pr\u00e1cticas sostenibles.\" \/>\n<meta name=\"robots\" content=\"index, follow, max-snippet:-1, max-image-preview:large, max-video-preview:-1\" \/>\n<link rel=\"canonical\" href=\"https:\/\/www.ferrovial.com\/es\/recursos\/gestion-ambiental\/\" \/>\n<meta property=\"og:locale\" content=\"es_ES\" \/>\n<meta property=\"og:type\" content=\"article\" \/>\n<meta property=\"og:title\" content=\"Gesti\u00f3n ambiental, qu\u00e9 es, principios, pr\u00e1cticas principales - Ferrovial\" \/>\n<meta property=\"og:description\" content=\"La gesti\u00f3n o administraci\u00f3n ambiental es el conjunto de pr\u00e1cticas destinadas a la protecci\u00f3n del medio ambiente. Abarca los esfuerzos de prevenci\u00f3n, administraci\u00f3n y recuperaci\u00f3n con miras a preservar el entorno natural y sus recursos con pr\u00e1cticas sostenibles.\" \/>\n<meta property=\"og:url\" content=\"https:\/\/www.ferrovial.com\/es\/recursos\/gestion-ambiental\/\" \/>\n<meta property=\"og:site_name\" content=\"Ferrovial\" \/>\n<meta property=\"article:publisher\" content=\"https:\/\/www.facebook.com\/ferrovial\" \/>\n<meta property=\"article:modified_time\" content=\"2024-05-16T10:59:24+00:00\" \/>\n<meta name=\"twitter:card\" content=\"summary_large_image\" \/>\n<meta name=\"twitter:site\" content=\"@ferrovial\" \/>\n<meta name=\"twitter:label1\" content=\"Est. reading time\" \/>\n\t<meta name=\"twitter:data1\" content=\"3 minutos\" \/>\n<!-- \/ Yoast SEO plugin. -->","yoast_head_json":{"title":"Gesti\u00f3n ambiental, qu\u00e9 es, principios, pr\u00e1cticas principales - Ferrovial","description":"La gesti\u00f3n o administraci\u00f3n ambiental es el conjunto de pr\u00e1cticas destinadas a la protecci\u00f3n del medio ambiente. Abarca los esfuerzos de prevenci\u00f3n, administraci\u00f3n y recuperaci\u00f3n con miras a preservar el entorno natural y sus recursos con pr\u00e1cticas sostenibles.","robots":{"index":"index","follow":"follow","max-snippet":"max-snippet:-1","max-image-preview":"max-image-preview:large","max-video-preview":"max-video-preview:-1"},"canonical":"https:\/\/www.ferrovial.com\/es\/recursos\/gestion-ambiental\/","og_locale":"es_ES","og_type":"article","og_title":"Gesti\u00f3n ambiental, qu\u00e9 es, principios, pr\u00e1cticas principales - Ferrovial","og_description":"La gesti\u00f3n o administraci\u00f3n ambiental es el conjunto de pr\u00e1cticas destinadas a la protecci\u00f3n del medio ambiente. Abarca los esfuerzos de prevenci\u00f3n, administraci\u00f3n y recuperaci\u00f3n con miras a preservar el entorno natural y sus recursos con pr\u00e1cticas sostenibles.","og_url":"https:\/\/www.ferrovial.com\/es\/recursos\/gestion-ambiental\/","og_site_name":"Ferrovial","article_publisher":"https:\/\/www.facebook.com\/ferrovial","article_modified_time":"2024-05-16T10:59:24+00:00","twitter_card":"summary_large_image","twitter_site":"@ferrovial","twitter_misc":{"Est. reading time":"3 minutos"},"schema":{"@context":"https:\/\/schema.org","@graph":[{"@type":"WebPage","@id":"https:\/\/www.ferrovial.com\/es\/recursos\/gestion-ambiental\/","url":"https:\/\/www.ferrovial.com\/es\/recursos\/gestion-ambiental\/","name":"Gesti\u00f3n ambiental, qu\u00e9 es, principios, pr\u00e1cticas principales - Ferrovial","isPartOf":{"@id":"https:\/\/www.ferrovial.com\/es\/#website"},"datePublished":"2024-03-15T09:21:56+00:00","dateModified":"2024-05-16T10:59:24+00:00","description":"La gesti\u00f3n o administraci\u00f3n ambiental es el conjunto de pr\u00e1cticas destinadas a la protecci\u00f3n del medio ambiente. Abarca los esfuerzos de prevenci\u00f3n, administraci\u00f3n y recuperaci\u00f3n con miras a preservar el entorno natural y sus recursos con pr\u00e1cticas sostenibles.","breadcrumb":{"@id":"https:\/\/www.ferrovial.com\/es\/recursos\/gestion-ambiental\/#breadcrumb"},"inLanguage":"es","potentialAction":[{"@type":"ReadAction","target":["https:\/\/www.ferrovial.com\/es\/recursos\/gestion-ambiental\/"]}]},{"@type":"BreadcrumbList","@id":"https:\/\/www.ferrovial.com\/es\/recursos\/gestion-ambiental\/#breadcrumb","itemListElement":[{"@type":"ListItem","position":1,"name":"Portada","item":"https:\/\/www.ferrovial.com\/es\/"},{"@type":"ListItem","position":2,"name":"Recursos","item":"https:\/\/www.ferrovial.com\/es\/recursos\/"},{"@type":"ListItem","position":3,"name":"Gesti\u00f3n ambiental"}]},{"@type":"WebSite","@id":"https:\/\/www.ferrovial.com\/es\/#website","url":"https:\/\/www.ferrovial.com\/es\/","name":"Ferrovial","description":"Welcome to the Ferrovial&#039;s website, global operator of sustainable infrastructure. Here you can find all the information about the company and subsidiaries.","publisher":{"@id":"https:\/\/www.ferrovial.com\/es\/#organization"},"potentialAction":[{"@type":"SearchAction","target":{"@type":"EntryPoint","urlTemplate":"https:\/\/www.ferrovial.com\/es\/?s={search_term_string}"},"query-input":{"@type":"PropertyValueSpecification","valueRequired":true,"valueName":"search_term_string"}}],"inLanguage":"es"},{"@type":"Organization","@id":"https:\/\/www.ferrovial.com\/es\/#organization","name":"Ferrovial S.A.","url":"https:\/\/www.ferrovial.com\/es\/","logo":{"@type":"ImageObject","inLanguage":"es","@id":"https:\/\/www.ferrovial.com\/es\/#\/schema\/logo\/image\/","url":"https:\/\/static.ferrovial.com\/wp-content\/uploads\/2020\/01\/13124948\/logo-ferrovial-cf7.png","contentUrl":"https:\/\/static.ferrovial.com\/wp-content\/uploads\/2020\/01\/13124948\/logo-ferrovial-cf7.png","width":144,"height":32,"caption":"Ferrovial S.A."},"image":{"@id":"https:\/\/www.ferrovial.com\/es\/#\/schema\/logo\/image\/"},"sameAs":["https:\/\/www.facebook.com\/ferrovial","https:\/\/x.com\/ferrovial","https:\/\/www.instagram.com\/ferrovial\/","https:\/\/www.linkedin.com\/company\/ferrovial","https:\/\/www.pinterest.es\/ferrovial\/","https:\/\/www.youtube.com\/ferrovial","https:\/\/en.wikipedia.org\/wiki\/Ferrovial"]}]}},"_links":{"self":[{"href":"https:\/\/www.ferrovial.com\/es\/wp-json\/wp\/v2\/pages\/277960","targetHints":{"allow":["GET"]}}],"collection":[{"href":"https:\/\/www.ferrovial.com\/es\/wp-json\/wp\/v2\/pages"}],"about":[{"href":"https:\/\/www.ferrovial.com\/es\/wp-json\/wp\/v2\/types\/page"}],"replies":[{"embeddable":true,"href":"https:\/\/www.ferrovial.com\/es\/wp-json\/wp\/v2\/comments?post=277960"}],"version-history":[{"count":2,"href":"https:\/\/www.ferrovial.com\/es\/wp-json\/wp\/v2\/pages\/277960\/revisions"}],"predecessor-version":[{"id":281636,"href":"https:\/\/www.ferrovial.com\/es\/wp-json\/wp\/v2\/pages\/277960\/revisions\/281636"}],"up":[{"embeddable":true,"href":"https:\/\/www.ferrovial.com\/es\/wp-json\/wp\/v2\/pages\/25267"}],"wp:attachment":[{"href":"https:\/\/www.ferrovial.com\/es\/wp-json\/wp\/v2\/media?parent=277960"}],"curies":[{"name":"wp","href":"https:\/\/api.w.org\/{rel}","templated":true}]}}